{"id":4941,"date":"2023-04-17T13:45:53","date_gmt":"2023-04-17T11:45:53","guid":{"rendered":"https:\/\/koningdrone.nl\/kon\/product\/dji-rs-bg21-grip\/"},"modified":"2026-04-29T15:10:46","modified_gmt":"2026-04-29T13:10:46","slug":"dji-rs-bg21-grip","status":"publish","type":"product","link":"https:\/\/koningdrone.be\/de\/produkt\/dji-rs-bg21-grip\/","title":{"rendered":"DJI RS BG21-Griff"},"content":{"rendered":"<p><strong>Verl\u00e4ngerte Betriebszeit<\/strong><\/p>\n<p> Der DJI RS BG21 Grip ist genial konstruiert, um Ihre Filmm\u00f6glichkeiten zu erweitern, indem er eine beeindruckende Nutzungsdauer von etwa 12 Stunden bietet. Diese bemerkenswerte Funktion erm\u00f6glicht es Filmemachern, ihre Visionen festzuhalten, ohne sich st\u00e4ndig Sorgen machen zu m\u00fcssen, dass der Akku leer wird, was fast einen ganzen Tag ununterbrochenes Filmen erm\u00f6glicht.<\/p>\n<p><strong>Schnellladetechnik<\/strong><\/p>\n<p> Der RS BG21 Grip ist sich der Notwendigkeit schneller Durchlaufzeiten in der schnelllebigen Welt der Filmproduktion bewusst und unterst\u00fctzt die 18-Watt-Schnellladefunktion, mit der der Akku in nur 2,5 Stunden von 0 auf voll aufgeladen werden kann, um Ausfallzeiten zu minimieren und die Einsatzbereitschaft zu gew\u00e4hrleisten.<\/p>\n<p><strong>Kontinuierliche F\u00fctterung<\/strong><\/p>\n<p> Ein au\u00dfergew\u00f6hnlicher Vorteil des RS BG21 Grip ist die M\u00f6glichkeit, ihn w\u00e4hrend des Gebrauchs aufzuladen. Diese Funktion stellt sicher, dass Ihr RS 3 Gimbal w\u00e4hrend des gesamten Drehs mit Strom versorgt wird und einsatzbereit bleibt, um Ihre kreativen Bem\u00fchungen ohne Unterbrechungen zu unterst\u00fctzen.<\/p>\n<p><strong>Schnelles Release-Design<\/strong><\/p>\n<p> Das Quick-Release-Design des DJI RS BG21 Grip verbessert das Benutzererlebnis erheblich, indem es einen einfachen und schnellen Wechsel der Griffe erm\u00f6glicht. Dies vereinfacht nicht nur den Auf- und Abbau, sondern tr\u00e4gt auch zu einem kompakteren Formfaktor f\u00fcr die Lagerung bei, was den Platz in Ihrer Ausr\u00fcstungstasche optimiert.<\/p>\n<p><strong>Unabh\u00e4ngige Ladefunktion<\/strong><\/p>\n<p> Zus\u00e4tzlich zu den integrierten Funktionen kann der Griff auch unabh\u00e4ngig vom Gimbal geladen werden. Dank dieser zus\u00e4tzlichen Vielseitigkeit k\u00f6nnen Benutzer ihren Ladevorgang effizient verwalten und sicherstellen, dass sowohl der Gimbal als auch der Griff ausreichend Energie erhalten und bei Bedarf einsatzbereit sind.<\/p>\n<p><\/p>","protected":false},"excerpt":{"rendered":"<ul>\n<li>Leistungsstarker Arbeitszyklus von bis zu 12 Stunden.<\/li>\n<li> Unterst\u00fctzt Schnellladung mit 18 W.<\/li>\n<li> Vollst\u00e4ndig aufgeladen in nur 2,5 Stunden.<\/li>\n<li> W\u00e4hrend des Ladens verwendbar.<\/li>\n<li> Schnellverschluss-Design f\u00fcr einfachen Austausch.<\/li>\n<li> Kompakte Gr\u00f6\u00dfe f\u00fcr einfache Lagerung.<\/li>\n<li> Kann separat vom Gimbal aufgeladen werden.<\/li>\n<\/ul>","protected":false},"featured_media":4938,"template":"","meta":{"_acf_changed":false},"product_brand":[],"product_cat":[268,410,97,265,721],"product_tag":[],"class_list":{"0":"post-4941","1":"product","2":"type-product","3":"status-publish","4":"has-post-thumbnail","6":"product_cat-alle-accessoires","7":"product_cat-alle-handheld-gimbals","8":"product_cat-alle-producten","9":"product_cat-dji-ronin","10":"product_cat-dji-rs3","11":"product_shipping_class-outofstock","12":"pa_brand-dji","13":"pa_productfamily-grip","14":"pa_producttype-grip","15":"pa_series-rs","17":"first","18":"outofstock","19":"taxable","20":"shipping-taxable","21":"purchasable","22":"product-type-simple"},"acf":[],"yoast_head":"<!-- This site is optimized with the Yoast SEO Premium plugin v27.2 (Yoast SEO v27.2) - https:\/\/yoast.com\/product\/yoast-seo-premium-wordpress\/ -->\n<title>DJI RS BG21 Grip - koningdrone.be<\/title>\n<meta name=\"robots\" content=\"index, follow, max-snippet:-1, max-image-preview:large, max-video-preview:-1\" \/>\n<link rel=\"canonical\" href=\"https:\/\/koningdrone.be\/de\/produkt\/dji-rs-bg21-grip\/\" \/>\n<meta property=\"og:locale\" content=\"de_DE\" \/>\n<meta property=\"og:type\" content=\"article\" \/>\n<meta property=\"og:title\" content=\"DJI RS BG21 Grip\" \/>\n<meta property=\"og:description\" content=\"Krachtige gebruiksduur tot 12 uur. Ondersteunt snel opladen van 18 W. Volledig opgeladen in slechts 2,5 uur. Bruikbaar tijdens het opladen. Ontwerp met snelle ontgrendeling voor eenvoudige vervanging. Compact formaat voor eenvoudiger opslag. Kan afzonderlijk van de gimbal worden opgeladen.\" \/>\n<meta property=\"og:url\" content=\"https:\/\/koningdrone.be\/de\/produkt\/dji-rs-bg21-grip\/\" \/>\n<meta property=\"og:site_name\" content=\"koningdrone.be\" \/>\n<meta property=\"article:modified_time\" content=\"2026-04-29T13:10:46+00:00\" \/>\n<meta property=\"og:image\" content=\"https:\/\/koningdrone.be\/wp-content\/uploads\/sites\/13\/2025\/04\/586b3c2606e3c2709cf0d2d06cd49859@large.jpg\" \/>\n\t<meta property=\"og:image:width\" content=\"1200\" \/>\n\t<meta property=\"og:image:height\" content=\"800\" \/>\n\t<meta property=\"og:image:type\" content=\"image\/jpeg\" \/>\n<meta name=\"twitter:card\" content=\"summary_large_image\" \/>\n<meta name=\"twitter:label1\" content=\"Gesch\u00e4tzte Lesezeit\" \/>\n\t<meta name=\"twitter:data1\" content=\"1\u00a0Minute\" \/>\n<script type=\"application\/ld+json\" class=\"yoast-schema-graph\">{\"@context\":\"https:\/\/schema.org\",\"@graph\":[{\"@type\":\"WebPage\",\"@id\":\"https:\/\/koningdrone.be\/product\/dji-rs-bg21-grip\/\",\"url\":\"https:\/\/koningdrone.be\/product\/dji-rs-bg21-grip\/\",\"name\":\"DJI RS BG21 Grip - koningdrone.be\",\"isPartOf\":{\"@id\":\"https:\/\/koningdrone.be\/#website\"},\"primaryImageOfPage\":{\"@id\":\"https:\/\/koningdrone.be\/product\/dji-rs-bg21-grip\/#primaryimage\"},\"image\":{\"@id\":\"https:\/\/koningdrone.be\/product\/dji-rs-bg21-grip\/#primaryimage\"},\"thumbnailUrl\":\"https:\/\/koningdrone.be\/wp-content\/uploads\/sites\/13\/2025\/04\/586b3c2606e3c2709cf0d2d06cd49859@large.jpg\",\"datePublished\":\"2023-04-17T11:45:53+00:00\",\"dateModified\":\"2026-04-29T13:10:46+00:00\",\"breadcrumb\":{\"@id\":\"https:\/\/koningdrone.be\/product\/dji-rs-bg21-grip\/#breadcrumb\"},\"inLanguage\":\"de\",\"potentialAction\":[{\"@type\":\"ReadAction\",\"target\":[\"https:\/\/koningdrone.be\/product\/dji-rs-bg21-grip\/\"]}]},{\"@type\":\"ImageObject\",\"inLanguage\":\"de\",\"@id\":\"https:\/\/koningdrone.be\/product\/dji-rs-bg21-grip\/#primaryimage\",\"url\":\"https:\/\/koningdrone.be\/wp-content\/uploads\/sites\/13\/2025\/04\/586b3c2606e3c2709cf0d2d06cd49859@large.jpg\",\"contentUrl\":\"https:\/\/koningdrone.be\/wp-content\/uploads\/sites\/13\/2025\/04\/586b3c2606e3c2709cf0d2d06cd49859@large.jpg\",\"width\":1200,\"height\":800},{\"@type\":\"BreadcrumbList\",\"@id\":\"https:\/\/koningdrone.be\/product\/dji-rs-bg21-grip\/#breadcrumb\",\"itemListElement\":[{\"@type\":\"ListItem\",\"position\":1,\"name\":\"Home\",\"item\":\"https:\/\/koningdrone.be\/\"},{\"@type\":\"ListItem\",\"position\":2,\"name\":\"AVSS Parachute Recovery System for DJI Matrice 300\/350\",\"item\":\"https:\/\/koningdrone.be\/product\/avss-parachute-recovery-system-for-dji-matrice-300-350\/\"},{\"@type\":\"ListItem\",\"position\":3,\"name\":\"Alle accessoires\",\"item\":\"https:\/\/koningdrone.be\/categorie\/alle-accessoires\/\"},{\"@type\":\"ListItem\",\"position\":4,\"name\":\"DJI RS BG21 Grip\"}]},{\"@type\":\"WebSite\",\"@id\":\"https:\/\/koningdrone.be\/#website\",\"url\":\"https:\/\/koningdrone.be\/\",\"name\":\"Koningdrone.be - Uw online specialist in drones, gimbals, camera's en power stations.\",\"description\":\"De webshop in drones en gimbals\",\"publisher\":{\"@id\":\"https:\/\/koningdrone.be\/#organization\"},\"potentialAction\":[{\"@type\":\"SearchAction\",\"target\":{\"@type\":\"EntryPoint\",\"urlTemplate\":\"https:\/\/koningdrone.be\/?s={search_term_string}\"},\"query-input\":{\"@type\":\"PropertyValueSpecification\",\"valueRequired\":true,\"valueName\":\"search_term_string\"}}],\"inLanguage\":\"de\"},{\"@type\":\"Organization\",\"@id\":\"https:\/\/koningdrone.be\/#organization\",\"name\":\"Koningdrone.be\",\"url\":\"https:\/\/koningdrone.be\/\",\"logo\":{\"@type\":\"ImageObject\",\"inLanguage\":\"de\",\"@id\":\"https:\/\/koningdrone.be\/#\/schema\/logo\/image\/\",\"url\":\"https:\/\/koningdrone.be\/wp-content\/uploads\/sites\/13\/2025\/04\/koningdrone-copyright-logo.svg\",\"contentUrl\":\"https:\/\/koningdrone.be\/wp-content\/uploads\/sites\/13\/2025\/04\/koningdrone-copyright-logo.svg\",\"width\":227,\"height\":38,\"caption\":\"Koningdrone.be\"},\"image\":{\"@id\":\"https:\/\/koningdrone.be\/#\/schema\/logo\/image\/\"}}]}<\/script>\n<!-- \/ Yoast SEO Premium plugin. -->","yoast_head_json":{"title":"DJI RS BG21 Grip - koningdrone.be","robots":{"index":"index","follow":"follow","max-snippet":"max-snippet:-1","max-image-preview":"max-image-preview:large","max-video-preview":"max-video-preview:-1"},"canonical":"https:\/\/koningdrone.be\/de\/produkt\/dji-rs-bg21-grip\/","og_locale":"de_DE","og_type":"article","og_title":"DJI RS BG21 Grip","og_description":"Krachtige gebruiksduur tot 12 uur. Ondersteunt snel opladen van 18 W. Volledig opgeladen in slechts 2,5 uur. Bruikbaar tijdens het opladen. Ontwerp met snelle ontgrendeling voor eenvoudige vervanging. Compact formaat voor eenvoudiger opslag. Kan afzonderlijk van de gimbal worden opgeladen.","og_url":"https:\/\/koningdrone.be\/de\/produkt\/dji-rs-bg21-grip\/","og_site_name":"koningdrone.be","article_modified_time":"2026-04-29T13:10:46+00:00","og_image":[{"width":1200,"height":800,"url":"https:\/\/koningdrone.be\/wp-content\/uploads\/sites\/13\/2025\/04\/586b3c2606e3c2709cf0d2d06cd49859@large.jpg","type":"image\/jpeg"}],"twitter_card":"summary_large_image","twitter_misc":{"Gesch\u00e4tzte Lesezeit":"1\u00a0Minute"},"schema":{"@context":"https:\/\/schema.org","@graph":[{"@type":"WebPage","@id":"https:\/\/koningdrone.be\/product\/dji-rs-bg21-grip\/","url":"https:\/\/koningdrone.be\/product\/dji-rs-bg21-grip\/","name":"DJI RS BG21 Grip - koningdrone.be","isPartOf":{"@id":"https:\/\/koningdrone.be\/#website"},"primaryImageOfPage":{"@id":"https:\/\/koningdrone.be\/product\/dji-rs-bg21-grip\/#primaryimage"},"image":{"@id":"https:\/\/koningdrone.be\/product\/dji-rs-bg21-grip\/#primaryimage"},"thumbnailUrl":"https:\/\/koningdrone.be\/wp-content\/uploads\/sites\/13\/2025\/04\/586b3c2606e3c2709cf0d2d06cd49859@large.jpg","datePublished":"2023-04-17T11:45:53+00:00","dateModified":"2026-04-29T13:10:46+00:00","breadcrumb":{"@id":"https:\/\/koningdrone.be\/product\/dji-rs-bg21-grip\/#breadcrumb"},"inLanguage":"de","potentialAction":[{"@type":"ReadAction","target":["https:\/\/koningdrone.be\/product\/dji-rs-bg21-grip\/"]}]},{"@type":"ImageObject","inLanguage":"de","@id":"https:\/\/koningdrone.be\/product\/dji-rs-bg21-grip\/#primaryimage","url":"https:\/\/koningdrone.be\/wp-content\/uploads\/sites\/13\/2025\/04\/586b3c2606e3c2709cf0d2d06cd49859@large.jpg","contentUrl":"https:\/\/koningdrone.be\/wp-content\/uploads\/sites\/13\/2025\/04\/586b3c2606e3c2709cf0d2d06cd49859@large.jpg","width":1200,"height":800},{"@type":"BreadcrumbList","@id":"https:\/\/koningdrone.be\/product\/dji-rs-bg21-grip\/#breadcrumb","itemListElement":[{"@type":"ListItem","position":1,"name":"Home","item":"https:\/\/koningdrone.be\/"},{"@type":"ListItem","position":2,"name":"AVSS Parachute Recovery System for DJI Matrice 300\/350","item":"https:\/\/koningdrone.be\/product\/avss-parachute-recovery-system-for-dji-matrice-300-350\/"},{"@type":"ListItem","position":3,"name":"Alle accessoires","item":"https:\/\/koningdrone.be\/categorie\/alle-accessoires\/"},{"@type":"ListItem","position":4,"name":"DJI RS BG21 Grip"}]},{"@type":"WebSite","@id":"https:\/\/koningdrone.be\/#website","url":"https:\/\/koningdrone.be\/","name":"Koningdrone.be - Ihr Online-Spezialist f\u00fcr Drohnen, Gimbals, Kameras und Kraftwerke.","description":"Der Webshop f\u00fcr Drohnen und Gimbals","publisher":{"@id":"https:\/\/koningdrone.be\/#organization"},"potentialAction":[{"@type":"SearchAction","target":{"@type":"EntryPoint","urlTemplate":"https:\/\/koningdrone.be\/?s={search_term_string}"},"query-input":{"@type":"PropertyValueSpecification","valueRequired":true,"valueName":"search_term_string"}}],"inLanguage":"de"},{"@type":"Organization","@id":"https:\/\/koningdrone.be\/#organization","name":"Kingdrone.de","url":"https:\/\/koningdrone.be\/","logo":{"@type":"ImageObject","inLanguage":"de","@id":"https:\/\/koningdrone.be\/#\/schema\/logo\/image\/","url":"https:\/\/koningdrone.be\/wp-content\/uploads\/sites\/13\/2025\/04\/koningdrone-copyright-logo.svg","contentUrl":"https:\/\/koningdrone.be\/wp-content\/uploads\/sites\/13\/2025\/04\/koningdrone-copyright-logo.svg","width":227,"height":38,"caption":"Koningdrone.be"},"image":{"@id":"https:\/\/koningdrone.be\/#\/schema\/logo\/image\/"}}]}},"df_price":89,"df_sale_price":"","df_regular_price":89,"df_image_link":"https:\/\/koningdrone.be\/wp-content\/uploads\/sites\/13\/2025\/04\/586b3c2606e3c2709cf0d2d06cd49859@large-300x200.jpg","_links":{"self":[{"href":"https:\/\/koningdrone.be\/de\/wp-json\/wp\/v2\/product\/4941","targetHints":{"allow":["GET"]}}],"collection":[{"href":"https:\/\/koningdrone.be\/de\/wp-json\/wp\/v2\/product"}],"about":[{"href":"https:\/\/koningdrone.be\/de\/wp-json\/wp\/v2\/types\/product"}],"wp:featuredmedia":[{"embeddable":true,"href":"https:\/\/koningdrone.be\/de\/wp-json\/wp\/v2\/media\/4938"}],"wp:attachment":[{"href":"https:\/\/koningdrone.be\/de\/wp-json\/wp\/v2\/media?parent=4941"}],"wp:term":[{"taxonomy":"product_brand","embeddable":true,"href":"https:\/\/koningdrone.be\/de\/wp-json\/wp\/v2\/product_brand?post=4941"},{"taxonomy":"product_cat","embeddable":true,"href":"https:\/\/koningdrone.be\/de\/wp-json\/wp\/v2\/product_cat?post=4941"},{"taxonomy":"product_tag","embeddable":true,"href":"https:\/\/koningdrone.be\/de\/wp-json\/wp\/v2\/product_tag?post=4941"}],"curies":[{"name":"wp","href":"https:\/\/api.w.org\/{rel}","templated":true}]}}