{"id":4902,"date":"2023-04-17T13:46:35","date_gmt":"2023-04-17T11:46:35","guid":{"rendered":"https:\/\/koningdrone.nl\/kon\/product\/ecoflow-blade\/"},"modified":"2026-04-29T13:40:43","modified_gmt":"2026-04-29T11:40:43","slug":"ecoflow-blade","status":"publish","type":"product","link":"https:\/\/koningdrone.be\/de\/produkt\/ecoflow-blade\/","title":{"rendered":"EcoFlow-Klinge"},"content":{"rendered":"<p>Mit dem EcoFlow Blade wird das M\u00e4hen von Gras einfach und innovativ. Dieser intelligente M\u00e4hroboter schneidet das Gras schonend und r\u00e4umt hinterher auch noch selbst auf.<\/p>\n<p><strong>GPS- und LiDAR-Systeme<\/strong><\/p>\n<p>Mit eingebauten GPS- und LiDAR-Systemen bietet das EcoFlow Blade die folgenden Funktionen:<\/p>\n<p><\/p>\n<ul><\/p>\n<li>Grenzen \u00fcber die App setzen<\/li>\n<p><\/p>\n<li>Routenplanung<\/li>\n<p><\/p>\n<li>Funktion zur Vermeidung von Hindernissen<\/li>\n<p><\/p>\n<li>Automatische Abfallsammlung<\/li>\n<p><\/ul>\n<p><strong>Wasserbest\u00e4ndigkeit<\/strong><\/p>\n<p>Die Wasserdichtigkeitsklasse IPX5 erleichtert den Betrieb und die Wartung des EcoFlow Blade. Der Regensensor stoppt den Betrieb des Rasenm\u00e4hers automatisch, wenn es zu regnen beginnt. Das integrierte 4G und die eSIM helfen dem Besitzer, das Ger\u00e4t genau zu orten.<\/p>\n<p><strong>X-Vision Technologie<\/strong><\/p>\n<p>Die X-Vision-Technologie kombiniert LiDAR, RTK und einen visuellen Sensor mit k\u00fcnstlicher Intelligenz, um Hindernisse vor dem Ger\u00e4t zu erkennen.<\/p>\n<p><strong>Speziell entwickelte R\u00e4der<\/strong><\/p>\n<p>Die speziell entwickelten R\u00e4der des EcoFlow Blade sorgen f\u00fcr mehr Mobilit\u00e4t. Diese R\u00e4der k\u00f6nnen Hindernisse bis zu 40 mm H\u00f6he und Steigungen bis zu 50% problemlos \u00fcberwinden. Die R\u00e4der verringern auch den Drehwiderstand um 40% und reduzieren die \"toten Winkel\" beim M\u00e4hen.<\/p>\n<p><strong>Mobile App<\/strong><\/p>\n<p>Laden Sie die mobile App auf Ihr Smartphone herunter, um die volle Kontrolle \u00fcber den Betrieb des EcoFlow Blade-Rasenm\u00e4hroboters zu haben. Mit der App k\u00f6nnen Sie die M\u00e4hroute und -zeit mit einer Genauigkeit von 2 cm ohne tote Winkel planen. Das RTK-System gew\u00e4hrleistet eine hohe Genauigkeit. Dar\u00fcber hinaus k\u00f6nnen Sie das Ger\u00e4t manuell \u00fcber die App steuern.<\/p>\n<p><\/p>","protected":false},"excerpt":{"rendered":"<ul>\n<li>EcoFlow Blade M\u00e4hroboter mit LiDAR und GPS f\u00fcr pr\u00e4zise Positionierung und exakte Rasenpflege<\/li>\n<li>Maximale Neigung -50%<\/li>\n<li>Maximale Schnittfl\u00e4che - bis zu 3000 m2<\/li>\n<li>Schnitth\u00f6he -von 20 bis 76 mm<\/li>\n<li>Schnittbreite -260 mm<\/li>\n<li>Verbindung -4G, ESIM<\/li>\n<li>Bereich -virtuell<\/li>\n<li>Routenplanung - Automatisch<\/li>\n<li>Automatische Reinigung -Eat<\/li>\n<li>Aufladen \u00fcber Solarzellen und tragbare Stationen - Eat<\/li>\n<\/ul>","protected":false},"featured_media":4900,"template":"","meta":{"_acf_changed":false},"product_brand":[],"product_cat":[97,245,415],"product_tag":[],"class_list":{"0":"post-4902","1":"product","2":"type-product","3":"status-publish","4":"has-post-thumbnail","6":"product_cat-alle-producten","7":"product_cat-ecoflow","8":"product_cat-energy","9":"product_shipping_class-outofstock","10":"pa_brand-ecoflow","11":"pa_productfamily-grasmaaier","12":"pa_producttype-grasmaaier","13":"pa_series-blade","15":"first","16":"outofstock","17":"taxable","18":"shipping-taxable","19":"product-type-simple"},"acf":[],"yoast_head":"<!-- This site is optimized with the Yoast SEO Premium plugin v27.2 (Yoast SEO v27.2) - https:\/\/yoast.com\/product\/yoast-seo-premium-wordpress\/ -->\n<title>EcoFlow Blade - koningdrone.be<\/title>\n<meta name=\"robots\" content=\"index, follow, max-snippet:-1, max-image-preview:large, max-video-preview:-1\" \/>\n<link rel=\"canonical\" href=\"https:\/\/koningdrone.be\/de\/produkt\/ecoflow-blade\/\" \/>\n<meta property=\"og:locale\" content=\"de_DE\" \/>\n<meta property=\"og:type\" content=\"article\" \/>\n<meta property=\"og:title\" content=\"EcoFlow Blade\" \/>\n<meta property=\"og:description\" content=\"EcoFlow Blade robotmaaier met LiDAR en GPS voor nauwkeurige positionering en nauwkeurige gazonbehandelingMax. helling -50%Max. maaioppervlak - tot 3000 m2Maaihoogte -Van 20 tot 76 mmMaaibreedte -260 mmVerbinding -4G, ESIMBereik -virtueelRouteplanning - AutomatischAutomatische reiniging -EetOpladen via zonnepanelen en draagbare stations - Eat\" \/>\n<meta property=\"og:url\" content=\"https:\/\/koningdrone.be\/de\/produkt\/ecoflow-blade\/\" \/>\n<meta property=\"og:site_name\" content=\"koningdrone.be\" \/>\n<meta property=\"article:modified_time\" content=\"2026-04-29T11:40:43+00:00\" \/>\n<meta property=\"og:image\" content=\"https:\/\/koningdrone.be\/wp-content\/uploads\/sites\/13\/2025\/04\/4895251604451-1.jpg\" \/>\n\t<meta property=\"og:image:width\" content=\"540\" \/>\n\t<meta property=\"og:image:height\" content=\"540\" \/>\n\t<meta property=\"og:image:type\" content=\"image\/jpeg\" \/>\n<meta name=\"twitter:card\" content=\"summary_large_image\" \/>\n<meta name=\"twitter:label1\" content=\"Gesch\u00e4tzte Lesezeit\" \/>\n\t<meta name=\"twitter:data1\" content=\"1\u00a0Minute\" \/>\n<script type=\"application\/ld+json\" class=\"yoast-schema-graph\">{\"@context\":\"https:\/\/schema.org\",\"@graph\":[{\"@type\":\"WebPage\",\"@id\":\"https:\/\/koningdrone.be\/product\/ecoflow-blade\/\",\"url\":\"https:\/\/koningdrone.be\/product\/ecoflow-blade\/\",\"name\":\"EcoFlow Blade - koningdrone.be\",\"isPartOf\":{\"@id\":\"https:\/\/koningdrone.be\/#website\"},\"primaryImageOfPage\":{\"@id\":\"https:\/\/koningdrone.be\/product\/ecoflow-blade\/#primaryimage\"},\"image\":{\"@id\":\"https:\/\/koningdrone.be\/product\/ecoflow-blade\/#primaryimage\"},\"thumbnailUrl\":\"https:\/\/koningdrone.be\/wp-content\/uploads\/sites\/13\/2025\/04\/4895251604451-1.jpg\",\"datePublished\":\"2023-04-17T11:46:35+00:00\",\"dateModified\":\"2026-04-29T11:40:43+00:00\",\"breadcrumb\":{\"@id\":\"https:\/\/koningdrone.be\/product\/ecoflow-blade\/#breadcrumb\"},\"inLanguage\":\"de\",\"potentialAction\":[{\"@type\":\"ReadAction\",\"target\":[\"https:\/\/koningdrone.be\/product\/ecoflow-blade\/\"]}]},{\"@type\":\"ImageObject\",\"inLanguage\":\"de\",\"@id\":\"https:\/\/koningdrone.be\/product\/ecoflow-blade\/#primaryimage\",\"url\":\"https:\/\/koningdrone.be\/wp-content\/uploads\/sites\/13\/2025\/04\/4895251604451-1.jpg\",\"contentUrl\":\"https:\/\/koningdrone.be\/wp-content\/uploads\/sites\/13\/2025\/04\/4895251604451-1.jpg\",\"width\":540,\"height\":540},{\"@type\":\"BreadcrumbList\",\"@id\":\"https:\/\/koningdrone.be\/product\/ecoflow-blade\/#breadcrumb\",\"itemListElement\":[{\"@type\":\"ListItem\",\"position\":1,\"name\":\"Home\",\"item\":\"https:\/\/koningdrone.be\/\"},{\"@type\":\"ListItem\",\"position\":2,\"name\":\"AVSS Parachute Recovery System for DJI Matrice 300\/350\",\"item\":\"https:\/\/koningdrone.be\/product\/avss-parachute-recovery-system-for-dji-matrice-300-350\/\"},{\"@type\":\"ListItem\",\"position\":3,\"name\":\"Alle producten\",\"item\":\"https:\/\/koningdrone.be\/categorie\/alle-producten\/\"},{\"@type\":\"ListItem\",\"position\":4,\"name\":\"EcoFlow Blade\"}]},{\"@type\":\"WebSite\",\"@id\":\"https:\/\/koningdrone.be\/#website\",\"url\":\"https:\/\/koningdrone.be\/\",\"name\":\"Koningdrone.be - Uw online specialist in drones, gimbals, camera's en power stations.\",\"description\":\"De webshop in drones en gimbals\",\"publisher\":{\"@id\":\"https:\/\/koningdrone.be\/#organization\"},\"potentialAction\":[{\"@type\":\"SearchAction\",\"target\":{\"@type\":\"EntryPoint\",\"urlTemplate\":\"https:\/\/koningdrone.be\/?s={search_term_string}\"},\"query-input\":{\"@type\":\"PropertyValueSpecification\",\"valueRequired\":true,\"valueName\":\"search_term_string\"}}],\"inLanguage\":\"de\"},{\"@type\":\"Organization\",\"@id\":\"https:\/\/koningdrone.be\/#organization\",\"name\":\"Koningdrone.be\",\"url\":\"https:\/\/koningdrone.be\/\",\"logo\":{\"@type\":\"ImageObject\",\"inLanguage\":\"de\",\"@id\":\"https:\/\/koningdrone.be\/#\/schema\/logo\/image\/\",\"url\":\"https:\/\/koningdrone.be\/wp-content\/uploads\/sites\/13\/2025\/04\/koningdrone-copyright-logo.svg\",\"contentUrl\":\"https:\/\/koningdrone.be\/wp-content\/uploads\/sites\/13\/2025\/04\/koningdrone-copyright-logo.svg\",\"width\":227,\"height\":38,\"caption\":\"Koningdrone.be\"},\"image\":{\"@id\":\"https:\/\/koningdrone.be\/#\/schema\/logo\/image\/\"}}]}<\/script>\n<!-- \/ Yoast SEO Premium plugin. -->","yoast_head_json":{"title":"EcoFlow Blade - koningdrone.be","robots":{"index":"index","follow":"follow","max-snippet":"max-snippet:-1","max-image-preview":"max-image-preview:large","max-video-preview":"max-video-preview:-1"},"canonical":"https:\/\/koningdrone.be\/de\/produkt\/ecoflow-blade\/","og_locale":"de_DE","og_type":"article","og_title":"EcoFlow Blade","og_description":"EcoFlow Blade robotmaaier met LiDAR en GPS voor nauwkeurige positionering en nauwkeurige gazonbehandelingMax. helling -50%Max. maaioppervlak - tot 3000 m2Maaihoogte -Van 20 tot 76 mmMaaibreedte -260 mmVerbinding -4G, ESIMBereik -virtueelRouteplanning - AutomatischAutomatische reiniging -EetOpladen via zonnepanelen en draagbare stations - Eat","og_url":"https:\/\/koningdrone.be\/de\/produkt\/ecoflow-blade\/","og_site_name":"koningdrone.be","article_modified_time":"2026-04-29T11:40:43+00:00","og_image":[{"width":540,"height":540,"url":"https:\/\/koningdrone.be\/wp-content\/uploads\/sites\/13\/2025\/04\/4895251604451-1.jpg","type":"image\/jpeg"}],"twitter_card":"summary_large_image","twitter_misc":{"Gesch\u00e4tzte Lesezeit":"1\u00a0Minute"},"schema":{"@context":"https:\/\/schema.org","@graph":[{"@type":"WebPage","@id":"https:\/\/koningdrone.be\/product\/ecoflow-blade\/","url":"https:\/\/koningdrone.be\/product\/ecoflow-blade\/","name":"EcoFlow Blade - koningdrone.be","isPartOf":{"@id":"https:\/\/koningdrone.be\/#website"},"primaryImageOfPage":{"@id":"https:\/\/koningdrone.be\/product\/ecoflow-blade\/#primaryimage"},"image":{"@id":"https:\/\/koningdrone.be\/product\/ecoflow-blade\/#primaryimage"},"thumbnailUrl":"https:\/\/koningdrone.be\/wp-content\/uploads\/sites\/13\/2025\/04\/4895251604451-1.jpg","datePublished":"2023-04-17T11:46:35+00:00","dateModified":"2026-04-29T11:40:43+00:00","breadcrumb":{"@id":"https:\/\/koningdrone.be\/product\/ecoflow-blade\/#breadcrumb"},"inLanguage":"de","potentialAction":[{"@type":"ReadAction","target":["https:\/\/koningdrone.be\/product\/ecoflow-blade\/"]}]},{"@type":"ImageObject","inLanguage":"de","@id":"https:\/\/koningdrone.be\/product\/ecoflow-blade\/#primaryimage","url":"https:\/\/koningdrone.be\/wp-content\/uploads\/sites\/13\/2025\/04\/4895251604451-1.jpg","contentUrl":"https:\/\/koningdrone.be\/wp-content\/uploads\/sites\/13\/2025\/04\/4895251604451-1.jpg","width":540,"height":540},{"@type":"BreadcrumbList","@id":"https:\/\/koningdrone.be\/product\/ecoflow-blade\/#breadcrumb","itemListElement":[{"@type":"ListItem","position":1,"name":"Home","item":"https:\/\/koningdrone.be\/"},{"@type":"ListItem","position":2,"name":"AVSS Parachute Recovery System for DJI Matrice 300\/350","item":"https:\/\/koningdrone.be\/product\/avss-parachute-recovery-system-for-dji-matrice-300-350\/"},{"@type":"ListItem","position":3,"name":"Alle producten","item":"https:\/\/koningdrone.be\/categorie\/alle-producten\/"},{"@type":"ListItem","position":4,"name":"EcoFlow Blade"}]},{"@type":"WebSite","@id":"https:\/\/koningdrone.be\/#website","url":"https:\/\/koningdrone.be\/","name":"Koningdrone.be - Ihr Online-Spezialist f\u00fcr Drohnen, Gimbals, Kameras und Kraftwerke.","description":"Der Webshop f\u00fcr Drohnen und Gimbals","publisher":{"@id":"https:\/\/koningdrone.be\/#organization"},"potentialAction":[{"@type":"SearchAction","target":{"@type":"EntryPoint","urlTemplate":"https:\/\/koningdrone.be\/?s={search_term_string}"},"query-input":{"@type":"PropertyValueSpecification","valueRequired":true,"valueName":"search_term_string"}}],"inLanguage":"de"},{"@type":"Organization","@id":"https:\/\/koningdrone.be\/#organization","name":"Kingdrone.de","url":"https:\/\/koningdrone.be\/","logo":{"@type":"ImageObject","inLanguage":"de","@id":"https:\/\/koningdrone.be\/#\/schema\/logo\/image\/","url":"https:\/\/koningdrone.be\/wp-content\/uploads\/sites\/13\/2025\/04\/koningdrone-copyright-logo.svg","contentUrl":"https:\/\/koningdrone.be\/wp-content\/uploads\/sites\/13\/2025\/04\/koningdrone-copyright-logo.svg","width":227,"height":38,"caption":"Koningdrone.be"},"image":{"@id":"https:\/\/koningdrone.be\/#\/schema\/logo\/image\/"}}]}},"df_price":"","df_sale_price":"","df_regular_price":"","df_image_link":"https:\/\/koningdrone.be\/wp-content\/uploads\/sites\/13\/2025\/04\/4895251604451-1-300x300.jpg","_links":{"self":[{"href":"https:\/\/koningdrone.be\/de\/wp-json\/wp\/v2\/product\/4902","targetHints":{"allow":["GET"]}}],"collection":[{"href":"https:\/\/koningdrone.be\/de\/wp-json\/wp\/v2\/product"}],"about":[{"href":"https:\/\/koningdrone.be\/de\/wp-json\/wp\/v2\/types\/product"}],"wp:featuredmedia":[{"embeddable":true,"href":"https:\/\/koningdrone.be\/de\/wp-json\/wp\/v2\/media\/4900"}],"wp:attachment":[{"href":"https:\/\/koningdrone.be\/de\/wp-json\/wp\/v2\/media?parent=4902"}],"wp:term":[{"taxonomy":"product_brand","embeddable":true,"href":"https:\/\/koningdrone.be\/de\/wp-json\/wp\/v2\/product_brand?post=4902"},{"taxonomy":"product_cat","embeddable":true,"href":"https:\/\/koningdrone.be\/de\/wp-json\/wp\/v2\/product_cat?post=4902"},{"taxonomy":"product_tag","embeddable":true,"href":"https:\/\/koningdrone.be\/de\/wp-json\/wp\/v2\/product_tag?post=4902"}],"curies":[{"name":"wp","href":"https:\/\/api.w.org\/{rel}","templated":true}]}}