{"id":4894,"date":"2023-04-17T13:46:35","date_gmt":"2023-04-17T11:46:35","guid":{"rendered":"https:\/\/koningdrone.nl\/kon\/product\/ecoflow-relay-module-16a\/"},"modified":"2026-04-29T16:30:49","modified_gmt":"2026-04-29T14:30:49","slug":"ecoflow-relay-module-16a","status":"publish","type":"product","link":"https:\/\/koningdrone.be\/de\/produkt\/ecoflow-relay-module-16a\/","title":{"rendered":"EcoFlow-Relais-Modul (16A)"},"content":{"rendered":"<p><strong>Das EcoFlow-Relais-Modul (16A)<\/strong><\/p>\n<p>Das EcoFlow-Relaismodul (16A) bietet Vielfalt und eine einfache Installation f\u00fcr die Sicherung von Stromkreisen im Haus. An das Smart Home Panel k\u00f6nnen bis zu 10 Stromkreise mit unterschiedlichen Nennstr\u00f6men angeschlossen werden, was f\u00fcr unterschiedliche Lasten praktisch ist. Die Installation und der Austausch von Relaismodulen kann nach R\u00fccksprache mit einem Elektriker und der Bestimmung der Backup-Last einfach durchgef\u00fchrt werden.<\/p>\n<p><strong>Einbau und Austausch<\/strong><\/p>\n<p>Jedes Modul hat zwei Module und eine \u00dcberstromsicherung f\u00fcr jeden Stromkreis, so dass ein Modul ausgetauscht werden kann, ohne dass andere Stromkreise betroffen sind. Die EcoFlow-App und die LED am Ger\u00e4t informieren Sie \u00fcber eventuelle Fehler beim Austausch des Relaismoduls.<\/p>\n<p><strong>Selektive Steuerentscheidungen<\/strong><\/p>\n<p>Bei der Auswahl der selektiven Lasten f\u00fcr das Smart Home-Panel ist es wichtig, Bereiche zu ber\u00fccksichtigen, die den Komfort bei einem Stromausfall erheblich beeintr\u00e4chtigen w\u00fcrden, z. B. K\u00fchlschrank und Beleuchtung. Sie k\u00f6nnen bis zu 10 selektive Lasten f\u00fcr Ihre Schalttafel ausw\u00e4hlen, basierend auf ihrer Effizienz bei der Belastung.<\/p>\n<p><strong>Sammeln von Steuerinformationen<\/strong><\/p>\n<p>Es ist auch wichtig, Informationen \u00fcber die Last zu sammeln, z. B. die Anzahl und Stromst\u00e4rke der Lastkreise, die Sie anschlie\u00dfen m\u00f6chten. Ziehen Sie dazu gegebenenfalls Ihren Elektriker zu Rate.<\/p>\n<p><strong>Erforderliche Relaismodule bestimmen<\/strong><\/p>\n<p>Bestimmen Sie schlie\u00dflich die ben\u00f6tigten Relaismodule, indem Sie Module w\u00e4hlen, die dem Nennstrom des dem Lastkreis vorgeschalteten Leistungsschalters entsprechen. In der EU werden f\u00fcr verschiedene Regionen Relaismodule mit 13 A und 16 A empfohlen.<\/p>\n<p><\/p>","protected":false},"excerpt":{"rendered":"<p>De EcoFlow Relay Module (16A) De EcoFlow Relay Module (16A) biedt diversiteit en eenvoudige installatie voor thuisback-up van huiscircuits. Het Smart Home Panel kan tot 10 huiscircuits verbinden met verschillende nominale stromen, wat handig is voor verschillende belastingen. De installatie en vervanging van relaismodules kunnen eenvoudig worden uitgevoerd na overleg met een elektricien en het [&hellip;]<\/p>\n","protected":false},"featured_media":4890,"template":"","meta":{"_acf_changed":false},"product_brand":[],"product_cat":[97,245,415],"product_tag":[],"class_list":{"0":"post-4894","1":"product","2":"type-product","3":"status-publish","4":"has-post-thumbnail","6":"product_cat-alle-producten","7":"product_cat-ecoflow","8":"product_cat-energy","9":"product_shipping_class-outofstock","10":"pa_brand-ecoflow","11":"pa_productfamily-relay","12":"pa_producttype-relay","14":"first","15":"outofstock","16":"taxable","17":"shipping-taxable","18":"purchasable","19":"product-type-simple"},"acf":[],"yoast_head":"<!-- This site is optimized with the Yoast SEO Premium plugin v27.2 (Yoast SEO v27.2) - https:\/\/yoast.com\/product\/yoast-seo-premium-wordpress\/ -->\n<title>EcoFlow Relay Module (16A) - koningdrone.be<\/title>\n<meta name=\"robots\" content=\"index, follow, max-snippet:-1, max-image-preview:large, max-video-preview:-1\" \/>\n<link rel=\"canonical\" href=\"https:\/\/koningdrone.be\/de\/produkt\/ecoflow-relay-module-16a\/\" \/>\n<meta property=\"og:locale\" content=\"de_DE\" \/>\n<meta property=\"og:type\" content=\"article\" \/>\n<meta property=\"og:title\" content=\"EcoFlow Relay Module (16A)\" \/>\n<meta property=\"og:description\" content=\"De EcoFlow Relay Module (16A) De EcoFlow Relay Module (16A) biedt diversiteit en eenvoudige installatie voor thuisback-up van huiscircuits. Het Smart Home Panel kan tot 10 huiscircuits verbinden met verschillende nominale stromen, wat handig is voor verschillende belastingen. De installatie en vervanging van relaismodules kunnen eenvoudig worden uitgevoerd na overleg met een elektricien en het [&hellip;]\" \/>\n<meta property=\"og:url\" content=\"https:\/\/koningdrone.be\/de\/produkt\/ecoflow-relay-module-16a\/\" \/>\n<meta property=\"og:site_name\" content=\"koningdrone.be\" \/>\n<meta property=\"article:modified_time\" content=\"2026-04-29T14:30:49+00:00\" \/>\n<meta property=\"og:image\" content=\"https:\/\/koningdrone.be\/wp-content\/uploads\/sites\/13\/2025\/04\/4897082667636-1.jpg\" \/>\n\t<meta property=\"og:image:width\" content=\"1200\" \/>\n\t<meta property=\"og:image:height\" content=\"800\" \/>\n\t<meta property=\"og:image:type\" content=\"image\/jpeg\" \/>\n<meta name=\"twitter:card\" content=\"summary_large_image\" \/>\n<meta name=\"twitter:label1\" content=\"Gesch\u00e4tzte Lesezeit\" \/>\n\t<meta name=\"twitter:data1\" content=\"1\u00a0Minute\" \/>\n<script type=\"application\/ld+json\" class=\"yoast-schema-graph\">{\"@context\":\"https:\/\/schema.org\",\"@graph\":[{\"@type\":\"WebPage\",\"@id\":\"https:\/\/koningdrone.be\/product\/ecoflow-relay-module-16a\/\",\"url\":\"https:\/\/koningdrone.be\/product\/ecoflow-relay-module-16a\/\",\"name\":\"EcoFlow Relay Module (16A) - koningdrone.be\",\"isPartOf\":{\"@id\":\"https:\/\/koningdrone.be\/#website\"},\"primaryImageOfPage\":{\"@id\":\"https:\/\/koningdrone.be\/product\/ecoflow-relay-module-16a\/#primaryimage\"},\"image\":{\"@id\":\"https:\/\/koningdrone.be\/product\/ecoflow-relay-module-16a\/#primaryimage\"},\"thumbnailUrl\":\"https:\/\/koningdrone.be\/wp-content\/uploads\/sites\/13\/2025\/04\/4897082667636-1.jpg\",\"datePublished\":\"2023-04-17T11:46:35+00:00\",\"dateModified\":\"2026-04-29T14:30:49+00:00\",\"breadcrumb\":{\"@id\":\"https:\/\/koningdrone.be\/product\/ecoflow-relay-module-16a\/#breadcrumb\"},\"inLanguage\":\"de\",\"potentialAction\":[{\"@type\":\"ReadAction\",\"target\":[\"https:\/\/koningdrone.be\/product\/ecoflow-relay-module-16a\/\"]}]},{\"@type\":\"ImageObject\",\"inLanguage\":\"de\",\"@id\":\"https:\/\/koningdrone.be\/product\/ecoflow-relay-module-16a\/#primaryimage\",\"url\":\"https:\/\/koningdrone.be\/wp-content\/uploads\/sites\/13\/2025\/04\/4897082667636-1.jpg\",\"contentUrl\":\"https:\/\/koningdrone.be\/wp-content\/uploads\/sites\/13\/2025\/04\/4897082667636-1.jpg\",\"width\":1200,\"height\":800},{\"@type\":\"BreadcrumbList\",\"@id\":\"https:\/\/koningdrone.be\/product\/ecoflow-relay-module-16a\/#breadcrumb\",\"itemListElement\":[{\"@type\":\"ListItem\",\"position\":1,\"name\":\"Home\",\"item\":\"https:\/\/koningdrone.be\/\"},{\"@type\":\"ListItem\",\"position\":2,\"name\":\"AVSS Parachute Recovery System for DJI Matrice 300\/350\",\"item\":\"https:\/\/koningdrone.be\/product\/avss-parachute-recovery-system-for-dji-matrice-300-350\/\"},{\"@type\":\"ListItem\",\"position\":3,\"name\":\"Alle producten\",\"item\":\"https:\/\/koningdrone.be\/categorie\/alle-producten\/\"},{\"@type\":\"ListItem\",\"position\":4,\"name\":\"EcoFlow Relay Module (16A)\"}]},{\"@type\":\"WebSite\",\"@id\":\"https:\/\/koningdrone.be\/#website\",\"url\":\"https:\/\/koningdrone.be\/\",\"name\":\"Koningdrone.be - Uw online specialist in drones, gimbals, camera's en power stations.\",\"description\":\"De webshop in drones en gimbals\",\"publisher\":{\"@id\":\"https:\/\/koningdrone.be\/#organization\"},\"potentialAction\":[{\"@type\":\"SearchAction\",\"target\":{\"@type\":\"EntryPoint\",\"urlTemplate\":\"https:\/\/koningdrone.be\/?s={search_term_string}\"},\"query-input\":{\"@type\":\"PropertyValueSpecification\",\"valueRequired\":true,\"valueName\":\"search_term_string\"}}],\"inLanguage\":\"de\"},{\"@type\":\"Organization\",\"@id\":\"https:\/\/koningdrone.be\/#organization\",\"name\":\"Koningdrone.be\",\"url\":\"https:\/\/koningdrone.be\/\",\"logo\":{\"@type\":\"ImageObject\",\"inLanguage\":\"de\",\"@id\":\"https:\/\/koningdrone.be\/#\/schema\/logo\/image\/\",\"url\":\"https:\/\/koningdrone.be\/wp-content\/uploads\/sites\/13\/2025\/04\/koningdrone-copyright-logo.svg\",\"contentUrl\":\"https:\/\/koningdrone.be\/wp-content\/uploads\/sites\/13\/2025\/04\/koningdrone-copyright-logo.svg\",\"width\":227,\"height\":38,\"caption\":\"Koningdrone.be\"},\"image\":{\"@id\":\"https:\/\/koningdrone.be\/#\/schema\/logo\/image\/\"}}]}<\/script>\n<!-- \/ Yoast SEO Premium plugin. -->","yoast_head_json":{"title":"EcoFlow Relay Module (16A) - koningdrone.be","robots":{"index":"index","follow":"follow","max-snippet":"max-snippet:-1","max-image-preview":"max-image-preview:large","max-video-preview":"max-video-preview:-1"},"canonical":"https:\/\/koningdrone.be\/de\/produkt\/ecoflow-relay-module-16a\/","og_locale":"de_DE","og_type":"article","og_title":"EcoFlow Relay Module (16A)","og_description":"De EcoFlow Relay Module (16A) De EcoFlow Relay Module (16A) biedt diversiteit en eenvoudige installatie voor thuisback-up van huiscircuits. Het Smart Home Panel kan tot 10 huiscircuits verbinden met verschillende nominale stromen, wat handig is voor verschillende belastingen. De installatie en vervanging van relaismodules kunnen eenvoudig worden uitgevoerd na overleg met een elektricien en het [&hellip;]","og_url":"https:\/\/koningdrone.be\/de\/produkt\/ecoflow-relay-module-16a\/","og_site_name":"koningdrone.be","article_modified_time":"2026-04-29T14:30:49+00:00","og_image":[{"width":1200,"height":800,"url":"https:\/\/koningdrone.be\/wp-content\/uploads\/sites\/13\/2025\/04\/4897082667636-1.jpg","type":"image\/jpeg"}],"twitter_card":"summary_large_image","twitter_misc":{"Gesch\u00e4tzte Lesezeit":"1\u00a0Minute"},"schema":{"@context":"https:\/\/schema.org","@graph":[{"@type":"WebPage","@id":"https:\/\/koningdrone.be\/product\/ecoflow-relay-module-16a\/","url":"https:\/\/koningdrone.be\/product\/ecoflow-relay-module-16a\/","name":"EcoFlow Relay Module (16A) - koningdrone.be","isPartOf":{"@id":"https:\/\/koningdrone.be\/#website"},"primaryImageOfPage":{"@id":"https:\/\/koningdrone.be\/product\/ecoflow-relay-module-16a\/#primaryimage"},"image":{"@id":"https:\/\/koningdrone.be\/product\/ecoflow-relay-module-16a\/#primaryimage"},"thumbnailUrl":"https:\/\/koningdrone.be\/wp-content\/uploads\/sites\/13\/2025\/04\/4897082667636-1.jpg","datePublished":"2023-04-17T11:46:35+00:00","dateModified":"2026-04-29T14:30:49+00:00","breadcrumb":{"@id":"https:\/\/koningdrone.be\/product\/ecoflow-relay-module-16a\/#breadcrumb"},"inLanguage":"de","potentialAction":[{"@type":"ReadAction","target":["https:\/\/koningdrone.be\/product\/ecoflow-relay-module-16a\/"]}]},{"@type":"ImageObject","inLanguage":"de","@id":"https:\/\/koningdrone.be\/product\/ecoflow-relay-module-16a\/#primaryimage","url":"https:\/\/koningdrone.be\/wp-content\/uploads\/sites\/13\/2025\/04\/4897082667636-1.jpg","contentUrl":"https:\/\/koningdrone.be\/wp-content\/uploads\/sites\/13\/2025\/04\/4897082667636-1.jpg","width":1200,"height":800},{"@type":"BreadcrumbList","@id":"https:\/\/koningdrone.be\/product\/ecoflow-relay-module-16a\/#breadcrumb","itemListElement":[{"@type":"ListItem","position":1,"name":"Home","item":"https:\/\/koningdrone.be\/"},{"@type":"ListItem","position":2,"name":"AVSS Parachute Recovery System for DJI Matrice 300\/350","item":"https:\/\/koningdrone.be\/product\/avss-parachute-recovery-system-for-dji-matrice-300-350\/"},{"@type":"ListItem","position":3,"name":"Alle producten","item":"https:\/\/koningdrone.be\/categorie\/alle-producten\/"},{"@type":"ListItem","position":4,"name":"EcoFlow Relay Module (16A)"}]},{"@type":"WebSite","@id":"https:\/\/koningdrone.be\/#website","url":"https:\/\/koningdrone.be\/","name":"Koningdrone.be - Ihr Online-Spezialist f\u00fcr Drohnen, Gimbals, Kameras und Kraftwerke.","description":"Der Webshop f\u00fcr Drohnen und Gimbals","publisher":{"@id":"https:\/\/koningdrone.be\/#organization"},"potentialAction":[{"@type":"SearchAction","target":{"@type":"EntryPoint","urlTemplate":"https:\/\/koningdrone.be\/?s={search_term_string}"},"query-input":{"@type":"PropertyValueSpecification","valueRequired":true,"valueName":"search_term_string"}}],"inLanguage":"de"},{"@type":"Organization","@id":"https:\/\/koningdrone.be\/#organization","name":"Kingdrone.de","url":"https:\/\/koningdrone.be\/","logo":{"@type":"ImageObject","inLanguage":"de","@id":"https:\/\/koningdrone.be\/#\/schema\/logo\/image\/","url":"https:\/\/koningdrone.be\/wp-content\/uploads\/sites\/13\/2025\/04\/koningdrone-copyright-logo.svg","contentUrl":"https:\/\/koningdrone.be\/wp-content\/uploads\/sites\/13\/2025\/04\/koningdrone-copyright-logo.svg","width":227,"height":38,"caption":"Koningdrone.be"},"image":{"@id":"https:\/\/koningdrone.be\/#\/schema\/logo\/image\/"}}]}},"df_price":39,"df_sale_price":"","df_regular_price":39,"df_image_link":"https:\/\/koningdrone.be\/wp-content\/uploads\/sites\/13\/2025\/04\/4897082667636-1-300x200.jpg","_links":{"self":[{"href":"https:\/\/koningdrone.be\/de\/wp-json\/wp\/v2\/product\/4894","targetHints":{"allow":["GET"]}}],"collection":[{"href":"https:\/\/koningdrone.be\/de\/wp-json\/wp\/v2\/product"}],"about":[{"href":"https:\/\/koningdrone.be\/de\/wp-json\/wp\/v2\/types\/product"}],"wp:featuredmedia":[{"embeddable":true,"href":"https:\/\/koningdrone.be\/de\/wp-json\/wp\/v2\/media\/4890"}],"wp:attachment":[{"href":"https:\/\/koningdrone.be\/de\/wp-json\/wp\/v2\/media?parent=4894"}],"wp:term":[{"taxonomy":"product_brand","embeddable":true,"href":"https:\/\/koningdrone.be\/de\/wp-json\/wp\/v2\/product_brand?post=4894"},{"taxonomy":"product_cat","embeddable":true,"href":"https:\/\/koningdrone.be\/de\/wp-json\/wp\/v2\/product_cat?post=4894"},{"taxonomy":"product_tag","embeddable":true,"href":"https:\/\/koningdrone.be\/de\/wp-json\/wp\/v2\/product_tag?post=4894"}],"curies":[{"name":"wp","href":"https:\/\/api.w.org\/{rel}","templated":true}]}}