{"id":4847,"date":"2023-04-17T13:46:35","date_gmt":"2023-04-17T11:46:35","guid":{"rendered":"https:\/\/koningdrone.nl\/kon\/product\/ecoflow-get-set-kit\/"},"modified":"2026-04-29T13:51:12","modified_gmt":"2026-04-29T11:51:12","slug":"ecoflow-get-set-kit","status":"publish","type":"product","link":"https:\/\/koningdrone.be\/de\/produkt\/ecoflow-get-set-kit\/","title":{"rendered":"EcoFlow Get Set Bausatz"},"content":{"rendered":"<p>Das EcoFlow Get Set Kit ist ein revolution\u00e4res System f\u00fcr Energieunabh\u00e4ngigkeit. Mit seiner Einfachheit, Intelligenz und Kompaktheit bietet dieses Kit eine Plug-and-Play-L\u00f6sung f\u00fcr eine breite Palette von Anwendungen.<\/p>\n<p><strong>Zentrale Nabe und Batterie<\/strong><\/p>\n<p>Das Kit besteht aus einem zentralen Hub und einer 2kWh oder 5kWh LFP EcoFlow Batterie. Der Power Hub umfasst 2 MPPT-Solarladeregler, ein MPPT-Ladeger\u00e4t, einen DC-Abw\u00e4rtswandler und ein Wechselrichter-Ladeger\u00e4t. Sie k\u00f6nnen das Power Kit in einer Vielzahl von Umgebungen installieren, von Kleintransportern bis hin zu kleinen Wohnh\u00e4usern und sogar gro\u00dfen, netzunabh\u00e4ngigen H\u00e4usern. Mit einer breiten Palette von Batterien, die von 2 kWh bis 15 kWh reichen, k\u00f6nnen Sie die Kapazit\u00e4t w\u00e4hlen, die Ihren Bed\u00fcrfnissen am besten entspricht. Diese Batterien verf\u00fcgen \u00fcber ein integriertes Energiemanagementsystem (BMS) und eine automatische Heizfunktion f\u00fcr den Einsatz in kalten Umgebungen.<\/p>\n<p><strong>Methoden der Aufladung<\/strong><\/p>\n<p>Das Kit bietet 4 Lademethoden, einschlie\u00dflich Solarenergie mit EcoFlow-Solarmodulen und einem 1000-W-Generator f\u00fcr das Laden unterwegs. Das kompakte und platzsparende Design erm\u00f6glicht es, den Power Hub, die Batterien und andere Systemkomponenten diskret zu verstauen, sogar in einem Schrank oder unter einem Sitz.<\/p>\n<p><strong>\u00dcberwachung \u00fcber die App<\/strong><\/p>\n<p>Mit der zugeh\u00f6rigen App k\u00f6nnen Sie den Ger\u00e4testatus und den Energieverbrauch \u00fcberwachen, bequeme Einstellungen f\u00fcr individuelle Pr\u00e4ferenzen nutzen und Echtzeit-Benachrichtigungen erhalten. Das EcoFlow Get Set Kit bietet eine sichere 48-Volt-Stromversorgungsl\u00f6sung, die im Vergleich zu 12-Volt-Systemen weniger W\u00e4rme und Leistungsverluste aufweist.<\/p>\n<p><\/p>","protected":false},"excerpt":{"rendered":"<ul>\n<li>ABMESSUNGEN -480\u00d7140\u00d7300 mm<\/li>\n<li>GEWICHT -14 kg<\/li>\n<li>Betriebstemperaturbereich: -25\u00b0C bis 60\u00b0C<\/li>\n<li>LAGERTEMPERATURBEREICH: -25\u00b0C bis 60\u00b0C<\/li>\n<li>AC INPUT: Max. Leistung 3000 W, max. Stromst\u00e4rke 30 A, mit Unterst\u00fctzung der EcoFlow X-Stream-Technologie<\/li>\n<li>DC OUTPUT: 13,6 V 70 A, maximale Leistung: 1000 W oder 26,4 V 60 A, maximale Leistung: 1600 W<\/li>\n<li>VERBINDUNGEN: WiFi (&lt;120m), Bluetooth (&lt;15m)<\/li>\n<li>MAIN AC OUTPUT: reine Sinuswelle, 3600 W (7200 W Spitze, 100 ms), 120 V, 60 Hz; lineare Leistungsreduzierung auf bis zu 1800 W bei einer Umgebungstemperatur von 40\u2103 bis 60\u2103; Leistungsreduzierung auf bis zu 3000 W bei einer Batteriespannung &lt; 49 V<\/li>\n<li>STANDARD-AC-AUSGANG: 120 V 20 A<\/li>\n<li>MAXIMALE WECHSELSTROMLEISTUNG: UNTERST\u00dcTZT VON X-BOOST 5200 W<\/li>\n<li>AC-EINGANGSSPANNUNG: 100-120V, 50\/60Hz<\/li>\n<li>GENERATOR EINGANG 2\/3: 13-60 V 30 A, maximale Leistung: 1600 W<\/li>\n<li>SOLAREINGANG 2\/3: 15-60V 30A, maximale Leistung: 1600 W<\/li>\n<li>GENERATOR EINGANG 1: 13-60 V 60 A, maximale Leistung: 1600 W<\/li>\n<li>SOLAR-EINGANG 1: 15-60V 30A, maximale Leistung: 1600 W<\/li>\n<li>BATTERIE-PORT: 3 Ports, 40-60V 100A, unterst\u00fctzt bis zu drei separat erh\u00e4ltliche 2kWh oder 5kWh LFP-Batterien. (Es wird nicht empfohlen, einen Power Hub gleichzeitig mit EFM100-BPB und EFM100-BP zu verwenden)<\/li>\n<\/ul>","protected":false},"featured_media":4846,"template":"","meta":{"_acf_changed":false},"product_brand":[],"product_cat":[97,245,415],"product_tag":[],"class_list":{"0":"post-4847","1":"product","2":"type-product","3":"status-publish","4":"has-post-thumbnail","6":"product_cat-alle-producten","7":"product_cat-ecoflow","8":"product_cat-energy","9":"product_shipping_class-outofstock","10":"pa_brand-ecoflow","11":"pa_productfamily-draagbare-windturbine-kit","12":"pa_producttype-draagbare-windturbine-kit","14":"first","15":"outofstock","16":"taxable","17":"shipping-taxable","18":"product-type-simple"},"acf":[],"yoast_head":"<!-- This site is optimized with the Yoast SEO Premium plugin v27.2 (Yoast SEO v27.2) - https:\/\/yoast.com\/product\/yoast-seo-premium-wordpress\/ -->\n<title>EcoFlow Get Set Kit - koningdrone.be<\/title>\n<meta name=\"robots\" content=\"index, follow, max-snippet:-1, max-image-preview:large, max-video-preview:-1\" \/>\n<link rel=\"canonical\" href=\"https:\/\/koningdrone.be\/de\/produkt\/ecoflow-get-set-kit\/\" \/>\n<meta property=\"og:locale\" content=\"de_DE\" \/>\n<meta property=\"og:type\" content=\"article\" \/>\n<meta property=\"og:title\" content=\"EcoFlow Get Set Kit\" \/>\n<meta property=\"og:description\" content=\"AFMETINGEN -480\u00d7140\u00d7300 mmGEWICHT -14 kgBEDRIJFSTEMPERATUURBEREIK: -25\u00b0C tot 60\u00b0COPSLAGTEMPERATUURBEREIK: -25\u00b0C tot 60\u00b0CAC-INGANG: Max. vermogen 3000 W, max. stroom 30 A, met ondersteuning voor EcoFlow X-Stream-technologieDC-UITGANG: 13,6 V 70 A, max. vermogen: 1000 W of 26,4 V 60 A, max. vermogen: 1600 WVERBINDINGEN: WiFi (&lt;120m), Bluetooth (&lt;15m)HOOFD AC-UITGANG: zuivere sinusgolf, 3600 W (7200 W piek, 100 ms), 120 V, 60 Hz; Lineaire vermogensreductie tot 1800W bij omgevingstemperatuur van 40\u2103 tot 60\u2103; Vermogensreductie tot 3000 W bij accuspanning &lt; 49 VSTANDAARD AC-UITGANG: 120V 20AMAXIMALE AC-OUTPUT: ONDERSTEUND DOOR X-BOOST 5200 WAC-INGANGSPANNING: 100-120V, 50\/60HzGENERATOR-INGANG 2\/3: 13-60 V 30 A, max. vermogen: 1600 WZONNE-INGANG 2\/3: 15-60V 30A, max. vermogen: 1600 WGENERATOR INGANG 1: 13-60 V 60 A, max. vermogen: 1600 WZONNE-INGANG 1: 15-60V 30A, max. vermogen: 1600 WBATTERIJPOORT: 3 poorten, 40-60V 100A, ondersteunt tot drie 2kWh of 5kWh LFP-batterijen die afzonderlijk worden verkocht. (Het wordt niet aanbevolen om \u00e9\u00e9n Power Hub tegelijkertijd met EFM100-BPB en EFM100-BP te gebruiken)\" \/>\n<meta property=\"og:url\" content=\"https:\/\/koningdrone.be\/de\/produkt\/ecoflow-get-set-kit\/\" \/>\n<meta property=\"og:site_name\" content=\"koningdrone.be\" \/>\n<meta property=\"article:modified_time\" content=\"2026-04-29T11:51:12+00:00\" \/>\n<meta property=\"og:image\" content=\"https:\/\/koningdrone.be\/wp-content\/uploads\/sites\/13\/2025\/04\/4895251601429.jpg\" \/>\n\t<meta property=\"og:image:width\" content=\"540\" \/>\n\t<meta property=\"og:image:height\" content=\"540\" \/>\n\t<meta property=\"og:image:type\" content=\"image\/jpeg\" \/>\n<meta name=\"twitter:card\" content=\"summary_large_image\" \/>\n<meta name=\"twitter:label1\" content=\"Gesch\u00e4tzte Lesezeit\" \/>\n\t<meta name=\"twitter:data1\" content=\"1\u00a0Minute\" \/>\n<script type=\"application\/ld+json\" class=\"yoast-schema-graph\">{\"@context\":\"https:\/\/schema.org\",\"@graph\":[{\"@type\":\"WebPage\",\"@id\":\"https:\/\/koningdrone.be\/product\/ecoflow-get-set-kit\/\",\"url\":\"https:\/\/koningdrone.be\/product\/ecoflow-get-set-kit\/\",\"name\":\"EcoFlow Get Set Kit - koningdrone.be\",\"isPartOf\":{\"@id\":\"https:\/\/koningdrone.be\/#website\"},\"primaryImageOfPage\":{\"@id\":\"https:\/\/koningdrone.be\/product\/ecoflow-get-set-kit\/#primaryimage\"},\"image\":{\"@id\":\"https:\/\/koningdrone.be\/product\/ecoflow-get-set-kit\/#primaryimage\"},\"thumbnailUrl\":\"https:\/\/koningdrone.be\/wp-content\/uploads\/sites\/13\/2025\/04\/4895251601429.jpg\",\"datePublished\":\"2023-04-17T11:46:35+00:00\",\"dateModified\":\"2026-04-29T11:51:12+00:00\",\"breadcrumb\":{\"@id\":\"https:\/\/koningdrone.be\/product\/ecoflow-get-set-kit\/#breadcrumb\"},\"inLanguage\":\"de\",\"potentialAction\":[{\"@type\":\"ReadAction\",\"target\":[\"https:\/\/koningdrone.be\/product\/ecoflow-get-set-kit\/\"]}]},{\"@type\":\"ImageObject\",\"inLanguage\":\"de\",\"@id\":\"https:\/\/koningdrone.be\/product\/ecoflow-get-set-kit\/#primaryimage\",\"url\":\"https:\/\/koningdrone.be\/wp-content\/uploads\/sites\/13\/2025\/04\/4895251601429.jpg\",\"contentUrl\":\"https:\/\/koningdrone.be\/wp-content\/uploads\/sites\/13\/2025\/04\/4895251601429.jpg\",\"width\":540,\"height\":540},{\"@type\":\"BreadcrumbList\",\"@id\":\"https:\/\/koningdrone.be\/product\/ecoflow-get-set-kit\/#breadcrumb\",\"itemListElement\":[{\"@type\":\"ListItem\",\"position\":1,\"name\":\"Home\",\"item\":\"https:\/\/koningdrone.be\/\"},{\"@type\":\"ListItem\",\"position\":2,\"name\":\"AVSS Parachute Recovery System for DJI Matrice 300\/350\",\"item\":\"https:\/\/koningdrone.be\/product\/avss-parachute-recovery-system-for-dji-matrice-300-350\/\"},{\"@type\":\"ListItem\",\"position\":3,\"name\":\"Alle producten\",\"item\":\"https:\/\/koningdrone.be\/categorie\/alle-producten\/\"},{\"@type\":\"ListItem\",\"position\":4,\"name\":\"EcoFlow Get Set Kit\"}]},{\"@type\":\"WebSite\",\"@id\":\"https:\/\/koningdrone.be\/#website\",\"url\":\"https:\/\/koningdrone.be\/\",\"name\":\"Koningdrone.be - Uw online specialist in drones, gimbals, camera's en power stations.\",\"description\":\"De webshop in drones en gimbals\",\"publisher\":{\"@id\":\"https:\/\/koningdrone.be\/#organization\"},\"potentialAction\":[{\"@type\":\"SearchAction\",\"target\":{\"@type\":\"EntryPoint\",\"urlTemplate\":\"https:\/\/koningdrone.be\/?s={search_term_string}\"},\"query-input\":{\"@type\":\"PropertyValueSpecification\",\"valueRequired\":true,\"valueName\":\"search_term_string\"}}],\"inLanguage\":\"de\"},{\"@type\":\"Organization\",\"@id\":\"https:\/\/koningdrone.be\/#organization\",\"name\":\"Koningdrone.be\",\"url\":\"https:\/\/koningdrone.be\/\",\"logo\":{\"@type\":\"ImageObject\",\"inLanguage\":\"de\",\"@id\":\"https:\/\/koningdrone.be\/#\/schema\/logo\/image\/\",\"url\":\"https:\/\/koningdrone.be\/wp-content\/uploads\/sites\/13\/2025\/04\/koningdrone-copyright-logo.svg\",\"contentUrl\":\"https:\/\/koningdrone.be\/wp-content\/uploads\/sites\/13\/2025\/04\/koningdrone-copyright-logo.svg\",\"width\":227,\"height\":38,\"caption\":\"Koningdrone.be\"},\"image\":{\"@id\":\"https:\/\/koningdrone.be\/#\/schema\/logo\/image\/\"}}]}<\/script>\n<!-- \/ Yoast SEO Premium plugin. -->","yoast_head_json":{"title":"EcoFlow Get Set Kit - koningdrone.be","robots":{"index":"index","follow":"follow","max-snippet":"max-snippet:-1","max-image-preview":"max-image-preview:large","max-video-preview":"max-video-preview:-1"},"canonical":"https:\/\/koningdrone.be\/de\/produkt\/ecoflow-get-set-kit\/","og_locale":"de_DE","og_type":"article","og_title":"EcoFlow Get Set Kit","og_description":"AFMETINGEN -480\u00d7140\u00d7300 mmGEWICHT -14 kgBEDRIJFSTEMPERATUURBEREIK: -25\u00b0C tot 60\u00b0COPSLAGTEMPERATUURBEREIK: -25\u00b0C tot 60\u00b0CAC-INGANG: Max. vermogen 3000 W, max. stroom 30 A, met ondersteuning voor EcoFlow X-Stream-technologieDC-UITGANG: 13,6 V 70 A, max. vermogen: 1000 W of 26,4 V 60 A, max. vermogen: 1600 WVERBINDINGEN: WiFi (&lt;120m), Bluetooth (&lt;15m)HOOFD AC-UITGANG: zuivere sinusgolf, 3600 W (7200 W piek, 100 ms), 120 V, 60 Hz; Lineaire vermogensreductie tot 1800W bij omgevingstemperatuur van 40\u2103 tot 60\u2103; Vermogensreductie tot 3000 W bij accuspanning &lt; 49 VSTANDAARD AC-UITGANG: 120V 20AMAXIMALE AC-OUTPUT: ONDERSTEUND DOOR X-BOOST 5200 WAC-INGANGSPANNING: 100-120V, 50\/60HzGENERATOR-INGANG 2\/3: 13-60 V 30 A, max. vermogen: 1600 WZONNE-INGANG 2\/3: 15-60V 30A, max. vermogen: 1600 WGENERATOR INGANG 1: 13-60 V 60 A, max. vermogen: 1600 WZONNE-INGANG 1: 15-60V 30A, max. vermogen: 1600 WBATTERIJPOORT: 3 poorten, 40-60V 100A, ondersteunt tot drie 2kWh of 5kWh LFP-batterijen die afzonderlijk worden verkocht. (Het wordt niet aanbevolen om \u00e9\u00e9n Power Hub tegelijkertijd met EFM100-BPB en EFM100-BP te gebruiken)","og_url":"https:\/\/koningdrone.be\/de\/produkt\/ecoflow-get-set-kit\/","og_site_name":"koningdrone.be","article_modified_time":"2026-04-29T11:51:12+00:00","og_image":[{"width":540,"height":540,"url":"https:\/\/koningdrone.be\/wp-content\/uploads\/sites\/13\/2025\/04\/4895251601429.jpg","type":"image\/jpeg"}],"twitter_card":"summary_large_image","twitter_misc":{"Gesch\u00e4tzte Lesezeit":"1\u00a0Minute"},"schema":{"@context":"https:\/\/schema.org","@graph":[{"@type":"WebPage","@id":"https:\/\/koningdrone.be\/product\/ecoflow-get-set-kit\/","url":"https:\/\/koningdrone.be\/product\/ecoflow-get-set-kit\/","name":"EcoFlow Get Set Kit - koningdrone.be","isPartOf":{"@id":"https:\/\/koningdrone.be\/#website"},"primaryImageOfPage":{"@id":"https:\/\/koningdrone.be\/product\/ecoflow-get-set-kit\/#primaryimage"},"image":{"@id":"https:\/\/koningdrone.be\/product\/ecoflow-get-set-kit\/#primaryimage"},"thumbnailUrl":"https:\/\/koningdrone.be\/wp-content\/uploads\/sites\/13\/2025\/04\/4895251601429.jpg","datePublished":"2023-04-17T11:46:35+00:00","dateModified":"2026-04-29T11:51:12+00:00","breadcrumb":{"@id":"https:\/\/koningdrone.be\/product\/ecoflow-get-set-kit\/#breadcrumb"},"inLanguage":"de","potentialAction":[{"@type":"ReadAction","target":["https:\/\/koningdrone.be\/product\/ecoflow-get-set-kit\/"]}]},{"@type":"ImageObject","inLanguage":"de","@id":"https:\/\/koningdrone.be\/product\/ecoflow-get-set-kit\/#primaryimage","url":"https:\/\/koningdrone.be\/wp-content\/uploads\/sites\/13\/2025\/04\/4895251601429.jpg","contentUrl":"https:\/\/koningdrone.be\/wp-content\/uploads\/sites\/13\/2025\/04\/4895251601429.jpg","width":540,"height":540},{"@type":"BreadcrumbList","@id":"https:\/\/koningdrone.be\/product\/ecoflow-get-set-kit\/#breadcrumb","itemListElement":[{"@type":"ListItem","position":1,"name":"Home","item":"https:\/\/koningdrone.be\/"},{"@type":"ListItem","position":2,"name":"AVSS Parachute Recovery System for DJI Matrice 300\/350","item":"https:\/\/koningdrone.be\/product\/avss-parachute-recovery-system-for-dji-matrice-300-350\/"},{"@type":"ListItem","position":3,"name":"Alle producten","item":"https:\/\/koningdrone.be\/categorie\/alle-producten\/"},{"@type":"ListItem","position":4,"name":"EcoFlow Get Set Kit"}]},{"@type":"WebSite","@id":"https:\/\/koningdrone.be\/#website","url":"https:\/\/koningdrone.be\/","name":"Koningdrone.be - Ihr Online-Spezialist f\u00fcr Drohnen, Gimbals, Kameras und Kraftwerke.","description":"Der Webshop f\u00fcr Drohnen und Gimbals","publisher":{"@id":"https:\/\/koningdrone.be\/#organization"},"potentialAction":[{"@type":"SearchAction","target":{"@type":"EntryPoint","urlTemplate":"https:\/\/koningdrone.be\/?s={search_term_string}"},"query-input":{"@type":"PropertyValueSpecification","valueRequired":true,"valueName":"search_term_string"}}],"inLanguage":"de"},{"@type":"Organization","@id":"https:\/\/koningdrone.be\/#organization","name":"Kingdrone.de","url":"https:\/\/koningdrone.be\/","logo":{"@type":"ImageObject","inLanguage":"de","@id":"https:\/\/koningdrone.be\/#\/schema\/logo\/image\/","url":"https:\/\/koningdrone.be\/wp-content\/uploads\/sites\/13\/2025\/04\/koningdrone-copyright-logo.svg","contentUrl":"https:\/\/koningdrone.be\/wp-content\/uploads\/sites\/13\/2025\/04\/koningdrone-copyright-logo.svg","width":227,"height":38,"caption":"Koningdrone.be"},"image":{"@id":"https:\/\/koningdrone.be\/#\/schema\/logo\/image\/"}}]}},"df_price":"","df_sale_price":"","df_regular_price":"","df_image_link":"https:\/\/koningdrone.be\/wp-content\/uploads\/sites\/13\/2025\/04\/4895251601429-300x300.jpg","_links":{"self":[{"href":"https:\/\/koningdrone.be\/de\/wp-json\/wp\/v2\/product\/4847","targetHints":{"allow":["GET"]}}],"collection":[{"href":"https:\/\/koningdrone.be\/de\/wp-json\/wp\/v2\/product"}],"about":[{"href":"https:\/\/koningdrone.be\/de\/wp-json\/wp\/v2\/types\/product"}],"wp:featuredmedia":[{"embeddable":true,"href":"https:\/\/koningdrone.be\/de\/wp-json\/wp\/v2\/media\/4846"}],"wp:attachment":[{"href":"https:\/\/koningdrone.be\/de\/wp-json\/wp\/v2\/media?parent=4847"}],"wp:term":[{"taxonomy":"product_brand","embeddable":true,"href":"https:\/\/koningdrone.be\/de\/wp-json\/wp\/v2\/product_brand?post=4847"},{"taxonomy":"product_cat","embeddable":true,"href":"https:\/\/koningdrone.be\/de\/wp-json\/wp\/v2\/product_cat?post=4847"},{"taxonomy":"product_tag","embeddable":true,"href":"https:\/\/koningdrone.be\/de\/wp-json\/wp\/v2\/product_tag?post=4847"}],"curies":[{"name":"wp","href":"https:\/\/api.w.org\/{rel}","templated":true}]}}