{"id":4836,"date":"2023-04-17T13:46:35","date_gmt":"2023-04-17T11:46:35","guid":{"rendered":"https:\/\/koningdrone.nl\/kon\/product\/ecoflow-delta-max-smart-extra-battery-xt150-connection-cable-1m\/"},"modified":"2026-04-29T16:40:07","modified_gmt":"2026-04-29T14:40:07","slug":"ecoflow-delta-max-smart-extra-battery-xt150-connection-cable-1m","status":"publish","type":"product","link":"https:\/\/koningdrone.be\/de\/produkt\/ecoflow-delta-max-smart-extra-battery-xt150-connection-cable-1m\/","title":{"rendered":"EcoFlow DELTA Max Smart Extra Batterie XT150 Anschlusskabel 1m"},"content":{"rendered":"<p>Mit dem 1 Meter langen EcoFlow DELTA Max Smart Extra Battery XT150 Verbindungskabel k\u00f6nnen Sie die DELTA Max Ladestation ganz einfach mit der externen Smart Battery DELTA Max Smart Extra Battery verbinden. Das Kabel wird an den Anschluss f\u00fcr die externe Batterie an der Seite der Station angeschlossen, so dass Sie m\u00fchelos und sicher eine Verbindung zwischen den beiden Ger\u00e4ten herstellen k\u00f6nnen. Mit diesem Kabel k\u00f6nnen Sie den Akku einfach und effizient aufladen und sicherstellen, dass Sie immer und \u00fcberall gen\u00fcgend Strom zur Verf\u00fcgung haben. Mit einer L\u00e4nge von 1 Meter bietet dieses Kabel gen\u00fcgend Spielraum und Flexibilit\u00e4t, damit Sie die angeschlossenen Ger\u00e4te an einem bequemen und zug\u00e4nglichen Ort platzieren k\u00f6nnen. Das EcoFlow DELTA Max Smart Extra Battery XT150 Verbindungskabel gew\u00e4hrleistet eine zuverl\u00e4ssige und dauerhafte Verbindung zwischen Ihren EcoFlow-Ger\u00e4ten.<\/p>\n<p><\/p>","protected":false},"excerpt":{"rendered":"<p>Met de EcoFlow DELTA Max Smart Extra Battery XT150 Connection Cable van 1 meter lang, kunt u gemakkelijk het DELTA Max laadstation verbinden met de DELTA Max Smart Extra Battery externe slimme batterij. De kabel sluit aan op de externe batterijpoort aan de zijkant van het station, waardoor u moeiteloos en veilig verbinding kunt maken [&hellip;]<\/p>\n","protected":false},"featured_media":4833,"template":"","meta":{"_acf_changed":false},"product_brand":[],"product_cat":[244,97,245,415],"product_tag":[],"class_list":{"0":"post-4836","1":"product","2":"type-product","3":"status-publish","4":"has-post-thumbnail","6":"product_cat-alle-kabels","7":"product_cat-alle-producten","8":"product_cat-ecoflow","9":"product_cat-energy","10":"product_shipping_class-outofstock","11":"pa_brand-ecoflow","12":"pa_productfamily-kabel","13":"pa_producttype-kabel","14":"pa_series-delta-max","16":"first","17":"outofstock","18":"taxable","19":"shipping-taxable","20":"purchasable","21":"product-type-simple"},"acf":[],"yoast_head":"<!-- This site is optimized with the Yoast SEO Premium plugin v27.2 (Yoast SEO v27.2) - https:\/\/yoast.com\/product\/yoast-seo-premium-wordpress\/ -->\n<title>EcoFlow DELTA Max Smart Extra Battery XT150 Connection Cable 1m - koningdrone.be<\/title>\n<meta name=\"robots\" content=\"index, follow, max-snippet:-1, max-image-preview:large, max-video-preview:-1\" \/>\n<link rel=\"canonical\" href=\"https:\/\/koningdrone.be\/de\/produkt\/ecoflow-delta-max-smart-extra-battery-xt150-connection-cable-1m\/\" \/>\n<meta property=\"og:locale\" content=\"de_DE\" \/>\n<meta property=\"og:type\" content=\"article\" \/>\n<meta property=\"og:title\" content=\"EcoFlow DELTA Max Smart Extra Battery XT150 Connection Cable 1m\" \/>\n<meta property=\"og:description\" content=\"Met de EcoFlow DELTA Max Smart Extra Battery XT150 Connection Cable van 1 meter lang, kunt u gemakkelijk het DELTA Max laadstation verbinden met de DELTA Max Smart Extra Battery externe slimme batterij. De kabel sluit aan op de externe batterijpoort aan de zijkant van het station, waardoor u moeiteloos en veilig verbinding kunt maken [&hellip;]\" \/>\n<meta property=\"og:url\" content=\"https:\/\/koningdrone.be\/de\/produkt\/ecoflow-delta-max-smart-extra-battery-xt150-connection-cable-1m\/\" \/>\n<meta property=\"og:site_name\" content=\"koningdrone.be\" \/>\n<meta property=\"article:modified_time\" content=\"2026-04-29T14:40:07+00:00\" \/>\n<meta property=\"og:image\" content=\"https:\/\/koningdrone.be\/wp-content\/uploads\/sites\/13\/2025\/04\/4897082666523-1.jpg\" \/>\n\t<meta property=\"og:image:width\" content=\"540\" \/>\n\t<meta property=\"og:image:height\" content=\"540\" \/>\n\t<meta property=\"og:image:type\" content=\"image\/jpeg\" \/>\n<meta name=\"twitter:card\" content=\"summary_large_image\" \/>\n<meta name=\"twitter:label1\" content=\"Gesch\u00e4tzte Lesezeit\" \/>\n\t<meta name=\"twitter:data1\" content=\"1\u00a0Minute\" \/>\n<script type=\"application\/ld+json\" class=\"yoast-schema-graph\">{\"@context\":\"https:\/\/schema.org\",\"@graph\":[{\"@type\":\"WebPage\",\"@id\":\"https:\/\/koningdrone.be\/product\/ecoflow-delta-max-smart-extra-battery-xt150-connection-cable-1m\/\",\"url\":\"https:\/\/koningdrone.be\/product\/ecoflow-delta-max-smart-extra-battery-xt150-connection-cable-1m\/\",\"name\":\"EcoFlow DELTA Max Smart Extra Battery XT150 Connection Cable 1m - koningdrone.be\",\"isPartOf\":{\"@id\":\"https:\/\/koningdrone.be\/#website\"},\"primaryImageOfPage\":{\"@id\":\"https:\/\/koningdrone.be\/product\/ecoflow-delta-max-smart-extra-battery-xt150-connection-cable-1m\/#primaryimage\"},\"image\":{\"@id\":\"https:\/\/koningdrone.be\/product\/ecoflow-delta-max-smart-extra-battery-xt150-connection-cable-1m\/#primaryimage\"},\"thumbnailUrl\":\"https:\/\/koningdrone.be\/wp-content\/uploads\/sites\/13\/2025\/04\/4897082666523-1.jpg\",\"datePublished\":\"2023-04-17T11:46:35+00:00\",\"dateModified\":\"2026-04-29T14:40:07+00:00\",\"breadcrumb\":{\"@id\":\"https:\/\/koningdrone.be\/product\/ecoflow-delta-max-smart-extra-battery-xt150-connection-cable-1m\/#breadcrumb\"},\"inLanguage\":\"de\",\"potentialAction\":[{\"@type\":\"ReadAction\",\"target\":[\"https:\/\/koningdrone.be\/product\/ecoflow-delta-max-smart-extra-battery-xt150-connection-cable-1m\/\"]}]},{\"@type\":\"ImageObject\",\"inLanguage\":\"de\",\"@id\":\"https:\/\/koningdrone.be\/product\/ecoflow-delta-max-smart-extra-battery-xt150-connection-cable-1m\/#primaryimage\",\"url\":\"https:\/\/koningdrone.be\/wp-content\/uploads\/sites\/13\/2025\/04\/4897082666523-1.jpg\",\"contentUrl\":\"https:\/\/koningdrone.be\/wp-content\/uploads\/sites\/13\/2025\/04\/4897082666523-1.jpg\",\"width\":540,\"height\":540},{\"@type\":\"BreadcrumbList\",\"@id\":\"https:\/\/koningdrone.be\/product\/ecoflow-delta-max-smart-extra-battery-xt150-connection-cable-1m\/#breadcrumb\",\"itemListElement\":[{\"@type\":\"ListItem\",\"position\":1,\"name\":\"Home\",\"item\":\"https:\/\/koningdrone.be\/\"},{\"@type\":\"ListItem\",\"position\":2,\"name\":\"AVSS Parachute Recovery System for DJI Matrice 300\/350\",\"item\":\"https:\/\/koningdrone.be\/product\/avss-parachute-recovery-system-for-dji-matrice-300-350\/\"},{\"@type\":\"ListItem\",\"position\":3,\"name\":\"Alle kabels\",\"item\":\"https:\/\/koningdrone.be\/categorie\/alle-kabels\/\"},{\"@type\":\"ListItem\",\"position\":4,\"name\":\"EcoFlow DELTA Max Smart Extra Battery XT150 Connection Cable 1m\"}]},{\"@type\":\"WebSite\",\"@id\":\"https:\/\/koningdrone.be\/#website\",\"url\":\"https:\/\/koningdrone.be\/\",\"name\":\"Koningdrone.be - Uw online specialist in drones, gimbals, camera's en power stations.\",\"description\":\"De webshop in drones en gimbals\",\"publisher\":{\"@id\":\"https:\/\/koningdrone.be\/#organization\"},\"potentialAction\":[{\"@type\":\"SearchAction\",\"target\":{\"@type\":\"EntryPoint\",\"urlTemplate\":\"https:\/\/koningdrone.be\/?s={search_term_string}\"},\"query-input\":{\"@type\":\"PropertyValueSpecification\",\"valueRequired\":true,\"valueName\":\"search_term_string\"}}],\"inLanguage\":\"de\"},{\"@type\":\"Organization\",\"@id\":\"https:\/\/koningdrone.be\/#organization\",\"name\":\"Koningdrone.be\",\"url\":\"https:\/\/koningdrone.be\/\",\"logo\":{\"@type\":\"ImageObject\",\"inLanguage\":\"de\",\"@id\":\"https:\/\/koningdrone.be\/#\/schema\/logo\/image\/\",\"url\":\"https:\/\/koningdrone.be\/wp-content\/uploads\/sites\/13\/2025\/04\/koningdrone-copyright-logo.svg\",\"contentUrl\":\"https:\/\/koningdrone.be\/wp-content\/uploads\/sites\/13\/2025\/04\/koningdrone-copyright-logo.svg\",\"width\":227,\"height\":38,\"caption\":\"Koningdrone.be\"},\"image\":{\"@id\":\"https:\/\/koningdrone.be\/#\/schema\/logo\/image\/\"}}]}<\/script>\n<!-- \/ Yoast SEO Premium plugin. -->","yoast_head_json":{"title":"EcoFlow DELTA Max Smart Extra Battery XT150 Connection Cable 1m - koningdrone.be","robots":{"index":"index","follow":"follow","max-snippet":"max-snippet:-1","max-image-preview":"max-image-preview:large","max-video-preview":"max-video-preview:-1"},"canonical":"https:\/\/koningdrone.be\/de\/produkt\/ecoflow-delta-max-smart-extra-battery-xt150-connection-cable-1m\/","og_locale":"de_DE","og_type":"article","og_title":"EcoFlow DELTA Max Smart Extra Battery XT150 Connection Cable 1m","og_description":"Met de EcoFlow DELTA Max Smart Extra Battery XT150 Connection Cable van 1 meter lang, kunt u gemakkelijk het DELTA Max laadstation verbinden met de DELTA Max Smart Extra Battery externe slimme batterij. De kabel sluit aan op de externe batterijpoort aan de zijkant van het station, waardoor u moeiteloos en veilig verbinding kunt maken [&hellip;]","og_url":"https:\/\/koningdrone.be\/de\/produkt\/ecoflow-delta-max-smart-extra-battery-xt150-connection-cable-1m\/","og_site_name":"koningdrone.be","article_modified_time":"2026-04-29T14:40:07+00:00","og_image":[{"width":540,"height":540,"url":"https:\/\/koningdrone.be\/wp-content\/uploads\/sites\/13\/2025\/04\/4897082666523-1.jpg","type":"image\/jpeg"}],"twitter_card":"summary_large_image","twitter_misc":{"Gesch\u00e4tzte Lesezeit":"1\u00a0Minute"},"schema":{"@context":"https:\/\/schema.org","@graph":[{"@type":"WebPage","@id":"https:\/\/koningdrone.be\/product\/ecoflow-delta-max-smart-extra-battery-xt150-connection-cable-1m\/","url":"https:\/\/koningdrone.be\/product\/ecoflow-delta-max-smart-extra-battery-xt150-connection-cable-1m\/","name":"EcoFlow DELTA Max Smart Extra Battery XT150 Connection Cable 1m - koningdrone.be","isPartOf":{"@id":"https:\/\/koningdrone.be\/#website"},"primaryImageOfPage":{"@id":"https:\/\/koningdrone.be\/product\/ecoflow-delta-max-smart-extra-battery-xt150-connection-cable-1m\/#primaryimage"},"image":{"@id":"https:\/\/koningdrone.be\/product\/ecoflow-delta-max-smart-extra-battery-xt150-connection-cable-1m\/#primaryimage"},"thumbnailUrl":"https:\/\/koningdrone.be\/wp-content\/uploads\/sites\/13\/2025\/04\/4897082666523-1.jpg","datePublished":"2023-04-17T11:46:35+00:00","dateModified":"2026-04-29T14:40:07+00:00","breadcrumb":{"@id":"https:\/\/koningdrone.be\/product\/ecoflow-delta-max-smart-extra-battery-xt150-connection-cable-1m\/#breadcrumb"},"inLanguage":"de","potentialAction":[{"@type":"ReadAction","target":["https:\/\/koningdrone.be\/product\/ecoflow-delta-max-smart-extra-battery-xt150-connection-cable-1m\/"]}]},{"@type":"ImageObject","inLanguage":"de","@id":"https:\/\/koningdrone.be\/product\/ecoflow-delta-max-smart-extra-battery-xt150-connection-cable-1m\/#primaryimage","url":"https:\/\/koningdrone.be\/wp-content\/uploads\/sites\/13\/2025\/04\/4897082666523-1.jpg","contentUrl":"https:\/\/koningdrone.be\/wp-content\/uploads\/sites\/13\/2025\/04\/4897082666523-1.jpg","width":540,"height":540},{"@type":"BreadcrumbList","@id":"https:\/\/koningdrone.be\/product\/ecoflow-delta-max-smart-extra-battery-xt150-connection-cable-1m\/#breadcrumb","itemListElement":[{"@type":"ListItem","position":1,"name":"Home","item":"https:\/\/koningdrone.be\/"},{"@type":"ListItem","position":2,"name":"AVSS Parachute Recovery System for DJI Matrice 300\/350","item":"https:\/\/koningdrone.be\/product\/avss-parachute-recovery-system-for-dji-matrice-300-350\/"},{"@type":"ListItem","position":3,"name":"Alle kabels","item":"https:\/\/koningdrone.be\/categorie\/alle-kabels\/"},{"@type":"ListItem","position":4,"name":"EcoFlow DELTA Max Smart Extra Battery XT150 Connection Cable 1m"}]},{"@type":"WebSite","@id":"https:\/\/koningdrone.be\/#website","url":"https:\/\/koningdrone.be\/","name":"Koningdrone.be - Ihr Online-Spezialist f\u00fcr Drohnen, Gimbals, Kameras und Kraftwerke.","description":"Der Webshop f\u00fcr Drohnen und Gimbals","publisher":{"@id":"https:\/\/koningdrone.be\/#organization"},"potentialAction":[{"@type":"SearchAction","target":{"@type":"EntryPoint","urlTemplate":"https:\/\/koningdrone.be\/?s={search_term_string}"},"query-input":{"@type":"PropertyValueSpecification","valueRequired":true,"valueName":"search_term_string"}}],"inLanguage":"de"},{"@type":"Organization","@id":"https:\/\/koningdrone.be\/#organization","name":"Kingdrone.de","url":"https:\/\/koningdrone.be\/","logo":{"@type":"ImageObject","inLanguage":"de","@id":"https:\/\/koningdrone.be\/#\/schema\/logo\/image\/","url":"https:\/\/koningdrone.be\/wp-content\/uploads\/sites\/13\/2025\/04\/koningdrone-copyright-logo.svg","contentUrl":"https:\/\/koningdrone.be\/wp-content\/uploads\/sites\/13\/2025\/04\/koningdrone-copyright-logo.svg","width":227,"height":38,"caption":"Koningdrone.be"},"image":{"@id":"https:\/\/koningdrone.be\/#\/schema\/logo\/image\/"}}]}},"df_price":69,"df_sale_price":"","df_regular_price":69,"df_image_link":"https:\/\/koningdrone.be\/wp-content\/uploads\/sites\/13\/2025\/04\/4897082666523-1-300x300.jpg","_links":{"self":[{"href":"https:\/\/koningdrone.be\/de\/wp-json\/wp\/v2\/product\/4836","targetHints":{"allow":["GET"]}}],"collection":[{"href":"https:\/\/koningdrone.be\/de\/wp-json\/wp\/v2\/product"}],"about":[{"href":"https:\/\/koningdrone.be\/de\/wp-json\/wp\/v2\/types\/product"}],"wp:featuredmedia":[{"embeddable":true,"href":"https:\/\/koningdrone.be\/de\/wp-json\/wp\/v2\/media\/4833"}],"wp:attachment":[{"href":"https:\/\/koningdrone.be\/de\/wp-json\/wp\/v2\/media?parent=4836"}],"wp:term":[{"taxonomy":"product_brand","embeddable":true,"href":"https:\/\/koningdrone.be\/de\/wp-json\/wp\/v2\/product_brand?post=4836"},{"taxonomy":"product_cat","embeddable":true,"href":"https:\/\/koningdrone.be\/de\/wp-json\/wp\/v2\/product_cat?post=4836"},{"taxonomy":"product_tag","embeddable":true,"href":"https:\/\/koningdrone.be\/de\/wp-json\/wp\/v2\/product_tag?post=4836"}],"curies":[{"name":"wp","href":"https:\/\/api.w.org\/{rel}","templated":true}]}}