{"id":4827,"date":"2023-04-17T13:47:04","date_gmt":"2023-04-17T11:47:04","guid":{"rendered":"https:\/\/koningdrone.nl\/kon\/product\/livox-hap-tx\/"},"modified":"2026-04-29T08:30:38","modified_gmt":"2026-04-29T06:30:38","slug":"livox-hap-tx","status":"publish","type":"product","link":"https:\/\/koningdrone.be\/de\/produkt\/livox-hap-tx\/","title":{"rendered":"LIVOX HAP TX"},"content":{"rendered":"<h1>LIVOX HAP TX<\/h1>\n<p>Livox HAP wurde von Livox \u00fcber zwei Jahre hinweg entwickelt und ist das erste Fahrzeug-Lidar, das f\u00fcr intelligente Fahrerassistenzsysteme konzipiert wurde. HAP erf\u00fcllt bis zu 74 Punkte der Automobil-Zuverl\u00e4ssigkeitstests und wird seit 2021 in Livox' eigenem brandneuen Automobil-Produktionszentrum f\u00fcr OEMs wie Xpeng und FAW Jiefang in Serie produziert, um Kunden bei der Entwicklung branchenf\u00fchrender intelligenter Fahrsysteme zu unterst\u00fctzen, die \u00fcberlegene Sicherheit und Komfort bieten.<br \/> - Erfassungsbereich 150 m mit 10%<br \/> - Sichtfeld (FOV) 120\u00b0 x 25\u00b0<br \/> - Die Dichte der Punktwolke entspricht 144 Linien<br \/> - Winkelaufl\u00f6sung 0,18\u00b0 x 0,23\u00b0<br \/> - Punktzahl 452.000 pts\/s<br \/> - FPS 10 Hz<br \/><strong>Ausf\u00fchrlich auf die Eignung f\u00fcr Autos getestet<\/strong><br \/>HAP erreichte bei den Zuverl\u00e4ssigkeitstests im Livox-eigenen Testzentrum mehr als 70 Punkte und bestand. Diese Einrichtung entspricht den CNAS-Normen und verf\u00fcgt \u00fcber modernste Pr\u00fcfger\u00e4te. Sie wird von einem Team aus f\u00fchrenden Branchenexperten geleitet. Diese Einrichtung bietet Livox beeindruckende und effiziente Testm\u00f6glichkeiten und stellt sicher, dass HAP die Standards der gro\u00dfen Automobilhersteller sowie die Industrienormen wie ISO 16750 erf\u00fcllt.<br \/><strong> Massenproduktion ist das Ziel <\/strong><br \/>Das brandneue Produktionszentrum von Livox f\u00fcr Smart Cars hat in der ersten Phase eine geplante Baufl\u00e4che von 1.500 Quadratmetern. Ausgestattet mit vollautomatischen Lidar-Montagelinien, jede mit einer Jahreskapazit\u00e4t von bis zu 200.000 St\u00fcck, und unterst\u00fctzt durch mehrere erstklassige SMT-Produktionslinien (Surface Mount Technologies), die f\u00fcr einen PPM-Wert von 10 (parts per million) ausgelegt sind, wird dieses Produktionszentrum den k\u00fcnftigen wachsenden Bedarf von Livox an einer effizienten Produktion seiner eigenen Lidar-Kernkomponenten decken.<br \/><strong>\u00dcberlegene Leistung f\u00fcr ein intelligenteres Fahrerlebnis<\/strong><br \/> - Erfassungsreichweite: Die Erfassungsreichweite von HAP wurde auf 150 Meter erh\u00f6ht. Dadurch kann das autonome Fahrsystem weit entfernte Hindernisse auf Autobahnen und im Stadtverkehr viel fr\u00fcher und mit noch weniger Aufwand erkennen.<br \/> - Sichtfeld: Der HAP hat ein horizontales Sichtfeld von 120\u00b0. Durch den Einbau von zwei Sensoren erh\u00e4lt das Fahrzeug ein 180\u00b0-Ultra-Point-Cloud-Sichtfeld. Dadurch wird die F\u00e4higkeit des Systems, schwierige Verkehrssituationen zu bew\u00e4ltigen, wie z. B. das Einfahren in Fahrzeuge und das Abbiegen an Kreuzungen, erheblich verbessert.<br \/> - Punktwolkendichte: Mit einer Winkelaufl\u00f6sung von bis zu 0,18\u00b0 * 0,23\u00b0 hat HAP eine Punktwolkendichte, die der eines 144-Linien-Lidars f\u00fcr die ROI (Regions of Interest) entspricht. Die erh\u00f6hte Punktwolkendichte sorgt f\u00fcr eine realistischere Darstellung der Umgebung und erm\u00f6glicht die genaue Erkennung kleiner Objekte auf der umgebenden Stra\u00dfe, einschlie\u00dflich Fu\u00dfg\u00e4ngern, Fahrr\u00e4dern oder sogar Verkehrskegeln.<br \/><strong>Erh\u00f6hte Sicherheit mit Ultra FPS<\/strong><br \/>Dank einer ausgekl\u00fcgelten Drehspiegeltechnologie hat Livox ein v\u00f6llig neues Lidar-Technologiekonzept mit \"Ultra-FPS\" (frames per second) entwickelt und angewendet. Wenn die Fahrzeuge in Bewegung sind, werden die Objekte innerhalb des ROI des Lidar-Sichtfeldes zweimal und mit der Ruhezone gescannt. Diese Funktion bietet mehr Sicherheit f\u00fcr die Verkehrsteilnehmer, wenn sie mit hoher Geschwindigkeit fahren oder wenn sich Fu\u00dfg\u00e4nger oder Fahrr\u00e4der in ihrer N\u00e4he befinden.<\/p>","protected":false},"excerpt":{"rendered":"<ul>\n<li>IVOX HAP TX: Livox' erstes automobiltaugliches Lidar f\u00fcr die Massenproduktion<\/li>\n<\/ul>","protected":false},"featured_media":4823,"template":"","meta":{"_acf_changed":false},"product_brand":[],"product_cat":[187,97,751],"product_tag":[],"class_list":{"0":"post-4827","1":"product","2":"type-product","3":"status-publish","4":"has-post-thumbnail","6":"product_cat-alle-lidar","7":"product_cat-alle-producten","8":"product_cat-livox","9":"product_shipping_class-outofstock","10":"pa_brand-livox","11":"pa_productfamily-lidar-sensor","12":"pa_producttype-lidar-sensor","13":"pa_series-livox","15":"first","16":"outofstock","17":"taxable","18":"shipping-taxable","19":"product-type-simple"},"acf":[],"yoast_head":"<!-- This site is optimized with the Yoast SEO Premium plugin v27.2 (Yoast SEO v27.2) - https:\/\/yoast.com\/product\/yoast-seo-premium-wordpress\/ -->\n<title>LIVOX HAP TX - koningdrone.be<\/title>\n<meta name=\"robots\" content=\"index, follow, max-snippet:-1, max-image-preview:large, max-video-preview:-1\" \/>\n<link rel=\"canonical\" href=\"https:\/\/koningdrone.be\/de\/produkt\/livox-hap-tx\/\" \/>\n<meta property=\"og:locale\" content=\"de_DE\" \/>\n<meta property=\"og:type\" content=\"article\" \/>\n<meta property=\"og:title\" content=\"LIVOX HAP TX\" \/>\n<meta property=\"og:description\" content=\"IVOX HAP TX: Livox&#039; eerste lidar van autokwaliteit voor massaproductie\" \/>\n<meta property=\"og:url\" content=\"https:\/\/koningdrone.be\/de\/produkt\/livox-hap-tx\/\" \/>\n<meta property=\"og:site_name\" content=\"koningdrone.be\" \/>\n<meta property=\"article:modified_time\" content=\"2026-04-29T06:30:38+00:00\" \/>\n<meta property=\"og:image\" content=\"https:\/\/koningdrone.be\/wp-content\/uploads\/sites\/13\/2025\/04\/6941565934987-1.jpg\" \/>\n\t<meta property=\"og:image:width\" content=\"1280\" \/>\n\t<meta property=\"og:image:height\" content=\"800\" \/>\n\t<meta property=\"og:image:type\" content=\"image\/jpeg\" \/>\n<meta name=\"twitter:card\" content=\"summary_large_image\" \/>\n<meta name=\"twitter:label1\" content=\"Gesch\u00e4tzte Lesezeit\" \/>\n\t<meta name=\"twitter:data1\" content=\"2\u00a0Minuten\" \/>\n<script type=\"application\/ld+json\" class=\"yoast-schema-graph\">{\"@context\":\"https:\/\/schema.org\",\"@graph\":[{\"@type\":\"WebPage\",\"@id\":\"https:\/\/koningdrone.be\/product\/livox-hap-tx\/\",\"url\":\"https:\/\/koningdrone.be\/product\/livox-hap-tx\/\",\"name\":\"LIVOX HAP TX - koningdrone.be\",\"isPartOf\":{\"@id\":\"https:\/\/koningdrone.be\/#website\"},\"primaryImageOfPage\":{\"@id\":\"https:\/\/koningdrone.be\/product\/livox-hap-tx\/#primaryimage\"},\"image\":{\"@id\":\"https:\/\/koningdrone.be\/product\/livox-hap-tx\/#primaryimage\"},\"thumbnailUrl\":\"https:\/\/koningdrone.be\/wp-content\/uploads\/sites\/13\/2025\/04\/6941565934987-1.jpg\",\"datePublished\":\"2023-04-17T11:47:04+00:00\",\"dateModified\":\"2026-04-29T06:30:38+00:00\",\"breadcrumb\":{\"@id\":\"https:\/\/koningdrone.be\/product\/livox-hap-tx\/#breadcrumb\"},\"inLanguage\":\"de\",\"potentialAction\":[{\"@type\":\"ReadAction\",\"target\":[\"https:\/\/koningdrone.be\/product\/livox-hap-tx\/\"]}]},{\"@type\":\"ImageObject\",\"inLanguage\":\"de\",\"@id\":\"https:\/\/koningdrone.be\/product\/livox-hap-tx\/#primaryimage\",\"url\":\"https:\/\/koningdrone.be\/wp-content\/uploads\/sites\/13\/2025\/04\/6941565934987-1.jpg\",\"contentUrl\":\"https:\/\/koningdrone.be\/wp-content\/uploads\/sites\/13\/2025\/04\/6941565934987-1.jpg\",\"width\":1280,\"height\":800},{\"@type\":\"BreadcrumbList\",\"@id\":\"https:\/\/koningdrone.be\/product\/livox-hap-tx\/#breadcrumb\",\"itemListElement\":[{\"@type\":\"ListItem\",\"position\":1,\"name\":\"Home\",\"item\":\"https:\/\/koningdrone.be\/\"},{\"@type\":\"ListItem\",\"position\":2,\"name\":\"AVSS Parachute Recovery System for DJI Matrice 300\/350\",\"item\":\"https:\/\/koningdrone.be\/product\/avss-parachute-recovery-system-for-dji-matrice-300-350\/\"},{\"@type\":\"ListItem\",\"position\":3,\"name\":\"Alle LiDaR\",\"item\":\"https:\/\/koningdrone.be\/categorie\/alle-lidar\/\"},{\"@type\":\"ListItem\",\"position\":4,\"name\":\"LIVOX HAP TX\"}]},{\"@type\":\"WebSite\",\"@id\":\"https:\/\/koningdrone.be\/#website\",\"url\":\"https:\/\/koningdrone.be\/\",\"name\":\"Koningdrone.be - Uw online specialist in drones, gimbals, camera's en power stations.\",\"description\":\"De webshop in drones en gimbals\",\"publisher\":{\"@id\":\"https:\/\/koningdrone.be\/#organization\"},\"potentialAction\":[{\"@type\":\"SearchAction\",\"target\":{\"@type\":\"EntryPoint\",\"urlTemplate\":\"https:\/\/koningdrone.be\/?s={search_term_string}\"},\"query-input\":{\"@type\":\"PropertyValueSpecification\",\"valueRequired\":true,\"valueName\":\"search_term_string\"}}],\"inLanguage\":\"de\"},{\"@type\":\"Organization\",\"@id\":\"https:\/\/koningdrone.be\/#organization\",\"name\":\"Koningdrone.be\",\"url\":\"https:\/\/koningdrone.be\/\",\"logo\":{\"@type\":\"ImageObject\",\"inLanguage\":\"de\",\"@id\":\"https:\/\/koningdrone.be\/#\/schema\/logo\/image\/\",\"url\":\"https:\/\/koningdrone.be\/wp-content\/uploads\/sites\/13\/2025\/04\/koningdrone-copyright-logo.svg\",\"contentUrl\":\"https:\/\/koningdrone.be\/wp-content\/uploads\/sites\/13\/2025\/04\/koningdrone-copyright-logo.svg\",\"width\":227,\"height\":38,\"caption\":\"Koningdrone.be\"},\"image\":{\"@id\":\"https:\/\/koningdrone.be\/#\/schema\/logo\/image\/\"}}]}<\/script>\n<!-- \/ Yoast SEO Premium plugin. -->","yoast_head_json":{"title":"LIVOX HAP TX - koningdrone.be","robots":{"index":"index","follow":"follow","max-snippet":"max-snippet:-1","max-image-preview":"max-image-preview:large","max-video-preview":"max-video-preview:-1"},"canonical":"https:\/\/koningdrone.be\/de\/produkt\/livox-hap-tx\/","og_locale":"de_DE","og_type":"article","og_title":"LIVOX HAP TX","og_description":"IVOX HAP TX: Livox' eerste lidar van autokwaliteit voor massaproductie","og_url":"https:\/\/koningdrone.be\/de\/produkt\/livox-hap-tx\/","og_site_name":"koningdrone.be","article_modified_time":"2026-04-29T06:30:38+00:00","og_image":[{"width":1280,"height":800,"url":"https:\/\/koningdrone.be\/wp-content\/uploads\/sites\/13\/2025\/04\/6941565934987-1.jpg","type":"image\/jpeg"}],"twitter_card":"summary_large_image","twitter_misc":{"Gesch\u00e4tzte Lesezeit":"2\u00a0Minuten"},"schema":{"@context":"https:\/\/schema.org","@graph":[{"@type":"WebPage","@id":"https:\/\/koningdrone.be\/product\/livox-hap-tx\/","url":"https:\/\/koningdrone.be\/product\/livox-hap-tx\/","name":"LIVOX HAP TX - koningdrone.be","isPartOf":{"@id":"https:\/\/koningdrone.be\/#website"},"primaryImageOfPage":{"@id":"https:\/\/koningdrone.be\/product\/livox-hap-tx\/#primaryimage"},"image":{"@id":"https:\/\/koningdrone.be\/product\/livox-hap-tx\/#primaryimage"},"thumbnailUrl":"https:\/\/koningdrone.be\/wp-content\/uploads\/sites\/13\/2025\/04\/6941565934987-1.jpg","datePublished":"2023-04-17T11:47:04+00:00","dateModified":"2026-04-29T06:30:38+00:00","breadcrumb":{"@id":"https:\/\/koningdrone.be\/product\/livox-hap-tx\/#breadcrumb"},"inLanguage":"de","potentialAction":[{"@type":"ReadAction","target":["https:\/\/koningdrone.be\/product\/livox-hap-tx\/"]}]},{"@type":"ImageObject","inLanguage":"de","@id":"https:\/\/koningdrone.be\/product\/livox-hap-tx\/#primaryimage","url":"https:\/\/koningdrone.be\/wp-content\/uploads\/sites\/13\/2025\/04\/6941565934987-1.jpg","contentUrl":"https:\/\/koningdrone.be\/wp-content\/uploads\/sites\/13\/2025\/04\/6941565934987-1.jpg","width":1280,"height":800},{"@type":"BreadcrumbList","@id":"https:\/\/koningdrone.be\/product\/livox-hap-tx\/#breadcrumb","itemListElement":[{"@type":"ListItem","position":1,"name":"Home","item":"https:\/\/koningdrone.be\/"},{"@type":"ListItem","position":2,"name":"AVSS Parachute Recovery System for DJI Matrice 300\/350","item":"https:\/\/koningdrone.be\/product\/avss-parachute-recovery-system-for-dji-matrice-300-350\/"},{"@type":"ListItem","position":3,"name":"Alle LiDaR","item":"https:\/\/koningdrone.be\/categorie\/alle-lidar\/"},{"@type":"ListItem","position":4,"name":"LIVOX HAP TX"}]},{"@type":"WebSite","@id":"https:\/\/koningdrone.be\/#website","url":"https:\/\/koningdrone.be\/","name":"Koningdrone.be - Ihr Online-Spezialist f\u00fcr Drohnen, Gimbals, Kameras und Kraftwerke.","description":"Der Webshop f\u00fcr Drohnen und Gimbals","publisher":{"@id":"https:\/\/koningdrone.be\/#organization"},"potentialAction":[{"@type":"SearchAction","target":{"@type":"EntryPoint","urlTemplate":"https:\/\/koningdrone.be\/?s={search_term_string}"},"query-input":{"@type":"PropertyValueSpecification","valueRequired":true,"valueName":"search_term_string"}}],"inLanguage":"de"},{"@type":"Organization","@id":"https:\/\/koningdrone.be\/#organization","name":"Kingdrone.de","url":"https:\/\/koningdrone.be\/","logo":{"@type":"ImageObject","inLanguage":"de","@id":"https:\/\/koningdrone.be\/#\/schema\/logo\/image\/","url":"https:\/\/koningdrone.be\/wp-content\/uploads\/sites\/13\/2025\/04\/koningdrone-copyright-logo.svg","contentUrl":"https:\/\/koningdrone.be\/wp-content\/uploads\/sites\/13\/2025\/04\/koningdrone-copyright-logo.svg","width":227,"height":38,"caption":"Koningdrone.be"},"image":{"@id":"https:\/\/koningdrone.be\/#\/schema\/logo\/image\/"}}]}},"df_price":"","df_sale_price":"","df_regular_price":"","df_image_link":"https:\/\/koningdrone.be\/wp-content\/uploads\/sites\/13\/2025\/04\/6941565934987-1-300x188.jpg","_links":{"self":[{"href":"https:\/\/koningdrone.be\/de\/wp-json\/wp\/v2\/product\/4827","targetHints":{"allow":["GET"]}}],"collection":[{"href":"https:\/\/koningdrone.be\/de\/wp-json\/wp\/v2\/product"}],"about":[{"href":"https:\/\/koningdrone.be\/de\/wp-json\/wp\/v2\/types\/product"}],"wp:featuredmedia":[{"embeddable":true,"href":"https:\/\/koningdrone.be\/de\/wp-json\/wp\/v2\/media\/4823"}],"wp:attachment":[{"href":"https:\/\/koningdrone.be\/de\/wp-json\/wp\/v2\/media?parent=4827"}],"wp:term":[{"taxonomy":"product_brand","embeddable":true,"href":"https:\/\/koningdrone.be\/de\/wp-json\/wp\/v2\/product_brand?post=4827"},{"taxonomy":"product_cat","embeddable":true,"href":"https:\/\/koningdrone.be\/de\/wp-json\/wp\/v2\/product_cat?post=4827"},{"taxonomy":"product_tag","embeddable":true,"href":"https:\/\/koningdrone.be\/de\/wp-json\/wp\/v2\/product_tag?post=4827"}],"curies":[{"name":"wp","href":"https:\/\/api.w.org\/{rel}","templated":true}]}}