{"id":4817,"date":"2023-04-17T13:47:04","date_gmt":"2023-04-17T11:47:04","guid":{"rendered":"https:\/\/koningdrone.nl\/kon\/product\/insta360-x3\/"},"modified":"2026-05-17T05:00:16","modified_gmt":"2026-05-17T03:00:16","slug":"insta360-x3","status":"publish","type":"product","link":"https:\/\/koningdrone.be\/de\/produkt\/insta360-x3\/","title":{"rendered":"INSTA360 X3"},"content":{"rendered":"<h1>INSTA360 X3<\/h1>\n<p>Ob Sie nun Landschaften oder aktive Aufnahmen machen, die Insta360 X3 verf\u00fcgt \u00fcber einen innovativen Sensor, eine hohe Bildrate und eine erstklassige Aufl\u00f6sung, mit der Sie stabile, hochwertige Fotos und Videos aufnehmen k\u00f6nnen.<br \/> - Produkttyp Action-Videokameras<br \/> - Marke- Insta360<br \/> - Modell-INSTAONEX3<br \/> - Produktbreite (cm) - 11.4<br \/> - Produkttiefe (cm) - 3.31<br \/> - H\u00f6he des Produkts (cm) - 4,6<br \/> - Gewicht (kg) - 0,18<br \/> - Ausdr\u00fcckliche Herstellergarantie (Monate) - 12<\/p>","protected":false},"excerpt":{"rendered":"<ul>\n<li>1\/2-Sensor, 72-Megapixel-Fotos und 360\u00b0-Aufnahmen erm\u00f6glichen die Wahl des idealen Blickwinkels und die Aufnahme von Fotos und Videos mit gro\u00dfem Detailreichtum<\/li>\n<li>Einzelobjektivmodus und Me-Modus mit 4K30fps, 2,7k Aufl\u00f6sung, maximaler Sichtbarkeit und unsichtbarem Selfie-Stick-Effekt erm\u00f6glichen Weitwinkelaufnahmen aus der ersten Person<\/li>\n<li>HDR-Videomodus sowie 1080p30fps und 60fps liefern hohe Bildraten und eignen sich daher hervorragend f\u00fcr Action- und Sportaufnahmen<\/li>\n<li>Mit der 360-Zeitrafferfunktion k\u00f6nnen Sie Videos in 8K-Qualit\u00e4t aufnehmen, w\u00e4hrend die Zeitlupenfunktion K120fps oder 3K180fps eine Aufl\u00f6sung von bis zu 4K bietet.<\/li>\n<li>Stabile, hochwertige Bilder dank Bildstabilisierung<\/li>\n<li>IPX8 wasserdicht bis zu 10 Metern, so dass Sie es in Unterwasser-Szenen verwenden k\u00f6nnen<\/li>\n<li>Ausgestattet mit 4 Mikrofonen und einem verbesserten Audioalgorithmus f\u00fcr optimalen und ausgewogenen Klang<\/li>\n<li>Mit der Pre-Record-Funktion und dem Loop-Aufnahmemodus k\u00f6nnen Sie rechtzeitig Aufnahmen machen und 15 bis 30 Sekunden Video- und Speicherplatz sparen.<\/li>\n<li>Ausgestattet mit einem 2,296-Zoll-Touchscreen, der Ihnen eine klare Sicht auf Ihre Fotos und Videos erm\u00f6glicht<\/li>\n<li>Benutzerfreundlich und einfach zu bedienen dank Vibrationsfeedback, Sprachsteuerungsalgorithmus und Wi-Fi-Konnektivit\u00e4t<\/li>\n<li>Insta360 App und Shot Lab (Download erforderlich) machen die Bearbeitung von Fotos einfach und bequem<\/li>\n<li>1800-mAh-Akku f\u00fcr eine l\u00e4ngere Betriebsdauer<\/li>\n<\/ul>","protected":false},"featured_media":4807,"template":"","meta":{"_acf_changed":false},"product_brand":[],"product_cat":[97,343],"product_tag":[],"class_list":{"0":"post-4817","1":"product","2":"type-product","3":"status-publish","4":"has-post-thumbnail","6":"product_cat-alle-producten","7":"product_cat-insta360","8":"product_shipping_class-europafotoall","9":"pa_brand-insta360","10":"pa_productfamily-action-cam","11":"pa_producttype-action-cam","12":"pa_series-insta360-go","14":"first","15":"instock","16":"taxable","17":"shipping-taxable","18":"purchasable","19":"product-type-simple"},"acf":[],"yoast_head":"<!-- This site is optimized with the Yoast SEO Premium plugin v27.2 (Yoast SEO v27.2) - https:\/\/yoast.com\/product\/yoast-seo-premium-wordpress\/ -->\n<title>INSTA360 X3 - koningdrone.be<\/title>\n<meta name=\"robots\" content=\"index, follow, max-snippet:-1, max-image-preview:large, max-video-preview:-1\" \/>\n<link rel=\"canonical\" href=\"https:\/\/koningdrone.be\/de\/produkt\/insta360-x3\/\" \/>\n<meta property=\"og:locale\" content=\"de_DE\" \/>\n<meta property=\"og:type\" content=\"article\" \/>\n<meta property=\"og:title\" content=\"INSTA360 X3\" \/>\n<meta property=\"og:description\" content=\"Met 1\/2 sensor, foto&#039;s van 72 megapixels en 360\u00b0-opnamen kun je een ideale hoek kiezen en foto&#039;s en video&#039;s met veel detail makenEnkele lensmodus en Me-modus met 4K30fps, 2,7k resolutie, maximaal zicht en onzichtbaar selfiestick-effect stellen u in staat om groothoekfoto&#039;s van de eerste persoon te makenHDR-videomodus, plus 1080p30fps en 60fps leveren een hoge framesnelheid, waardoor het uitstekend geschikt is voor actie- en sportopnamesMet de 360 time-lapse-functie kunt u video&#039;s opnemen in 8K-kwaliteit, terwijl K120fps of 3K180fps slow-mo een resolutie tot 4K biedtMaak stabiele beelden van hoge kwaliteit dankzij de beeldstabilisatieIPX8 waterdicht tot 10 meter, dus je kunt het gebruiken in onderwatersc\u00e8nesUitgerust met 4 microfoons en een ge\u00fcpgraded audio-algoritme voor een optimaal en uitgebalanceerd geluidKrijg op tijd beeldmateriaal en bespaar 15 tot 30 seconden aan video&#039;s en geheugenruimte met de pre-recordfunctie en loop-opnamemodusUitgerust met een 2,296 inch touchscreen, waardoor je je foto&#039;s en video&#039;s goed in beeld hebtGebruiksvriendelijk en gebruiksvriendelijk dankzij de trillingsfeedback, het algoritme voor spraakbesturing en Wi-Fi-connectiviteitInsta360-app en Shot Lab (download vereist) maken het bewerken van foto&#039;s eenvoudig en handigAangedreven door een batterij van 1800 mAh, voor een langere looptijd\" \/>\n<meta property=\"og:url\" content=\"https:\/\/koningdrone.be\/de\/produkt\/insta360-x3\/\" \/>\n<meta property=\"og:site_name\" content=\"koningdrone.be\" \/>\n<meta property=\"article:modified_time\" content=\"2026-05-17T03:00:16+00:00\" \/>\n<meta property=\"og:image\" content=\"https:\/\/koningdrone.be\/wp-content\/uploads\/sites\/13\/2025\/04\/6970357853922-01.jpg\" \/>\n\t<meta property=\"og:image:width\" content=\"992\" \/>\n\t<meta property=\"og:image:height\" content=\"558\" \/>\n\t<meta property=\"og:image:type\" content=\"image\/jpeg\" \/>\n<meta name=\"twitter:card\" content=\"summary_large_image\" \/>\n<script type=\"application\/ld+json\" class=\"yoast-schema-graph\">{\"@context\":\"https:\/\/schema.org\",\"@graph\":[{\"@type\":\"WebPage\",\"@id\":\"https:\/\/koningdrone.be\/product\/insta360-x3\/\",\"url\":\"https:\/\/koningdrone.be\/product\/insta360-x3\/\",\"name\":\"INSTA360 X3 - koningdrone.be\",\"isPartOf\":{\"@id\":\"https:\/\/koningdrone.be\/#website\"},\"primaryImageOfPage\":{\"@id\":\"https:\/\/koningdrone.be\/product\/insta360-x3\/#primaryimage\"},\"image\":{\"@id\":\"https:\/\/koningdrone.be\/product\/insta360-x3\/#primaryimage\"},\"thumbnailUrl\":\"https:\/\/koningdrone.be\/wp-content\/uploads\/sites\/13\/2025\/04\/6970357853922-01.jpg\",\"datePublished\":\"2023-04-17T11:47:04+00:00\",\"dateModified\":\"2026-05-17T03:00:16+00:00\",\"breadcrumb\":{\"@id\":\"https:\/\/koningdrone.be\/product\/insta360-x3\/#breadcrumb\"},\"inLanguage\":\"de\",\"potentialAction\":[{\"@type\":\"ReadAction\",\"target\":[\"https:\/\/koningdrone.be\/product\/insta360-x3\/\"]}]},{\"@type\":\"ImageObject\",\"inLanguage\":\"de\",\"@id\":\"https:\/\/koningdrone.be\/product\/insta360-x3\/#primaryimage\",\"url\":\"https:\/\/koningdrone.be\/wp-content\/uploads\/sites\/13\/2025\/04\/6970357853922-01.jpg\",\"contentUrl\":\"https:\/\/koningdrone.be\/wp-content\/uploads\/sites\/13\/2025\/04\/6970357853922-01.jpg\",\"width\":992,\"height\":558},{\"@type\":\"BreadcrumbList\",\"@id\":\"https:\/\/koningdrone.be\/product\/insta360-x3\/#breadcrumb\",\"itemListElement\":[{\"@type\":\"ListItem\",\"position\":1,\"name\":\"Home\",\"item\":\"https:\/\/koningdrone.be\/\"},{\"@type\":\"ListItem\",\"position\":2,\"name\":\"AVSS Parachute Recovery System for DJI Matrice 300\/350\",\"item\":\"https:\/\/koningdrone.be\/product\/avss-parachute-recovery-system-for-dji-matrice-300-350\/\"},{\"@type\":\"ListItem\",\"position\":3,\"name\":\"Alle producten\",\"item\":\"https:\/\/koningdrone.be\/categorie\/alle-producten\/\"},{\"@type\":\"ListItem\",\"position\":4,\"name\":\"INSTA360 X3\"}]},{\"@type\":\"WebSite\",\"@id\":\"https:\/\/koningdrone.be\/#website\",\"url\":\"https:\/\/koningdrone.be\/\",\"name\":\"Koningdrone.be - Uw online specialist in drones, gimbals, camera's en power stations.\",\"description\":\"De webshop in drones en gimbals\",\"publisher\":{\"@id\":\"https:\/\/koningdrone.be\/#organization\"},\"potentialAction\":[{\"@type\":\"SearchAction\",\"target\":{\"@type\":\"EntryPoint\",\"urlTemplate\":\"https:\/\/koningdrone.be\/?s={search_term_string}\"},\"query-input\":{\"@type\":\"PropertyValueSpecification\",\"valueRequired\":true,\"valueName\":\"search_term_string\"}}],\"inLanguage\":\"de\"},{\"@type\":\"Organization\",\"@id\":\"https:\/\/koningdrone.be\/#organization\",\"name\":\"Koningdrone.be\",\"url\":\"https:\/\/koningdrone.be\/\",\"logo\":{\"@type\":\"ImageObject\",\"inLanguage\":\"de\",\"@id\":\"https:\/\/koningdrone.be\/#\/schema\/logo\/image\/\",\"url\":\"https:\/\/koningdrone.be\/wp-content\/uploads\/sites\/13\/2025\/04\/koningdrone-copyright-logo.svg\",\"contentUrl\":\"https:\/\/koningdrone.be\/wp-content\/uploads\/sites\/13\/2025\/04\/koningdrone-copyright-logo.svg\",\"width\":227,\"height\":38,\"caption\":\"Koningdrone.be\"},\"image\":{\"@id\":\"https:\/\/koningdrone.be\/#\/schema\/logo\/image\/\"}}]}<\/script>\n<!-- \/ Yoast SEO Premium plugin. -->","yoast_head_json":{"title":"INSTA360 X3 - koningdrone.be","robots":{"index":"index","follow":"follow","max-snippet":"max-snippet:-1","max-image-preview":"max-image-preview:large","max-video-preview":"max-video-preview:-1"},"canonical":"https:\/\/koningdrone.be\/de\/produkt\/insta360-x3\/","og_locale":"de_DE","og_type":"article","og_title":"INSTA360 X3","og_description":"Met 1\/2 sensor, foto's van 72 megapixels en 360\u00b0-opnamen kun je een ideale hoek kiezen en foto's en video's met veel detail makenEnkele lensmodus en Me-modus met 4K30fps, 2,7k resolutie, maximaal zicht en onzichtbaar selfiestick-effect stellen u in staat om groothoekfoto's van de eerste persoon te makenHDR-videomodus, plus 1080p30fps en 60fps leveren een hoge framesnelheid, waardoor het uitstekend geschikt is voor actie- en sportopnamesMet de 360 time-lapse-functie kunt u video's opnemen in 8K-kwaliteit, terwijl K120fps of 3K180fps slow-mo een resolutie tot 4K biedtMaak stabiele beelden van hoge kwaliteit dankzij de beeldstabilisatieIPX8 waterdicht tot 10 meter, dus je kunt het gebruiken in onderwatersc\u00e8nesUitgerust met 4 microfoons en een ge\u00fcpgraded audio-algoritme voor een optimaal en uitgebalanceerd geluidKrijg op tijd beeldmateriaal en bespaar 15 tot 30 seconden aan video's en geheugenruimte met de pre-recordfunctie en loop-opnamemodusUitgerust met een 2,296 inch touchscreen, waardoor je je foto's en video's goed in beeld hebtGebruiksvriendelijk en gebruiksvriendelijk dankzij de trillingsfeedback, het algoritme voor spraakbesturing en Wi-Fi-connectiviteitInsta360-app en Shot Lab (download vereist) maken het bewerken van foto's eenvoudig en handigAangedreven door een batterij van 1800 mAh, voor een langere looptijd","og_url":"https:\/\/koningdrone.be\/de\/produkt\/insta360-x3\/","og_site_name":"koningdrone.be","article_modified_time":"2026-05-17T03:00:16+00:00","og_image":[{"width":992,"height":558,"url":"https:\/\/koningdrone.be\/wp-content\/uploads\/sites\/13\/2025\/04\/6970357853922-01.jpg","type":"image\/jpeg"}],"twitter_card":"summary_large_image","schema":{"@context":"https:\/\/schema.org","@graph":[{"@type":"WebPage","@id":"https:\/\/koningdrone.be\/product\/insta360-x3\/","url":"https:\/\/koningdrone.be\/product\/insta360-x3\/","name":"INSTA360 X3 - koningdrone.be","isPartOf":{"@id":"https:\/\/koningdrone.be\/#website"},"primaryImageOfPage":{"@id":"https:\/\/koningdrone.be\/product\/insta360-x3\/#primaryimage"},"image":{"@id":"https:\/\/koningdrone.be\/product\/insta360-x3\/#primaryimage"},"thumbnailUrl":"https:\/\/koningdrone.be\/wp-content\/uploads\/sites\/13\/2025\/04\/6970357853922-01.jpg","datePublished":"2023-04-17T11:47:04+00:00","dateModified":"2026-05-17T03:00:16+00:00","breadcrumb":{"@id":"https:\/\/koningdrone.be\/product\/insta360-x3\/#breadcrumb"},"inLanguage":"de","potentialAction":[{"@type":"ReadAction","target":["https:\/\/koningdrone.be\/product\/insta360-x3\/"]}]},{"@type":"ImageObject","inLanguage":"de","@id":"https:\/\/koningdrone.be\/product\/insta360-x3\/#primaryimage","url":"https:\/\/koningdrone.be\/wp-content\/uploads\/sites\/13\/2025\/04\/6970357853922-01.jpg","contentUrl":"https:\/\/koningdrone.be\/wp-content\/uploads\/sites\/13\/2025\/04\/6970357853922-01.jpg","width":992,"height":558},{"@type":"BreadcrumbList","@id":"https:\/\/koningdrone.be\/product\/insta360-x3\/#breadcrumb","itemListElement":[{"@type":"ListItem","position":1,"name":"Home","item":"https:\/\/koningdrone.be\/"},{"@type":"ListItem","position":2,"name":"AVSS Parachute Recovery System for DJI Matrice 300\/350","item":"https:\/\/koningdrone.be\/product\/avss-parachute-recovery-system-for-dji-matrice-300-350\/"},{"@type":"ListItem","position":3,"name":"Alle producten","item":"https:\/\/koningdrone.be\/categorie\/alle-producten\/"},{"@type":"ListItem","position":4,"name":"INSTA360 X3"}]},{"@type":"WebSite","@id":"https:\/\/koningdrone.be\/#website","url":"https:\/\/koningdrone.be\/","name":"Koningdrone.be - Ihr Online-Spezialist f\u00fcr Drohnen, Gimbals, Kameras und Kraftwerke.","description":"Der Webshop f\u00fcr Drohnen und Gimbals","publisher":{"@id":"https:\/\/koningdrone.be\/#organization"},"potentialAction":[{"@type":"SearchAction","target":{"@type":"EntryPoint","urlTemplate":"https:\/\/koningdrone.be\/?s={search_term_string}"},"query-input":{"@type":"PropertyValueSpecification","valueRequired":true,"valueName":"search_term_string"}}],"inLanguage":"de"},{"@type":"Organization","@id":"https:\/\/koningdrone.be\/#organization","name":"Kingdrone.de","url":"https:\/\/koningdrone.be\/","logo":{"@type":"ImageObject","inLanguage":"de","@id":"https:\/\/koningdrone.be\/#\/schema\/logo\/image\/","url":"https:\/\/koningdrone.be\/wp-content\/uploads\/sites\/13\/2025\/04\/koningdrone-copyright-logo.svg","contentUrl":"https:\/\/koningdrone.be\/wp-content\/uploads\/sites\/13\/2025\/04\/koningdrone-copyright-logo.svg","width":227,"height":38,"caption":"Koningdrone.be"},"image":{"@id":"https:\/\/koningdrone.be\/#\/schema\/logo\/image\/"}}]}},"df_price":365,"df_sale_price":"","df_regular_price":365,"df_image_link":"https:\/\/koningdrone.be\/wp-content\/uploads\/sites\/13\/2025\/04\/6970357853922-01-300x169.jpg","_links":{"self":[{"href":"https:\/\/koningdrone.be\/de\/wp-json\/wp\/v2\/product\/4817","targetHints":{"allow":["GET"]}}],"collection":[{"href":"https:\/\/koningdrone.be\/de\/wp-json\/wp\/v2\/product"}],"about":[{"href":"https:\/\/koningdrone.be\/de\/wp-json\/wp\/v2\/types\/product"}],"wp:featuredmedia":[{"embeddable":true,"href":"https:\/\/koningdrone.be\/de\/wp-json\/wp\/v2\/media\/4807"}],"wp:attachment":[{"href":"https:\/\/koningdrone.be\/de\/wp-json\/wp\/v2\/media?parent=4817"}],"wp:term":[{"taxonomy":"product_brand","embeddable":true,"href":"https:\/\/koningdrone.be\/de\/wp-json\/wp\/v2\/product_brand?post=4817"},{"taxonomy":"product_cat","embeddable":true,"href":"https:\/\/koningdrone.be\/de\/wp-json\/wp\/v2\/product_cat?post=4817"},{"taxonomy":"product_tag","embeddable":true,"href":"https:\/\/koningdrone.be\/de\/wp-json\/wp\/v2\/product_tag?post=4817"}],"curies":[{"name":"wp","href":"https:\/\/api.w.org\/{rel}","templated":true}]}}