{"id":4793,"date":"2023-04-17T13:47:04","date_gmt":"2023-04-17T11:47:04","guid":{"rendered":"https:\/\/koningdrone.nl\/kon\/product\/ecoflow-wave-2\/"},"modified":"2026-04-29T15:50:38","modified_gmt":"2026-04-29T13:50:38","slug":"ecoflow-wave-2","status":"publish","type":"product","link":"https:\/\/koningdrone.be\/de\/produkt\/ecoflow-wave-2\/","title":{"rendered":"EcoFlow Welle 2"},"content":{"rendered":"<p><strong>\u00dcber das Produkt<\/strong><\/p>\n<h2 style=\"overflow: auto\">Lernen Sie WAVE 2 kennen: das ultimative kabellose tragbare Klimager\u00e4t mit Heizfunktion (Batterie nicht im Lieferumfang enthalten).<\/h2>\n<p>Erleben Sie die Spitze der K\u00fchl- und Heiztechnologie mit WAVE 2, dem weltweit ersten kabellosen, tragbaren Klimager\u00e4t mit Heizfunktion. Dieses innovative Ger\u00e4t wurde von EcoFlow entwickelt und bietet mit 5100 BTU K\u00fchlleistung und 6100 BTU Heizleistung eine un\u00fcbertroffene Leistung. Verabschieden Sie sich von Unannehmlichkeiten und begr\u00fc\u00dfen Sie die ultimative Klimakontrolle mit WAVE 2.\u00a0<strong>Schnellste K\u00fchlung und Heizung<\/strong>\u00a0Ausgestattet mit dem ma\u00dfgeschneiderten EcoFlow-Kompressor kann WAVE 2 R\u00e4ume blitzschnell k\u00fchlen oder heizen und so innerhalb von Minuten f\u00fcr Abhilfe sorgen. Senken Sie die Temperatur in nur 5 Minuten um 10 \u00b0C mit einer K\u00fchlleistung von 5100 BTU oder erh\u00f6hen Sie sie um 10 \u00b0C mit einer Heizleistung von 6100 BTU und sorgen Sie f\u00fcr optimalen Komfort in jeder Umgebung.\u00a0<strong>Installationsfrei, passt \u00fcberall hin<\/strong>\u00a0Erleben Sie m\u00fcheloses K\u00fchlen und Heizen mit WAVE 2, da er weder installiert noch entsorgt werden muss*. Dank seines kompakten Designs und der vielseitigen Lufteinlassadapter passt er nahtlos in jeden Raum, sei es ein Zelt, ein Wohnmobil oder ein kleines Zimmer. *Hinweis: Im K\u00fchlmodus ist kein Abfluss erforderlich, wenn die Luftfeuchtigkeit unter 70% liegt; im Heizmodus ist er jedoch erforderlich.\u00a0<strong>Friedlicher Schlaf, leise und langanhaltend<\/strong>\u00a0Genie\u00dfen Sie ununterbrochene Entspannung mit den fortschrittlichen Software-Algorithmen von WAVE 2, mit mehreren Modi und App-Steuerung. Betreiben Sie ihn leise im Schlafmodus (bis zu 44 dB) und profitieren Sie von bis zu 8 Stunden Betriebszeit im Eco-Modus, um eine ruhige und komfortable Umgebung zu gew\u00e4hrleisten, wo immer Sie sich befinden.\u00a0<strong>Umweltfreundliche K\u00fchlung mit R290<\/strong>\u00a0Mit EcoFlow trifft Nachhaltigkeit auf Komfort. WAVE 2 verwendet R290, ein nat\u00fcrliches K\u00e4ltemittel mit geringerem Treibhauspotenzial und null Ozonemissionen, das eine umweltfreundlichere Alternative zu herk\u00f6mmlichen K\u00e4ltemitteln darstellt und gleichzeitig eine au\u00dfergew\u00f6hnliche K\u00fchlleistung bietet.\u00a0<strong>Schnelles Aufladen, \u00fcberall<\/strong>\u00a0Laden Sie Ihren WAVE 2 schnell und einfach mit mehreren Ladeoptionen auf, einschlie\u00dflich AC, Solar, Auto oder Stromstationen. Erleben Sie die Freiheit von k\u00fchler oder warmer Luft, jederzeit und \u00fcberall, mit der Flexibilit\u00e4t mehrerer Ladeoptionen.\u00a0<strong>Teil eines immer gr\u00f6\u00dfer werdenden \u00d6kosystems<\/strong>\u00a0Verbessern Sie Ihr WAVE 2-Erlebnis, indem Sie es mit einem EcoFlow DELTA 2 \/ DELTA Max oder deren Zusatzakkus f\u00fcr eine l\u00e4ngere Nutzungsdauer koppeln. Profitieren Sie von bis zu 14 Stunden Betriebszeit im Eco-Modus, 28% effizienter als andere tragbare Ladestationen und Kompatibilit\u00e4t mit jeder Ladestation mit einem 820W-Ladeeingang.\u00a0<strong>Leistungsstarke Portabilit\u00e4t, zugeschnitten auf Ihre Bed\u00fcrfnisse<\/strong>\u00a0Trotz seiner kompakten Gr\u00f6\u00dfe k\u00fchlt und heizt WAVE 2 leistungsstark, wo immer Sie sind. Befestigen Sie Luftkan\u00e4le f\u00fcr einen gezielten Luftstrom, so dass er sich ideal f\u00fcr Zelte, Wohnmobilfenster oder eine entfernte Positionierung f\u00fcr eine effiziente Klimaregelung eignet. Erleben Sie un\u00fcbertroffene Mobilit\u00e4t und Komfort mit WAVE 2.<\/p>","protected":false},"excerpt":{"rendered":"<ul>\n<li><span style=\"vertical-align: inherit\"><span style=\"vertical-align: inherit\">K\u00fchleffizienz - 1495W<\/span><\/span><\/li>\n<li><span style=\"vertical-align: inherit\"><span style=\"vertical-align: inherit\">Ger\u00e4tetyp - Klimatisierung + Heizung<\/span><\/span><\/li>\n<li><span style=\"vertical-align: inherit\"><span style=\"vertical-align: inherit\">Kontinuierliche Arbeitszeiten -<\/span><\/span><\/li>\n<li><span style=\"vertical-align: inherit\"><span style=\"vertical-align: inherit\">Zus\u00e4tzliche Batterie (nicht im Lieferumfang enthalten); erm\u00f6glicht 8 Stunden Dauerbetrieb<\/span><\/span><\/li>\n<li><span style=\"vertical-align: inherit\"><span style=\"vertical-align: inherit\">Solare Ladeleistung - bis zu 400 W<\/span><\/span><\/li>\n<li><span style=\"vertical-align: inherit\"><span style=\"vertical-align: inherit\">Heizleistung - 1788 W<\/span><\/span><\/li>\n<li><span style=\"vertical-align: inherit\"><span style=\"vertical-align: inherit\">Gewicht - 14 kg<\/span><\/span><\/li>\n<\/ul>","protected":false},"featured_media":8830,"template":"","meta":{"_acf_changed":false},"product_brand":[],"product_cat":[454,97,245,276,415,628],"product_tag":[],"class_list":{"0":"post-4793","1":"product","2":"type-product","3":"status-publish","4":"has-post-thumbnail","6":"product_cat-alle-powerstations","7":"product_cat-alle-producten","8":"product_cat-ecoflow","9":"product_cat-ecoflow-powerstations","10":"product_cat-energy","11":"product_cat-powerstations","12":"product_shipping_class-outofstock","13":"pa_brand-ecoflow","14":"pa_productfamily-airconditioner","15":"pa_producttype-airconditioner","16":"pa_series-wave-2","18":"first","19":"outofstock","20":"taxable","21":"shipping-taxable","22":"purchasable","23":"product-type-simple"},"acf":[],"yoast_head":"<!-- This site is optimized with the Yoast SEO Premium plugin v27.2 (Yoast SEO v27.2) - https:\/\/yoast.com\/product\/yoast-seo-premium-wordpress\/ -->\n<title>EcoFlow Wave 2 - koningdrone.be<\/title>\n<meta name=\"robots\" content=\"index, follow, max-snippet:-1, max-image-preview:large, max-video-preview:-1\" \/>\n<link rel=\"canonical\" href=\"https:\/\/koningdrone.be\/de\/produkt\/ecoflow-wave-2\/\" \/>\n<meta property=\"og:locale\" content=\"de_DE\" \/>\n<meta property=\"og:type\" content=\"article\" \/>\n<meta property=\"og:title\" content=\"EcoFlow Wave 2\" \/>\n<meta property=\"og:description\" content=\"Cooling efficiency - 1495W  Device type - air conditioning + heating  Continuous working hours -  Extra battery (not included); provides 8 hours of continuous use  Solar charging power - up to 400 W  Heating efficiency - 1788 W  Weight - 14 kg\" \/>\n<meta property=\"og:url\" content=\"https:\/\/koningdrone.be\/de\/produkt\/ecoflow-wave-2\/\" \/>\n<meta property=\"og:site_name\" content=\"koningdrone.be\" \/>\n<meta property=\"article:modified_time\" content=\"2026-04-29T13:50:38+00:00\" \/>\n<meta property=\"og:image\" content=\"https:\/\/koningdrone.be\/wp-content\/uploads\/sites\/13\/2025\/05\/ecoflow-wave-2-1.webp\" \/>\n\t<meta property=\"og:image:width\" content=\"1450\" \/>\n\t<meta property=\"og:image:height\" content=\"988\" \/>\n\t<meta property=\"og:image:type\" content=\"image\/webp\" \/>\n<meta name=\"twitter:card\" content=\"summary_large_image\" \/>\n<meta name=\"twitter:label1\" content=\"Gesch\u00e4tzte Lesezeit\" \/>\n\t<meta name=\"twitter:data1\" content=\"3\u00a0Minuten\" \/>\n<script type=\"application\/ld+json\" class=\"yoast-schema-graph\">{\"@context\":\"https:\/\/schema.org\",\"@graph\":[{\"@type\":\"WebPage\",\"@id\":\"https:\/\/koningdrone.be\/product\/ecoflow-wave-2\/\",\"url\":\"https:\/\/koningdrone.be\/product\/ecoflow-wave-2\/\",\"name\":\"EcoFlow Wave 2 - koningdrone.be\",\"isPartOf\":{\"@id\":\"https:\/\/koningdrone.be\/#website\"},\"primaryImageOfPage\":{\"@id\":\"https:\/\/koningdrone.be\/product\/ecoflow-wave-2\/#primaryimage\"},\"image\":{\"@id\":\"https:\/\/koningdrone.be\/product\/ecoflow-wave-2\/#primaryimage\"},\"thumbnailUrl\":\"https:\/\/koningdrone.be\/wp-content\/uploads\/sites\/13\/2025\/05\/ecoflow-wave-2-1.webp\",\"datePublished\":\"2023-04-17T11:47:04+00:00\",\"dateModified\":\"2026-04-29T13:50:38+00:00\",\"breadcrumb\":{\"@id\":\"https:\/\/koningdrone.be\/product\/ecoflow-wave-2\/#breadcrumb\"},\"inLanguage\":\"de\",\"potentialAction\":[{\"@type\":\"ReadAction\",\"target\":[\"https:\/\/koningdrone.be\/product\/ecoflow-wave-2\/\"]}]},{\"@type\":\"ImageObject\",\"inLanguage\":\"de\",\"@id\":\"https:\/\/koningdrone.be\/product\/ecoflow-wave-2\/#primaryimage\",\"url\":\"https:\/\/koningdrone.be\/wp-content\/uploads\/sites\/13\/2025\/05\/ecoflow-wave-2-1.webp\",\"contentUrl\":\"https:\/\/koningdrone.be\/wp-content\/uploads\/sites\/13\/2025\/05\/ecoflow-wave-2-1.webp\",\"width\":1450,\"height\":988},{\"@type\":\"BreadcrumbList\",\"@id\":\"https:\/\/koningdrone.be\/product\/ecoflow-wave-2\/#breadcrumb\",\"itemListElement\":[{\"@type\":\"ListItem\",\"position\":1,\"name\":\"Home\",\"item\":\"https:\/\/koningdrone.be\/\"},{\"@type\":\"ListItem\",\"position\":2,\"name\":\"AVSS Parachute Recovery System for DJI Matrice 300\/350\",\"item\":\"https:\/\/koningdrone.be\/product\/avss-parachute-recovery-system-for-dji-matrice-300-350\/\"},{\"@type\":\"ListItem\",\"position\":3,\"name\":\"Alle powerstations\",\"item\":\"https:\/\/koningdrone.be\/categorie\/alle-powerstations\/\"},{\"@type\":\"ListItem\",\"position\":4,\"name\":\"EcoFlow Wave 2\"}]},{\"@type\":\"WebSite\",\"@id\":\"https:\/\/koningdrone.be\/#website\",\"url\":\"https:\/\/koningdrone.be\/\",\"name\":\"Koningdrone.be - Uw online specialist in drones, gimbals, camera's en power stations.\",\"description\":\"De webshop in drones en gimbals\",\"publisher\":{\"@id\":\"https:\/\/koningdrone.be\/#organization\"},\"potentialAction\":[{\"@type\":\"SearchAction\",\"target\":{\"@type\":\"EntryPoint\",\"urlTemplate\":\"https:\/\/koningdrone.be\/?s={search_term_string}\"},\"query-input\":{\"@type\":\"PropertyValueSpecification\",\"valueRequired\":true,\"valueName\":\"search_term_string\"}}],\"inLanguage\":\"de\"},{\"@type\":\"Organization\",\"@id\":\"https:\/\/koningdrone.be\/#organization\",\"name\":\"Koningdrone.be\",\"url\":\"https:\/\/koningdrone.be\/\",\"logo\":{\"@type\":\"ImageObject\",\"inLanguage\":\"de\",\"@id\":\"https:\/\/koningdrone.be\/#\/schema\/logo\/image\/\",\"url\":\"https:\/\/koningdrone.be\/wp-content\/uploads\/sites\/13\/2025\/04\/koningdrone-copyright-logo.svg\",\"contentUrl\":\"https:\/\/koningdrone.be\/wp-content\/uploads\/sites\/13\/2025\/04\/koningdrone-copyright-logo.svg\",\"width\":227,\"height\":38,\"caption\":\"Koningdrone.be\"},\"image\":{\"@id\":\"https:\/\/koningdrone.be\/#\/schema\/logo\/image\/\"}}]}<\/script>\n<!-- \/ Yoast SEO Premium plugin. -->","yoast_head_json":{"title":"EcoFlow Wave 2 - koningdrone.be","robots":{"index":"index","follow":"follow","max-snippet":"max-snippet:-1","max-image-preview":"max-image-preview:large","max-video-preview":"max-video-preview:-1"},"canonical":"https:\/\/koningdrone.be\/de\/produkt\/ecoflow-wave-2\/","og_locale":"de_DE","og_type":"article","og_title":"EcoFlow Wave 2","og_description":"Cooling efficiency - 1495W  Device type - air conditioning + heating  Continuous working hours -  Extra battery (not included); provides 8 hours of continuous use  Solar charging power - up to 400 W  Heating efficiency - 1788 W  Weight - 14 kg","og_url":"https:\/\/koningdrone.be\/de\/produkt\/ecoflow-wave-2\/","og_site_name":"koningdrone.be","article_modified_time":"2026-04-29T13:50:38+00:00","og_image":[{"width":1450,"height":988,"url":"https:\/\/koningdrone.be\/wp-content\/uploads\/sites\/13\/2025\/05\/ecoflow-wave-2-1.webp","type":"image\/webp"}],"twitter_card":"summary_large_image","twitter_misc":{"Gesch\u00e4tzte Lesezeit":"3\u00a0Minuten"},"schema":{"@context":"https:\/\/schema.org","@graph":[{"@type":"WebPage","@id":"https:\/\/koningdrone.be\/product\/ecoflow-wave-2\/","url":"https:\/\/koningdrone.be\/product\/ecoflow-wave-2\/","name":"EcoFlow Wave 2 - koningdrone.be","isPartOf":{"@id":"https:\/\/koningdrone.be\/#website"},"primaryImageOfPage":{"@id":"https:\/\/koningdrone.be\/product\/ecoflow-wave-2\/#primaryimage"},"image":{"@id":"https:\/\/koningdrone.be\/product\/ecoflow-wave-2\/#primaryimage"},"thumbnailUrl":"https:\/\/koningdrone.be\/wp-content\/uploads\/sites\/13\/2025\/05\/ecoflow-wave-2-1.webp","datePublished":"2023-04-17T11:47:04+00:00","dateModified":"2026-04-29T13:50:38+00:00","breadcrumb":{"@id":"https:\/\/koningdrone.be\/product\/ecoflow-wave-2\/#breadcrumb"},"inLanguage":"de","potentialAction":[{"@type":"ReadAction","target":["https:\/\/koningdrone.be\/product\/ecoflow-wave-2\/"]}]},{"@type":"ImageObject","inLanguage":"de","@id":"https:\/\/koningdrone.be\/product\/ecoflow-wave-2\/#primaryimage","url":"https:\/\/koningdrone.be\/wp-content\/uploads\/sites\/13\/2025\/05\/ecoflow-wave-2-1.webp","contentUrl":"https:\/\/koningdrone.be\/wp-content\/uploads\/sites\/13\/2025\/05\/ecoflow-wave-2-1.webp","width":1450,"height":988},{"@type":"BreadcrumbList","@id":"https:\/\/koningdrone.be\/product\/ecoflow-wave-2\/#breadcrumb","itemListElement":[{"@type":"ListItem","position":1,"name":"Home","item":"https:\/\/koningdrone.be\/"},{"@type":"ListItem","position":2,"name":"AVSS Parachute Recovery System for DJI Matrice 300\/350","item":"https:\/\/koningdrone.be\/product\/avss-parachute-recovery-system-for-dji-matrice-300-350\/"},{"@type":"ListItem","position":3,"name":"Alle powerstations","item":"https:\/\/koningdrone.be\/categorie\/alle-powerstations\/"},{"@type":"ListItem","position":4,"name":"EcoFlow Wave 2"}]},{"@type":"WebSite","@id":"https:\/\/koningdrone.be\/#website","url":"https:\/\/koningdrone.be\/","name":"Koningdrone.be - Ihr Online-Spezialist f\u00fcr Drohnen, Gimbals, Kameras und Kraftwerke.","description":"Der Webshop f\u00fcr Drohnen und Gimbals","publisher":{"@id":"https:\/\/koningdrone.be\/#organization"},"potentialAction":[{"@type":"SearchAction","target":{"@type":"EntryPoint","urlTemplate":"https:\/\/koningdrone.be\/?s={search_term_string}"},"query-input":{"@type":"PropertyValueSpecification","valueRequired":true,"valueName":"search_term_string"}}],"inLanguage":"de"},{"@type":"Organization","@id":"https:\/\/koningdrone.be\/#organization","name":"Kingdrone.de","url":"https:\/\/koningdrone.be\/","logo":{"@type":"ImageObject","inLanguage":"de","@id":"https:\/\/koningdrone.be\/#\/schema\/logo\/image\/","url":"https:\/\/koningdrone.be\/wp-content\/uploads\/sites\/13\/2025\/04\/koningdrone-copyright-logo.svg","contentUrl":"https:\/\/koningdrone.be\/wp-content\/uploads\/sites\/13\/2025\/04\/koningdrone-copyright-logo.svg","width":227,"height":38,"caption":"Koningdrone.be"},"image":{"@id":"https:\/\/koningdrone.be\/#\/schema\/logo\/image\/"}}]}},"df_price":1199,"df_sale_price":"","df_regular_price":1199,"df_image_link":"https:\/\/koningdrone.be\/wp-content\/uploads\/sites\/13\/2025\/05\/ecoflow-wave-2-1-300x204.webp","_links":{"self":[{"href":"https:\/\/koningdrone.be\/de\/wp-json\/wp\/v2\/product\/4793","targetHints":{"allow":["GET"]}}],"collection":[{"href":"https:\/\/koningdrone.be\/de\/wp-json\/wp\/v2\/product"}],"about":[{"href":"https:\/\/koningdrone.be\/de\/wp-json\/wp\/v2\/types\/product"}],"wp:featuredmedia":[{"embeddable":true,"href":"https:\/\/koningdrone.be\/de\/wp-json\/wp\/v2\/media\/8830"}],"wp:attachment":[{"href":"https:\/\/koningdrone.be\/de\/wp-json\/wp\/v2\/media?parent=4793"}],"wp:term":[{"taxonomy":"product_brand","embeddable":true,"href":"https:\/\/koningdrone.be\/de\/wp-json\/wp\/v2\/product_brand?post=4793"},{"taxonomy":"product_cat","embeddable":true,"href":"https:\/\/koningdrone.be\/de\/wp-json\/wp\/v2\/product_cat?post=4793"},{"taxonomy":"product_tag","embeddable":true,"href":"https:\/\/koningdrone.be\/de\/wp-json\/wp\/v2\/product_tag?post=4793"}],"curies":[{"name":"wp","href":"https:\/\/api.w.org\/{rel}","templated":true}]}}