{"id":4787,"date":"2023-04-24T09:35:24","date_gmt":"2023-04-24T07:35:24","guid":{"rendered":"https:\/\/koningdrone.nl\/kon\/product\/card-dji-care-pro-2-year-plan-dji-inspire-3-eu-2\/"},"modified":"2026-04-29T04:01:03","modified_gmt":"2026-04-29T02:01:03","slug":"card-dji-care-pro-2-year-plan-dji-inspire-3-eu-2","status":"publish","type":"product","link":"https:\/\/koningdrone.be\/de\/produkt\/card-dji-care-pro-2-year-plan-dji-inspire-3-eu-2\/","title":{"rendered":"Karte DJI Care Pro 2-Jahres-Plan (DJI Inspire 3) EU"},"content":{"rendered":"<h1>Karte DJI Care Pro 2-Jahres-Plan (DJI Inspire 3) EU<\/h1>\n<p>Mit DJI Care Pro k\u00f6nnen Sie Ihre Drohne kostenlos reparieren lassen, so oft Sie wollen. Andererseits d\u00fcrfen die Reparaturen den Betrag von 22.000 \u20ac nicht \u00fcberschreiten, denn dar\u00fcber hinaus werden Ihnen die Reparaturen in Rechnung gestellt.<br \/>Vollst\u00e4ndige Abdeckung:<br \/>DJI Care Pro deckt Unf\u00e4lle ab, wie z. B. Benutzerfehler und Kollisionen. DJI repariert Ihre Drohne auch, wenn sie einen Wasserschaden hat.<br \/>VIP-Kundenservice:<br \/>Erhalten Sie vorrangigen Support und fachkundige Beratung von DJI-Produktexperten. Alle Versandkosten werden von DJI getragen.<br \/>F\u00fcr weitere Informationen \u00fcber den DJI Care Pro Service, laden wir Sie ein, die h\u00e4ufig gestellten Fragen und die CGV , pdf-Dateien im Download-Bereich zu lesen. Dort finden Sie viele Details \u00fcber die Bedingungen, Deckungen, Ausschl\u00fcsse, Ersatzleistungen, G\u00fcltigkeitsdauer...<br \/>Einf\u00fchrung des DJI Care Pro Service f\u00fcr die Inspire 3:<br \/>F\u00fcr jede DJI-Drohne ein DJI Care Pro, um in der Luft zu bleiben!<br \/>Vollst\u00e4ndiger Schutz f\u00fcr Ihre Drohne und ihre Elemente:<br \/>DJI Care Pro deckt alle Komponenten, Chassis und Gondel, der Inspire 3 Drohne ab. Jede Komponente wird je nach Problem repariert oder ersetzt.<br \/>Schnelles Abheben:<br \/>Express ist eine neue Option, mit der Sie die Schritte der Schadensbewertung und des Kostenvoranschlags \u00fcberspringen k\u00f6nnen. Das DJI Service Center schickt sofort nach Erhalt der besch\u00e4digten Drohne ein Ersatzger\u00e4t. Im Handumdrehen wieder in der Luft.<br \/>Deckung von Wassersch\u00e4den:<br \/>Sie k\u00f6nnen Ihr Ger\u00e4t ersetzen lassen, wenn der Schaden bei normalem Gebrauch entstanden ist.<br \/>Schnelle Unterst\u00fctzung:<br \/>Sie erhalten vorrangig Ersatz, wodurch sich die Zeit bis zum n\u00e4chsten Flug drastisch verk\u00fcrzt.<br \/>Zwei Ersatzbatterien:<br \/>DJI Care Pro bietet bis zu zwei kostenlose Ersatzakkus innerhalb eines Jahres. Die Ersatzakkus sind neu oder gleichwertig mit neuen Akkus in Bezug auf Leistung und Zuverl\u00e4ssigkeit.<br \/>VIP-Unterst\u00fctzung:<br \/>VIP-Support von DJI-Produktexperten ist \u00fcber Ihr DJI-Konto per Chat oder E-Mail verf\u00fcgbar.<br \/>Keine Versandkosten:<br \/>Wenn Sie sich in der Region befinden, in der Sie Ihr Ger\u00e4t gekauft haben, liegen die Versandkosten in der Verantwortung von DJI.<br \/>DJI Care Refresh Repair Tracking Anfragen:<br \/>Verfolgen Sie den Fortschritt von DJI Care Pro-Reparaturen auf dieselbe Weise wie bei Standardreparaturen. Wenn Sie eine Reparaturanfrage einreichen, geben Sie auf dem Reparaturanfrageformular an, dass Sie DJI Care Refresh erworben haben. Nach der Schadensbeurteilung wird DJI Sie \u00fcber die Ergebnisse informieren und Sie k\u00f6nnen w\u00e4hlen, ob Sie den Ersatz \u00fcber DJI Care Refresh bezahlen m\u00f6chten.<br \/>Die Versandkosten werden von DJI Care Pro \u00fcbernommen. Um den Reparaturservice in Anspruch zu nehmen, gehen Sie zu:<br \/>http:\/\/www.dji.com\/service\/repair<\/p>","protected":false},"excerpt":{"rendered":"<ul>\n<li>Reparaturservice f\u00fcr Ihre DJI-Drohne f\u00fcr 2 Jahre<\/li>\n<li>Service, der direkt vom DJI-Hersteller durchgef\u00fchrt wird<\/li>\n<li>Werkseitiger Wartungsdienst<\/li>\n<\/ul>","protected":false},"featured_media":4785,"template":"","meta":{"_acf_changed":false},"product_brand":[],"product_cat":[175,97,433],"product_tag":[],"class_list":{"0":"post-4787","1":"product","2":"type-product","3":"status-publish","4":"has-post-thumbnail","6":"product_cat-alle-care-refresh","7":"product_cat-alle-producten","8":"product_cat-dji-inspire-3","9":"product_shipping_class-acsystemsall","10":"pa_brand-dji","11":"pa_productfamily-care-refresh","12":"pa_producttype-care-refresh","13":"pa_series-inspire-3","15":"first","16":"instock","17":"taxable","18":"shipping-taxable","19":"purchasable","20":"product-type-simple"},"acf":[],"yoast_head":"<!-- This site is optimized with the Yoast SEO Premium plugin v27.2 (Yoast SEO v27.2) - https:\/\/yoast.com\/product\/yoast-seo-premium-wordpress\/ -->\n<title>Card DJI Care Pro 2-Year Plan (DJI Inspire 3) EU - koningdrone.be<\/title>\n<meta name=\"robots\" content=\"index, follow, max-snippet:-1, max-image-preview:large, max-video-preview:-1\" \/>\n<link rel=\"canonical\" href=\"https:\/\/koningdrone.be\/de\/produkt\/card-dji-care-pro-2-year-plan-dji-inspire-3-eu-2\/\" \/>\n<meta property=\"og:locale\" content=\"de_DE\" \/>\n<meta property=\"og:type\" content=\"article\" \/>\n<meta property=\"og:title\" content=\"Card DJI Care Pro 2-Year Plan (DJI Inspire 3) EU\" \/>\n<meta property=\"og:description\" content=\"Reparatieservice voor uw DJI-drone gedurende 2 jaarService rechtstreeks uitgevoerd door de DJI-fabrikantFabrieksonderhoudsservice\" \/>\n<meta property=\"og:url\" content=\"https:\/\/koningdrone.be\/de\/produkt\/card-dji-care-pro-2-year-plan-dji-inspire-3-eu-2\/\" \/>\n<meta property=\"og:site_name\" content=\"koningdrone.be\" \/>\n<meta property=\"article:modified_time\" content=\"2026-04-29T02:01:03+00:00\" \/>\n<meta property=\"og:image\" content=\"https:\/\/koningdrone.be\/wp-content\/uploads\/sites\/13\/2025\/04\/6941565956569-1.jpg\" \/>\n\t<meta property=\"og:image:width\" content=\"800\" \/>\n\t<meta property=\"og:image:height\" content=\"800\" \/>\n\t<meta property=\"og:image:type\" content=\"image\/jpeg\" \/>\n<meta name=\"twitter:card\" content=\"summary_large_image\" \/>\n<meta name=\"twitter:label1\" content=\"Gesch\u00e4tzte Lesezeit\" \/>\n\t<meta name=\"twitter:data1\" content=\"2\u00a0Minuten\" \/>\n<script type=\"application\/ld+json\" class=\"yoast-schema-graph\">{\"@context\":\"https:\/\/schema.org\",\"@graph\":[{\"@type\":\"WebPage\",\"@id\":\"https:\/\/koningdrone.be\/product\/card-dji-care-pro-2-year-plan-dji-inspire-3-eu-2\/\",\"url\":\"https:\/\/koningdrone.be\/product\/card-dji-care-pro-2-year-plan-dji-inspire-3-eu-2\/\",\"name\":\"Card DJI Care Pro 2-Year Plan (DJI Inspire 3) EU - koningdrone.be\",\"isPartOf\":{\"@id\":\"https:\/\/koningdrone.be\/#website\"},\"primaryImageOfPage\":{\"@id\":\"https:\/\/koningdrone.be\/product\/card-dji-care-pro-2-year-plan-dji-inspire-3-eu-2\/#primaryimage\"},\"image\":{\"@id\":\"https:\/\/koningdrone.be\/product\/card-dji-care-pro-2-year-plan-dji-inspire-3-eu-2\/#primaryimage\"},\"thumbnailUrl\":\"https:\/\/koningdrone.be\/wp-content\/uploads\/sites\/13\/2025\/04\/6941565956569-1.jpg\",\"datePublished\":\"2023-04-24T07:35:24+00:00\",\"dateModified\":\"2026-04-29T02:01:03+00:00\",\"breadcrumb\":{\"@id\":\"https:\/\/koningdrone.be\/product\/card-dji-care-pro-2-year-plan-dji-inspire-3-eu-2\/#breadcrumb\"},\"inLanguage\":\"de\",\"potentialAction\":[{\"@type\":\"ReadAction\",\"target\":[\"https:\/\/koningdrone.be\/product\/card-dji-care-pro-2-year-plan-dji-inspire-3-eu-2\/\"]}]},{\"@type\":\"ImageObject\",\"inLanguage\":\"de\",\"@id\":\"https:\/\/koningdrone.be\/product\/card-dji-care-pro-2-year-plan-dji-inspire-3-eu-2\/#primaryimage\",\"url\":\"https:\/\/koningdrone.be\/wp-content\/uploads\/sites\/13\/2025\/04\/6941565956569-1.jpg\",\"contentUrl\":\"https:\/\/koningdrone.be\/wp-content\/uploads\/sites\/13\/2025\/04\/6941565956569-1.jpg\",\"width\":800,\"height\":800},{\"@type\":\"BreadcrumbList\",\"@id\":\"https:\/\/koningdrone.be\/product\/card-dji-care-pro-2-year-plan-dji-inspire-3-eu-2\/#breadcrumb\",\"itemListElement\":[{\"@type\":\"ListItem\",\"position\":1,\"name\":\"Home\",\"item\":\"https:\/\/koningdrone.be\/\"},{\"@type\":\"ListItem\",\"position\":2,\"name\":\"AVSS Parachute Recovery System for DJI Matrice 300\/350\",\"item\":\"https:\/\/koningdrone.be\/product\/avss-parachute-recovery-system-for-dji-matrice-300-350\/\"},{\"@type\":\"ListItem\",\"position\":3,\"name\":\"Alle care refresh\",\"item\":\"https:\/\/koningdrone.be\/categorie\/alle-care-refresh\/\"},{\"@type\":\"ListItem\",\"position\":4,\"name\":\"Card DJI Care Pro 2-Year Plan (DJI Inspire 3) EU\"}]},{\"@type\":\"WebSite\",\"@id\":\"https:\/\/koningdrone.be\/#website\",\"url\":\"https:\/\/koningdrone.be\/\",\"name\":\"Koningdrone.be - Uw online specialist in drones, gimbals, camera's en power stations.\",\"description\":\"De webshop in drones en gimbals\",\"publisher\":{\"@id\":\"https:\/\/koningdrone.be\/#organization\"},\"potentialAction\":[{\"@type\":\"SearchAction\",\"target\":{\"@type\":\"EntryPoint\",\"urlTemplate\":\"https:\/\/koningdrone.be\/?s={search_term_string}\"},\"query-input\":{\"@type\":\"PropertyValueSpecification\",\"valueRequired\":true,\"valueName\":\"search_term_string\"}}],\"inLanguage\":\"de\"},{\"@type\":\"Organization\",\"@id\":\"https:\/\/koningdrone.be\/#organization\",\"name\":\"Koningdrone.be\",\"url\":\"https:\/\/koningdrone.be\/\",\"logo\":{\"@type\":\"ImageObject\",\"inLanguage\":\"de\",\"@id\":\"https:\/\/koningdrone.be\/#\/schema\/logo\/image\/\",\"url\":\"https:\/\/koningdrone.be\/wp-content\/uploads\/sites\/13\/2025\/04\/koningdrone-copyright-logo.svg\",\"contentUrl\":\"https:\/\/koningdrone.be\/wp-content\/uploads\/sites\/13\/2025\/04\/koningdrone-copyright-logo.svg\",\"width\":227,\"height\":38,\"caption\":\"Koningdrone.be\"},\"image\":{\"@id\":\"https:\/\/koningdrone.be\/#\/schema\/logo\/image\/\"}}]}<\/script>\n<!-- \/ Yoast SEO Premium plugin. -->","yoast_head_json":{"title":"Card DJI Care Pro 2-Year Plan (DJI Inspire 3) EU - koningdrone.be","robots":{"index":"index","follow":"follow","max-snippet":"max-snippet:-1","max-image-preview":"max-image-preview:large","max-video-preview":"max-video-preview:-1"},"canonical":"https:\/\/koningdrone.be\/de\/produkt\/card-dji-care-pro-2-year-plan-dji-inspire-3-eu-2\/","og_locale":"de_DE","og_type":"article","og_title":"Card DJI Care Pro 2-Year Plan (DJI Inspire 3) EU","og_description":"Reparatieservice voor uw DJI-drone gedurende 2 jaarService rechtstreeks uitgevoerd door de DJI-fabrikantFabrieksonderhoudsservice","og_url":"https:\/\/koningdrone.be\/de\/produkt\/card-dji-care-pro-2-year-plan-dji-inspire-3-eu-2\/","og_site_name":"koningdrone.be","article_modified_time":"2026-04-29T02:01:03+00:00","og_image":[{"width":800,"height":800,"url":"https:\/\/koningdrone.be\/wp-content\/uploads\/sites\/13\/2025\/04\/6941565956569-1.jpg","type":"image\/jpeg"}],"twitter_card":"summary_large_image","twitter_misc":{"Gesch\u00e4tzte Lesezeit":"2\u00a0Minuten"},"schema":{"@context":"https:\/\/schema.org","@graph":[{"@type":"WebPage","@id":"https:\/\/koningdrone.be\/product\/card-dji-care-pro-2-year-plan-dji-inspire-3-eu-2\/","url":"https:\/\/koningdrone.be\/product\/card-dji-care-pro-2-year-plan-dji-inspire-3-eu-2\/","name":"Card DJI Care Pro 2-Year Plan (DJI Inspire 3) EU - koningdrone.be","isPartOf":{"@id":"https:\/\/koningdrone.be\/#website"},"primaryImageOfPage":{"@id":"https:\/\/koningdrone.be\/product\/card-dji-care-pro-2-year-plan-dji-inspire-3-eu-2\/#primaryimage"},"image":{"@id":"https:\/\/koningdrone.be\/product\/card-dji-care-pro-2-year-plan-dji-inspire-3-eu-2\/#primaryimage"},"thumbnailUrl":"https:\/\/koningdrone.be\/wp-content\/uploads\/sites\/13\/2025\/04\/6941565956569-1.jpg","datePublished":"2023-04-24T07:35:24+00:00","dateModified":"2026-04-29T02:01:03+00:00","breadcrumb":{"@id":"https:\/\/koningdrone.be\/product\/card-dji-care-pro-2-year-plan-dji-inspire-3-eu-2\/#breadcrumb"},"inLanguage":"de","potentialAction":[{"@type":"ReadAction","target":["https:\/\/koningdrone.be\/product\/card-dji-care-pro-2-year-plan-dji-inspire-3-eu-2\/"]}]},{"@type":"ImageObject","inLanguage":"de","@id":"https:\/\/koningdrone.be\/product\/card-dji-care-pro-2-year-plan-dji-inspire-3-eu-2\/#primaryimage","url":"https:\/\/koningdrone.be\/wp-content\/uploads\/sites\/13\/2025\/04\/6941565956569-1.jpg","contentUrl":"https:\/\/koningdrone.be\/wp-content\/uploads\/sites\/13\/2025\/04\/6941565956569-1.jpg","width":800,"height":800},{"@type":"BreadcrumbList","@id":"https:\/\/koningdrone.be\/product\/card-dji-care-pro-2-year-plan-dji-inspire-3-eu-2\/#breadcrumb","itemListElement":[{"@type":"ListItem","position":1,"name":"Home","item":"https:\/\/koningdrone.be\/"},{"@type":"ListItem","position":2,"name":"AVSS Parachute Recovery System for DJI Matrice 300\/350","item":"https:\/\/koningdrone.be\/product\/avss-parachute-recovery-system-for-dji-matrice-300-350\/"},{"@type":"ListItem","position":3,"name":"Alle care refresh","item":"https:\/\/koningdrone.be\/categorie\/alle-care-refresh\/"},{"@type":"ListItem","position":4,"name":"Card DJI Care Pro 2-Year Plan (DJI Inspire 3) EU"}]},{"@type":"WebSite","@id":"https:\/\/koningdrone.be\/#website","url":"https:\/\/koningdrone.be\/","name":"Koningdrone.be - Ihr Online-Spezialist f\u00fcr Drohnen, Gimbals, Kameras und Kraftwerke.","description":"Der Webshop f\u00fcr Drohnen und Gimbals","publisher":{"@id":"https:\/\/koningdrone.be\/#organization"},"potentialAction":[{"@type":"SearchAction","target":{"@type":"EntryPoint","urlTemplate":"https:\/\/koningdrone.be\/?s={search_term_string}"},"query-input":{"@type":"PropertyValueSpecification","valueRequired":true,"valueName":"search_term_string"}}],"inLanguage":"de"},{"@type":"Organization","@id":"https:\/\/koningdrone.be\/#organization","name":"Kingdrone.de","url":"https:\/\/koningdrone.be\/","logo":{"@type":"ImageObject","inLanguage":"de","@id":"https:\/\/koningdrone.be\/#\/schema\/logo\/image\/","url":"https:\/\/koningdrone.be\/wp-content\/uploads\/sites\/13\/2025\/04\/koningdrone-copyright-logo.svg","contentUrl":"https:\/\/koningdrone.be\/wp-content\/uploads\/sites\/13\/2025\/04\/koningdrone-copyright-logo.svg","width":227,"height":38,"caption":"Koningdrone.be"},"image":{"@id":"https:\/\/koningdrone.be\/#\/schema\/logo\/image\/"}}]}},"df_price":2506,"df_sale_price":"","df_regular_price":2506,"df_image_link":"https:\/\/koningdrone.be\/wp-content\/uploads\/sites\/13\/2025\/04\/6941565956569-1-300x300.jpg","_links":{"self":[{"href":"https:\/\/koningdrone.be\/de\/wp-json\/wp\/v2\/product\/4787","targetHints":{"allow":["GET"]}}],"collection":[{"href":"https:\/\/koningdrone.be\/de\/wp-json\/wp\/v2\/product"}],"about":[{"href":"https:\/\/koningdrone.be\/de\/wp-json\/wp\/v2\/types\/product"}],"wp:featuredmedia":[{"embeddable":true,"href":"https:\/\/koningdrone.be\/de\/wp-json\/wp\/v2\/media\/4785"}],"wp:attachment":[{"href":"https:\/\/koningdrone.be\/de\/wp-json\/wp\/v2\/media?parent=4787"}],"wp:term":[{"taxonomy":"product_brand","embeddable":true,"href":"https:\/\/koningdrone.be\/de\/wp-json\/wp\/v2\/product_brand?post=4787"},{"taxonomy":"product_cat","embeddable":true,"href":"https:\/\/koningdrone.be\/de\/wp-json\/wp\/v2\/product_cat?post=4787"},{"taxonomy":"product_tag","embeddable":true,"href":"https:\/\/koningdrone.be\/de\/wp-json\/wp\/v2\/product_tag?post=4787"}],"curies":[{"name":"wp","href":"https:\/\/api.w.org\/{rel}","templated":true}]}}