{"id":4773,"date":"2023-04-24T09:48:09","date_gmt":"2023-04-24T07:48:09","guid":{"rendered":"https:\/\/koningdrone.nl\/kon\/product\/inspire-3-foldable-quick-release-propellers-for-high-altitude-pair\/"},"modified":"2026-04-29T03:50:51","modified_gmt":"2026-04-29T01:50:51","slug":"inspire-3-foldable-quick-release-propellers-for-high-altitude-pair","status":"publish","type":"product","link":"https:\/\/koningdrone.be\/de\/produkt\/inspire-3-foldable-quick-release-propellers-for-high-altitude-pair\/","title":{"rendered":"DJI Inspire 3 Faltbare Schnellwechsel-Propeller f\u00fcr gro\u00dfe H\u00f6hen (Paar)"},"content":{"rendered":"<p><strong>Einf\u00fchrung in das H\u00f6henzubeh\u00f6r<\/strong><\/p>\n<p> Dieses Produkt wurde sorgf\u00e4ltig entwickelt, um den Enthusiasten der DJI Inspire 3 Drohne zu dienen, die den Himmel in h\u00f6herem Terrain navigieren m\u00f6chten. Es verspricht ein zuverl\u00e4ssiges und sicheres Flugerlebnis oberhalb von 3.000 Metern (ca. 9842 Fu\u00df). Dieses Zubeh\u00f6r wurde mit Pr\u00e4zision sowohl f\u00fcr Anf\u00e4nger als auch f\u00fcr erfahrene Drohnenpiloten entwickelt und stellt sicher, dass Ihre DJI Inspire 3 in Gebieten mit d\u00fcnnerer Luft Spitzenleistungen erbringt.<\/p>\n<p><strong>Optimale Leistung auf erh\u00f6htem Terrain<\/strong><\/p>\n<p> F\u00fcr diejenigen, die atemberaubende Luftaufnahmen machen oder in bergigen Gegenden oder h\u00f6her gelegenen Orten operieren wollen, ist dieses spezielle Zubeh\u00f6r unverzichtbar. Es sorgt daf\u00fcr, dass sich Ihre DJI Inspire 3 Drohne nahtlos an die Bedingungen in gro\u00dfer H\u00f6he anpasst und dabei Stabilit\u00e4t und Reaktionsf\u00e4higkeit beibeh\u00e4lt, was f\u00fcr hochwertige Luftaufnahmen und eine effiziente Ausf\u00fchrung von Aufgaben entscheidend ist.<\/p>\n<p><strong>Sicherheit und Zuverl\u00e4ssigkeit in \u00fcber 3.000 Metern H\u00f6he<\/strong><\/p>\n<p> Dieses Zubeh\u00f6rteil wurde entwickelt, um das Risiko zu verringern und die Sicherheit Ihrer Drohneneins\u00e4tze in gro\u00dfer H\u00f6he zu erh\u00f6hen, da es die Herausforderungen von Umgebungen mit geringer Luftfeuchtigkeit kennt. Das Design zielt darauf ab, die Leistung der Drohne zu verbessern und nicht nur die Sicherheit Ihrer Ausr\u00fcstung, sondern auch die der Umgebung w\u00e4hrend des Fluges zu gew\u00e4hrleisten. Mit diesem Zubeh\u00f6r k\u00f6nnen sich Piloten vertrauensvoll in hochgelegene Landschaften wagen und erhalten neben unvergleichlichen Luftaufnahmen auch ein Gef\u00fchl der Sicherheit.<\/p>\n<p><strong>F\u00fcr den begeisterten Drohnenliebhaber gedacht<\/strong><\/p>\n<p> Egal, ob Sie Ihre ersten Schritte in die Welt des Drohnenflugs machen oder ein erfahrener Pilot mit vielen Fl\u00fcgen unter Ihrem G\u00fcrtel sind, dieses Produkt bringt Ihre DJI Inspire 3 Erfahrung buchst\u00e4blich in neue H\u00f6hen. Es ist der perfekte Begleiter f\u00fcr alle, die sich trauen, die Grenzen der H\u00f6he zu \u00fcberwinden, um das Au\u00dfergew\u00f6hnliche einzufangen. Erleben Sie den Nervenkitzel des Drohnenflugs in gro\u00dfer H\u00f6he, mit der Gewissheit optimaler Leistung und Sicherheit.<\/p>\n<p><\/p>","protected":false},"excerpt":{"rendered":"<ul>\n<li>Speziell f\u00fcr den Einsatz in gro\u00dfer H\u00f6he entwickelt<\/li>\n<li> Garantiert zuverl\u00e4ssigen Flug \u00fcber 3.000 Meter H\u00f6he<\/li>\n<li> Entwickelt f\u00fcr DJI Inspire 3<\/li>\n<li> Verbessert die Flugsicherheit in gro\u00dfen H\u00f6hen<\/li>\n<\/ul>","protected":false},"featured_media":4770,"template":"","meta":{"_acf_changed":false},"product_brand":[],"product_cat":[97,128,641,433],"product_tag":[],"class_list":{"0":"post-4773","1":"product","2":"type-product","3":"status-publish","4":"has-post-thumbnail","6":"product_cat-alle-producten","7":"product_cat-alle-propellers","8":"product_cat-dji-inspire","9":"product_cat-dji-inspire-3","10":"product_shipping_class-acsystemsall","11":"pa_brand-dji","12":"pa_productfamily-propellers","13":"pa_producttype-propellers","14":"pa_series-inspire-3","16":"first","17":"instock","18":"taxable","19":"shipping-taxable","20":"purchasable","21":"product-type-simple"},"acf":[],"yoast_head":"<!-- This site is optimized with the Yoast SEO Premium plugin v27.2 (Yoast SEO v27.2) - https:\/\/yoast.com\/product\/yoast-seo-premium-wordpress\/ -->\n<title>DJI Inspire 3 Foldable Quick-Release Propellers for High Altitude (Pair) - koningdrone.be<\/title>\n<meta name=\"robots\" content=\"index, follow, max-snippet:-1, max-image-preview:large, max-video-preview:-1\" \/>\n<link rel=\"canonical\" href=\"https:\/\/koningdrone.be\/de\/produkt\/inspire-3-foldable-quick-release-propellers-for-high-altitude-pair\/\" \/>\n<meta property=\"og:locale\" content=\"de_DE\" \/>\n<meta property=\"og:type\" content=\"article\" \/>\n<meta property=\"og:title\" content=\"DJI Inspire 3 Foldable Quick-Release Propellers for High Altitude (Pair)\" \/>\n<meta property=\"og:description\" content=\"Speciaal gemaakt voor gebruik op grote hoogte Zorgt voor een betrouwbare vlucht boven 3000 meter hoogte Ontworpen voor DJI Inspire 3 Verbetert de vliegveiligheid op grote hoogte\" \/>\n<meta property=\"og:url\" content=\"https:\/\/koningdrone.be\/de\/produkt\/inspire-3-foldable-quick-release-propellers-for-high-altitude-pair\/\" \/>\n<meta property=\"og:site_name\" content=\"koningdrone.be\" \/>\n<meta property=\"article:modified_time\" content=\"2026-04-29T01:50:51+00:00\" \/>\n<meta property=\"og:image\" content=\"https:\/\/koningdrone.be\/wp-content\/uploads\/sites\/13\/2025\/04\/bcaddbebba78083ceff7ff890d32d47c@large.jpg\" \/>\n\t<meta property=\"og:image:width\" content=\"1200\" \/>\n\t<meta property=\"og:image:height\" content=\"800\" \/>\n\t<meta property=\"og:image:type\" content=\"image\/jpeg\" \/>\n<meta name=\"twitter:card\" content=\"summary_large_image\" \/>\n<meta name=\"twitter:label1\" content=\"Gesch\u00e4tzte Lesezeit\" \/>\n\t<meta name=\"twitter:data1\" content=\"1\u00a0Minute\" \/>\n<script type=\"application\/ld+json\" class=\"yoast-schema-graph\">{\"@context\":\"https:\/\/schema.org\",\"@graph\":[{\"@type\":\"WebPage\",\"@id\":\"https:\/\/koningdrone.be\/product\/inspire-3-foldable-quick-release-propellers-for-high-altitude-pair\/\",\"url\":\"https:\/\/koningdrone.be\/product\/inspire-3-foldable-quick-release-propellers-for-high-altitude-pair\/\",\"name\":\"DJI Inspire 3 Foldable Quick-Release Propellers for High Altitude (Pair) - koningdrone.be\",\"isPartOf\":{\"@id\":\"https:\/\/koningdrone.be\/#website\"},\"primaryImageOfPage\":{\"@id\":\"https:\/\/koningdrone.be\/product\/inspire-3-foldable-quick-release-propellers-for-high-altitude-pair\/#primaryimage\"},\"image\":{\"@id\":\"https:\/\/koningdrone.be\/product\/inspire-3-foldable-quick-release-propellers-for-high-altitude-pair\/#primaryimage\"},\"thumbnailUrl\":\"https:\/\/koningdrone.be\/wp-content\/uploads\/sites\/13\/2025\/04\/bcaddbebba78083ceff7ff890d32d47c@large.jpg\",\"datePublished\":\"2023-04-24T07:48:09+00:00\",\"dateModified\":\"2026-04-29T01:50:51+00:00\",\"breadcrumb\":{\"@id\":\"https:\/\/koningdrone.be\/product\/inspire-3-foldable-quick-release-propellers-for-high-altitude-pair\/#breadcrumb\"},\"inLanguage\":\"de\",\"potentialAction\":[{\"@type\":\"ReadAction\",\"target\":[\"https:\/\/koningdrone.be\/product\/inspire-3-foldable-quick-release-propellers-for-high-altitude-pair\/\"]}]},{\"@type\":\"ImageObject\",\"inLanguage\":\"de\",\"@id\":\"https:\/\/koningdrone.be\/product\/inspire-3-foldable-quick-release-propellers-for-high-altitude-pair\/#primaryimage\",\"url\":\"https:\/\/koningdrone.be\/wp-content\/uploads\/sites\/13\/2025\/04\/bcaddbebba78083ceff7ff890d32d47c@large.jpg\",\"contentUrl\":\"https:\/\/koningdrone.be\/wp-content\/uploads\/sites\/13\/2025\/04\/bcaddbebba78083ceff7ff890d32d47c@large.jpg\",\"width\":1200,\"height\":800},{\"@type\":\"BreadcrumbList\",\"@id\":\"https:\/\/koningdrone.be\/product\/inspire-3-foldable-quick-release-propellers-for-high-altitude-pair\/#breadcrumb\",\"itemListElement\":[{\"@type\":\"ListItem\",\"position\":1,\"name\":\"Home\",\"item\":\"https:\/\/koningdrone.be\/\"},{\"@type\":\"ListItem\",\"position\":2,\"name\":\"AVSS Parachute Recovery System for DJI Matrice 300\/350\",\"item\":\"https:\/\/koningdrone.be\/product\/avss-parachute-recovery-system-for-dji-matrice-300-350\/\"},{\"@type\":\"ListItem\",\"position\":3,\"name\":\"Alle producten\",\"item\":\"https:\/\/koningdrone.be\/categorie\/alle-producten\/\"},{\"@type\":\"ListItem\",\"position\":4,\"name\":\"DJI Inspire 3 Foldable Quick-Release Propellers for High Altitude (Pair)\"}]},{\"@type\":\"WebSite\",\"@id\":\"https:\/\/koningdrone.be\/#website\",\"url\":\"https:\/\/koningdrone.be\/\",\"name\":\"Koningdrone.be - Uw online specialist in drones, gimbals, camera's en power stations.\",\"description\":\"De webshop in drones en gimbals\",\"publisher\":{\"@id\":\"https:\/\/koningdrone.be\/#organization\"},\"potentialAction\":[{\"@type\":\"SearchAction\",\"target\":{\"@type\":\"EntryPoint\",\"urlTemplate\":\"https:\/\/koningdrone.be\/?s={search_term_string}\"},\"query-input\":{\"@type\":\"PropertyValueSpecification\",\"valueRequired\":true,\"valueName\":\"search_term_string\"}}],\"inLanguage\":\"de\"},{\"@type\":\"Organization\",\"@id\":\"https:\/\/koningdrone.be\/#organization\",\"name\":\"Koningdrone.be\",\"url\":\"https:\/\/koningdrone.be\/\",\"logo\":{\"@type\":\"ImageObject\",\"inLanguage\":\"de\",\"@id\":\"https:\/\/koningdrone.be\/#\/schema\/logo\/image\/\",\"url\":\"https:\/\/koningdrone.be\/wp-content\/uploads\/sites\/13\/2025\/04\/koningdrone-copyright-logo.svg\",\"contentUrl\":\"https:\/\/koningdrone.be\/wp-content\/uploads\/sites\/13\/2025\/04\/koningdrone-copyright-logo.svg\",\"width\":227,\"height\":38,\"caption\":\"Koningdrone.be\"},\"image\":{\"@id\":\"https:\/\/koningdrone.be\/#\/schema\/logo\/image\/\"}}]}<\/script>\n<!-- \/ Yoast SEO Premium plugin. -->","yoast_head_json":{"title":"DJI Inspire 3 Foldable Quick-Release Propellers for High Altitude (Pair) - koningdrone.be","robots":{"index":"index","follow":"follow","max-snippet":"max-snippet:-1","max-image-preview":"max-image-preview:large","max-video-preview":"max-video-preview:-1"},"canonical":"https:\/\/koningdrone.be\/de\/produkt\/inspire-3-foldable-quick-release-propellers-for-high-altitude-pair\/","og_locale":"de_DE","og_type":"article","og_title":"DJI Inspire 3 Foldable Quick-Release Propellers for High Altitude (Pair)","og_description":"Speciaal gemaakt voor gebruik op grote hoogte Zorgt voor een betrouwbare vlucht boven 3000 meter hoogte Ontworpen voor DJI Inspire 3 Verbetert de vliegveiligheid op grote hoogte","og_url":"https:\/\/koningdrone.be\/de\/produkt\/inspire-3-foldable-quick-release-propellers-for-high-altitude-pair\/","og_site_name":"koningdrone.be","article_modified_time":"2026-04-29T01:50:51+00:00","og_image":[{"width":1200,"height":800,"url":"https:\/\/koningdrone.be\/wp-content\/uploads\/sites\/13\/2025\/04\/bcaddbebba78083ceff7ff890d32d47c@large.jpg","type":"image\/jpeg"}],"twitter_card":"summary_large_image","twitter_misc":{"Gesch\u00e4tzte Lesezeit":"1\u00a0Minute"},"schema":{"@context":"https:\/\/schema.org","@graph":[{"@type":"WebPage","@id":"https:\/\/koningdrone.be\/product\/inspire-3-foldable-quick-release-propellers-for-high-altitude-pair\/","url":"https:\/\/koningdrone.be\/product\/inspire-3-foldable-quick-release-propellers-for-high-altitude-pair\/","name":"DJI Inspire 3 Foldable Quick-Release Propellers for High Altitude (Pair) - koningdrone.be","isPartOf":{"@id":"https:\/\/koningdrone.be\/#website"},"primaryImageOfPage":{"@id":"https:\/\/koningdrone.be\/product\/inspire-3-foldable-quick-release-propellers-for-high-altitude-pair\/#primaryimage"},"image":{"@id":"https:\/\/koningdrone.be\/product\/inspire-3-foldable-quick-release-propellers-for-high-altitude-pair\/#primaryimage"},"thumbnailUrl":"https:\/\/koningdrone.be\/wp-content\/uploads\/sites\/13\/2025\/04\/bcaddbebba78083ceff7ff890d32d47c@large.jpg","datePublished":"2023-04-24T07:48:09+00:00","dateModified":"2026-04-29T01:50:51+00:00","breadcrumb":{"@id":"https:\/\/koningdrone.be\/product\/inspire-3-foldable-quick-release-propellers-for-high-altitude-pair\/#breadcrumb"},"inLanguage":"de","potentialAction":[{"@type":"ReadAction","target":["https:\/\/koningdrone.be\/product\/inspire-3-foldable-quick-release-propellers-for-high-altitude-pair\/"]}]},{"@type":"ImageObject","inLanguage":"de","@id":"https:\/\/koningdrone.be\/product\/inspire-3-foldable-quick-release-propellers-for-high-altitude-pair\/#primaryimage","url":"https:\/\/koningdrone.be\/wp-content\/uploads\/sites\/13\/2025\/04\/bcaddbebba78083ceff7ff890d32d47c@large.jpg","contentUrl":"https:\/\/koningdrone.be\/wp-content\/uploads\/sites\/13\/2025\/04\/bcaddbebba78083ceff7ff890d32d47c@large.jpg","width":1200,"height":800},{"@type":"BreadcrumbList","@id":"https:\/\/koningdrone.be\/product\/inspire-3-foldable-quick-release-propellers-for-high-altitude-pair\/#breadcrumb","itemListElement":[{"@type":"ListItem","position":1,"name":"Home","item":"https:\/\/koningdrone.be\/"},{"@type":"ListItem","position":2,"name":"AVSS Parachute Recovery System for DJI Matrice 300\/350","item":"https:\/\/koningdrone.be\/product\/avss-parachute-recovery-system-for-dji-matrice-300-350\/"},{"@type":"ListItem","position":3,"name":"Alle producten","item":"https:\/\/koningdrone.be\/categorie\/alle-producten\/"},{"@type":"ListItem","position":4,"name":"DJI Inspire 3 Foldable Quick-Release Propellers for High Altitude (Pair)"}]},{"@type":"WebSite","@id":"https:\/\/koningdrone.be\/#website","url":"https:\/\/koningdrone.be\/","name":"Koningdrone.be - Ihr Online-Spezialist f\u00fcr Drohnen, Gimbals, Kameras und Kraftwerke.","description":"Der Webshop f\u00fcr Drohnen und Gimbals","publisher":{"@id":"https:\/\/koningdrone.be\/#organization"},"potentialAction":[{"@type":"SearchAction","target":{"@type":"EntryPoint","urlTemplate":"https:\/\/koningdrone.be\/?s={search_term_string}"},"query-input":{"@type":"PropertyValueSpecification","valueRequired":true,"valueName":"search_term_string"}}],"inLanguage":"de"},{"@type":"Organization","@id":"https:\/\/koningdrone.be\/#organization","name":"Kingdrone.de","url":"https:\/\/koningdrone.be\/","logo":{"@type":"ImageObject","inLanguage":"de","@id":"https:\/\/koningdrone.be\/#\/schema\/logo\/image\/","url":"https:\/\/koningdrone.be\/wp-content\/uploads\/sites\/13\/2025\/04\/koningdrone-copyright-logo.svg","contentUrl":"https:\/\/koningdrone.be\/wp-content\/uploads\/sites\/13\/2025\/04\/koningdrone-copyright-logo.svg","width":227,"height":38,"caption":"Koningdrone.be"},"image":{"@id":"https:\/\/koningdrone.be\/#\/schema\/logo\/image\/"}}]}},"df_price":85,"df_sale_price":"","df_regular_price":85,"df_image_link":"https:\/\/koningdrone.be\/wp-content\/uploads\/sites\/13\/2025\/04\/bcaddbebba78083ceff7ff890d32d47c@large-300x200.jpg","_links":{"self":[{"href":"https:\/\/koningdrone.be\/de\/wp-json\/wp\/v2\/product\/4773","targetHints":{"allow":["GET"]}}],"collection":[{"href":"https:\/\/koningdrone.be\/de\/wp-json\/wp\/v2\/product"}],"about":[{"href":"https:\/\/koningdrone.be\/de\/wp-json\/wp\/v2\/types\/product"}],"wp:featuredmedia":[{"embeddable":true,"href":"https:\/\/koningdrone.be\/de\/wp-json\/wp\/v2\/media\/4770"}],"wp:attachment":[{"href":"https:\/\/koningdrone.be\/de\/wp-json\/wp\/v2\/media?parent=4773"}],"wp:term":[{"taxonomy":"product_brand","embeddable":true,"href":"https:\/\/koningdrone.be\/de\/wp-json\/wp\/v2\/product_brand?post=4773"},{"taxonomy":"product_cat","embeddable":true,"href":"https:\/\/koningdrone.be\/de\/wp-json\/wp\/v2\/product_cat?post=4773"},{"taxonomy":"product_tag","embeddable":true,"href":"https:\/\/koningdrone.be\/de\/wp-json\/wp\/v2\/product_tag?post=4773"}],"curies":[{"name":"wp","href":"https:\/\/api.w.org\/{rel}","templated":true}]}}