{"id":4703,"date":"2023-05-10T11:52:13","date_gmt":"2023-05-10T09:52:13","guid":{"rendered":"https:\/\/koningdrone.nl\/kon\/product\/dji-mavic-3-pro-drone-only\/"},"modified":"2026-04-29T13:40:36","modified_gmt":"2026-04-29T11:40:36","slug":"dji-mavic-3-pro-drone-only","status":"publish","type":"product","link":"https:\/\/koningdrone.be\/de\/produkt\/dji-mavic-3-pro-drone-only\/","title":{"rendered":"DJI Mavic 3 Pro (nur Drohne)"},"content":{"rendered":"<p><strong>DJI Mavic 3 Pro - Nur Drohne<\/strong><br \/> Die DJI Mavic 3 Pro revolutioniert die Luftbildfotografie mit ihrem Dreifach-Kamerasystem, das eine 4\/3 CMOS Hasselblad Kamera, zwei Telekameras und mehrere Brennweiten umfasst. Dieses Setup erm\u00f6glicht eine noch nie dagewesene kreative Freiheit, um atemberaubende Landschaften und filmische Meisterwerke mit Leichtigkeit einzufangen. Die Hasselblad-Kamera der Drohne unterst\u00fctzt 12-Bit-RAW-Fotos und verwendet die Hasselblad Natural Colour Solution (HNCS) f\u00fcr naturgetreue Farben, wodurch die Notwendigkeit einer umfangreichen Nachbearbeitung minimiert wird.<\/p>\n<p> <strong>Wichtige Spezifikationen:<\/strong><\/p>\n<ul>\n<li> 4\/3 CMOS Hasselblad Kamera: 20 MP, f\/2.8-f\/11<\/li>\n<li> Mittlere Telekamera: 48 MP, 70 mm \u00c4quivalent, 3-facher optischer Zoom, f\/2,8<\/li>\n<li> Telekamera: 12 MP, 166 mm \u00c4quivalent, 7x optischer Zoom, 28x Hybridzoom, f\/3,4<\/li>\n<\/ul>\n<p> Genie\u00dfen Sie professionelle Videofunktionen mit dem 10-Bit-D-Log-M-Farbmodus, der bis zu einer Milliarde Farben erfasst und Apple ProRes 422 HQ-Codierung unterst\u00fctzt. Die Mavic 3 Pro verf\u00fcgt au\u00dferdem \u00fcber eine eingebaute 1TB SSD und ein 10Gbps Lightspeed-Datenkabel f\u00fcr erweiterte professionelle Kreationen. Mit einer Flugzeit von bis zu 43 Minuten und fortschrittlichen Hindernisvermeidungssystemen sorgt diese Drohne daf\u00fcr, dass Sie jeden Moment pr\u00e4zise und sicher einfangen.<\/p>","protected":false},"excerpt":{"rendered":"<ul>\n<li>3-Achsen-Gimbal und Drei-Kamera-System<\/li>\n<li>20MP 5.1K Weitwinkel 4\/3 CMOS Hasselblad<\/li>\n<li>70 mm 48 MP 3fach-Zoom-Objektiv mit mittlerem Teleobjektiv<\/li>\n<li>166 mm 12 MP 7fach-Zoom-Teleobjektiv<\/li>\n<li>Bis zu 43 Minuten Flugzeit<\/li>\n<li>7 intelligente Flugmodi<\/li>\n<li>Omnidirektionale Vermeidung mit APAS 5.0<\/li>\n<li>O3+ Getriebe mit einer Reichweite von 9,3 Meilen<\/li>\n<li>Nachbearbeitung von D-LOG, D-LOG M und HLG<\/li>\n<li>Kompatibel mit DJI Goggles Integra Motion Combo und DJI Goggles 2 Motion Combo, separat erh\u00e4ltlich.<\/li>\n<\/ul>","protected":false},"featured_media":4697,"template":"","meta":{"_acf_changed":false},"product_brand":[],"product_cat":[135,97,136,138,99],"product_tag":[],"class_list":{"0":"post-4703","1":"product","2":"type-product","3":"status-publish","4":"has-post-thumbnail","6":"product_cat-alle-drones","7":"product_cat-alle-producten","8":"product_cat-consumer-drones","9":"product_cat-dji-mavic-3-pro","10":"product_cat-drones-met-certificaat","11":"product_shipping_class-outofstock","12":"pa_brand-dji","13":"pa_dronegrade-consumer","14":"pa_productfamily-drone","15":"pa_producttype-drone","16":"pa_series-mavic-3-pro","18":"first","19":"outofstock","20":"taxable","21":"shipping-taxable","22":"product-type-simple"},"acf":[],"yoast_head":"<!-- This site is optimized with the Yoast SEO Premium plugin v27.2 (Yoast SEO v27.2) - https:\/\/yoast.com\/product\/yoast-seo-premium-wordpress\/ -->\n<title>DJI Mavic 3 Pro (Drone Only) - koningdrone.be<\/title>\n<meta name=\"robots\" content=\"index, follow, max-snippet:-1, max-image-preview:large, max-video-preview:-1\" \/>\n<link rel=\"canonical\" href=\"https:\/\/koningdrone.be\/de\/produkt\/dji-mavic-3-pro-drone-only\/\" \/>\n<meta property=\"og:locale\" content=\"de_DE\" \/>\n<meta property=\"og:type\" content=\"article\" \/>\n<meta property=\"og:title\" content=\"DJI Mavic 3 Pro (Drone Only)\" \/>\n<meta property=\"og:description\" content=\"Gimbal met 3 assen en systeem met drie camera&#039;s20MP 5.1K Groothoek 4\/3 CMOS Hasselblad70 mm 48 MP 3x zoom medium telelens166 mm 12 MP 7x zoomtelefotoTot 43 minuten vliegtijd7 intelligente vluchtmodiOmnidirectioneel vermijden met APAS 5.0O3+-transmissie met actieradius van 9,3 mijlD-LOG, D-LOG M en HLG-nabewerkingCompatibel met DJI Goggles Integra Motion Combo en DJI Goggles 2 Motion Combo, apart verkrijgbaar.\" \/>\n<meta property=\"og:url\" content=\"https:\/\/koningdrone.be\/de\/produkt\/dji-mavic-3-pro-drone-only\/\" \/>\n<meta property=\"og:site_name\" content=\"koningdrone.be\" \/>\n<meta property=\"article:modified_time\" content=\"2026-04-29T11:40:36+00:00\" \/>\n<meta property=\"og:image\" content=\"https:\/\/koningdrone.be\/wp-content\/uploads\/sites\/13\/2025\/04\/6941565957085-1.png\" \/>\n\t<meta property=\"og:image:width\" content=\"800\" \/>\n\t<meta property=\"og:image:height\" content=\"450\" \/>\n\t<meta property=\"og:image:type\" content=\"image\/png\" \/>\n<meta name=\"twitter:card\" content=\"summary_large_image\" \/>\n<meta name=\"twitter:label1\" content=\"Gesch\u00e4tzte Lesezeit\" \/>\n\t<meta name=\"twitter:data1\" content=\"1\u00a0Minute\" \/>\n<script type=\"application\/ld+json\" class=\"yoast-schema-graph\">{\"@context\":\"https:\/\/schema.org\",\"@graph\":[{\"@type\":\"WebPage\",\"@id\":\"https:\/\/koningdrone.be\/product\/dji-mavic-3-pro-drone-only\/\",\"url\":\"https:\/\/koningdrone.be\/product\/dji-mavic-3-pro-drone-only\/\",\"name\":\"DJI Mavic 3 Pro (Drone Only) - koningdrone.be\",\"isPartOf\":{\"@id\":\"https:\/\/koningdrone.be\/#website\"},\"primaryImageOfPage\":{\"@id\":\"https:\/\/koningdrone.be\/product\/dji-mavic-3-pro-drone-only\/#primaryimage\"},\"image\":{\"@id\":\"https:\/\/koningdrone.be\/product\/dji-mavic-3-pro-drone-only\/#primaryimage\"},\"thumbnailUrl\":\"https:\/\/koningdrone.be\/wp-content\/uploads\/sites\/13\/2025\/04\/6941565957085-1.png\",\"datePublished\":\"2023-05-10T09:52:13+00:00\",\"dateModified\":\"2026-04-29T11:40:36+00:00\",\"breadcrumb\":{\"@id\":\"https:\/\/koningdrone.be\/product\/dji-mavic-3-pro-drone-only\/#breadcrumb\"},\"inLanguage\":\"de\",\"potentialAction\":[{\"@type\":\"ReadAction\",\"target\":[\"https:\/\/koningdrone.be\/product\/dji-mavic-3-pro-drone-only\/\"]}]},{\"@type\":\"ImageObject\",\"inLanguage\":\"de\",\"@id\":\"https:\/\/koningdrone.be\/product\/dji-mavic-3-pro-drone-only\/#primaryimage\",\"url\":\"https:\/\/koningdrone.be\/wp-content\/uploads\/sites\/13\/2025\/04\/6941565957085-1.png\",\"contentUrl\":\"https:\/\/koningdrone.be\/wp-content\/uploads\/sites\/13\/2025\/04\/6941565957085-1.png\",\"width\":800,\"height\":450},{\"@type\":\"BreadcrumbList\",\"@id\":\"https:\/\/koningdrone.be\/product\/dji-mavic-3-pro-drone-only\/#breadcrumb\",\"itemListElement\":[{\"@type\":\"ListItem\",\"position\":1,\"name\":\"Home\",\"item\":\"https:\/\/koningdrone.be\/\"},{\"@type\":\"ListItem\",\"position\":2,\"name\":\"AVSS Parachute Recovery System for DJI Matrice 300\/350\",\"item\":\"https:\/\/koningdrone.be\/product\/avss-parachute-recovery-system-for-dji-matrice-300-350\/\"},{\"@type\":\"ListItem\",\"position\":3,\"name\":\"Alle drones\",\"item\":\"https:\/\/koningdrone.be\/categorie\/alle-drones\/\"},{\"@type\":\"ListItem\",\"position\":4,\"name\":\"DJI Mavic 3 Pro (Drone Only)\"}]},{\"@type\":\"WebSite\",\"@id\":\"https:\/\/koningdrone.be\/#website\",\"url\":\"https:\/\/koningdrone.be\/\",\"name\":\"Koningdrone.be - Uw online specialist in drones, gimbals, camera's en power stations.\",\"description\":\"De webshop in drones en gimbals\",\"publisher\":{\"@id\":\"https:\/\/koningdrone.be\/#organization\"},\"potentialAction\":[{\"@type\":\"SearchAction\",\"target\":{\"@type\":\"EntryPoint\",\"urlTemplate\":\"https:\/\/koningdrone.be\/?s={search_term_string}\"},\"query-input\":{\"@type\":\"PropertyValueSpecification\",\"valueRequired\":true,\"valueName\":\"search_term_string\"}}],\"inLanguage\":\"de\"},{\"@type\":\"Organization\",\"@id\":\"https:\/\/koningdrone.be\/#organization\",\"name\":\"Koningdrone.be\",\"url\":\"https:\/\/koningdrone.be\/\",\"logo\":{\"@type\":\"ImageObject\",\"inLanguage\":\"de\",\"@id\":\"https:\/\/koningdrone.be\/#\/schema\/logo\/image\/\",\"url\":\"https:\/\/koningdrone.be\/wp-content\/uploads\/sites\/13\/2025\/04\/koningdrone-copyright-logo.svg\",\"contentUrl\":\"https:\/\/koningdrone.be\/wp-content\/uploads\/sites\/13\/2025\/04\/koningdrone-copyright-logo.svg\",\"width\":227,\"height\":38,\"caption\":\"Koningdrone.be\"},\"image\":{\"@id\":\"https:\/\/koningdrone.be\/#\/schema\/logo\/image\/\"}}]}<\/script>\n<!-- \/ Yoast SEO Premium plugin. -->","yoast_head_json":{"title":"DJI Mavic 3 Pro (Drone Only) - koningdrone.be","robots":{"index":"index","follow":"follow","max-snippet":"max-snippet:-1","max-image-preview":"max-image-preview:large","max-video-preview":"max-video-preview:-1"},"canonical":"https:\/\/koningdrone.be\/de\/produkt\/dji-mavic-3-pro-drone-only\/","og_locale":"de_DE","og_type":"article","og_title":"DJI Mavic 3 Pro (Drone Only)","og_description":"Gimbal met 3 assen en systeem met drie camera's20MP 5.1K Groothoek 4\/3 CMOS Hasselblad70 mm 48 MP 3x zoom medium telelens166 mm 12 MP 7x zoomtelefotoTot 43 minuten vliegtijd7 intelligente vluchtmodiOmnidirectioneel vermijden met APAS 5.0O3+-transmissie met actieradius van 9,3 mijlD-LOG, D-LOG M en HLG-nabewerkingCompatibel met DJI Goggles Integra Motion Combo en DJI Goggles 2 Motion Combo, apart verkrijgbaar.","og_url":"https:\/\/koningdrone.be\/de\/produkt\/dji-mavic-3-pro-drone-only\/","og_site_name":"koningdrone.be","article_modified_time":"2026-04-29T11:40:36+00:00","og_image":[{"width":800,"height":450,"url":"https:\/\/koningdrone.be\/wp-content\/uploads\/sites\/13\/2025\/04\/6941565957085-1.png","type":"image\/png"}],"twitter_card":"summary_large_image","twitter_misc":{"Gesch\u00e4tzte Lesezeit":"1\u00a0Minute"},"schema":{"@context":"https:\/\/schema.org","@graph":[{"@type":"WebPage","@id":"https:\/\/koningdrone.be\/product\/dji-mavic-3-pro-drone-only\/","url":"https:\/\/koningdrone.be\/product\/dji-mavic-3-pro-drone-only\/","name":"DJI Mavic 3 Pro (Drone Only) - koningdrone.be","isPartOf":{"@id":"https:\/\/koningdrone.be\/#website"},"primaryImageOfPage":{"@id":"https:\/\/koningdrone.be\/product\/dji-mavic-3-pro-drone-only\/#primaryimage"},"image":{"@id":"https:\/\/koningdrone.be\/product\/dji-mavic-3-pro-drone-only\/#primaryimage"},"thumbnailUrl":"https:\/\/koningdrone.be\/wp-content\/uploads\/sites\/13\/2025\/04\/6941565957085-1.png","datePublished":"2023-05-10T09:52:13+00:00","dateModified":"2026-04-29T11:40:36+00:00","breadcrumb":{"@id":"https:\/\/koningdrone.be\/product\/dji-mavic-3-pro-drone-only\/#breadcrumb"},"inLanguage":"de","potentialAction":[{"@type":"ReadAction","target":["https:\/\/koningdrone.be\/product\/dji-mavic-3-pro-drone-only\/"]}]},{"@type":"ImageObject","inLanguage":"de","@id":"https:\/\/koningdrone.be\/product\/dji-mavic-3-pro-drone-only\/#primaryimage","url":"https:\/\/koningdrone.be\/wp-content\/uploads\/sites\/13\/2025\/04\/6941565957085-1.png","contentUrl":"https:\/\/koningdrone.be\/wp-content\/uploads\/sites\/13\/2025\/04\/6941565957085-1.png","width":800,"height":450},{"@type":"BreadcrumbList","@id":"https:\/\/koningdrone.be\/product\/dji-mavic-3-pro-drone-only\/#breadcrumb","itemListElement":[{"@type":"ListItem","position":1,"name":"Home","item":"https:\/\/koningdrone.be\/"},{"@type":"ListItem","position":2,"name":"AVSS Parachute Recovery System for DJI Matrice 300\/350","item":"https:\/\/koningdrone.be\/product\/avss-parachute-recovery-system-for-dji-matrice-300-350\/"},{"@type":"ListItem","position":3,"name":"Alle drones","item":"https:\/\/koningdrone.be\/categorie\/alle-drones\/"},{"@type":"ListItem","position":4,"name":"DJI Mavic 3 Pro (Drone Only)"}]},{"@type":"WebSite","@id":"https:\/\/koningdrone.be\/#website","url":"https:\/\/koningdrone.be\/","name":"Koningdrone.be - Ihr Online-Spezialist f\u00fcr Drohnen, Gimbals, Kameras und Kraftwerke.","description":"Der Webshop f\u00fcr Drohnen und Gimbals","publisher":{"@id":"https:\/\/koningdrone.be\/#organization"},"potentialAction":[{"@type":"SearchAction","target":{"@type":"EntryPoint","urlTemplate":"https:\/\/koningdrone.be\/?s={search_term_string}"},"query-input":{"@type":"PropertyValueSpecification","valueRequired":true,"valueName":"search_term_string"}}],"inLanguage":"de"},{"@type":"Organization","@id":"https:\/\/koningdrone.be\/#organization","name":"Kingdrone.de","url":"https:\/\/koningdrone.be\/","logo":{"@type":"ImageObject","inLanguage":"de","@id":"https:\/\/koningdrone.be\/#\/schema\/logo\/image\/","url":"https:\/\/koningdrone.be\/wp-content\/uploads\/sites\/13\/2025\/04\/koningdrone-copyright-logo.svg","contentUrl":"https:\/\/koningdrone.be\/wp-content\/uploads\/sites\/13\/2025\/04\/koningdrone-copyright-logo.svg","width":227,"height":38,"caption":"Koningdrone.be"},"image":{"@id":"https:\/\/koningdrone.be\/#\/schema\/logo\/image\/"}}]}},"df_price":"","df_sale_price":"","df_regular_price":"","df_image_link":"https:\/\/koningdrone.be\/wp-content\/uploads\/sites\/13\/2025\/04\/6941565957085-1-300x169.png","_links":{"self":[{"href":"https:\/\/koningdrone.be\/de\/wp-json\/wp\/v2\/product\/4703","targetHints":{"allow":["GET"]}}],"collection":[{"href":"https:\/\/koningdrone.be\/de\/wp-json\/wp\/v2\/product"}],"about":[{"href":"https:\/\/koningdrone.be\/de\/wp-json\/wp\/v2\/types\/product"}],"wp:featuredmedia":[{"embeddable":true,"href":"https:\/\/koningdrone.be\/de\/wp-json\/wp\/v2\/media\/4697"}],"wp:attachment":[{"href":"https:\/\/koningdrone.be\/de\/wp-json\/wp\/v2\/media?parent=4703"}],"wp:term":[{"taxonomy":"product_brand","embeddable":true,"href":"https:\/\/koningdrone.be\/de\/wp-json\/wp\/v2\/product_brand?post=4703"},{"taxonomy":"product_cat","embeddable":true,"href":"https:\/\/koningdrone.be\/de\/wp-json\/wp\/v2\/product_cat?post=4703"},{"taxonomy":"product_tag","embeddable":true,"href":"https:\/\/koningdrone.be\/de\/wp-json\/wp\/v2\/product_tag?post=4703"}],"curies":[{"name":"wp","href":"https:\/\/api.w.org\/{rel}","templated":true}]}}