{"id":4696,"date":"2023-06-07T09:04:07","date_gmt":"2023-06-07T07:04:07","guid":{"rendered":"https:\/\/koningdrone.nl\/kon\/product\/dji-inspire-2-hub-p08\/"},"modified":"2026-04-29T15:00:25","modified_gmt":"2026-04-29T13:00:25","slug":"dji-inspire-2-hub-p08","status":"publish","type":"product","link":"https:\/\/koningdrone.be\/de\/produkt\/dji-inspire-2-hub-p08\/","title":{"rendered":"Inspire 2\/Ronin 2 Akku-Ladestation"},"content":{"rendered":"<p> Der Inspire 2 Intelligent Flight Battery Charging Hub ist ein unverzichtbares Zubeh\u00f6r f\u00fcr Drohnenfans. Dieses Ger\u00e4t wurde entwickelt, um das Aufladen von Inspire 2 Drohnenakkus effektiv zu verwalten und kann bis zu vier Akkus gleichzeitig aufnehmen. Das intelligente Priorit\u00e4tssystem sorgt daf\u00fcr, dass die Akkus mit dem h\u00f6chsten Ladestand zuerst geladen werden, um die Ladezeit und Effizienz zu optimieren.<\/p>\n<p><strong>Verwaltung der Ladevorg\u00e4nge<\/strong><\/p>\n<p> Obwohl der Hub vier Akkus aufnehmen kann, l\u00e4dt er jeweils zwei Akkus auf der Grundlage ihres verbleibenden Energiestands auf. Diese intelligente Funktion sorgt f\u00fcr eine schnellere Durchlaufzeit, sodass Ihre Drohnen mit minimaler Ausfallzeit flugbereit sind. Die Priorisierung der Akkus erfolgt automatisch, wodurch der Ladevorgang f\u00fcr die Benutzer vereinfacht wird.<\/p>\n<p><strong>Akku \u00fcber die DJI GO 4-App koppeln<\/strong><\/p>\n<p> F\u00fcr eine verbesserte Ladestrategie k\u00f6nnen Nutzer Akkus mit der DJI GO 4 App koppeln. Diese Funktion hilft dabei, ausgewogene Ladezyklen f\u00fcr mehrere Akkus aufrechtzuerhalten. Sie vereinfacht das Akkumanagement und erm\u00f6glicht es den Nutzern, ihre Ausr\u00fcstung l\u00e4nger in optimalem Zustand zu halten.<\/p>\n<p><strong>Firmware-Aktualisierungen<\/strong><\/p>\n<p> Der Micro-USB-Anschluss an der Ladestation spielt eine entscheidende Rolle dabei, das Ger\u00e4t auf dem neuesten Stand zu halten. Firmware-Updates sind wichtig, um die Kompatibilit\u00e4t mit den neuesten Software-Erweiterungen und Betriebsverbesserungen zu gew\u00e4hrleisten. Die Benutzer sollten regelm\u00e4\u00dfig nach Updates suchen, um sicherzustellen, dass ihre Ladestation optimal funktioniert.<\/p>\n<p><strong>Benutzerhandbuch und Ressourcen<\/strong><\/p>\n<p> Detaillierte Anweisungen zum Akku-Pairing und anderen Funktionen finden Sie im Inspire 2 Benutzerhandbuch. Dieses Handbuch und weitere Ressourcen sind auf der offiziellen DJI-Website zu finden. Es ist eine wertvolle Ressource sowohl f\u00fcr Anf\u00e4nger als auch f\u00fcr erfahrene Drohnenbetreiber und bietet Anleitungen f\u00fcr die optimale Nutzung der Ladestation.<\/p>\n<p><\/p>","protected":false},"excerpt":{"rendered":"<ul>\n<li>Konzipiert f\u00fcr die Verwendung mit dem Inspire 2 Akkuladeger\u00e4t<\/li>\n<li> L\u00e4dt vier Intelligent Flight Batteries gleichzeitig auf<\/li>\n<li> L\u00e4dt zwei Batterien gleichzeitig f\u00fcr mehr Effizienz<\/li>\n<li> Intelligentes Laden auf Basis des Batteriestands<\/li>\n<li> Akku \u00fcber die DJI GO 4-App koppeln<\/li>\n<li> Micro-USB-Anschluss f\u00fcr Firmware-Updates<\/li>\n<\/ul>","protected":false},"featured_media":4688,"template":"","meta":{"_acf_changed":false},"product_brand":[],"product_cat":[111,97,788],"product_tag":[],"class_list":{"0":"post-4696","1":"product","2":"type-product","3":"status-publish","4":"has-post-thumbnail","6":"product_cat-alle-opladers","7":"product_cat-alle-producten","8":"product_cat-dji-inspire-2","9":"product_shipping_class-outofstock","10":"pa_brand-dji","11":"pa_productfamily-oplaadhub","12":"pa_producttype-oplaadhub","13":"pa_series-inspire-2","15":"first","16":"outofstock","17":"taxable","18":"shipping-taxable","19":"purchasable","20":"product-type-simple"},"acf":[],"yoast_head":"<!-- This site is optimized with the Yoast SEO Premium plugin v27.2 (Yoast SEO v27.2) - https:\/\/yoast.com\/product\/yoast-seo-premium-wordpress\/ -->\n<title>Inspire 2\/Ronin 2 Battery Charging Hub - koningdrone.be<\/title>\n<meta name=\"robots\" content=\"index, follow, max-snippet:-1, max-image-preview:large, max-video-preview:-1\" \/>\n<link rel=\"canonical\" href=\"https:\/\/koningdrone.be\/de\/produkt\/dji-inspire-2-hub-p08\/\" \/>\n<meta property=\"og:locale\" content=\"de_DE\" \/>\n<meta property=\"og:type\" content=\"article\" \/>\n<meta property=\"og:title\" content=\"Inspire 2\/Ronin 2 Battery Charging Hub\" \/>\n<meta property=\"og:description\" content=\"Ontworpen voor gebruik van de Inspire 2 batterijlader Laadt tegelijkertijd vier Intelligent Flight Batteries op Laadt twee batterijen tegelijk op voor effici\u00ebntie Intelligent opladen op basis van het batterijniveau Batterij koppelen via DJI GO 4-app Micro-USB-poort voor firmware-updates\" \/>\n<meta property=\"og:url\" content=\"https:\/\/koningdrone.be\/de\/produkt\/dji-inspire-2-hub-p08\/\" \/>\n<meta property=\"og:site_name\" content=\"koningdrone.be\" \/>\n<meta property=\"article:modified_time\" content=\"2026-04-29T13:00:25+00:00\" \/>\n<meta property=\"og:image\" content=\"https:\/\/koningdrone.be\/wp-content\/uploads\/sites\/13\/2025\/04\/large_5f292407-1582-4bef-a692-8a7f088c749d.jpg\" \/>\n\t<meta property=\"og:image:width\" content=\"1200\" \/>\n\t<meta property=\"og:image:height\" content=\"800\" \/>\n\t<meta property=\"og:image:type\" content=\"image\/jpeg\" \/>\n<meta name=\"twitter:card\" content=\"summary_large_image\" \/>\n<meta name=\"twitter:label1\" content=\"Gesch\u00e4tzte Lesezeit\" \/>\n\t<meta name=\"twitter:data1\" content=\"1\u00a0Minute\" \/>\n<script type=\"application\/ld+json\" class=\"yoast-schema-graph\">{\"@context\":\"https:\/\/schema.org\",\"@graph\":[{\"@type\":\"WebPage\",\"@id\":\"https:\/\/koningdrone.be\/product\/dji-inspire-2-hub-p08\/\",\"url\":\"https:\/\/koningdrone.be\/product\/dji-inspire-2-hub-p08\/\",\"name\":\"Inspire 2\/Ronin 2 Battery Charging Hub - koningdrone.be\",\"isPartOf\":{\"@id\":\"https:\/\/koningdrone.be\/#website\"},\"primaryImageOfPage\":{\"@id\":\"https:\/\/koningdrone.be\/product\/dji-inspire-2-hub-p08\/#primaryimage\"},\"image\":{\"@id\":\"https:\/\/koningdrone.be\/product\/dji-inspire-2-hub-p08\/#primaryimage\"},\"thumbnailUrl\":\"https:\/\/koningdrone.be\/wp-content\/uploads\/sites\/13\/2025\/04\/large_5f292407-1582-4bef-a692-8a7f088c749d.jpg\",\"datePublished\":\"2023-06-07T07:04:07+00:00\",\"dateModified\":\"2026-04-29T13:00:25+00:00\",\"breadcrumb\":{\"@id\":\"https:\/\/koningdrone.be\/product\/dji-inspire-2-hub-p08\/#breadcrumb\"},\"inLanguage\":\"de\",\"potentialAction\":[{\"@type\":\"ReadAction\",\"target\":[\"https:\/\/koningdrone.be\/product\/dji-inspire-2-hub-p08\/\"]}]},{\"@type\":\"ImageObject\",\"inLanguage\":\"de\",\"@id\":\"https:\/\/koningdrone.be\/product\/dji-inspire-2-hub-p08\/#primaryimage\",\"url\":\"https:\/\/koningdrone.be\/wp-content\/uploads\/sites\/13\/2025\/04\/large_5f292407-1582-4bef-a692-8a7f088c749d.jpg\",\"contentUrl\":\"https:\/\/koningdrone.be\/wp-content\/uploads\/sites\/13\/2025\/04\/large_5f292407-1582-4bef-a692-8a7f088c749d.jpg\",\"width\":1200,\"height\":800},{\"@type\":\"BreadcrumbList\",\"@id\":\"https:\/\/koningdrone.be\/product\/dji-inspire-2-hub-p08\/#breadcrumb\",\"itemListElement\":[{\"@type\":\"ListItem\",\"position\":1,\"name\":\"Home\",\"item\":\"https:\/\/koningdrone.be\/\"},{\"@type\":\"ListItem\",\"position\":2,\"name\":\"AVSS Parachute Recovery System for DJI Matrice 300\/350\",\"item\":\"https:\/\/koningdrone.be\/product\/avss-parachute-recovery-system-for-dji-matrice-300-350\/\"},{\"@type\":\"ListItem\",\"position\":3,\"name\":\"Alle opladers\",\"item\":\"https:\/\/koningdrone.be\/categorie\/alle-opladers\/\"},{\"@type\":\"ListItem\",\"position\":4,\"name\":\"Inspire 2\/Ronin 2 Battery Charging Hub\"}]},{\"@type\":\"WebSite\",\"@id\":\"https:\/\/koningdrone.be\/#website\",\"url\":\"https:\/\/koningdrone.be\/\",\"name\":\"Koningdrone.be - Uw online specialist in drones, gimbals, camera's en power stations.\",\"description\":\"De webshop in drones en gimbals\",\"publisher\":{\"@id\":\"https:\/\/koningdrone.be\/#organization\"},\"potentialAction\":[{\"@type\":\"SearchAction\",\"target\":{\"@type\":\"EntryPoint\",\"urlTemplate\":\"https:\/\/koningdrone.be\/?s={search_term_string}\"},\"query-input\":{\"@type\":\"PropertyValueSpecification\",\"valueRequired\":true,\"valueName\":\"search_term_string\"}}],\"inLanguage\":\"de\"},{\"@type\":\"Organization\",\"@id\":\"https:\/\/koningdrone.be\/#organization\",\"name\":\"Koningdrone.be\",\"url\":\"https:\/\/koningdrone.be\/\",\"logo\":{\"@type\":\"ImageObject\",\"inLanguage\":\"de\",\"@id\":\"https:\/\/koningdrone.be\/#\/schema\/logo\/image\/\",\"url\":\"https:\/\/koningdrone.be\/wp-content\/uploads\/sites\/13\/2025\/04\/koningdrone-copyright-logo.svg\",\"contentUrl\":\"https:\/\/koningdrone.be\/wp-content\/uploads\/sites\/13\/2025\/04\/koningdrone-copyright-logo.svg\",\"width\":227,\"height\":38,\"caption\":\"Koningdrone.be\"},\"image\":{\"@id\":\"https:\/\/koningdrone.be\/#\/schema\/logo\/image\/\"}}]}<\/script>\n<!-- \/ Yoast SEO Premium plugin. -->","yoast_head_json":{"title":"Inspire 2\/Ronin 2 Battery Charging Hub - koningdrone.be","robots":{"index":"index","follow":"follow","max-snippet":"max-snippet:-1","max-image-preview":"max-image-preview:large","max-video-preview":"max-video-preview:-1"},"canonical":"https:\/\/koningdrone.be\/de\/produkt\/dji-inspire-2-hub-p08\/","og_locale":"de_DE","og_type":"article","og_title":"Inspire 2\/Ronin 2 Battery Charging Hub","og_description":"Ontworpen voor gebruik van de Inspire 2 batterijlader Laadt tegelijkertijd vier Intelligent Flight Batteries op Laadt twee batterijen tegelijk op voor effici\u00ebntie Intelligent opladen op basis van het batterijniveau Batterij koppelen via DJI GO 4-app Micro-USB-poort voor firmware-updates","og_url":"https:\/\/koningdrone.be\/de\/produkt\/dji-inspire-2-hub-p08\/","og_site_name":"koningdrone.be","article_modified_time":"2026-04-29T13:00:25+00:00","og_image":[{"width":1200,"height":800,"url":"https:\/\/koningdrone.be\/wp-content\/uploads\/sites\/13\/2025\/04\/large_5f292407-1582-4bef-a692-8a7f088c749d.jpg","type":"image\/jpeg"}],"twitter_card":"summary_large_image","twitter_misc":{"Gesch\u00e4tzte Lesezeit":"1\u00a0Minute"},"schema":{"@context":"https:\/\/schema.org","@graph":[{"@type":"WebPage","@id":"https:\/\/koningdrone.be\/product\/dji-inspire-2-hub-p08\/","url":"https:\/\/koningdrone.be\/product\/dji-inspire-2-hub-p08\/","name":"Inspire 2\/Ronin 2 Battery Charging Hub - koningdrone.be","isPartOf":{"@id":"https:\/\/koningdrone.be\/#website"},"primaryImageOfPage":{"@id":"https:\/\/koningdrone.be\/product\/dji-inspire-2-hub-p08\/#primaryimage"},"image":{"@id":"https:\/\/koningdrone.be\/product\/dji-inspire-2-hub-p08\/#primaryimage"},"thumbnailUrl":"https:\/\/koningdrone.be\/wp-content\/uploads\/sites\/13\/2025\/04\/large_5f292407-1582-4bef-a692-8a7f088c749d.jpg","datePublished":"2023-06-07T07:04:07+00:00","dateModified":"2026-04-29T13:00:25+00:00","breadcrumb":{"@id":"https:\/\/koningdrone.be\/product\/dji-inspire-2-hub-p08\/#breadcrumb"},"inLanguage":"de","potentialAction":[{"@type":"ReadAction","target":["https:\/\/koningdrone.be\/product\/dji-inspire-2-hub-p08\/"]}]},{"@type":"ImageObject","inLanguage":"de","@id":"https:\/\/koningdrone.be\/product\/dji-inspire-2-hub-p08\/#primaryimage","url":"https:\/\/koningdrone.be\/wp-content\/uploads\/sites\/13\/2025\/04\/large_5f292407-1582-4bef-a692-8a7f088c749d.jpg","contentUrl":"https:\/\/koningdrone.be\/wp-content\/uploads\/sites\/13\/2025\/04\/large_5f292407-1582-4bef-a692-8a7f088c749d.jpg","width":1200,"height":800},{"@type":"BreadcrumbList","@id":"https:\/\/koningdrone.be\/product\/dji-inspire-2-hub-p08\/#breadcrumb","itemListElement":[{"@type":"ListItem","position":1,"name":"Home","item":"https:\/\/koningdrone.be\/"},{"@type":"ListItem","position":2,"name":"AVSS Parachute Recovery System for DJI Matrice 300\/350","item":"https:\/\/koningdrone.be\/product\/avss-parachute-recovery-system-for-dji-matrice-300-350\/"},{"@type":"ListItem","position":3,"name":"Alle opladers","item":"https:\/\/koningdrone.be\/categorie\/alle-opladers\/"},{"@type":"ListItem","position":4,"name":"Inspire 2\/Ronin 2 Battery Charging Hub"}]},{"@type":"WebSite","@id":"https:\/\/koningdrone.be\/#website","url":"https:\/\/koningdrone.be\/","name":"Koningdrone.be - Ihr Online-Spezialist f\u00fcr Drohnen, Gimbals, Kameras und Kraftwerke.","description":"Der Webshop f\u00fcr Drohnen und Gimbals","publisher":{"@id":"https:\/\/koningdrone.be\/#organization"},"potentialAction":[{"@type":"SearchAction","target":{"@type":"EntryPoint","urlTemplate":"https:\/\/koningdrone.be\/?s={search_term_string}"},"query-input":{"@type":"PropertyValueSpecification","valueRequired":true,"valueName":"search_term_string"}}],"inLanguage":"de"},{"@type":"Organization","@id":"https:\/\/koningdrone.be\/#organization","name":"Kingdrone.de","url":"https:\/\/koningdrone.be\/","logo":{"@type":"ImageObject","inLanguage":"de","@id":"https:\/\/koningdrone.be\/#\/schema\/logo\/image\/","url":"https:\/\/koningdrone.be\/wp-content\/uploads\/sites\/13\/2025\/04\/koningdrone-copyright-logo.svg","contentUrl":"https:\/\/koningdrone.be\/wp-content\/uploads\/sites\/13\/2025\/04\/koningdrone-copyright-logo.svg","width":227,"height":38,"caption":"Koningdrone.be"},"image":{"@id":"https:\/\/koningdrone.be\/#\/schema\/logo\/image\/"}}]}},"df_price":109,"df_sale_price":"","df_regular_price":109,"df_image_link":"https:\/\/koningdrone.be\/wp-content\/uploads\/sites\/13\/2025\/04\/large_5f292407-1582-4bef-a692-8a7f088c749d-300x200.jpg","_links":{"self":[{"href":"https:\/\/koningdrone.be\/de\/wp-json\/wp\/v2\/product\/4696","targetHints":{"allow":["GET"]}}],"collection":[{"href":"https:\/\/koningdrone.be\/de\/wp-json\/wp\/v2\/product"}],"about":[{"href":"https:\/\/koningdrone.be\/de\/wp-json\/wp\/v2\/types\/product"}],"wp:featuredmedia":[{"embeddable":true,"href":"https:\/\/koningdrone.be\/de\/wp-json\/wp\/v2\/media\/4688"}],"wp:attachment":[{"href":"https:\/\/koningdrone.be\/de\/wp-json\/wp\/v2\/media?parent=4696"}],"wp:term":[{"taxonomy":"product_brand","embeddable":true,"href":"https:\/\/koningdrone.be\/de\/wp-json\/wp\/v2\/product_brand?post=4696"},{"taxonomy":"product_cat","embeddable":true,"href":"https:\/\/koningdrone.be\/de\/wp-json\/wp\/v2\/product_cat?post=4696"},{"taxonomy":"product_tag","embeddable":true,"href":"https:\/\/koningdrone.be\/de\/wp-json\/wp\/v2\/product_tag?post=4696"}],"curies":[{"name":"wp","href":"https:\/\/api.w.org\/{rel}","templated":true}]}}