{"id":4687,"date":"2023-06-07T09:04:28","date_gmt":"2023-06-07T07:04:28","guid":{"rendered":"https:\/\/koningdrone.nl\/kon\/product\/dji-inspire-2-180w-ac-power-adaptor-p16\/"},"modified":"2026-04-29T12:50:48","modified_gmt":"2026-04-29T10:50:48","slug":"dji-inspire-2-180w-ac-power-adaptor-p16","status":"publish","type":"product","link":"https:\/\/koningdrone.be\/de\/produkt\/dji-inspire-2-180w-ac-power-adaptor-p16\/","title":{"rendered":"Inspire 2\/Ronin 2 180 W Akku-Ladeger\u00e4t"},"content":{"rendered":"<p> Als unverzichtbares Zubeh\u00f6r f\u00fcr Drohnen-Enthusiasten bietet das Inspire 2 180-W-Akkuladeger\u00e4t effiziente Ladel\u00f6sungen sowohl f\u00fcr den Akku der Inspire 2-Drohne als auch f\u00fcr die Fernsteuerung. Es wurde mit Blick auf die Bequemlichkeit entwickelt und erm\u00f6glicht es den Nutzern, ihre Ausr\u00fcstung durch einfaches Einstecken in eine Steckdose mit Strom zu versorgen.<\/p>\n<p><strong>Effiziente Aufladung<\/strong><\/p>\n<p> Wenn Sie die Intelligent Flight Battery der Inspire 2 Drohne aufladen m\u00fcssen, erledigt dieses Ladeger\u00e4t diese Aufgabe in etwa 1,5 Stunden. Diese schnelle Ladezeit sorgt daf\u00fcr, dass Ihre Drohne schnell wieder flugbereit ist, und ist damit ideal f\u00fcr begeisterte Piloten und Profis gleicherma\u00dfen.<\/p>\n<p><strong>Fernsteuerung aufladen<\/strong><\/p>\n<p> Das Akku-Ladeger\u00e4t des Inspire 2 180 W ist auch mit der Fernsteuerung kompatibel; es dauert etwa 2,5 Stunden, um sie vollst\u00e4ndig aufzuladen. Diese Funktion stellt sicher, dass sowohl Ihre Drohne als auch die Fernsteuerung voll aufgeladen und bereit f\u00fcr jedes Abenteuer oder jede Aufgabe sind, die Sie geplant haben.<\/p>\n<p><strong>Gleichzeitige Aufladung<\/strong><\/p>\n<p> F\u00fcr zus\u00e4tzlichen Komfort bietet dieses Ladeger\u00e4t die M\u00f6glichkeit, sowohl den Akku der Drohne als auch die Fernsteuerung gleichzeitig zu laden. Diese doppelte Ladefunktion verl\u00e4ngert zwar die Gesamtladezeit geringf\u00fcgig auf etwas mehr als 2,5 Stunden, bietet aber den Vorteil, dass beide Komponenten gleichzeitig einsatzbereit sind.<\/p>\n<p><\/p>","protected":false},"excerpt":{"rendered":"<ul>\n<li>L\u00e4dt die Inspire 2-Fernbedienung und den Akku<\/li>\n<li> Verwendung von Wechselstrom zum Laden<\/li>\n<li> Vollst\u00e4ndiges Aufladen des Flugakkus in etwa 1,5 Stunden<\/li>\n<li> L\u00e4dt die Fernbedienung in etwa 2,5 Stunden auf<\/li>\n<li> L\u00e4ngere Ladezeit, wenn beide Ger\u00e4te zusammen geladen werden<\/li>\n<\/ul>","protected":false},"featured_media":4682,"template":"","meta":{"_acf_changed":false},"product_brand":[],"product_cat":[111,97,788],"product_tag":[],"class_list":{"0":"post-4687","1":"product","2":"type-product","3":"status-publish","4":"has-post-thumbnail","6":"product_cat-alle-opladers","7":"product_cat-alle-producten","8":"product_cat-dji-inspire-2","9":"product_shipping_class-outofstock","10":"pa_brand-dji","11":"pa_productfamily-oplader","12":"pa_producttype-oplader","13":"pa_series-inspire-2","15":"first","16":"outofstock","17":"taxable","18":"shipping-taxable","19":"product-type-simple"},"acf":[],"yoast_head":"<!-- This site is optimized with the Yoast SEO Premium plugin v27.2 (Yoast SEO v27.2) - https:\/\/yoast.com\/product\/yoast-seo-premium-wordpress\/ -->\n<title>Inspire 2\/Ronin 2 180 W Battery Charger - koningdrone.be<\/title>\n<meta name=\"robots\" content=\"index, follow, max-snippet:-1, max-image-preview:large, max-video-preview:-1\" \/>\n<link rel=\"canonical\" href=\"https:\/\/koningdrone.be\/de\/produkt\/dji-inspire-2-180w-ac-power-adaptor-p16\/\" \/>\n<meta property=\"og:locale\" content=\"de_DE\" \/>\n<meta property=\"og:type\" content=\"article\" \/>\n<meta property=\"og:title\" content=\"Inspire 2\/Ronin 2 180 W Battery Charger\" \/>\n<meta property=\"og:description\" content=\"Laadt de Inspire 2-afstandsbediening en batterij op Maakt gebruik van wisselstroom voor het opladen Laadt de vliegaccu volledig op in ongeveer 1,5 uur Laadt de afstandsbediening op in ongeveer 2,5 uur Langere oplaadtijd wanneer beide apparaten samen worden opgeladen\" \/>\n<meta property=\"og:url\" content=\"https:\/\/koningdrone.be\/de\/produkt\/dji-inspire-2-180w-ac-power-adaptor-p16\/\" \/>\n<meta property=\"og:site_name\" content=\"koningdrone.be\" \/>\n<meta property=\"article:modified_time\" content=\"2026-04-29T10:50:48+00:00\" \/>\n<meta property=\"og:image\" content=\"https:\/\/koningdrone.be\/wp-content\/uploads\/sites\/13\/2025\/04\/large_9178ffcd-c7a8-400e-8bfd-5d88e8d28084.jpg\" \/>\n\t<meta property=\"og:image:width\" content=\"1200\" \/>\n\t<meta property=\"og:image:height\" content=\"800\" \/>\n\t<meta property=\"og:image:type\" content=\"image\/jpeg\" \/>\n<meta name=\"twitter:card\" content=\"summary_large_image\" \/>\n<meta name=\"twitter:label1\" content=\"Gesch\u00e4tzte Lesezeit\" \/>\n\t<meta name=\"twitter:data1\" content=\"1\u00a0Minute\" \/>\n<script type=\"application\/ld+json\" class=\"yoast-schema-graph\">{\"@context\":\"https:\/\/schema.org\",\"@graph\":[{\"@type\":\"WebPage\",\"@id\":\"https:\/\/koningdrone.be\/product\/dji-inspire-2-180w-ac-power-adaptor-p16\/\",\"url\":\"https:\/\/koningdrone.be\/product\/dji-inspire-2-180w-ac-power-adaptor-p16\/\",\"name\":\"Inspire 2\/Ronin 2 180 W Battery Charger - koningdrone.be\",\"isPartOf\":{\"@id\":\"https:\/\/koningdrone.be\/#website\"},\"primaryImageOfPage\":{\"@id\":\"https:\/\/koningdrone.be\/product\/dji-inspire-2-180w-ac-power-adaptor-p16\/#primaryimage\"},\"image\":{\"@id\":\"https:\/\/koningdrone.be\/product\/dji-inspire-2-180w-ac-power-adaptor-p16\/#primaryimage\"},\"thumbnailUrl\":\"https:\/\/koningdrone.be\/wp-content\/uploads\/sites\/13\/2025\/04\/large_9178ffcd-c7a8-400e-8bfd-5d88e8d28084.jpg\",\"datePublished\":\"2023-06-07T07:04:28+00:00\",\"dateModified\":\"2026-04-29T10:50:48+00:00\",\"breadcrumb\":{\"@id\":\"https:\/\/koningdrone.be\/product\/dji-inspire-2-180w-ac-power-adaptor-p16\/#breadcrumb\"},\"inLanguage\":\"de\",\"potentialAction\":[{\"@type\":\"ReadAction\",\"target\":[\"https:\/\/koningdrone.be\/product\/dji-inspire-2-180w-ac-power-adaptor-p16\/\"]}]},{\"@type\":\"ImageObject\",\"inLanguage\":\"de\",\"@id\":\"https:\/\/koningdrone.be\/product\/dji-inspire-2-180w-ac-power-adaptor-p16\/#primaryimage\",\"url\":\"https:\/\/koningdrone.be\/wp-content\/uploads\/sites\/13\/2025\/04\/large_9178ffcd-c7a8-400e-8bfd-5d88e8d28084.jpg\",\"contentUrl\":\"https:\/\/koningdrone.be\/wp-content\/uploads\/sites\/13\/2025\/04\/large_9178ffcd-c7a8-400e-8bfd-5d88e8d28084.jpg\",\"width\":1200,\"height\":800},{\"@type\":\"BreadcrumbList\",\"@id\":\"https:\/\/koningdrone.be\/product\/dji-inspire-2-180w-ac-power-adaptor-p16\/#breadcrumb\",\"itemListElement\":[{\"@type\":\"ListItem\",\"position\":1,\"name\":\"Home\",\"item\":\"https:\/\/koningdrone.be\/\"},{\"@type\":\"ListItem\",\"position\":2,\"name\":\"AVSS Parachute Recovery System for DJI Matrice 300\/350\",\"item\":\"https:\/\/koningdrone.be\/product\/avss-parachute-recovery-system-for-dji-matrice-300-350\/\"},{\"@type\":\"ListItem\",\"position\":3,\"name\":\"Alle opladers\",\"item\":\"https:\/\/koningdrone.be\/categorie\/alle-opladers\/\"},{\"@type\":\"ListItem\",\"position\":4,\"name\":\"Inspire 2\/Ronin 2 180 W Battery Charger\"}]},{\"@type\":\"WebSite\",\"@id\":\"https:\/\/koningdrone.be\/#website\",\"url\":\"https:\/\/koningdrone.be\/\",\"name\":\"Koningdrone.be - Uw online specialist in drones, gimbals, camera's en power stations.\",\"description\":\"De webshop in drones en gimbals\",\"publisher\":{\"@id\":\"https:\/\/koningdrone.be\/#organization\"},\"potentialAction\":[{\"@type\":\"SearchAction\",\"target\":{\"@type\":\"EntryPoint\",\"urlTemplate\":\"https:\/\/koningdrone.be\/?s={search_term_string}\"},\"query-input\":{\"@type\":\"PropertyValueSpecification\",\"valueRequired\":true,\"valueName\":\"search_term_string\"}}],\"inLanguage\":\"de\"},{\"@type\":\"Organization\",\"@id\":\"https:\/\/koningdrone.be\/#organization\",\"name\":\"Koningdrone.be\",\"url\":\"https:\/\/koningdrone.be\/\",\"logo\":{\"@type\":\"ImageObject\",\"inLanguage\":\"de\",\"@id\":\"https:\/\/koningdrone.be\/#\/schema\/logo\/image\/\",\"url\":\"https:\/\/koningdrone.be\/wp-content\/uploads\/sites\/13\/2025\/04\/koningdrone-copyright-logo.svg\",\"contentUrl\":\"https:\/\/koningdrone.be\/wp-content\/uploads\/sites\/13\/2025\/04\/koningdrone-copyright-logo.svg\",\"width\":227,\"height\":38,\"caption\":\"Koningdrone.be\"},\"image\":{\"@id\":\"https:\/\/koningdrone.be\/#\/schema\/logo\/image\/\"}}]}<\/script>\n<!-- \/ Yoast SEO Premium plugin. -->","yoast_head_json":{"title":"Inspire 2\/Ronin 2 180 W Battery Charger - koningdrone.be","robots":{"index":"index","follow":"follow","max-snippet":"max-snippet:-1","max-image-preview":"max-image-preview:large","max-video-preview":"max-video-preview:-1"},"canonical":"https:\/\/koningdrone.be\/de\/produkt\/dji-inspire-2-180w-ac-power-adaptor-p16\/","og_locale":"de_DE","og_type":"article","og_title":"Inspire 2\/Ronin 2 180 W Battery Charger","og_description":"Laadt de Inspire 2-afstandsbediening en batterij op Maakt gebruik van wisselstroom voor het opladen Laadt de vliegaccu volledig op in ongeveer 1,5 uur Laadt de afstandsbediening op in ongeveer 2,5 uur Langere oplaadtijd wanneer beide apparaten samen worden opgeladen","og_url":"https:\/\/koningdrone.be\/de\/produkt\/dji-inspire-2-180w-ac-power-adaptor-p16\/","og_site_name":"koningdrone.be","article_modified_time":"2026-04-29T10:50:48+00:00","og_image":[{"width":1200,"height":800,"url":"https:\/\/koningdrone.be\/wp-content\/uploads\/sites\/13\/2025\/04\/large_9178ffcd-c7a8-400e-8bfd-5d88e8d28084.jpg","type":"image\/jpeg"}],"twitter_card":"summary_large_image","twitter_misc":{"Gesch\u00e4tzte Lesezeit":"1\u00a0Minute"},"schema":{"@context":"https:\/\/schema.org","@graph":[{"@type":"WebPage","@id":"https:\/\/koningdrone.be\/product\/dji-inspire-2-180w-ac-power-adaptor-p16\/","url":"https:\/\/koningdrone.be\/product\/dji-inspire-2-180w-ac-power-adaptor-p16\/","name":"Inspire 2\/Ronin 2 180 W Battery Charger - koningdrone.be","isPartOf":{"@id":"https:\/\/koningdrone.be\/#website"},"primaryImageOfPage":{"@id":"https:\/\/koningdrone.be\/product\/dji-inspire-2-180w-ac-power-adaptor-p16\/#primaryimage"},"image":{"@id":"https:\/\/koningdrone.be\/product\/dji-inspire-2-180w-ac-power-adaptor-p16\/#primaryimage"},"thumbnailUrl":"https:\/\/koningdrone.be\/wp-content\/uploads\/sites\/13\/2025\/04\/large_9178ffcd-c7a8-400e-8bfd-5d88e8d28084.jpg","datePublished":"2023-06-07T07:04:28+00:00","dateModified":"2026-04-29T10:50:48+00:00","breadcrumb":{"@id":"https:\/\/koningdrone.be\/product\/dji-inspire-2-180w-ac-power-adaptor-p16\/#breadcrumb"},"inLanguage":"de","potentialAction":[{"@type":"ReadAction","target":["https:\/\/koningdrone.be\/product\/dji-inspire-2-180w-ac-power-adaptor-p16\/"]}]},{"@type":"ImageObject","inLanguage":"de","@id":"https:\/\/koningdrone.be\/product\/dji-inspire-2-180w-ac-power-adaptor-p16\/#primaryimage","url":"https:\/\/koningdrone.be\/wp-content\/uploads\/sites\/13\/2025\/04\/large_9178ffcd-c7a8-400e-8bfd-5d88e8d28084.jpg","contentUrl":"https:\/\/koningdrone.be\/wp-content\/uploads\/sites\/13\/2025\/04\/large_9178ffcd-c7a8-400e-8bfd-5d88e8d28084.jpg","width":1200,"height":800},{"@type":"BreadcrumbList","@id":"https:\/\/koningdrone.be\/product\/dji-inspire-2-180w-ac-power-adaptor-p16\/#breadcrumb","itemListElement":[{"@type":"ListItem","position":1,"name":"Home","item":"https:\/\/koningdrone.be\/"},{"@type":"ListItem","position":2,"name":"AVSS Parachute Recovery System for DJI Matrice 300\/350","item":"https:\/\/koningdrone.be\/product\/avss-parachute-recovery-system-for-dji-matrice-300-350\/"},{"@type":"ListItem","position":3,"name":"Alle opladers","item":"https:\/\/koningdrone.be\/categorie\/alle-opladers\/"},{"@type":"ListItem","position":4,"name":"Inspire 2\/Ronin 2 180 W Battery Charger"}]},{"@type":"WebSite","@id":"https:\/\/koningdrone.be\/#website","url":"https:\/\/koningdrone.be\/","name":"Koningdrone.be - Ihr Online-Spezialist f\u00fcr Drohnen, Gimbals, Kameras und Kraftwerke.","description":"Der Webshop f\u00fcr Drohnen und Gimbals","publisher":{"@id":"https:\/\/koningdrone.be\/#organization"},"potentialAction":[{"@type":"SearchAction","target":{"@type":"EntryPoint","urlTemplate":"https:\/\/koningdrone.be\/?s={search_term_string}"},"query-input":{"@type":"PropertyValueSpecification","valueRequired":true,"valueName":"search_term_string"}}],"inLanguage":"de"},{"@type":"Organization","@id":"https:\/\/koningdrone.be\/#organization","name":"Kingdrone.de","url":"https:\/\/koningdrone.be\/","logo":{"@type":"ImageObject","inLanguage":"de","@id":"https:\/\/koningdrone.be\/#\/schema\/logo\/image\/","url":"https:\/\/koningdrone.be\/wp-content\/uploads\/sites\/13\/2025\/04\/koningdrone-copyright-logo.svg","contentUrl":"https:\/\/koningdrone.be\/wp-content\/uploads\/sites\/13\/2025\/04\/koningdrone-copyright-logo.svg","width":227,"height":38,"caption":"Koningdrone.be"},"image":{"@id":"https:\/\/koningdrone.be\/#\/schema\/logo\/image\/"}}]}},"df_price":"","df_sale_price":"","df_regular_price":"","df_image_link":"https:\/\/koningdrone.be\/wp-content\/uploads\/sites\/13\/2025\/04\/large_9178ffcd-c7a8-400e-8bfd-5d88e8d28084-300x200.jpg","_links":{"self":[{"href":"https:\/\/koningdrone.be\/de\/wp-json\/wp\/v2\/product\/4687","targetHints":{"allow":["GET"]}}],"collection":[{"href":"https:\/\/koningdrone.be\/de\/wp-json\/wp\/v2\/product"}],"about":[{"href":"https:\/\/koningdrone.be\/de\/wp-json\/wp\/v2\/types\/product"}],"wp:featuredmedia":[{"embeddable":true,"href":"https:\/\/koningdrone.be\/de\/wp-json\/wp\/v2\/media\/4682"}],"wp:attachment":[{"href":"https:\/\/koningdrone.be\/de\/wp-json\/wp\/v2\/media?parent=4687"}],"wp:term":[{"taxonomy":"product_brand","embeddable":true,"href":"https:\/\/koningdrone.be\/de\/wp-json\/wp\/v2\/product_brand?post=4687"},{"taxonomy":"product_cat","embeddable":true,"href":"https:\/\/koningdrone.be\/de\/wp-json\/wp\/v2\/product_cat?post=4687"},{"taxonomy":"product_tag","embeddable":true,"href":"https:\/\/koningdrone.be\/de\/wp-json\/wp\/v2\/product_tag?post=4687"}],"curies":[{"name":"wp","href":"https:\/\/api.w.org\/{rel}","templated":true}]}}