{"id":4659,"date":"2023-07-05T13:44:55","date_gmt":"2023-07-05T11:44:55","guid":{"rendered":"https:\/\/koningdrone.nl\/kon\/product\/ecoflow-delta-pro-bundle-one-400w\/"},"modified":"2026-04-29T14:30:05","modified_gmt":"2026-04-29T12:30:05","slug":"ecoflow-delta-pro-bundle-one-400w","status":"publish","type":"product","link":"https:\/\/koningdrone.be\/de\/produkt\/ecoflow-delta-pro-bundle-one-400w\/","title":{"rendered":"Ecoflow DELTA Pro-Paket (ein 400W)"},"content":{"rendered":"<p>Die DELTA Pro Power Station ist die neueste tragbare Stromversorgungsl\u00f6sung, die Sie \u00fcberall zuverl\u00e4ssig mit Strom versorgt. Mit einem einzigen DELTA Pro-Ger\u00e4t k\u00f6nnen Sie eine AC-Leistung von bis zu 3600 W erzeugen, die mit X-Boost auf 4500 W erweitert werden kann. Damit haben Sie genug Wechselstrom f\u00fcr selbst die schwersten Ger\u00e4te.<\/p>\n<p><strong>Kapazit\u00e4t und Leistung<\/strong><\/p>\n<p>Die Kapazit\u00e4t von 3,6 kWh des DELTA Pro kann auf bis zu 25 kWh erweitert werden. Damit k\u00f6nnen Sie fast alles mit Strom versorgen, was den DELTA Pro zum Branchenf\u00fchrer bei der AC-Leistung macht.<\/p>\n<p><strong>Optionen zum Aufladen<\/strong><\/p>\n<p>Der DELTA Pro ist die weltweit schnellste tragbare Stromversorgungsl\u00f6sung und kann mit 6 verschiedenen Methoden aufgeladen werden. Es ist sogar das erste Ger\u00e4t, das an einer Stromtankstelle laden kann, und kann sogar mehrere Lademethoden kombinieren, um schnell 6500 W zu laden.<\/p>\n<p><strong>Batterielebensdauer und -verwaltung<\/strong><\/p>\n<p>Mit einer brandneuen LFP-Batterie mit 6500 Zyklen k\u00f6nnen Sie die DELTA Pro jahrelang nutzen, bevor sie 50% ihrer urspr\u00fcnglichen Kapazit\u00e4t erreicht. Das EcoFlow-Batteriemanagementsystem bietet Echtzeit-Analyse und -Kontrolle von Spannung, Strom und Temperatur und macht die DELTA Pro zu einer unglaublich sicheren und effizienten Heimbatterie. Mit der DELTA Pro haben Sie die Garantie f\u00fcr eine sichere und unabh\u00e4ngige Stromversorgung, wo immer Sie sind.<\/p>\n<p><\/p>","protected":false},"excerpt":{"rendered":"<ul>\n<li>Dieses Bundle kombiniert dieses Kraftwerk mit dem 400-W-Solarpanel. Mit einer Leistung von 400 W ist dies eines der leistungsst\u00e4rksten faltbaren Solarmodule auf dem Markt. Mit einem Gewicht von nur 16 kg, seinem leichten Design und dem integrierten Schultergurt ist es ideal f\u00fcr Outdoor-Abenteurer.<\/li>\n<li>Selbsttragend Die Schutzabdeckung l\u00e4sst sich leicht in einen St\u00e4nder verwandeln, der von 40-90\u00b0 verstellt werden kann, damit die Solarmodule die meisten Strahlen einfangen k\u00f6nnen.<\/li>\n<li>Robust und wetterfest Hergestellt aus Schichten von biegsamem EVA und haltbarem Glasfasergewebe, um die Vielseitigkeit flexibler Solarmodule mit der St\u00e4rke starrer Solarmodule zu kombinieren. Jede monokristalline Siliziumzelle ist mit einer ETFE-Folie \u00fcberzogen, die vor Schmutz, Dreck und Wasser sch\u00fctzt. Dank der Wasserdichtigkeitsklasse IP68 funktioniert das tragbare Solarpanel unter allen Wetterbedingungen und eignet sich sowohl f\u00fcr den Einsatz beim Camping als auch auf dem Dach.<\/li>\n<li>Umfassende Kompatibilit\u00e4t Durch die Verwendung des universell anerkannten Solarsteckers ist er mit allen tragbaren Kraftwerken der Serie EcoFlow DELTA und vielen anderen Generatoren von Drittanbietern kompatibel.<\/li>\n<li>Smart Solar Das EcoFlow 400W Solarmodul hat einen Wirkungsgrad von 22,4%.<\/li>\n<\/ul>","protected":false},"featured_media":4656,"template":"","meta":{"_acf_changed":false},"product_brand":[],"product_cat":[97,245,415],"product_tag":[],"class_list":{"0":"post-4659","1":"product","2":"type-product","3":"status-publish","4":"has-post-thumbnail","6":"product_cat-alle-producten","7":"product_cat-ecoflow","8":"product_cat-energy","9":"product_shipping_class-outofstock","10":"pa_brand-ecoflow","11":"pa_productfamily-generator","12":"pa_producttype-generator","13":"pa_series-delta-pro","15":"first","16":"outofstock","17":"taxable","18":"shipping-taxable","19":"product-type-simple"},"acf":[],"yoast_head":"<!-- This site is optimized with the Yoast SEO Premium plugin v27.2 (Yoast SEO v27.2) - https:\/\/yoast.com\/product\/yoast-seo-premium-wordpress\/ -->\n<title>Ecoflow DELTA Pro Bundle (one 400W) - koningdrone.be<\/title>\n<meta name=\"robots\" content=\"index, follow, max-snippet:-1, max-image-preview:large, max-video-preview:-1\" \/>\n<link rel=\"canonical\" href=\"https:\/\/koningdrone.be\/de\/produkt\/ecoflow-delta-pro-bundle-one-400w\/\" \/>\n<meta property=\"og:locale\" content=\"de_DE\" \/>\n<meta property=\"og:type\" content=\"article\" \/>\n<meta property=\"og:title\" content=\"Ecoflow DELTA Pro Bundle (one 400W)\" \/>\n<meta property=\"og:description\" content=\"Deze bundel combineert deze energiecentrale met het 400w zonnepaneel. Met een input van 400W is dit een van de krachtigste opvouwbare zonnepanelen op de markt. Met een gewicht van slechts 16 kg, het lichtgewicht ontwerp en de ingebouwde schouderriem is hij ideaal voor outdoor-avonturiers.Zelfdragend De beschermhoes verandert gemakkelijk in een standaard die kan worden aangepast van 40-90\u00b0, zodat de zonnepanelen de meeste stralen kunnen opvangen.Robuust en weerbestendig Gemaakt van lagen buigzaam EVA en duurzaam glasvezel om de veelzijdigheid van flexibele zonnepanelen te combineren met de sterkte van stijve zonnepanelen. Elke monokristallijne siliciumcel is bedekt met ETFE-film, die beschermt tegen vuil, vuil en water. Met een IP68-waterdichtheidsclassificatie werkt het draagbare zonnepaneel bij alle weersomstandigheden, perfect voor zowel op de camping als op het dak.Uitgebreide compatibiliteit Maakt gebruik van de universeel erkende zonneconnector, waardoor deze compatibel is met alle draagbare energiecentrales van de EcoFlow DELTA-serie en vele andere generatoren van derden.Slimme zonne-energie Het EcoFlow 400W zonnepaneel heeft een omzettingsrendement van 22,4%.\" \/>\n<meta property=\"og:url\" content=\"https:\/\/koningdrone.be\/de\/produkt\/ecoflow-delta-pro-bundle-one-400w\/\" \/>\n<meta property=\"og:site_name\" content=\"koningdrone.be\" \/>\n<meta property=\"article:modified_time\" content=\"2026-04-29T12:30:05+00:00\" \/>\n<meta property=\"og:image\" content=\"https:\/\/koningdrone.be\/wp-content\/uploads\/sites\/13\/2025\/04\/5706649033175-1.webp\" \/>\n\t<meta property=\"og:image:width\" content=\"600\" \/>\n\t<meta property=\"og:image:height\" content=\"600\" \/>\n\t<meta property=\"og:image:type\" content=\"image\/webp\" \/>\n<meta name=\"twitter:card\" content=\"summary_large_image\" \/>\n<meta name=\"twitter:label1\" content=\"Gesch\u00e4tzte Lesezeit\" \/>\n\t<meta name=\"twitter:data1\" content=\"1\u00a0Minute\" \/>\n<script type=\"application\/ld+json\" class=\"yoast-schema-graph\">{\"@context\":\"https:\/\/schema.org\",\"@graph\":[{\"@type\":\"WebPage\",\"@id\":\"https:\/\/koningdrone.be\/product\/ecoflow-delta-pro-bundle-one-400w\/\",\"url\":\"https:\/\/koningdrone.be\/product\/ecoflow-delta-pro-bundle-one-400w\/\",\"name\":\"Ecoflow DELTA Pro Bundle (one 400W) - koningdrone.be\",\"isPartOf\":{\"@id\":\"https:\/\/koningdrone.be\/#website\"},\"primaryImageOfPage\":{\"@id\":\"https:\/\/koningdrone.be\/product\/ecoflow-delta-pro-bundle-one-400w\/#primaryimage\"},\"image\":{\"@id\":\"https:\/\/koningdrone.be\/product\/ecoflow-delta-pro-bundle-one-400w\/#primaryimage\"},\"thumbnailUrl\":\"https:\/\/koningdrone.be\/wp-content\/uploads\/sites\/13\/2025\/04\/5706649033175-1.webp\",\"datePublished\":\"2023-07-05T11:44:55+00:00\",\"dateModified\":\"2026-04-29T12:30:05+00:00\",\"breadcrumb\":{\"@id\":\"https:\/\/koningdrone.be\/product\/ecoflow-delta-pro-bundle-one-400w\/#breadcrumb\"},\"inLanguage\":\"de\",\"potentialAction\":[{\"@type\":\"ReadAction\",\"target\":[\"https:\/\/koningdrone.be\/product\/ecoflow-delta-pro-bundle-one-400w\/\"]}]},{\"@type\":\"ImageObject\",\"inLanguage\":\"de\",\"@id\":\"https:\/\/koningdrone.be\/product\/ecoflow-delta-pro-bundle-one-400w\/#primaryimage\",\"url\":\"https:\/\/koningdrone.be\/wp-content\/uploads\/sites\/13\/2025\/04\/5706649033175-1.webp\",\"contentUrl\":\"https:\/\/koningdrone.be\/wp-content\/uploads\/sites\/13\/2025\/04\/5706649033175-1.webp\",\"width\":600,\"height\":600},{\"@type\":\"BreadcrumbList\",\"@id\":\"https:\/\/koningdrone.be\/product\/ecoflow-delta-pro-bundle-one-400w\/#breadcrumb\",\"itemListElement\":[{\"@type\":\"ListItem\",\"position\":1,\"name\":\"Home\",\"item\":\"https:\/\/koningdrone.be\/\"},{\"@type\":\"ListItem\",\"position\":2,\"name\":\"AVSS Parachute Recovery System for DJI Matrice 300\/350\",\"item\":\"https:\/\/koningdrone.be\/product\/avss-parachute-recovery-system-for-dji-matrice-300-350\/\"},{\"@type\":\"ListItem\",\"position\":3,\"name\":\"Alle producten\",\"item\":\"https:\/\/koningdrone.be\/categorie\/alle-producten\/\"},{\"@type\":\"ListItem\",\"position\":4,\"name\":\"Ecoflow DELTA Pro Bundle (one 400W)\"}]},{\"@type\":\"WebSite\",\"@id\":\"https:\/\/koningdrone.be\/#website\",\"url\":\"https:\/\/koningdrone.be\/\",\"name\":\"Koningdrone.be - Uw online specialist in drones, gimbals, camera's en power stations.\",\"description\":\"De webshop in drones en gimbals\",\"publisher\":{\"@id\":\"https:\/\/koningdrone.be\/#organization\"},\"potentialAction\":[{\"@type\":\"SearchAction\",\"target\":{\"@type\":\"EntryPoint\",\"urlTemplate\":\"https:\/\/koningdrone.be\/?s={search_term_string}\"},\"query-input\":{\"@type\":\"PropertyValueSpecification\",\"valueRequired\":true,\"valueName\":\"search_term_string\"}}],\"inLanguage\":\"de\"},{\"@type\":\"Organization\",\"@id\":\"https:\/\/koningdrone.be\/#organization\",\"name\":\"Koningdrone.be\",\"url\":\"https:\/\/koningdrone.be\/\",\"logo\":{\"@type\":\"ImageObject\",\"inLanguage\":\"de\",\"@id\":\"https:\/\/koningdrone.be\/#\/schema\/logo\/image\/\",\"url\":\"https:\/\/koningdrone.be\/wp-content\/uploads\/sites\/13\/2025\/04\/koningdrone-copyright-logo.svg\",\"contentUrl\":\"https:\/\/koningdrone.be\/wp-content\/uploads\/sites\/13\/2025\/04\/koningdrone-copyright-logo.svg\",\"width\":227,\"height\":38,\"caption\":\"Koningdrone.be\"},\"image\":{\"@id\":\"https:\/\/koningdrone.be\/#\/schema\/logo\/image\/\"}}]}<\/script>\n<!-- \/ Yoast SEO Premium plugin. -->","yoast_head_json":{"title":"Ecoflow DELTA Pro Bundle (one 400W) - koningdrone.be","robots":{"index":"index","follow":"follow","max-snippet":"max-snippet:-1","max-image-preview":"max-image-preview:large","max-video-preview":"max-video-preview:-1"},"canonical":"https:\/\/koningdrone.be\/de\/produkt\/ecoflow-delta-pro-bundle-one-400w\/","og_locale":"de_DE","og_type":"article","og_title":"Ecoflow DELTA Pro Bundle (one 400W)","og_description":"Deze bundel combineert deze energiecentrale met het 400w zonnepaneel. Met een input van 400W is dit een van de krachtigste opvouwbare zonnepanelen op de markt. Met een gewicht van slechts 16 kg, het lichtgewicht ontwerp en de ingebouwde schouderriem is hij ideaal voor outdoor-avonturiers.Zelfdragend De beschermhoes verandert gemakkelijk in een standaard die kan worden aangepast van 40-90\u00b0, zodat de zonnepanelen de meeste stralen kunnen opvangen.Robuust en weerbestendig Gemaakt van lagen buigzaam EVA en duurzaam glasvezel om de veelzijdigheid van flexibele zonnepanelen te combineren met de sterkte van stijve zonnepanelen. Elke monokristallijne siliciumcel is bedekt met ETFE-film, die beschermt tegen vuil, vuil en water. Met een IP68-waterdichtheidsclassificatie werkt het draagbare zonnepaneel bij alle weersomstandigheden, perfect voor zowel op de camping als op het dak.Uitgebreide compatibiliteit Maakt gebruik van de universeel erkende zonneconnector, waardoor deze compatibel is met alle draagbare energiecentrales van de EcoFlow DELTA-serie en vele andere generatoren van derden.Slimme zonne-energie Het EcoFlow 400W zonnepaneel heeft een omzettingsrendement van 22,4%.","og_url":"https:\/\/koningdrone.be\/de\/produkt\/ecoflow-delta-pro-bundle-one-400w\/","og_site_name":"koningdrone.be","article_modified_time":"2026-04-29T12:30:05+00:00","og_image":[{"width":600,"height":600,"url":"https:\/\/koningdrone.be\/wp-content\/uploads\/sites\/13\/2025\/04\/5706649033175-1.webp","type":"image\/webp"}],"twitter_card":"summary_large_image","twitter_misc":{"Gesch\u00e4tzte Lesezeit":"1\u00a0Minute"},"schema":{"@context":"https:\/\/schema.org","@graph":[{"@type":"WebPage","@id":"https:\/\/koningdrone.be\/product\/ecoflow-delta-pro-bundle-one-400w\/","url":"https:\/\/koningdrone.be\/product\/ecoflow-delta-pro-bundle-one-400w\/","name":"Ecoflow DELTA Pro Bundle (one 400W) - koningdrone.be","isPartOf":{"@id":"https:\/\/koningdrone.be\/#website"},"primaryImageOfPage":{"@id":"https:\/\/koningdrone.be\/product\/ecoflow-delta-pro-bundle-one-400w\/#primaryimage"},"image":{"@id":"https:\/\/koningdrone.be\/product\/ecoflow-delta-pro-bundle-one-400w\/#primaryimage"},"thumbnailUrl":"https:\/\/koningdrone.be\/wp-content\/uploads\/sites\/13\/2025\/04\/5706649033175-1.webp","datePublished":"2023-07-05T11:44:55+00:00","dateModified":"2026-04-29T12:30:05+00:00","breadcrumb":{"@id":"https:\/\/koningdrone.be\/product\/ecoflow-delta-pro-bundle-one-400w\/#breadcrumb"},"inLanguage":"de","potentialAction":[{"@type":"ReadAction","target":["https:\/\/koningdrone.be\/product\/ecoflow-delta-pro-bundle-one-400w\/"]}]},{"@type":"ImageObject","inLanguage":"de","@id":"https:\/\/koningdrone.be\/product\/ecoflow-delta-pro-bundle-one-400w\/#primaryimage","url":"https:\/\/koningdrone.be\/wp-content\/uploads\/sites\/13\/2025\/04\/5706649033175-1.webp","contentUrl":"https:\/\/koningdrone.be\/wp-content\/uploads\/sites\/13\/2025\/04\/5706649033175-1.webp","width":600,"height":600},{"@type":"BreadcrumbList","@id":"https:\/\/koningdrone.be\/product\/ecoflow-delta-pro-bundle-one-400w\/#breadcrumb","itemListElement":[{"@type":"ListItem","position":1,"name":"Home","item":"https:\/\/koningdrone.be\/"},{"@type":"ListItem","position":2,"name":"AVSS Parachute Recovery System for DJI Matrice 300\/350","item":"https:\/\/koningdrone.be\/product\/avss-parachute-recovery-system-for-dji-matrice-300-350\/"},{"@type":"ListItem","position":3,"name":"Alle producten","item":"https:\/\/koningdrone.be\/categorie\/alle-producten\/"},{"@type":"ListItem","position":4,"name":"Ecoflow DELTA Pro Bundle (one 400W)"}]},{"@type":"WebSite","@id":"https:\/\/koningdrone.be\/#website","url":"https:\/\/koningdrone.be\/","name":"Koningdrone.be - Ihr Online-Spezialist f\u00fcr Drohnen, Gimbals, Kameras und Kraftwerke.","description":"Der Webshop f\u00fcr Drohnen und Gimbals","publisher":{"@id":"https:\/\/koningdrone.be\/#organization"},"potentialAction":[{"@type":"SearchAction","target":{"@type":"EntryPoint","urlTemplate":"https:\/\/koningdrone.be\/?s={search_term_string}"},"query-input":{"@type":"PropertyValueSpecification","valueRequired":true,"valueName":"search_term_string"}}],"inLanguage":"de"},{"@type":"Organization","@id":"https:\/\/koningdrone.be\/#organization","name":"Kingdrone.de","url":"https:\/\/koningdrone.be\/","logo":{"@type":"ImageObject","inLanguage":"de","@id":"https:\/\/koningdrone.be\/#\/schema\/logo\/image\/","url":"https:\/\/koningdrone.be\/wp-content\/uploads\/sites\/13\/2025\/04\/koningdrone-copyright-logo.svg","contentUrl":"https:\/\/koningdrone.be\/wp-content\/uploads\/sites\/13\/2025\/04\/koningdrone-copyright-logo.svg","width":227,"height":38,"caption":"Koningdrone.be"},"image":{"@id":"https:\/\/koningdrone.be\/#\/schema\/logo\/image\/"}}]}},"df_price":"","df_sale_price":"","df_regular_price":"","df_image_link":"https:\/\/koningdrone.be\/wp-content\/uploads\/sites\/13\/2025\/04\/5706649033175-1-300x300.webp","_links":{"self":[{"href":"https:\/\/koningdrone.be\/de\/wp-json\/wp\/v2\/product\/4659","targetHints":{"allow":["GET"]}}],"collection":[{"href":"https:\/\/koningdrone.be\/de\/wp-json\/wp\/v2\/product"}],"about":[{"href":"https:\/\/koningdrone.be\/de\/wp-json\/wp\/v2\/types\/product"}],"wp:featuredmedia":[{"embeddable":true,"href":"https:\/\/koningdrone.be\/de\/wp-json\/wp\/v2\/media\/4656"}],"wp:attachment":[{"href":"https:\/\/koningdrone.be\/de\/wp-json\/wp\/v2\/media?parent=4659"}],"wp:term":[{"taxonomy":"product_brand","embeddable":true,"href":"https:\/\/koningdrone.be\/de\/wp-json\/wp\/v2\/product_brand?post=4659"},{"taxonomy":"product_cat","embeddable":true,"href":"https:\/\/koningdrone.be\/de\/wp-json\/wp\/v2\/product_cat?post=4659"},{"taxonomy":"product_tag","embeddable":true,"href":"https:\/\/koningdrone.be\/de\/wp-json\/wp\/v2\/product_tag?post=4659"}],"curies":[{"name":"wp","href":"https:\/\/api.w.org\/{rel}","templated":true}]}}