{"id":4655,"date":"2023-07-05T13:44:55","date_gmt":"2023-07-05T11:44:55","guid":{"rendered":"https:\/\/koningdrone.nl\/kon\/product\/ecoflow-delta-max2000-bundleone-400w\/"},"modified":"2026-04-29T14:30:14","modified_gmt":"2026-04-29T12:30:14","slug":"ecoflow-delta-max2000-bundleone-400w","status":"publish","type":"product","link":"https:\/\/koningdrone.be\/de\/produkt\/ecoflow-delta-max2000-bundleone-400w\/","title":{"rendered":"Ecoflow DELTA Max(2000) Bundle(eine 400W)"},"content":{"rendered":"<p>Die EcoFlow DELTA Max EU 2000 ist eine tragbare Stromquelle, die mit einem leistungsstarken 400-W-Solarpanel ausgestattet ist. Mit einer Kapazit\u00e4t von 2000 Wh bietet die DELTA Max EU 2000 genug Strom, um alle Ihre elektronischen Ger\u00e4te wie Smartphones, Laptops, K\u00fchlschr\u00e4nke und Elektrowerkzeuge aufzuladen. Mit einer reinen Sinuswelle liefert der DELTA Max EU 2000 eine zuverl\u00e4ssige, netz\u00e4hnliche Leistung, um sicherzustellen, dass Ihre Ger\u00e4te weiterhin sicher funktionieren.<\/p>\n<p><strong>Hochwertiges Solarmodul<\/strong><\/p>\n<p>Das Paket enth\u00e4lt au\u00dferdem ein hochwertiges 400-W-Solarpanel mit effizienten monokristallinen Solarzellen, das Ihnen eine zuverl\u00e4ssige Quelle f\u00fcr erneuerbare Energie bietet. Dank des tragbaren und faltbaren Designs l\u00e4sst sich das Solarmodul leicht transportieren und in der Sonne platzieren, um den DELTA Max EU 2000 direkt von der Sonne aufzuladen. Dies macht Sie nicht nur unabh\u00e4ngig vom Stromnetz, sondern tr\u00e4gt auch dazu bei, Ihren \u00f6kologischen Fu\u00dfabdruck zu verringern.<\/p>\n<p><strong>Freiheit und Zuverl\u00e4ssigkeit der sauberen Energie<\/strong><\/p>\n<p>Der EcoFlow DELTA Max EU 2000 in Kombination mit dem 400-W-Solarpanel bietet die Freiheit, immer und \u00fcberall Strom zu haben. Dank fortschrittlicher Ladetechnologien wie X-Stream-Charging und Schnellladefunktionen l\u00e4sst sich der DELTA Max EU 2000 schnell \u00fcber eine Steckdose, ein Autoladeger\u00e4t oder das Solarpanel aufladen. Dar\u00fcber hinaus gibt das intuitive LCD-Display Aufschluss \u00fcber den Batteriestatus und den Stromverbrauch.<\/p>\n<p><strong>Ideal f\u00fcr verschiedene Situationen<\/strong><\/p>\n<p>Ob Sie nun campen, netzunabh\u00e4ngig leben oder sich auf Notf\u00e4lle vorbereiten, dieses Paket sorgt daf\u00fcr, dass Ihnen nie der Strom ausgeht. Dank seiner Tragbarkeit und Benutzerfreundlichkeit k\u00f6nnen Sie den DELTA Max EU 2000 und das Solarmodul m\u00fchelos mitnehmen und installieren, wo immer Sie wollen. Entscheiden Sie sich f\u00fcr das EcoFlow DELTA Max EU 2000 mit 1x 400W Solarmodul und genie\u00dfen Sie die Freiheit und Zuverl\u00e4ssigkeit sauberer Energie \u00fcberall.<\/p>\n<p><\/p>","protected":false},"excerpt":{"rendered":"<ul>\n<li>Kapazit\u00e4t: Die EcoFlow DELTA Max EU 2000 hat eine leistungsstarke Kapazit\u00e4t von 2000Wh, mit der Sie alle Ihre elektronischen Ger\u00e4te mehrmals aufladen k\u00f6nnen, bevor sie wieder aufgeladen werden m\u00fcssen.<\/li>\n<li>Tragbarkeit: Diese tragbare Stromquelle wurde im Hinblick auf die Tragbarkeit entwickelt. Mit seiner kompakten Gr\u00f6\u00dfe und dem Tragegriff l\u00e4sst sich der DELTA Max EU 2000 leicht auf Ihre Abenteuer mitnehmen.<\/li>\n<li>Solarenergie: Das Paket wird mit einem hochwertigen 400-W-Solarpanel geliefert, das Sonnenlicht effizient in Strom umwandelt. Das sorgt f\u00fcr eine nachhaltige und unabh\u00e4ngige Stromversorgung, wo immer Sie sind.<\/li>\n<li>Reine Sinuswelle: Das DELTA Max EU 2000 liefert eine reine Sinuswelle, \u00e4hnlich wie das Stromnetz. Dies gew\u00e4hrleistet eine stabile und sichere Stromversorgung f\u00fcr empfindliche Elektronik, einschlie\u00dflich Laptops, medizinische Ger\u00e4te und mehr.<\/li>\n<li>Schnelle Ladeoptionen: Mit fortschrittlichen Ladetechnologien k\u00f6nnen Sie den DELTA Max EU 2000 \u00fcber Steckdosen, Autoladeger\u00e4te oder das mitgelieferte Solarpanel schnell aufladen. So sind Sie auch unterwegs schnell wieder mit Strom versorgt.<\/li>\n<\/ul>","protected":false},"featured_media":4653,"template":"","meta":{"_acf_changed":false},"product_brand":[],"product_cat":[97,245,415],"product_tag":[],"class_list":{"0":"post-4655","1":"product","2":"type-product","3":"status-publish","4":"has-post-thumbnail","6":"product_cat-alle-producten","7":"product_cat-ecoflow","8":"product_cat-energy","9":"product_shipping_class-outofstock","10":"pa_brand-ecoflow","11":"pa_productfamily-generator","12":"pa_producttype-generator","13":"pa_series-delta-max","15":"first","16":"outofstock","17":"taxable","18":"shipping-taxable","19":"product-type-simple"},"acf":[],"yoast_head":"<!-- This site is optimized with the Yoast SEO Premium plugin v27.2 (Yoast SEO v27.2) - https:\/\/yoast.com\/product\/yoast-seo-premium-wordpress\/ -->\n<title>Ecoflow DELTA Max(2000) Bundle(one 400W) - koningdrone.be<\/title>\n<meta name=\"robots\" content=\"index, follow, max-snippet:-1, max-image-preview:large, max-video-preview:-1\" \/>\n<link rel=\"canonical\" href=\"https:\/\/koningdrone.be\/de\/produkt\/ecoflow-delta-max2000-bundleone-400w\/\" \/>\n<meta property=\"og:locale\" content=\"de_DE\" \/>\n<meta property=\"og:type\" content=\"article\" \/>\n<meta property=\"og:title\" content=\"Ecoflow DELTA Max(2000) Bundle(one 400W)\" \/>\n<meta property=\"og:description\" content=\"Capaciteit: De EcoFlow DELTA Max EU 2000 heeft een krachtige capaciteit van 2000Wh, waarmee u al uw elektronische apparaten meerdere keren kunt opladen voordat u de DELTA Max EU 2000 weer moet opladen.Draagbaarheid: deze draagbare stroombron is ontworpen met het oog op draagbaarheid. Met een compact formaat en een draagbeugel is de DELTA Max EU 2000 gemakkelijk mee te nemen op je avonturen.Zonne-energie: de bundel wordt geleverd met een hoogwaardig zonnepaneel van 400 W dat zonlicht effici\u00ebnt omzet in elektriciteit. Dit zorgt voor een duurzame en onafhankelijke stroomvoorziening, waar je ook bent.Zuivere sinusgolf: De DELTA Max EU 2000 levert een zuivere sinusgolf, vergelijkbaar met het lichtnet. Dit zorgt voor een stabiele en veilige stroomvoorziening voor gevoelige elektronica, waaronder laptops, medische apparaten en meer.Snellaadmogelijkheden: Met geavanceerde laadtechnologie\u00ebn kunt u de DELTA Max EU 2000 snel opladen via stopcontacten, autoladers of het meegeleverde zonnepaneel. Zo geniet je snel weer van power, ook als je onderweg bent.\" \/>\n<meta property=\"og:url\" content=\"https:\/\/koningdrone.be\/de\/produkt\/ecoflow-delta-max2000-bundleone-400w\/\" \/>\n<meta property=\"og:site_name\" content=\"koningdrone.be\" \/>\n<meta property=\"article:modified_time\" content=\"2026-04-29T12:30:14+00:00\" \/>\n<meta property=\"og:image\" content=\"https:\/\/koningdrone.be\/wp-content\/uploads\/sites\/13\/2025\/04\/5706649033182-1.jpg\" \/>\n\t<meta property=\"og:image:width\" content=\"1000\" \/>\n\t<meta property=\"og:image:height\" content=\"1000\" \/>\n\t<meta property=\"og:image:type\" content=\"image\/jpeg\" \/>\n<meta name=\"twitter:card\" content=\"summary_large_image\" \/>\n<meta name=\"twitter:label1\" content=\"Gesch\u00e4tzte Lesezeit\" \/>\n\t<meta name=\"twitter:data1\" content=\"1\u00a0Minute\" \/>\n<script type=\"application\/ld+json\" class=\"yoast-schema-graph\">{\"@context\":\"https:\/\/schema.org\",\"@graph\":[{\"@type\":\"WebPage\",\"@id\":\"https:\/\/koningdrone.be\/product\/ecoflow-delta-max2000-bundleone-400w\/\",\"url\":\"https:\/\/koningdrone.be\/product\/ecoflow-delta-max2000-bundleone-400w\/\",\"name\":\"Ecoflow DELTA Max(2000) Bundle(one 400W) - koningdrone.be\",\"isPartOf\":{\"@id\":\"https:\/\/koningdrone.be\/#website\"},\"primaryImageOfPage\":{\"@id\":\"https:\/\/koningdrone.be\/product\/ecoflow-delta-max2000-bundleone-400w\/#primaryimage\"},\"image\":{\"@id\":\"https:\/\/koningdrone.be\/product\/ecoflow-delta-max2000-bundleone-400w\/#primaryimage\"},\"thumbnailUrl\":\"https:\/\/koningdrone.be\/wp-content\/uploads\/sites\/13\/2025\/04\/5706649033182-1.jpg\",\"datePublished\":\"2023-07-05T11:44:55+00:00\",\"dateModified\":\"2026-04-29T12:30:14+00:00\",\"breadcrumb\":{\"@id\":\"https:\/\/koningdrone.be\/product\/ecoflow-delta-max2000-bundleone-400w\/#breadcrumb\"},\"inLanguage\":\"de\",\"potentialAction\":[{\"@type\":\"ReadAction\",\"target\":[\"https:\/\/koningdrone.be\/product\/ecoflow-delta-max2000-bundleone-400w\/\"]}]},{\"@type\":\"ImageObject\",\"inLanguage\":\"de\",\"@id\":\"https:\/\/koningdrone.be\/product\/ecoflow-delta-max2000-bundleone-400w\/#primaryimage\",\"url\":\"https:\/\/koningdrone.be\/wp-content\/uploads\/sites\/13\/2025\/04\/5706649033182-1.jpg\",\"contentUrl\":\"https:\/\/koningdrone.be\/wp-content\/uploads\/sites\/13\/2025\/04\/5706649033182-1.jpg\",\"width\":1000,\"height\":1000},{\"@type\":\"BreadcrumbList\",\"@id\":\"https:\/\/koningdrone.be\/product\/ecoflow-delta-max2000-bundleone-400w\/#breadcrumb\",\"itemListElement\":[{\"@type\":\"ListItem\",\"position\":1,\"name\":\"Home\",\"item\":\"https:\/\/koningdrone.be\/\"},{\"@type\":\"ListItem\",\"position\":2,\"name\":\"AVSS Parachute Recovery System for DJI Matrice 300\/350\",\"item\":\"https:\/\/koningdrone.be\/product\/avss-parachute-recovery-system-for-dji-matrice-300-350\/\"},{\"@type\":\"ListItem\",\"position\":3,\"name\":\"Alle producten\",\"item\":\"https:\/\/koningdrone.be\/categorie\/alle-producten\/\"},{\"@type\":\"ListItem\",\"position\":4,\"name\":\"Ecoflow DELTA Max(2000) Bundle(one 400W)\"}]},{\"@type\":\"WebSite\",\"@id\":\"https:\/\/koningdrone.be\/#website\",\"url\":\"https:\/\/koningdrone.be\/\",\"name\":\"Koningdrone.be - Uw online specialist in drones, gimbals, camera's en power stations.\",\"description\":\"De webshop in drones en gimbals\",\"publisher\":{\"@id\":\"https:\/\/koningdrone.be\/#organization\"},\"potentialAction\":[{\"@type\":\"SearchAction\",\"target\":{\"@type\":\"EntryPoint\",\"urlTemplate\":\"https:\/\/koningdrone.be\/?s={search_term_string}\"},\"query-input\":{\"@type\":\"PropertyValueSpecification\",\"valueRequired\":true,\"valueName\":\"search_term_string\"}}],\"inLanguage\":\"de\"},{\"@type\":\"Organization\",\"@id\":\"https:\/\/koningdrone.be\/#organization\",\"name\":\"Koningdrone.be\",\"url\":\"https:\/\/koningdrone.be\/\",\"logo\":{\"@type\":\"ImageObject\",\"inLanguage\":\"de\",\"@id\":\"https:\/\/koningdrone.be\/#\/schema\/logo\/image\/\",\"url\":\"https:\/\/koningdrone.be\/wp-content\/uploads\/sites\/13\/2025\/04\/koningdrone-copyright-logo.svg\",\"contentUrl\":\"https:\/\/koningdrone.be\/wp-content\/uploads\/sites\/13\/2025\/04\/koningdrone-copyright-logo.svg\",\"width\":227,\"height\":38,\"caption\":\"Koningdrone.be\"},\"image\":{\"@id\":\"https:\/\/koningdrone.be\/#\/schema\/logo\/image\/\"}}]}<\/script>\n<!-- \/ Yoast SEO Premium plugin. -->","yoast_head_json":{"title":"Ecoflow DELTA Max(2000) Bundle(one 400W) - koningdrone.be","robots":{"index":"index","follow":"follow","max-snippet":"max-snippet:-1","max-image-preview":"max-image-preview:large","max-video-preview":"max-video-preview:-1"},"canonical":"https:\/\/koningdrone.be\/de\/produkt\/ecoflow-delta-max2000-bundleone-400w\/","og_locale":"de_DE","og_type":"article","og_title":"Ecoflow DELTA Max(2000) Bundle(one 400W)","og_description":"Capaciteit: De EcoFlow DELTA Max EU 2000 heeft een krachtige capaciteit van 2000Wh, waarmee u al uw elektronische apparaten meerdere keren kunt opladen voordat u de DELTA Max EU 2000 weer moet opladen.Draagbaarheid: deze draagbare stroombron is ontworpen met het oog op draagbaarheid. Met een compact formaat en een draagbeugel is de DELTA Max EU 2000 gemakkelijk mee te nemen op je avonturen.Zonne-energie: de bundel wordt geleverd met een hoogwaardig zonnepaneel van 400 W dat zonlicht effici\u00ebnt omzet in elektriciteit. Dit zorgt voor een duurzame en onafhankelijke stroomvoorziening, waar je ook bent.Zuivere sinusgolf: De DELTA Max EU 2000 levert een zuivere sinusgolf, vergelijkbaar met het lichtnet. Dit zorgt voor een stabiele en veilige stroomvoorziening voor gevoelige elektronica, waaronder laptops, medische apparaten en meer.Snellaadmogelijkheden: Met geavanceerde laadtechnologie\u00ebn kunt u de DELTA Max EU 2000 snel opladen via stopcontacten, autoladers of het meegeleverde zonnepaneel. Zo geniet je snel weer van power, ook als je onderweg bent.","og_url":"https:\/\/koningdrone.be\/de\/produkt\/ecoflow-delta-max2000-bundleone-400w\/","og_site_name":"koningdrone.be","article_modified_time":"2026-04-29T12:30:14+00:00","og_image":[{"width":1000,"height":1000,"url":"https:\/\/koningdrone.be\/wp-content\/uploads\/sites\/13\/2025\/04\/5706649033182-1.jpg","type":"image\/jpeg"}],"twitter_card":"summary_large_image","twitter_misc":{"Gesch\u00e4tzte Lesezeit":"1\u00a0Minute"},"schema":{"@context":"https:\/\/schema.org","@graph":[{"@type":"WebPage","@id":"https:\/\/koningdrone.be\/product\/ecoflow-delta-max2000-bundleone-400w\/","url":"https:\/\/koningdrone.be\/product\/ecoflow-delta-max2000-bundleone-400w\/","name":"Ecoflow DELTA Max(2000) Bundle(one 400W) - koningdrone.be","isPartOf":{"@id":"https:\/\/koningdrone.be\/#website"},"primaryImageOfPage":{"@id":"https:\/\/koningdrone.be\/product\/ecoflow-delta-max2000-bundleone-400w\/#primaryimage"},"image":{"@id":"https:\/\/koningdrone.be\/product\/ecoflow-delta-max2000-bundleone-400w\/#primaryimage"},"thumbnailUrl":"https:\/\/koningdrone.be\/wp-content\/uploads\/sites\/13\/2025\/04\/5706649033182-1.jpg","datePublished":"2023-07-05T11:44:55+00:00","dateModified":"2026-04-29T12:30:14+00:00","breadcrumb":{"@id":"https:\/\/koningdrone.be\/product\/ecoflow-delta-max2000-bundleone-400w\/#breadcrumb"},"inLanguage":"de","potentialAction":[{"@type":"ReadAction","target":["https:\/\/koningdrone.be\/product\/ecoflow-delta-max2000-bundleone-400w\/"]}]},{"@type":"ImageObject","inLanguage":"de","@id":"https:\/\/koningdrone.be\/product\/ecoflow-delta-max2000-bundleone-400w\/#primaryimage","url":"https:\/\/koningdrone.be\/wp-content\/uploads\/sites\/13\/2025\/04\/5706649033182-1.jpg","contentUrl":"https:\/\/koningdrone.be\/wp-content\/uploads\/sites\/13\/2025\/04\/5706649033182-1.jpg","width":1000,"height":1000},{"@type":"BreadcrumbList","@id":"https:\/\/koningdrone.be\/product\/ecoflow-delta-max2000-bundleone-400w\/#breadcrumb","itemListElement":[{"@type":"ListItem","position":1,"name":"Home","item":"https:\/\/koningdrone.be\/"},{"@type":"ListItem","position":2,"name":"AVSS Parachute Recovery System for DJI Matrice 300\/350","item":"https:\/\/koningdrone.be\/product\/avss-parachute-recovery-system-for-dji-matrice-300-350\/"},{"@type":"ListItem","position":3,"name":"Alle producten","item":"https:\/\/koningdrone.be\/categorie\/alle-producten\/"},{"@type":"ListItem","position":4,"name":"Ecoflow DELTA Max(2000) Bundle(one 400W)"}]},{"@type":"WebSite","@id":"https:\/\/koningdrone.be\/#website","url":"https:\/\/koningdrone.be\/","name":"Koningdrone.be - Ihr Online-Spezialist f\u00fcr Drohnen, Gimbals, Kameras und Kraftwerke.","description":"Der Webshop f\u00fcr Drohnen und Gimbals","publisher":{"@id":"https:\/\/koningdrone.be\/#organization"},"potentialAction":[{"@type":"SearchAction","target":{"@type":"EntryPoint","urlTemplate":"https:\/\/koningdrone.be\/?s={search_term_string}"},"query-input":{"@type":"PropertyValueSpecification","valueRequired":true,"valueName":"search_term_string"}}],"inLanguage":"de"},{"@type":"Organization","@id":"https:\/\/koningdrone.be\/#organization","name":"Kingdrone.de","url":"https:\/\/koningdrone.be\/","logo":{"@type":"ImageObject","inLanguage":"de","@id":"https:\/\/koningdrone.be\/#\/schema\/logo\/image\/","url":"https:\/\/koningdrone.be\/wp-content\/uploads\/sites\/13\/2025\/04\/koningdrone-copyright-logo.svg","contentUrl":"https:\/\/koningdrone.be\/wp-content\/uploads\/sites\/13\/2025\/04\/koningdrone-copyright-logo.svg","width":227,"height":38,"caption":"Koningdrone.be"},"image":{"@id":"https:\/\/koningdrone.be\/#\/schema\/logo\/image\/"}}]}},"df_price":"","df_sale_price":"","df_regular_price":"","df_image_link":"https:\/\/koningdrone.be\/wp-content\/uploads\/sites\/13\/2025\/04\/5706649033182-1-300x300.jpg","_links":{"self":[{"href":"https:\/\/koningdrone.be\/de\/wp-json\/wp\/v2\/product\/4655","targetHints":{"allow":["GET"]}}],"collection":[{"href":"https:\/\/koningdrone.be\/de\/wp-json\/wp\/v2\/product"}],"about":[{"href":"https:\/\/koningdrone.be\/de\/wp-json\/wp\/v2\/types\/product"}],"wp:featuredmedia":[{"embeddable":true,"href":"https:\/\/koningdrone.be\/de\/wp-json\/wp\/v2\/media\/4653"}],"wp:attachment":[{"href":"https:\/\/koningdrone.be\/de\/wp-json\/wp\/v2\/media?parent=4655"}],"wp:term":[{"taxonomy":"product_brand","embeddable":true,"href":"https:\/\/koningdrone.be\/de\/wp-json\/wp\/v2\/product_brand?post=4655"},{"taxonomy":"product_cat","embeddable":true,"href":"https:\/\/koningdrone.be\/de\/wp-json\/wp\/v2\/product_cat?post=4655"},{"taxonomy":"product_tag","embeddable":true,"href":"https:\/\/koningdrone.be\/de\/wp-json\/wp\/v2\/product_tag?post=4655"}],"curies":[{"name":"wp","href":"https:\/\/api.w.org\/{rel}","templated":true}]}}