{"id":4636,"date":"2023-07-05T13:44:55","date_gmt":"2023-07-05T11:44:55","guid":{"rendered":"https:\/\/koningdrone.nl\/kon\/product\/ecoflow-micro-inverter-to-power-station-connection-cable-xt150\/"},"modified":"2026-04-29T16:40:43","modified_gmt":"2026-04-29T14:40:43","slug":"ecoflow-micro-inverter-to-power-station-connection-cable-xt150","status":"publish","type":"product","link":"https:\/\/koningdrone.be\/de\/produkt\/ecoflow-micro-inverter-to-power-station-connection-cable-xt150\/","title":{"rendered":"Ecoflow Micro Wechselrichter zu Power Station Verbindungskabel - XT150"},"content":{"rendered":"<p>Dieses Kabel wurde speziell f\u00fcr den Anschluss der tragbaren Stromstationen DELTA 2, DELTA 2 Max und DELTA Max an den PowerStream Mikro-Wechselrichter entwickelt. Mit diesem Kabel k\u00f6nnen Sie Ihre tragbaren Stromstationen schnell und einfach an den Wechselrichter anschlie\u00dfen und haben so sofortigen Zugang zu Strom.<\/p>\n<p><strong>Langlebigkeit und Zuverl\u00e4ssigkeit<\/strong><\/p>\n<p>Das Kabel ist langlebig und zuverl\u00e4ssig, sodass Sie sich auf eine sichere und stabile Verbindung verlassen k\u00f6nnen. So haben Sie immer eine zuverl\u00e4ssige Stromversorgung, egal wo Sie sind.<\/p>\n<p><\/p>","protected":false},"excerpt":{"rendered":"<ul>\n<li>XT150 Ladekabel<\/li>\n<li>L\u00e4nge: 0,4 m<\/li>\n<\/ul>","protected":false},"featured_media":4635,"template":"","meta":{"_acf_changed":false},"product_brand":[],"product_cat":[244,97,245,415],"product_tag":[],"class_list":{"0":"post-4636","1":"product","2":"type-product","3":"status-publish","4":"has-post-thumbnail","6":"product_cat-alle-kabels","7":"product_cat-alle-producten","8":"product_cat-ecoflow","9":"product_cat-energy","10":"product_shipping_class-outofstock","11":"pa_brand-ecoflow","12":"pa_productfamily-kabel","13":"pa_producttype-kabel","15":"first","16":"outofstock","17":"taxable","18":"shipping-taxable","19":"purchasable","20":"product-type-simple"},"acf":[],"yoast_head":"<!-- This site is optimized with the Yoast SEO Premium plugin v27.2 (Yoast SEO v27.2) - https:\/\/yoast.com\/product\/yoast-seo-premium-wordpress\/ -->\n<title>Ecoflow Micro Inverter to Power Station Connection Cable - XT150 - koningdrone.be<\/title>\n<meta name=\"robots\" content=\"index, follow, max-snippet:-1, max-image-preview:large, max-video-preview:-1\" \/>\n<link rel=\"canonical\" href=\"https:\/\/koningdrone.be\/de\/produkt\/ecoflow-micro-inverter-to-power-station-connection-cable-xt150\/\" \/>\n<meta property=\"og:locale\" content=\"de_DE\" \/>\n<meta property=\"og:type\" content=\"article\" \/>\n<meta property=\"og:title\" content=\"Ecoflow Micro Inverter to Power Station Connection Cable - XT150\" \/>\n<meta property=\"og:description\" content=\"XT150 oplaadkabelLengte: 0,4 m\" \/>\n<meta property=\"og:url\" content=\"https:\/\/koningdrone.be\/de\/produkt\/ecoflow-micro-inverter-to-power-station-connection-cable-xt150\/\" \/>\n<meta property=\"og:site_name\" content=\"koningdrone.be\" \/>\n<meta property=\"article:modified_time\" content=\"2026-04-29T14:40:43+00:00\" \/>\n<meta property=\"og:image\" content=\"https:\/\/koningdrone.be\/wp-content\/uploads\/sites\/13\/2025\/04\/4895251606523.jpg\" \/>\n\t<meta property=\"og:image:width\" content=\"1280\" \/>\n\t<meta property=\"og:image:height\" content=\"1280\" \/>\n\t<meta property=\"og:image:type\" content=\"image\/jpeg\" \/>\n<meta name=\"twitter:card\" content=\"summary_large_image\" \/>\n<script type=\"application\/ld+json\" class=\"yoast-schema-graph\">{\"@context\":\"https:\/\/schema.org\",\"@graph\":[{\"@type\":\"WebPage\",\"@id\":\"https:\/\/koningdrone.be\/product\/ecoflow-micro-inverter-to-power-station-connection-cable-xt150\/\",\"url\":\"https:\/\/koningdrone.be\/product\/ecoflow-micro-inverter-to-power-station-connection-cable-xt150\/\",\"name\":\"Ecoflow Micro Inverter to Power Station Connection Cable - XT150 - koningdrone.be\",\"isPartOf\":{\"@id\":\"https:\/\/koningdrone.be\/#website\"},\"primaryImageOfPage\":{\"@id\":\"https:\/\/koningdrone.be\/product\/ecoflow-micro-inverter-to-power-station-connection-cable-xt150\/#primaryimage\"},\"image\":{\"@id\":\"https:\/\/koningdrone.be\/product\/ecoflow-micro-inverter-to-power-station-connection-cable-xt150\/#primaryimage\"},\"thumbnailUrl\":\"https:\/\/koningdrone.be\/wp-content\/uploads\/sites\/13\/2025\/04\/4895251606523.jpg\",\"datePublished\":\"2023-07-05T11:44:55+00:00\",\"dateModified\":\"2026-04-29T14:40:43+00:00\",\"breadcrumb\":{\"@id\":\"https:\/\/koningdrone.be\/product\/ecoflow-micro-inverter-to-power-station-connection-cable-xt150\/#breadcrumb\"},\"inLanguage\":\"de\",\"potentialAction\":[{\"@type\":\"ReadAction\",\"target\":[\"https:\/\/koningdrone.be\/product\/ecoflow-micro-inverter-to-power-station-connection-cable-xt150\/\"]}]},{\"@type\":\"ImageObject\",\"inLanguage\":\"de\",\"@id\":\"https:\/\/koningdrone.be\/product\/ecoflow-micro-inverter-to-power-station-connection-cable-xt150\/#primaryimage\",\"url\":\"https:\/\/koningdrone.be\/wp-content\/uploads\/sites\/13\/2025\/04\/4895251606523.jpg\",\"contentUrl\":\"https:\/\/koningdrone.be\/wp-content\/uploads\/sites\/13\/2025\/04\/4895251606523.jpg\",\"width\":1280,\"height\":1280},{\"@type\":\"BreadcrumbList\",\"@id\":\"https:\/\/koningdrone.be\/product\/ecoflow-micro-inverter-to-power-station-connection-cable-xt150\/#breadcrumb\",\"itemListElement\":[{\"@type\":\"ListItem\",\"position\":1,\"name\":\"Home\",\"item\":\"https:\/\/koningdrone.be\/\"},{\"@type\":\"ListItem\",\"position\":2,\"name\":\"AVSS Parachute Recovery System for DJI Matrice 300\/350\",\"item\":\"https:\/\/koningdrone.be\/product\/avss-parachute-recovery-system-for-dji-matrice-300-350\/\"},{\"@type\":\"ListItem\",\"position\":3,\"name\":\"Alle kabels\",\"item\":\"https:\/\/koningdrone.be\/categorie\/alle-kabels\/\"},{\"@type\":\"ListItem\",\"position\":4,\"name\":\"Ecoflow Micro Inverter to Power Station Connection Cable &#8211; XT150\"}]},{\"@type\":\"WebSite\",\"@id\":\"https:\/\/koningdrone.be\/#website\",\"url\":\"https:\/\/koningdrone.be\/\",\"name\":\"Koningdrone.be - Uw online specialist in drones, gimbals, camera's en power stations.\",\"description\":\"De webshop in drones en gimbals\",\"publisher\":{\"@id\":\"https:\/\/koningdrone.be\/#organization\"},\"potentialAction\":[{\"@type\":\"SearchAction\",\"target\":{\"@type\":\"EntryPoint\",\"urlTemplate\":\"https:\/\/koningdrone.be\/?s={search_term_string}\"},\"query-input\":{\"@type\":\"PropertyValueSpecification\",\"valueRequired\":true,\"valueName\":\"search_term_string\"}}],\"inLanguage\":\"de\"},{\"@type\":\"Organization\",\"@id\":\"https:\/\/koningdrone.be\/#organization\",\"name\":\"Koningdrone.be\",\"url\":\"https:\/\/koningdrone.be\/\",\"logo\":{\"@type\":\"ImageObject\",\"inLanguage\":\"de\",\"@id\":\"https:\/\/koningdrone.be\/#\/schema\/logo\/image\/\",\"url\":\"https:\/\/koningdrone.be\/wp-content\/uploads\/sites\/13\/2025\/04\/koningdrone-copyright-logo.svg\",\"contentUrl\":\"https:\/\/koningdrone.be\/wp-content\/uploads\/sites\/13\/2025\/04\/koningdrone-copyright-logo.svg\",\"width\":227,\"height\":38,\"caption\":\"Koningdrone.be\"},\"image\":{\"@id\":\"https:\/\/koningdrone.be\/#\/schema\/logo\/image\/\"}}]}<\/script>\n<!-- \/ Yoast SEO Premium plugin. -->","yoast_head_json":{"title":"Ecoflow Micro Inverter to Power Station Connection Cable - XT150 - koningdrone.be","robots":{"index":"index","follow":"follow","max-snippet":"max-snippet:-1","max-image-preview":"max-image-preview:large","max-video-preview":"max-video-preview:-1"},"canonical":"https:\/\/koningdrone.be\/de\/produkt\/ecoflow-micro-inverter-to-power-station-connection-cable-xt150\/","og_locale":"de_DE","og_type":"article","og_title":"Ecoflow Micro Inverter to Power Station Connection Cable - XT150","og_description":"XT150 oplaadkabelLengte: 0,4 m","og_url":"https:\/\/koningdrone.be\/de\/produkt\/ecoflow-micro-inverter-to-power-station-connection-cable-xt150\/","og_site_name":"koningdrone.be","article_modified_time":"2026-04-29T14:40:43+00:00","og_image":[{"width":1280,"height":1280,"url":"https:\/\/koningdrone.be\/wp-content\/uploads\/sites\/13\/2025\/04\/4895251606523.jpg","type":"image\/jpeg"}],"twitter_card":"summary_large_image","schema":{"@context":"https:\/\/schema.org","@graph":[{"@type":"WebPage","@id":"https:\/\/koningdrone.be\/product\/ecoflow-micro-inverter-to-power-station-connection-cable-xt150\/","url":"https:\/\/koningdrone.be\/product\/ecoflow-micro-inverter-to-power-station-connection-cable-xt150\/","name":"Ecoflow Micro Inverter to Power Station Connection Cable - XT150 - koningdrone.be","isPartOf":{"@id":"https:\/\/koningdrone.be\/#website"},"primaryImageOfPage":{"@id":"https:\/\/koningdrone.be\/product\/ecoflow-micro-inverter-to-power-station-connection-cable-xt150\/#primaryimage"},"image":{"@id":"https:\/\/koningdrone.be\/product\/ecoflow-micro-inverter-to-power-station-connection-cable-xt150\/#primaryimage"},"thumbnailUrl":"https:\/\/koningdrone.be\/wp-content\/uploads\/sites\/13\/2025\/04\/4895251606523.jpg","datePublished":"2023-07-05T11:44:55+00:00","dateModified":"2026-04-29T14:40:43+00:00","breadcrumb":{"@id":"https:\/\/koningdrone.be\/product\/ecoflow-micro-inverter-to-power-station-connection-cable-xt150\/#breadcrumb"},"inLanguage":"de","potentialAction":[{"@type":"ReadAction","target":["https:\/\/koningdrone.be\/product\/ecoflow-micro-inverter-to-power-station-connection-cable-xt150\/"]}]},{"@type":"ImageObject","inLanguage":"de","@id":"https:\/\/koningdrone.be\/product\/ecoflow-micro-inverter-to-power-station-connection-cable-xt150\/#primaryimage","url":"https:\/\/koningdrone.be\/wp-content\/uploads\/sites\/13\/2025\/04\/4895251606523.jpg","contentUrl":"https:\/\/koningdrone.be\/wp-content\/uploads\/sites\/13\/2025\/04\/4895251606523.jpg","width":1280,"height":1280},{"@type":"BreadcrumbList","@id":"https:\/\/koningdrone.be\/product\/ecoflow-micro-inverter-to-power-station-connection-cable-xt150\/#breadcrumb","itemListElement":[{"@type":"ListItem","position":1,"name":"Home","item":"https:\/\/koningdrone.be\/"},{"@type":"ListItem","position":2,"name":"AVSS Parachute Recovery System for DJI Matrice 300\/350","item":"https:\/\/koningdrone.be\/product\/avss-parachute-recovery-system-for-dji-matrice-300-350\/"},{"@type":"ListItem","position":3,"name":"Alle kabels","item":"https:\/\/koningdrone.be\/categorie\/alle-kabels\/"},{"@type":"ListItem","position":4,"name":"Ecoflow Micro Inverter to Power Station Connection Cable &#8211; XT150"}]},{"@type":"WebSite","@id":"https:\/\/koningdrone.be\/#website","url":"https:\/\/koningdrone.be\/","name":"Koningdrone.be - Ihr Online-Spezialist f\u00fcr Drohnen, Gimbals, Kameras und Kraftwerke.","description":"Der Webshop f\u00fcr Drohnen und Gimbals","publisher":{"@id":"https:\/\/koningdrone.be\/#organization"},"potentialAction":[{"@type":"SearchAction","target":{"@type":"EntryPoint","urlTemplate":"https:\/\/koningdrone.be\/?s={search_term_string}"},"query-input":{"@type":"PropertyValueSpecification","valueRequired":true,"valueName":"search_term_string"}}],"inLanguage":"de"},{"@type":"Organization","@id":"https:\/\/koningdrone.be\/#organization","name":"Kingdrone.de","url":"https:\/\/koningdrone.be\/","logo":{"@type":"ImageObject","inLanguage":"de","@id":"https:\/\/koningdrone.be\/#\/schema\/logo\/image\/","url":"https:\/\/koningdrone.be\/wp-content\/uploads\/sites\/13\/2025\/04\/koningdrone-copyright-logo.svg","contentUrl":"https:\/\/koningdrone.be\/wp-content\/uploads\/sites\/13\/2025\/04\/koningdrone-copyright-logo.svg","width":227,"height":38,"caption":"Koningdrone.be"},"image":{"@id":"https:\/\/koningdrone.be\/#\/schema\/logo\/image\/"}}]}},"df_price":39,"df_sale_price":"","df_regular_price":39,"df_image_link":"https:\/\/koningdrone.be\/wp-content\/uploads\/sites\/13\/2025\/04\/4895251606523-300x300.jpg","_links":{"self":[{"href":"https:\/\/koningdrone.be\/de\/wp-json\/wp\/v2\/product\/4636","targetHints":{"allow":["GET"]}}],"collection":[{"href":"https:\/\/koningdrone.be\/de\/wp-json\/wp\/v2\/product"}],"about":[{"href":"https:\/\/koningdrone.be\/de\/wp-json\/wp\/v2\/types\/product"}],"wp:featuredmedia":[{"embeddable":true,"href":"https:\/\/koningdrone.be\/de\/wp-json\/wp\/v2\/media\/4635"}],"wp:attachment":[{"href":"https:\/\/koningdrone.be\/de\/wp-json\/wp\/v2\/media?parent=4636"}],"wp:term":[{"taxonomy":"product_brand","embeddable":true,"href":"https:\/\/koningdrone.be\/de\/wp-json\/wp\/v2\/product_brand?post=4636"},{"taxonomy":"product_cat","embeddable":true,"href":"https:\/\/koningdrone.be\/de\/wp-json\/wp\/v2\/product_cat?post=4636"},{"taxonomy":"product_tag","embeddable":true,"href":"https:\/\/koningdrone.be\/de\/wp-json\/wp\/v2\/product_tag?post=4636"}],"curies":[{"name":"wp","href":"https:\/\/api.w.org\/{rel}","templated":true}]}}