{"id":4634,"date":"2023-07-05T13:44:55","date_gmt":"2023-07-05T11:44:55","guid":{"rendered":"https:\/\/koningdrone.nl\/kon\/product\/ecoflow-blade-lawn-mower-lawn-sweeper-kit\/"},"modified":"2025-05-20T12:15:09","modified_gmt":"2025-05-20T10:15:09","slug":"ecoflow-blade-lawn-mower-lawn-sweeper-kit","status":"publish","type":"product","link":"https:\/\/koningdrone.be\/de\/produkt\/ecoflow-blade-lawn-mower-lawn-sweeper-kit\/","title":{"rendered":"Ecoflow Klingen-Rasenm\u00e4her + Rasenkehrer-Set"},"content":{"rendered":"<p>Das EcoFlow BLADE Rasenm\u00e4her- und Kehrmaschinen-Set wurde entwickelt, um das M\u00e4hen Ihres Rasens m\u00fchelos und effizient zu machen. Mit diesem intelligenten Rasenm\u00e4her k\u00f6nnen Sie mit der EcoFlow-App ganz einfach eine virtuelle Grenze setzen, ohne l\u00e4stige Begrenzungsdr\u00e4hte. Die X-Vision-Technologie erm\u00f6glicht es dem M\u00e4her, Hindernissen auf intelligente Weise auszuweichen, indem er LiDAR, RTK-Positionierung und visuelle Sensoren mit KI nutzt. So wird sichergestellt, dass Ihr Garten jedes Mal perfekt gem\u00e4ht wird, ohne stecken zu bleiben oder Umwege zu machen.<\/p>\n<p><strong>Praktisch und intelligent<\/strong><\/p>\n<p>Der M\u00e4her plant automatisch eine Zickzack-M\u00e4hroute mit einer Genauigkeit von +\/- 2 cm und vermeidet tote Winkel. Mit dem eingebauten Regensensor geht der M\u00e4her nur bei gutem Wetter auf die Stra\u00dfe und kehrt zur Ladestation zur\u00fcck, wenn es zu regnen beginnt. Der M\u00e4her ist au\u00dferdem wasser- und staubdicht (IPX5), was die Wartung sehr einfach macht.<\/p>\n<p><strong>Praktische EcoFlow-App<\/strong><\/p>\n<p>Mit der praktischen EcoFlow App k\u00f6nnen Sie ganz einfach das Limit festlegen, die Route planen und den Rasierer einstellen. Die Rasenkehrmaschine kann auch angebracht werden, um unerw\u00fcnschte Abf\u00e4lle wie Bl\u00e4tter, \u00c4ste und M\u00fcll aus Ihrem Garten zu entfernen. Kurz gesagt, das EcoFlow BLADE Rasenm\u00e4her + Rasenkehrer-Set bietet ein m\u00fcheloses M\u00e4herlebnis mit Pr\u00e4zision und Effizienz und gibt Ihnen die volle Kontrolle \u00fcber Ihr Rasenm\u00e4hen.<\/p>\n<p><\/p>","protected":false},"excerpt":{"rendered":"<ul>\n<li>Automatisches Kehren des Rasens<\/li>\n<li>Keine Verkabelung mit virtueller Grenze<\/li>\n<li>Geschickt Hindernissen ausweichen<\/li>\n<\/ul>","protected":false},"featured_media":4630,"template":"","meta":{"_acf_changed":false},"product_brand":[],"product_cat":[97,245,415],"product_tag":[],"class_list":{"0":"post-4634","1":"product","2":"type-product","3":"status-publish","4":"has-post-thumbnail","6":"product_cat-alle-producten","7":"product_cat-ecoflow","8":"product_cat-energy","9":"pa_brand-ecoflow","10":"pa_productfamily-ecoflow","11":"pa_producttype-simple","12":"pa_series-blade","14":"first","15":"outofstock","16":"taxable","17":"shipping-taxable","18":"product-type-simple"},"acf":[],"yoast_head":"<!-- This site is optimized with the Yoast SEO Premium plugin v27.2 (Yoast SEO v27.2) - https:\/\/yoast.com\/product\/yoast-seo-premium-wordpress\/ -->\n<title>Ecoflow Blade Lawn Mower + Lawn Sweeper Kit - koningdrone.be<\/title>\n<meta name=\"robots\" content=\"index, follow, max-snippet:-1, max-image-preview:large, max-video-preview:-1\" \/>\n<link rel=\"canonical\" href=\"https:\/\/koningdrone.be\/de\/produkt\/ecoflow-blade-lawn-mower-lawn-sweeper-kit\/\" \/>\n<meta property=\"og:locale\" content=\"de_DE\" \/>\n<meta property=\"og:type\" content=\"article\" \/>\n<meta property=\"og:title\" content=\"Ecoflow Blade Lawn Mower + Lawn Sweeper Kit\" \/>\n<meta property=\"og:description\" content=\"Automatisch vegen van het gazonGeen bedrading met virtuele grensSlimme obstakels vermijden\" \/>\n<meta property=\"og:url\" content=\"https:\/\/koningdrone.be\/de\/produkt\/ecoflow-blade-lawn-mower-lawn-sweeper-kit\/\" \/>\n<meta property=\"og:site_name\" content=\"koningdrone.be\" \/>\n<meta property=\"article:modified_time\" content=\"2025-05-20T10:15:09+00:00\" \/>\n<meta property=\"og:image\" content=\"https:\/\/koningdrone.be\/wp-content\/uploads\/sites\/13\/2025\/04\/5706649033441-1.webp\" \/>\n\t<meta property=\"og:image:width\" content=\"800\" \/>\n\t<meta property=\"og:image:height\" content=\"800\" \/>\n\t<meta property=\"og:image:type\" content=\"image\/webp\" \/>\n<meta name=\"twitter:card\" content=\"summary_large_image\" \/>\n<meta name=\"twitter:label1\" content=\"Gesch\u00e4tzte Lesezeit\" \/>\n\t<meta name=\"twitter:data1\" content=\"1\u00a0Minute\" \/>\n<script type=\"application\/ld+json\" class=\"yoast-schema-graph\">{\"@context\":\"https:\/\/schema.org\",\"@graph\":[{\"@type\":\"WebPage\",\"@id\":\"https:\/\/koningdrone.be\/product\/ecoflow-blade-lawn-mower-lawn-sweeper-kit\/\",\"url\":\"https:\/\/koningdrone.be\/product\/ecoflow-blade-lawn-mower-lawn-sweeper-kit\/\",\"name\":\"Ecoflow Blade Lawn Mower + Lawn Sweeper Kit - koningdrone.be\",\"isPartOf\":{\"@id\":\"https:\/\/koningdrone.be\/#website\"},\"primaryImageOfPage\":{\"@id\":\"https:\/\/koningdrone.be\/product\/ecoflow-blade-lawn-mower-lawn-sweeper-kit\/#primaryimage\"},\"image\":{\"@id\":\"https:\/\/koningdrone.be\/product\/ecoflow-blade-lawn-mower-lawn-sweeper-kit\/#primaryimage\"},\"thumbnailUrl\":\"https:\/\/koningdrone.be\/wp-content\/uploads\/sites\/13\/2025\/04\/5706649033441-1.webp\",\"datePublished\":\"2023-07-05T11:44:55+00:00\",\"dateModified\":\"2025-05-20T10:15:09+00:00\",\"breadcrumb\":{\"@id\":\"https:\/\/koningdrone.be\/product\/ecoflow-blade-lawn-mower-lawn-sweeper-kit\/#breadcrumb\"},\"inLanguage\":\"de\",\"potentialAction\":[{\"@type\":\"ReadAction\",\"target\":[\"https:\/\/koningdrone.be\/product\/ecoflow-blade-lawn-mower-lawn-sweeper-kit\/\"]}]},{\"@type\":\"ImageObject\",\"inLanguage\":\"de\",\"@id\":\"https:\/\/koningdrone.be\/product\/ecoflow-blade-lawn-mower-lawn-sweeper-kit\/#primaryimage\",\"url\":\"https:\/\/koningdrone.be\/wp-content\/uploads\/sites\/13\/2025\/04\/5706649033441-1.webp\",\"contentUrl\":\"https:\/\/koningdrone.be\/wp-content\/uploads\/sites\/13\/2025\/04\/5706649033441-1.webp\",\"width\":800,\"height\":800},{\"@type\":\"BreadcrumbList\",\"@id\":\"https:\/\/koningdrone.be\/product\/ecoflow-blade-lawn-mower-lawn-sweeper-kit\/#breadcrumb\",\"itemListElement\":[{\"@type\":\"ListItem\",\"position\":1,\"name\":\"Home\",\"item\":\"https:\/\/koningdrone.be\/\"},{\"@type\":\"ListItem\",\"position\":2,\"name\":\"AVSS Parachute Recovery System for DJI Matrice 300\/350\",\"item\":\"https:\/\/koningdrone.be\/product\/avss-parachute-recovery-system-for-dji-matrice-300-350\/\"},{\"@type\":\"ListItem\",\"position\":3,\"name\":\"Alle producten\",\"item\":\"https:\/\/koningdrone.be\/categorie\/alle-producten\/\"},{\"@type\":\"ListItem\",\"position\":4,\"name\":\"Ecoflow Blade Lawn Mower + Lawn Sweeper Kit\"}]},{\"@type\":\"WebSite\",\"@id\":\"https:\/\/koningdrone.be\/#website\",\"url\":\"https:\/\/koningdrone.be\/\",\"name\":\"Koningdrone.be - Uw online specialist in drones, gimbals, camera's en power stations.\",\"description\":\"De webshop in drones en gimbals\",\"publisher\":{\"@id\":\"https:\/\/koningdrone.be\/#organization\"},\"potentialAction\":[{\"@type\":\"SearchAction\",\"target\":{\"@type\":\"EntryPoint\",\"urlTemplate\":\"https:\/\/koningdrone.be\/?s={search_term_string}\"},\"query-input\":{\"@type\":\"PropertyValueSpecification\",\"valueRequired\":true,\"valueName\":\"search_term_string\"}}],\"inLanguage\":\"de\"},{\"@type\":\"Organization\",\"@id\":\"https:\/\/koningdrone.be\/#organization\",\"name\":\"Koningdrone.be\",\"url\":\"https:\/\/koningdrone.be\/\",\"logo\":{\"@type\":\"ImageObject\",\"inLanguage\":\"de\",\"@id\":\"https:\/\/koningdrone.be\/#\/schema\/logo\/image\/\",\"url\":\"https:\/\/koningdrone.be\/wp-content\/uploads\/sites\/13\/2025\/04\/koningdrone-copyright-logo.svg\",\"contentUrl\":\"https:\/\/koningdrone.be\/wp-content\/uploads\/sites\/13\/2025\/04\/koningdrone-copyright-logo.svg\",\"width\":227,\"height\":38,\"caption\":\"Koningdrone.be\"},\"image\":{\"@id\":\"https:\/\/koningdrone.be\/#\/schema\/logo\/image\/\"}}]}<\/script>\n<!-- \/ Yoast SEO Premium plugin. -->","yoast_head_json":{"title":"Ecoflow Blade Lawn Mower + Lawn Sweeper Kit - koningdrone.be","robots":{"index":"index","follow":"follow","max-snippet":"max-snippet:-1","max-image-preview":"max-image-preview:large","max-video-preview":"max-video-preview:-1"},"canonical":"https:\/\/koningdrone.be\/de\/produkt\/ecoflow-blade-lawn-mower-lawn-sweeper-kit\/","og_locale":"de_DE","og_type":"article","og_title":"Ecoflow Blade Lawn Mower + Lawn Sweeper Kit","og_description":"Automatisch vegen van het gazonGeen bedrading met virtuele grensSlimme obstakels vermijden","og_url":"https:\/\/koningdrone.be\/de\/produkt\/ecoflow-blade-lawn-mower-lawn-sweeper-kit\/","og_site_name":"koningdrone.be","article_modified_time":"2025-05-20T10:15:09+00:00","og_image":[{"width":800,"height":800,"url":"https:\/\/koningdrone.be\/wp-content\/uploads\/sites\/13\/2025\/04\/5706649033441-1.webp","type":"image\/webp"}],"twitter_card":"summary_large_image","twitter_misc":{"Gesch\u00e4tzte Lesezeit":"1\u00a0Minute"},"schema":{"@context":"https:\/\/schema.org","@graph":[{"@type":"WebPage","@id":"https:\/\/koningdrone.be\/product\/ecoflow-blade-lawn-mower-lawn-sweeper-kit\/","url":"https:\/\/koningdrone.be\/product\/ecoflow-blade-lawn-mower-lawn-sweeper-kit\/","name":"Ecoflow Blade Lawn Mower + Lawn Sweeper Kit - koningdrone.be","isPartOf":{"@id":"https:\/\/koningdrone.be\/#website"},"primaryImageOfPage":{"@id":"https:\/\/koningdrone.be\/product\/ecoflow-blade-lawn-mower-lawn-sweeper-kit\/#primaryimage"},"image":{"@id":"https:\/\/koningdrone.be\/product\/ecoflow-blade-lawn-mower-lawn-sweeper-kit\/#primaryimage"},"thumbnailUrl":"https:\/\/koningdrone.be\/wp-content\/uploads\/sites\/13\/2025\/04\/5706649033441-1.webp","datePublished":"2023-07-05T11:44:55+00:00","dateModified":"2025-05-20T10:15:09+00:00","breadcrumb":{"@id":"https:\/\/koningdrone.be\/product\/ecoflow-blade-lawn-mower-lawn-sweeper-kit\/#breadcrumb"},"inLanguage":"de","potentialAction":[{"@type":"ReadAction","target":["https:\/\/koningdrone.be\/product\/ecoflow-blade-lawn-mower-lawn-sweeper-kit\/"]}]},{"@type":"ImageObject","inLanguage":"de","@id":"https:\/\/koningdrone.be\/product\/ecoflow-blade-lawn-mower-lawn-sweeper-kit\/#primaryimage","url":"https:\/\/koningdrone.be\/wp-content\/uploads\/sites\/13\/2025\/04\/5706649033441-1.webp","contentUrl":"https:\/\/koningdrone.be\/wp-content\/uploads\/sites\/13\/2025\/04\/5706649033441-1.webp","width":800,"height":800},{"@type":"BreadcrumbList","@id":"https:\/\/koningdrone.be\/product\/ecoflow-blade-lawn-mower-lawn-sweeper-kit\/#breadcrumb","itemListElement":[{"@type":"ListItem","position":1,"name":"Home","item":"https:\/\/koningdrone.be\/"},{"@type":"ListItem","position":2,"name":"AVSS Parachute Recovery System for DJI Matrice 300\/350","item":"https:\/\/koningdrone.be\/product\/avss-parachute-recovery-system-for-dji-matrice-300-350\/"},{"@type":"ListItem","position":3,"name":"Alle producten","item":"https:\/\/koningdrone.be\/categorie\/alle-producten\/"},{"@type":"ListItem","position":4,"name":"Ecoflow Blade Lawn Mower + Lawn Sweeper Kit"}]},{"@type":"WebSite","@id":"https:\/\/koningdrone.be\/#website","url":"https:\/\/koningdrone.be\/","name":"Koningdrone.be - Ihr Online-Spezialist f\u00fcr Drohnen, Gimbals, Kameras und Kraftwerke.","description":"Der Webshop f\u00fcr Drohnen und Gimbals","publisher":{"@id":"https:\/\/koningdrone.be\/#organization"},"potentialAction":[{"@type":"SearchAction","target":{"@type":"EntryPoint","urlTemplate":"https:\/\/koningdrone.be\/?s={search_term_string}"},"query-input":{"@type":"PropertyValueSpecification","valueRequired":true,"valueName":"search_term_string"}}],"inLanguage":"de"},{"@type":"Organization","@id":"https:\/\/koningdrone.be\/#organization","name":"Kingdrone.de","url":"https:\/\/koningdrone.be\/","logo":{"@type":"ImageObject","inLanguage":"de","@id":"https:\/\/koningdrone.be\/#\/schema\/logo\/image\/","url":"https:\/\/koningdrone.be\/wp-content\/uploads\/sites\/13\/2025\/04\/koningdrone-copyright-logo.svg","contentUrl":"https:\/\/koningdrone.be\/wp-content\/uploads\/sites\/13\/2025\/04\/koningdrone-copyright-logo.svg","width":227,"height":38,"caption":"Koningdrone.be"},"image":{"@id":"https:\/\/koningdrone.be\/#\/schema\/logo\/image\/"}}]}},"df_price":"","df_sale_price":"","df_regular_price":"","df_image_link":"https:\/\/koningdrone.be\/wp-content\/uploads\/sites\/13\/2025\/04\/5706649033441-1-300x300.webp","_links":{"self":[{"href":"https:\/\/koningdrone.be\/de\/wp-json\/wp\/v2\/product\/4634","targetHints":{"allow":["GET"]}}],"collection":[{"href":"https:\/\/koningdrone.be\/de\/wp-json\/wp\/v2\/product"}],"about":[{"href":"https:\/\/koningdrone.be\/de\/wp-json\/wp\/v2\/types\/product"}],"wp:featuredmedia":[{"embeddable":true,"href":"https:\/\/koningdrone.be\/de\/wp-json\/wp\/v2\/media\/4630"}],"wp:attachment":[{"href":"https:\/\/koningdrone.be\/de\/wp-json\/wp\/v2\/media?parent=4634"}],"wp:term":[{"taxonomy":"product_brand","embeddable":true,"href":"https:\/\/koningdrone.be\/de\/wp-json\/wp\/v2\/product_brand?post=4634"},{"taxonomy":"product_cat","embeddable":true,"href":"https:\/\/koningdrone.be\/de\/wp-json\/wp\/v2\/product_cat?post=4634"},{"taxonomy":"product_tag","embeddable":true,"href":"https:\/\/koningdrone.be\/de\/wp-json\/wp\/v2\/product_tag?post=4634"}],"curies":[{"name":"wp","href":"https:\/\/api.w.org\/{rel}","templated":true}]}}