{"id":4612,"date":"2023-07-05T13:44:55","date_gmt":"2023-07-05T11:44:55","guid":{"rendered":"https:\/\/koningdrone.nl\/kon\/product\/ecoflow-delta-max-2000600w-micro-inverter-bundle\/"},"modified":"2026-04-29T14:30:20","modified_gmt":"2026-04-29T12:30:20","slug":"ecoflow-delta-max-2000600w-micro-inverter-bundle","status":"publish","type":"product","link":"https:\/\/koningdrone.be\/de\/produkt\/ecoflow-delta-max-2000600w-micro-inverter-bundle\/","title":{"rendered":"Ecoflow DELTA Max 2000+600W Mikro-Wechselrichter-Paket"},"content":{"rendered":"<p>Die Ecoflow Delta Max Power Station - EU-Version ist eine leistungsstarke Speicherl\u00f6sung mit einer Kapazit\u00e4t von 2016 Wh, erweiterbar auf insgesamt 6 kWh. Damit kann sie praktisch jedes Ger\u00e4t mit einer Leistung von bis zu 2400 W versorgen und ist damit ideal zum Aufladen von Smartphones, Tablets, Laptops, Drohnen, Leuchten, Fernsehern, kleinen K\u00fchlschr\u00e4nken und sogar leistungsst\u00e4rkeren Ger\u00e4ten wie Wasserkochern, Kaffeemaschinen und Wasserpumpen.<\/p>\n<p><strong>Ladekapazit\u00e4t und Technologie<\/strong><\/p>\n<p>Der Delta Max verf\u00fcgt \u00fcber einen integrierten Lithium-Ionen-Akku mit einer Kapazit\u00e4t von 2016 Wh, die durch einen zus\u00e4tzlichen Akku von Ecoflow auf 6048 Wh verdreifacht werden kann. So k\u00f6nnen die Ger\u00e4te noch l\u00e4nger mit Strom versorgt werden. Dank der X-Stream-Technologie kann der Delta Max innerhalb von 65 Minuten von 0 auf 80% aufgeladen werden, was die volle Ladezeit auf nur 2 Stunden begrenzt. Mit einem fortschrittlichen Solareingang von 800W \/ 11V - 100V und einem Netzadapter von 2600W kann der Ladevorgang maximiert werden.<\/p>\n<p><strong>Konnektivit\u00e4t und App-Funktionalit\u00e4ten<\/strong><\/p>\n<p>\u00dcber die Ecoflow-App k\u00f6nnen Sie detaillierte Informationen \u00fcber den Status der Ladestation, das Bedienfeld und die Ladeoptionen abrufen. Mit der Wi-Fi-Funktion kann der Delta Max \u00fcber den Wi-Fi-Router auch aus der Ferne gesteuert werden. Das Batteriemanagementsystem ist so konzipiert, dass es die einzelnen Zellen mehrmals pro Minute \u00fcberwacht, um die Kapazit\u00e4tsauslastung zu optimieren, die Batterie vor \u00dcberladung zu sch\u00fctzen und eine l\u00e4ngere Lebensdauer zu gew\u00e4hrleisten.<\/p>\n<p><strong>Ecoflow PowerStream Mikro-Wechselrichter-EU 600W<\/strong><\/p>\n<p>Der Ecoflow PowerStream Micro Inverter-EU 600W wandelt die erzeugte Solarenergie in Wechselstrom um und speist diesen direkt \u00fcber die Steckdose ins Netz zur\u00fcck. So k\u00f6nnen Sie sich selbst versorgen und Stromrechnungen sparen. Der Mikro-Wechselrichter eignet sich f\u00fcr die Erzeugung von Solarenergie mit bis zu 2 Solarmodulen von jeweils bis zu 400W Leistung. In Kombination mit einer Power Station von Ecoflow kann die tags\u00fcber erzeugte Energie gespeichert und nachts genutzt werden, um Geld zu sparen und das Haus auf nachhaltige Weise mit Strom zu versorgen.<\/p>\n<p><\/p>","protected":false},"excerpt":{"rendered":"<p>De Ecoflow Delta Max Krachtcentrale &#8211; EU versie is een krachtige capaciteitsopslagoplossing met een capaciteit van 2016 Wh, uitbreidbaar tot een totaal van 6 kWh. Dit maakt het mogelijk om vrijwel elk apparaat tot 2400W van stroom te voorzien, waardoor het ideaal is voor het opladen van smartphones, tablets, laptops, drones, verlichting, tv&#8217;s, kleine koelkasten [&hellip;]<\/p>\n","protected":false},"featured_media":4611,"template":"","meta":{"_acf_changed":false},"product_brand":[],"product_cat":[454,97,245,415],"product_tag":[],"class_list":{"0":"post-4612","1":"product","2":"type-product","3":"status-publish","4":"has-post-thumbnail","6":"product_cat-alle-powerstations","7":"product_cat-alle-producten","8":"product_cat-ecoflow","9":"product_cat-energy","10":"product_shipping_class-outofstock","11":"pa_brand-ecoflow","12":"pa_materiaal-kunststof","13":"pa_productfamily-power-station","14":"pa_producttype-power-station","15":"pa_series-delta-max","17":"first","18":"outofstock","19":"taxable","20":"shipping-taxable","21":"product-type-simple"},"acf":[],"yoast_head":"<!-- This site is optimized with the Yoast SEO Premium plugin v27.2 (Yoast SEO v27.2) - https:\/\/yoast.com\/product\/yoast-seo-premium-wordpress\/ -->\n<title>Ecoflow DELTA Max 2000+600W Micro Inverter bundle - koningdrone.be<\/title>\n<meta name=\"robots\" content=\"index, follow, max-snippet:-1, max-image-preview:large, max-video-preview:-1\" \/>\n<link rel=\"canonical\" href=\"https:\/\/koningdrone.be\/de\/produkt\/ecoflow-delta-max-2000600w-micro-inverter-bundle\/\" \/>\n<meta property=\"og:locale\" content=\"de_DE\" \/>\n<meta property=\"og:type\" content=\"article\" \/>\n<meta property=\"og:title\" content=\"Ecoflow DELTA Max 2000+600W Micro Inverter bundle\" \/>\n<meta property=\"og:description\" content=\"De Ecoflow Delta Max Krachtcentrale &#8211; EU versie is een krachtige capaciteitsopslagoplossing met een capaciteit van 2016 Wh, uitbreidbaar tot een totaal van 6 kWh. Dit maakt het mogelijk om vrijwel elk apparaat tot 2400W van stroom te voorzien, waardoor het ideaal is voor het opladen van smartphones, tablets, laptops, drones, verlichting, tv&#8217;s, kleine koelkasten [&hellip;]\" \/>\n<meta property=\"og:url\" content=\"https:\/\/koningdrone.be\/de\/produkt\/ecoflow-delta-max-2000600w-micro-inverter-bundle\/\" \/>\n<meta property=\"og:site_name\" content=\"koningdrone.be\" \/>\n<meta property=\"article:modified_time\" content=\"2026-04-29T12:30:20+00:00\" \/>\n<meta property=\"og:image\" content=\"https:\/\/koningdrone.be\/wp-content\/uploads\/sites\/13\/2025\/04\/5706649033465.jpeg\" \/>\n\t<meta property=\"og:image:width\" content=\"1000\" \/>\n\t<meta property=\"og:image:height\" content=\"1000\" \/>\n\t<meta property=\"og:image:type\" content=\"image\/jpeg\" \/>\n<meta name=\"twitter:card\" content=\"summary_large_image\" \/>\n<meta name=\"twitter:label1\" content=\"Gesch\u00e4tzte Lesezeit\" \/>\n\t<meta name=\"twitter:data1\" content=\"2\u00a0Minuten\" \/>\n<script type=\"application\/ld+json\" class=\"yoast-schema-graph\">{\"@context\":\"https:\/\/schema.org\",\"@graph\":[{\"@type\":\"WebPage\",\"@id\":\"https:\/\/koningdrone.be\/product\/ecoflow-delta-max-2000600w-micro-inverter-bundle\/\",\"url\":\"https:\/\/koningdrone.be\/product\/ecoflow-delta-max-2000600w-micro-inverter-bundle\/\",\"name\":\"Ecoflow DELTA Max 2000+600W Micro Inverter bundle - koningdrone.be\",\"isPartOf\":{\"@id\":\"https:\/\/koningdrone.be\/#website\"},\"primaryImageOfPage\":{\"@id\":\"https:\/\/koningdrone.be\/product\/ecoflow-delta-max-2000600w-micro-inverter-bundle\/#primaryimage\"},\"image\":{\"@id\":\"https:\/\/koningdrone.be\/product\/ecoflow-delta-max-2000600w-micro-inverter-bundle\/#primaryimage\"},\"thumbnailUrl\":\"https:\/\/koningdrone.be\/wp-content\/uploads\/sites\/13\/2025\/04\/5706649033465.jpeg\",\"datePublished\":\"2023-07-05T11:44:55+00:00\",\"dateModified\":\"2026-04-29T12:30:20+00:00\",\"breadcrumb\":{\"@id\":\"https:\/\/koningdrone.be\/product\/ecoflow-delta-max-2000600w-micro-inverter-bundle\/#breadcrumb\"},\"inLanguage\":\"de\",\"potentialAction\":[{\"@type\":\"ReadAction\",\"target\":[\"https:\/\/koningdrone.be\/product\/ecoflow-delta-max-2000600w-micro-inverter-bundle\/\"]}]},{\"@type\":\"ImageObject\",\"inLanguage\":\"de\",\"@id\":\"https:\/\/koningdrone.be\/product\/ecoflow-delta-max-2000600w-micro-inverter-bundle\/#primaryimage\",\"url\":\"https:\/\/koningdrone.be\/wp-content\/uploads\/sites\/13\/2025\/04\/5706649033465.jpeg\",\"contentUrl\":\"https:\/\/koningdrone.be\/wp-content\/uploads\/sites\/13\/2025\/04\/5706649033465.jpeg\",\"width\":1000,\"height\":1000},{\"@type\":\"BreadcrumbList\",\"@id\":\"https:\/\/koningdrone.be\/product\/ecoflow-delta-max-2000600w-micro-inverter-bundle\/#breadcrumb\",\"itemListElement\":[{\"@type\":\"ListItem\",\"position\":1,\"name\":\"Home\",\"item\":\"https:\/\/koningdrone.be\/\"},{\"@type\":\"ListItem\",\"position\":2,\"name\":\"AVSS Parachute Recovery System for DJI Matrice 300\/350\",\"item\":\"https:\/\/koningdrone.be\/product\/avss-parachute-recovery-system-for-dji-matrice-300-350\/\"},{\"@type\":\"ListItem\",\"position\":3,\"name\":\"Alle powerstations\",\"item\":\"https:\/\/koningdrone.be\/categorie\/alle-powerstations\/\"},{\"@type\":\"ListItem\",\"position\":4,\"name\":\"Ecoflow DELTA Max 2000+600W Micro Inverter bundle\"}]},{\"@type\":\"WebSite\",\"@id\":\"https:\/\/koningdrone.be\/#website\",\"url\":\"https:\/\/koningdrone.be\/\",\"name\":\"Koningdrone.be - Uw online specialist in drones, gimbals, camera's en power stations.\",\"description\":\"De webshop in drones en gimbals\",\"publisher\":{\"@id\":\"https:\/\/koningdrone.be\/#organization\"},\"potentialAction\":[{\"@type\":\"SearchAction\",\"target\":{\"@type\":\"EntryPoint\",\"urlTemplate\":\"https:\/\/koningdrone.be\/?s={search_term_string}\"},\"query-input\":{\"@type\":\"PropertyValueSpecification\",\"valueRequired\":true,\"valueName\":\"search_term_string\"}}],\"inLanguage\":\"de\"},{\"@type\":\"Organization\",\"@id\":\"https:\/\/koningdrone.be\/#organization\",\"name\":\"Koningdrone.be\",\"url\":\"https:\/\/koningdrone.be\/\",\"logo\":{\"@type\":\"ImageObject\",\"inLanguage\":\"de\",\"@id\":\"https:\/\/koningdrone.be\/#\/schema\/logo\/image\/\",\"url\":\"https:\/\/koningdrone.be\/wp-content\/uploads\/sites\/13\/2025\/04\/koningdrone-copyright-logo.svg\",\"contentUrl\":\"https:\/\/koningdrone.be\/wp-content\/uploads\/sites\/13\/2025\/04\/koningdrone-copyright-logo.svg\",\"width\":227,\"height\":38,\"caption\":\"Koningdrone.be\"},\"image\":{\"@id\":\"https:\/\/koningdrone.be\/#\/schema\/logo\/image\/\"}}]}<\/script>\n<!-- \/ Yoast SEO Premium plugin. -->","yoast_head_json":{"title":"Ecoflow DELTA Max 2000+600W Micro Inverter bundle - koningdrone.be","robots":{"index":"index","follow":"follow","max-snippet":"max-snippet:-1","max-image-preview":"max-image-preview:large","max-video-preview":"max-video-preview:-1"},"canonical":"https:\/\/koningdrone.be\/de\/produkt\/ecoflow-delta-max-2000600w-micro-inverter-bundle\/","og_locale":"de_DE","og_type":"article","og_title":"Ecoflow DELTA Max 2000+600W Micro Inverter bundle","og_description":"De Ecoflow Delta Max Krachtcentrale &#8211; EU versie is een krachtige capaciteitsopslagoplossing met een capaciteit van 2016 Wh, uitbreidbaar tot een totaal van 6 kWh. Dit maakt het mogelijk om vrijwel elk apparaat tot 2400W van stroom te voorzien, waardoor het ideaal is voor het opladen van smartphones, tablets, laptops, drones, verlichting, tv&#8217;s, kleine koelkasten [&hellip;]","og_url":"https:\/\/koningdrone.be\/de\/produkt\/ecoflow-delta-max-2000600w-micro-inverter-bundle\/","og_site_name":"koningdrone.be","article_modified_time":"2026-04-29T12:30:20+00:00","og_image":[{"width":1000,"height":1000,"url":"https:\/\/koningdrone.be\/wp-content\/uploads\/sites\/13\/2025\/04\/5706649033465.jpeg","type":"image\/jpeg"}],"twitter_card":"summary_large_image","twitter_misc":{"Gesch\u00e4tzte Lesezeit":"2\u00a0Minuten"},"schema":{"@context":"https:\/\/schema.org","@graph":[{"@type":"WebPage","@id":"https:\/\/koningdrone.be\/product\/ecoflow-delta-max-2000600w-micro-inverter-bundle\/","url":"https:\/\/koningdrone.be\/product\/ecoflow-delta-max-2000600w-micro-inverter-bundle\/","name":"Ecoflow DELTA Max 2000+600W Micro Inverter bundle - koningdrone.be","isPartOf":{"@id":"https:\/\/koningdrone.be\/#website"},"primaryImageOfPage":{"@id":"https:\/\/koningdrone.be\/product\/ecoflow-delta-max-2000600w-micro-inverter-bundle\/#primaryimage"},"image":{"@id":"https:\/\/koningdrone.be\/product\/ecoflow-delta-max-2000600w-micro-inverter-bundle\/#primaryimage"},"thumbnailUrl":"https:\/\/koningdrone.be\/wp-content\/uploads\/sites\/13\/2025\/04\/5706649033465.jpeg","datePublished":"2023-07-05T11:44:55+00:00","dateModified":"2026-04-29T12:30:20+00:00","breadcrumb":{"@id":"https:\/\/koningdrone.be\/product\/ecoflow-delta-max-2000600w-micro-inverter-bundle\/#breadcrumb"},"inLanguage":"de","potentialAction":[{"@type":"ReadAction","target":["https:\/\/koningdrone.be\/product\/ecoflow-delta-max-2000600w-micro-inverter-bundle\/"]}]},{"@type":"ImageObject","inLanguage":"de","@id":"https:\/\/koningdrone.be\/product\/ecoflow-delta-max-2000600w-micro-inverter-bundle\/#primaryimage","url":"https:\/\/koningdrone.be\/wp-content\/uploads\/sites\/13\/2025\/04\/5706649033465.jpeg","contentUrl":"https:\/\/koningdrone.be\/wp-content\/uploads\/sites\/13\/2025\/04\/5706649033465.jpeg","width":1000,"height":1000},{"@type":"BreadcrumbList","@id":"https:\/\/koningdrone.be\/product\/ecoflow-delta-max-2000600w-micro-inverter-bundle\/#breadcrumb","itemListElement":[{"@type":"ListItem","position":1,"name":"Home","item":"https:\/\/koningdrone.be\/"},{"@type":"ListItem","position":2,"name":"AVSS Parachute Recovery System for DJI Matrice 300\/350","item":"https:\/\/koningdrone.be\/product\/avss-parachute-recovery-system-for-dji-matrice-300-350\/"},{"@type":"ListItem","position":3,"name":"Alle powerstations","item":"https:\/\/koningdrone.be\/categorie\/alle-powerstations\/"},{"@type":"ListItem","position":4,"name":"Ecoflow DELTA Max 2000+600W Micro Inverter bundle"}]},{"@type":"WebSite","@id":"https:\/\/koningdrone.be\/#website","url":"https:\/\/koningdrone.be\/","name":"Koningdrone.be - Ihr Online-Spezialist f\u00fcr Drohnen, Gimbals, Kameras und Kraftwerke.","description":"Der Webshop f\u00fcr Drohnen und Gimbals","publisher":{"@id":"https:\/\/koningdrone.be\/#organization"},"potentialAction":[{"@type":"SearchAction","target":{"@type":"EntryPoint","urlTemplate":"https:\/\/koningdrone.be\/?s={search_term_string}"},"query-input":{"@type":"PropertyValueSpecification","valueRequired":true,"valueName":"search_term_string"}}],"inLanguage":"de"},{"@type":"Organization","@id":"https:\/\/koningdrone.be\/#organization","name":"Kingdrone.de","url":"https:\/\/koningdrone.be\/","logo":{"@type":"ImageObject","inLanguage":"de","@id":"https:\/\/koningdrone.be\/#\/schema\/logo\/image\/","url":"https:\/\/koningdrone.be\/wp-content\/uploads\/sites\/13\/2025\/04\/koningdrone-copyright-logo.svg","contentUrl":"https:\/\/koningdrone.be\/wp-content\/uploads\/sites\/13\/2025\/04\/koningdrone-copyright-logo.svg","width":227,"height":38,"caption":"Koningdrone.be"},"image":{"@id":"https:\/\/koningdrone.be\/#\/schema\/logo\/image\/"}}]}},"df_price":"","df_sale_price":"","df_regular_price":"","df_image_link":"https:\/\/koningdrone.be\/wp-content\/uploads\/sites\/13\/2025\/04\/5706649033465-300x300.jpeg","_links":{"self":[{"href":"https:\/\/koningdrone.be\/de\/wp-json\/wp\/v2\/product\/4612","targetHints":{"allow":["GET"]}}],"collection":[{"href":"https:\/\/koningdrone.be\/de\/wp-json\/wp\/v2\/product"}],"about":[{"href":"https:\/\/koningdrone.be\/de\/wp-json\/wp\/v2\/types\/product"}],"wp:featuredmedia":[{"embeddable":true,"href":"https:\/\/koningdrone.be\/de\/wp-json\/wp\/v2\/media\/4611"}],"wp:attachment":[{"href":"https:\/\/koningdrone.be\/de\/wp-json\/wp\/v2\/media?parent=4612"}],"wp:term":[{"taxonomy":"product_brand","embeddable":true,"href":"https:\/\/koningdrone.be\/de\/wp-json\/wp\/v2\/product_brand?post=4612"},{"taxonomy":"product_cat","embeddable":true,"href":"https:\/\/koningdrone.be\/de\/wp-json\/wp\/v2\/product_cat?post=4612"},{"taxonomy":"product_tag","embeddable":true,"href":"https:\/\/koningdrone.be\/de\/wp-json\/wp\/v2\/product_tag?post=4612"}],"curies":[{"name":"wp","href":"https:\/\/api.w.org\/{rel}","templated":true}]}}