{"id":4605,"date":"2023-07-05T13:44:55","date_gmt":"2023-07-05T11:44:55","guid":{"rendered":"https:\/\/koningdrone.nl\/kon\/product\/ecoflow-delta-pro600w-micro-inverter-bundle\/"},"modified":"2026-04-29T14:30:10","modified_gmt":"2026-04-29T12:30:10","slug":"ecoflow-delta-pro600w-micro-inverter-bundle","status":"publish","type":"product","link":"https:\/\/koningdrone.be\/de\/produkt\/ecoflow-delta-pro600w-micro-inverter-bundle\/","title":{"rendered":"Ecoflow DELTA Pro+600W Mikro-Wechselrichter-Paket"},"content":{"rendered":"<p>Die EcoFlow DELTA Pro Power Station - EU-Version ist ein modulares Energiespeichersystem, das speziell f\u00fcr den Heimgebrauch entwickelt wurde. Diese LiFePO4-Batterie hat eine Kapazit\u00e4t von 3600 Wh und kann mit zus\u00e4tzlichen Batterien und intelligenten Generatoren auf bis zu 25 kWh erweitert werden. Das zugeh\u00f6rige Smarthome-Panel von Ecoflow (exklusiv ab 2022 erh\u00e4ltlich) kann in den Z\u00e4hlerkasten integriert werden und sorgt f\u00fcr eine unterbrechungsfreie Stromversorgung bei Notf\u00e4llen\/Ausf\u00e4llen. Dieses System verringert auch die Abh\u00e4ngigkeit vom Stromnetz, so dass Sie bei Ihren Energierechnungen sparen k\u00f6nnen.<\/p>\n<p><strong>Kapazit\u00e4t und Erweiterungsm\u00f6glichkeiten<\/strong> <\/p>\n<p>Mit einer Leistung von bis zu 3600 W (7200 W Spitzenlast) kann die Delta Pro Power Station Ger\u00e4te wie K\u00fchlschr\u00e4nke, Gefrierger\u00e4te, Klimaanlagen, Waschmaschinen, Staubsauger und Elektrowerkzeuge mit Strom versorgen. Sie k\u00f6nnen die Kapazit\u00e4t auf 10,8 kWh mit bis zu zwei zus\u00e4tzlichen Batterien oder sogar auf bis zu 25 kWh erweitern, wenn Sie zwei Delta Pros mit zus\u00e4tzlichen Batterien und intelligenten Generatoren w\u00e4hlen.<\/p>\n<p><strong>Wiederaufladbarkeit und lange Lebensdauer<\/strong> <\/p>\n<p>Die patentierte X-Stream-Technologie erm\u00f6glicht dem Delta Pro ein schnelles Aufladen mit bis zu 2900 W, wodurch die Power Station innerhalb von 1,9 Stunden vollst\u00e4ndig aufgeladen werden kann. Mit der Ecoflow-App k\u00f6nnen Sie die Ladeanforderungen festlegen und Ihren Stromverbrauch verwalten, w\u00e4hrend die integrierte LiFePO4-Batterie viele Jahre lang h\u00e4lt. Das macht die DELTA Pro zu einem hochinnovativen Energiespeicherprodukt, das Ihnen Sicherheit und Unabh\u00e4ngigkeit bietet, wo immer Sie sind.<\/p>\n<p><strong>PowerStream Micro Wechselrichter-EU 600W<\/strong> <\/p>\n<p>Der Ecoflow PowerStream Micro Inverter-EU 600W wandelt die erzeugte Solarenergie in Wechselstrom um und kann diesen direkt in das Stromnetz zur\u00fcckspeisen. So k\u00f6nnen Sie die tags\u00fcber erzeugte Energie speichern und nachts nach Bedarf nutzen. Mit einer Leistung von 600W ist dieser Mikro-Wechselrichter f\u00fcr die R\u00fcckspeisung von Energie in das \u00f6ffentliche Netz geeignet. In Kombination mit Solarmodulen bietet der Mikro-Wechselrichter eine intelligente L\u00f6sung, um autark zu sein und Geld auf Ihrer Stromrechnung zu sparen.<\/p>\n<p><\/p>","protected":false},"excerpt":{"rendered":"<p>De EcoFlow DELTA Pro Power Station &#8211; EU-versie is een modulair energieopslagsysteem dat speciaal is ontworpen voor thuisgebruik. Deze LiFePO4 accu heeft een capaciteit van 3600 Wh en kan worden uitgebreid tot 25 kWh met extra accu&#8217;s en slimme generatoren. Het bijbehorende Smarthome-paneel van Ecoflow (exclusief verkrijgbaar in 2022) kan worden ge\u00efntegreerd in de meterkast [&hellip;]<\/p>\n","protected":false},"featured_media":4603,"template":"","meta":{"_acf_changed":false},"product_brand":[],"product_cat":[454,97,245,415],"product_tag":[],"class_list":{"0":"post-4605","1":"product","2":"type-product","3":"status-publish","4":"has-post-thumbnail","6":"product_cat-alle-powerstations","7":"product_cat-alle-producten","8":"product_cat-ecoflow","9":"product_cat-energy","10":"product_shipping_class-outofstock","11":"pa_brand-ecoflow","12":"pa_materiaal-kunststof","13":"pa_productfamily-power-station","14":"pa_producttype-power-station","15":"pa_series-delta-pro","17":"first","18":"outofstock","19":"taxable","20":"shipping-taxable","21":"product-type-simple"},"acf":[],"yoast_head":"<!-- This site is optimized with the Yoast SEO Premium plugin v27.2 (Yoast SEO v27.2) - https:\/\/yoast.com\/product\/yoast-seo-premium-wordpress\/ -->\n<title>Ecoflow DELTA Pro+600W Micro Inverter bundle - koningdrone.be<\/title>\n<meta name=\"robots\" content=\"index, follow, max-snippet:-1, max-image-preview:large, max-video-preview:-1\" \/>\n<link rel=\"canonical\" href=\"https:\/\/koningdrone.be\/de\/produkt\/ecoflow-delta-pro600w-micro-inverter-bundle\/\" \/>\n<meta property=\"og:locale\" content=\"de_DE\" \/>\n<meta property=\"og:type\" content=\"article\" \/>\n<meta property=\"og:title\" content=\"Ecoflow DELTA Pro+600W Micro Inverter bundle\" \/>\n<meta property=\"og:description\" content=\"De EcoFlow DELTA Pro Power Station &#8211; EU-versie is een modulair energieopslagsysteem dat speciaal is ontworpen voor thuisgebruik. Deze LiFePO4 accu heeft een capaciteit van 3600 Wh en kan worden uitgebreid tot 25 kWh met extra accu&#8217;s en slimme generatoren. Het bijbehorende Smarthome-paneel van Ecoflow (exclusief verkrijgbaar in 2022) kan worden ge\u00efntegreerd in de meterkast [&hellip;]\" \/>\n<meta property=\"og:url\" content=\"https:\/\/koningdrone.be\/de\/produkt\/ecoflow-delta-pro600w-micro-inverter-bundle\/\" \/>\n<meta property=\"og:site_name\" content=\"koningdrone.be\" \/>\n<meta property=\"article:modified_time\" content=\"2026-04-29T12:30:10+00:00\" \/>\n<meta property=\"og:image\" content=\"https:\/\/koningdrone.be\/wp-content\/uploads\/sites\/13\/2025\/04\/5706649033472-1.jpg\" \/>\n\t<meta property=\"og:image:width\" content=\"1600\" \/>\n\t<meta property=\"og:image:height\" content=\"800\" \/>\n\t<meta property=\"og:image:type\" content=\"image\/jpeg\" \/>\n<meta name=\"twitter:card\" content=\"summary_large_image\" \/>\n<meta name=\"twitter:label1\" content=\"Gesch\u00e4tzte Lesezeit\" \/>\n\t<meta name=\"twitter:data1\" content=\"1\u00a0Minute\" \/>\n<script type=\"application\/ld+json\" class=\"yoast-schema-graph\">{\"@context\":\"https:\/\/schema.org\",\"@graph\":[{\"@type\":\"WebPage\",\"@id\":\"https:\/\/koningdrone.be\/product\/ecoflow-delta-pro600w-micro-inverter-bundle\/\",\"url\":\"https:\/\/koningdrone.be\/product\/ecoflow-delta-pro600w-micro-inverter-bundle\/\",\"name\":\"Ecoflow DELTA Pro+600W Micro Inverter bundle - koningdrone.be\",\"isPartOf\":{\"@id\":\"https:\/\/koningdrone.be\/#website\"},\"primaryImageOfPage\":{\"@id\":\"https:\/\/koningdrone.be\/product\/ecoflow-delta-pro600w-micro-inverter-bundle\/#primaryimage\"},\"image\":{\"@id\":\"https:\/\/koningdrone.be\/product\/ecoflow-delta-pro600w-micro-inverter-bundle\/#primaryimage\"},\"thumbnailUrl\":\"https:\/\/koningdrone.be\/wp-content\/uploads\/sites\/13\/2025\/04\/5706649033472-1.jpg\",\"datePublished\":\"2023-07-05T11:44:55+00:00\",\"dateModified\":\"2026-04-29T12:30:10+00:00\",\"breadcrumb\":{\"@id\":\"https:\/\/koningdrone.be\/product\/ecoflow-delta-pro600w-micro-inverter-bundle\/#breadcrumb\"},\"inLanguage\":\"de\",\"potentialAction\":[{\"@type\":\"ReadAction\",\"target\":[\"https:\/\/koningdrone.be\/product\/ecoflow-delta-pro600w-micro-inverter-bundle\/\"]}]},{\"@type\":\"ImageObject\",\"inLanguage\":\"de\",\"@id\":\"https:\/\/koningdrone.be\/product\/ecoflow-delta-pro600w-micro-inverter-bundle\/#primaryimage\",\"url\":\"https:\/\/koningdrone.be\/wp-content\/uploads\/sites\/13\/2025\/04\/5706649033472-1.jpg\",\"contentUrl\":\"https:\/\/koningdrone.be\/wp-content\/uploads\/sites\/13\/2025\/04\/5706649033472-1.jpg\",\"width\":1600,\"height\":800},{\"@type\":\"BreadcrumbList\",\"@id\":\"https:\/\/koningdrone.be\/product\/ecoflow-delta-pro600w-micro-inverter-bundle\/#breadcrumb\",\"itemListElement\":[{\"@type\":\"ListItem\",\"position\":1,\"name\":\"Home\",\"item\":\"https:\/\/koningdrone.be\/\"},{\"@type\":\"ListItem\",\"position\":2,\"name\":\"AVSS Parachute Recovery System for DJI Matrice 300\/350\",\"item\":\"https:\/\/koningdrone.be\/product\/avss-parachute-recovery-system-for-dji-matrice-300-350\/\"},{\"@type\":\"ListItem\",\"position\":3,\"name\":\"Alle powerstations\",\"item\":\"https:\/\/koningdrone.be\/categorie\/alle-powerstations\/\"},{\"@type\":\"ListItem\",\"position\":4,\"name\":\"Ecoflow DELTA Pro+600W Micro Inverter bundle\"}]},{\"@type\":\"WebSite\",\"@id\":\"https:\/\/koningdrone.be\/#website\",\"url\":\"https:\/\/koningdrone.be\/\",\"name\":\"Koningdrone.be - Uw online specialist in drones, gimbals, camera's en power stations.\",\"description\":\"De webshop in drones en gimbals\",\"publisher\":{\"@id\":\"https:\/\/koningdrone.be\/#organization\"},\"potentialAction\":[{\"@type\":\"SearchAction\",\"target\":{\"@type\":\"EntryPoint\",\"urlTemplate\":\"https:\/\/koningdrone.be\/?s={search_term_string}\"},\"query-input\":{\"@type\":\"PropertyValueSpecification\",\"valueRequired\":true,\"valueName\":\"search_term_string\"}}],\"inLanguage\":\"de\"},{\"@type\":\"Organization\",\"@id\":\"https:\/\/koningdrone.be\/#organization\",\"name\":\"Koningdrone.be\",\"url\":\"https:\/\/koningdrone.be\/\",\"logo\":{\"@type\":\"ImageObject\",\"inLanguage\":\"de\",\"@id\":\"https:\/\/koningdrone.be\/#\/schema\/logo\/image\/\",\"url\":\"https:\/\/koningdrone.be\/wp-content\/uploads\/sites\/13\/2025\/04\/koningdrone-copyright-logo.svg\",\"contentUrl\":\"https:\/\/koningdrone.be\/wp-content\/uploads\/sites\/13\/2025\/04\/koningdrone-copyright-logo.svg\",\"width\":227,\"height\":38,\"caption\":\"Koningdrone.be\"},\"image\":{\"@id\":\"https:\/\/koningdrone.be\/#\/schema\/logo\/image\/\"}}]}<\/script>\n<!-- \/ Yoast SEO Premium plugin. -->","yoast_head_json":{"title":"Ecoflow DELTA Pro+600W Micro Inverter bundle - koningdrone.be","robots":{"index":"index","follow":"follow","max-snippet":"max-snippet:-1","max-image-preview":"max-image-preview:large","max-video-preview":"max-video-preview:-1"},"canonical":"https:\/\/koningdrone.be\/de\/produkt\/ecoflow-delta-pro600w-micro-inverter-bundle\/","og_locale":"de_DE","og_type":"article","og_title":"Ecoflow DELTA Pro+600W Micro Inverter bundle","og_description":"De EcoFlow DELTA Pro Power Station &#8211; EU-versie is een modulair energieopslagsysteem dat speciaal is ontworpen voor thuisgebruik. Deze LiFePO4 accu heeft een capaciteit van 3600 Wh en kan worden uitgebreid tot 25 kWh met extra accu&#8217;s en slimme generatoren. Het bijbehorende Smarthome-paneel van Ecoflow (exclusief verkrijgbaar in 2022) kan worden ge\u00efntegreerd in de meterkast [&hellip;]","og_url":"https:\/\/koningdrone.be\/de\/produkt\/ecoflow-delta-pro600w-micro-inverter-bundle\/","og_site_name":"koningdrone.be","article_modified_time":"2026-04-29T12:30:10+00:00","og_image":[{"width":1600,"height":800,"url":"https:\/\/koningdrone.be\/wp-content\/uploads\/sites\/13\/2025\/04\/5706649033472-1.jpg","type":"image\/jpeg"}],"twitter_card":"summary_large_image","twitter_misc":{"Gesch\u00e4tzte Lesezeit":"1\u00a0Minute"},"schema":{"@context":"https:\/\/schema.org","@graph":[{"@type":"WebPage","@id":"https:\/\/koningdrone.be\/product\/ecoflow-delta-pro600w-micro-inverter-bundle\/","url":"https:\/\/koningdrone.be\/product\/ecoflow-delta-pro600w-micro-inverter-bundle\/","name":"Ecoflow DELTA Pro+600W Micro Inverter bundle - koningdrone.be","isPartOf":{"@id":"https:\/\/koningdrone.be\/#website"},"primaryImageOfPage":{"@id":"https:\/\/koningdrone.be\/product\/ecoflow-delta-pro600w-micro-inverter-bundle\/#primaryimage"},"image":{"@id":"https:\/\/koningdrone.be\/product\/ecoflow-delta-pro600w-micro-inverter-bundle\/#primaryimage"},"thumbnailUrl":"https:\/\/koningdrone.be\/wp-content\/uploads\/sites\/13\/2025\/04\/5706649033472-1.jpg","datePublished":"2023-07-05T11:44:55+00:00","dateModified":"2026-04-29T12:30:10+00:00","breadcrumb":{"@id":"https:\/\/koningdrone.be\/product\/ecoflow-delta-pro600w-micro-inverter-bundle\/#breadcrumb"},"inLanguage":"de","potentialAction":[{"@type":"ReadAction","target":["https:\/\/koningdrone.be\/product\/ecoflow-delta-pro600w-micro-inverter-bundle\/"]}]},{"@type":"ImageObject","inLanguage":"de","@id":"https:\/\/koningdrone.be\/product\/ecoflow-delta-pro600w-micro-inverter-bundle\/#primaryimage","url":"https:\/\/koningdrone.be\/wp-content\/uploads\/sites\/13\/2025\/04\/5706649033472-1.jpg","contentUrl":"https:\/\/koningdrone.be\/wp-content\/uploads\/sites\/13\/2025\/04\/5706649033472-1.jpg","width":1600,"height":800},{"@type":"BreadcrumbList","@id":"https:\/\/koningdrone.be\/product\/ecoflow-delta-pro600w-micro-inverter-bundle\/#breadcrumb","itemListElement":[{"@type":"ListItem","position":1,"name":"Home","item":"https:\/\/koningdrone.be\/"},{"@type":"ListItem","position":2,"name":"AVSS Parachute Recovery System for DJI Matrice 300\/350","item":"https:\/\/koningdrone.be\/product\/avss-parachute-recovery-system-for-dji-matrice-300-350\/"},{"@type":"ListItem","position":3,"name":"Alle powerstations","item":"https:\/\/koningdrone.be\/categorie\/alle-powerstations\/"},{"@type":"ListItem","position":4,"name":"Ecoflow DELTA Pro+600W Micro Inverter bundle"}]},{"@type":"WebSite","@id":"https:\/\/koningdrone.be\/#website","url":"https:\/\/koningdrone.be\/","name":"Koningdrone.be - Ihr Online-Spezialist f\u00fcr Drohnen, Gimbals, Kameras und Kraftwerke.","description":"Der Webshop f\u00fcr Drohnen und Gimbals","publisher":{"@id":"https:\/\/koningdrone.be\/#organization"},"potentialAction":[{"@type":"SearchAction","target":{"@type":"EntryPoint","urlTemplate":"https:\/\/koningdrone.be\/?s={search_term_string}"},"query-input":{"@type":"PropertyValueSpecification","valueRequired":true,"valueName":"search_term_string"}}],"inLanguage":"de"},{"@type":"Organization","@id":"https:\/\/koningdrone.be\/#organization","name":"Kingdrone.de","url":"https:\/\/koningdrone.be\/","logo":{"@type":"ImageObject","inLanguage":"de","@id":"https:\/\/koningdrone.be\/#\/schema\/logo\/image\/","url":"https:\/\/koningdrone.be\/wp-content\/uploads\/sites\/13\/2025\/04\/koningdrone-copyright-logo.svg","contentUrl":"https:\/\/koningdrone.be\/wp-content\/uploads\/sites\/13\/2025\/04\/koningdrone-copyright-logo.svg","width":227,"height":38,"caption":"Koningdrone.be"},"image":{"@id":"https:\/\/koningdrone.be\/#\/schema\/logo\/image\/"}}]}},"df_price":"","df_sale_price":"","df_regular_price":"","df_image_link":"https:\/\/koningdrone.be\/wp-content\/uploads\/sites\/13\/2025\/04\/5706649033472-1-300x150.jpg","_links":{"self":[{"href":"https:\/\/koningdrone.be\/de\/wp-json\/wp\/v2\/product\/4605","targetHints":{"allow":["GET"]}}],"collection":[{"href":"https:\/\/koningdrone.be\/de\/wp-json\/wp\/v2\/product"}],"about":[{"href":"https:\/\/koningdrone.be\/de\/wp-json\/wp\/v2\/types\/product"}],"wp:featuredmedia":[{"embeddable":true,"href":"https:\/\/koningdrone.be\/de\/wp-json\/wp\/v2\/media\/4603"}],"wp:attachment":[{"href":"https:\/\/koningdrone.be\/de\/wp-json\/wp\/v2\/media?parent=4605"}],"wp:term":[{"taxonomy":"product_brand","embeddable":true,"href":"https:\/\/koningdrone.be\/de\/wp-json\/wp\/v2\/product_brand?post=4605"},{"taxonomy":"product_cat","embeddable":true,"href":"https:\/\/koningdrone.be\/de\/wp-json\/wp\/v2\/product_cat?post=4605"},{"taxonomy":"product_tag","embeddable":true,"href":"https:\/\/koningdrone.be\/de\/wp-json\/wp\/v2\/product_tag?post=4605"}],"curies":[{"name":"wp","href":"https:\/\/api.w.org\/{rel}","templated":true}]}}