{"id":4602,"date":"2023-07-05T13:44:55","date_gmt":"2023-07-05T11:44:55","guid":{"rendered":"https:\/\/koningdrone.nl\/kon\/product\/ecoflow-60w-solar-panel\/"},"modified":"2026-04-29T14:21:11","modified_gmt":"2026-04-29T12:21:11","slug":"ecoflow-60w-solar-panel","status":"publish","type":"product","link":"https:\/\/koningdrone.be\/de\/produkt\/ecoflow-60w-solar-panel\/","title":{"rendered":"Ecoflow 60W Solarmodul"},"content":{"rendered":"<p>Das tragbare EcoFlow 60-Watt-Solarmodul ist eine leichte und praktische Option f\u00fcr den Einsatz beim Camping oder im Wohnmobil. Mit einem Gewicht von nur 3,2 Kilogramm und einem faltbaren Design ist es leicht zu transportieren.<\/p>\n<p><strong>Hohe Konversionsrate<\/strong><\/p>\n<p>Mit einem hohen Umwandlungsverh\u00e4ltnis von 23,4% kann das tragbare Kraftwerk RIVER 2 beispielsweise bei maximaler Sonneneinstrahlung in nur 5 Stunden vollst\u00e4ndig aufgeladen werden. Das neue faltbare Design erleichtert die Aufstellung und der Ladewinkel kann f\u00fcr maximale Effizienz angepasst werden.<\/p>\n<p><strong>Wetterfest<\/strong><\/p>\n<p>Das 60-Watt-Solarmodul ist mit wasserfesten Solarzellen und einer sch\u00fctzenden ETFE-Folie ausgestattet und h\u00e4lt allen Witterungsbedingungen stand - von feucht und nass bis hin zu trocken und staubig. Das Solarmodul wird mit einer Schutztasche geliefert, die gleichzeitig als stabiler St\u00e4nder dient. Es l\u00e4sst sich einfach \u00fcberall aufstellen und einstellen, um so viel Sonnenenergie wie m\u00f6glich einzufangen.<\/p>\n<p><strong>Umfassender Anschluss<\/strong><\/p>\n<p>Der Universalstecker erm\u00f6glicht den einfachen Anschluss an alle EcoFlow-Powerstations und die meisten Batterien anderer Hersteller. Wenn das tragbare 60-Watt-Solarmodul an eine EcoFlow Powerstation angeschlossen ist, ist es mit der Ecoflow-App kompatibel.<\/p>\n<p>&nbsp;<\/p>","protected":false},"excerpt":{"rendered":"<ul>\n<li>Typ der monokristallinen Zellen<\/li>\n<li>Geeignet f\u00fcr Camping\/Outdoor, Garten\/Terrasse<\/li>\n<li>Geeignete Ger\u00e4te Kraftwerk RIVER 2 usw.<\/li>\n<li>Gesamtleistung des Solarmoduls 60 Watt<\/li>\n<li>Ertrag 23.40%<\/li>\n<li>Leerlaufspannung 24,5 Volt<\/li>\n<li>Kurzschlussstrom 3,5A<\/li>\n<li>Stecker MC4 kompatibel<\/li>\n<li>Neigungswinkel einstellbar<\/li>\n<li>Schutzart IP68<\/li>\n<li>Funktion Schutztasche dient auch als stabiler St\u00e4nder<\/li>\n<li>Weitere Informationen Selbsttragend mit verstellbarem Winkel von 30\u00b0 - 60\u00b0, zusammengeklappt 38cm x 40cm<\/li>\n<li>Erh\u00e4ltliches Zubeh\u00f6r Benutzerhandbuch, MC4 &gt; XT60i Ladekabel (2,5 Meter), Tragetasche<\/li>\n<li>Abmessungen Breite: 400 mm x L\u00e4nge: 1.030 mm<\/li>\n<li>Gewicht 3,2 kg<\/li>\n<\/ul>","protected":false},"featured_media":4598,"template":"","meta":{"_acf_changed":false},"product_brand":[],"product_cat":[97,245,415,198],"product_tag":[],"class_list":{"0":"post-4602","1":"product","2":"type-product","3":"status-publish","4":"has-post-thumbnail","6":"product_cat-alle-producten","7":"product_cat-ecoflow","8":"product_cat-energy","9":"product_cat-zonnepanelen","10":"product_shipping_class-outofstock","11":"pa_afmetingen-opengevouwen-103-x-40-2-x-2-5-cm_x000d_-dichtgevouwen-38-x-40-2-x-2-5-cm","12":"pa_brand-ecoflow","13":"pa_gewicht-3-2-kg","14":"pa_materiaal-monocrystalline-silicon","15":"pa_productfamily-zonnepaneel","16":"pa_producttype-zonnepaneel","17":"pa_series-ecoflow","19":"first","20":"outofstock","21":"taxable","22":"shipping-taxable","23":"product-type-simple"},"acf":[],"yoast_head":"<!-- This site is optimized with the Yoast SEO Premium plugin v27.2 (Yoast SEO v27.2) - https:\/\/yoast.com\/product\/yoast-seo-premium-wordpress\/ -->\n<title>Ecoflow 60W Solar Panel - koningdrone.be<\/title>\n<meta name=\"robots\" content=\"index, follow, max-snippet:-1, max-image-preview:large, max-video-preview:-1\" \/>\n<link rel=\"canonical\" href=\"https:\/\/koningdrone.be\/de\/produkt\/ecoflow-60w-solar-panel\/\" \/>\n<meta property=\"og:locale\" content=\"de_DE\" \/>\n<meta property=\"og:type\" content=\"article\" \/>\n<meta property=\"og:title\" content=\"Ecoflow 60W Solar Panel\" \/>\n<meta property=\"og:description\" content=\"type monokristallijne cellen  Geschikt voor Camping\/outdoor, tuin\/terras  Geschikte apparaten Krachtcentrale RIVER 2 etc  totaal rendement zonnepanelen 60 watt  rendement 23,40%  nullastspanning 24,5 volt  kortsluitstroom 3,5A  Stekker MC4 compatibel  kantelhoek verstelbaar  Beschermingsgraad IP68  kenmerk Beschermtas doet ook dienst als stabiele standaard  Meer informatie Zelfdragend met hoek verstelbaar van 30\u00b0 - 60\u00b0, ingeklapte afmetingen 38cm x 40cm  Accessoires verkrijgbaar Gebruikershandleiding, MC4 &gt; XT60i oplaadkabel (2,5 meter), draagtas  Afmetingen Breedte: 400 mm x Lengte: 1.030 mm  Gewicht 3,2 kg\" \/>\n<meta property=\"og:url\" content=\"https:\/\/koningdrone.be\/de\/produkt\/ecoflow-60w-solar-panel\/\" \/>\n<meta property=\"og:site_name\" content=\"koningdrone.be\" \/>\n<meta property=\"article:modified_time\" content=\"2026-04-29T12:21:11+00:00\" \/>\n<meta property=\"og:image\" content=\"https:\/\/koningdrone.be\/wp-content\/uploads\/sites\/13\/2025\/04\/4897082661368-1.jpg\" \/>\n\t<meta property=\"og:image:width\" content=\"1866\" \/>\n\t<meta property=\"og:image:height\" content=\"1866\" \/>\n\t<meta property=\"og:image:type\" content=\"image\/jpeg\" \/>\n<meta name=\"twitter:card\" content=\"summary_large_image\" \/>\n<meta name=\"twitter:label1\" content=\"Gesch\u00e4tzte Lesezeit\" \/>\n\t<meta name=\"twitter:data1\" content=\"1\u00a0Minute\" \/>\n<script type=\"application\/ld+json\" class=\"yoast-schema-graph\">{\"@context\":\"https:\/\/schema.org\",\"@graph\":[{\"@type\":\"WebPage\",\"@id\":\"https:\/\/koningdrone.be\/product\/ecoflow-60w-solar-panel\/\",\"url\":\"https:\/\/koningdrone.be\/product\/ecoflow-60w-solar-panel\/\",\"name\":\"Ecoflow 60W Solar Panel - koningdrone.be\",\"isPartOf\":{\"@id\":\"https:\/\/koningdrone.be\/#website\"},\"primaryImageOfPage\":{\"@id\":\"https:\/\/koningdrone.be\/product\/ecoflow-60w-solar-panel\/#primaryimage\"},\"image\":{\"@id\":\"https:\/\/koningdrone.be\/product\/ecoflow-60w-solar-panel\/#primaryimage\"},\"thumbnailUrl\":\"https:\/\/koningdrone.be\/wp-content\/uploads\/sites\/13\/2025\/04\/4897082661368-1.jpg\",\"datePublished\":\"2023-07-05T11:44:55+00:00\",\"dateModified\":\"2026-04-29T12:21:11+00:00\",\"breadcrumb\":{\"@id\":\"https:\/\/koningdrone.be\/product\/ecoflow-60w-solar-panel\/#breadcrumb\"},\"inLanguage\":\"de\",\"potentialAction\":[{\"@type\":\"ReadAction\",\"target\":[\"https:\/\/koningdrone.be\/product\/ecoflow-60w-solar-panel\/\"]}]},{\"@type\":\"ImageObject\",\"inLanguage\":\"de\",\"@id\":\"https:\/\/koningdrone.be\/product\/ecoflow-60w-solar-panel\/#primaryimage\",\"url\":\"https:\/\/koningdrone.be\/wp-content\/uploads\/sites\/13\/2025\/04\/4897082661368-1.jpg\",\"contentUrl\":\"https:\/\/koningdrone.be\/wp-content\/uploads\/sites\/13\/2025\/04\/4897082661368-1.jpg\",\"width\":1866,\"height\":1866},{\"@type\":\"BreadcrumbList\",\"@id\":\"https:\/\/koningdrone.be\/product\/ecoflow-60w-solar-panel\/#breadcrumb\",\"itemListElement\":[{\"@type\":\"ListItem\",\"position\":1,\"name\":\"Home\",\"item\":\"https:\/\/koningdrone.be\/\"},{\"@type\":\"ListItem\",\"position\":2,\"name\":\"AVSS Parachute Recovery System for DJI Matrice 300\/350\",\"item\":\"https:\/\/koningdrone.be\/product\/avss-parachute-recovery-system-for-dji-matrice-300-350\/\"},{\"@type\":\"ListItem\",\"position\":3,\"name\":\"Alle producten\",\"item\":\"https:\/\/koningdrone.be\/categorie\/alle-producten\/\"},{\"@type\":\"ListItem\",\"position\":4,\"name\":\"Ecoflow 60W Solar Panel\"}]},{\"@type\":\"WebSite\",\"@id\":\"https:\/\/koningdrone.be\/#website\",\"url\":\"https:\/\/koningdrone.be\/\",\"name\":\"Koningdrone.be - Uw online specialist in drones, gimbals, camera's en power stations.\",\"description\":\"De webshop in drones en gimbals\",\"publisher\":{\"@id\":\"https:\/\/koningdrone.be\/#organization\"},\"potentialAction\":[{\"@type\":\"SearchAction\",\"target\":{\"@type\":\"EntryPoint\",\"urlTemplate\":\"https:\/\/koningdrone.be\/?s={search_term_string}\"},\"query-input\":{\"@type\":\"PropertyValueSpecification\",\"valueRequired\":true,\"valueName\":\"search_term_string\"}}],\"inLanguage\":\"de\"},{\"@type\":\"Organization\",\"@id\":\"https:\/\/koningdrone.be\/#organization\",\"name\":\"Koningdrone.be\",\"url\":\"https:\/\/koningdrone.be\/\",\"logo\":{\"@type\":\"ImageObject\",\"inLanguage\":\"de\",\"@id\":\"https:\/\/koningdrone.be\/#\/schema\/logo\/image\/\",\"url\":\"https:\/\/koningdrone.be\/wp-content\/uploads\/sites\/13\/2025\/04\/koningdrone-copyright-logo.svg\",\"contentUrl\":\"https:\/\/koningdrone.be\/wp-content\/uploads\/sites\/13\/2025\/04\/koningdrone-copyright-logo.svg\",\"width\":227,\"height\":38,\"caption\":\"Koningdrone.be\"},\"image\":{\"@id\":\"https:\/\/koningdrone.be\/#\/schema\/logo\/image\/\"}}]}<\/script>\n<!-- \/ Yoast SEO Premium plugin. -->","yoast_head_json":{"title":"Ecoflow 60W Solar Panel - koningdrone.be","robots":{"index":"index","follow":"follow","max-snippet":"max-snippet:-1","max-image-preview":"max-image-preview:large","max-video-preview":"max-video-preview:-1"},"canonical":"https:\/\/koningdrone.be\/de\/produkt\/ecoflow-60w-solar-panel\/","og_locale":"de_DE","og_type":"article","og_title":"Ecoflow 60W Solar Panel","og_description":"type monokristallijne cellen  Geschikt voor Camping\/outdoor, tuin\/terras  Geschikte apparaten Krachtcentrale RIVER 2 etc  totaal rendement zonnepanelen 60 watt  rendement 23,40%  nullastspanning 24,5 volt  kortsluitstroom 3,5A  Stekker MC4 compatibel  kantelhoek verstelbaar  Beschermingsgraad IP68  kenmerk Beschermtas doet ook dienst als stabiele standaard  Meer informatie Zelfdragend met hoek verstelbaar van 30\u00b0 - 60\u00b0, ingeklapte afmetingen 38cm x 40cm  Accessoires verkrijgbaar Gebruikershandleiding, MC4 &gt; XT60i oplaadkabel (2,5 meter), draagtas  Afmetingen Breedte: 400 mm x Lengte: 1.030 mm  Gewicht 3,2 kg","og_url":"https:\/\/koningdrone.be\/de\/produkt\/ecoflow-60w-solar-panel\/","og_site_name":"koningdrone.be","article_modified_time":"2026-04-29T12:21:11+00:00","og_image":[{"width":1866,"height":1866,"url":"https:\/\/koningdrone.be\/wp-content\/uploads\/sites\/13\/2025\/04\/4897082661368-1.jpg","type":"image\/jpeg"}],"twitter_card":"summary_large_image","twitter_misc":{"Gesch\u00e4tzte Lesezeit":"1\u00a0Minute"},"schema":{"@context":"https:\/\/schema.org","@graph":[{"@type":"WebPage","@id":"https:\/\/koningdrone.be\/product\/ecoflow-60w-solar-panel\/","url":"https:\/\/koningdrone.be\/product\/ecoflow-60w-solar-panel\/","name":"Ecoflow 60W Solar Panel - koningdrone.be","isPartOf":{"@id":"https:\/\/koningdrone.be\/#website"},"primaryImageOfPage":{"@id":"https:\/\/koningdrone.be\/product\/ecoflow-60w-solar-panel\/#primaryimage"},"image":{"@id":"https:\/\/koningdrone.be\/product\/ecoflow-60w-solar-panel\/#primaryimage"},"thumbnailUrl":"https:\/\/koningdrone.be\/wp-content\/uploads\/sites\/13\/2025\/04\/4897082661368-1.jpg","datePublished":"2023-07-05T11:44:55+00:00","dateModified":"2026-04-29T12:21:11+00:00","breadcrumb":{"@id":"https:\/\/koningdrone.be\/product\/ecoflow-60w-solar-panel\/#breadcrumb"},"inLanguage":"de","potentialAction":[{"@type":"ReadAction","target":["https:\/\/koningdrone.be\/product\/ecoflow-60w-solar-panel\/"]}]},{"@type":"ImageObject","inLanguage":"de","@id":"https:\/\/koningdrone.be\/product\/ecoflow-60w-solar-panel\/#primaryimage","url":"https:\/\/koningdrone.be\/wp-content\/uploads\/sites\/13\/2025\/04\/4897082661368-1.jpg","contentUrl":"https:\/\/koningdrone.be\/wp-content\/uploads\/sites\/13\/2025\/04\/4897082661368-1.jpg","width":1866,"height":1866},{"@type":"BreadcrumbList","@id":"https:\/\/koningdrone.be\/product\/ecoflow-60w-solar-panel\/#breadcrumb","itemListElement":[{"@type":"ListItem","position":1,"name":"Home","item":"https:\/\/koningdrone.be\/"},{"@type":"ListItem","position":2,"name":"AVSS Parachute Recovery System for DJI Matrice 300\/350","item":"https:\/\/koningdrone.be\/product\/avss-parachute-recovery-system-for-dji-matrice-300-350\/"},{"@type":"ListItem","position":3,"name":"Alle producten","item":"https:\/\/koningdrone.be\/categorie\/alle-producten\/"},{"@type":"ListItem","position":4,"name":"Ecoflow 60W Solar Panel"}]},{"@type":"WebSite","@id":"https:\/\/koningdrone.be\/#website","url":"https:\/\/koningdrone.be\/","name":"Koningdrone.be - Ihr Online-Spezialist f\u00fcr Drohnen, Gimbals, Kameras und Kraftwerke.","description":"Der Webshop f\u00fcr Drohnen und Gimbals","publisher":{"@id":"https:\/\/koningdrone.be\/#organization"},"potentialAction":[{"@type":"SearchAction","target":{"@type":"EntryPoint","urlTemplate":"https:\/\/koningdrone.be\/?s={search_term_string}"},"query-input":{"@type":"PropertyValueSpecification","valueRequired":true,"valueName":"search_term_string"}}],"inLanguage":"de"},{"@type":"Organization","@id":"https:\/\/koningdrone.be\/#organization","name":"Kingdrone.de","url":"https:\/\/koningdrone.be\/","logo":{"@type":"ImageObject","inLanguage":"de","@id":"https:\/\/koningdrone.be\/#\/schema\/logo\/image\/","url":"https:\/\/koningdrone.be\/wp-content\/uploads\/sites\/13\/2025\/04\/koningdrone-copyright-logo.svg","contentUrl":"https:\/\/koningdrone.be\/wp-content\/uploads\/sites\/13\/2025\/04\/koningdrone-copyright-logo.svg","width":227,"height":38,"caption":"Koningdrone.be"},"image":{"@id":"https:\/\/koningdrone.be\/#\/schema\/logo\/image\/"}}]}},"df_price":"","df_sale_price":"","df_regular_price":"","df_image_link":"https:\/\/koningdrone.be\/wp-content\/uploads\/sites\/13\/2025\/04\/4897082661368-1-300x300.jpg","_links":{"self":[{"href":"https:\/\/koningdrone.be\/de\/wp-json\/wp\/v2\/product\/4602","targetHints":{"allow":["GET"]}}],"collection":[{"href":"https:\/\/koningdrone.be\/de\/wp-json\/wp\/v2\/product"}],"about":[{"href":"https:\/\/koningdrone.be\/de\/wp-json\/wp\/v2\/types\/product"}],"wp:featuredmedia":[{"embeddable":true,"href":"https:\/\/koningdrone.be\/de\/wp-json\/wp\/v2\/media\/4598"}],"wp:attachment":[{"href":"https:\/\/koningdrone.be\/de\/wp-json\/wp\/v2\/media?parent=4602"}],"wp:term":[{"taxonomy":"product_brand","embeddable":true,"href":"https:\/\/koningdrone.be\/de\/wp-json\/wp\/v2\/product_brand?post=4602"},{"taxonomy":"product_cat","embeddable":true,"href":"https:\/\/koningdrone.be\/de\/wp-json\/wp\/v2\/product_cat?post=4602"},{"taxonomy":"product_tag","embeddable":true,"href":"https:\/\/koningdrone.be\/de\/wp-json\/wp\/v2\/product_tag?post=4602"}],"curies":[{"name":"wp","href":"https:\/\/api.w.org\/{rel}","templated":true}]}}