{"id":4586,"date":"2023-07-05T13:44:55","date_gmt":"2023-07-05T11:44:55","guid":{"rendered":"https:\/\/koningdrone.nl\/kon\/product\/ecoflow-delta-max-1600-delta-max-smart-extra-battery\/"},"modified":"2026-04-29T14:30:12","modified_gmt":"2026-04-29T12:30:12","slug":"ecoflow-delta-max-1600-delta-max-smart-extra-battery","status":"publish","type":"product","link":"https:\/\/koningdrone.be\/de\/produkt\/ecoflow-delta-max-1600-delta-max-smart-extra-battery\/","title":{"rendered":"Ecoflow DELTA Max (1600) + DELTA Max SMART EXTRA BATTERIE"},"content":{"rendered":"<p>Der EcoFlow DELTA Max (1600) bietet eine unglaubliche Akkukapazit\u00e4t von 1612 Wh und hat dank der X-Boost-Technologie eine maximale Ausgangsleistung von 2800 W. Mit 4 AC-Anschl\u00fcssen, 2 USB-A- und 2 USB-C-Anschl\u00fcssen und 2 DC5521-Anschl\u00fcssen bietet dieser leistungsstarke tragbare Stromerzeuger gen\u00fcgend Anschlussm\u00f6glichkeiten f\u00fcr alle Ihre Ger\u00e4te. Au\u00dferdem unterst\u00fctzt er das Schnellladen \u00fcber mehrere Anschl\u00fcsse und verf\u00fcgt \u00fcber eine drahtlose Wi-Fi-Konnektivit\u00e4t.<\/p>\n<p><strong>Merkmale des EcoFlow DELTA Max<\/strong><\/p>\n<p>Das Gewicht der EcoFlow DELTA Max betr\u00e4gt etwa 21,7 kg, und sie unterst\u00fctzt bis zu zwei zus\u00e4tzliche Batterien f\u00fcr noch mehr Leistung. Mit einer Lebensdauer von 500 Zyklen bis zu einer Kapazit\u00e4t von 80% und einer 1-Jahres-Garantie nach vollst\u00e4ndiger Aufladung bietet die DELTA Max eine dauerhafte und zuverl\u00e4ssige Stromversorgung. Mit den Ma\u00dfen 500 x 240 x 308 mm ist der DELTA Max tragbar und bequem zu bedienen, so dass Sie \u00fcberall und jederzeit Zugang zu Strom haben.<\/p>\n<p><strong>Technische Daten des EcoFlow DELTA Max<\/strong><\/p>\n<p>Die Spezifikationen des DELTA Max garantieren eine beeindruckende Kapazit\u00e4t von 2016Wh und eine Lebensdauer von 800 Zyklen bei 80% Kapazit\u00e4t. Mit der NCM-Batteriechemie und einem Nettogewicht von etwa 18 kg ist dies eine robuste und langlebige tragbare Energiel\u00f6sung.<\/p>\n<p><\/p>","protected":false},"excerpt":{"rendered":"<ul>\n<li>Notstrom f\u00fcr das Haus: DELTA Max l\u00e4sst sich mit intelligenten Zusatzbatterien auf 6 kWh erweitern, damit Ihr Haus im Notfall mit Strom versorgt ist.<\/li>\n<li>Schnelle Doppelladung: 0-80% in 1 Stunde aufladen. Oder erreichen Sie Geschwindigkeiten von bis zu 3600 W durch die Kombination von AC-Laden mit dem EcoFlow Smart Generator.<\/li>\n<li>Mehrere Ger\u00e4te mit Strom versorgen: Sie suchen etwas, um schwere Ger\u00e4te wie Ihren K\u00fchlschrank und Trockner mit Strom zu versorgen? Mit X-Boost kann DELTA Max Ger\u00e4te bis zu 3000 W mit Leichtigkeit versorgen.<\/li>\n<li>Tragbarer Solargenerator: Bleiben Sie immer eingeschaltet, egal was passiert. DELTA Max kann an bis zu 2 EcoFlow-Solarmodule mit je 400 W angeschlossen werden und liefert eine maximale Solarladeleistung von 800 W.<\/li>\n<\/ul>","protected":false},"featured_media":4584,"template":"","meta":{"_acf_changed":false},"product_brand":[],"product_cat":[97,245,415],"product_tag":[],"class_list":{"0":"post-4586","1":"product","2":"type-product","3":"status-publish","4":"has-post-thumbnail","6":"product_cat-alle-producten","7":"product_cat-ecoflow","8":"product_cat-energy","9":"product_shipping_class-outofstock","10":"pa_brand-ecoflow","11":"pa_productfamily-generator","12":"pa_producttype-generator","13":"pa_series-delta-max","15":"first","16":"outofstock","17":"taxable","18":"shipping-taxable","19":"product-type-simple"},"acf":[],"yoast_head":"<!-- This site is optimized with the Yoast SEO Premium plugin v27.2 (Yoast SEO v27.2) - https:\/\/yoast.com\/product\/yoast-seo-premium-wordpress\/ -->\n<title>Ecoflow DELTA Max (1600) + DELTA Max SMART EXTRA BATTERY - koningdrone.be<\/title>\n<meta name=\"robots\" content=\"index, follow, max-snippet:-1, max-image-preview:large, max-video-preview:-1\" \/>\n<link rel=\"canonical\" href=\"https:\/\/koningdrone.be\/de\/produkt\/ecoflow-delta-max-1600-delta-max-smart-extra-battery\/\" \/>\n<meta property=\"og:locale\" content=\"de_DE\" \/>\n<meta property=\"og:type\" content=\"article\" \/>\n<meta property=\"og:title\" content=\"Ecoflow DELTA Max (1600) + DELTA Max SMART EXTRA BATTERY\" \/>\n<meta property=\"og:description\" content=\"Noodstroom voor thuis: DELTA Max breidt uit tot 6 kWh met slimme extra batterijen, zodat uw huis in geval van nood van stroom blijft voorzien.Snel dubbel opladen: opladen van 0-80% in 1 uur. Of haal snelheden tot 3600 W door AC-opladen te combineren met de EcoFlow Smart Generator.Meerdere apparaten van stroom voorzien: op zoek naar iets om zware apparaten zoals uw koelkast en droger van stroom te voorzien? Met X-Boost kan DELTA Max apparaten tot 3000 W met gemak aan.Draagbare zonnegenerator: Blijf altijd ingeschakeld, wat er ook gebeurt. DELTA Max maakt verbinding met maximaal 2x 400W EcoFlow-zonnepanelen om 800W Max zonnelaadsnelheden te leveren.\" \/>\n<meta property=\"og:url\" content=\"https:\/\/koningdrone.be\/de\/produkt\/ecoflow-delta-max-1600-delta-max-smart-extra-battery\/\" \/>\n<meta property=\"og:site_name\" content=\"koningdrone.be\" \/>\n<meta property=\"article:modified_time\" content=\"2026-04-29T12:30:12+00:00\" \/>\n<meta property=\"og:image\" content=\"https:\/\/koningdrone.be\/wp-content\/uploads\/sites\/13\/2025\/04\/5706649033113-1.jpg\" \/>\n\t<meta property=\"og:image:width\" content=\"2048\" \/>\n\t<meta property=\"og:image:height\" content=\"2048\" \/>\n\t<meta property=\"og:image:type\" content=\"image\/jpeg\" \/>\n<meta name=\"twitter:card\" content=\"summary_large_image\" \/>\n<meta name=\"twitter:label1\" content=\"Gesch\u00e4tzte Lesezeit\" \/>\n\t<meta name=\"twitter:data1\" content=\"1\u00a0Minute\" \/>\n<script type=\"application\/ld+json\" class=\"yoast-schema-graph\">{\"@context\":\"https:\/\/schema.org\",\"@graph\":[{\"@type\":\"WebPage\",\"@id\":\"https:\/\/koningdrone.be\/product\/ecoflow-delta-max-1600-delta-max-smart-extra-battery\/\",\"url\":\"https:\/\/koningdrone.be\/product\/ecoflow-delta-max-1600-delta-max-smart-extra-battery\/\",\"name\":\"Ecoflow DELTA Max (1600) + DELTA Max SMART EXTRA BATTERY - koningdrone.be\",\"isPartOf\":{\"@id\":\"https:\/\/koningdrone.be\/#website\"},\"primaryImageOfPage\":{\"@id\":\"https:\/\/koningdrone.be\/product\/ecoflow-delta-max-1600-delta-max-smart-extra-battery\/#primaryimage\"},\"image\":{\"@id\":\"https:\/\/koningdrone.be\/product\/ecoflow-delta-max-1600-delta-max-smart-extra-battery\/#primaryimage\"},\"thumbnailUrl\":\"https:\/\/koningdrone.be\/wp-content\/uploads\/sites\/13\/2025\/04\/5706649033113-1.jpg\",\"datePublished\":\"2023-07-05T11:44:55+00:00\",\"dateModified\":\"2026-04-29T12:30:12+00:00\",\"breadcrumb\":{\"@id\":\"https:\/\/koningdrone.be\/product\/ecoflow-delta-max-1600-delta-max-smart-extra-battery\/#breadcrumb\"},\"inLanguage\":\"de\",\"potentialAction\":[{\"@type\":\"ReadAction\",\"target\":[\"https:\/\/koningdrone.be\/product\/ecoflow-delta-max-1600-delta-max-smart-extra-battery\/\"]}]},{\"@type\":\"ImageObject\",\"inLanguage\":\"de\",\"@id\":\"https:\/\/koningdrone.be\/product\/ecoflow-delta-max-1600-delta-max-smart-extra-battery\/#primaryimage\",\"url\":\"https:\/\/koningdrone.be\/wp-content\/uploads\/sites\/13\/2025\/04\/5706649033113-1.jpg\",\"contentUrl\":\"https:\/\/koningdrone.be\/wp-content\/uploads\/sites\/13\/2025\/04\/5706649033113-1.jpg\",\"width\":2048,\"height\":2048},{\"@type\":\"BreadcrumbList\",\"@id\":\"https:\/\/koningdrone.be\/product\/ecoflow-delta-max-1600-delta-max-smart-extra-battery\/#breadcrumb\",\"itemListElement\":[{\"@type\":\"ListItem\",\"position\":1,\"name\":\"Home\",\"item\":\"https:\/\/koningdrone.be\/\"},{\"@type\":\"ListItem\",\"position\":2,\"name\":\"AVSS Parachute Recovery System for DJI Matrice 300\/350\",\"item\":\"https:\/\/koningdrone.be\/product\/avss-parachute-recovery-system-for-dji-matrice-300-350\/\"},{\"@type\":\"ListItem\",\"position\":3,\"name\":\"Alle producten\",\"item\":\"https:\/\/koningdrone.be\/categorie\/alle-producten\/\"},{\"@type\":\"ListItem\",\"position\":4,\"name\":\"Ecoflow DELTA Max (1600) + DELTA Max SMART EXTRA BATTERY\"}]},{\"@type\":\"WebSite\",\"@id\":\"https:\/\/koningdrone.be\/#website\",\"url\":\"https:\/\/koningdrone.be\/\",\"name\":\"Koningdrone.be - Uw online specialist in drones, gimbals, camera's en power stations.\",\"description\":\"De webshop in drones en gimbals\",\"publisher\":{\"@id\":\"https:\/\/koningdrone.be\/#organization\"},\"potentialAction\":[{\"@type\":\"SearchAction\",\"target\":{\"@type\":\"EntryPoint\",\"urlTemplate\":\"https:\/\/koningdrone.be\/?s={search_term_string}\"},\"query-input\":{\"@type\":\"PropertyValueSpecification\",\"valueRequired\":true,\"valueName\":\"search_term_string\"}}],\"inLanguage\":\"de\"},{\"@type\":\"Organization\",\"@id\":\"https:\/\/koningdrone.be\/#organization\",\"name\":\"Koningdrone.be\",\"url\":\"https:\/\/koningdrone.be\/\",\"logo\":{\"@type\":\"ImageObject\",\"inLanguage\":\"de\",\"@id\":\"https:\/\/koningdrone.be\/#\/schema\/logo\/image\/\",\"url\":\"https:\/\/koningdrone.be\/wp-content\/uploads\/sites\/13\/2025\/04\/koningdrone-copyright-logo.svg\",\"contentUrl\":\"https:\/\/koningdrone.be\/wp-content\/uploads\/sites\/13\/2025\/04\/koningdrone-copyright-logo.svg\",\"width\":227,\"height\":38,\"caption\":\"Koningdrone.be\"},\"image\":{\"@id\":\"https:\/\/koningdrone.be\/#\/schema\/logo\/image\/\"}}]}<\/script>\n<!-- \/ Yoast SEO Premium plugin. -->","yoast_head_json":{"title":"Ecoflow DELTA Max (1600) + DELTA Max SMART EXTRA BATTERY - koningdrone.be","robots":{"index":"index","follow":"follow","max-snippet":"max-snippet:-1","max-image-preview":"max-image-preview:large","max-video-preview":"max-video-preview:-1"},"canonical":"https:\/\/koningdrone.be\/de\/produkt\/ecoflow-delta-max-1600-delta-max-smart-extra-battery\/","og_locale":"de_DE","og_type":"article","og_title":"Ecoflow DELTA Max (1600) + DELTA Max SMART EXTRA BATTERY","og_description":"Noodstroom voor thuis: DELTA Max breidt uit tot 6 kWh met slimme extra batterijen, zodat uw huis in geval van nood van stroom blijft voorzien.Snel dubbel opladen: opladen van 0-80% in 1 uur. Of haal snelheden tot 3600 W door AC-opladen te combineren met de EcoFlow Smart Generator.Meerdere apparaten van stroom voorzien: op zoek naar iets om zware apparaten zoals uw koelkast en droger van stroom te voorzien? Met X-Boost kan DELTA Max apparaten tot 3000 W met gemak aan.Draagbare zonnegenerator: Blijf altijd ingeschakeld, wat er ook gebeurt. DELTA Max maakt verbinding met maximaal 2x 400W EcoFlow-zonnepanelen om 800W Max zonnelaadsnelheden te leveren.","og_url":"https:\/\/koningdrone.be\/de\/produkt\/ecoflow-delta-max-1600-delta-max-smart-extra-battery\/","og_site_name":"koningdrone.be","article_modified_time":"2026-04-29T12:30:12+00:00","og_image":[{"width":2048,"height":2048,"url":"https:\/\/koningdrone.be\/wp-content\/uploads\/sites\/13\/2025\/04\/5706649033113-1.jpg","type":"image\/jpeg"}],"twitter_card":"summary_large_image","twitter_misc":{"Gesch\u00e4tzte Lesezeit":"1\u00a0Minute"},"schema":{"@context":"https:\/\/schema.org","@graph":[{"@type":"WebPage","@id":"https:\/\/koningdrone.be\/product\/ecoflow-delta-max-1600-delta-max-smart-extra-battery\/","url":"https:\/\/koningdrone.be\/product\/ecoflow-delta-max-1600-delta-max-smart-extra-battery\/","name":"Ecoflow DELTA Max (1600) + DELTA Max SMART EXTRA BATTERY - koningdrone.be","isPartOf":{"@id":"https:\/\/koningdrone.be\/#website"},"primaryImageOfPage":{"@id":"https:\/\/koningdrone.be\/product\/ecoflow-delta-max-1600-delta-max-smart-extra-battery\/#primaryimage"},"image":{"@id":"https:\/\/koningdrone.be\/product\/ecoflow-delta-max-1600-delta-max-smart-extra-battery\/#primaryimage"},"thumbnailUrl":"https:\/\/koningdrone.be\/wp-content\/uploads\/sites\/13\/2025\/04\/5706649033113-1.jpg","datePublished":"2023-07-05T11:44:55+00:00","dateModified":"2026-04-29T12:30:12+00:00","breadcrumb":{"@id":"https:\/\/koningdrone.be\/product\/ecoflow-delta-max-1600-delta-max-smart-extra-battery\/#breadcrumb"},"inLanguage":"de","potentialAction":[{"@type":"ReadAction","target":["https:\/\/koningdrone.be\/product\/ecoflow-delta-max-1600-delta-max-smart-extra-battery\/"]}]},{"@type":"ImageObject","inLanguage":"de","@id":"https:\/\/koningdrone.be\/product\/ecoflow-delta-max-1600-delta-max-smart-extra-battery\/#primaryimage","url":"https:\/\/koningdrone.be\/wp-content\/uploads\/sites\/13\/2025\/04\/5706649033113-1.jpg","contentUrl":"https:\/\/koningdrone.be\/wp-content\/uploads\/sites\/13\/2025\/04\/5706649033113-1.jpg","width":2048,"height":2048},{"@type":"BreadcrumbList","@id":"https:\/\/koningdrone.be\/product\/ecoflow-delta-max-1600-delta-max-smart-extra-battery\/#breadcrumb","itemListElement":[{"@type":"ListItem","position":1,"name":"Home","item":"https:\/\/koningdrone.be\/"},{"@type":"ListItem","position":2,"name":"AVSS Parachute Recovery System for DJI Matrice 300\/350","item":"https:\/\/koningdrone.be\/product\/avss-parachute-recovery-system-for-dji-matrice-300-350\/"},{"@type":"ListItem","position":3,"name":"Alle producten","item":"https:\/\/koningdrone.be\/categorie\/alle-producten\/"},{"@type":"ListItem","position":4,"name":"Ecoflow DELTA Max (1600) + DELTA Max SMART EXTRA BATTERY"}]},{"@type":"WebSite","@id":"https:\/\/koningdrone.be\/#website","url":"https:\/\/koningdrone.be\/","name":"Koningdrone.be - Ihr Online-Spezialist f\u00fcr Drohnen, Gimbals, Kameras und Kraftwerke.","description":"Der Webshop f\u00fcr Drohnen und Gimbals","publisher":{"@id":"https:\/\/koningdrone.be\/#organization"},"potentialAction":[{"@type":"SearchAction","target":{"@type":"EntryPoint","urlTemplate":"https:\/\/koningdrone.be\/?s={search_term_string}"},"query-input":{"@type":"PropertyValueSpecification","valueRequired":true,"valueName":"search_term_string"}}],"inLanguage":"de"},{"@type":"Organization","@id":"https:\/\/koningdrone.be\/#organization","name":"Kingdrone.de","url":"https:\/\/koningdrone.be\/","logo":{"@type":"ImageObject","inLanguage":"de","@id":"https:\/\/koningdrone.be\/#\/schema\/logo\/image\/","url":"https:\/\/koningdrone.be\/wp-content\/uploads\/sites\/13\/2025\/04\/koningdrone-copyright-logo.svg","contentUrl":"https:\/\/koningdrone.be\/wp-content\/uploads\/sites\/13\/2025\/04\/koningdrone-copyright-logo.svg","width":227,"height":38,"caption":"Koningdrone.be"},"image":{"@id":"https:\/\/koningdrone.be\/#\/schema\/logo\/image\/"}}]}},"df_price":"","df_sale_price":"","df_regular_price":"","df_image_link":"https:\/\/koningdrone.be\/wp-content\/uploads\/sites\/13\/2025\/04\/5706649033113-1-300x300.jpg","_links":{"self":[{"href":"https:\/\/koningdrone.be\/de\/wp-json\/wp\/v2\/product\/4586","targetHints":{"allow":["GET"]}}],"collection":[{"href":"https:\/\/koningdrone.be\/de\/wp-json\/wp\/v2\/product"}],"about":[{"href":"https:\/\/koningdrone.be\/de\/wp-json\/wp\/v2\/types\/product"}],"wp:featuredmedia":[{"embeddable":true,"href":"https:\/\/koningdrone.be\/de\/wp-json\/wp\/v2\/media\/4584"}],"wp:attachment":[{"href":"https:\/\/koningdrone.be\/de\/wp-json\/wp\/v2\/media?parent=4586"}],"wp:term":[{"taxonomy":"product_brand","embeddable":true,"href":"https:\/\/koningdrone.be\/de\/wp-json\/wp\/v2\/product_brand?post=4586"},{"taxonomy":"product_cat","embeddable":true,"href":"https:\/\/koningdrone.be\/de\/wp-json\/wp\/v2\/product_cat?post=4586"},{"taxonomy":"product_tag","embeddable":true,"href":"https:\/\/koningdrone.be\/de\/wp-json\/wp\/v2\/product_tag?post=4586"}],"curies":[{"name":"wp","href":"https:\/\/api.w.org\/{rel}","templated":true}]}}