{"id":4583,"date":"2023-07-05T13:44:55","date_gmt":"2023-07-05T11:44:55","guid":{"rendered":"https:\/\/koningdrone.nl\/kon\/product\/ecoflow-delta-max1600-bundle-one-220w-portable-solar-panel\/"},"modified":"2026-04-29T14:30:18","modified_gmt":"2026-04-29T12:30:18","slug":"ecoflow-delta-max1600-bundle-one-220w-portable-solar-panel","status":"publish","type":"product","link":"https:\/\/koningdrone.be\/de\/produkt\/ecoflow-delta-max1600-bundle-one-220w-portable-solar-panel\/","title":{"rendered":"Ecoflow DELTA Max(1600) Bundle (ein 220W PORTABLE SOLAR PANEL)"},"content":{"rendered":"<p>Der EcoFlow DELTA Max ist die perfekte L\u00f6sung f\u00fcr Notsituationen, in denen ein Stromausfall ein Problem darstellt. Mit einer erweiterbaren Kapazit\u00e4t von bis zu 6 kWh und der M\u00f6glichkeit, 99% Ihrer Haushaltsger\u00e4te mit Strom zu versorgen, sorgt die DELTA Max daf\u00fcr, dass Sie in jeder Situation eingeschaltet bleiben. Mit der X-Boost-Technologie kann der DELTA Max schwere Ger\u00e4te mit bis zu 3000 W versorgen, darunter K\u00fchlschr\u00e4nke und W\u00e4schetrockner. Dar\u00fcber hinaus kann dieses Kraftpaket an bis zu 4 EcoFlow 220-W-Solarpaneele angeschlossen werden, so dass Sie von hohen Solarlademengen profitieren k\u00f6nnen.<\/p>\n<p><strong>Eigenschaften<\/strong><\/p>\n<p>Mit der EcoFlow-App k\u00f6nnen Sie Ihren Energieverbrauch \u00fcberwachen und verwalten, und dank des intelligenten MPPT-Algorithmus wird auch an bew\u00f6lkten Tagen immer eine optimale Solarstromerzeugung gew\u00e4hrleistet. Der DELTA Max wiegt etwa 22 kg und misst 49,7 x 24,2 x 30,5 cm. Mit mehreren Ladem\u00f6glichkeiten, einer Kapazit\u00e4t von 1612Wh und mehreren Sicherheitssystemen ist er eine zuverl\u00e4ssige L\u00f6sung f\u00fcr Notsituationen. Au\u00dferdem ist es nach verschiedenen Normen gepr\u00fcft und zertifiziert.<\/p>\n<p><strong>Sonnenkollektor<\/strong><\/p>\n<p>Das mitgelieferte tragbare 220-W-Solarmodul hat eine Nennleistung von 220 W auf der Vorderseite und 155 W auf der R\u00fcckseite und einen Wirkungsgrad von 22-23%. Mit einem Gewicht von ca. 9,5 kg ist das Solarmodul leicht zu transportieren und zu installieren.<\/p>\n<p><strong>Schlussfolgerung<\/strong><\/p>\n<p>Kurz gesagt, die EcoFlow DELTA Max ist eine komplette und zuverl\u00e4ssige L\u00f6sung f\u00fcr Stromausf\u00e4lle und zur Sicherung Ihres Energiebedarfs.<\/p>\n<p><\/p>","protected":false},"excerpt":{"rendered":"<ul>\n<li>Erzeugt bis zu 3,5 kWh bis 4 kWh pro Tag.<\/li>\n<li>2000W bis 2400W AC-Ausgang.<\/li>\n<li>Bis zu 23% Umwandlung mit einem einzigartigen bifacialen Zwei-in-Eins-Design, um eine schnelle Solarladegeschwindigkeit zu gew\u00e4hrleisten: 0-100% in 3-3,5 Stunden (3 Sets), 4,5-5,5 Stunden (2 Sets) und 9-11 Stunden (1 Set).<\/li>\n<li>IP68 staub- und wasserdicht.<\/li>\n<li>Intelligente Fernsteuerung mit EcoFlow-App.<\/li>\n<li>3 Jahre Garantie auf DELTA Max und 24 Monate Garantie auf das tragbare 220-W-Solarmodul Bifacial.<\/li>\n<\/ul>","protected":false},"featured_media":4582,"template":"","meta":{"_acf_changed":false},"product_brand":[],"product_cat":[97,245,415],"product_tag":[],"class_list":{"0":"post-4583","1":"product","2":"type-product","3":"status-publish","4":"has-post-thumbnail","6":"product_cat-alle-producten","7":"product_cat-ecoflow","8":"product_cat-energy","9":"product_shipping_class-outofstock","10":"pa_brand-ecoflow","11":"pa_productfamily-generator","12":"pa_producttype-generator","13":"pa_series-delta-max","15":"first","16":"outofstock","17":"taxable","18":"shipping-taxable","19":"product-type-simple"},"acf":[],"yoast_head":"<!-- This site is optimized with the Yoast SEO Premium plugin v27.2 (Yoast SEO v27.2) - https:\/\/yoast.com\/product\/yoast-seo-premium-wordpress\/ -->\n<title>Ecoflow DELTA Max(1600) Bundle (one 220W PORTABLE SOLAR PANEL) - koningdrone.be<\/title>\n<meta name=\"robots\" content=\"index, follow, max-snippet:-1, max-image-preview:large, max-video-preview:-1\" \/>\n<link rel=\"canonical\" href=\"https:\/\/koningdrone.be\/de\/produkt\/ecoflow-delta-max1600-bundle-one-220w-portable-solar-panel\/\" \/>\n<meta property=\"og:locale\" content=\"de_DE\" \/>\n<meta property=\"og:type\" content=\"article\" \/>\n<meta property=\"og:title\" content=\"Ecoflow DELTA Max(1600) Bundle (one 220W PORTABLE SOLAR PANEL)\" \/>\n<meta property=\"og:description\" content=\"Genereert tot 3,5 kWh tot 4 kWh per dag.2000W tot 2400W AC-uitgang.Tot 23% conversie met een uniek twee-in-\u00e9\u00e9n bifaciaal ontwerp om een snelle oplaadsnelheid van zonne-energie te garanderen: 0-100% in 3-3,5 uur (3 sets), 4,5-5,5 uur (2 sets) en 9-11 uur (1 reeks).IP68 stof- en waterbestendig.Slimme afstandsbediening met EcoFlow app.3 jaar garantie op DELTA Max en 24 maanden garantie op 220W Bifacial draagbaar zonnepaneel.\" \/>\n<meta property=\"og:url\" content=\"https:\/\/koningdrone.be\/de\/produkt\/ecoflow-delta-max1600-bundle-one-220w-portable-solar-panel\/\" \/>\n<meta property=\"og:site_name\" content=\"koningdrone.be\" \/>\n<meta property=\"article:modified_time\" content=\"2026-04-29T12:30:18+00:00\" \/>\n<meta property=\"og:image\" content=\"https:\/\/koningdrone.be\/wp-content\/uploads\/sites\/13\/2025\/04\/5706649033137.webp\" \/>\n\t<meta property=\"og:image:width\" content=\"2000\" \/>\n\t<meta property=\"og:image:height\" content=\"2000\" \/>\n\t<meta property=\"og:image:type\" content=\"image\/webp\" \/>\n<meta name=\"twitter:card\" content=\"summary_large_image\" \/>\n<meta name=\"twitter:label1\" content=\"Gesch\u00e4tzte Lesezeit\" \/>\n\t<meta name=\"twitter:data1\" content=\"1\u00a0Minute\" \/>\n<script type=\"application\/ld+json\" class=\"yoast-schema-graph\">{\"@context\":\"https:\/\/schema.org\",\"@graph\":[{\"@type\":\"WebPage\",\"@id\":\"https:\/\/koningdrone.be\/product\/ecoflow-delta-max1600-bundle-one-220w-portable-solar-panel\/\",\"url\":\"https:\/\/koningdrone.be\/product\/ecoflow-delta-max1600-bundle-one-220w-portable-solar-panel\/\",\"name\":\"Ecoflow DELTA Max(1600) Bundle (one 220W PORTABLE SOLAR PANEL) - koningdrone.be\",\"isPartOf\":{\"@id\":\"https:\/\/koningdrone.be\/#website\"},\"primaryImageOfPage\":{\"@id\":\"https:\/\/koningdrone.be\/product\/ecoflow-delta-max1600-bundle-one-220w-portable-solar-panel\/#primaryimage\"},\"image\":{\"@id\":\"https:\/\/koningdrone.be\/product\/ecoflow-delta-max1600-bundle-one-220w-portable-solar-panel\/#primaryimage\"},\"thumbnailUrl\":\"https:\/\/koningdrone.be\/wp-content\/uploads\/sites\/13\/2025\/04\/5706649033137.webp\",\"datePublished\":\"2023-07-05T11:44:55+00:00\",\"dateModified\":\"2026-04-29T12:30:18+00:00\",\"breadcrumb\":{\"@id\":\"https:\/\/koningdrone.be\/product\/ecoflow-delta-max1600-bundle-one-220w-portable-solar-panel\/#breadcrumb\"},\"inLanguage\":\"de\",\"potentialAction\":[{\"@type\":\"ReadAction\",\"target\":[\"https:\/\/koningdrone.be\/product\/ecoflow-delta-max1600-bundle-one-220w-portable-solar-panel\/\"]}]},{\"@type\":\"ImageObject\",\"inLanguage\":\"de\",\"@id\":\"https:\/\/koningdrone.be\/product\/ecoflow-delta-max1600-bundle-one-220w-portable-solar-panel\/#primaryimage\",\"url\":\"https:\/\/koningdrone.be\/wp-content\/uploads\/sites\/13\/2025\/04\/5706649033137.webp\",\"contentUrl\":\"https:\/\/koningdrone.be\/wp-content\/uploads\/sites\/13\/2025\/04\/5706649033137.webp\",\"width\":2000,\"height\":2000},{\"@type\":\"BreadcrumbList\",\"@id\":\"https:\/\/koningdrone.be\/product\/ecoflow-delta-max1600-bundle-one-220w-portable-solar-panel\/#breadcrumb\",\"itemListElement\":[{\"@type\":\"ListItem\",\"position\":1,\"name\":\"Home\",\"item\":\"https:\/\/koningdrone.be\/\"},{\"@type\":\"ListItem\",\"position\":2,\"name\":\"AVSS Parachute Recovery System for DJI Matrice 300\/350\",\"item\":\"https:\/\/koningdrone.be\/product\/avss-parachute-recovery-system-for-dji-matrice-300-350\/\"},{\"@type\":\"ListItem\",\"position\":3,\"name\":\"Alle producten\",\"item\":\"https:\/\/koningdrone.be\/categorie\/alle-producten\/\"},{\"@type\":\"ListItem\",\"position\":4,\"name\":\"Ecoflow DELTA Max(1600) Bundle (one 220W PORTABLE SOLAR PANEL)\"}]},{\"@type\":\"WebSite\",\"@id\":\"https:\/\/koningdrone.be\/#website\",\"url\":\"https:\/\/koningdrone.be\/\",\"name\":\"Koningdrone.be - Uw online specialist in drones, gimbals, camera's en power stations.\",\"description\":\"De webshop in drones en gimbals\",\"publisher\":{\"@id\":\"https:\/\/koningdrone.be\/#organization\"},\"potentialAction\":[{\"@type\":\"SearchAction\",\"target\":{\"@type\":\"EntryPoint\",\"urlTemplate\":\"https:\/\/koningdrone.be\/?s={search_term_string}\"},\"query-input\":{\"@type\":\"PropertyValueSpecification\",\"valueRequired\":true,\"valueName\":\"search_term_string\"}}],\"inLanguage\":\"de\"},{\"@type\":\"Organization\",\"@id\":\"https:\/\/koningdrone.be\/#organization\",\"name\":\"Koningdrone.be\",\"url\":\"https:\/\/koningdrone.be\/\",\"logo\":{\"@type\":\"ImageObject\",\"inLanguage\":\"de\",\"@id\":\"https:\/\/koningdrone.be\/#\/schema\/logo\/image\/\",\"url\":\"https:\/\/koningdrone.be\/wp-content\/uploads\/sites\/13\/2025\/04\/koningdrone-copyright-logo.svg\",\"contentUrl\":\"https:\/\/koningdrone.be\/wp-content\/uploads\/sites\/13\/2025\/04\/koningdrone-copyright-logo.svg\",\"width\":227,\"height\":38,\"caption\":\"Koningdrone.be\"},\"image\":{\"@id\":\"https:\/\/koningdrone.be\/#\/schema\/logo\/image\/\"}}]}<\/script>\n<!-- \/ Yoast SEO Premium plugin. -->","yoast_head_json":{"title":"Ecoflow DELTA Max(1600) Bundle (one 220W PORTABLE SOLAR PANEL) - koningdrone.be","robots":{"index":"index","follow":"follow","max-snippet":"max-snippet:-1","max-image-preview":"max-image-preview:large","max-video-preview":"max-video-preview:-1"},"canonical":"https:\/\/koningdrone.be\/de\/produkt\/ecoflow-delta-max1600-bundle-one-220w-portable-solar-panel\/","og_locale":"de_DE","og_type":"article","og_title":"Ecoflow DELTA Max(1600) Bundle (one 220W PORTABLE SOLAR PANEL)","og_description":"Genereert tot 3,5 kWh tot 4 kWh per dag.2000W tot 2400W AC-uitgang.Tot 23% conversie met een uniek twee-in-\u00e9\u00e9n bifaciaal ontwerp om een snelle oplaadsnelheid van zonne-energie te garanderen: 0-100% in 3-3,5 uur (3 sets), 4,5-5,5 uur (2 sets) en 9-11 uur (1 reeks).IP68 stof- en waterbestendig.Slimme afstandsbediening met EcoFlow app.3 jaar garantie op DELTA Max en 24 maanden garantie op 220W Bifacial draagbaar zonnepaneel.","og_url":"https:\/\/koningdrone.be\/de\/produkt\/ecoflow-delta-max1600-bundle-one-220w-portable-solar-panel\/","og_site_name":"koningdrone.be","article_modified_time":"2026-04-29T12:30:18+00:00","og_image":[{"width":2000,"height":2000,"url":"https:\/\/koningdrone.be\/wp-content\/uploads\/sites\/13\/2025\/04\/5706649033137.webp","type":"image\/webp"}],"twitter_card":"summary_large_image","twitter_misc":{"Gesch\u00e4tzte Lesezeit":"1\u00a0Minute"},"schema":{"@context":"https:\/\/schema.org","@graph":[{"@type":"WebPage","@id":"https:\/\/koningdrone.be\/product\/ecoflow-delta-max1600-bundle-one-220w-portable-solar-panel\/","url":"https:\/\/koningdrone.be\/product\/ecoflow-delta-max1600-bundle-one-220w-portable-solar-panel\/","name":"Ecoflow DELTA Max(1600) Bundle (one 220W PORTABLE SOLAR PANEL) - koningdrone.be","isPartOf":{"@id":"https:\/\/koningdrone.be\/#website"},"primaryImageOfPage":{"@id":"https:\/\/koningdrone.be\/product\/ecoflow-delta-max1600-bundle-one-220w-portable-solar-panel\/#primaryimage"},"image":{"@id":"https:\/\/koningdrone.be\/product\/ecoflow-delta-max1600-bundle-one-220w-portable-solar-panel\/#primaryimage"},"thumbnailUrl":"https:\/\/koningdrone.be\/wp-content\/uploads\/sites\/13\/2025\/04\/5706649033137.webp","datePublished":"2023-07-05T11:44:55+00:00","dateModified":"2026-04-29T12:30:18+00:00","breadcrumb":{"@id":"https:\/\/koningdrone.be\/product\/ecoflow-delta-max1600-bundle-one-220w-portable-solar-panel\/#breadcrumb"},"inLanguage":"de","potentialAction":[{"@type":"ReadAction","target":["https:\/\/koningdrone.be\/product\/ecoflow-delta-max1600-bundle-one-220w-portable-solar-panel\/"]}]},{"@type":"ImageObject","inLanguage":"de","@id":"https:\/\/koningdrone.be\/product\/ecoflow-delta-max1600-bundle-one-220w-portable-solar-panel\/#primaryimage","url":"https:\/\/koningdrone.be\/wp-content\/uploads\/sites\/13\/2025\/04\/5706649033137.webp","contentUrl":"https:\/\/koningdrone.be\/wp-content\/uploads\/sites\/13\/2025\/04\/5706649033137.webp","width":2000,"height":2000},{"@type":"BreadcrumbList","@id":"https:\/\/koningdrone.be\/product\/ecoflow-delta-max1600-bundle-one-220w-portable-solar-panel\/#breadcrumb","itemListElement":[{"@type":"ListItem","position":1,"name":"Home","item":"https:\/\/koningdrone.be\/"},{"@type":"ListItem","position":2,"name":"AVSS Parachute Recovery System for DJI Matrice 300\/350","item":"https:\/\/koningdrone.be\/product\/avss-parachute-recovery-system-for-dji-matrice-300-350\/"},{"@type":"ListItem","position":3,"name":"Alle producten","item":"https:\/\/koningdrone.be\/categorie\/alle-producten\/"},{"@type":"ListItem","position":4,"name":"Ecoflow DELTA Max(1600) Bundle (one 220W PORTABLE SOLAR PANEL)"}]},{"@type":"WebSite","@id":"https:\/\/koningdrone.be\/#website","url":"https:\/\/koningdrone.be\/","name":"Koningdrone.be - Ihr Online-Spezialist f\u00fcr Drohnen, Gimbals, Kameras und Kraftwerke.","description":"Der Webshop f\u00fcr Drohnen und Gimbals","publisher":{"@id":"https:\/\/koningdrone.be\/#organization"},"potentialAction":[{"@type":"SearchAction","target":{"@type":"EntryPoint","urlTemplate":"https:\/\/koningdrone.be\/?s={search_term_string}"},"query-input":{"@type":"PropertyValueSpecification","valueRequired":true,"valueName":"search_term_string"}}],"inLanguage":"de"},{"@type":"Organization","@id":"https:\/\/koningdrone.be\/#organization","name":"Kingdrone.de","url":"https:\/\/koningdrone.be\/","logo":{"@type":"ImageObject","inLanguage":"de","@id":"https:\/\/koningdrone.be\/#\/schema\/logo\/image\/","url":"https:\/\/koningdrone.be\/wp-content\/uploads\/sites\/13\/2025\/04\/koningdrone-copyright-logo.svg","contentUrl":"https:\/\/koningdrone.be\/wp-content\/uploads\/sites\/13\/2025\/04\/koningdrone-copyright-logo.svg","width":227,"height":38,"caption":"Koningdrone.be"},"image":{"@id":"https:\/\/koningdrone.be\/#\/schema\/logo\/image\/"}}]}},"df_price":"","df_sale_price":"","df_regular_price":"","df_image_link":"https:\/\/koningdrone.be\/wp-content\/uploads\/sites\/13\/2025\/04\/5706649033137-300x300.webp","_links":{"self":[{"href":"https:\/\/koningdrone.be\/de\/wp-json\/wp\/v2\/product\/4583","targetHints":{"allow":["GET"]}}],"collection":[{"href":"https:\/\/koningdrone.be\/de\/wp-json\/wp\/v2\/product"}],"about":[{"href":"https:\/\/koningdrone.be\/de\/wp-json\/wp\/v2\/types\/product"}],"wp:featuredmedia":[{"embeddable":true,"href":"https:\/\/koningdrone.be\/de\/wp-json\/wp\/v2\/media\/4582"}],"wp:attachment":[{"href":"https:\/\/koningdrone.be\/de\/wp-json\/wp\/v2\/media?parent=4583"}],"wp:term":[{"taxonomy":"product_brand","embeddable":true,"href":"https:\/\/koningdrone.be\/de\/wp-json\/wp\/v2\/product_brand?post=4583"},{"taxonomy":"product_cat","embeddable":true,"href":"https:\/\/koningdrone.be\/de\/wp-json\/wp\/v2\/product_cat?post=4583"},{"taxonomy":"product_tag","embeddable":true,"href":"https:\/\/koningdrone.be\/de\/wp-json\/wp\/v2\/product_tag?post=4583"}],"curies":[{"name":"wp","href":"https:\/\/api.w.org\/{rel}","templated":true}]}}