{"id":4581,"date":"2023-07-05T13:44:55","date_gmt":"2023-07-05T11:44:55","guid":{"rendered":"https:\/\/koningdrone.nl\/kon\/product\/ecoflow-delta-bundle-two-110w-solar\/"},"modified":"2026-04-29T14:21:16","modified_gmt":"2026-04-29T12:21:16","slug":"ecoflow-delta-bundle-two-110w-solar","status":"publish","type":"product","link":"https:\/\/koningdrone.be\/de\/produkt\/ecoflow-delta-bundle-two-110w-solar\/","title":{"rendered":"Ecoflow DELTA Bundle (zwei 110W Solar)"},"content":{"rendered":"<p><strong>Produktbeschreibung EcoFlow DELTA &amp; 110W Solarmodule<\/strong><\/p>\n<p>Der EcoFlow DELTA ist ein leistungsstarker Batteriegenerator mit einer enormen Kapazit\u00e4t von 1260Wh und 4 AC-Ausg\u00e4ngen, der in Notf\u00e4llen oder bei Stromausf\u00e4llen eine zuverl\u00e4ssige Notstromversorgung f\u00fcr den Hausgebrauch bietet. Der EcoFlow DELTA kann innerhalb von 1 Stunde von 0-80% aufladen, was schneller ist als jeder andere Batteriegenerator auf dem Markt.<\/p>\n<p><strong>Schnelles Aufladen<\/strong><\/p>\n<p>Mit den EcoFlow 110W-Solarmodulen k\u00f6nnen Sie den EcoFlow DELTA vollst\u00e4ndig aufladen, wenn Sie netzunabh\u00e4ngig sind oder eine andere Ersatzstromquelle suchen. Dar\u00fcber hinaus kann die EcoFlow DELTA bis zu 11 Ger\u00e4te gleichzeitig mit Strom versorgen, so dass Sie alle Ihre Telefone, Laptops und andere Ger\u00e4te bequem aufladen k\u00f6nnen.<\/p>\n<p><strong>X-Stream-Technologie<\/strong><\/p>\n<p>Der DELTA verwendet die patentierte X-Stream-Technologie, die die schnellste Ladegeschwindigkeit auf dem Markt bietet und 10-mal schneller arbeitet als batteriebetriebene Generatoren der Konkurrenz. Mit einer massiven Energiespeicherkapazit\u00e4t von 1260 Wh kann der DELTA K\u00fchlschr\u00e4nke, Lampen, medizinische Ger\u00e4te und andere Notwendigkeiten auf Knopfdruck mit Strom versorgen. Dar\u00fcber hinaus kann der DELTA bei perfekter Sonneneinstrahlung mit einem 4x110-W-Solarmodul innerhalb von vier Stunden vollst\u00e4ndig aufgeladen werden.<\/p>\n<p><strong>EcoFlow 110W Solarmodule<\/strong><\/p>\n<p>Die aus effizienten monokristallinen Siliziumzellen hergestellten EcoFlow 110W-Solarmodule k\u00f6nnen tragbare Kraftwerke und Elektroger\u00e4te aufladen. Mit der verkn\u00fcpfbaren Funktion k\u00f6nnen die Solarmodule mit dem parallelen Kabel miteinander verbunden werden, um gen\u00fcgend Strom f\u00fcr Ihr Kraftwerk zu erzeugen. Das mit einem Gummigriff und einer flexiblen Halterung ausgestattete Solarmodul kann in einem Winkel von 0-180 Grad ausgerichtet werden und ist staub- und wasserfest, um allen Wetterbedingungen standzuhalten - ideal f\u00fcr Aktivit\u00e4ten im Freien.<\/p>\n<p><\/p>","protected":false},"excerpt":{"rendered":"<ul>\n<li>Mit einer enormen Kapazit\u00e4t von 1260 Wh und 4 AC-Steckdosen bietet die EcoFlow DELTA eine zuverl\u00e4ssige Notstromversorgung im Haus bei Notf\u00e4llen oder Stromausf\u00e4llen.<\/li>\n<li>Der EcoFlow DELTA l\u00e4dt innerhalb von 1 Stunde von 0-80%, schneller als jeder andere Batteriegenerator auf dem Markt.<\/li>\n<li>\u2019Die schnellste Ladestation der Welt l\u00e4dt 2-3 mal schneller als die meisten tragbaren Ladestationen auf dem Markt. Von 0 auf 80% in weniger als einer Stunde.<\/li>\n<li>Au\u00dfergew\u00f6hnliche Kapazit\u00e4t von 1,2 kWh: Tragbarkeit muss nicht auf Kosten der Kapazit\u00e4t gehen. Das DELTA-Ger\u00e4t ist ein batteriebetriebener Generator mit einer hervorragenden Kapazit\u00e4t von 1,2 kWh. Genug, um stundenlang Notstrom zu liefern.<\/li>\n<li>Strom f\u00fcr fast alles: Der gro\u00dfe DELTA-Wechselrichter kann auch leistungshungrige Heimwerkerger\u00e4te mit bis zu 1800 W (3300 W Spitze, reine Sinuswelle) versorgen. Das macht ihn zum leistungsst\u00e4rksten tragbaren Kraftpaket seiner Gr\u00f6\u00dfe.<\/li>\n<li>Solarladung, Autoladung und vieles mehr: DELTA ist auch ein mit Solarenergie geladenes Kraftwerk. Vollst\u00e4ndig aufgeladen in nur 4 Stunden mit EcoFlow-Panels. Sie machen eine Autoreise? Schlie\u00dfen Sie es an die Steckdose Ihres Autos an und laden Sie Ihre Ger\u00e4te unterwegs auf.<\/li>\n<li>Gleichzeitige Stromversorgung von 11 Ger\u00e4ten: So viele Anschl\u00fcsse, wie Sie f\u00fcr Ihre Ger\u00e4te ben\u00f6tigen. Versorgen Sie bis zu 11 Ger\u00e4te gleichzeitig \u00fcber AC-, DC- oder USB-Ausg\u00e4nge mit Strom. Ideal als batteriebetriebener Generator bei Stromausf\u00e4llen.<\/li>\n<\/ul>","protected":false},"featured_media":4578,"template":"","meta":{"_acf_changed":false},"product_brand":[],"product_cat":[97,245,415],"product_tag":[],"class_list":{"0":"post-4581","1":"product","2":"type-product","3":"status-publish","4":"has-post-thumbnail","6":"product_cat-alle-producten","7":"product_cat-ecoflow","8":"product_cat-energy","9":"product_shipping_class-outofstock","10":"pa_brand-ecoflow","11":"pa_productfamily-generator","12":"pa_producttype-generator","13":"pa_series-delta","15":"first","16":"outofstock","17":"taxable","18":"shipping-taxable","19":"product-type-simple"},"acf":[],"yoast_head":"<!-- This site is optimized with the Yoast SEO Premium plugin v27.2 (Yoast SEO v27.2) - https:\/\/yoast.com\/product\/yoast-seo-premium-wordpress\/ -->\n<title>Ecoflow DELTA Bundle (two 110W Solar) - koningdrone.be<\/title>\n<meta name=\"robots\" content=\"index, follow, max-snippet:-1, max-image-preview:large, max-video-preview:-1\" \/>\n<link rel=\"canonical\" href=\"https:\/\/koningdrone.be\/de\/produkt\/ecoflow-delta-bundle-two-110w-solar\/\" \/>\n<meta property=\"og:locale\" content=\"de_DE\" \/>\n<meta property=\"og:type\" content=\"article\" \/>\n<meta property=\"og:title\" content=\"Ecoflow DELTA Bundle (two 110W Solar)\" \/>\n<meta property=\"og:description\" content=\"Met een enorme capaciteit van 1260 Wh en 4 AC-uitgangen biedt de EcoFlow DELTA betrouwbare back-upstroom in huis tijdens een noodgeval of stroomuitval.De EcoFlow DELTA laadt binnen 1 uur op van 0-80%, sneller dan elke andere batterijgenerator op de markt.&#039;s Werelds snelst opladende energiecentrale laadt 2 tot 3 keer sneller op dan de meeste draagbare energiecentrales op de markt. Van 0 tot 80% in minder dan een uur.Uitzonderlijke capaciteit van 1,2 kWh: draagbaarheid hoeft geen capaciteit op te offeren. De DELTA-unit is een generator op batterijen met een uitstekend vermogen van 1,2 kWh. Voldoende om uren reserve energie te leveren.Voedt vrijwel alles: DELTA&#039;s grote omvormerbelasting kan ook stroomverslindende doe-het-zelfgereedschappen ondersteunen tot 1800 W (3300 W piek, zuivere sinusgolf). Dit maakt het qua prestaties de beste draagbare krachtcentrale van zijn formaat.Opladen met zonne-energie, opladen van auto&#039;s en nog veel meer: DELTA is ook een energiecentrale die wordt opgeladen met zonne-energie. Volledig opgeladen in slechts 4 uur met EcoFlow-panelen. Ga je op roadtrip? Steek de stekker in het stopcontact van je auto en laad je apparaten onderweg op.Voorzie 11 apparaten tegelijk van stroom:\u00a0\u00a0Zoveel poorten als je nodig hebt voor je uitrusting. Voed tot 11 apparaten tegelijkertijd via AC-, DC- of USB-uitgangen. Ideaal als generator op batterijen tijdens stroomuitval.\" \/>\n<meta property=\"og:url\" content=\"https:\/\/koningdrone.be\/de\/produkt\/ecoflow-delta-bundle-two-110w-solar\/\" \/>\n<meta property=\"og:site_name\" content=\"koningdrone.be\" \/>\n<meta property=\"article:modified_time\" content=\"2026-04-29T12:21:16+00:00\" \/>\n<meta property=\"og:image\" content=\"https:\/\/koningdrone.be\/wp-content\/uploads\/sites\/13\/2025\/04\/5706649033144-1.jpg\" \/>\n\t<meta property=\"og:image:width\" content=\"1000\" \/>\n\t<meta property=\"og:image:height\" content=\"1000\" \/>\n\t<meta property=\"og:image:type\" content=\"image\/jpeg\" \/>\n<meta name=\"twitter:card\" content=\"summary_large_image\" \/>\n<meta name=\"twitter:label1\" content=\"Gesch\u00e4tzte Lesezeit\" \/>\n\t<meta name=\"twitter:data1\" content=\"1\u00a0Minute\" \/>\n<script type=\"application\/ld+json\" class=\"yoast-schema-graph\">{\"@context\":\"https:\/\/schema.org\",\"@graph\":[{\"@type\":\"WebPage\",\"@id\":\"https:\/\/koningdrone.be\/product\/ecoflow-delta-bundle-two-110w-solar\/\",\"url\":\"https:\/\/koningdrone.be\/product\/ecoflow-delta-bundle-two-110w-solar\/\",\"name\":\"Ecoflow DELTA Bundle (two 110W Solar) - koningdrone.be\",\"isPartOf\":{\"@id\":\"https:\/\/koningdrone.be\/#website\"},\"primaryImageOfPage\":{\"@id\":\"https:\/\/koningdrone.be\/product\/ecoflow-delta-bundle-two-110w-solar\/#primaryimage\"},\"image\":{\"@id\":\"https:\/\/koningdrone.be\/product\/ecoflow-delta-bundle-two-110w-solar\/#primaryimage\"},\"thumbnailUrl\":\"https:\/\/koningdrone.be\/wp-content\/uploads\/sites\/13\/2025\/04\/5706649033144-1.jpg\",\"datePublished\":\"2023-07-05T11:44:55+00:00\",\"dateModified\":\"2026-04-29T12:21:16+00:00\",\"breadcrumb\":{\"@id\":\"https:\/\/koningdrone.be\/product\/ecoflow-delta-bundle-two-110w-solar\/#breadcrumb\"},\"inLanguage\":\"de\",\"potentialAction\":[{\"@type\":\"ReadAction\",\"target\":[\"https:\/\/koningdrone.be\/product\/ecoflow-delta-bundle-two-110w-solar\/\"]}]},{\"@type\":\"ImageObject\",\"inLanguage\":\"de\",\"@id\":\"https:\/\/koningdrone.be\/product\/ecoflow-delta-bundle-two-110w-solar\/#primaryimage\",\"url\":\"https:\/\/koningdrone.be\/wp-content\/uploads\/sites\/13\/2025\/04\/5706649033144-1.jpg\",\"contentUrl\":\"https:\/\/koningdrone.be\/wp-content\/uploads\/sites\/13\/2025\/04\/5706649033144-1.jpg\",\"width\":1000,\"height\":1000},{\"@type\":\"BreadcrumbList\",\"@id\":\"https:\/\/koningdrone.be\/product\/ecoflow-delta-bundle-two-110w-solar\/#breadcrumb\",\"itemListElement\":[{\"@type\":\"ListItem\",\"position\":1,\"name\":\"Home\",\"item\":\"https:\/\/koningdrone.be\/\"},{\"@type\":\"ListItem\",\"position\":2,\"name\":\"AVSS Parachute Recovery System for DJI Matrice 300\/350\",\"item\":\"https:\/\/koningdrone.be\/product\/avss-parachute-recovery-system-for-dji-matrice-300-350\/\"},{\"@type\":\"ListItem\",\"position\":3,\"name\":\"Alle producten\",\"item\":\"https:\/\/koningdrone.be\/categorie\/alle-producten\/\"},{\"@type\":\"ListItem\",\"position\":4,\"name\":\"Ecoflow DELTA Bundle (two 110W Solar)\"}]},{\"@type\":\"WebSite\",\"@id\":\"https:\/\/koningdrone.be\/#website\",\"url\":\"https:\/\/koningdrone.be\/\",\"name\":\"Koningdrone.be - Uw online specialist in drones, gimbals, camera's en power stations.\",\"description\":\"De webshop in drones en gimbals\",\"publisher\":{\"@id\":\"https:\/\/koningdrone.be\/#organization\"},\"potentialAction\":[{\"@type\":\"SearchAction\",\"target\":{\"@type\":\"EntryPoint\",\"urlTemplate\":\"https:\/\/koningdrone.be\/?s={search_term_string}\"},\"query-input\":{\"@type\":\"PropertyValueSpecification\",\"valueRequired\":true,\"valueName\":\"search_term_string\"}}],\"inLanguage\":\"de\"},{\"@type\":\"Organization\",\"@id\":\"https:\/\/koningdrone.be\/#organization\",\"name\":\"Koningdrone.be\",\"url\":\"https:\/\/koningdrone.be\/\",\"logo\":{\"@type\":\"ImageObject\",\"inLanguage\":\"de\",\"@id\":\"https:\/\/koningdrone.be\/#\/schema\/logo\/image\/\",\"url\":\"https:\/\/koningdrone.be\/wp-content\/uploads\/sites\/13\/2025\/04\/koningdrone-copyright-logo.svg\",\"contentUrl\":\"https:\/\/koningdrone.be\/wp-content\/uploads\/sites\/13\/2025\/04\/koningdrone-copyright-logo.svg\",\"width\":227,\"height\":38,\"caption\":\"Koningdrone.be\"},\"image\":{\"@id\":\"https:\/\/koningdrone.be\/#\/schema\/logo\/image\/\"}}]}<\/script>\n<!-- \/ Yoast SEO Premium plugin. -->","yoast_head_json":{"title":"Ecoflow DELTA Bundle (two 110W Solar) - koningdrone.be","robots":{"index":"index","follow":"follow","max-snippet":"max-snippet:-1","max-image-preview":"max-image-preview:large","max-video-preview":"max-video-preview:-1"},"canonical":"https:\/\/koningdrone.be\/de\/produkt\/ecoflow-delta-bundle-two-110w-solar\/","og_locale":"de_DE","og_type":"article","og_title":"Ecoflow DELTA Bundle (two 110W Solar)","og_description":"Met een enorme capaciteit van 1260 Wh en 4 AC-uitgangen biedt de EcoFlow DELTA betrouwbare back-upstroom in huis tijdens een noodgeval of stroomuitval.De EcoFlow DELTA laadt binnen 1 uur op van 0-80%, sneller dan elke andere batterijgenerator op de markt.'s Werelds snelst opladende energiecentrale laadt 2 tot 3 keer sneller op dan de meeste draagbare energiecentrales op de markt. Van 0 tot 80% in minder dan een uur.Uitzonderlijke capaciteit van 1,2 kWh: draagbaarheid hoeft geen capaciteit op te offeren. De DELTA-unit is een generator op batterijen met een uitstekend vermogen van 1,2 kWh. Voldoende om uren reserve energie te leveren.Voedt vrijwel alles: DELTA's grote omvormerbelasting kan ook stroomverslindende doe-het-zelfgereedschappen ondersteunen tot 1800 W (3300 W piek, zuivere sinusgolf). Dit maakt het qua prestaties de beste draagbare krachtcentrale van zijn formaat.Opladen met zonne-energie, opladen van auto's en nog veel meer: DELTA is ook een energiecentrale die wordt opgeladen met zonne-energie. Volledig opgeladen in slechts 4 uur met EcoFlow-panelen. Ga je op roadtrip? Steek de stekker in het stopcontact van je auto en laad je apparaten onderweg op.Voorzie 11 apparaten tegelijk van stroom:\u00a0\u00a0Zoveel poorten als je nodig hebt voor je uitrusting. Voed tot 11 apparaten tegelijkertijd via AC-, DC- of USB-uitgangen. Ideaal als generator op batterijen tijdens stroomuitval.","og_url":"https:\/\/koningdrone.be\/de\/produkt\/ecoflow-delta-bundle-two-110w-solar\/","og_site_name":"koningdrone.be","article_modified_time":"2026-04-29T12:21:16+00:00","og_image":[{"width":1000,"height":1000,"url":"https:\/\/koningdrone.be\/wp-content\/uploads\/sites\/13\/2025\/04\/5706649033144-1.jpg","type":"image\/jpeg"}],"twitter_card":"summary_large_image","twitter_misc":{"Gesch\u00e4tzte Lesezeit":"1\u00a0Minute"},"schema":{"@context":"https:\/\/schema.org","@graph":[{"@type":"WebPage","@id":"https:\/\/koningdrone.be\/product\/ecoflow-delta-bundle-two-110w-solar\/","url":"https:\/\/koningdrone.be\/product\/ecoflow-delta-bundle-two-110w-solar\/","name":"Ecoflow DELTA Bundle (two 110W Solar) - koningdrone.be","isPartOf":{"@id":"https:\/\/koningdrone.be\/#website"},"primaryImageOfPage":{"@id":"https:\/\/koningdrone.be\/product\/ecoflow-delta-bundle-two-110w-solar\/#primaryimage"},"image":{"@id":"https:\/\/koningdrone.be\/product\/ecoflow-delta-bundle-two-110w-solar\/#primaryimage"},"thumbnailUrl":"https:\/\/koningdrone.be\/wp-content\/uploads\/sites\/13\/2025\/04\/5706649033144-1.jpg","datePublished":"2023-07-05T11:44:55+00:00","dateModified":"2026-04-29T12:21:16+00:00","breadcrumb":{"@id":"https:\/\/koningdrone.be\/product\/ecoflow-delta-bundle-two-110w-solar\/#breadcrumb"},"inLanguage":"de","potentialAction":[{"@type":"ReadAction","target":["https:\/\/koningdrone.be\/product\/ecoflow-delta-bundle-two-110w-solar\/"]}]},{"@type":"ImageObject","inLanguage":"de","@id":"https:\/\/koningdrone.be\/product\/ecoflow-delta-bundle-two-110w-solar\/#primaryimage","url":"https:\/\/koningdrone.be\/wp-content\/uploads\/sites\/13\/2025\/04\/5706649033144-1.jpg","contentUrl":"https:\/\/koningdrone.be\/wp-content\/uploads\/sites\/13\/2025\/04\/5706649033144-1.jpg","width":1000,"height":1000},{"@type":"BreadcrumbList","@id":"https:\/\/koningdrone.be\/product\/ecoflow-delta-bundle-two-110w-solar\/#breadcrumb","itemListElement":[{"@type":"ListItem","position":1,"name":"Home","item":"https:\/\/koningdrone.be\/"},{"@type":"ListItem","position":2,"name":"AVSS Parachute Recovery System for DJI Matrice 300\/350","item":"https:\/\/koningdrone.be\/product\/avss-parachute-recovery-system-for-dji-matrice-300-350\/"},{"@type":"ListItem","position":3,"name":"Alle producten","item":"https:\/\/koningdrone.be\/categorie\/alle-producten\/"},{"@type":"ListItem","position":4,"name":"Ecoflow DELTA Bundle (two 110W Solar)"}]},{"@type":"WebSite","@id":"https:\/\/koningdrone.be\/#website","url":"https:\/\/koningdrone.be\/","name":"Koningdrone.be - Ihr Online-Spezialist f\u00fcr Drohnen, Gimbals, Kameras und Kraftwerke.","description":"Der Webshop f\u00fcr Drohnen und Gimbals","publisher":{"@id":"https:\/\/koningdrone.be\/#organization"},"potentialAction":[{"@type":"SearchAction","target":{"@type":"EntryPoint","urlTemplate":"https:\/\/koningdrone.be\/?s={search_term_string}"},"query-input":{"@type":"PropertyValueSpecification","valueRequired":true,"valueName":"search_term_string"}}],"inLanguage":"de"},{"@type":"Organization","@id":"https:\/\/koningdrone.be\/#organization","name":"Kingdrone.de","url":"https:\/\/koningdrone.be\/","logo":{"@type":"ImageObject","inLanguage":"de","@id":"https:\/\/koningdrone.be\/#\/schema\/logo\/image\/","url":"https:\/\/koningdrone.be\/wp-content\/uploads\/sites\/13\/2025\/04\/koningdrone-copyright-logo.svg","contentUrl":"https:\/\/koningdrone.be\/wp-content\/uploads\/sites\/13\/2025\/04\/koningdrone-copyright-logo.svg","width":227,"height":38,"caption":"Koningdrone.be"},"image":{"@id":"https:\/\/koningdrone.be\/#\/schema\/logo\/image\/"}}]}},"df_price":"","df_sale_price":"","df_regular_price":"","df_image_link":"https:\/\/koningdrone.be\/wp-content\/uploads\/sites\/13\/2025\/04\/5706649033144-1-300x300.jpg","_links":{"self":[{"href":"https:\/\/koningdrone.be\/de\/wp-json\/wp\/v2\/product\/4581","targetHints":{"allow":["GET"]}}],"collection":[{"href":"https:\/\/koningdrone.be\/de\/wp-json\/wp\/v2\/product"}],"about":[{"href":"https:\/\/koningdrone.be\/de\/wp-json\/wp\/v2\/types\/product"}],"wp:featuredmedia":[{"embeddable":true,"href":"https:\/\/koningdrone.be\/de\/wp-json\/wp\/v2\/media\/4578"}],"wp:attachment":[{"href":"https:\/\/koningdrone.be\/de\/wp-json\/wp\/v2\/media?parent=4581"}],"wp:term":[{"taxonomy":"product_brand","embeddable":true,"href":"https:\/\/koningdrone.be\/de\/wp-json\/wp\/v2\/product_brand?post=4581"},{"taxonomy":"product_cat","embeddable":true,"href":"https:\/\/koningdrone.be\/de\/wp-json\/wp\/v2\/product_cat?post=4581"},{"taxonomy":"product_tag","embeddable":true,"href":"https:\/\/koningdrone.be\/de\/wp-json\/wp\/v2\/product_tag?post=4581"}],"curies":[{"name":"wp","href":"https:\/\/api.w.org\/{rel}","templated":true}]}}