{"id":4577,"date":"2023-07-05T13:44:55","date_gmt":"2023-07-05T11:44:55","guid":{"rendered":"https:\/\/koningdrone.nl\/kon\/product\/ecoflow-delta-max-2000-delta-max\/"},"modified":"2026-04-29T14:30:07","modified_gmt":"2026-04-29T12:30:07","slug":"ecoflow-delta-max-2000-delta-max","status":"publish","type":"product","link":"https:\/\/koningdrone.be\/de\/produkt\/ecoflow-delta-max-2000-delta-max\/","title":{"rendered":"Ecoflow DELTA Max (2000) + DELTA Max"},"content":{"rendered":"<p>Die EcoFlow DELTA Max bietet eine Notstromversorgung f\u00fcr Ihr Haus und kann mit intelligenten Zusatzbatterien auf bis zu 6 kWh erweitert werden, um Ihr Haus im Notfall mit Strom zu versorgen. Das Aufladen des 0-80% dauert nur 1 Stunde, so dass Sie schnell wieder Strom haben.<\/p>\n<p><strong>Aufladung und Geschwindigkeit<\/strong><\/p>\n<p>Mit dem EcoFlow Smart Generator k\u00f6nnen Sie durch die Kombination von AC-Ladung eine Leistung von bis zu 3600 W erreichen. Das Aufladen des 0-80% dauert nur 1 Stunde, so dass Sie den Strom schnell wieder nutzen k\u00f6nnen. Au\u00dferdem k\u00f6nnen Sie mit der X-Boost-Funktion schwere Ger\u00e4te wie K\u00fchlschr\u00e4nke und W\u00e4schetrockner mit bis zu 3000 W mit Strom versorgen. Der DELTA Max ist also in der Lage, mehrere Ger\u00e4te zu versorgen.<\/p>\n<p><strong>Tragbarkeit<\/strong><\/p>\n<p>Der EcoFlow DELTA Max ist tragbar und sorgt daf\u00fcr, dass Sie in jeder Situation eingeschaltet bleiben. Das macht den Solargenerator sehr praktisch und vielseitig einsetzbar.<\/p>\n<p><\/p>","protected":false},"excerpt":{"rendered":"<ul>\n<li>Der DELTA Max kann mit zus\u00e4tzlichen intelligenten Batterien bis zu einer maximalen Leistung von 6.000 kWh erweitert werden<\/li>\n<li>Jeder zus\u00e4tzliche Akku bietet Ihnen 2.000 Wh zus\u00e4tzliche Kapazit\u00e4t<\/li>\n<li>Wird die DELTA max-energy Station mit zwei 400W EcoFlow Solarmodulen verbunden, k\u00f6nnen bis zu 800W Solarladeleistung erreicht werden<\/li>\n<li>An das Delta Max k\u00f6nnen bis zu 2 EcoFlow-Solarmodule mit 400 W angeschlossen werden, um eine erstaunliche Ladeleistung von 800 W Max Solar zu erzielen.<\/li>\n<li>Das integrierte Farbdisplay des DELTA Max informiert Sie \u00fcber die wichtigsten Leistungsdaten, wie z. B. Akkuprozentsatz, verbleibende Ladung, Ausgangsleistung und sogar \u00dcberlastungswarnung.<\/li>\n<li>Verbinden Sie Ihr DELTA Max mit einem Wi-Fi-Netzwerk, um \u00fcber ein beliebiges Smart Device auf ein intelligentes Bedienfeld zuzugreifen. So k\u00f6nnen Sie Ihr Kraftwerk von \u00fcberall aus steuern und \u00fcberwachen.<\/li>\n<li>Der DELTA Max verf\u00fcgt \u00fcber sechs AC-Ausg\u00e4nge, vier USB-A-Ausg\u00e4nge, zwei DC5521-Ausg\u00e4nge und zwei USB-C-Ausg\u00e4nge, so dass Sie mehrere Ger\u00e4te gleichzeitig anschlie\u00dfen k\u00f6nnen<\/li>\n<li>Das DELTA Max bietet eine superschnelle Ladung mit einer Ladezeit von 0-80% in 1 Stunde. F\u00fcr noch schnelleres Laden k\u00f6nnen Sie zwei beliebige Ladeoptionen kombinieren. Dazu geh\u00f6ren AC und ein Smart Generator, AC und Solar oder der Smart Generator und Solar.<\/li>\n<\/ul>","protected":false},"featured_media":4575,"template":"","meta":{"_acf_changed":false},"product_brand":[],"product_cat":[97,245,415],"product_tag":[],"class_list":{"0":"post-4577","1":"product","2":"type-product","3":"status-publish","4":"has-post-thumbnail","6":"product_cat-alle-producten","7":"product_cat-ecoflow","8":"product_cat-energy","9":"product_shipping_class-outofstock","10":"pa_brand-ecoflow","11":"pa_productfamily-generator","12":"pa_producttype-generator","13":"pa_series-delta-max","15":"first","16":"outofstock","17":"taxable","18":"shipping-taxable","19":"product-type-simple"},"acf":[],"yoast_head":"<!-- This site is optimized with the Yoast SEO Premium plugin v27.2 (Yoast SEO v27.2) - https:\/\/yoast.com\/product\/yoast-seo-premium-wordpress\/ -->\n<title>Ecoflow DELTA Max (2000) + DELTA Max - koningdrone.be<\/title>\n<meta name=\"robots\" content=\"index, follow, max-snippet:-1, max-image-preview:large, max-video-preview:-1\" \/>\n<link rel=\"canonical\" href=\"https:\/\/koningdrone.be\/de\/produkt\/ecoflow-delta-max-2000-delta-max\/\" \/>\n<meta property=\"og:locale\" content=\"de_DE\" \/>\n<meta property=\"og:type\" content=\"article\" \/>\n<meta property=\"og:title\" content=\"Ecoflow DELTA Max (2000) + DELTA Max\" \/>\n<meta property=\"og:description\" content=\"De DELTA Max kan worden uitgebreid met extra slimme batterijen tot maximaal 6.000 kWh vermogenElke extra batterij voorziet u van 2.000 Wh extra capaciteitHet aansluiten van het DELTA max-energiestation met twee 400W EcoFlow-zonnepanelen kan tot 800W zonnelaadsnelheden leverenDe Delta Max kan tot 2 EcoFlow-zonnepanelen van 400 W aansluiten om een verbazingwekkende 800 W Max Solar-laadsnelheid te leveren.Het ge\u00efntegreerde kleurendisplay op de DELTA Max houdt u op de hoogte met belangrijke prestatie-informatie, waaronder batterijpercentage, resterende lading, uitgangsvermogen en zelfs overbelastingswaarschuwing.Verbind uw DELTA Max met een Wi-Fi-netwerk om toegang te krijgen tot een slim bedieningspaneel via elk slim apparaat. Zo kunt u uw energiecentrale overal vandaan besturen en bewaken.De DELTA Max wordt geleverd met zes AC-uitgangen, vier USB-A-uitgangen, twee DC5521-uitgangen en twee USB-C-uitgangen, zodat u meerdere apparaten tegelijkertijd kunt aansluitenDe DELTA Max levert supersnel opladen met de mogelijkheid om van 0-80% op te laden in 1 uur. Voor nog sneller opladen kun je twee willekeurige oplaadopties combineren. Dit omvat AC en een Smart Generator, AC en zonne-energie, of de Smart Generator en zonne-energie.\" \/>\n<meta property=\"og:url\" content=\"https:\/\/koningdrone.be\/de\/produkt\/ecoflow-delta-max-2000-delta-max\/\" \/>\n<meta property=\"og:site_name\" content=\"koningdrone.be\" \/>\n<meta property=\"article:modified_time\" content=\"2026-04-29T12:30:07+00:00\" \/>\n<meta property=\"og:image\" content=\"https:\/\/koningdrone.be\/wp-content\/uploads\/sites\/13\/2025\/04\/5706649033168-1.jpg\" \/>\n\t<meta property=\"og:image:width\" content=\"500\" \/>\n\t<meta property=\"og:image:height\" content=\"500\" \/>\n\t<meta property=\"og:image:type\" content=\"image\/jpeg\" \/>\n<meta name=\"twitter:card\" content=\"summary_large_image\" \/>\n<meta name=\"twitter:label1\" content=\"Gesch\u00e4tzte Lesezeit\" \/>\n\t<meta name=\"twitter:data1\" content=\"1\u00a0Minute\" \/>\n<script type=\"application\/ld+json\" class=\"yoast-schema-graph\">{\"@context\":\"https:\/\/schema.org\",\"@graph\":[{\"@type\":\"WebPage\",\"@id\":\"https:\/\/koningdrone.be\/product\/ecoflow-delta-max-2000-delta-max\/\",\"url\":\"https:\/\/koningdrone.be\/product\/ecoflow-delta-max-2000-delta-max\/\",\"name\":\"Ecoflow DELTA Max (2000) + DELTA Max - koningdrone.be\",\"isPartOf\":{\"@id\":\"https:\/\/koningdrone.be\/#website\"},\"primaryImageOfPage\":{\"@id\":\"https:\/\/koningdrone.be\/product\/ecoflow-delta-max-2000-delta-max\/#primaryimage\"},\"image\":{\"@id\":\"https:\/\/koningdrone.be\/product\/ecoflow-delta-max-2000-delta-max\/#primaryimage\"},\"thumbnailUrl\":\"https:\/\/koningdrone.be\/wp-content\/uploads\/sites\/13\/2025\/04\/5706649033168-1.jpg\",\"datePublished\":\"2023-07-05T11:44:55+00:00\",\"dateModified\":\"2026-04-29T12:30:07+00:00\",\"breadcrumb\":{\"@id\":\"https:\/\/koningdrone.be\/product\/ecoflow-delta-max-2000-delta-max\/#breadcrumb\"},\"inLanguage\":\"de\",\"potentialAction\":[{\"@type\":\"ReadAction\",\"target\":[\"https:\/\/koningdrone.be\/product\/ecoflow-delta-max-2000-delta-max\/\"]}]},{\"@type\":\"ImageObject\",\"inLanguage\":\"de\",\"@id\":\"https:\/\/koningdrone.be\/product\/ecoflow-delta-max-2000-delta-max\/#primaryimage\",\"url\":\"https:\/\/koningdrone.be\/wp-content\/uploads\/sites\/13\/2025\/04\/5706649033168-1.jpg\",\"contentUrl\":\"https:\/\/koningdrone.be\/wp-content\/uploads\/sites\/13\/2025\/04\/5706649033168-1.jpg\",\"width\":500,\"height\":500},{\"@type\":\"BreadcrumbList\",\"@id\":\"https:\/\/koningdrone.be\/product\/ecoflow-delta-max-2000-delta-max\/#breadcrumb\",\"itemListElement\":[{\"@type\":\"ListItem\",\"position\":1,\"name\":\"Home\",\"item\":\"https:\/\/koningdrone.be\/\"},{\"@type\":\"ListItem\",\"position\":2,\"name\":\"AVSS Parachute Recovery System for DJI Matrice 300\/350\",\"item\":\"https:\/\/koningdrone.be\/product\/avss-parachute-recovery-system-for-dji-matrice-300-350\/\"},{\"@type\":\"ListItem\",\"position\":3,\"name\":\"Alle producten\",\"item\":\"https:\/\/koningdrone.be\/categorie\/alle-producten\/\"},{\"@type\":\"ListItem\",\"position\":4,\"name\":\"Ecoflow DELTA Max (2000) + DELTA Max\"}]},{\"@type\":\"WebSite\",\"@id\":\"https:\/\/koningdrone.be\/#website\",\"url\":\"https:\/\/koningdrone.be\/\",\"name\":\"Koningdrone.be - Uw online specialist in drones, gimbals, camera's en power stations.\",\"description\":\"De webshop in drones en gimbals\",\"publisher\":{\"@id\":\"https:\/\/koningdrone.be\/#organization\"},\"potentialAction\":[{\"@type\":\"SearchAction\",\"target\":{\"@type\":\"EntryPoint\",\"urlTemplate\":\"https:\/\/koningdrone.be\/?s={search_term_string}\"},\"query-input\":{\"@type\":\"PropertyValueSpecification\",\"valueRequired\":true,\"valueName\":\"search_term_string\"}}],\"inLanguage\":\"de\"},{\"@type\":\"Organization\",\"@id\":\"https:\/\/koningdrone.be\/#organization\",\"name\":\"Koningdrone.be\",\"url\":\"https:\/\/koningdrone.be\/\",\"logo\":{\"@type\":\"ImageObject\",\"inLanguage\":\"de\",\"@id\":\"https:\/\/koningdrone.be\/#\/schema\/logo\/image\/\",\"url\":\"https:\/\/koningdrone.be\/wp-content\/uploads\/sites\/13\/2025\/04\/koningdrone-copyright-logo.svg\",\"contentUrl\":\"https:\/\/koningdrone.be\/wp-content\/uploads\/sites\/13\/2025\/04\/koningdrone-copyright-logo.svg\",\"width\":227,\"height\":38,\"caption\":\"Koningdrone.be\"},\"image\":{\"@id\":\"https:\/\/koningdrone.be\/#\/schema\/logo\/image\/\"}}]}<\/script>\n<!-- \/ Yoast SEO Premium plugin. -->","yoast_head_json":{"title":"Ecoflow DELTA Max (2000) + DELTA Max - koningdrone.be","robots":{"index":"index","follow":"follow","max-snippet":"max-snippet:-1","max-image-preview":"max-image-preview:large","max-video-preview":"max-video-preview:-1"},"canonical":"https:\/\/koningdrone.be\/de\/produkt\/ecoflow-delta-max-2000-delta-max\/","og_locale":"de_DE","og_type":"article","og_title":"Ecoflow DELTA Max (2000) + DELTA Max","og_description":"De DELTA Max kan worden uitgebreid met extra slimme batterijen tot maximaal 6.000 kWh vermogenElke extra batterij voorziet u van 2.000 Wh extra capaciteitHet aansluiten van het DELTA max-energiestation met twee 400W EcoFlow-zonnepanelen kan tot 800W zonnelaadsnelheden leverenDe Delta Max kan tot 2 EcoFlow-zonnepanelen van 400 W aansluiten om een verbazingwekkende 800 W Max Solar-laadsnelheid te leveren.Het ge\u00efntegreerde kleurendisplay op de DELTA Max houdt u op de hoogte met belangrijke prestatie-informatie, waaronder batterijpercentage, resterende lading, uitgangsvermogen en zelfs overbelastingswaarschuwing.Verbind uw DELTA Max met een Wi-Fi-netwerk om toegang te krijgen tot een slim bedieningspaneel via elk slim apparaat. Zo kunt u uw energiecentrale overal vandaan besturen en bewaken.De DELTA Max wordt geleverd met zes AC-uitgangen, vier USB-A-uitgangen, twee DC5521-uitgangen en twee USB-C-uitgangen, zodat u meerdere apparaten tegelijkertijd kunt aansluitenDe DELTA Max levert supersnel opladen met de mogelijkheid om van 0-80% op te laden in 1 uur. Voor nog sneller opladen kun je twee willekeurige oplaadopties combineren. Dit omvat AC en een Smart Generator, AC en zonne-energie, of de Smart Generator en zonne-energie.","og_url":"https:\/\/koningdrone.be\/de\/produkt\/ecoflow-delta-max-2000-delta-max\/","og_site_name":"koningdrone.be","article_modified_time":"2026-04-29T12:30:07+00:00","og_image":[{"width":500,"height":500,"url":"https:\/\/koningdrone.be\/wp-content\/uploads\/sites\/13\/2025\/04\/5706649033168-1.jpg","type":"image\/jpeg"}],"twitter_card":"summary_large_image","twitter_misc":{"Gesch\u00e4tzte Lesezeit":"1\u00a0Minute"},"schema":{"@context":"https:\/\/schema.org","@graph":[{"@type":"WebPage","@id":"https:\/\/koningdrone.be\/product\/ecoflow-delta-max-2000-delta-max\/","url":"https:\/\/koningdrone.be\/product\/ecoflow-delta-max-2000-delta-max\/","name":"Ecoflow DELTA Max (2000) + DELTA Max - koningdrone.be","isPartOf":{"@id":"https:\/\/koningdrone.be\/#website"},"primaryImageOfPage":{"@id":"https:\/\/koningdrone.be\/product\/ecoflow-delta-max-2000-delta-max\/#primaryimage"},"image":{"@id":"https:\/\/koningdrone.be\/product\/ecoflow-delta-max-2000-delta-max\/#primaryimage"},"thumbnailUrl":"https:\/\/koningdrone.be\/wp-content\/uploads\/sites\/13\/2025\/04\/5706649033168-1.jpg","datePublished":"2023-07-05T11:44:55+00:00","dateModified":"2026-04-29T12:30:07+00:00","breadcrumb":{"@id":"https:\/\/koningdrone.be\/product\/ecoflow-delta-max-2000-delta-max\/#breadcrumb"},"inLanguage":"de","potentialAction":[{"@type":"ReadAction","target":["https:\/\/koningdrone.be\/product\/ecoflow-delta-max-2000-delta-max\/"]}]},{"@type":"ImageObject","inLanguage":"de","@id":"https:\/\/koningdrone.be\/product\/ecoflow-delta-max-2000-delta-max\/#primaryimage","url":"https:\/\/koningdrone.be\/wp-content\/uploads\/sites\/13\/2025\/04\/5706649033168-1.jpg","contentUrl":"https:\/\/koningdrone.be\/wp-content\/uploads\/sites\/13\/2025\/04\/5706649033168-1.jpg","width":500,"height":500},{"@type":"BreadcrumbList","@id":"https:\/\/koningdrone.be\/product\/ecoflow-delta-max-2000-delta-max\/#breadcrumb","itemListElement":[{"@type":"ListItem","position":1,"name":"Home","item":"https:\/\/koningdrone.be\/"},{"@type":"ListItem","position":2,"name":"AVSS Parachute Recovery System for DJI Matrice 300\/350","item":"https:\/\/koningdrone.be\/product\/avss-parachute-recovery-system-for-dji-matrice-300-350\/"},{"@type":"ListItem","position":3,"name":"Alle producten","item":"https:\/\/koningdrone.be\/categorie\/alle-producten\/"},{"@type":"ListItem","position":4,"name":"Ecoflow DELTA Max (2000) + DELTA Max"}]},{"@type":"WebSite","@id":"https:\/\/koningdrone.be\/#website","url":"https:\/\/koningdrone.be\/","name":"Koningdrone.be - Ihr Online-Spezialist f\u00fcr Drohnen, Gimbals, Kameras und Kraftwerke.","description":"Der Webshop f\u00fcr Drohnen und Gimbals","publisher":{"@id":"https:\/\/koningdrone.be\/#organization"},"potentialAction":[{"@type":"SearchAction","target":{"@type":"EntryPoint","urlTemplate":"https:\/\/koningdrone.be\/?s={search_term_string}"},"query-input":{"@type":"PropertyValueSpecification","valueRequired":true,"valueName":"search_term_string"}}],"inLanguage":"de"},{"@type":"Organization","@id":"https:\/\/koningdrone.be\/#organization","name":"Kingdrone.de","url":"https:\/\/koningdrone.be\/","logo":{"@type":"ImageObject","inLanguage":"de","@id":"https:\/\/koningdrone.be\/#\/schema\/logo\/image\/","url":"https:\/\/koningdrone.be\/wp-content\/uploads\/sites\/13\/2025\/04\/koningdrone-copyright-logo.svg","contentUrl":"https:\/\/koningdrone.be\/wp-content\/uploads\/sites\/13\/2025\/04\/koningdrone-copyright-logo.svg","width":227,"height":38,"caption":"Koningdrone.be"},"image":{"@id":"https:\/\/koningdrone.be\/#\/schema\/logo\/image\/"}}]}},"df_price":"","df_sale_price":"","df_regular_price":"","df_image_link":"https:\/\/koningdrone.be\/wp-content\/uploads\/sites\/13\/2025\/04\/5706649033168-1-300x300.jpg","_links":{"self":[{"href":"https:\/\/koningdrone.be\/de\/wp-json\/wp\/v2\/product\/4577","targetHints":{"allow":["GET"]}}],"collection":[{"href":"https:\/\/koningdrone.be\/de\/wp-json\/wp\/v2\/product"}],"about":[{"href":"https:\/\/koningdrone.be\/de\/wp-json\/wp\/v2\/types\/product"}],"wp:featuredmedia":[{"embeddable":true,"href":"https:\/\/koningdrone.be\/de\/wp-json\/wp\/v2\/media\/4575"}],"wp:attachment":[{"href":"https:\/\/koningdrone.be\/de\/wp-json\/wp\/v2\/media?parent=4577"}],"wp:term":[{"taxonomy":"product_brand","embeddable":true,"href":"https:\/\/koningdrone.be\/de\/wp-json\/wp\/v2\/product_brand?post=4577"},{"taxonomy":"product_cat","embeddable":true,"href":"https:\/\/koningdrone.be\/de\/wp-json\/wp\/v2\/product_cat?post=4577"},{"taxonomy":"product_tag","embeddable":true,"href":"https:\/\/koningdrone.be\/de\/wp-json\/wp\/v2\/product_tag?post=4577"}],"curies":[{"name":"wp","href":"https:\/\/api.w.org\/{rel}","templated":true}]}}