{"id":4535,"date":"2023-07-05T13:45:41","date_gmt":"2023-07-05T11:45:41","guid":{"rendered":"https:\/\/koningdrone.nl\/kon\/product\/ecoflow-delta-2-max\/"},"modified":"2026-04-29T16:40:34","modified_gmt":"2026-04-29T14:40:34","slug":"ecoflow-delta-2-max","status":"publish","type":"product","link":"https:\/\/koningdrone.be\/de\/produkt\/ecoflow-delta-2-max\/","title":{"rendered":"Ecoflow Delta 2 Max"},"content":{"rendered":"<p>Das tragbare Kraftwerk DELTA 2 Max von Ecoflow verwendet eine LFP-Batterie mit einer Lebensdauer von bis zu 10 Jahren und ist damit ideal f\u00fcr den t\u00e4glichen Gebrauch. Das System ist auf bis zu 6 kWh erweiterbar, so dass es Solarenergie f\u00fcr die Nutzung in Spitzenzeiten speichern kann. Es verf\u00fcgt \u00fcber eine der schnellsten Ladekapazit\u00e4ten der Welt und bietet dar\u00fcber hinaus einen fortschrittlichen BMS-Schutz, Schutzschichten innen und au\u00dfen, ein robustes Design und ein geringeres Gewicht dank modernster Technologie.<\/p>\n<p><strong>Kompatibilit\u00e4t und Kapazit\u00e4t<\/strong><\/p>\n<p>Der EcoFlow Delta 2 Max kann fast jedes Ger\u00e4t mit bis zu 3.100 W versorgen und ist mit dem PowerStream-Balkon-Photovoltaiksystem kompatibel. Mit einer Kapazit\u00e4t von 2.048 Wh, erweiterbar auf 6 kWh und einer Energiereserve f\u00fcr die ganze Familie, bietet er die M\u00f6glichkeit, einen 120-W-K\u00fchlschrank stundenlang mit Strom zu versorgen.<\/p>\n<p><strong>Ladedauer und Effizienz<\/strong><\/p>\n<p>Dar\u00fcber hinaus bietet der Delta 2 Max die weltweit schnellste Ladezeit von nur 43 Minuten bei einer Ladung von 80%, einen MPPT-Wirkungsgrad von 99% zur Maximierung der Solarenergie am Tag und ein individuelles In-App-Energiemanagement zur intelligenten Steuerung. Mit einer erweiterten 5-Jahres-Garantie, einem Ger\u00e4uschpegel von nur 30 dB und einer erweiterbaren LFP-Batteriel\u00f6sung ist der Delta 2 Max eine langlebige und zuverl\u00e4ssige Stromversorgung f\u00fcr eine Vielzahl von Anwendungen.<\/p>\n<p>&nbsp;<\/p>","protected":false},"excerpt":{"rendered":"<ul>\n<li>Kapazit\u00e4t: 2048Wh<\/li>\n<li>Zusatzakku:Unterst\u00fctzt bis zu zwei DELTA 2 Max Smart Extra Akkus \/ DELTA Max Smart Extra AkkuUnterst\u00fctzt bis zu zwei<\/li>\n<li>LTA 2 Max Smart Extra Batterie \/ DELTA Max Smart Extra Batterie<\/li>\n<li>AC-Ausgang: 4 Steckdosen, insgesamt 2400 W (4800 W Spitze)<\/li>\n<li>Maximale Ger\u00e4teleistung (mit X-Boost): X-Boost 3.100W<\/li>\n<li>USB-A-Ausgang: 2 Anschl\u00fcsse, 5 V, 2,4 A, max. 12 W pro Anschluss<\/li>\n<li>USB-A-Schnellladung: 2 Anschl\u00fcsse, 5V, 2,4A \/ 9V, 2A \/ 12V, 1,5A, 18W Max<\/li>\n<li>USB-C Ausgang: 2 Ports, 5\/9\/12\/15\/20V, 5A, 100W Max pro Port<\/li>\n<li>Ausgangsstrom im Auto: 1 Anschluss, 12,6 V, 10 A, maximal 126 W<\/li>\n<li>DC5521 Ausgang: 2 Anschl\u00fcsse, 12,6 V, 3 A, max. 38 W pro Anschluss<\/li>\n<li>AC-Laden: X-stream Quick Charge 2300 W, 10 A<\/li>\n<li>Solarladung: 11-60V 15A, Einzelanschluss 500W; 1.000W Doppelanschluss<\/li>\n<li>AC-Eingangsspannung: 220-240V~ max. 10A 50\/60Hz<\/li>\n<li>Automatisches Laden: Batterieunterst\u00fctzung 12V\/24V, 8A<\/li>\n<li>Batteriechemie: LFP (LiFePO4-Batterie)<\/li>\n<li>Lebensdauer: LFP (LiFePO4-Akku) 3.000 Zyklen bis \u00fcber 80% Kapazit\u00e4t<\/li>\n<li>Konnektivit\u00e4t: Bluetooth, Wi-Fi<\/li>\n<li>Abmessungen: 49,7 x 24,2 x 30,5 cm<\/li>\n<li>Nettogewicht: 23 kg<\/li>\n<\/ul>","protected":false},"featured_media":4526,"template":"","meta":{"_acf_changed":false},"product_brand":[],"product_cat":[454,97,245,276,415,628],"product_tag":[],"class_list":{"0":"post-4535","1":"product","2":"type-product","3":"status-publish","4":"has-post-thumbnail","6":"product_cat-alle-powerstations","7":"product_cat-alle-producten","8":"product_cat-ecoflow","9":"product_cat-ecoflow-powerstations","10":"product_cat-energy","11":"product_cat-powerstations","12":"product_shipping_class-outofstock","13":"pa_afmetingen-497-x-242-x-305cm","14":"pa_brand-ecoflow","15":"pa_capaciteit-2048-wh","16":"pa_gewicht-23-kg","17":"pa_input-dc-netstroom-poort-2300w_x000d_-solar-port-xt60-500-w-11-60-v-dual-port-1000w_x000d_-car-charger-12v-24v-dc-8a-max","18":"pa_materiaal-kunststof","19":"pa_oplaadtijd-via-ac-1-4-uur","20":"pa_output-230-v-4-x-ac-230-v-eu-schuko_x000d_-totaal-max-2400-w-continuvermogen_x000d_-totaal-max-4800-w-piek-vermogen","21":"pa_output-dc-12-v-car-port-12-6v-10a-_x000d_-2-x-dc5521-output-12-6v-dc-3a","22":"pa_output-usb-2-x-usb-a-5v-up-to-2-4a-12w-max_x000d_-2-x-fast-charge-usb-port-5v-2-4a-9v-2a-12v-1-5a_x000d_-2-x-usb-c-port-5-9-12-15-20v-5a-100w-max","23":"pa_productfamily-power-station","24":"pa_producttype-power-station","25":"pa_series-delta-2","26":"pa_type-batterij-lifepo4","27":"pa_wifi-functie-ja","29":"first","30":"outofstock","31":"taxable","32":"shipping-taxable","33":"purchasable","34":"product-type-simple"},"acf":[],"yoast_head":"<!-- This site is optimized with the Yoast SEO Premium plugin v27.2 (Yoast SEO v27.2) - https:\/\/yoast.com\/product\/yoast-seo-premium-wordpress\/ -->\n<title>Ecoflow Delta 2 Max - koningdrone.be<\/title>\n<meta name=\"robots\" content=\"index, follow, max-snippet:-1, max-image-preview:large, max-video-preview:-1\" \/>\n<link rel=\"canonical\" href=\"https:\/\/koningdrone.be\/de\/produkt\/ecoflow-delta-2-max\/\" \/>\n<meta property=\"og:locale\" content=\"de_DE\" \/>\n<meta property=\"og:type\" content=\"article\" \/>\n<meta property=\"og:title\" content=\"Ecoflow Delta 2 Max\" \/>\n<meta property=\"og:description\" content=\"Capaciteit: 2048Wh  Extra batterij: Ondersteunt maximaal twee DELTA 2 Max Smart Extra batterijen \/ DELTA Max Smart Extra batterijOndersteunt maximaal twee  LTA 2 Max Smart Extra accu&#039;s \/ DELTA Max Smart Extra accu  AC output: 4 stopcontacten, 2400W totaal (4800W piek)  Maximaal apparaatvermogen (met X-Boost): X-Boost 3.100W  USB-A-uitgang: 2 poorten, 5V, 2,4A, max. 12W per poort  USB-A snel opladen: 2 poorten, 5V, 2.4A \/ 9V, 2A \/ 12V, 1.5A, 18W Max  USB-C-uitgang: 2 poorten, 5\/9\/12\/15\/20V, 5A, 100W Max per poort  Uitgangsstroom auto: 1 poort, 12,6V, 10A, 126W Max  DC5521-uitgang: 2 poorten, 12,6 V, 3 A, max. 38 W per poort  AC-opladen: X-stream Quick Charge 2300 W, 10 A  Opladen op zonne-energie: 11-60V 15A, enkele poort 500W; 1.000W dubbele poort  AC ingangsspanning: 220-240V~ max. 10A 50\/60Hz  Auto opladen: batterijondersteuning 12V\/24V, 8A  Batterijchemie: LFP (LiFePO4-batterij)  Levenscyclus: LFP (LiFePO4-batterij) 3.000 cycli tot meer dan 80% capaciteit  Connectiviteit: Bluetooth, wifi  Afmetingen: 49,7 x 24,2 x 30,5 cm  Netto gewicht: 23 kg\" \/>\n<meta property=\"og:url\" content=\"https:\/\/koningdrone.be\/de\/produkt\/ecoflow-delta-2-max\/\" \/>\n<meta property=\"og:site_name\" content=\"koningdrone.be\" \/>\n<meta property=\"article:modified_time\" content=\"2026-04-29T14:40:34+00:00\" \/>\n<meta property=\"og:image\" content=\"https:\/\/koningdrone.be\/wp-content\/uploads\/sites\/13\/2025\/04\/4895251604772-1.webp\" \/>\n\t<meta property=\"og:image:width\" content=\"1313\" \/>\n\t<meta property=\"og:image:height\" content=\"1313\" \/>\n\t<meta property=\"og:image:type\" content=\"image\/webp\" \/>\n<meta name=\"twitter:card\" content=\"summary_large_image\" \/>\n<meta name=\"twitter:label1\" content=\"Gesch\u00e4tzte Lesezeit\" \/>\n\t<meta name=\"twitter:data1\" content=\"1\u00a0Minute\" \/>\n<script type=\"application\/ld+json\" class=\"yoast-schema-graph\">{\"@context\":\"https:\/\/schema.org\",\"@graph\":[{\"@type\":\"WebPage\",\"@id\":\"https:\/\/koningdrone.be\/product\/ecoflow-delta-2-max\/\",\"url\":\"https:\/\/koningdrone.be\/product\/ecoflow-delta-2-max\/\",\"name\":\"Ecoflow Delta 2 Max - koningdrone.be\",\"isPartOf\":{\"@id\":\"https:\/\/koningdrone.be\/#website\"},\"primaryImageOfPage\":{\"@id\":\"https:\/\/koningdrone.be\/product\/ecoflow-delta-2-max\/#primaryimage\"},\"image\":{\"@id\":\"https:\/\/koningdrone.be\/product\/ecoflow-delta-2-max\/#primaryimage\"},\"thumbnailUrl\":\"https:\/\/koningdrone.be\/wp-content\/uploads\/sites\/13\/2025\/04\/4895251604772-1.webp\",\"datePublished\":\"2023-07-05T11:45:41+00:00\",\"dateModified\":\"2026-04-29T14:40:34+00:00\",\"breadcrumb\":{\"@id\":\"https:\/\/koningdrone.be\/product\/ecoflow-delta-2-max\/#breadcrumb\"},\"inLanguage\":\"de\",\"potentialAction\":[{\"@type\":\"ReadAction\",\"target\":[\"https:\/\/koningdrone.be\/product\/ecoflow-delta-2-max\/\"]}]},{\"@type\":\"ImageObject\",\"inLanguage\":\"de\",\"@id\":\"https:\/\/koningdrone.be\/product\/ecoflow-delta-2-max\/#primaryimage\",\"url\":\"https:\/\/koningdrone.be\/wp-content\/uploads\/sites\/13\/2025\/04\/4895251604772-1.webp\",\"contentUrl\":\"https:\/\/koningdrone.be\/wp-content\/uploads\/sites\/13\/2025\/04\/4895251604772-1.webp\",\"width\":1313,\"height\":1313},{\"@type\":\"BreadcrumbList\",\"@id\":\"https:\/\/koningdrone.be\/product\/ecoflow-delta-2-max\/#breadcrumb\",\"itemListElement\":[{\"@type\":\"ListItem\",\"position\":1,\"name\":\"Home\",\"item\":\"https:\/\/koningdrone.be\/\"},{\"@type\":\"ListItem\",\"position\":2,\"name\":\"AVSS Parachute Recovery System for DJI Matrice 300\/350\",\"item\":\"https:\/\/koningdrone.be\/product\/avss-parachute-recovery-system-for-dji-matrice-300-350\/\"},{\"@type\":\"ListItem\",\"position\":3,\"name\":\"Alle powerstations\",\"item\":\"https:\/\/koningdrone.be\/categorie\/alle-powerstations\/\"},{\"@type\":\"ListItem\",\"position\":4,\"name\":\"Ecoflow Delta 2 Max\"}]},{\"@type\":\"WebSite\",\"@id\":\"https:\/\/koningdrone.be\/#website\",\"url\":\"https:\/\/koningdrone.be\/\",\"name\":\"Koningdrone.be - Uw online specialist in drones, gimbals, camera's en power stations.\",\"description\":\"De webshop in drones en gimbals\",\"publisher\":{\"@id\":\"https:\/\/koningdrone.be\/#organization\"},\"potentialAction\":[{\"@type\":\"SearchAction\",\"target\":{\"@type\":\"EntryPoint\",\"urlTemplate\":\"https:\/\/koningdrone.be\/?s={search_term_string}\"},\"query-input\":{\"@type\":\"PropertyValueSpecification\",\"valueRequired\":true,\"valueName\":\"search_term_string\"}}],\"inLanguage\":\"de\"},{\"@type\":\"Organization\",\"@id\":\"https:\/\/koningdrone.be\/#organization\",\"name\":\"Koningdrone.be\",\"url\":\"https:\/\/koningdrone.be\/\",\"logo\":{\"@type\":\"ImageObject\",\"inLanguage\":\"de\",\"@id\":\"https:\/\/koningdrone.be\/#\/schema\/logo\/image\/\",\"url\":\"https:\/\/koningdrone.be\/wp-content\/uploads\/sites\/13\/2025\/04\/koningdrone-copyright-logo.svg\",\"contentUrl\":\"https:\/\/koningdrone.be\/wp-content\/uploads\/sites\/13\/2025\/04\/koningdrone-copyright-logo.svg\",\"width\":227,\"height\":38,\"caption\":\"Koningdrone.be\"},\"image\":{\"@id\":\"https:\/\/koningdrone.be\/#\/schema\/logo\/image\/\"}}]}<\/script>\n<!-- \/ Yoast SEO Premium plugin. -->","yoast_head_json":{"title":"Ecoflow Delta 2 Max - koningdrone.be","robots":{"index":"index","follow":"follow","max-snippet":"max-snippet:-1","max-image-preview":"max-image-preview:large","max-video-preview":"max-video-preview:-1"},"canonical":"https:\/\/koningdrone.be\/de\/produkt\/ecoflow-delta-2-max\/","og_locale":"de_DE","og_type":"article","og_title":"Ecoflow Delta 2 Max","og_description":"Capaciteit: 2048Wh  Extra batterij: Ondersteunt maximaal twee DELTA 2 Max Smart Extra batterijen \/ DELTA Max Smart Extra batterijOndersteunt maximaal twee  LTA 2 Max Smart Extra accu's \/ DELTA Max Smart Extra accu  AC output: 4 stopcontacten, 2400W totaal (4800W piek)  Maximaal apparaatvermogen (met X-Boost): X-Boost 3.100W  USB-A-uitgang: 2 poorten, 5V, 2,4A, max. 12W per poort  USB-A snel opladen: 2 poorten, 5V, 2.4A \/ 9V, 2A \/ 12V, 1.5A, 18W Max  USB-C-uitgang: 2 poorten, 5\/9\/12\/15\/20V, 5A, 100W Max per poort  Uitgangsstroom auto: 1 poort, 12,6V, 10A, 126W Max  DC5521-uitgang: 2 poorten, 12,6 V, 3 A, max. 38 W per poort  AC-opladen: X-stream Quick Charge 2300 W, 10 A  Opladen op zonne-energie: 11-60V 15A, enkele poort 500W; 1.000W dubbele poort  AC ingangsspanning: 220-240V~ max. 10A 50\/60Hz  Auto opladen: batterijondersteuning 12V\/24V, 8A  Batterijchemie: LFP (LiFePO4-batterij)  Levenscyclus: LFP (LiFePO4-batterij) 3.000 cycli tot meer dan 80% capaciteit  Connectiviteit: Bluetooth, wifi  Afmetingen: 49,7 x 24,2 x 30,5 cm  Netto gewicht: 23 kg","og_url":"https:\/\/koningdrone.be\/de\/produkt\/ecoflow-delta-2-max\/","og_site_name":"koningdrone.be","article_modified_time":"2026-04-29T14:40:34+00:00","og_image":[{"width":1313,"height":1313,"url":"https:\/\/koningdrone.be\/wp-content\/uploads\/sites\/13\/2025\/04\/4895251604772-1.webp","type":"image\/webp"}],"twitter_card":"summary_large_image","twitter_misc":{"Gesch\u00e4tzte Lesezeit":"1\u00a0Minute"},"schema":{"@context":"https:\/\/schema.org","@graph":[{"@type":"WebPage","@id":"https:\/\/koningdrone.be\/product\/ecoflow-delta-2-max\/","url":"https:\/\/koningdrone.be\/product\/ecoflow-delta-2-max\/","name":"Ecoflow Delta 2 Max - koningdrone.be","isPartOf":{"@id":"https:\/\/koningdrone.be\/#website"},"primaryImageOfPage":{"@id":"https:\/\/koningdrone.be\/product\/ecoflow-delta-2-max\/#primaryimage"},"image":{"@id":"https:\/\/koningdrone.be\/product\/ecoflow-delta-2-max\/#primaryimage"},"thumbnailUrl":"https:\/\/koningdrone.be\/wp-content\/uploads\/sites\/13\/2025\/04\/4895251604772-1.webp","datePublished":"2023-07-05T11:45:41+00:00","dateModified":"2026-04-29T14:40:34+00:00","breadcrumb":{"@id":"https:\/\/koningdrone.be\/product\/ecoflow-delta-2-max\/#breadcrumb"},"inLanguage":"de","potentialAction":[{"@type":"ReadAction","target":["https:\/\/koningdrone.be\/product\/ecoflow-delta-2-max\/"]}]},{"@type":"ImageObject","inLanguage":"de","@id":"https:\/\/koningdrone.be\/product\/ecoflow-delta-2-max\/#primaryimage","url":"https:\/\/koningdrone.be\/wp-content\/uploads\/sites\/13\/2025\/04\/4895251604772-1.webp","contentUrl":"https:\/\/koningdrone.be\/wp-content\/uploads\/sites\/13\/2025\/04\/4895251604772-1.webp","width":1313,"height":1313},{"@type":"BreadcrumbList","@id":"https:\/\/koningdrone.be\/product\/ecoflow-delta-2-max\/#breadcrumb","itemListElement":[{"@type":"ListItem","position":1,"name":"Home","item":"https:\/\/koningdrone.be\/"},{"@type":"ListItem","position":2,"name":"AVSS Parachute Recovery System for DJI Matrice 300\/350","item":"https:\/\/koningdrone.be\/product\/avss-parachute-recovery-system-for-dji-matrice-300-350\/"},{"@type":"ListItem","position":3,"name":"Alle powerstations","item":"https:\/\/koningdrone.be\/categorie\/alle-powerstations\/"},{"@type":"ListItem","position":4,"name":"Ecoflow Delta 2 Max"}]},{"@type":"WebSite","@id":"https:\/\/koningdrone.be\/#website","url":"https:\/\/koningdrone.be\/","name":"Koningdrone.be - Ihr Online-Spezialist f\u00fcr Drohnen, Gimbals, Kameras und Kraftwerke.","description":"Der Webshop f\u00fcr Drohnen und Gimbals","publisher":{"@id":"https:\/\/koningdrone.be\/#organization"},"potentialAction":[{"@type":"SearchAction","target":{"@type":"EntryPoint","urlTemplate":"https:\/\/koningdrone.be\/?s={search_term_string}"},"query-input":{"@type":"PropertyValueSpecification","valueRequired":true,"valueName":"search_term_string"}}],"inLanguage":"de"},{"@type":"Organization","@id":"https:\/\/koningdrone.be\/#organization","name":"Kingdrone.de","url":"https:\/\/koningdrone.be\/","logo":{"@type":"ImageObject","inLanguage":"de","@id":"https:\/\/koningdrone.be\/#\/schema\/logo\/image\/","url":"https:\/\/koningdrone.be\/wp-content\/uploads\/sites\/13\/2025\/04\/koningdrone-copyright-logo.svg","contentUrl":"https:\/\/koningdrone.be\/wp-content\/uploads\/sites\/13\/2025\/04\/koningdrone-copyright-logo.svg","width":227,"height":38,"caption":"Koningdrone.be"},"image":{"@id":"https:\/\/koningdrone.be\/#\/schema\/logo\/image\/"}}]}},"df_price":1799,"df_sale_price":"","df_regular_price":1799,"df_image_link":"https:\/\/koningdrone.be\/wp-content\/uploads\/sites\/13\/2025\/04\/4895251604772-1-300x300.webp","_links":{"self":[{"href":"https:\/\/koningdrone.be\/de\/wp-json\/wp\/v2\/product\/4535","targetHints":{"allow":["GET"]}}],"collection":[{"href":"https:\/\/koningdrone.be\/de\/wp-json\/wp\/v2\/product"}],"about":[{"href":"https:\/\/koningdrone.be\/de\/wp-json\/wp\/v2\/types\/product"}],"wp:featuredmedia":[{"embeddable":true,"href":"https:\/\/koningdrone.be\/de\/wp-json\/wp\/v2\/media\/4526"}],"wp:attachment":[{"href":"https:\/\/koningdrone.be\/de\/wp-json\/wp\/v2\/media?parent=4535"}],"wp:term":[{"taxonomy":"product_brand","embeddable":true,"href":"https:\/\/koningdrone.be\/de\/wp-json\/wp\/v2\/product_brand?post=4535"},{"taxonomy":"product_cat","embeddable":true,"href":"https:\/\/koningdrone.be\/de\/wp-json\/wp\/v2\/product_cat?post=4535"},{"taxonomy":"product_tag","embeddable":true,"href":"https:\/\/koningdrone.be\/de\/wp-json\/wp\/v2\/product_tag?post=4535"}],"curies":[{"name":"wp","href":"https:\/\/api.w.org\/{rel}","templated":true}]}}