{"id":4411,"date":"2023-07-20T10:56:45","date_gmt":"2023-07-20T08:56:45","guid":{"rendered":"https:\/\/koningdrone.nl\/kon\/product\/dji-matrice-30-frame-arm-carbon-tube-m1-2\/"},"modified":"2026-04-29T05:00:45","modified_gmt":"2026-04-29T03:00:45","slug":"dji-matrice-30-frame-arm-carbon-tube-m1-2","status":"publish","type":"product","link":"https:\/\/koningdrone.be\/de\/produkt\/dji-matrice-30-frame-arm-carbon-tube-m1-2\/","title":{"rendered":"DJI Matrice 30 - Rahmen Arm Carbon Rohr (M1)"},"content":{"rendered":"<h1>DJI Matrice 30 Rahmen Arm Carbon Rohr (M1)<\/h1>\n<p>\"Dies ist ein Teil zur Reparatur der DJI Matrice 30. Die Farben auf dem Foto entsprechen m\u00f6glicherweise nicht den tats\u00e4chlichen Farben. Fotos k\u00f6nnen aufgrund der verwendeten Studiobeleuchtung heller sein. Wenn es irgendwelche Fragen gibt, kontaktieren Sie uns bitte.<\/p>","protected":false},"excerpt":{"rendered":"<ul>\n<li>Frame Arm Carbon Rohr (M1) f\u00fcr die DJI Matrice 30<\/li>\n<\/ul>","protected":false},"featured_media":4409,"template":"","meta":{"_acf_changed":false},"product_brand":[],"product_cat":[97,149,452],"product_tag":[],"class_list":{"0":"post-4411","1":"product","2":"type-product","3":"status-publish","4":"has-post-thumbnail","6":"product_cat-alle-producten","7":"product_cat-dji-matrice-30","8":"product_cat-reparatie","9":"product_shipping_class-outofstock","10":"pa_brand-dji","11":"pa_productfamily-reparatie","12":"pa_producttype-reparatie","13":"pa_series-matrice-30","15":"first","16":"outofstock","17":"taxable","18":"shipping-taxable","19":"product-type-simple"},"acf":[],"yoast_head":"<!-- This site is optimized with the Yoast SEO Premium plugin v27.2 (Yoast SEO v27.2) - https:\/\/yoast.com\/product\/yoast-seo-premium-wordpress\/ -->\n<title>DJI Matrice 30 - Frame Arm Carbon Tube (M1) - koningdrone.be<\/title>\n<meta name=\"robots\" content=\"index, follow, max-snippet:-1, max-image-preview:large, max-video-preview:-1\" \/>\n<link rel=\"canonical\" href=\"https:\/\/koningdrone.be\/de\/produkt\/dji-matrice-30-frame-arm-carbon-tube-m1-2\/\" \/>\n<meta property=\"og:locale\" content=\"de_DE\" \/>\n<meta property=\"og:type\" content=\"article\" \/>\n<meta property=\"og:title\" content=\"DJI Matrice 30 - Frame Arm Carbon Tube (M1)\" \/>\n<meta property=\"og:description\" content=\"Frame Arm Carbon Tube (M1) voor de DJI Matrice 30\" \/>\n<meta property=\"og:url\" content=\"https:\/\/koningdrone.be\/de\/produkt\/dji-matrice-30-frame-arm-carbon-tube-m1-2\/\" \/>\n<meta property=\"og:site_name\" content=\"koningdrone.be\" \/>\n<meta property=\"article:modified_time\" content=\"2026-04-29T03:00:45+00:00\" \/>\n<meta property=\"og:image\" content=\"https:\/\/koningdrone.be\/wp-content\/uploads\/sites\/13\/2025\/04\/YC.JG_.ZS001623.06-1-1.jpg\" \/>\n\t<meta property=\"og:image:width\" content=\"1000\" \/>\n\t<meta property=\"og:image:height\" content=\"667\" \/>\n\t<meta property=\"og:image:type\" content=\"image\/jpeg\" \/>\n<meta name=\"twitter:card\" content=\"summary_large_image\" \/>\n<script type=\"application\/ld+json\" class=\"yoast-schema-graph\">{\"@context\":\"https:\/\/schema.org\",\"@graph\":[{\"@type\":\"WebPage\",\"@id\":\"https:\/\/koningdrone.be\/product\/dji-matrice-30-frame-arm-carbon-tube-m1-2\/\",\"url\":\"https:\/\/koningdrone.be\/product\/dji-matrice-30-frame-arm-carbon-tube-m1-2\/\",\"name\":\"DJI Matrice 30 - Frame Arm Carbon Tube (M1) - koningdrone.be\",\"isPartOf\":{\"@id\":\"https:\/\/koningdrone.be\/#website\"},\"primaryImageOfPage\":{\"@id\":\"https:\/\/koningdrone.be\/product\/dji-matrice-30-frame-arm-carbon-tube-m1-2\/#primaryimage\"},\"image\":{\"@id\":\"https:\/\/koningdrone.be\/product\/dji-matrice-30-frame-arm-carbon-tube-m1-2\/#primaryimage\"},\"thumbnailUrl\":\"https:\/\/koningdrone.be\/wp-content\/uploads\/sites\/13\/2025\/04\/YC.JG_.ZS001623.06-1-1.jpg\",\"datePublished\":\"2023-07-20T08:56:45+00:00\",\"dateModified\":\"2026-04-29T03:00:45+00:00\",\"breadcrumb\":{\"@id\":\"https:\/\/koningdrone.be\/product\/dji-matrice-30-frame-arm-carbon-tube-m1-2\/#breadcrumb\"},\"inLanguage\":\"de\",\"potentialAction\":[{\"@type\":\"ReadAction\",\"target\":[\"https:\/\/koningdrone.be\/product\/dji-matrice-30-frame-arm-carbon-tube-m1-2\/\"]}]},{\"@type\":\"ImageObject\",\"inLanguage\":\"de\",\"@id\":\"https:\/\/koningdrone.be\/product\/dji-matrice-30-frame-arm-carbon-tube-m1-2\/#primaryimage\",\"url\":\"https:\/\/koningdrone.be\/wp-content\/uploads\/sites\/13\/2025\/04\/YC.JG_.ZS001623.06-1-1.jpg\",\"contentUrl\":\"https:\/\/koningdrone.be\/wp-content\/uploads\/sites\/13\/2025\/04\/YC.JG_.ZS001623.06-1-1.jpg\",\"width\":1000,\"height\":667},{\"@type\":\"BreadcrumbList\",\"@id\":\"https:\/\/koningdrone.be\/product\/dji-matrice-30-frame-arm-carbon-tube-m1-2\/#breadcrumb\",\"itemListElement\":[{\"@type\":\"ListItem\",\"position\":1,\"name\":\"Home\",\"item\":\"https:\/\/koningdrone.be\/\"},{\"@type\":\"ListItem\",\"position\":2,\"name\":\"AVSS Parachute Recovery System for DJI Matrice 300\/350\",\"item\":\"https:\/\/koningdrone.be\/product\/avss-parachute-recovery-system-for-dji-matrice-300-350\/\"},{\"@type\":\"ListItem\",\"position\":3,\"name\":\"Alle producten\",\"item\":\"https:\/\/koningdrone.be\/categorie\/alle-producten\/\"},{\"@type\":\"ListItem\",\"position\":4,\"name\":\"DJI Matrice 30 &#8211; Frame Arm Carbon Tube (M1)\"}]},{\"@type\":\"WebSite\",\"@id\":\"https:\/\/koningdrone.be\/#website\",\"url\":\"https:\/\/koningdrone.be\/\",\"name\":\"Koningdrone.be - Uw online specialist in drones, gimbals, camera's en power stations.\",\"description\":\"De webshop in drones en gimbals\",\"publisher\":{\"@id\":\"https:\/\/koningdrone.be\/#organization\"},\"potentialAction\":[{\"@type\":\"SearchAction\",\"target\":{\"@type\":\"EntryPoint\",\"urlTemplate\":\"https:\/\/koningdrone.be\/?s={search_term_string}\"},\"query-input\":{\"@type\":\"PropertyValueSpecification\",\"valueRequired\":true,\"valueName\":\"search_term_string\"}}],\"inLanguage\":\"de\"},{\"@type\":\"Organization\",\"@id\":\"https:\/\/koningdrone.be\/#organization\",\"name\":\"Koningdrone.be\",\"url\":\"https:\/\/koningdrone.be\/\",\"logo\":{\"@type\":\"ImageObject\",\"inLanguage\":\"de\",\"@id\":\"https:\/\/koningdrone.be\/#\/schema\/logo\/image\/\",\"url\":\"https:\/\/koningdrone.be\/wp-content\/uploads\/sites\/13\/2025\/04\/koningdrone-copyright-logo.svg\",\"contentUrl\":\"https:\/\/koningdrone.be\/wp-content\/uploads\/sites\/13\/2025\/04\/koningdrone-copyright-logo.svg\",\"width\":227,\"height\":38,\"caption\":\"Koningdrone.be\"},\"image\":{\"@id\":\"https:\/\/koningdrone.be\/#\/schema\/logo\/image\/\"}}]}<\/script>\n<!-- \/ Yoast SEO Premium plugin. -->","yoast_head_json":{"title":"DJI Matrice 30 - Frame Arm Carbon Tube (M1) - koningdrone.be","robots":{"index":"index","follow":"follow","max-snippet":"max-snippet:-1","max-image-preview":"max-image-preview:large","max-video-preview":"max-video-preview:-1"},"canonical":"https:\/\/koningdrone.be\/de\/produkt\/dji-matrice-30-frame-arm-carbon-tube-m1-2\/","og_locale":"de_DE","og_type":"article","og_title":"DJI Matrice 30 - Frame Arm Carbon Tube (M1)","og_description":"Frame Arm Carbon Tube (M1) voor de DJI Matrice 30","og_url":"https:\/\/koningdrone.be\/de\/produkt\/dji-matrice-30-frame-arm-carbon-tube-m1-2\/","og_site_name":"koningdrone.be","article_modified_time":"2026-04-29T03:00:45+00:00","og_image":[{"width":1000,"height":667,"url":"https:\/\/koningdrone.be\/wp-content\/uploads\/sites\/13\/2025\/04\/YC.JG_.ZS001623.06-1-1.jpg","type":"image\/jpeg"}],"twitter_card":"summary_large_image","schema":{"@context":"https:\/\/schema.org","@graph":[{"@type":"WebPage","@id":"https:\/\/koningdrone.be\/product\/dji-matrice-30-frame-arm-carbon-tube-m1-2\/","url":"https:\/\/koningdrone.be\/product\/dji-matrice-30-frame-arm-carbon-tube-m1-2\/","name":"DJI Matrice 30 - Frame Arm Carbon Tube (M1) - koningdrone.be","isPartOf":{"@id":"https:\/\/koningdrone.be\/#website"},"primaryImageOfPage":{"@id":"https:\/\/koningdrone.be\/product\/dji-matrice-30-frame-arm-carbon-tube-m1-2\/#primaryimage"},"image":{"@id":"https:\/\/koningdrone.be\/product\/dji-matrice-30-frame-arm-carbon-tube-m1-2\/#primaryimage"},"thumbnailUrl":"https:\/\/koningdrone.be\/wp-content\/uploads\/sites\/13\/2025\/04\/YC.JG_.ZS001623.06-1-1.jpg","datePublished":"2023-07-20T08:56:45+00:00","dateModified":"2026-04-29T03:00:45+00:00","breadcrumb":{"@id":"https:\/\/koningdrone.be\/product\/dji-matrice-30-frame-arm-carbon-tube-m1-2\/#breadcrumb"},"inLanguage":"de","potentialAction":[{"@type":"ReadAction","target":["https:\/\/koningdrone.be\/product\/dji-matrice-30-frame-arm-carbon-tube-m1-2\/"]}]},{"@type":"ImageObject","inLanguage":"de","@id":"https:\/\/koningdrone.be\/product\/dji-matrice-30-frame-arm-carbon-tube-m1-2\/#primaryimage","url":"https:\/\/koningdrone.be\/wp-content\/uploads\/sites\/13\/2025\/04\/YC.JG_.ZS001623.06-1-1.jpg","contentUrl":"https:\/\/koningdrone.be\/wp-content\/uploads\/sites\/13\/2025\/04\/YC.JG_.ZS001623.06-1-1.jpg","width":1000,"height":667},{"@type":"BreadcrumbList","@id":"https:\/\/koningdrone.be\/product\/dji-matrice-30-frame-arm-carbon-tube-m1-2\/#breadcrumb","itemListElement":[{"@type":"ListItem","position":1,"name":"Home","item":"https:\/\/koningdrone.be\/"},{"@type":"ListItem","position":2,"name":"AVSS Parachute Recovery System for DJI Matrice 300\/350","item":"https:\/\/koningdrone.be\/product\/avss-parachute-recovery-system-for-dji-matrice-300-350\/"},{"@type":"ListItem","position":3,"name":"Alle producten","item":"https:\/\/koningdrone.be\/categorie\/alle-producten\/"},{"@type":"ListItem","position":4,"name":"DJI Matrice 30 &#8211; Frame Arm Carbon Tube (M1)"}]},{"@type":"WebSite","@id":"https:\/\/koningdrone.be\/#website","url":"https:\/\/koningdrone.be\/","name":"Koningdrone.be - Ihr Online-Spezialist f\u00fcr Drohnen, Gimbals, Kameras und Kraftwerke.","description":"Der Webshop f\u00fcr Drohnen und Gimbals","publisher":{"@id":"https:\/\/koningdrone.be\/#organization"},"potentialAction":[{"@type":"SearchAction","target":{"@type":"EntryPoint","urlTemplate":"https:\/\/koningdrone.be\/?s={search_term_string}"},"query-input":{"@type":"PropertyValueSpecification","valueRequired":true,"valueName":"search_term_string"}}],"inLanguage":"de"},{"@type":"Organization","@id":"https:\/\/koningdrone.be\/#organization","name":"Kingdrone.de","url":"https:\/\/koningdrone.be\/","logo":{"@type":"ImageObject","inLanguage":"de","@id":"https:\/\/koningdrone.be\/#\/schema\/logo\/image\/","url":"https:\/\/koningdrone.be\/wp-content\/uploads\/sites\/13\/2025\/04\/koningdrone-copyright-logo.svg","contentUrl":"https:\/\/koningdrone.be\/wp-content\/uploads\/sites\/13\/2025\/04\/koningdrone-copyright-logo.svg","width":227,"height":38,"caption":"Koningdrone.be"},"image":{"@id":"https:\/\/koningdrone.be\/#\/schema\/logo\/image\/"}}]}},"df_price":"","df_sale_price":"","df_regular_price":"","df_image_link":"https:\/\/koningdrone.be\/wp-content\/uploads\/sites\/13\/2025\/04\/YC.JG_.ZS001623.06-1-1-300x200.jpg","_links":{"self":[{"href":"https:\/\/koningdrone.be\/de\/wp-json\/wp\/v2\/product\/4411","targetHints":{"allow":["GET"]}}],"collection":[{"href":"https:\/\/koningdrone.be\/de\/wp-json\/wp\/v2\/product"}],"about":[{"href":"https:\/\/koningdrone.be\/de\/wp-json\/wp\/v2\/types\/product"}],"wp:featuredmedia":[{"embeddable":true,"href":"https:\/\/koningdrone.be\/de\/wp-json\/wp\/v2\/media\/4409"}],"wp:attachment":[{"href":"https:\/\/koningdrone.be\/de\/wp-json\/wp\/v2\/media?parent=4411"}],"wp:term":[{"taxonomy":"product_brand","embeddable":true,"href":"https:\/\/koningdrone.be\/de\/wp-json\/wp\/v2\/product_brand?post=4411"},{"taxonomy":"product_cat","embeddable":true,"href":"https:\/\/koningdrone.be\/de\/wp-json\/wp\/v2\/product_cat?post=4411"},{"taxonomy":"product_tag","embeddable":true,"href":"https:\/\/koningdrone.be\/de\/wp-json\/wp\/v2\/product_tag?post=4411"}],"curies":[{"name":"wp","href":"https:\/\/api.w.org\/{rel}","templated":true}]}}