{"id":4319,"date":"2023-09-27T09:31:15","date_gmt":"2023-09-27T07:31:15","guid":{"rendered":"https:\/\/koningdrone.nl\/kon\/product\/jackery-explorer-2000-pro-bag\/"},"modified":"2026-04-29T14:50:17","modified_gmt":"2026-04-29T12:50:17","slug":"jackery-explorer-2000-pro-bag","status":"publish","type":"product","link":"https:\/\/koningdrone.be\/de\/produkt\/jackery-explorer-2000-pro-bag\/","title":{"rendered":"Jackery Explorer 2000 Pro Tasche"},"content":{"rendered":"<h1><span style=\"vertical-align: inherit\"><span style=\"vertical-align: inherit\">Jackery Explorer 2000 Pro Tasche<\/span><\/span><\/h1>\n<p><span style=\"vertical-align: inherit\"><span style=\"vertical-align: inherit\">Gr\u00f6\u00dfe 395*275*370(MM) - Passend f\u00fcr Explorer 2000 Pro &amp; 1500 Pro portable Power Station. Eine praktische Reisetasche f\u00fcr die Erkundung im Freien.<\/span><\/span><\/p>","protected":false},"excerpt":{"rendered":"<ul>\n<li>Gr\u00f6\u00dfe in 395*275*370 (MM) - F\u00fcr Explorer 2000 Pro &amp; 1500 Pro tragbares Kraftpaket. Eine praktische Reisetasche f\u00fcr Erkundungen im Freien.<\/li>\n<\/ul>","protected":false},"featured_media":4313,"template":"","meta":{"_acf_changed":false},"product_brand":[],"product_cat":[454,97,201,415,475,476],"product_tag":[],"class_list":{"0":"post-4319","1":"product","2":"type-product","3":"status-publish","4":"has-post-thumbnail","6":"product_cat-alle-powerstations","7":"product_cat-alle-producten","8":"product_cat-alle-tassen-en-koffers","9":"product_cat-energy","10":"product_cat-jackery","11":"product_cat-jackery-powerstations","12":"product_shipping_class-outofstock","13":"pa_brand-jackery","14":"pa_productfamily-tas","15":"pa_producttype-tas","17":"first","18":"outofstock","19":"taxable","20":"shipping-taxable","21":"product-type-simple"},"acf":[],"yoast_head":"<!-- This site is optimized with the Yoast SEO Premium plugin v27.2 (Yoast SEO v27.2) - https:\/\/yoast.com\/product\/yoast-seo-premium-wordpress\/ -->\n<title>Jackery Explorer 2000 Pro Bag - koningdrone.be<\/title>\n<meta name=\"robots\" content=\"index, follow, max-snippet:-1, max-image-preview:large, max-video-preview:-1\" \/>\n<link rel=\"canonical\" href=\"https:\/\/koningdrone.be\/de\/produkt\/jackery-explorer-2000-pro-bag\/\" \/>\n<meta property=\"og:locale\" content=\"de_DE\" \/>\n<meta property=\"og:type\" content=\"article\" \/>\n<meta property=\"og:title\" content=\"Jackery Explorer 2000 Pro Bag\" \/>\n<meta property=\"og:description\" content=\"Afmeting in 395*275*370 (MM) - Gemaakt voor Explorer 2000 Pro &amp; 1500 Pro draagbare krachtcentrale. Een praktische reisdraagtas voor verkenningen in de buitenlucht.\" \/>\n<meta property=\"og:url\" content=\"https:\/\/koningdrone.be\/de\/produkt\/jackery-explorer-2000-pro-bag\/\" \/>\n<meta property=\"og:site_name\" content=\"koningdrone.be\" \/>\n<meta property=\"article:modified_time\" content=\"2026-04-29T12:50:17+00:00\" \/>\n<meta property=\"og:image\" content=\"https:\/\/koningdrone.be\/wp-content\/uploads\/sites\/13\/2025\/04\/Jackery-Explorer-2000-Pro-Bag-1.jpg\" \/>\n\t<meta property=\"og:image:width\" content=\"2000\" \/>\n\t<meta property=\"og:image:height\" content=\"2000\" \/>\n\t<meta property=\"og:image:type\" content=\"image\/jpeg\" \/>\n<meta name=\"twitter:card\" content=\"summary_large_image\" \/>\n<script type=\"application\/ld+json\" class=\"yoast-schema-graph\">{\"@context\":\"https:\/\/schema.org\",\"@graph\":[{\"@type\":\"WebPage\",\"@id\":\"https:\/\/koningdrone.be\/product\/jackery-explorer-2000-pro-bag\/\",\"url\":\"https:\/\/koningdrone.be\/product\/jackery-explorer-2000-pro-bag\/\",\"name\":\"Jackery Explorer 2000 Pro Bag - koningdrone.be\",\"isPartOf\":{\"@id\":\"https:\/\/koningdrone.be\/#website\"},\"primaryImageOfPage\":{\"@id\":\"https:\/\/koningdrone.be\/product\/jackery-explorer-2000-pro-bag\/#primaryimage\"},\"image\":{\"@id\":\"https:\/\/koningdrone.be\/product\/jackery-explorer-2000-pro-bag\/#primaryimage\"},\"thumbnailUrl\":\"https:\/\/koningdrone.be\/wp-content\/uploads\/sites\/13\/2025\/04\/Jackery-Explorer-2000-Pro-Bag-1.jpg\",\"datePublished\":\"2023-09-27T07:31:15+00:00\",\"dateModified\":\"2026-04-29T12:50:17+00:00\",\"breadcrumb\":{\"@id\":\"https:\/\/koningdrone.be\/product\/jackery-explorer-2000-pro-bag\/#breadcrumb\"},\"inLanguage\":\"de\",\"potentialAction\":[{\"@type\":\"ReadAction\",\"target\":[\"https:\/\/koningdrone.be\/product\/jackery-explorer-2000-pro-bag\/\"]}]},{\"@type\":\"ImageObject\",\"inLanguage\":\"de\",\"@id\":\"https:\/\/koningdrone.be\/product\/jackery-explorer-2000-pro-bag\/#primaryimage\",\"url\":\"https:\/\/koningdrone.be\/wp-content\/uploads\/sites\/13\/2025\/04\/Jackery-Explorer-2000-Pro-Bag-1.jpg\",\"contentUrl\":\"https:\/\/koningdrone.be\/wp-content\/uploads\/sites\/13\/2025\/04\/Jackery-Explorer-2000-Pro-Bag-1.jpg\",\"width\":2000,\"height\":2000},{\"@type\":\"BreadcrumbList\",\"@id\":\"https:\/\/koningdrone.be\/product\/jackery-explorer-2000-pro-bag\/#breadcrumb\",\"itemListElement\":[{\"@type\":\"ListItem\",\"position\":1,\"name\":\"Home\",\"item\":\"https:\/\/koningdrone.be\/\"},{\"@type\":\"ListItem\",\"position\":2,\"name\":\"AVSS Parachute Recovery System for DJI Matrice 300\/350\",\"item\":\"https:\/\/koningdrone.be\/product\/avss-parachute-recovery-system-for-dji-matrice-300-350\/\"},{\"@type\":\"ListItem\",\"position\":3,\"name\":\"Alle powerstations\",\"item\":\"https:\/\/koningdrone.be\/categorie\/alle-powerstations\/\"},{\"@type\":\"ListItem\",\"position\":4,\"name\":\"Jackery Explorer 2000 Pro Bag\"}]},{\"@type\":\"WebSite\",\"@id\":\"https:\/\/koningdrone.be\/#website\",\"url\":\"https:\/\/koningdrone.be\/\",\"name\":\"Koningdrone.be - Uw online specialist in drones, gimbals, camera's en power stations.\",\"description\":\"De webshop in drones en gimbals\",\"publisher\":{\"@id\":\"https:\/\/koningdrone.be\/#organization\"},\"potentialAction\":[{\"@type\":\"SearchAction\",\"target\":{\"@type\":\"EntryPoint\",\"urlTemplate\":\"https:\/\/koningdrone.be\/?s={search_term_string}\"},\"query-input\":{\"@type\":\"PropertyValueSpecification\",\"valueRequired\":true,\"valueName\":\"search_term_string\"}}],\"inLanguage\":\"de\"},{\"@type\":\"Organization\",\"@id\":\"https:\/\/koningdrone.be\/#organization\",\"name\":\"Koningdrone.be\",\"url\":\"https:\/\/koningdrone.be\/\",\"logo\":{\"@type\":\"ImageObject\",\"inLanguage\":\"de\",\"@id\":\"https:\/\/koningdrone.be\/#\/schema\/logo\/image\/\",\"url\":\"https:\/\/koningdrone.be\/wp-content\/uploads\/sites\/13\/2025\/04\/koningdrone-copyright-logo.svg\",\"contentUrl\":\"https:\/\/koningdrone.be\/wp-content\/uploads\/sites\/13\/2025\/04\/koningdrone-copyright-logo.svg\",\"width\":227,\"height\":38,\"caption\":\"Koningdrone.be\"},\"image\":{\"@id\":\"https:\/\/koningdrone.be\/#\/schema\/logo\/image\/\"}}]}<\/script>\n<!-- \/ Yoast SEO Premium plugin. -->","yoast_head_json":{"title":"Jackery Explorer 2000 Pro Bag - koningdrone.be","robots":{"index":"index","follow":"follow","max-snippet":"max-snippet:-1","max-image-preview":"max-image-preview:large","max-video-preview":"max-video-preview:-1"},"canonical":"https:\/\/koningdrone.be\/de\/produkt\/jackery-explorer-2000-pro-bag\/","og_locale":"de_DE","og_type":"article","og_title":"Jackery Explorer 2000 Pro Bag","og_description":"Afmeting in 395*275*370 (MM) - Gemaakt voor Explorer 2000 Pro &amp; 1500 Pro draagbare krachtcentrale. Een praktische reisdraagtas voor verkenningen in de buitenlucht.","og_url":"https:\/\/koningdrone.be\/de\/produkt\/jackery-explorer-2000-pro-bag\/","og_site_name":"koningdrone.be","article_modified_time":"2026-04-29T12:50:17+00:00","og_image":[{"width":2000,"height":2000,"url":"https:\/\/koningdrone.be\/wp-content\/uploads\/sites\/13\/2025\/04\/Jackery-Explorer-2000-Pro-Bag-1.jpg","type":"image\/jpeg"}],"twitter_card":"summary_large_image","schema":{"@context":"https:\/\/schema.org","@graph":[{"@type":"WebPage","@id":"https:\/\/koningdrone.be\/product\/jackery-explorer-2000-pro-bag\/","url":"https:\/\/koningdrone.be\/product\/jackery-explorer-2000-pro-bag\/","name":"Jackery Explorer 2000 Pro Bag - koningdrone.be","isPartOf":{"@id":"https:\/\/koningdrone.be\/#website"},"primaryImageOfPage":{"@id":"https:\/\/koningdrone.be\/product\/jackery-explorer-2000-pro-bag\/#primaryimage"},"image":{"@id":"https:\/\/koningdrone.be\/product\/jackery-explorer-2000-pro-bag\/#primaryimage"},"thumbnailUrl":"https:\/\/koningdrone.be\/wp-content\/uploads\/sites\/13\/2025\/04\/Jackery-Explorer-2000-Pro-Bag-1.jpg","datePublished":"2023-09-27T07:31:15+00:00","dateModified":"2026-04-29T12:50:17+00:00","breadcrumb":{"@id":"https:\/\/koningdrone.be\/product\/jackery-explorer-2000-pro-bag\/#breadcrumb"},"inLanguage":"de","potentialAction":[{"@type":"ReadAction","target":["https:\/\/koningdrone.be\/product\/jackery-explorer-2000-pro-bag\/"]}]},{"@type":"ImageObject","inLanguage":"de","@id":"https:\/\/koningdrone.be\/product\/jackery-explorer-2000-pro-bag\/#primaryimage","url":"https:\/\/koningdrone.be\/wp-content\/uploads\/sites\/13\/2025\/04\/Jackery-Explorer-2000-Pro-Bag-1.jpg","contentUrl":"https:\/\/koningdrone.be\/wp-content\/uploads\/sites\/13\/2025\/04\/Jackery-Explorer-2000-Pro-Bag-1.jpg","width":2000,"height":2000},{"@type":"BreadcrumbList","@id":"https:\/\/koningdrone.be\/product\/jackery-explorer-2000-pro-bag\/#breadcrumb","itemListElement":[{"@type":"ListItem","position":1,"name":"Home","item":"https:\/\/koningdrone.be\/"},{"@type":"ListItem","position":2,"name":"AVSS Parachute Recovery System for DJI Matrice 300\/350","item":"https:\/\/koningdrone.be\/product\/avss-parachute-recovery-system-for-dji-matrice-300-350\/"},{"@type":"ListItem","position":3,"name":"Alle powerstations","item":"https:\/\/koningdrone.be\/categorie\/alle-powerstations\/"},{"@type":"ListItem","position":4,"name":"Jackery Explorer 2000 Pro Bag"}]},{"@type":"WebSite","@id":"https:\/\/koningdrone.be\/#website","url":"https:\/\/koningdrone.be\/","name":"Koningdrone.be - Ihr Online-Spezialist f\u00fcr Drohnen, Gimbals, Kameras und Kraftwerke.","description":"Der Webshop f\u00fcr Drohnen und Gimbals","publisher":{"@id":"https:\/\/koningdrone.be\/#organization"},"potentialAction":[{"@type":"SearchAction","target":{"@type":"EntryPoint","urlTemplate":"https:\/\/koningdrone.be\/?s={search_term_string}"},"query-input":{"@type":"PropertyValueSpecification","valueRequired":true,"valueName":"search_term_string"}}],"inLanguage":"de"},{"@type":"Organization","@id":"https:\/\/koningdrone.be\/#organization","name":"Kingdrone.de","url":"https:\/\/koningdrone.be\/","logo":{"@type":"ImageObject","inLanguage":"de","@id":"https:\/\/koningdrone.be\/#\/schema\/logo\/image\/","url":"https:\/\/koningdrone.be\/wp-content\/uploads\/sites\/13\/2025\/04\/koningdrone-copyright-logo.svg","contentUrl":"https:\/\/koningdrone.be\/wp-content\/uploads\/sites\/13\/2025\/04\/koningdrone-copyright-logo.svg","width":227,"height":38,"caption":"Koningdrone.be"},"image":{"@id":"https:\/\/koningdrone.be\/#\/schema\/logo\/image\/"}}]}},"df_price":"","df_sale_price":"","df_regular_price":"","df_image_link":"https:\/\/koningdrone.be\/wp-content\/uploads\/sites\/13\/2025\/04\/Jackery-Explorer-2000-Pro-Bag-1-300x300.jpg","_links":{"self":[{"href":"https:\/\/koningdrone.be\/de\/wp-json\/wp\/v2\/product\/4319","targetHints":{"allow":["GET"]}}],"collection":[{"href":"https:\/\/koningdrone.be\/de\/wp-json\/wp\/v2\/product"}],"about":[{"href":"https:\/\/koningdrone.be\/de\/wp-json\/wp\/v2\/types\/product"}],"wp:featuredmedia":[{"embeddable":true,"href":"https:\/\/koningdrone.be\/de\/wp-json\/wp\/v2\/media\/4313"}],"wp:attachment":[{"href":"https:\/\/koningdrone.be\/de\/wp-json\/wp\/v2\/media?parent=4319"}],"wp:term":[{"taxonomy":"product_brand","embeddable":true,"href":"https:\/\/koningdrone.be\/de\/wp-json\/wp\/v2\/product_brand?post=4319"},{"taxonomy":"product_cat","embeddable":true,"href":"https:\/\/koningdrone.be\/de\/wp-json\/wp\/v2\/product_cat?post=4319"},{"taxonomy":"product_tag","embeddable":true,"href":"https:\/\/koningdrone.be\/de\/wp-json\/wp\/v2\/product_tag?post=4319"}],"curies":[{"name":"wp","href":"https:\/\/api.w.org\/{rel}","templated":true}]}}