{"id":4240,"date":"2023-09-28T09:55:35","date_gmt":"2023-09-28T07:55:35","guid":{"rendered":"https:\/\/koningdrone.nl\/kon\/product\/dji-air-3-fly-more-combo-dji-rc-n2\/"},"modified":"2026-04-29T15:50:45","modified_gmt":"2026-04-29T13:50:45","slug":"dji-air-3-fly-more-combo-dji-rc-n2","status":"publish","type":"product","link":"https:\/\/koningdrone.be\/de\/produkt\/dji-air-3-fly-more-combo-dji-rc-n2\/","title":{"rendered":"DJI Air 3 Fly More Combo (DJI RC-N2)"},"content":{"rendered":"<p><strong>Verbesserte Kamerafunktionen<\/strong><\/p>\n<p> Die Air 3-Drohne ist mit zwei fortschrittlichen Kameras mit 1\/1,3-Zoll-CMOS-Sensoren ausgestattet, die ihre fotografischen F\u00e4higkeiten erheblich verbessern. Sie verf\u00fcgt \u00fcber eine Weitwinkel- und eine mittlere 3fach-Telekamera, die zusammenarbeiten, um hochwertige Bilder in einer Vielzahl von Umgebungen zu liefern. Diese Kameras k\u00f6nnen Fotos mit einer beeindruckenden Aufl\u00f6sung von 48 MP aufnehmen, die auch kleinste Details einfangen und die Bilder lebendig wirken lassen. Dar\u00fcber hinaus unterst\u00fctzen die Kameras duale native ISO-Werte und k\u00f6nnen HDR-Videos mit 4K\/60 Bildern pro Sekunde aufnehmen, wobei Bildausschnitt, Farbreichtum und Detailsch\u00e4rfe erhalten bleiben.<\/p>\n<p>  <strong>L\u00e4ngere Flugzeit und effizientes Energiemanagement<\/strong><\/p>\n<p> Das Air 3 ist eine deutliche Verbesserung gegen\u00fcber den Vorg\u00e4ngermodellen und bietet eine verl\u00e4ngerte Flugzeit von 46 Minuten, was einer Steigerung von 48% entspricht. Diese verl\u00e4ngerte Flugdauer wird durch einen intelligenten Akku-Ladepunkt unterst\u00fctzt, der nicht nur die Akkus aufl\u00e4dt, sondern auch eine effiziente Energie\u00fcbertragung zwischen ihnen erm\u00f6glicht. Diese Funktion ist bei l\u00e4ngerem Einsatz, sowohl bei der Feldarbeit als auch bei Freizeitaktivit\u00e4ten, \u00e4u\u00dferst n\u00fctzlich, da sie den Bedarf an h\u00e4ufigem Aufladen reduziert.<\/p>\n<p>  <strong>Fortschrittliche Navigations- und Sicherheitssysteme<\/strong><\/p>\n<p> Die Air 3 wurde mit fortschrittlichen Sicherheits- und Navigationstechnologien aufger\u00fcstet, einschlie\u00dflich einer vollst\u00e4ndig fokussierten Hinderniserkennung. Diese Drohne nutzt die fortschrittliche APAS 5.0-Technologie, um sanftere Ausweichman\u00f6ver durchzuf\u00fchren, was eine zus\u00e4tzliche Sicherheitsebene w\u00e4hrend des Fluges darstellt. Diese Technologie ist entscheidend, um Unf\u00e4lle zu vermeiden und einen stabilen Flug unter verschiedenen Umgebungsbedingungen zu gew\u00e4hrleisten.<\/p>\n<p>  <strong>Hochwertige Video\u00fcbertragung<\/strong><\/p>\n<p> Erg\u00e4nzend zu seinen fortschrittlichen Funktionen bietet das Air 3 das O4-Video\u00fcbertragungssystem der n\u00e4chsten Generation. Dieses System verbessert das Fernsteuerungserlebnis erheblich, indem es die maximale \u00dcbertragungsreichweite auf 20 Kilometer erweitert und eine Live-Video\u00fcbertragung mit 1080p\/60fps in h\u00f6chster Qualit\u00e4t unterst\u00fctzt. Die h\u00f6here Stabilit\u00e4t und Klarheit der Live-\u00dcbertragung erh\u00f6ht nicht nur das Vertrauen des Piloten, sondern steigert auch die Freude an der Luftbildfotografie und -videografie.<\/p>","protected":false},"excerpt":{"rendered":"<ul>\n<li>1\/1,3-Zoll-CMOS-Kameras mit Weitwinkel- und Teleobjektiv sorgen f\u00fcr eine hohe Bildqualit\u00e4t.<\/li>\n<li> Unterst\u00fctzt 3x mittlere Teleaufnahmen f\u00fcr dynamische F\u00e4higkeiten.<\/li>\n<li> Verl\u00e4ngerte Flugzeit von 46 Minuten, eine Verbesserung gegen\u00fcber 48%.<\/li>\n<li> Mit einer Batterieladestation f\u00fcr effiziente Energie\u00fcbertragung.<\/li>\n<li> Beide Kameras erzeugen 48-MP-Fotos mit naturgetreuen Details.<\/li>\n<li> Dual Native ISO in 1\/1,3-Zoll-CMOS-Sensoren unterst\u00fctzen 4K\/60fps HDR-Videos.<\/li>\n<li> Erweiterte Hinderniserkennung und APAS 5.0 f\u00fcr eine sicherere Navigation.<\/li>\n<li> Die O4-Video\u00fcbertragung der n\u00e4chsten Generation bietet eine Reichweite von bis zu 20 km.<\/li>\n<li> 1080p\/60fps Live-Feed f\u00fcr hochwertige Echtzeit-Videos.<\/li>\n<\/ul>","protected":false},"featured_media":4237,"template":"","meta":{"_acf_changed":false},"product_brand":[],"product_cat":[97,136,732,99],"product_tag":[],"class_list":{"0":"post-4240","1":"product","2":"type-product","3":"status-publish","4":"has-post-thumbnail","6":"product_cat-alle-producten","7":"product_cat-consumer-drones","8":"product_cat-dji-air-3","9":"product_cat-drones-met-certificaat","10":"product_shipping_class-outofstock","11":"pa_brand-dji","12":"pa_dronegrade-consumer","13":"pa_productfamily-drone","14":"pa_producttype-drone","15":"pa_series-air-3","17":"first","18":"outofstock","19":"taxable","20":"shipping-taxable","21":"purchasable","22":"product-type-simple"},"acf":[],"yoast_head":"<!-- This site is optimized with the Yoast SEO Premium plugin v27.2 (Yoast SEO v27.2) - https:\/\/yoast.com\/product\/yoast-seo-premium-wordpress\/ -->\n<title>DJI Air 3 Fly More Combo (DJI RC-N2) - koningdrone.be<\/title>\n<meta name=\"robots\" content=\"index, follow, max-snippet:-1, max-image-preview:large, max-video-preview:-1\" \/>\n<link rel=\"canonical\" href=\"https:\/\/koningdrone.be\/de\/produkt\/dji-air-3-fly-more-combo-dji-rc-n2\/\" \/>\n<meta property=\"og:locale\" content=\"de_DE\" \/>\n<meta property=\"og:type\" content=\"article\" \/>\n<meta property=\"og:title\" content=\"DJI Air 3 Fly More Combo (DJI RC-N2)\" \/>\n<meta property=\"og:description\" content=\"1\/1,3-inch CMOS-groothoek- en telecamera&#039;s zorgen voor een hoge beeldkwaliteit. Ondersteunt 3x medium telefoto-opnamen voor dynamische mogelijkheden. Verlengde vliegtijd van 46 minuten, een verbetering van 48%. Beschikt over een batterijoplaadhub voor effici\u00ebnte krachtoverdracht. Beide camera&#039;s produceren 48 MP foto&#039;s met levensechte details. Dubbele native ISO in 1\/1,3-inch CMOS-sensoren ondersteunen 4K\/60fps HDR-video&#039;s. Uitgebreide obstakeldetectie en APAS 5.0 voor veiligere navigatie. De volgende generatie O4-videotransmissie biedt een bereik tot 20 km. 1080p\/60fps livefeed voor realtime video van hoge kwaliteit.\" \/>\n<meta property=\"og:url\" content=\"https:\/\/koningdrone.be\/de\/produkt\/dji-air-3-fly-more-combo-dji-rc-n2\/\" \/>\n<meta property=\"og:site_name\" content=\"koningdrone.be\" \/>\n<meta property=\"article:modified_time\" content=\"2026-04-29T13:50:45+00:00\" \/>\n<meta property=\"og:image\" content=\"https:\/\/koningdrone.be\/wp-content\/uploads\/sites\/13\/2025\/04\/abaa7703aa197395abea1510d960d257@ultra.jpg\" \/>\n\t<meta property=\"og:image:width\" content=\"1280\" \/>\n\t<meta property=\"og:image:height\" content=\"1280\" \/>\n\t<meta property=\"og:image:type\" content=\"image\/jpeg\" \/>\n<meta name=\"twitter:card\" content=\"summary_large_image\" \/>\n<meta name=\"twitter:label1\" content=\"Gesch\u00e4tzte Lesezeit\" \/>\n\t<meta name=\"twitter:data1\" content=\"2\u00a0Minuten\" \/>\n<script type=\"application\/ld+json\" class=\"yoast-schema-graph\">{\"@context\":\"https:\/\/schema.org\",\"@graph\":[{\"@type\":\"WebPage\",\"@id\":\"https:\/\/koningdrone.be\/product\/dji-air-3-fly-more-combo-dji-rc-n2\/\",\"url\":\"https:\/\/koningdrone.be\/product\/dji-air-3-fly-more-combo-dji-rc-n2\/\",\"name\":\"DJI Air 3 Fly More Combo (DJI RC-N2) - koningdrone.be\",\"isPartOf\":{\"@id\":\"https:\/\/koningdrone.be\/#website\"},\"primaryImageOfPage\":{\"@id\":\"https:\/\/koningdrone.be\/product\/dji-air-3-fly-more-combo-dji-rc-n2\/#primaryimage\"},\"image\":{\"@id\":\"https:\/\/koningdrone.be\/product\/dji-air-3-fly-more-combo-dji-rc-n2\/#primaryimage\"},\"thumbnailUrl\":\"https:\/\/koningdrone.be\/wp-content\/uploads\/sites\/13\/2025\/04\/abaa7703aa197395abea1510d960d257@ultra.jpg\",\"datePublished\":\"2023-09-28T07:55:35+00:00\",\"dateModified\":\"2026-04-29T13:50:45+00:00\",\"breadcrumb\":{\"@id\":\"https:\/\/koningdrone.be\/product\/dji-air-3-fly-more-combo-dji-rc-n2\/#breadcrumb\"},\"inLanguage\":\"de\",\"potentialAction\":[{\"@type\":\"ReadAction\",\"target\":[\"https:\/\/koningdrone.be\/product\/dji-air-3-fly-more-combo-dji-rc-n2\/\"]}]},{\"@type\":\"ImageObject\",\"inLanguage\":\"de\",\"@id\":\"https:\/\/koningdrone.be\/product\/dji-air-3-fly-more-combo-dji-rc-n2\/#primaryimage\",\"url\":\"https:\/\/koningdrone.be\/wp-content\/uploads\/sites\/13\/2025\/04\/abaa7703aa197395abea1510d960d257@ultra.jpg\",\"contentUrl\":\"https:\/\/koningdrone.be\/wp-content\/uploads\/sites\/13\/2025\/04\/abaa7703aa197395abea1510d960d257@ultra.jpg\",\"width\":1280,\"height\":1280},{\"@type\":\"BreadcrumbList\",\"@id\":\"https:\/\/koningdrone.be\/product\/dji-air-3-fly-more-combo-dji-rc-n2\/#breadcrumb\",\"itemListElement\":[{\"@type\":\"ListItem\",\"position\":1,\"name\":\"Home\",\"item\":\"https:\/\/koningdrone.be\/\"},{\"@type\":\"ListItem\",\"position\":2,\"name\":\"AVSS Parachute Recovery System for DJI Matrice 300\/350\",\"item\":\"https:\/\/koningdrone.be\/product\/avss-parachute-recovery-system-for-dji-matrice-300-350\/\"},{\"@type\":\"ListItem\",\"position\":3,\"name\":\"Alle producten\",\"item\":\"https:\/\/koningdrone.be\/categorie\/alle-producten\/\"},{\"@type\":\"ListItem\",\"position\":4,\"name\":\"DJI Air 3 Fly More Combo (DJI RC-N2)\"}]},{\"@type\":\"WebSite\",\"@id\":\"https:\/\/koningdrone.be\/#website\",\"url\":\"https:\/\/koningdrone.be\/\",\"name\":\"Koningdrone.be - Uw online specialist in drones, gimbals, camera's en power stations.\",\"description\":\"De webshop in drones en gimbals\",\"publisher\":{\"@id\":\"https:\/\/koningdrone.be\/#organization\"},\"potentialAction\":[{\"@type\":\"SearchAction\",\"target\":{\"@type\":\"EntryPoint\",\"urlTemplate\":\"https:\/\/koningdrone.be\/?s={search_term_string}\"},\"query-input\":{\"@type\":\"PropertyValueSpecification\",\"valueRequired\":true,\"valueName\":\"search_term_string\"}}],\"inLanguage\":\"de\"},{\"@type\":\"Organization\",\"@id\":\"https:\/\/koningdrone.be\/#organization\",\"name\":\"Koningdrone.be\",\"url\":\"https:\/\/koningdrone.be\/\",\"logo\":{\"@type\":\"ImageObject\",\"inLanguage\":\"de\",\"@id\":\"https:\/\/koningdrone.be\/#\/schema\/logo\/image\/\",\"url\":\"https:\/\/koningdrone.be\/wp-content\/uploads\/sites\/13\/2025\/04\/koningdrone-copyright-logo.svg\",\"contentUrl\":\"https:\/\/koningdrone.be\/wp-content\/uploads\/sites\/13\/2025\/04\/koningdrone-copyright-logo.svg\",\"width\":227,\"height\":38,\"caption\":\"Koningdrone.be\"},\"image\":{\"@id\":\"https:\/\/koningdrone.be\/#\/schema\/logo\/image\/\"}}]}<\/script>\n<!-- \/ Yoast SEO Premium plugin. -->","yoast_head_json":{"title":"DJI Air 3 Fly More Combo (DJI RC-N2) - koningdrone.be","robots":{"index":"index","follow":"follow","max-snippet":"max-snippet:-1","max-image-preview":"max-image-preview:large","max-video-preview":"max-video-preview:-1"},"canonical":"https:\/\/koningdrone.be\/de\/produkt\/dji-air-3-fly-more-combo-dji-rc-n2\/","og_locale":"de_DE","og_type":"article","og_title":"DJI Air 3 Fly More Combo (DJI RC-N2)","og_description":"1\/1,3-inch CMOS-groothoek- en telecamera&#039;s zorgen voor een hoge beeldkwaliteit. Ondersteunt 3x medium telefoto-opnamen voor dynamische mogelijkheden. Verlengde vliegtijd van 46 minuten, een verbetering van 48%. Beschikt over een batterijoplaadhub voor effici\u00ebnte krachtoverdracht. Beide camera&#039;s produceren 48 MP foto&#039;s met levensechte details. Dubbele native ISO in 1\/1,3-inch CMOS-sensoren ondersteunen 4K\/60fps HDR-video&#039;s. Uitgebreide obstakeldetectie en APAS 5.0 voor veiligere navigatie. De volgende generatie O4-videotransmissie biedt een bereik tot 20 km. 1080p\/60fps livefeed voor realtime video van hoge kwaliteit.","og_url":"https:\/\/koningdrone.be\/de\/produkt\/dji-air-3-fly-more-combo-dji-rc-n2\/","og_site_name":"koningdrone.be","article_modified_time":"2026-04-29T13:50:45+00:00","og_image":[{"width":1280,"height":1280,"url":"https:\/\/koningdrone.be\/wp-content\/uploads\/sites\/13\/2025\/04\/abaa7703aa197395abea1510d960d257@ultra.jpg","type":"image\/jpeg"}],"twitter_card":"summary_large_image","twitter_misc":{"Gesch\u00e4tzte Lesezeit":"2\u00a0Minuten"},"schema":{"@context":"https:\/\/schema.org","@graph":[{"@type":"WebPage","@id":"https:\/\/koningdrone.be\/product\/dji-air-3-fly-more-combo-dji-rc-n2\/","url":"https:\/\/koningdrone.be\/product\/dji-air-3-fly-more-combo-dji-rc-n2\/","name":"DJI Air 3 Fly More Combo (DJI RC-N2) - koningdrone.be","isPartOf":{"@id":"https:\/\/koningdrone.be\/#website"},"primaryImageOfPage":{"@id":"https:\/\/koningdrone.be\/product\/dji-air-3-fly-more-combo-dji-rc-n2\/#primaryimage"},"image":{"@id":"https:\/\/koningdrone.be\/product\/dji-air-3-fly-more-combo-dji-rc-n2\/#primaryimage"},"thumbnailUrl":"https:\/\/koningdrone.be\/wp-content\/uploads\/sites\/13\/2025\/04\/abaa7703aa197395abea1510d960d257@ultra.jpg","datePublished":"2023-09-28T07:55:35+00:00","dateModified":"2026-04-29T13:50:45+00:00","breadcrumb":{"@id":"https:\/\/koningdrone.be\/product\/dji-air-3-fly-more-combo-dji-rc-n2\/#breadcrumb"},"inLanguage":"de","potentialAction":[{"@type":"ReadAction","target":["https:\/\/koningdrone.be\/product\/dji-air-3-fly-more-combo-dji-rc-n2\/"]}]},{"@type":"ImageObject","inLanguage":"de","@id":"https:\/\/koningdrone.be\/product\/dji-air-3-fly-more-combo-dji-rc-n2\/#primaryimage","url":"https:\/\/koningdrone.be\/wp-content\/uploads\/sites\/13\/2025\/04\/abaa7703aa197395abea1510d960d257@ultra.jpg","contentUrl":"https:\/\/koningdrone.be\/wp-content\/uploads\/sites\/13\/2025\/04\/abaa7703aa197395abea1510d960d257@ultra.jpg","width":1280,"height":1280},{"@type":"BreadcrumbList","@id":"https:\/\/koningdrone.be\/product\/dji-air-3-fly-more-combo-dji-rc-n2\/#breadcrumb","itemListElement":[{"@type":"ListItem","position":1,"name":"Home","item":"https:\/\/koningdrone.be\/"},{"@type":"ListItem","position":2,"name":"AVSS Parachute Recovery System for DJI Matrice 300\/350","item":"https:\/\/koningdrone.be\/product\/avss-parachute-recovery-system-for-dji-matrice-300-350\/"},{"@type":"ListItem","position":3,"name":"Alle producten","item":"https:\/\/koningdrone.be\/categorie\/alle-producten\/"},{"@type":"ListItem","position":4,"name":"DJI Air 3 Fly More Combo (DJI RC-N2)"}]},{"@type":"WebSite","@id":"https:\/\/koningdrone.be\/#website","url":"https:\/\/koningdrone.be\/","name":"Koningdrone.be - Ihr Online-Spezialist f\u00fcr Drohnen, Gimbals, Kameras und Kraftwerke.","description":"Der Webshop f\u00fcr Drohnen und Gimbals","publisher":{"@id":"https:\/\/koningdrone.be\/#organization"},"potentialAction":[{"@type":"SearchAction","target":{"@type":"EntryPoint","urlTemplate":"https:\/\/koningdrone.be\/?s={search_term_string}"},"query-input":{"@type":"PropertyValueSpecification","valueRequired":true,"valueName":"search_term_string"}}],"inLanguage":"de"},{"@type":"Organization","@id":"https:\/\/koningdrone.be\/#organization","name":"Kingdrone.de","url":"https:\/\/koningdrone.be\/","logo":{"@type":"ImageObject","inLanguage":"de","@id":"https:\/\/koningdrone.be\/#\/schema\/logo\/image\/","url":"https:\/\/koningdrone.be\/wp-content\/uploads\/sites\/13\/2025\/04\/koningdrone-copyright-logo.svg","contentUrl":"https:\/\/koningdrone.be\/wp-content\/uploads\/sites\/13\/2025\/04\/koningdrone-copyright-logo.svg","width":227,"height":38,"caption":"Koningdrone.be"},"image":{"@id":"https:\/\/koningdrone.be\/#\/schema\/logo\/image\/"}}]}},"df_price":1349,"df_sale_price":"","df_regular_price":1349,"df_image_link":"https:\/\/koningdrone.be\/wp-content\/uploads\/sites\/13\/2025\/04\/abaa7703aa197395abea1510d960d257@ultra-300x300.jpg","_links":{"self":[{"href":"https:\/\/koningdrone.be\/de\/wp-json\/wp\/v2\/product\/4240","targetHints":{"allow":["GET"]}}],"collection":[{"href":"https:\/\/koningdrone.be\/de\/wp-json\/wp\/v2\/product"}],"about":[{"href":"https:\/\/koningdrone.be\/de\/wp-json\/wp\/v2\/types\/product"}],"wp:featuredmedia":[{"embeddable":true,"href":"https:\/\/koningdrone.be\/de\/wp-json\/wp\/v2\/media\/4237"}],"wp:attachment":[{"href":"https:\/\/koningdrone.be\/de\/wp-json\/wp\/v2\/media?parent=4240"}],"wp:term":[{"taxonomy":"product_brand","embeddable":true,"href":"https:\/\/koningdrone.be\/de\/wp-json\/wp\/v2\/product_brand?post=4240"},{"taxonomy":"product_cat","embeddable":true,"href":"https:\/\/koningdrone.be\/de\/wp-json\/wp\/v2\/product_cat?post=4240"},{"taxonomy":"product_tag","embeddable":true,"href":"https:\/\/koningdrone.be\/de\/wp-json\/wp\/v2\/product_tag?post=4240"}],"curies":[{"name":"wp","href":"https:\/\/api.w.org\/{rel}","templated":true}]}}