{"id":4236,"date":"2023-09-28T09:55:35","date_gmt":"2023-09-28T07:55:35","guid":{"rendered":"https:\/\/koningdrone.nl\/kon\/product\/dji-air-3-dji-rc-n2\/"},"modified":"2026-04-29T15:50:46","modified_gmt":"2026-04-29T13:50:46","slug":"dji-air-3-dji-rc-n2","status":"publish","type":"product","link":"https:\/\/koningdrone.be\/de\/produkt\/dji-air-3-dji-rc-n2\/","title":{"rendered":"DJI Air 3 (DJI RC-N2)"},"content":{"rendered":"<p><strong>Produkt\u00fcbersicht<\/strong><\/p>\n<p> Die Air 3-Drohne verf\u00fcgt \u00fcber eine Vielzahl fortschrittlicher Funktionen, die f\u00fcr eine hervorragende Bildgebung und erweiterte Einsatzm\u00f6glichkeiten sorgen. Mit ihrem fortschrittlichen Kamerasystem, verbesserten Videofunktionen, verl\u00e4ngerter Flugzeit und innovativem Akkumanagement ist sie sowohl f\u00fcr Enthusiasten als auch f\u00fcr professionelle Nutzer geeignet. Dar\u00fcber hinaus sorgt sie mit ihrem umfassenden Hindernisvermeidungssystem f\u00fcr Sicherheit und nutzt fortschrittliche Technologie f\u00fcr eine zuverl\u00e4ssige Video\u00fcbertragung.<\/p>\n<p>  <strong>Fortschrittliches Kamerasystem<\/strong><\/p>\n<p> Das Produkt verf\u00fcgt \u00fcber eine 1\/1,3-Zoll-CMOS-Weitwinkelkamera in Kombination mit einer mittleren 3fach-Telekamera. Zusammen sorgen diese Kameras f\u00fcr eine hochwertige Bildausgabe, ideal f\u00fcr die Aufnahme von dynamischen Szenen und detaillierten 48-MP-Fotos. Die Bilder bleiben auch beim Zuschneiden klar und erf\u00fcllen die hohen Anforderungen von Amateurfotografen und Profis gleicherma\u00dfen.<\/p>\n<p>  <strong>Verbesserte Videofunktionen<\/strong><\/p>\n<p> Die Kameras der Air 3-Drohne sind mit Dual Native ISO ausgestattet und k\u00f6nnen 4K-Videos mit 60 Bildern pro Sekunde in High Dynamic Range (HDR) aufnehmen. Diese Funktion erm\u00f6glicht die Aufnahme von Videomaterial, das sowohl nat\u00fcrlich als auch farbenfroh aussieht und sowohl rasante als auch ruhige Momente in au\u00dfergew\u00f6hnlicher Qualit\u00e4t festh\u00e4lt.<\/p>\n<p>  <strong>Verl\u00e4ngerte Flugdauer<\/strong><\/p>\n<p> Die Air 3 Drohne hat eine bemerkenswerte Flugzeit von 46 Minuten, was einer Steigerung von 48% im Vergleich zu ihren Vorg\u00e4ngern entspricht. Mit dieser Verl\u00e4ngerung k\u00f6nnen Benutzer l\u00e4ngere Betriebszeiten genie\u00dfen und umfangreichere Aufnahmen machen, ohne sich oft um einen schwachen Akku sorgen zu m\u00fcssen.<\/p>\n<p>  <strong>Innovatives Batteriemanagement<\/strong><\/p>\n<p> Die Drohne ist mit einer speziellen Akkuladestation ausgestattet, die das Energiemanagement optimiert, indem sie die Akkus effizient aufl\u00e4dt und eine Energie\u00fcbertragung zwischen ihnen erm\u00f6glicht. Diese Funktion stellt sicher, dass die Drohne einsatzbereit bleibt und erm\u00f6glicht eine l\u00e4ngere Nutzung, ideal f\u00fcr l\u00e4ngere Aufnahmen und aufeinanderfolgende Fl\u00fcge.<\/p>\n<p>  <strong>Hindernisvermeidung und Sicherheit<\/strong><\/p>\n<p> Ausgestattet mit multidirektionalen Sensoren und unter Verwendung des Advanced Pilot Assistance Systems (APAS) 5.0 sorgt die Air 3 Drohne f\u00fcr ein sichereres Flugerlebnis. Diese Systeme helfen bei der reibungslosen Navigation um Hindernisse herum, was das Unfallrisiko erheblich reduziert und die Sicherheit im Flugbetrieb erh\u00f6ht.<\/p>\n<p>  <strong>Video\u00fcbertragung der n\u00e4chsten Generation<\/strong><\/p>\n<p> Mit der neuesten O4-Video\u00fcbertragungstechnologie kann das Air 3 Videos \u00fcber Entfernungen von bis zu 20 Kilometern \u00fcbertragen. Diese Technologie unterst\u00fctzt eine stabile und qualitativ hochwertige Live-Video\u00fcbertragung mit 1080p\/60fps, sodass sich die Nutzer auch bei gr\u00f6\u00dferen Entfernungen auf eine klare und konsistente Darstellung der Kamera\u00fcbertragung ihrer Drohne verlassen k\u00f6nnen.<\/p>","protected":false},"excerpt":{"rendered":"<ul>\n<li>1\/1,3-Zoll-CMOS-Kameras mit Weitwinkel- und mittlerem Teleobjektiv liefern hochwertige Bilder.<\/li>\n<li> Die Flugzeit von 46 Minuten bedeutet eine Steigerung von 48% gegen\u00fcber dem Vorg\u00e4ngermodell.<\/li>\n<li> Die Batterieladestation erm\u00f6glicht die Strom\u00fcbertragung zwischen den Batterien.<\/li>\n<li> Die Kamera liefert 48 MP-Fotos mit naturgetreuen Details.<\/li>\n<li> Dual Native ISO unterst\u00fctzt 4K\/60fps HDR-Videos ohne Zuschneiden.<\/li>\n<li> Die Hinderniserkennung in alle Richtungen erh\u00f6ht die Sicherheit.<\/li>\n<li> Die APAS 5.0-Technologie sorgt f\u00fcr eine reibungslosere Hindernisvermeidung.<\/li>\n<li> Die O4-Video\u00fcbertragung reicht bei stabiler Verbindung bis zu 20 km weit.<\/li>\n<li> Liefert 1080p\/60fps Live-Feed f\u00fcr hochwertige Echtzeit-Videos.<\/li>\n<\/ul>","protected":false},"featured_media":4231,"template":"","meta":{"_acf_changed":false},"product_brand":[],"product_cat":[97,136,732,99],"product_tag":[],"class_list":{"0":"post-4236","1":"product","2":"type-product","3":"status-publish","4":"has-post-thumbnail","6":"product_cat-alle-producten","7":"product_cat-consumer-drones","8":"product_cat-dji-air-3","9":"product_cat-drones-met-certificaat","10":"product_shipping_class-outofstock","11":"pa_brand-dji","12":"pa_dronegrade-consumer","13":"pa_productfamily-drone","14":"pa_producttype-drone","15":"pa_series-air-3","17":"first","18":"outofstock","19":"taxable","20":"shipping-taxable","21":"purchasable","22":"product-type-simple"},"acf":[],"yoast_head":"<!-- This site is optimized with the Yoast SEO Premium plugin v27.2 (Yoast SEO v27.2) - https:\/\/yoast.com\/product\/yoast-seo-premium-wordpress\/ -->\n<title>DJI Air 3 (DJI RC-N2) - koningdrone.be<\/title>\n<meta name=\"robots\" content=\"index, follow, max-snippet:-1, max-image-preview:large, max-video-preview:-1\" \/>\n<link rel=\"canonical\" href=\"https:\/\/koningdrone.be\/de\/produkt\/dji-air-3-dji-rc-n2\/\" \/>\n<meta property=\"og:locale\" content=\"de_DE\" \/>\n<meta property=\"og:type\" content=\"article\" \/>\n<meta property=\"og:title\" content=\"DJI Air 3 (DJI RC-N2)\" \/>\n<meta property=\"og:description\" content=\"1\/1,3-inch CMOS groothoek- en medium telecamera&#039;s zorgen voor beelden van hoge kwaliteit. De vliegtijd van 46 minuten vertegenwoordigt een toename van 48% ten opzichte van het vorige model. De batterijoplaadhub maakt stroomoverdracht tussen batterijen mogelijk. Camera&#039;s produceren 48 MP foto&#039;s met levensechte details. Dual native ISO ondersteunt 4K\/60fps HDR-video&#039;s zonder bijsnijden. Obstakeldetectie in alle richtingen verhoogt de veiligheid. APAS 5.0-technologie zorgt voor een soepelere ontwijking van obstakels. O4-videotransmissie reikt tot 20 km met stabiele verbinding. Levert 1080p\/60fps livefeed voor realtime video van hoge kwaliteit.\" \/>\n<meta property=\"og:url\" content=\"https:\/\/koningdrone.be\/de\/produkt\/dji-air-3-dji-rc-n2\/\" \/>\n<meta property=\"og:site_name\" content=\"koningdrone.be\" \/>\n<meta property=\"article:modified_time\" content=\"2026-04-29T13:50:46+00:00\" \/>\n<meta property=\"og:image\" content=\"https:\/\/koningdrone.be\/wp-content\/uploads\/sites\/13\/2025\/04\/6cebd8efcbc6c4e13bc21efb7e05be67@ultra.jpg\" \/>\n\t<meta property=\"og:image:width\" content=\"1280\" \/>\n\t<meta property=\"og:image:height\" content=\"1280\" \/>\n\t<meta property=\"og:image:type\" content=\"image\/jpeg\" \/>\n<meta name=\"twitter:card\" content=\"summary_large_image\" \/>\n<meta name=\"twitter:label1\" content=\"Gesch\u00e4tzte Lesezeit\" \/>\n\t<meta name=\"twitter:data1\" content=\"2\u00a0Minuten\" \/>\n<script type=\"application\/ld+json\" class=\"yoast-schema-graph\">{\"@context\":\"https:\/\/schema.org\",\"@graph\":[{\"@type\":\"WebPage\",\"@id\":\"https:\/\/koningdrone.be\/product\/dji-air-3-dji-rc-n2\/\",\"url\":\"https:\/\/koningdrone.be\/product\/dji-air-3-dji-rc-n2\/\",\"name\":\"DJI Air 3 (DJI RC-N2) - koningdrone.be\",\"isPartOf\":{\"@id\":\"https:\/\/koningdrone.be\/#website\"},\"primaryImageOfPage\":{\"@id\":\"https:\/\/koningdrone.be\/product\/dji-air-3-dji-rc-n2\/#primaryimage\"},\"image\":{\"@id\":\"https:\/\/koningdrone.be\/product\/dji-air-3-dji-rc-n2\/#primaryimage\"},\"thumbnailUrl\":\"https:\/\/koningdrone.be\/wp-content\/uploads\/sites\/13\/2025\/04\/6cebd8efcbc6c4e13bc21efb7e05be67@ultra.jpg\",\"datePublished\":\"2023-09-28T07:55:35+00:00\",\"dateModified\":\"2026-04-29T13:50:46+00:00\",\"breadcrumb\":{\"@id\":\"https:\/\/koningdrone.be\/product\/dji-air-3-dji-rc-n2\/#breadcrumb\"},\"inLanguage\":\"de\",\"potentialAction\":[{\"@type\":\"ReadAction\",\"target\":[\"https:\/\/koningdrone.be\/product\/dji-air-3-dji-rc-n2\/\"]}]},{\"@type\":\"ImageObject\",\"inLanguage\":\"de\",\"@id\":\"https:\/\/koningdrone.be\/product\/dji-air-3-dji-rc-n2\/#primaryimage\",\"url\":\"https:\/\/koningdrone.be\/wp-content\/uploads\/sites\/13\/2025\/04\/6cebd8efcbc6c4e13bc21efb7e05be67@ultra.jpg\",\"contentUrl\":\"https:\/\/koningdrone.be\/wp-content\/uploads\/sites\/13\/2025\/04\/6cebd8efcbc6c4e13bc21efb7e05be67@ultra.jpg\",\"width\":1280,\"height\":1280},{\"@type\":\"BreadcrumbList\",\"@id\":\"https:\/\/koningdrone.be\/product\/dji-air-3-dji-rc-n2\/#breadcrumb\",\"itemListElement\":[{\"@type\":\"ListItem\",\"position\":1,\"name\":\"Home\",\"item\":\"https:\/\/koningdrone.be\/\"},{\"@type\":\"ListItem\",\"position\":2,\"name\":\"AVSS Parachute Recovery System for DJI Matrice 300\/350\",\"item\":\"https:\/\/koningdrone.be\/product\/avss-parachute-recovery-system-for-dji-matrice-300-350\/\"},{\"@type\":\"ListItem\",\"position\":3,\"name\":\"Alle producten\",\"item\":\"https:\/\/koningdrone.be\/categorie\/alle-producten\/\"},{\"@type\":\"ListItem\",\"position\":4,\"name\":\"DJI Air 3 (DJI RC-N2)\"}]},{\"@type\":\"WebSite\",\"@id\":\"https:\/\/koningdrone.be\/#website\",\"url\":\"https:\/\/koningdrone.be\/\",\"name\":\"Koningdrone.be - Uw online specialist in drones, gimbals, camera's en power stations.\",\"description\":\"De webshop in drones en gimbals\",\"publisher\":{\"@id\":\"https:\/\/koningdrone.be\/#organization\"},\"potentialAction\":[{\"@type\":\"SearchAction\",\"target\":{\"@type\":\"EntryPoint\",\"urlTemplate\":\"https:\/\/koningdrone.be\/?s={search_term_string}\"},\"query-input\":{\"@type\":\"PropertyValueSpecification\",\"valueRequired\":true,\"valueName\":\"search_term_string\"}}],\"inLanguage\":\"de\"},{\"@type\":\"Organization\",\"@id\":\"https:\/\/koningdrone.be\/#organization\",\"name\":\"Koningdrone.be\",\"url\":\"https:\/\/koningdrone.be\/\",\"logo\":{\"@type\":\"ImageObject\",\"inLanguage\":\"de\",\"@id\":\"https:\/\/koningdrone.be\/#\/schema\/logo\/image\/\",\"url\":\"https:\/\/koningdrone.be\/wp-content\/uploads\/sites\/13\/2025\/04\/koningdrone-copyright-logo.svg\",\"contentUrl\":\"https:\/\/koningdrone.be\/wp-content\/uploads\/sites\/13\/2025\/04\/koningdrone-copyright-logo.svg\",\"width\":227,\"height\":38,\"caption\":\"Koningdrone.be\"},\"image\":{\"@id\":\"https:\/\/koningdrone.be\/#\/schema\/logo\/image\/\"}}]}<\/script>\n<!-- \/ Yoast SEO Premium plugin. -->","yoast_head_json":{"title":"DJI Air 3 (DJI RC-N2) - koningdrone.be","robots":{"index":"index","follow":"follow","max-snippet":"max-snippet:-1","max-image-preview":"max-image-preview:large","max-video-preview":"max-video-preview:-1"},"canonical":"https:\/\/koningdrone.be\/de\/produkt\/dji-air-3-dji-rc-n2\/","og_locale":"de_DE","og_type":"article","og_title":"DJI Air 3 (DJI RC-N2)","og_description":"1\/1,3-inch CMOS groothoek- en medium telecamera&#039;s zorgen voor beelden van hoge kwaliteit. De vliegtijd van 46 minuten vertegenwoordigt een toename van 48% ten opzichte van het vorige model. De batterijoplaadhub maakt stroomoverdracht tussen batterijen mogelijk. Camera&#039;s produceren 48 MP foto&#039;s met levensechte details. Dual native ISO ondersteunt 4K\/60fps HDR-video&#039;s zonder bijsnijden. Obstakeldetectie in alle richtingen verhoogt de veiligheid. APAS 5.0-technologie zorgt voor een soepelere ontwijking van obstakels. O4-videotransmissie reikt tot 20 km met stabiele verbinding. Levert 1080p\/60fps livefeed voor realtime video van hoge kwaliteit.","og_url":"https:\/\/koningdrone.be\/de\/produkt\/dji-air-3-dji-rc-n2\/","og_site_name":"koningdrone.be","article_modified_time":"2026-04-29T13:50:46+00:00","og_image":[{"width":1280,"height":1280,"url":"https:\/\/koningdrone.be\/wp-content\/uploads\/sites\/13\/2025\/04\/6cebd8efcbc6c4e13bc21efb7e05be67@ultra.jpg","type":"image\/jpeg"}],"twitter_card":"summary_large_image","twitter_misc":{"Gesch\u00e4tzte Lesezeit":"2\u00a0Minuten"},"schema":{"@context":"https:\/\/schema.org","@graph":[{"@type":"WebPage","@id":"https:\/\/koningdrone.be\/product\/dji-air-3-dji-rc-n2\/","url":"https:\/\/koningdrone.be\/product\/dji-air-3-dji-rc-n2\/","name":"DJI Air 3 (DJI RC-N2) - koningdrone.be","isPartOf":{"@id":"https:\/\/koningdrone.be\/#website"},"primaryImageOfPage":{"@id":"https:\/\/koningdrone.be\/product\/dji-air-3-dji-rc-n2\/#primaryimage"},"image":{"@id":"https:\/\/koningdrone.be\/product\/dji-air-3-dji-rc-n2\/#primaryimage"},"thumbnailUrl":"https:\/\/koningdrone.be\/wp-content\/uploads\/sites\/13\/2025\/04\/6cebd8efcbc6c4e13bc21efb7e05be67@ultra.jpg","datePublished":"2023-09-28T07:55:35+00:00","dateModified":"2026-04-29T13:50:46+00:00","breadcrumb":{"@id":"https:\/\/koningdrone.be\/product\/dji-air-3-dji-rc-n2\/#breadcrumb"},"inLanguage":"de","potentialAction":[{"@type":"ReadAction","target":["https:\/\/koningdrone.be\/product\/dji-air-3-dji-rc-n2\/"]}]},{"@type":"ImageObject","inLanguage":"de","@id":"https:\/\/koningdrone.be\/product\/dji-air-3-dji-rc-n2\/#primaryimage","url":"https:\/\/koningdrone.be\/wp-content\/uploads\/sites\/13\/2025\/04\/6cebd8efcbc6c4e13bc21efb7e05be67@ultra.jpg","contentUrl":"https:\/\/koningdrone.be\/wp-content\/uploads\/sites\/13\/2025\/04\/6cebd8efcbc6c4e13bc21efb7e05be67@ultra.jpg","width":1280,"height":1280},{"@type":"BreadcrumbList","@id":"https:\/\/koningdrone.be\/product\/dji-air-3-dji-rc-n2\/#breadcrumb","itemListElement":[{"@type":"ListItem","position":1,"name":"Home","item":"https:\/\/koningdrone.be\/"},{"@type":"ListItem","position":2,"name":"AVSS Parachute Recovery System for DJI Matrice 300\/350","item":"https:\/\/koningdrone.be\/product\/avss-parachute-recovery-system-for-dji-matrice-300-350\/"},{"@type":"ListItem","position":3,"name":"Alle producten","item":"https:\/\/koningdrone.be\/categorie\/alle-producten\/"},{"@type":"ListItem","position":4,"name":"DJI Air 3 (DJI RC-N2)"}]},{"@type":"WebSite","@id":"https:\/\/koningdrone.be\/#website","url":"https:\/\/koningdrone.be\/","name":"Koningdrone.be - Ihr Online-Spezialist f\u00fcr Drohnen, Gimbals, Kameras und Kraftwerke.","description":"Der Webshop f\u00fcr Drohnen und Gimbals","publisher":{"@id":"https:\/\/koningdrone.be\/#organization"},"potentialAction":[{"@type":"SearchAction","target":{"@type":"EntryPoint","urlTemplate":"https:\/\/koningdrone.be\/?s={search_term_string}"},"query-input":{"@type":"PropertyValueSpecification","valueRequired":true,"valueName":"search_term_string"}}],"inLanguage":"de"},{"@type":"Organization","@id":"https:\/\/koningdrone.be\/#organization","name":"Kingdrone.de","url":"https:\/\/koningdrone.be\/","logo":{"@type":"ImageObject","inLanguage":"de","@id":"https:\/\/koningdrone.be\/#\/schema\/logo\/image\/","url":"https:\/\/koningdrone.be\/wp-content\/uploads\/sites\/13\/2025\/04\/koningdrone-copyright-logo.svg","contentUrl":"https:\/\/koningdrone.be\/wp-content\/uploads\/sites\/13\/2025\/04\/koningdrone-copyright-logo.svg","width":227,"height":38,"caption":"Koningdrone.be"},"image":{"@id":"https:\/\/koningdrone.be\/#\/schema\/logo\/image\/"}}]}},"df_price":1098.99,"df_sale_price":"","df_regular_price":1098.99,"df_image_link":"https:\/\/koningdrone.be\/wp-content\/uploads\/sites\/13\/2025\/04\/6cebd8efcbc6c4e13bc21efb7e05be67@ultra-300x300.jpg","_links":{"self":[{"href":"https:\/\/koningdrone.be\/de\/wp-json\/wp\/v2\/product\/4236","targetHints":{"allow":["GET"]}}],"collection":[{"href":"https:\/\/koningdrone.be\/de\/wp-json\/wp\/v2\/product"}],"about":[{"href":"https:\/\/koningdrone.be\/de\/wp-json\/wp\/v2\/types\/product"}],"wp:featuredmedia":[{"embeddable":true,"href":"https:\/\/koningdrone.be\/de\/wp-json\/wp\/v2\/media\/4231"}],"wp:attachment":[{"href":"https:\/\/koningdrone.be\/de\/wp-json\/wp\/v2\/media?parent=4236"}],"wp:term":[{"taxonomy":"product_brand","embeddable":true,"href":"https:\/\/koningdrone.be\/de\/wp-json\/wp\/v2\/product_brand?post=4236"},{"taxonomy":"product_cat","embeddable":true,"href":"https:\/\/koningdrone.be\/de\/wp-json\/wp\/v2\/product_cat?post=4236"},{"taxonomy":"product_tag","embeddable":true,"href":"https:\/\/koningdrone.be\/de\/wp-json\/wp\/v2\/product_tag?post=4236"}],"curies":[{"name":"wp","href":"https:\/\/api.w.org\/{rel}","templated":true}]}}