{"id":4229,"date":"2023-09-28T09:55:35","date_gmt":"2023-09-28T07:55:35","guid":{"rendered":"https:\/\/koningdrone.nl\/kon\/product\/dji-air-3-dji-care-refresh-1-year-plan\/"},"modified":"2026-04-29T10:50:48","modified_gmt":"2026-04-29T08:50:48","slug":"dji-air-3-dji-care-refresh-1-year-plan","status":"publish","type":"product","link":"https:\/\/koningdrone.be\/de\/produkt\/dji-air-3-dji-care-refresh-1-year-plan\/","title":{"rendered":"DJI Air 3 - DJI Care Refresh - 1-Jahres-Plan"},"content":{"rendered":"<h1>DJI Air 3 - DJI Care Refresh - 1-Jahres-Plan<\/h1>\n<p>DJI Care Refresh ist ein praktischer Schutzplan f\u00fcr DJI-Produkte, speziell f\u00fcr die DJI Air 3 Drohne. Es bietet Seelenfrieden und Schutz f\u00fcr verschiedene Situationen, einschlie\u00dflich Unf\u00e4lle und normale Verschlei\u00dferscheinungen. Hier sind die wichtigsten Punkte:<\/p>\n<p><\/p>\n<ul> <\/p>\n<li><strong>Versicherungsschutz bei Unf\u00e4llen und Abnutzung<\/strong>DJI Care Refresh deckt zuf\u00e4llige Sch\u00e4den, wie z. B. Kollisionen und Wassersch\u00e4den, sowie den normalen Verschlei\u00df Ihres DJI Air 3 ab.<\/li>\n<p> <\/p>\n<li><strong>Ersatzoptionen<\/strong>: Wenn Ihr DJI Air 3 besch\u00e4digt ist, k\u00f6nnen Sie gegen einen Aufpreis bis zu zwei preisg\u00fcnstige Ersatzger\u00e4te in Anspruch nehmen. Diese Ersatzger\u00e4te sind entweder brandneu oder von vergleichbarer Qualit\u00e4t wie neue Produkte.<\/li>\n<p> <\/p>\n<li><strong>Fly Away Berichterstattung<\/strong>DJI Care Refresh deckt auch Situationen ab, in denen Ihre Drohne w\u00e4hrend des Fluges verloren gehen k\u00f6nnte.<\/li>\n<p> <\/p>\n<li><strong>Erneuerbare Deckung<\/strong>Sie k\u00f6nnen DJI Care Refresh f\u00fcr weitere Jahre Schutz verl\u00e4ngern. Es kann insgesamt bis zu 3 Jahre dauern.<\/li>\n<p> <\/p>\n<li><strong>Express-Option<\/strong>: Wenn Sie die Expressoption w\u00e4hlen, k\u00f6nnen Sie den Bewertungsprozess \u00fcberspringen. Ein DJI-Servicecenter wird Ihnen sofort einen Ersatz schicken, sobald es Ihr besch\u00e4digtes Produkt erh\u00e4lt.<\/li>\n<p> <\/p>\n<li><strong>Keine Versandkosten<\/strong>DJI \u00fcbernimmt die Versandkosten in beide Richtungen, wenn Sie ein Produkt zum Austausch zur\u00fcckgeben.<\/li>\n<p><\/ul>\n<p>Es ist wichtig zu beachten, dass DJI Care Refresh nur bei einem Neukauf oder innerhalb von 48 Stunden nach der ersten Aktivierung Ihres DJI Air 3 erworben und registriert werden kann. Nach der Aktivierung des Codes ist eine Stornierung nicht mehr m\u00f6glich. So bietet es eine zuverl\u00e4ssige M\u00f6glichkeit, Ihre Investition zu sch\u00fctzen und Ihre Drohne in aller Ruhe zu nutzen.\"<\/p>","protected":false},"excerpt":{"rendered":"<ul>\n<li>DJI Air 3 Pflege-Auffrischung<\/li>\n<li>1 Jahr<\/li>\n<\/ul>","protected":false},"featured_media":4228,"template":"","meta":{"_acf_changed":false},"product_brand":[],"product_cat":[175,97,732],"product_tag":[],"class_list":{"0":"post-4229","1":"product","2":"type-product","3":"status-publish","4":"has-post-thumbnail","6":"product_cat-alle-care-refresh","7":"product_cat-alle-producten","8":"product_cat-dji-air-3","9":"product_shipping_class-outofstock","10":"pa_brand-dji","11":"pa_productfamily-care-refresh","12":"pa_producttype-care-refresh","13":"pa_series-air-3","15":"first","16":"outofstock","17":"taxable","18":"shipping-taxable","19":"product-type-simple"},"acf":[],"yoast_head":"<!-- This site is optimized with the Yoast SEO Premium plugin v27.2 (Yoast SEO v27.2) - https:\/\/yoast.com\/product\/yoast-seo-premium-wordpress\/ -->\n<title>DJI Air 3 - DJI Care Refresh - 1 Year Plan - koningdrone.be<\/title>\n<meta name=\"robots\" content=\"index, follow, max-snippet:-1, max-image-preview:large, max-video-preview:-1\" \/>\n<link rel=\"canonical\" href=\"https:\/\/koningdrone.be\/de\/produkt\/dji-air-3-dji-care-refresh-1-year-plan\/\" \/>\n<meta property=\"og:locale\" content=\"de_DE\" \/>\n<meta property=\"og:type\" content=\"article\" \/>\n<meta property=\"og:title\" content=\"DJI Air 3 - DJI Care Refresh - 1 Year Plan\" \/>\n<meta property=\"og:description\" content=\"DJI Air 3 Care Refresh1 jaar\" \/>\n<meta property=\"og:url\" content=\"https:\/\/koningdrone.be\/de\/produkt\/dji-air-3-dji-care-refresh-1-year-plan\/\" \/>\n<meta property=\"og:site_name\" content=\"koningdrone.be\" \/>\n<meta property=\"article:modified_time\" content=\"2026-04-29T08:50:48+00:00\" \/>\n<meta property=\"og:image\" content=\"https:\/\/koningdrone.be\/wp-content\/uploads\/sites\/13\/2025\/04\/dji-care-refresh-dji-air-3.jpg\" \/>\n\t<meta property=\"og:image:width\" content=\"1200\" \/>\n\t<meta property=\"og:image:height\" content=\"1200\" \/>\n\t<meta property=\"og:image:type\" content=\"image\/jpeg\" \/>\n<meta name=\"twitter:card\" content=\"summary_large_image\" \/>\n<meta name=\"twitter:label1\" content=\"Gesch\u00e4tzte Lesezeit\" \/>\n\t<meta name=\"twitter:data1\" content=\"1\u00a0Minute\" \/>\n<script type=\"application\/ld+json\" class=\"yoast-schema-graph\">{\"@context\":\"https:\/\/schema.org\",\"@graph\":[{\"@type\":\"WebPage\",\"@id\":\"https:\/\/koningdrone.be\/product\/dji-air-3-dji-care-refresh-1-year-plan\/\",\"url\":\"https:\/\/koningdrone.be\/product\/dji-air-3-dji-care-refresh-1-year-plan\/\",\"name\":\"DJI Air 3 - DJI Care Refresh - 1 Year Plan - koningdrone.be\",\"isPartOf\":{\"@id\":\"https:\/\/koningdrone.be\/#website\"},\"primaryImageOfPage\":{\"@id\":\"https:\/\/koningdrone.be\/product\/dji-air-3-dji-care-refresh-1-year-plan\/#primaryimage\"},\"image\":{\"@id\":\"https:\/\/koningdrone.be\/product\/dji-air-3-dji-care-refresh-1-year-plan\/#primaryimage\"},\"thumbnailUrl\":\"https:\/\/koningdrone.be\/wp-content\/uploads\/sites\/13\/2025\/04\/dji-care-refresh-dji-air-3.jpg\",\"datePublished\":\"2023-09-28T07:55:35+00:00\",\"dateModified\":\"2026-04-29T08:50:48+00:00\",\"breadcrumb\":{\"@id\":\"https:\/\/koningdrone.be\/product\/dji-air-3-dji-care-refresh-1-year-plan\/#breadcrumb\"},\"inLanguage\":\"de\",\"potentialAction\":[{\"@type\":\"ReadAction\",\"target\":[\"https:\/\/koningdrone.be\/product\/dji-air-3-dji-care-refresh-1-year-plan\/\"]}]},{\"@type\":\"ImageObject\",\"inLanguage\":\"de\",\"@id\":\"https:\/\/koningdrone.be\/product\/dji-air-3-dji-care-refresh-1-year-plan\/#primaryimage\",\"url\":\"https:\/\/koningdrone.be\/wp-content\/uploads\/sites\/13\/2025\/04\/dji-care-refresh-dji-air-3.jpg\",\"contentUrl\":\"https:\/\/koningdrone.be\/wp-content\/uploads\/sites\/13\/2025\/04\/dji-care-refresh-dji-air-3.jpg\",\"width\":1200,\"height\":1200},{\"@type\":\"BreadcrumbList\",\"@id\":\"https:\/\/koningdrone.be\/product\/dji-air-3-dji-care-refresh-1-year-plan\/#breadcrumb\",\"itemListElement\":[{\"@type\":\"ListItem\",\"position\":1,\"name\":\"Home\",\"item\":\"https:\/\/koningdrone.be\/\"},{\"@type\":\"ListItem\",\"position\":2,\"name\":\"AVSS Parachute Recovery System for DJI Matrice 300\/350\",\"item\":\"https:\/\/koningdrone.be\/product\/avss-parachute-recovery-system-for-dji-matrice-300-350\/\"},{\"@type\":\"ListItem\",\"position\":3,\"name\":\"Alle care refresh\",\"item\":\"https:\/\/koningdrone.be\/categorie\/alle-care-refresh\/\"},{\"@type\":\"ListItem\",\"position\":4,\"name\":\"DJI Air 3 &#8211; DJI Care Refresh &#8211; 1 Year Plan\"}]},{\"@type\":\"WebSite\",\"@id\":\"https:\/\/koningdrone.be\/#website\",\"url\":\"https:\/\/koningdrone.be\/\",\"name\":\"Koningdrone.be - Uw online specialist in drones, gimbals, camera's en power stations.\",\"description\":\"De webshop in drones en gimbals\",\"publisher\":{\"@id\":\"https:\/\/koningdrone.be\/#organization\"},\"potentialAction\":[{\"@type\":\"SearchAction\",\"target\":{\"@type\":\"EntryPoint\",\"urlTemplate\":\"https:\/\/koningdrone.be\/?s={search_term_string}\"},\"query-input\":{\"@type\":\"PropertyValueSpecification\",\"valueRequired\":true,\"valueName\":\"search_term_string\"}}],\"inLanguage\":\"de\"},{\"@type\":\"Organization\",\"@id\":\"https:\/\/koningdrone.be\/#organization\",\"name\":\"Koningdrone.be\",\"url\":\"https:\/\/koningdrone.be\/\",\"logo\":{\"@type\":\"ImageObject\",\"inLanguage\":\"de\",\"@id\":\"https:\/\/koningdrone.be\/#\/schema\/logo\/image\/\",\"url\":\"https:\/\/koningdrone.be\/wp-content\/uploads\/sites\/13\/2025\/04\/koningdrone-copyright-logo.svg\",\"contentUrl\":\"https:\/\/koningdrone.be\/wp-content\/uploads\/sites\/13\/2025\/04\/koningdrone-copyright-logo.svg\",\"width\":227,\"height\":38,\"caption\":\"Koningdrone.be\"},\"image\":{\"@id\":\"https:\/\/koningdrone.be\/#\/schema\/logo\/image\/\"}}]}<\/script>\n<!-- \/ Yoast SEO Premium plugin. -->","yoast_head_json":{"title":"DJI Air 3 - DJI Care Refresh - 1 Year Plan - koningdrone.be","robots":{"index":"index","follow":"follow","max-snippet":"max-snippet:-1","max-image-preview":"max-image-preview:large","max-video-preview":"max-video-preview:-1"},"canonical":"https:\/\/koningdrone.be\/de\/produkt\/dji-air-3-dji-care-refresh-1-year-plan\/","og_locale":"de_DE","og_type":"article","og_title":"DJI Air 3 - DJI Care Refresh - 1 Year Plan","og_description":"DJI Air 3 Care Refresh1 jaar","og_url":"https:\/\/koningdrone.be\/de\/produkt\/dji-air-3-dji-care-refresh-1-year-plan\/","og_site_name":"koningdrone.be","article_modified_time":"2026-04-29T08:50:48+00:00","og_image":[{"width":1200,"height":1200,"url":"https:\/\/koningdrone.be\/wp-content\/uploads\/sites\/13\/2025\/04\/dji-care-refresh-dji-air-3.jpg","type":"image\/jpeg"}],"twitter_card":"summary_large_image","twitter_misc":{"Gesch\u00e4tzte Lesezeit":"1\u00a0Minute"},"schema":{"@context":"https:\/\/schema.org","@graph":[{"@type":"WebPage","@id":"https:\/\/koningdrone.be\/product\/dji-air-3-dji-care-refresh-1-year-plan\/","url":"https:\/\/koningdrone.be\/product\/dji-air-3-dji-care-refresh-1-year-plan\/","name":"DJI Air 3 - DJI Care Refresh - 1 Year Plan - koningdrone.be","isPartOf":{"@id":"https:\/\/koningdrone.be\/#website"},"primaryImageOfPage":{"@id":"https:\/\/koningdrone.be\/product\/dji-air-3-dji-care-refresh-1-year-plan\/#primaryimage"},"image":{"@id":"https:\/\/koningdrone.be\/product\/dji-air-3-dji-care-refresh-1-year-plan\/#primaryimage"},"thumbnailUrl":"https:\/\/koningdrone.be\/wp-content\/uploads\/sites\/13\/2025\/04\/dji-care-refresh-dji-air-3.jpg","datePublished":"2023-09-28T07:55:35+00:00","dateModified":"2026-04-29T08:50:48+00:00","breadcrumb":{"@id":"https:\/\/koningdrone.be\/product\/dji-air-3-dji-care-refresh-1-year-plan\/#breadcrumb"},"inLanguage":"de","potentialAction":[{"@type":"ReadAction","target":["https:\/\/koningdrone.be\/product\/dji-air-3-dji-care-refresh-1-year-plan\/"]}]},{"@type":"ImageObject","inLanguage":"de","@id":"https:\/\/koningdrone.be\/product\/dji-air-3-dji-care-refresh-1-year-plan\/#primaryimage","url":"https:\/\/koningdrone.be\/wp-content\/uploads\/sites\/13\/2025\/04\/dji-care-refresh-dji-air-3.jpg","contentUrl":"https:\/\/koningdrone.be\/wp-content\/uploads\/sites\/13\/2025\/04\/dji-care-refresh-dji-air-3.jpg","width":1200,"height":1200},{"@type":"BreadcrumbList","@id":"https:\/\/koningdrone.be\/product\/dji-air-3-dji-care-refresh-1-year-plan\/#breadcrumb","itemListElement":[{"@type":"ListItem","position":1,"name":"Home","item":"https:\/\/koningdrone.be\/"},{"@type":"ListItem","position":2,"name":"AVSS Parachute Recovery System for DJI Matrice 300\/350","item":"https:\/\/koningdrone.be\/product\/avss-parachute-recovery-system-for-dji-matrice-300-350\/"},{"@type":"ListItem","position":3,"name":"Alle care refresh","item":"https:\/\/koningdrone.be\/categorie\/alle-care-refresh\/"},{"@type":"ListItem","position":4,"name":"DJI Air 3 &#8211; DJI Care Refresh &#8211; 1 Year Plan"}]},{"@type":"WebSite","@id":"https:\/\/koningdrone.be\/#website","url":"https:\/\/koningdrone.be\/","name":"Koningdrone.be - Ihr Online-Spezialist f\u00fcr Drohnen, Gimbals, Kameras und Kraftwerke.","description":"Der Webshop f\u00fcr Drohnen und Gimbals","publisher":{"@id":"https:\/\/koningdrone.be\/#organization"},"potentialAction":[{"@type":"SearchAction","target":{"@type":"EntryPoint","urlTemplate":"https:\/\/koningdrone.be\/?s={search_term_string}"},"query-input":{"@type":"PropertyValueSpecification","valueRequired":true,"valueName":"search_term_string"}}],"inLanguage":"de"},{"@type":"Organization","@id":"https:\/\/koningdrone.be\/#organization","name":"Kingdrone.de","url":"https:\/\/koningdrone.be\/","logo":{"@type":"ImageObject","inLanguage":"de","@id":"https:\/\/koningdrone.be\/#\/schema\/logo\/image\/","url":"https:\/\/koningdrone.be\/wp-content\/uploads\/sites\/13\/2025\/04\/koningdrone-copyright-logo.svg","contentUrl":"https:\/\/koningdrone.be\/wp-content\/uploads\/sites\/13\/2025\/04\/koningdrone-copyright-logo.svg","width":227,"height":38,"caption":"Koningdrone.be"},"image":{"@id":"https:\/\/koningdrone.be\/#\/schema\/logo\/image\/"}}]}},"df_price":"","df_sale_price":"","df_regular_price":"","df_image_link":"https:\/\/koningdrone.be\/wp-content\/uploads\/sites\/13\/2025\/04\/dji-care-refresh-dji-air-3-300x300.jpg","_links":{"self":[{"href":"https:\/\/koningdrone.be\/de\/wp-json\/wp\/v2\/product\/4229","targetHints":{"allow":["GET"]}}],"collection":[{"href":"https:\/\/koningdrone.be\/de\/wp-json\/wp\/v2\/product"}],"about":[{"href":"https:\/\/koningdrone.be\/de\/wp-json\/wp\/v2\/types\/product"}],"wp:featuredmedia":[{"embeddable":true,"href":"https:\/\/koningdrone.be\/de\/wp-json\/wp\/v2\/media\/4228"}],"wp:attachment":[{"href":"https:\/\/koningdrone.be\/de\/wp-json\/wp\/v2\/media?parent=4229"}],"wp:term":[{"taxonomy":"product_brand","embeddable":true,"href":"https:\/\/koningdrone.be\/de\/wp-json\/wp\/v2\/product_brand?post=4229"},{"taxonomy":"product_cat","embeddable":true,"href":"https:\/\/koningdrone.be\/de\/wp-json\/wp\/v2\/product_cat?post=4229"},{"taxonomy":"product_tag","embeddable":true,"href":"https:\/\/koningdrone.be\/de\/wp-json\/wp\/v2\/product_tag?post=4229"}],"curies":[{"name":"wp","href":"https:\/\/api.w.org\/{rel}","templated":true}]}}