{"id":4220,"date":"2023-11-28T18:49:48","date_gmt":"2023-11-28T17:49:48","guid":{"rendered":"https:\/\/koningdrone.nl\/kon\/product\/dji-care-pro-dji-inspire-3-1-year-code\/"},"modified":"2026-04-29T15:51:05","modified_gmt":"2026-04-29T13:51:05","slug":"dji-care-pro-dji-inspire-3-1-year-code","status":"publish","type":"product","link":"https:\/\/koningdrone.be\/de\/produkt\/dji-care-pro-dji-inspire-3-1-year-code\/","title":{"rendered":"DJI Care Pro (DJI Inspire 3) 1 Jahr (Code)"},"content":{"rendered":"<p><strong>Kaufbedingungen<\/strong><br \/>\nNeues und nicht aktiviertes Produkt abfeuern<br \/>\nProdukt innerhalb von 48 Stunden aktiviert<\/p>\n<p>&nbsp;<\/p>\n<p><strong>Abgedeckte Szenarien<\/strong><br \/>\nUnbegrenzte kostenlose Reparaturen (innerhalb der Deckungsgrenze): Wasserschaden, Kollisionsschaden, Wegfliegen<br \/>\nund andere unfallbedingte Sch\u00e4den<\/p>\n<p>&nbsp;<\/p>\n<p><strong>Abgedeckte Teile<\/strong><br \/>\nFlugzeug, Fernsteuerung, Gimbal-Kamera (ohne Objektiv), intelligente Batterie (nur f\u00fcr den Ersatzteilservice), Propeller und PROSSD 1TB<\/p>\n<p>&nbsp;<\/p>\n<p><strong>Kostenloser Batteriewechsel<\/strong><br \/>\nKostenloser Ersatz f\u00fcr 2 Batterien innerhalb der G\u00fcltigkeitsdauer von DJI Care Pro<\/p>\n<p>&nbsp;<\/p>\n<p><strong>Deckungsgrenze<\/strong><br \/>\n11.000 Euro<\/p>\n<p>&nbsp;<\/p>\n<p><strong>Wegfliegen<\/strong><br \/>\n5500 Euro<br \/>\nDJI Care Pro ist jetzt erweiterbar<br \/>\nDJI Care Pro kann bis zu einer maximalen Gesamtlaufzeit von 4 Jahren verl\u00e4ngert werden, sp\u00e4testens 15 Tage nach Ablauf der aktuellen Vertragslaufzeit.<br \/>\nDJI Care Pro 1 Jahr: Kann 3 Mal f\u00fcr jeweils 1 Jahr verl\u00e4ngert werden (das letzte Mal innerhalb von 15 Tagen nach Ablauf des aktuellen Care-Schutzes).<br \/>\nHinweis: DJI Care Pro 1 Jahr kann nicht mit DJI Care Pro 2 Jahre verl\u00e4ngert werden.<br \/>\nWegfliegen<br \/>\nIm Falle eines \"Fly-away\"-Vorfalls k\u00f6nnen Sie das gleiche Produkt zu einem reduzierten Preis kaufen (60-70% Rabatt).<\/p>\n<p>&nbsp;<\/p>\n<p><strong>Kosten f\u00fcr Dienstleistungen<\/strong><br \/>\nKostenloser Service: Unter Garantie \/ Restabdeckung \u00fcber<br \/>\nBezahlte Leistung: Keine Restdeckungssumme<\/p>\n<p>&nbsp;<\/p>\n<p><strong>Wartung im Werk<\/strong><br \/>\nEine kostenlose Werkswartung (Standardservice) pro Jahr, einschlie\u00dflich Komponenteninspektion, Firmware-Aktualisierung, Kalibrierung und Austausch empfindlicher Teile, sowie ein offizieller Wartungsbericht<\/p>\n<p>&nbsp;<\/p>\n<p><strong>Belohnungen f\u00fcr Dienstverl\u00e4ngerungen<\/strong><br \/>\nWenn DJI Care Pro abl\u00e4uft, kann die Garantie um 12 Monate verl\u00e4ngert werden, wenn die verbleibende Deckungsgrenze 80% \u00fcbersteigt.<\/p>\n<p>&nbsp;<\/p>","protected":false},"excerpt":{"rendered":"<ul>\n<li>Neues und nicht aktiviertes Produkt<\/li>\n<li>Deckung von Wasser- und Kaskosch\u00e4den<\/li>\n<li>Unbegrenzte kostenlose Reparaturen<\/li>\n<li>Kostenloser Ersatz von 2 Batterien<\/li>\n<li>Deckungssumme von 11.000 \u20ac<\/li>\n<li>Verl\u00e4ngerbar bis zu 4 Jahren<\/li>\n<li>Preiserm\u00e4\u00dfigung im Falle eines Flugunfalls<\/li>\n<li>Kostenlose j\u00e4hrliche Wartung im Werk<\/li>\n<li>Garantieverl\u00e4ngerung f\u00fcr hohen Restbetrag<\/li>\n<\/ul>","protected":false},"featured_media":17814,"template":"","meta":{"_acf_changed":false},"product_brand":[],"product_cat":[175,97,433],"product_tag":[],"class_list":{"0":"post-4220","1":"product","2":"type-product","3":"status-publish","4":"has-post-thumbnail","6":"product_cat-alle-care-refresh","7":"product_cat-alle-producten","8":"product_cat-dji-inspire-3","9":"product_shipping_class-outofstock","10":"pa_brand-dji","11":"pa_productfamily-care-refresh","12":"pa_producttype-care-refresh","13":"pa_series-inspire-3","15":"first","16":"outofstock","17":"taxable","18":"shipping-taxable","19":"purchasable","20":"product-type-simple"},"acf":[],"yoast_head":"<!-- This site is optimized with the Yoast SEO Premium plugin v27.2 (Yoast SEO v27.2) - https:\/\/yoast.com\/product\/yoast-seo-premium-wordpress\/ -->\n<title>DJI Care Pro (DJI Inspire 3) 1 Year (Code) - koningdrone.be<\/title>\n<meta name=\"robots\" content=\"index, follow, max-snippet:-1, max-image-preview:large, max-video-preview:-1\" \/>\n<link rel=\"canonical\" href=\"https:\/\/koningdrone.be\/de\/produkt\/dji-care-pro-dji-inspire-3-1-year-code\/\" \/>\n<meta property=\"og:locale\" content=\"de_DE\" \/>\n<meta property=\"og:type\" content=\"article\" \/>\n<meta property=\"og:title\" content=\"DJI Care Pro (DJI Inspire 3) 1 Year (Code)\" \/>\n<meta property=\"og:description\" content=\"Nieuw en ongeactiveerd product  Dekking van water- en botsingschade  Onbeperkt aantal gratis reparaties  Gratis vervanging van 2 batterijen  Dekkingslimiet van 11.000 Euro  Verlengbaar tot maximaal 4 jaar  Reductieprijs bij flyaway-incident  Gratis fabrieksonderhoud per jaar  Verlenging van garantie bij hoog resterend bedrag\" \/>\n<meta property=\"og:url\" content=\"https:\/\/koningdrone.be\/de\/produkt\/dji-care-pro-dji-inspire-3-1-year-code\/\" \/>\n<meta property=\"og:site_name\" content=\"koningdrone.be\" \/>\n<meta property=\"article:modified_time\" content=\"2026-04-29T13:51:05+00:00\" \/>\n<meta property=\"og:image\" content=\"https:\/\/koningdrone.be\/wp-content\/uploads\/sites\/13\/2026\/03\/dji-care-pro-dji-inspire-3-2-jahre-code-de.jpg\" \/>\n\t<meta property=\"og:image:width\" content=\"800\" \/>\n\t<meta property=\"og:image:height\" content=\"533\" \/>\n\t<meta property=\"og:image:type\" content=\"image\/jpeg\" \/>\n<meta name=\"twitter:card\" content=\"summary_large_image\" \/>\n<meta name=\"twitter:label1\" content=\"Gesch\u00e4tzte Lesezeit\" \/>\n\t<meta name=\"twitter:data1\" content=\"1\u00a0Minute\" \/>\n<script type=\"application\/ld+json\" class=\"yoast-schema-graph\">{\"@context\":\"https:\/\/schema.org\",\"@graph\":[{\"@type\":\"WebPage\",\"@id\":\"https:\/\/koningdrone.be\/product\/dji-care-pro-dji-inspire-3-1-year-code\/\",\"url\":\"https:\/\/koningdrone.be\/product\/dji-care-pro-dji-inspire-3-1-year-code\/\",\"name\":\"DJI Care Pro (DJI Inspire 3) 1 Year (Code) - koningdrone.be\",\"isPartOf\":{\"@id\":\"https:\/\/koningdrone.be\/#website\"},\"primaryImageOfPage\":{\"@id\":\"https:\/\/koningdrone.be\/product\/dji-care-pro-dji-inspire-3-1-year-code\/#primaryimage\"},\"image\":{\"@id\":\"https:\/\/koningdrone.be\/product\/dji-care-pro-dji-inspire-3-1-year-code\/#primaryimage\"},\"thumbnailUrl\":\"https:\/\/koningdrone.be\/wp-content\/uploads\/sites\/13\/2026\/03\/dji-care-pro-dji-inspire-3-2-jahre-code-de.jpg\",\"datePublished\":\"2023-11-28T17:49:48+00:00\",\"dateModified\":\"2026-04-29T13:51:05+00:00\",\"breadcrumb\":{\"@id\":\"https:\/\/koningdrone.be\/product\/dji-care-pro-dji-inspire-3-1-year-code\/#breadcrumb\"},\"inLanguage\":\"de\",\"potentialAction\":[{\"@type\":\"ReadAction\",\"target\":[\"https:\/\/koningdrone.be\/product\/dji-care-pro-dji-inspire-3-1-year-code\/\"]}]},{\"@type\":\"ImageObject\",\"inLanguage\":\"de\",\"@id\":\"https:\/\/koningdrone.be\/product\/dji-care-pro-dji-inspire-3-1-year-code\/#primaryimage\",\"url\":\"https:\/\/koningdrone.be\/wp-content\/uploads\/sites\/13\/2026\/03\/dji-care-pro-dji-inspire-3-2-jahre-code-de.jpg\",\"contentUrl\":\"https:\/\/koningdrone.be\/wp-content\/uploads\/sites\/13\/2026\/03\/dji-care-pro-dji-inspire-3-2-jahre-code-de.jpg\",\"width\":800,\"height\":533},{\"@type\":\"BreadcrumbList\",\"@id\":\"https:\/\/koningdrone.be\/product\/dji-care-pro-dji-inspire-3-1-year-code\/#breadcrumb\",\"itemListElement\":[{\"@type\":\"ListItem\",\"position\":1,\"name\":\"Home\",\"item\":\"https:\/\/koningdrone.be\/\"},{\"@type\":\"ListItem\",\"position\":2,\"name\":\"AVSS Parachute Recovery System for DJI Matrice 300\/350\",\"item\":\"https:\/\/koningdrone.be\/product\/avss-parachute-recovery-system-for-dji-matrice-300-350\/\"},{\"@type\":\"ListItem\",\"position\":3,\"name\":\"Alle care refresh\",\"item\":\"https:\/\/koningdrone.be\/categorie\/alle-care-refresh\/\"},{\"@type\":\"ListItem\",\"position\":4,\"name\":\"DJI Care Pro (DJI Inspire 3) 1 Year (Code)\"}]},{\"@type\":\"WebSite\",\"@id\":\"https:\/\/koningdrone.be\/#website\",\"url\":\"https:\/\/koningdrone.be\/\",\"name\":\"Koningdrone.be - Uw online specialist in drones, gimbals, camera's en power stations.\",\"description\":\"De webshop in drones en gimbals\",\"publisher\":{\"@id\":\"https:\/\/koningdrone.be\/#organization\"},\"potentialAction\":[{\"@type\":\"SearchAction\",\"target\":{\"@type\":\"EntryPoint\",\"urlTemplate\":\"https:\/\/koningdrone.be\/?s={search_term_string}\"},\"query-input\":{\"@type\":\"PropertyValueSpecification\",\"valueRequired\":true,\"valueName\":\"search_term_string\"}}],\"inLanguage\":\"de\"},{\"@type\":\"Organization\",\"@id\":\"https:\/\/koningdrone.be\/#organization\",\"name\":\"Koningdrone.be\",\"url\":\"https:\/\/koningdrone.be\/\",\"logo\":{\"@type\":\"ImageObject\",\"inLanguage\":\"de\",\"@id\":\"https:\/\/koningdrone.be\/#\/schema\/logo\/image\/\",\"url\":\"https:\/\/koningdrone.be\/wp-content\/uploads\/sites\/13\/2025\/04\/koningdrone-copyright-logo.svg\",\"contentUrl\":\"https:\/\/koningdrone.be\/wp-content\/uploads\/sites\/13\/2025\/04\/koningdrone-copyright-logo.svg\",\"width\":227,\"height\":38,\"caption\":\"Koningdrone.be\"},\"image\":{\"@id\":\"https:\/\/koningdrone.be\/#\/schema\/logo\/image\/\"}}]}<\/script>\n<!-- \/ Yoast SEO Premium plugin. -->","yoast_head_json":{"title":"DJI Care Pro (DJI Inspire 3) 1 Year (Code) - koningdrone.be","robots":{"index":"index","follow":"follow","max-snippet":"max-snippet:-1","max-image-preview":"max-image-preview:large","max-video-preview":"max-video-preview:-1"},"canonical":"https:\/\/koningdrone.be\/de\/produkt\/dji-care-pro-dji-inspire-3-1-year-code\/","og_locale":"de_DE","og_type":"article","og_title":"DJI Care Pro (DJI Inspire 3) 1 Year (Code)","og_description":"Nieuw en ongeactiveerd product  Dekking van water- en botsingschade  Onbeperkt aantal gratis reparaties  Gratis vervanging van 2 batterijen  Dekkingslimiet van 11.000 Euro  Verlengbaar tot maximaal 4 jaar  Reductieprijs bij flyaway-incident  Gratis fabrieksonderhoud per jaar  Verlenging van garantie bij hoog resterend bedrag","og_url":"https:\/\/koningdrone.be\/de\/produkt\/dji-care-pro-dji-inspire-3-1-year-code\/","og_site_name":"koningdrone.be","article_modified_time":"2026-04-29T13:51:05+00:00","og_image":[{"width":800,"height":533,"url":"https:\/\/koningdrone.be\/wp-content\/uploads\/sites\/13\/2026\/03\/dji-care-pro-dji-inspire-3-2-jahre-code-de.jpg","type":"image\/jpeg"}],"twitter_card":"summary_large_image","twitter_misc":{"Gesch\u00e4tzte Lesezeit":"1\u00a0Minute"},"schema":{"@context":"https:\/\/schema.org","@graph":[{"@type":"WebPage","@id":"https:\/\/koningdrone.be\/product\/dji-care-pro-dji-inspire-3-1-year-code\/","url":"https:\/\/koningdrone.be\/product\/dji-care-pro-dji-inspire-3-1-year-code\/","name":"DJI Care Pro (DJI Inspire 3) 1 Year (Code) - koningdrone.be","isPartOf":{"@id":"https:\/\/koningdrone.be\/#website"},"primaryImageOfPage":{"@id":"https:\/\/koningdrone.be\/product\/dji-care-pro-dji-inspire-3-1-year-code\/#primaryimage"},"image":{"@id":"https:\/\/koningdrone.be\/product\/dji-care-pro-dji-inspire-3-1-year-code\/#primaryimage"},"thumbnailUrl":"https:\/\/koningdrone.be\/wp-content\/uploads\/sites\/13\/2026\/03\/dji-care-pro-dji-inspire-3-2-jahre-code-de.jpg","datePublished":"2023-11-28T17:49:48+00:00","dateModified":"2026-04-29T13:51:05+00:00","breadcrumb":{"@id":"https:\/\/koningdrone.be\/product\/dji-care-pro-dji-inspire-3-1-year-code\/#breadcrumb"},"inLanguage":"de","potentialAction":[{"@type":"ReadAction","target":["https:\/\/koningdrone.be\/product\/dji-care-pro-dji-inspire-3-1-year-code\/"]}]},{"@type":"ImageObject","inLanguage":"de","@id":"https:\/\/koningdrone.be\/product\/dji-care-pro-dji-inspire-3-1-year-code\/#primaryimage","url":"https:\/\/koningdrone.be\/wp-content\/uploads\/sites\/13\/2026\/03\/dji-care-pro-dji-inspire-3-2-jahre-code-de.jpg","contentUrl":"https:\/\/koningdrone.be\/wp-content\/uploads\/sites\/13\/2026\/03\/dji-care-pro-dji-inspire-3-2-jahre-code-de.jpg","width":800,"height":533},{"@type":"BreadcrumbList","@id":"https:\/\/koningdrone.be\/product\/dji-care-pro-dji-inspire-3-1-year-code\/#breadcrumb","itemListElement":[{"@type":"ListItem","position":1,"name":"Home","item":"https:\/\/koningdrone.be\/"},{"@type":"ListItem","position":2,"name":"AVSS Parachute Recovery System for DJI Matrice 300\/350","item":"https:\/\/koningdrone.be\/product\/avss-parachute-recovery-system-for-dji-matrice-300-350\/"},{"@type":"ListItem","position":3,"name":"Alle care refresh","item":"https:\/\/koningdrone.be\/categorie\/alle-care-refresh\/"},{"@type":"ListItem","position":4,"name":"DJI Care Pro (DJI Inspire 3) 1 Year (Code)"}]},{"@type":"WebSite","@id":"https:\/\/koningdrone.be\/#website","url":"https:\/\/koningdrone.be\/","name":"Koningdrone.be - Ihr Online-Spezialist f\u00fcr Drohnen, Gimbals, Kameras und Kraftwerke.","description":"Der Webshop f\u00fcr Drohnen und Gimbals","publisher":{"@id":"https:\/\/koningdrone.be\/#organization"},"potentialAction":[{"@type":"SearchAction","target":{"@type":"EntryPoint","urlTemplate":"https:\/\/koningdrone.be\/?s={search_term_string}"},"query-input":{"@type":"PropertyValueSpecification","valueRequired":true,"valueName":"search_term_string"}}],"inLanguage":"de"},{"@type":"Organization","@id":"https:\/\/koningdrone.be\/#organization","name":"Kingdrone.de","url":"https:\/\/koningdrone.be\/","logo":{"@type":"ImageObject","inLanguage":"de","@id":"https:\/\/koningdrone.be\/#\/schema\/logo\/image\/","url":"https:\/\/koningdrone.be\/wp-content\/uploads\/sites\/13\/2025\/04\/koningdrone-copyright-logo.svg","contentUrl":"https:\/\/koningdrone.be\/wp-content\/uploads\/sites\/13\/2025\/04\/koningdrone-copyright-logo.svg","width":227,"height":38,"caption":"Koningdrone.be"},"image":{"@id":"https:\/\/koningdrone.be\/#\/schema\/logo\/image\/"}}]}},"df_price":1899,"df_sale_price":"","df_regular_price":1899,"df_image_link":"https:\/\/koningdrone.be\/wp-content\/uploads\/sites\/13\/2026\/03\/dji-care-pro-dji-inspire-3-2-jahre-code-de-300x200.jpg","_links":{"self":[{"href":"https:\/\/koningdrone.be\/de\/wp-json\/wp\/v2\/product\/4220","targetHints":{"allow":["GET"]}}],"collection":[{"href":"https:\/\/koningdrone.be\/de\/wp-json\/wp\/v2\/product"}],"about":[{"href":"https:\/\/koningdrone.be\/de\/wp-json\/wp\/v2\/types\/product"}],"wp:featuredmedia":[{"embeddable":true,"href":"https:\/\/koningdrone.be\/de\/wp-json\/wp\/v2\/media\/17814"}],"wp:attachment":[{"href":"https:\/\/koningdrone.be\/de\/wp-json\/wp\/v2\/media?parent=4220"}],"wp:term":[{"taxonomy":"product_brand","embeddable":true,"href":"https:\/\/koningdrone.be\/de\/wp-json\/wp\/v2\/product_brand?post=4220"},{"taxonomy":"product_cat","embeddable":true,"href":"https:\/\/koningdrone.be\/de\/wp-json\/wp\/v2\/product_cat?post=4220"},{"taxonomy":"product_tag","embeddable":true,"href":"https:\/\/koningdrone.be\/de\/wp-json\/wp\/v2\/product_tag?post=4220"}],"curies":[{"name":"wp","href":"https:\/\/api.w.org\/{rel}","templated":true}]}}