{"id":4195,"date":"2023-11-28T18:50:44","date_gmt":"2023-11-28T17:50:44","guid":{"rendered":"https:\/\/koningdrone.nl\/kon\/product\/dji-care-refresh-pocket-2-1-year-code\/"},"modified":"2026-04-29T13:20:57","modified_gmt":"2026-04-29T11:20:57","slug":"dji-care-refresh-pocket-2-1-year-code","status":"publish","type":"product","link":"https:\/\/koningdrone.be\/de\/produkt\/dji-care-refresh-pocket-2-1-year-code\/","title":{"rendered":"DJI Care Refresh (Pocket 2) 1 Jahr (Code)"},"content":{"rendered":"<p><strong>Erweiterter Schutz f\u00fcr DJI-Produkte<\/strong><br \/>\nDJI Care Refresh ist ein umfassender und zuverl\u00e4ssiger Schutzplan, der DJI-Produkte bei einer Reihe von Unfallsch\u00e4den und nat\u00fcrlichem Verschlei\u00df abdeckt.<\/p>\n<p>&nbsp;<\/p>\n<p><strong>Ersatz f\u00fcr den Seelenfrieden<\/strong><br \/>\nGegen eine zus\u00e4tzliche Ersatzgeb\u00fchr k\u00f6nnen Sie Ihr besch\u00e4digtes Produkt ersetzen lassen, wenn ein Unfall passiert. Die Ersatzprodukte sind fabrikneu oder in Bezug auf Leistung und Zuverl\u00e4ssigkeit mit fabrikneuen Produkten gleichwertig.<\/p>\n<p>&nbsp;<\/p>\n<p><strong>Erneuerbare DJI Care Refresh<\/strong><br \/>\nDJI Care Refresh kann bis zu einer maximalen Gesamtlaufzeit von 3 Jahren verl\u00e4ngert werden, sp\u00e4testens 15 Tage nach Ablauf der aktuellen Vertragslaufzeit.<\/p>\n<p>&nbsp;<\/p>\n<p><strong>Geschwindigkeit mit Express<\/strong><br \/>\nExpress ist eine Option, die es Ihnen erm\u00f6glicht, den Prozess der Schadensbeurteilung und des Kostenvoranschlags zu \u00fcberspringen. Ein DJI-Servicezentrum wird Ihnen so schnell wie m\u00f6glich einen Ersatz schicken, sobald es Ihr Produkt erhalten hat.<\/p>\n<p>&nbsp;<\/p>\n<p><strong>KOSTENLOSER VERSAND<\/strong><br \/>\nDJI \u00fcbernimmt die Kosten f\u00fcr den Hin- und R\u00fcckversand, wenn ein Produkt zum Austausch zur\u00fcckgegeben wird.<\/p>\n<p>&nbsp;<\/p>\n<p><strong>Wichtiger Hinweis<\/strong><br \/>\nDJI Care kann nur bei einem Neukauf oder sp\u00e4testens 30 Tage nach der Erstaktivierung gebucht und registriert werden, bitte beachten Sie. Sie erwerben nur den Aktivierungscode, um sich bei DJI zu registrieren. Alle Serviceanspr\u00fcche oder Dienstleistungen m\u00fcssen direkt mit DJI abgewickelt werden. Nach Aktivierung des Codes ist ein Widerruf der Betreuung nicht mehr m\u00f6glich!<\/p>\n<p>&nbsp;<\/p>","protected":false},"excerpt":{"rendered":"<ul>\n<li>2 billige Ersatzstoffe<\/li>\n<li>Schaden-, Wasser- und Kaskoversicherung<\/li>\n<li>Kostenloser Versand f\u00fcr Ersatz<\/li>\n<li>Schutz f\u00fcr DJI-Produkte<\/li>\n<li>Schutz vor Bildschirm- und Wassersch\u00e4den<\/li>\n<li>Kostenpflichtige Ersetzung<\/li>\n<li>Verl\u00e4ngerbar bis zu 3 Jahren<\/li>\n<li>Express-Option f\u00fcr schnellen Austausch<\/li>\n<li>Kostenloser Versand f\u00fcr Ersatzprodukte<\/li>\n<li>Registrierung innerhalb von 30 Tagen nach der Aktivierung erforderlich<\/li>\n<\/ul>","protected":false},"featured_media":17815,"template":"","meta":{"_acf_changed":false},"product_brand":[],"product_cat":[175,97,841],"product_tag":[],"class_list":{"0":"post-4195","1":"product","2":"type-product","3":"status-publish","4":"has-post-thumbnail","6":"product_cat-alle-care-refresh","7":"product_cat-alle-producten","8":"product_cat-dji-care-refresh","9":"product_shipping_class-outofstock","10":"pa_brand-dji","11":"pa_productfamily-care-refresh","12":"pa_producttype-care-refresh","14":"first","15":"outofstock","16":"taxable","17":"shipping-taxable","18":"product-type-simple"},"acf":[],"yoast_head":"<!-- This site is optimized with the Yoast SEO Premium plugin v27.2 (Yoast SEO v27.2) - https:\/\/yoast.com\/product\/yoast-seo-premium-wordpress\/ -->\n<title>DJI Care Refresh (Pocket 2) 1 Year (Code) - koningdrone.be<\/title>\n<meta name=\"robots\" content=\"index, follow, max-snippet:-1, max-image-preview:large, max-video-preview:-1\" \/>\n<link rel=\"canonical\" href=\"https:\/\/koningdrone.be\/de\/produkt\/dji-care-refresh-pocket-2-1-year-code\/\" \/>\n<meta property=\"og:locale\" content=\"de_DE\" \/>\n<meta property=\"og:type\" content=\"article\" \/>\n<meta property=\"og:title\" content=\"DJI Care Refresh (Pocket 2) 1 Year (Code)\" \/>\n<meta property=\"og:description\" content=\"2 goedkope vervangingen  Dekking voor verlies, water en botsingen  Gratis verzending voor vervanging  Bescherming voor DJI producten  Dekking voor scherm- en waterschade  Vervanging tegen een vergoeding  Verlengbaar tot 3 jaar  Express optie voor snelle vervanging  Gratis verzending voor vervangend product  Registratie vereist binnen 30 dagen na activatie\" \/>\n<meta property=\"og:url\" content=\"https:\/\/koningdrone.be\/de\/produkt\/dji-care-refresh-pocket-2-1-year-code\/\" \/>\n<meta property=\"og:site_name\" content=\"koningdrone.be\" \/>\n<meta property=\"article:modified_time\" content=\"2026-04-29T11:20:57+00:00\" \/>\n<meta property=\"og:image\" content=\"https:\/\/koningdrone.be\/wp-content\/uploads\/sites\/13\/2026\/03\/dji-care-refresh-osmo.jpg\" \/>\n\t<meta property=\"og:image:width\" content=\"1548\" \/>\n\t<meta property=\"og:image:height\" content=\"1548\" \/>\n\t<meta property=\"og:image:type\" content=\"image\/jpeg\" \/>\n<meta name=\"twitter:card\" content=\"summary_large_image\" \/>\n<meta name=\"twitter:label1\" content=\"Gesch\u00e4tzte Lesezeit\" \/>\n\t<meta name=\"twitter:data1\" content=\"1\u00a0Minute\" \/>\n<script type=\"application\/ld+json\" class=\"yoast-schema-graph\">{\"@context\":\"https:\/\/schema.org\",\"@graph\":[{\"@type\":\"WebPage\",\"@id\":\"https:\/\/koningdrone.be\/product\/dji-care-refresh-pocket-2-1-year-code\/\",\"url\":\"https:\/\/koningdrone.be\/product\/dji-care-refresh-pocket-2-1-year-code\/\",\"name\":\"DJI Care Refresh (Pocket 2) 1 Year (Code) - koningdrone.be\",\"isPartOf\":{\"@id\":\"https:\/\/koningdrone.be\/#website\"},\"primaryImageOfPage\":{\"@id\":\"https:\/\/koningdrone.be\/product\/dji-care-refresh-pocket-2-1-year-code\/#primaryimage\"},\"image\":{\"@id\":\"https:\/\/koningdrone.be\/product\/dji-care-refresh-pocket-2-1-year-code\/#primaryimage\"},\"thumbnailUrl\":\"https:\/\/koningdrone.be\/wp-content\/uploads\/sites\/13\/2026\/03\/dji-care-refresh-osmo.jpg\",\"datePublished\":\"2023-11-28T17:50:44+00:00\",\"dateModified\":\"2026-04-29T11:20:57+00:00\",\"breadcrumb\":{\"@id\":\"https:\/\/koningdrone.be\/product\/dji-care-refresh-pocket-2-1-year-code\/#breadcrumb\"},\"inLanguage\":\"de\",\"potentialAction\":[{\"@type\":\"ReadAction\",\"target\":[\"https:\/\/koningdrone.be\/product\/dji-care-refresh-pocket-2-1-year-code\/\"]}]},{\"@type\":\"ImageObject\",\"inLanguage\":\"de\",\"@id\":\"https:\/\/koningdrone.be\/product\/dji-care-refresh-pocket-2-1-year-code\/#primaryimage\",\"url\":\"https:\/\/koningdrone.be\/wp-content\/uploads\/sites\/13\/2026\/03\/dji-care-refresh-osmo.jpg\",\"contentUrl\":\"https:\/\/koningdrone.be\/wp-content\/uploads\/sites\/13\/2026\/03\/dji-care-refresh-osmo.jpg\",\"width\":1548,\"height\":1548},{\"@type\":\"BreadcrumbList\",\"@id\":\"https:\/\/koningdrone.be\/product\/dji-care-refresh-pocket-2-1-year-code\/#breadcrumb\",\"itemListElement\":[{\"@type\":\"ListItem\",\"position\":1,\"name\":\"Home\",\"item\":\"https:\/\/koningdrone.be\/\"},{\"@type\":\"ListItem\",\"position\":2,\"name\":\"AVSS Parachute Recovery System for DJI Matrice 300\/350\",\"item\":\"https:\/\/koningdrone.be\/product\/avss-parachute-recovery-system-for-dji-matrice-300-350\/\"},{\"@type\":\"ListItem\",\"position\":3,\"name\":\"Alle care refresh\",\"item\":\"https:\/\/koningdrone.be\/categorie\/alle-care-refresh\/\"},{\"@type\":\"ListItem\",\"position\":4,\"name\":\"DJI Care Refresh (Pocket 2) 1 Year (Code)\"}]},{\"@type\":\"WebSite\",\"@id\":\"https:\/\/koningdrone.be\/#website\",\"url\":\"https:\/\/koningdrone.be\/\",\"name\":\"Koningdrone.be - Uw online specialist in drones, gimbals, camera's en power stations.\",\"description\":\"De webshop in drones en gimbals\",\"publisher\":{\"@id\":\"https:\/\/koningdrone.be\/#organization\"},\"potentialAction\":[{\"@type\":\"SearchAction\",\"target\":{\"@type\":\"EntryPoint\",\"urlTemplate\":\"https:\/\/koningdrone.be\/?s={search_term_string}\"},\"query-input\":{\"@type\":\"PropertyValueSpecification\",\"valueRequired\":true,\"valueName\":\"search_term_string\"}}],\"inLanguage\":\"de\"},{\"@type\":\"Organization\",\"@id\":\"https:\/\/koningdrone.be\/#organization\",\"name\":\"Koningdrone.be\",\"url\":\"https:\/\/koningdrone.be\/\",\"logo\":{\"@type\":\"ImageObject\",\"inLanguage\":\"de\",\"@id\":\"https:\/\/koningdrone.be\/#\/schema\/logo\/image\/\",\"url\":\"https:\/\/koningdrone.be\/wp-content\/uploads\/sites\/13\/2025\/04\/koningdrone-copyright-logo.svg\",\"contentUrl\":\"https:\/\/koningdrone.be\/wp-content\/uploads\/sites\/13\/2025\/04\/koningdrone-copyright-logo.svg\",\"width\":227,\"height\":38,\"caption\":\"Koningdrone.be\"},\"image\":{\"@id\":\"https:\/\/koningdrone.be\/#\/schema\/logo\/image\/\"}}]}<\/script>\n<!-- \/ Yoast SEO Premium plugin. -->","yoast_head_json":{"title":"DJI Care Refresh (Pocket 2) 1 Year (Code) - koningdrone.be","robots":{"index":"index","follow":"follow","max-snippet":"max-snippet:-1","max-image-preview":"max-image-preview:large","max-video-preview":"max-video-preview:-1"},"canonical":"https:\/\/koningdrone.be\/de\/produkt\/dji-care-refresh-pocket-2-1-year-code\/","og_locale":"de_DE","og_type":"article","og_title":"DJI Care Refresh (Pocket 2) 1 Year (Code)","og_description":"2 goedkope vervangingen  Dekking voor verlies, water en botsingen  Gratis verzending voor vervanging  Bescherming voor DJI producten  Dekking voor scherm- en waterschade  Vervanging tegen een vergoeding  Verlengbaar tot 3 jaar  Express optie voor snelle vervanging  Gratis verzending voor vervangend product  Registratie vereist binnen 30 dagen na activatie","og_url":"https:\/\/koningdrone.be\/de\/produkt\/dji-care-refresh-pocket-2-1-year-code\/","og_site_name":"koningdrone.be","article_modified_time":"2026-04-29T11:20:57+00:00","og_image":[{"width":1548,"height":1548,"url":"https:\/\/koningdrone.be\/wp-content\/uploads\/sites\/13\/2026\/03\/dji-care-refresh-osmo.jpg","type":"image\/jpeg"}],"twitter_card":"summary_large_image","twitter_misc":{"Gesch\u00e4tzte Lesezeit":"1\u00a0Minute"},"schema":{"@context":"https:\/\/schema.org","@graph":[{"@type":"WebPage","@id":"https:\/\/koningdrone.be\/product\/dji-care-refresh-pocket-2-1-year-code\/","url":"https:\/\/koningdrone.be\/product\/dji-care-refresh-pocket-2-1-year-code\/","name":"DJI Care Refresh (Pocket 2) 1 Year (Code) - koningdrone.be","isPartOf":{"@id":"https:\/\/koningdrone.be\/#website"},"primaryImageOfPage":{"@id":"https:\/\/koningdrone.be\/product\/dji-care-refresh-pocket-2-1-year-code\/#primaryimage"},"image":{"@id":"https:\/\/koningdrone.be\/product\/dji-care-refresh-pocket-2-1-year-code\/#primaryimage"},"thumbnailUrl":"https:\/\/koningdrone.be\/wp-content\/uploads\/sites\/13\/2026\/03\/dji-care-refresh-osmo.jpg","datePublished":"2023-11-28T17:50:44+00:00","dateModified":"2026-04-29T11:20:57+00:00","breadcrumb":{"@id":"https:\/\/koningdrone.be\/product\/dji-care-refresh-pocket-2-1-year-code\/#breadcrumb"},"inLanguage":"de","potentialAction":[{"@type":"ReadAction","target":["https:\/\/koningdrone.be\/product\/dji-care-refresh-pocket-2-1-year-code\/"]}]},{"@type":"ImageObject","inLanguage":"de","@id":"https:\/\/koningdrone.be\/product\/dji-care-refresh-pocket-2-1-year-code\/#primaryimage","url":"https:\/\/koningdrone.be\/wp-content\/uploads\/sites\/13\/2026\/03\/dji-care-refresh-osmo.jpg","contentUrl":"https:\/\/koningdrone.be\/wp-content\/uploads\/sites\/13\/2026\/03\/dji-care-refresh-osmo.jpg","width":1548,"height":1548},{"@type":"BreadcrumbList","@id":"https:\/\/koningdrone.be\/product\/dji-care-refresh-pocket-2-1-year-code\/#breadcrumb","itemListElement":[{"@type":"ListItem","position":1,"name":"Home","item":"https:\/\/koningdrone.be\/"},{"@type":"ListItem","position":2,"name":"AVSS Parachute Recovery System for DJI Matrice 300\/350","item":"https:\/\/koningdrone.be\/product\/avss-parachute-recovery-system-for-dji-matrice-300-350\/"},{"@type":"ListItem","position":3,"name":"Alle care refresh","item":"https:\/\/koningdrone.be\/categorie\/alle-care-refresh\/"},{"@type":"ListItem","position":4,"name":"DJI Care Refresh (Pocket 2) 1 Year (Code)"}]},{"@type":"WebSite","@id":"https:\/\/koningdrone.be\/#website","url":"https:\/\/koningdrone.be\/","name":"Koningdrone.be - Ihr Online-Spezialist f\u00fcr Drohnen, Gimbals, Kameras und Kraftwerke.","description":"Der Webshop f\u00fcr Drohnen und Gimbals","publisher":{"@id":"https:\/\/koningdrone.be\/#organization"},"potentialAction":[{"@type":"SearchAction","target":{"@type":"EntryPoint","urlTemplate":"https:\/\/koningdrone.be\/?s={search_term_string}"},"query-input":{"@type":"PropertyValueSpecification","valueRequired":true,"valueName":"search_term_string"}}],"inLanguage":"de"},{"@type":"Organization","@id":"https:\/\/koningdrone.be\/#organization","name":"Kingdrone.de","url":"https:\/\/koningdrone.be\/","logo":{"@type":"ImageObject","inLanguage":"de","@id":"https:\/\/koningdrone.be\/#\/schema\/logo\/image\/","url":"https:\/\/koningdrone.be\/wp-content\/uploads\/sites\/13\/2025\/04\/koningdrone-copyright-logo.svg","contentUrl":"https:\/\/koningdrone.be\/wp-content\/uploads\/sites\/13\/2025\/04\/koningdrone-copyright-logo.svg","width":227,"height":38,"caption":"Koningdrone.be"},"image":{"@id":"https:\/\/koningdrone.be\/#\/schema\/logo\/image\/"}}]}},"df_price":"","df_sale_price":"","df_regular_price":"","df_image_link":"https:\/\/koningdrone.be\/wp-content\/uploads\/sites\/13\/2026\/03\/dji-care-refresh-osmo-300x300.jpg","_links":{"self":[{"href":"https:\/\/koningdrone.be\/de\/wp-json\/wp\/v2\/product\/4195","targetHints":{"allow":["GET"]}}],"collection":[{"href":"https:\/\/koningdrone.be\/de\/wp-json\/wp\/v2\/product"}],"about":[{"href":"https:\/\/koningdrone.be\/de\/wp-json\/wp\/v2\/types\/product"}],"wp:featuredmedia":[{"embeddable":true,"href":"https:\/\/koningdrone.be\/de\/wp-json\/wp\/v2\/media\/17815"}],"wp:attachment":[{"href":"https:\/\/koningdrone.be\/de\/wp-json\/wp\/v2\/media?parent=4195"}],"wp:term":[{"taxonomy":"product_brand","embeddable":true,"href":"https:\/\/koningdrone.be\/de\/wp-json\/wp\/v2\/product_brand?post=4195"},{"taxonomy":"product_cat","embeddable":true,"href":"https:\/\/koningdrone.be\/de\/wp-json\/wp\/v2\/product_cat?post=4195"},{"taxonomy":"product_tag","embeddable":true,"href":"https:\/\/koningdrone.be\/de\/wp-json\/wp\/v2\/product_tag?post=4195"}],"curies":[{"name":"wp","href":"https:\/\/api.w.org\/{rel}","templated":true}]}}