{"id":4189,"date":"2023-11-28T18:50:44","date_gmt":"2023-11-28T17:50:44","guid":{"rendered":"https:\/\/koningdrone.nl\/kon\/product\/osmo-pocket-3\/"},"modified":"2026-04-29T15:20:33","modified_gmt":"2026-04-29T13:20:33","slug":"osmo-pocket-3","status":"publish","type":"product","link":"https:\/\/koningdrone.be\/de\/produkt\/osmo-pocket-3\/","title":{"rendered":"Osmo Tasche 3"},"content":{"rendered":"<p><strong>F\u00fcr bewegende Momente<\/strong><\/p>\n<p><\/p>\n<p>Die brandneue Pocket 3 verf\u00fcgt \u00fcber einen leistungsstarken 1-Zoll-CMOS-Sensor, der detaillierte Bilder direkt in Ihre Handfl\u00e4che bringt. Mit dem drehbaren 2-Zoll-Touchscreen und der pixelschnellen Fokussierung k\u00f6nnen Sie horizontal oder vertikal fotografieren, um eine pr\u00e4zisere Wahrnehmung und Kontrolle zu erhalten. Mit 4K\/120fps, dreidimensionaler mechanischer Stabilisierung und einer Reihe intelligenter Funktionen ist die Pocket 3 f\u00fcr jeden bewegten Moment ger\u00fcstet. <\/p>\n<p><\/p>\n<p><strong>Endloses Licht und Schatten Details<\/strong><\/p>\n<p><\/p>\n<p>Der 1-Zoll-CMOS-Sensor f\u00e4ngt helle Lichter und Schattendetails ein und sorgt so auch bei schlechten Lichtverh\u00e4ltnissen f\u00fcr tolle Aufnahmen. Mit 4K\/120fps k\u00f6nnen Sie jeden atemberaubenden Moment in Zeitlupe erleben. Mit 10-Bit D-Log M und HLG k\u00f6nnen Sie Landschaften mit professioneller Farbflexibilit\u00e4t f\u00fcr lebensechte Farben und ein umfassendes visuelles Erlebnis aufnehmen.<\/p>\n<p><\/p>\n<p><strong>Nat\u00fcrliche Hautt\u00f6ne - Die Show stehlen<\/strong><\/p>\n<p><\/p>\n<p>Sofortige Ergebnisse mit einem hellen und strahlenden Teint sorgen f\u00fcr gleichbleibend hervorragende Resultate. Mit Glamour Effects 2.0 und personalisierten Beauty-Optionen sehen Sie immer gut aus.<\/p>\n<p><\/p>\n<p><strong>Schnelle, stabile und pr\u00e4zise Aufnahmen - halten Sie jeden Moment vibrationsfrei fest<\/strong><\/p>\n<p><\/p>\n<p>Von Familienmomenten bis hin zu Abenteuern mit Haustieren - die pixelschnelle Fokussierung erfasst ein energiegeladenes Kind oder einen verspielten Welpen mit erstaunlicher Pr\u00e4zision. Die dreidimensionale kardanische mechanische Stabilisierung sorgt daf\u00fcr, dass das Kamerabild auch bei dynamischen Bewegungen stabil bleibt. Das handliche Design im Taschenformat erm\u00f6glicht eine sehr bequeme Gestaltung f\u00fcr unterwegs.<\/p>\n<p><\/p>\n<p><strong>Unbeschwerte Kreation - Lebendige und innovative Optionen<\/strong><\/p>\n<p><\/p>\n<p>Der schwenkbare 2-Zoll-Touchscreen unterst\u00fctzt den schnellen Wechsel zwischen horizontalen und vertikalen Aufnahmen. Mit einer einfachen Drehung sind Sie sofort startklar. ActiveTrack 6.0 bietet mehrere Tracking-Modi, mit denen Sie mit einer Hand fl\u00fcssige, kinoreife Bilder produzieren k\u00f6nnen. Die Stereoaufnahme und die direkte Verbindung mit zwei DJI Mic 2-Sendern sorgen f\u00fcr einen klaren Ton und eine m\u00fchelose Erstellung.<\/p>\n<p><\/p>\n<p><strong>Bildgebendes System<\/strong><\/p>\n<p>... (der Rest der Beschreibung ist ausgeschlossen)<\/p>","protected":false},"excerpt":{"rendered":"<ul>\n<li>Leistungsstarke 1\u2033 CMOS-Kardankamera<\/li>\n<li>4K\/120fps und 3-Achsen-Stabilisierung<\/li>\n<li>2\u2033 drehbarer Touchscreen<\/li>\n<li>Einbindung nat\u00fcrlicher Hautt\u00f6ne<\/li>\n<li>Schnelle, stabile und genaue Aufzeichnung<\/li>\n<li>2\u2033 drehbarer Touchscreen<\/li>\n<li>Mechanische 3-Achsen-Stabilisierung<\/li>\n<li>4K\/120fps Videomodus<\/li>\n<li>Unterst\u00fctzt Live-Streaming und Webcams<\/li>\n<\/ul>","protected":false},"featured_media":4188,"template":"","meta":{"_acf_changed":false},"product_brand":[],"product_cat":[410,97,297,778,842,299],"product_tag":[],"class_list":{"0":"post-4189","1":"product","2":"type-product","3":"status-publish","4":"has-post-thumbnail","6":"product_cat-alle-handheld-gimbals","7":"product_cat-alle-producten","8":"product_cat-dji-osmo","9":"product_cat-dji-osmo-pocket","10":"product_cat-dji-osmo-pocket-3","11":"product_cat-gimbals-en-cameras","12":"product_shipping_class-outofstock","13":"pa_brand-dji","14":"pa_productfamily-camera-stabilisator","15":"pa_producttype-camera-stabilisator","16":"pa_series-osmo-pocket","18":"first","19":"outofstock","20":"taxable","21":"shipping-taxable","22":"purchasable","23":"product-type-simple"},"acf":[],"yoast_head":"<!-- This site is optimized with the Yoast SEO Premium plugin v27.2 (Yoast SEO v27.2) - https:\/\/yoast.com\/product\/yoast-seo-premium-wordpress\/ -->\n<title>Osmo Pocket 3 - koningdrone.be<\/title>\n<meta name=\"robots\" content=\"index, follow, max-snippet:-1, max-image-preview:large, max-video-preview:-1\" \/>\n<link rel=\"canonical\" href=\"https:\/\/koningdrone.be\/de\/produkt\/osmo-pocket-3\/\" \/>\n<meta property=\"og:locale\" content=\"de_DE\" \/>\n<meta property=\"og:type\" content=\"article\" \/>\n<meta property=\"og:title\" content=\"Osmo Pocket 3\" \/>\n<meta property=\"og:description\" content=\"Krachtige 1&quot; CMOS-gimbalcamera  4K\/120fps en 3-assige stabilisatie  2&quot; roteerbaar touchscreen  Opname van natuurlijke huidtinten  Snelle, stabiele, nauwkeurige opname  2&quot; roteerbaar touchscreen  3-assige mechanische stabilisatie  4K\/120fps videomodus  Ondersteunt livestreamen en webcams\" \/>\n<meta property=\"og:url\" content=\"https:\/\/koningdrone.be\/de\/produkt\/osmo-pocket-3\/\" \/>\n<meta property=\"og:site_name\" content=\"koningdrone.be\" \/>\n<meta property=\"article:modified_time\" content=\"2026-04-29T13:20:33+00:00\" \/>\n<meta property=\"og:image\" content=\"https:\/\/koningdrone.be\/wp-content\/uploads\/sites\/13\/2025\/04\/osmo-pocket-3-shop-de9.webp\" \/>\n\t<meta property=\"og:image:width\" content=\"1000\" \/>\n\t<meta property=\"og:image:height\" content=\"720\" \/>\n\t<meta property=\"og:image:type\" content=\"image\/webp\" \/>\n<meta name=\"twitter:card\" content=\"summary_large_image\" \/>\n<meta name=\"twitter:label1\" content=\"Gesch\u00e4tzte Lesezeit\" \/>\n\t<meta name=\"twitter:data1\" content=\"1\u00a0Minute\" \/>\n<script type=\"application\/ld+json\" class=\"yoast-schema-graph\">{\"@context\":\"https:\/\/schema.org\",\"@graph\":[{\"@type\":\"WebPage\",\"@id\":\"https:\/\/koningdrone.be\/product\/osmo-pocket-3\/\",\"url\":\"https:\/\/koningdrone.be\/product\/osmo-pocket-3\/\",\"name\":\"Osmo Pocket 3 - koningdrone.be\",\"isPartOf\":{\"@id\":\"https:\/\/koningdrone.be\/#website\"},\"primaryImageOfPage\":{\"@id\":\"https:\/\/koningdrone.be\/product\/osmo-pocket-3\/#primaryimage\"},\"image\":{\"@id\":\"https:\/\/koningdrone.be\/product\/osmo-pocket-3\/#primaryimage\"},\"thumbnailUrl\":\"https:\/\/koningdrone.be\/wp-content\/uploads\/sites\/13\/2025\/04\/osmo-pocket-3-shop-de9.webp\",\"datePublished\":\"2023-11-28T17:50:44+00:00\",\"dateModified\":\"2026-04-29T13:20:33+00:00\",\"breadcrumb\":{\"@id\":\"https:\/\/koningdrone.be\/product\/osmo-pocket-3\/#breadcrumb\"},\"inLanguage\":\"de\",\"potentialAction\":[{\"@type\":\"ReadAction\",\"target\":[\"https:\/\/koningdrone.be\/product\/osmo-pocket-3\/\"]}]},{\"@type\":\"ImageObject\",\"inLanguage\":\"de\",\"@id\":\"https:\/\/koningdrone.be\/product\/osmo-pocket-3\/#primaryimage\",\"url\":\"https:\/\/koningdrone.be\/wp-content\/uploads\/sites\/13\/2025\/04\/osmo-pocket-3-shop-de9.webp\",\"contentUrl\":\"https:\/\/koningdrone.be\/wp-content\/uploads\/sites\/13\/2025\/04\/osmo-pocket-3-shop-de9.webp\",\"width\":1000,\"height\":720},{\"@type\":\"BreadcrumbList\",\"@id\":\"https:\/\/koningdrone.be\/product\/osmo-pocket-3\/#breadcrumb\",\"itemListElement\":[{\"@type\":\"ListItem\",\"position\":1,\"name\":\"Home\",\"item\":\"https:\/\/koningdrone.be\/\"},{\"@type\":\"ListItem\",\"position\":2,\"name\":\"AVSS Parachute Recovery System for DJI Matrice 300\/350\",\"item\":\"https:\/\/koningdrone.be\/product\/avss-parachute-recovery-system-for-dji-matrice-300-350\/\"},{\"@type\":\"ListItem\",\"position\":3,\"name\":\"Alle handheld gimbals\",\"item\":\"https:\/\/koningdrone.be\/categorie\/alle-handheld-gimbals\/\"},{\"@type\":\"ListItem\",\"position\":4,\"name\":\"Osmo Pocket 3\"}]},{\"@type\":\"WebSite\",\"@id\":\"https:\/\/koningdrone.be\/#website\",\"url\":\"https:\/\/koningdrone.be\/\",\"name\":\"Koningdrone.be - Uw online specialist in drones, gimbals, camera's en power stations.\",\"description\":\"De webshop in drones en gimbals\",\"publisher\":{\"@id\":\"https:\/\/koningdrone.be\/#organization\"},\"potentialAction\":[{\"@type\":\"SearchAction\",\"target\":{\"@type\":\"EntryPoint\",\"urlTemplate\":\"https:\/\/koningdrone.be\/?s={search_term_string}\"},\"query-input\":{\"@type\":\"PropertyValueSpecification\",\"valueRequired\":true,\"valueName\":\"search_term_string\"}}],\"inLanguage\":\"de\"},{\"@type\":\"Organization\",\"@id\":\"https:\/\/koningdrone.be\/#organization\",\"name\":\"Koningdrone.be\",\"url\":\"https:\/\/koningdrone.be\/\",\"logo\":{\"@type\":\"ImageObject\",\"inLanguage\":\"de\",\"@id\":\"https:\/\/koningdrone.be\/#\/schema\/logo\/image\/\",\"url\":\"https:\/\/koningdrone.be\/wp-content\/uploads\/sites\/13\/2025\/04\/koningdrone-copyright-logo.svg\",\"contentUrl\":\"https:\/\/koningdrone.be\/wp-content\/uploads\/sites\/13\/2025\/04\/koningdrone-copyright-logo.svg\",\"width\":227,\"height\":38,\"caption\":\"Koningdrone.be\"},\"image\":{\"@id\":\"https:\/\/koningdrone.be\/#\/schema\/logo\/image\/\"}}]}<\/script>\n<!-- \/ Yoast SEO Premium plugin. -->","yoast_head_json":{"title":"Osmo Pocket 3 - koningdrone.be","robots":{"index":"index","follow":"follow","max-snippet":"max-snippet:-1","max-image-preview":"max-image-preview:large","max-video-preview":"max-video-preview:-1"},"canonical":"https:\/\/koningdrone.be\/de\/produkt\/osmo-pocket-3\/","og_locale":"de_DE","og_type":"article","og_title":"Osmo Pocket 3","og_description":"Krachtige 1\" CMOS-gimbalcamera  4K\/120fps en 3-assige stabilisatie  2\" roteerbaar touchscreen  Opname van natuurlijke huidtinten  Snelle, stabiele, nauwkeurige opname  2\" roteerbaar touchscreen  3-assige mechanische stabilisatie  4K\/120fps videomodus  Ondersteunt livestreamen en webcams","og_url":"https:\/\/koningdrone.be\/de\/produkt\/osmo-pocket-3\/","og_site_name":"koningdrone.be","article_modified_time":"2026-04-29T13:20:33+00:00","og_image":[{"width":1000,"height":720,"url":"https:\/\/koningdrone.be\/wp-content\/uploads\/sites\/13\/2025\/04\/osmo-pocket-3-shop-de9.webp","type":"image\/webp"}],"twitter_card":"summary_large_image","twitter_misc":{"Gesch\u00e4tzte Lesezeit":"1\u00a0Minute"},"schema":{"@context":"https:\/\/schema.org","@graph":[{"@type":"WebPage","@id":"https:\/\/koningdrone.be\/product\/osmo-pocket-3\/","url":"https:\/\/koningdrone.be\/product\/osmo-pocket-3\/","name":"Osmo Pocket 3 - koningdrone.be","isPartOf":{"@id":"https:\/\/koningdrone.be\/#website"},"primaryImageOfPage":{"@id":"https:\/\/koningdrone.be\/product\/osmo-pocket-3\/#primaryimage"},"image":{"@id":"https:\/\/koningdrone.be\/product\/osmo-pocket-3\/#primaryimage"},"thumbnailUrl":"https:\/\/koningdrone.be\/wp-content\/uploads\/sites\/13\/2025\/04\/osmo-pocket-3-shop-de9.webp","datePublished":"2023-11-28T17:50:44+00:00","dateModified":"2026-04-29T13:20:33+00:00","breadcrumb":{"@id":"https:\/\/koningdrone.be\/product\/osmo-pocket-3\/#breadcrumb"},"inLanguage":"de","potentialAction":[{"@type":"ReadAction","target":["https:\/\/koningdrone.be\/product\/osmo-pocket-3\/"]}]},{"@type":"ImageObject","inLanguage":"de","@id":"https:\/\/koningdrone.be\/product\/osmo-pocket-3\/#primaryimage","url":"https:\/\/koningdrone.be\/wp-content\/uploads\/sites\/13\/2025\/04\/osmo-pocket-3-shop-de9.webp","contentUrl":"https:\/\/koningdrone.be\/wp-content\/uploads\/sites\/13\/2025\/04\/osmo-pocket-3-shop-de9.webp","width":1000,"height":720},{"@type":"BreadcrumbList","@id":"https:\/\/koningdrone.be\/product\/osmo-pocket-3\/#breadcrumb","itemListElement":[{"@type":"ListItem","position":1,"name":"Home","item":"https:\/\/koningdrone.be\/"},{"@type":"ListItem","position":2,"name":"AVSS Parachute Recovery System for DJI Matrice 300\/350","item":"https:\/\/koningdrone.be\/product\/avss-parachute-recovery-system-for-dji-matrice-300-350\/"},{"@type":"ListItem","position":3,"name":"Alle handheld gimbals","item":"https:\/\/koningdrone.be\/categorie\/alle-handheld-gimbals\/"},{"@type":"ListItem","position":4,"name":"Osmo Pocket 3"}]},{"@type":"WebSite","@id":"https:\/\/koningdrone.be\/#website","url":"https:\/\/koningdrone.be\/","name":"Koningdrone.be - Ihr Online-Spezialist f\u00fcr Drohnen, Gimbals, Kameras und Kraftwerke.","description":"Der Webshop f\u00fcr Drohnen und Gimbals","publisher":{"@id":"https:\/\/koningdrone.be\/#organization"},"potentialAction":[{"@type":"SearchAction","target":{"@type":"EntryPoint","urlTemplate":"https:\/\/koningdrone.be\/?s={search_term_string}"},"query-input":{"@type":"PropertyValueSpecification","valueRequired":true,"valueName":"search_term_string"}}],"inLanguage":"de"},{"@type":"Organization","@id":"https:\/\/koningdrone.be\/#organization","name":"Kingdrone.de","url":"https:\/\/koningdrone.be\/","logo":{"@type":"ImageObject","inLanguage":"de","@id":"https:\/\/koningdrone.be\/#\/schema\/logo\/image\/","url":"https:\/\/koningdrone.be\/wp-content\/uploads\/sites\/13\/2025\/04\/koningdrone-copyright-logo.svg","contentUrl":"https:\/\/koningdrone.be\/wp-content\/uploads\/sites\/13\/2025\/04\/koningdrone-copyright-logo.svg","width":227,"height":38,"caption":"Koningdrone.be"},"image":{"@id":"https:\/\/koningdrone.be\/#\/schema\/logo\/image\/"}}]}},"df_price":429,"df_sale_price":"","df_regular_price":429,"df_image_link":"https:\/\/koningdrone.be\/wp-content\/uploads\/sites\/13\/2025\/04\/osmo-pocket-3-shop-de9-300x216.webp","_links":{"self":[{"href":"https:\/\/koningdrone.be\/de\/wp-json\/wp\/v2\/product\/4189","targetHints":{"allow":["GET"]}}],"collection":[{"href":"https:\/\/koningdrone.be\/de\/wp-json\/wp\/v2\/product"}],"about":[{"href":"https:\/\/koningdrone.be\/de\/wp-json\/wp\/v2\/types\/product"}],"wp:featuredmedia":[{"embeddable":true,"href":"https:\/\/koningdrone.be\/de\/wp-json\/wp\/v2\/media\/4188"}],"wp:attachment":[{"href":"https:\/\/koningdrone.be\/de\/wp-json\/wp\/v2\/media?parent=4189"}],"wp:term":[{"taxonomy":"product_brand","embeddable":true,"href":"https:\/\/koningdrone.be\/de\/wp-json\/wp\/v2\/product_brand?post=4189"},{"taxonomy":"product_cat","embeddable":true,"href":"https:\/\/koningdrone.be\/de\/wp-json\/wp\/v2\/product_cat?post=4189"},{"taxonomy":"product_tag","embeddable":true,"href":"https:\/\/koningdrone.be\/de\/wp-json\/wp\/v2\/product_tag?post=4189"}],"curies":[{"name":"wp","href":"https:\/\/api.w.org\/{rel}","templated":true}]}}