{"id":4169,"date":"2023-11-28T18:50:44","date_gmt":"2023-11-28T17:50:44","guid":{"rendered":"https:\/\/koningdrone.nl\/kon\/product\/osmo-pocket-3-battery-handle\/"},"modified":"2026-04-29T15:10:16","modified_gmt":"2026-04-29T13:10:16","slug":"osmo-pocket-3-battery-handle","status":"publish","type":"product","link":"https:\/\/koningdrone.be\/de\/produkt\/osmo-pocket-3-battery-handle\/","title":{"rendered":"Osmo Pocket 3 Akku-Griff"},"content":{"rendered":"<p><strong>Verl\u00e4ngerte Lebensdauer der Batterie<\/strong><\/p>\n<p> Der Batteriegriff erweitert die Nutzbarkeit des Osmo Pocket 3 erheblich, indem er einen umfangreichen internen 950-mAh-Akku enth\u00e4lt. Dadurch erh\u00f6ht sich die Akkulaufzeit des Ger\u00e4ts um ca. 62%, so dass Sie genug Energie haben, um jeden Moment festzuhalten, ohne sich Gedanken \u00fcber die Entladung des Akkus an langen Aufnahmetagen zu machen.<\/p>\n<p><strong>Hot-Swapping-F\u00e4higkeit<\/strong><\/p>\n<p> Dieser Griff ist mit einer praktischen Hot-Swapping-Funktion ausgestattet, mit der Sie ihn ausschalten k\u00f6nnen, ohne Ihr Ger\u00e4t ausschalten zu m\u00fcssen. Diese Funktion ist besonders in schnellen Aufnahmesituationen n\u00fctzlich und macht die Bedienung Ihres Ger\u00e4ts effizienter und benutzerfreundlicher.<\/p>\n<p><strong>Verbesserte Audioverbindungen<\/strong><\/p>\n<p> Der Batteriegriff ist mit einem USB-C-Anschluss auf der R\u00fcckseite ausgestattet und bietet direkte Anschlussm\u00f6glichkeiten f\u00fcr verschiedene externe Audioger\u00e4te. Dazu geh\u00f6ren digitale kabelgebundene Kopfh\u00f6rer, kabelgebundene Mikrofone oder drahtlose Mikrofonempf\u00e4nger, die eine breite Palette von Audiooptionen bieten. Mit dieser Funktion sind Ihre Aufnahmen nicht nur visuell fesselnd, sondern auch h\u00f6rbar klar und deutlich.<\/p>\n<p><strong>Kompatibilit\u00e4t des Zubeh\u00f6rs<\/strong><\/p>\n<p> Mit einem 1\/4\u2033-Gewinde an der Basis bietet der Griff einen universellen Anschlusspunkt f\u00fcr die Befestigung einer breiten Palette von Zubeh\u00f6r, wie z. B. Stative. Diese Erweiterungsm\u00f6glichkeit verbessert die Funktionalit\u00e4t des Ger\u00e4ts erheblich und erm\u00f6glicht stabile Aufnahmen und die einfache Erkundung einzigartiger Winkel, was die Qualit\u00e4t Ihrer Inhalte verbessert.<\/p>\n<p><strong>Schlussfolgerung<\/strong><\/p>\n<p> Der Batteriegriff f\u00fcr den Osmo Pocket 3 ist eine unsch\u00e4tzbare Erg\u00e4nzung f\u00fcr alle, die ihr Filmerlebnis auf die n\u00e4chste Stufe heben m\u00f6chten. Durch die Verl\u00e4ngerung der Akkulaufzeit, die Erleichterung eines effizienten Ger\u00e4tebetriebs, die Erweiterung der Audio-Konnektivit\u00e4tsoptionen und die breite Kompatibilit\u00e4t mit Zubeh\u00f6r eignet er sich sowohl f\u00fcr Anf\u00e4nger als auch f\u00fcr erfahrene Benutzer, die eine verbesserte Videoqualit\u00e4t und Zuverl\u00e4ssigkeit bei l\u00e4ngeren Aufnahmen suchen.<\/p>\n<p><\/p>","protected":false},"excerpt":{"rendered":"<ul>\n<li>Eingebauter 950mAh-Akku verl\u00e4ngert die Nutzungsdauer mit 62%<\/li>\n<li> Unterst\u00fctzt Hot-Swapping f\u00fcr Dauerbetrieb<\/li>\n<li> Inklusive USB-C-Anschluss f\u00fcr den Anschluss externer Audioger\u00e4te<\/li>\n<li> Kompatibel mit digitalen kabelgebundenen Kopfh\u00f6rern, kabelgebundenen Mikrofonen und drahtlosen Empf\u00e4ngern<\/li>\n<li> 1\/4\u2033-Gewinde zum Befestigen an Stativen und anderem Zubeh\u00f6r<\/li>\n<\/ul>","protected":false},"featured_media":4166,"template":"","meta":{"_acf_changed":false},"product_brand":[],"product_cat":[410,97,201,297,778],"product_tag":[],"class_list":{"0":"post-4169","1":"product","2":"type-product","3":"status-publish","4":"has-post-thumbnail","6":"product_cat-alle-handheld-gimbals","7":"product_cat-alle-producten","8":"product_cat-alle-tassen-en-koffers","9":"product_cat-dji-osmo","10":"product_cat-dji-osmo-pocket","11":"product_shipping_class-outofstock","12":"pa_brand-dji","13":"pa_productfamily-handle","14":"pa_producttype-handle","15":"pa_series-osmo-pocket","17":"first","18":"outofstock","19":"taxable","20":"shipping-taxable","21":"purchasable","22":"product-type-simple"},"acf":[],"yoast_head":"<!-- This site is optimized with the Yoast SEO Premium plugin v27.2 (Yoast SEO v27.2) - https:\/\/yoast.com\/product\/yoast-seo-premium-wordpress\/ -->\n<title>Osmo Pocket 3 Battery Handle - koningdrone.be<\/title>\n<meta name=\"robots\" content=\"index, follow, max-snippet:-1, max-image-preview:large, max-video-preview:-1\" \/>\n<link rel=\"canonical\" href=\"https:\/\/koningdrone.be\/de\/produkt\/osmo-pocket-3-battery-handle\/\" \/>\n<meta property=\"og:locale\" content=\"de_DE\" \/>\n<meta property=\"og:type\" content=\"article\" \/>\n<meta property=\"og:title\" content=\"Osmo Pocket 3 Battery Handle\" \/>\n<meta property=\"og:description\" content=\"Ingebouwde 950mAh-batterij verhoogt de gebruikstijd met 62% Ondersteunt hot-swapping voor continu gebruik Inclusief USB-C-poort voor het aansluiten van externe audioapparaten Compatibel met digitale bedrade hoofdtelefoons, bedrade microfoons en draadloze ontvangers 1\/4\u2033 schroefdraad voor bevestiging aan statieven en andere accessoires\" \/>\n<meta property=\"og:url\" content=\"https:\/\/koningdrone.be\/de\/produkt\/osmo-pocket-3-battery-handle\/\" \/>\n<meta property=\"og:site_name\" content=\"koningdrone.be\" \/>\n<meta property=\"article:modified_time\" content=\"2026-04-29T13:10:16+00:00\" \/>\n<meta property=\"og:image\" content=\"https:\/\/koningdrone.be\/wp-content\/uploads\/sites\/13\/2025\/04\/7d58e2bd4e31f2139beef5051558c97d@large.jpg\" \/>\n\t<meta property=\"og:image:width\" content=\"1200\" \/>\n\t<meta property=\"og:image:height\" content=\"800\" \/>\n\t<meta property=\"og:image:type\" content=\"image\/jpeg\" \/>\n<meta name=\"twitter:card\" content=\"summary_large_image\" \/>\n<meta name=\"twitter:label1\" content=\"Gesch\u00e4tzte Lesezeit\" \/>\n\t<meta name=\"twitter:data1\" content=\"1\u00a0Minute\" \/>\n<script type=\"application\/ld+json\" class=\"yoast-schema-graph\">{\"@context\":\"https:\/\/schema.org\",\"@graph\":[{\"@type\":\"WebPage\",\"@id\":\"https:\/\/koningdrone.be\/product\/osmo-pocket-3-battery-handle\/\",\"url\":\"https:\/\/koningdrone.be\/product\/osmo-pocket-3-battery-handle\/\",\"name\":\"Osmo Pocket 3 Battery Handle - koningdrone.be\",\"isPartOf\":{\"@id\":\"https:\/\/koningdrone.be\/#website\"},\"primaryImageOfPage\":{\"@id\":\"https:\/\/koningdrone.be\/product\/osmo-pocket-3-battery-handle\/#primaryimage\"},\"image\":{\"@id\":\"https:\/\/koningdrone.be\/product\/osmo-pocket-3-battery-handle\/#primaryimage\"},\"thumbnailUrl\":\"https:\/\/koningdrone.be\/wp-content\/uploads\/sites\/13\/2025\/04\/7d58e2bd4e31f2139beef5051558c97d@large.jpg\",\"datePublished\":\"2023-11-28T17:50:44+00:00\",\"dateModified\":\"2026-04-29T13:10:16+00:00\",\"breadcrumb\":{\"@id\":\"https:\/\/koningdrone.be\/product\/osmo-pocket-3-battery-handle\/#breadcrumb\"},\"inLanguage\":\"de\",\"potentialAction\":[{\"@type\":\"ReadAction\",\"target\":[\"https:\/\/koningdrone.be\/product\/osmo-pocket-3-battery-handle\/\"]}]},{\"@type\":\"ImageObject\",\"inLanguage\":\"de\",\"@id\":\"https:\/\/koningdrone.be\/product\/osmo-pocket-3-battery-handle\/#primaryimage\",\"url\":\"https:\/\/koningdrone.be\/wp-content\/uploads\/sites\/13\/2025\/04\/7d58e2bd4e31f2139beef5051558c97d@large.jpg\",\"contentUrl\":\"https:\/\/koningdrone.be\/wp-content\/uploads\/sites\/13\/2025\/04\/7d58e2bd4e31f2139beef5051558c97d@large.jpg\",\"width\":1200,\"height\":800},{\"@type\":\"BreadcrumbList\",\"@id\":\"https:\/\/koningdrone.be\/product\/osmo-pocket-3-battery-handle\/#breadcrumb\",\"itemListElement\":[{\"@type\":\"ListItem\",\"position\":1,\"name\":\"Home\",\"item\":\"https:\/\/koningdrone.be\/\"},{\"@type\":\"ListItem\",\"position\":2,\"name\":\"AVSS Parachute Recovery System for DJI Matrice 300\/350\",\"item\":\"https:\/\/koningdrone.be\/product\/avss-parachute-recovery-system-for-dji-matrice-300-350\/\"},{\"@type\":\"ListItem\",\"position\":3,\"name\":\"Alle handheld gimbals\",\"item\":\"https:\/\/koningdrone.be\/categorie\/alle-handheld-gimbals\/\"},{\"@type\":\"ListItem\",\"position\":4,\"name\":\"Osmo Pocket 3 Battery Handle\"}]},{\"@type\":\"WebSite\",\"@id\":\"https:\/\/koningdrone.be\/#website\",\"url\":\"https:\/\/koningdrone.be\/\",\"name\":\"Koningdrone.be - Uw online specialist in drones, gimbals, camera's en power stations.\",\"description\":\"De webshop in drones en gimbals\",\"publisher\":{\"@id\":\"https:\/\/koningdrone.be\/#organization\"},\"potentialAction\":[{\"@type\":\"SearchAction\",\"target\":{\"@type\":\"EntryPoint\",\"urlTemplate\":\"https:\/\/koningdrone.be\/?s={search_term_string}\"},\"query-input\":{\"@type\":\"PropertyValueSpecification\",\"valueRequired\":true,\"valueName\":\"search_term_string\"}}],\"inLanguage\":\"de\"},{\"@type\":\"Organization\",\"@id\":\"https:\/\/koningdrone.be\/#organization\",\"name\":\"Koningdrone.be\",\"url\":\"https:\/\/koningdrone.be\/\",\"logo\":{\"@type\":\"ImageObject\",\"inLanguage\":\"de\",\"@id\":\"https:\/\/koningdrone.be\/#\/schema\/logo\/image\/\",\"url\":\"https:\/\/koningdrone.be\/wp-content\/uploads\/sites\/13\/2025\/04\/koningdrone-copyright-logo.svg\",\"contentUrl\":\"https:\/\/koningdrone.be\/wp-content\/uploads\/sites\/13\/2025\/04\/koningdrone-copyright-logo.svg\",\"width\":227,\"height\":38,\"caption\":\"Koningdrone.be\"},\"image\":{\"@id\":\"https:\/\/koningdrone.be\/#\/schema\/logo\/image\/\"}}]}<\/script>\n<!-- \/ Yoast SEO Premium plugin. -->","yoast_head_json":{"title":"Osmo Pocket 3 Battery Handle - koningdrone.be","robots":{"index":"index","follow":"follow","max-snippet":"max-snippet:-1","max-image-preview":"max-image-preview:large","max-video-preview":"max-video-preview:-1"},"canonical":"https:\/\/koningdrone.be\/de\/produkt\/osmo-pocket-3-battery-handle\/","og_locale":"de_DE","og_type":"article","og_title":"Osmo Pocket 3 Battery Handle","og_description":"Ingebouwde 950mAh-batterij verhoogt de gebruikstijd met 62% Ondersteunt hot-swapping voor continu gebruik Inclusief USB-C-poort voor het aansluiten van externe audioapparaten Compatibel met digitale bedrade hoofdtelefoons, bedrade microfoons en draadloze ontvangers 1\/4\u2033 schroefdraad voor bevestiging aan statieven en andere accessoires","og_url":"https:\/\/koningdrone.be\/de\/produkt\/osmo-pocket-3-battery-handle\/","og_site_name":"koningdrone.be","article_modified_time":"2026-04-29T13:10:16+00:00","og_image":[{"width":1200,"height":800,"url":"https:\/\/koningdrone.be\/wp-content\/uploads\/sites\/13\/2025\/04\/7d58e2bd4e31f2139beef5051558c97d@large.jpg","type":"image\/jpeg"}],"twitter_card":"summary_large_image","twitter_misc":{"Gesch\u00e4tzte Lesezeit":"1\u00a0Minute"},"schema":{"@context":"https:\/\/schema.org","@graph":[{"@type":"WebPage","@id":"https:\/\/koningdrone.be\/product\/osmo-pocket-3-battery-handle\/","url":"https:\/\/koningdrone.be\/product\/osmo-pocket-3-battery-handle\/","name":"Osmo Pocket 3 Battery Handle - koningdrone.be","isPartOf":{"@id":"https:\/\/koningdrone.be\/#website"},"primaryImageOfPage":{"@id":"https:\/\/koningdrone.be\/product\/osmo-pocket-3-battery-handle\/#primaryimage"},"image":{"@id":"https:\/\/koningdrone.be\/product\/osmo-pocket-3-battery-handle\/#primaryimage"},"thumbnailUrl":"https:\/\/koningdrone.be\/wp-content\/uploads\/sites\/13\/2025\/04\/7d58e2bd4e31f2139beef5051558c97d@large.jpg","datePublished":"2023-11-28T17:50:44+00:00","dateModified":"2026-04-29T13:10:16+00:00","breadcrumb":{"@id":"https:\/\/koningdrone.be\/product\/osmo-pocket-3-battery-handle\/#breadcrumb"},"inLanguage":"de","potentialAction":[{"@type":"ReadAction","target":["https:\/\/koningdrone.be\/product\/osmo-pocket-3-battery-handle\/"]}]},{"@type":"ImageObject","inLanguage":"de","@id":"https:\/\/koningdrone.be\/product\/osmo-pocket-3-battery-handle\/#primaryimage","url":"https:\/\/koningdrone.be\/wp-content\/uploads\/sites\/13\/2025\/04\/7d58e2bd4e31f2139beef5051558c97d@large.jpg","contentUrl":"https:\/\/koningdrone.be\/wp-content\/uploads\/sites\/13\/2025\/04\/7d58e2bd4e31f2139beef5051558c97d@large.jpg","width":1200,"height":800},{"@type":"BreadcrumbList","@id":"https:\/\/koningdrone.be\/product\/osmo-pocket-3-battery-handle\/#breadcrumb","itemListElement":[{"@type":"ListItem","position":1,"name":"Home","item":"https:\/\/koningdrone.be\/"},{"@type":"ListItem","position":2,"name":"AVSS Parachute Recovery System for DJI Matrice 300\/350","item":"https:\/\/koningdrone.be\/product\/avss-parachute-recovery-system-for-dji-matrice-300-350\/"},{"@type":"ListItem","position":3,"name":"Alle handheld gimbals","item":"https:\/\/koningdrone.be\/categorie\/alle-handheld-gimbals\/"},{"@type":"ListItem","position":4,"name":"Osmo Pocket 3 Battery Handle"}]},{"@type":"WebSite","@id":"https:\/\/koningdrone.be\/#website","url":"https:\/\/koningdrone.be\/","name":"Koningdrone.be - Ihr Online-Spezialist f\u00fcr Drohnen, Gimbals, Kameras und Kraftwerke.","description":"Der Webshop f\u00fcr Drohnen und Gimbals","publisher":{"@id":"https:\/\/koningdrone.be\/#organization"},"potentialAction":[{"@type":"SearchAction","target":{"@type":"EntryPoint","urlTemplate":"https:\/\/koningdrone.be\/?s={search_term_string}"},"query-input":{"@type":"PropertyValueSpecification","valueRequired":true,"valueName":"search_term_string"}}],"inLanguage":"de"},{"@type":"Organization","@id":"https:\/\/koningdrone.be\/#organization","name":"Kingdrone.de","url":"https:\/\/koningdrone.be\/","logo":{"@type":"ImageObject","inLanguage":"de","@id":"https:\/\/koningdrone.be\/#\/schema\/logo\/image\/","url":"https:\/\/koningdrone.be\/wp-content\/uploads\/sites\/13\/2025\/04\/koningdrone-copyright-logo.svg","contentUrl":"https:\/\/koningdrone.be\/wp-content\/uploads\/sites\/13\/2025\/04\/koningdrone-copyright-logo.svg","width":227,"height":38,"caption":"Koningdrone.be"},"image":{"@id":"https:\/\/koningdrone.be\/#\/schema\/logo\/image\/"}}]}},"df_price":69,"df_sale_price":"","df_regular_price":69,"df_image_link":"https:\/\/koningdrone.be\/wp-content\/uploads\/sites\/13\/2025\/04\/7d58e2bd4e31f2139beef5051558c97d@large-300x200.jpg","_links":{"self":[{"href":"https:\/\/koningdrone.be\/de\/wp-json\/wp\/v2\/product\/4169","targetHints":{"allow":["GET"]}}],"collection":[{"href":"https:\/\/koningdrone.be\/de\/wp-json\/wp\/v2\/product"}],"about":[{"href":"https:\/\/koningdrone.be\/de\/wp-json\/wp\/v2\/types\/product"}],"wp:featuredmedia":[{"embeddable":true,"href":"https:\/\/koningdrone.be\/de\/wp-json\/wp\/v2\/media\/4166"}],"wp:attachment":[{"href":"https:\/\/koningdrone.be\/de\/wp-json\/wp\/v2\/media?parent=4169"}],"wp:term":[{"taxonomy":"product_brand","embeddable":true,"href":"https:\/\/koningdrone.be\/de\/wp-json\/wp\/v2\/product_brand?post=4169"},{"taxonomy":"product_cat","embeddable":true,"href":"https:\/\/koningdrone.be\/de\/wp-json\/wp\/v2\/product_cat?post=4169"},{"taxonomy":"product_tag","embeddable":true,"href":"https:\/\/koningdrone.be\/de\/wp-json\/wp\/v2\/product_tag?post=4169"}],"curies":[{"name":"wp","href":"https:\/\/api.w.org\/{rel}","templated":true}]}}