{"id":4165,"date":"2024-01-04T15:02:37","date_gmt":"2024-01-04T14:02:37","guid":{"rendered":"https:\/\/koningdrone.nl\/kon\/product\/jackery-explorer-100-plus-mini-draagbaar-power-station\/"},"modified":"2026-04-29T14:40:48","modified_gmt":"2026-04-29T12:40:48","slug":"jackery-explorer-100-plus-mini-draagbaar-power-station","status":"publish","type":"product","link":"https:\/\/koningdrone.be\/de\/produkt\/jackery-explorer-100-plus-mini-draagbaar-power-station\/","title":{"rendered":"Jackery Explorer 100 plus - Tragbares Mini-Kraftwerk"},"content":{"rendered":"<h1>Jackery Explorer 100 plus - Tragbares Mini-Kraftwerk<\/h1>\n<p>Die Jackery Explorer 100 Plus ist eine auff\u00e4llige und praktische Powerbank f\u00fcr Reisende, dank ihrer hohen Energiekapazit\u00e4t von 99,2Wh und einer beachtlichen Ausgangsleistung von 128 Watt. Diese Powerbank verwendet die fortschrittliche LFP\/LiFePO4-Akkutechnologie, was zu einer au\u00dfergew\u00f6hnlich langen Lebensdauer f\u00fchrt; selbst nach 2000 Aufladungen beh\u00e4lt sie noch etwa 80% ihrer urspr\u00fcnglichen Kapazit\u00e4t, weit mehr als die \u00fcblichen 500 Zyklen \u00e4hnlicher Produkte in dieser Preiskategorie.<\/p>\n<p>Mit einer stabilen Ausgangsleistung von 128 Watt kann sie \u00fcber ihre USB-C- und USB-A-Anschl\u00fcsse nahezu jedes tragbare Ger\u00e4t aufladen, darunter Laptops, Tablets, Telefone, Kamera-Akkus und Drohnen. Die Powerbank unterst\u00fctzt das schnelle Aufladen von Ger\u00e4ten mit dem inzwischen weit verbreiteten USB-C-Standard und erm\u00f6glicht das gleichzeitige Aufladen von bis zu 3 Ger\u00e4ten.<\/p>\n<p>Ein eingebauter MPPT-Controller erm\u00f6glicht das Aufladen der Powerbank mit einem 100-W-Solarmodul, was ideal ist, wenn Sie auf Solarenergie angewiesen sind und keinen Zugang zum Stromnetz haben.<\/p>","protected":false},"excerpt":{"rendered":"<ul>\n<li>Langlebige 99,2-Wh-Batterie LFP\/LiFePO4-Akkutechnologie<\/li>\n<li>128W Dauerleistung \u00fcber 2x USB-C und 1x USB-A Ausgang<\/li>\n<li>Maximal zul\u00e4ssige Kapazit\u00e4t in einem Flugzeug<\/li>\n<li>Handliche Gr\u00f6\u00dfe, leicht und fl\u00fcsterleise<\/li>\n<li>Wiederaufladbar \u00fcber Jackery 40, 80 und 100W Solarmodule<\/li>\n<li>Schnelles Laden im Auto, \u00fcber USB-C und Solarpanel<\/li>\n<li>Vollst\u00e4ndige Aufladung innerhalb von 1,8 Stunden<\/li>\n<li>Sicher im Gebrauch dank fortschrittlicher Batteriemanagementsysteme (BMS)<br \/>\nNach 2000 Ladezyklen noch 80% der urspr\u00fcnglichen Kapazit\u00e4t<\/li>\n<\/ul>","protected":false},"featured_media":4162,"template":"","meta":{"_acf_changed":false},"product_brand":[],"product_cat":[454,97,415,475,476],"product_tag":[],"class_list":{"0":"post-4165","1":"product","2":"type-product","3":"status-publish","4":"has-post-thumbnail","6":"product_cat-alle-powerstations","7":"product_cat-alle-producten","8":"product_cat-energy","9":"product_cat-jackery","10":"product_cat-jackery-powerstations","11":"product_shipping_class-outofstock","12":"pa_brand-jackery","13":"pa_capaciteit-301-1100-wh","14":"pa_productfamily-power-station","15":"pa_producttype-power-station","16":"pa_series-explorer","17":"pa_type-batterij-li-ion-nmc","19":"first","20":"outofstock","21":"taxable","22":"shipping-taxable","23":"product-type-simple"},"acf":[],"yoast_head":"<!-- This site is optimized with the Yoast SEO Premium plugin v27.2 (Yoast SEO v27.2) - https:\/\/yoast.com\/product\/yoast-seo-premium-wordpress\/ -->\n<title>Jackery Explorer 100 plus - Mini Draagbaar Power station - koningdrone.be<\/title>\n<meta name=\"robots\" content=\"index, follow, max-snippet:-1, max-image-preview:large, max-video-preview:-1\" \/>\n<link rel=\"canonical\" href=\"https:\/\/koningdrone.be\/de\/produkt\/jackery-explorer-100-plus-mini-draagbaar-power-station\/\" \/>\n<meta property=\"og:locale\" content=\"de_DE\" \/>\n<meta property=\"og:type\" content=\"article\" \/>\n<meta property=\"og:title\" content=\"Jackery Explorer 100 plus - Mini Draagbaar Power station\" \/>\n<meta property=\"og:description\" content=\"Duurzame 99,2Wh batterij LFP\/LiFePO4 batterijtechnologie  128W continu vermogen via 2x USB-C en 1x USB-A output  Maximale capaciteit toegestaan in een vliegtuig  Handzaam formaat, lichtgewicht en fluisterstil  Oplaadbaar via Jackery 40, 80 en 100W zonnepanelen  Snelladen in de auto, via USB-C en zonnepaneel  Volledig opladen binnen 1,8 uur  Veilig in gebruik dankzij geavanceerde batterij management systemen (BMS) Na 2000 laadcycli nog 80% van de oorspronkelijke capaciteit\" \/>\n<meta property=\"og:url\" content=\"https:\/\/koningdrone.be\/de\/produkt\/jackery-explorer-100-plus-mini-draagbaar-power-station\/\" \/>\n<meta property=\"og:site_name\" content=\"koningdrone.be\" \/>\n<meta property=\"article:modified_time\" content=\"2026-04-29T12:40:48+00:00\" \/>\n<meta property=\"og:image\" content=\"https:\/\/koningdrone.be\/wp-content\/uploads\/sites\/13\/2025\/04\/Jackery-Explorer-100-plus-Mini-Draagbaar-Power-station.png\" \/>\n\t<meta property=\"og:image:width\" content=\"500\" \/>\n\t<meta property=\"og:image:height\" content=\"267\" \/>\n\t<meta property=\"og:image:type\" content=\"image\/png\" \/>\n<meta name=\"twitter:card\" content=\"summary_large_image\" \/>\n<meta name=\"twitter:label1\" content=\"Gesch\u00e4tzte Lesezeit\" \/>\n\t<meta name=\"twitter:data1\" content=\"1\u00a0Minute\" \/>\n<script type=\"application\/ld+json\" class=\"yoast-schema-graph\">{\"@context\":\"https:\/\/schema.org\",\"@graph\":[{\"@type\":\"WebPage\",\"@id\":\"https:\/\/koningdrone.be\/product\/jackery-explorer-100-plus-mini-draagbaar-power-station\/\",\"url\":\"https:\/\/koningdrone.be\/product\/jackery-explorer-100-plus-mini-draagbaar-power-station\/\",\"name\":\"Jackery Explorer 100 plus - Mini Draagbaar Power station - koningdrone.be\",\"isPartOf\":{\"@id\":\"https:\/\/koningdrone.be\/#website\"},\"primaryImageOfPage\":{\"@id\":\"https:\/\/koningdrone.be\/product\/jackery-explorer-100-plus-mini-draagbaar-power-station\/#primaryimage\"},\"image\":{\"@id\":\"https:\/\/koningdrone.be\/product\/jackery-explorer-100-plus-mini-draagbaar-power-station\/#primaryimage\"},\"thumbnailUrl\":\"https:\/\/koningdrone.be\/wp-content\/uploads\/sites\/13\/2025\/04\/Jackery-Explorer-100-plus-Mini-Draagbaar-Power-station.png\",\"datePublished\":\"2024-01-04T14:02:37+00:00\",\"dateModified\":\"2026-04-29T12:40:48+00:00\",\"breadcrumb\":{\"@id\":\"https:\/\/koningdrone.be\/product\/jackery-explorer-100-plus-mini-draagbaar-power-station\/#breadcrumb\"},\"inLanguage\":\"de\",\"potentialAction\":[{\"@type\":\"ReadAction\",\"target\":[\"https:\/\/koningdrone.be\/product\/jackery-explorer-100-plus-mini-draagbaar-power-station\/\"]}]},{\"@type\":\"ImageObject\",\"inLanguage\":\"de\",\"@id\":\"https:\/\/koningdrone.be\/product\/jackery-explorer-100-plus-mini-draagbaar-power-station\/#primaryimage\",\"url\":\"https:\/\/koningdrone.be\/wp-content\/uploads\/sites\/13\/2025\/04\/Jackery-Explorer-100-plus-Mini-Draagbaar-Power-station.png\",\"contentUrl\":\"https:\/\/koningdrone.be\/wp-content\/uploads\/sites\/13\/2025\/04\/Jackery-Explorer-100-plus-Mini-Draagbaar-Power-station.png\",\"width\":500,\"height\":267},{\"@type\":\"BreadcrumbList\",\"@id\":\"https:\/\/koningdrone.be\/product\/jackery-explorer-100-plus-mini-draagbaar-power-station\/#breadcrumb\",\"itemListElement\":[{\"@type\":\"ListItem\",\"position\":1,\"name\":\"Home\",\"item\":\"https:\/\/koningdrone.be\/\"},{\"@type\":\"ListItem\",\"position\":2,\"name\":\"AVSS Parachute Recovery System for DJI Matrice 300\/350\",\"item\":\"https:\/\/koningdrone.be\/product\/avss-parachute-recovery-system-for-dji-matrice-300-350\/\"},{\"@type\":\"ListItem\",\"position\":3,\"name\":\"Alle powerstations\",\"item\":\"https:\/\/koningdrone.be\/categorie\/alle-powerstations\/\"},{\"@type\":\"ListItem\",\"position\":4,\"name\":\"Jackery Explorer 100 plus &#8211; Mini Draagbaar Power station\"}]},{\"@type\":\"WebSite\",\"@id\":\"https:\/\/koningdrone.be\/#website\",\"url\":\"https:\/\/koningdrone.be\/\",\"name\":\"Koningdrone.be - Uw online specialist in drones, gimbals, camera's en power stations.\",\"description\":\"De webshop in drones en gimbals\",\"publisher\":{\"@id\":\"https:\/\/koningdrone.be\/#organization\"},\"potentialAction\":[{\"@type\":\"SearchAction\",\"target\":{\"@type\":\"EntryPoint\",\"urlTemplate\":\"https:\/\/koningdrone.be\/?s={search_term_string}\"},\"query-input\":{\"@type\":\"PropertyValueSpecification\",\"valueRequired\":true,\"valueName\":\"search_term_string\"}}],\"inLanguage\":\"de\"},{\"@type\":\"Organization\",\"@id\":\"https:\/\/koningdrone.be\/#organization\",\"name\":\"Koningdrone.be\",\"url\":\"https:\/\/koningdrone.be\/\",\"logo\":{\"@type\":\"ImageObject\",\"inLanguage\":\"de\",\"@id\":\"https:\/\/koningdrone.be\/#\/schema\/logo\/image\/\",\"url\":\"https:\/\/koningdrone.be\/wp-content\/uploads\/sites\/13\/2025\/04\/koningdrone-copyright-logo.svg\",\"contentUrl\":\"https:\/\/koningdrone.be\/wp-content\/uploads\/sites\/13\/2025\/04\/koningdrone-copyright-logo.svg\",\"width\":227,\"height\":38,\"caption\":\"Koningdrone.be\"},\"image\":{\"@id\":\"https:\/\/koningdrone.be\/#\/schema\/logo\/image\/\"}}]}<\/script>\n<!-- \/ Yoast SEO Premium plugin. -->","yoast_head_json":{"title":"Jackery Explorer 100 plus - Mini Draagbaar Power station - koningdrone.be","robots":{"index":"index","follow":"follow","max-snippet":"max-snippet:-1","max-image-preview":"max-image-preview:large","max-video-preview":"max-video-preview:-1"},"canonical":"https:\/\/koningdrone.be\/de\/produkt\/jackery-explorer-100-plus-mini-draagbaar-power-station\/","og_locale":"de_DE","og_type":"article","og_title":"Jackery Explorer 100 plus - Mini Draagbaar Power station","og_description":"Duurzame 99,2Wh batterij LFP\/LiFePO4 batterijtechnologie  128W continu vermogen via 2x USB-C en 1x USB-A output  Maximale capaciteit toegestaan in een vliegtuig  Handzaam formaat, lichtgewicht en fluisterstil  Oplaadbaar via Jackery 40, 80 en 100W zonnepanelen  Snelladen in de auto, via USB-C en zonnepaneel  Volledig opladen binnen 1,8 uur  Veilig in gebruik dankzij geavanceerde batterij management systemen (BMS) Na 2000 laadcycli nog 80% van de oorspronkelijke capaciteit","og_url":"https:\/\/koningdrone.be\/de\/produkt\/jackery-explorer-100-plus-mini-draagbaar-power-station\/","og_site_name":"koningdrone.be","article_modified_time":"2026-04-29T12:40:48+00:00","og_image":[{"width":500,"height":267,"url":"https:\/\/koningdrone.be\/wp-content\/uploads\/sites\/13\/2025\/04\/Jackery-Explorer-100-plus-Mini-Draagbaar-Power-station.png","type":"image\/png"}],"twitter_card":"summary_large_image","twitter_misc":{"Gesch\u00e4tzte Lesezeit":"1\u00a0Minute"},"schema":{"@context":"https:\/\/schema.org","@graph":[{"@type":"WebPage","@id":"https:\/\/koningdrone.be\/product\/jackery-explorer-100-plus-mini-draagbaar-power-station\/","url":"https:\/\/koningdrone.be\/product\/jackery-explorer-100-plus-mini-draagbaar-power-station\/","name":"Jackery Explorer 100 plus - Mini Draagbaar Power station - koningdrone.be","isPartOf":{"@id":"https:\/\/koningdrone.be\/#website"},"primaryImageOfPage":{"@id":"https:\/\/koningdrone.be\/product\/jackery-explorer-100-plus-mini-draagbaar-power-station\/#primaryimage"},"image":{"@id":"https:\/\/koningdrone.be\/product\/jackery-explorer-100-plus-mini-draagbaar-power-station\/#primaryimage"},"thumbnailUrl":"https:\/\/koningdrone.be\/wp-content\/uploads\/sites\/13\/2025\/04\/Jackery-Explorer-100-plus-Mini-Draagbaar-Power-station.png","datePublished":"2024-01-04T14:02:37+00:00","dateModified":"2026-04-29T12:40:48+00:00","breadcrumb":{"@id":"https:\/\/koningdrone.be\/product\/jackery-explorer-100-plus-mini-draagbaar-power-station\/#breadcrumb"},"inLanguage":"de","potentialAction":[{"@type":"ReadAction","target":["https:\/\/koningdrone.be\/product\/jackery-explorer-100-plus-mini-draagbaar-power-station\/"]}]},{"@type":"ImageObject","inLanguage":"de","@id":"https:\/\/koningdrone.be\/product\/jackery-explorer-100-plus-mini-draagbaar-power-station\/#primaryimage","url":"https:\/\/koningdrone.be\/wp-content\/uploads\/sites\/13\/2025\/04\/Jackery-Explorer-100-plus-Mini-Draagbaar-Power-station.png","contentUrl":"https:\/\/koningdrone.be\/wp-content\/uploads\/sites\/13\/2025\/04\/Jackery-Explorer-100-plus-Mini-Draagbaar-Power-station.png","width":500,"height":267},{"@type":"BreadcrumbList","@id":"https:\/\/koningdrone.be\/product\/jackery-explorer-100-plus-mini-draagbaar-power-station\/#breadcrumb","itemListElement":[{"@type":"ListItem","position":1,"name":"Home","item":"https:\/\/koningdrone.be\/"},{"@type":"ListItem","position":2,"name":"AVSS Parachute Recovery System for DJI Matrice 300\/350","item":"https:\/\/koningdrone.be\/product\/avss-parachute-recovery-system-for-dji-matrice-300-350\/"},{"@type":"ListItem","position":3,"name":"Alle powerstations","item":"https:\/\/koningdrone.be\/categorie\/alle-powerstations\/"},{"@type":"ListItem","position":4,"name":"Jackery Explorer 100 plus &#8211; Mini Draagbaar Power station"}]},{"@type":"WebSite","@id":"https:\/\/koningdrone.be\/#website","url":"https:\/\/koningdrone.be\/","name":"Koningdrone.be - Ihr Online-Spezialist f\u00fcr Drohnen, Gimbals, Kameras und Kraftwerke.","description":"Der Webshop f\u00fcr Drohnen und Gimbals","publisher":{"@id":"https:\/\/koningdrone.be\/#organization"},"potentialAction":[{"@type":"SearchAction","target":{"@type":"EntryPoint","urlTemplate":"https:\/\/koningdrone.be\/?s={search_term_string}"},"query-input":{"@type":"PropertyValueSpecification","valueRequired":true,"valueName":"search_term_string"}}],"inLanguage":"de"},{"@type":"Organization","@id":"https:\/\/koningdrone.be\/#organization","name":"Kingdrone.de","url":"https:\/\/koningdrone.be\/","logo":{"@type":"ImageObject","inLanguage":"de","@id":"https:\/\/koningdrone.be\/#\/schema\/logo\/image\/","url":"https:\/\/koningdrone.be\/wp-content\/uploads\/sites\/13\/2025\/04\/koningdrone-copyright-logo.svg","contentUrl":"https:\/\/koningdrone.be\/wp-content\/uploads\/sites\/13\/2025\/04\/koningdrone-copyright-logo.svg","width":227,"height":38,"caption":"Koningdrone.be"},"image":{"@id":"https:\/\/koningdrone.be\/#\/schema\/logo\/image\/"}}]}},"df_price":"","df_sale_price":"","df_regular_price":"","df_image_link":"https:\/\/koningdrone.be\/wp-content\/uploads\/sites\/13\/2025\/04\/Jackery-Explorer-100-plus-Mini-Draagbaar-Power-station-300x160.png","_links":{"self":[{"href":"https:\/\/koningdrone.be\/de\/wp-json\/wp\/v2\/product\/4165","targetHints":{"allow":["GET"]}}],"collection":[{"href":"https:\/\/koningdrone.be\/de\/wp-json\/wp\/v2\/product"}],"about":[{"href":"https:\/\/koningdrone.be\/de\/wp-json\/wp\/v2\/types\/product"}],"wp:featuredmedia":[{"embeddable":true,"href":"https:\/\/koningdrone.be\/de\/wp-json\/wp\/v2\/media\/4162"}],"wp:attachment":[{"href":"https:\/\/koningdrone.be\/de\/wp-json\/wp\/v2\/media?parent=4165"}],"wp:term":[{"taxonomy":"product_brand","embeddable":true,"href":"https:\/\/koningdrone.be\/de\/wp-json\/wp\/v2\/product_brand?post=4165"},{"taxonomy":"product_cat","embeddable":true,"href":"https:\/\/koningdrone.be\/de\/wp-json\/wp\/v2\/product_cat?post=4165"},{"taxonomy":"product_tag","embeddable":true,"href":"https:\/\/koningdrone.be\/de\/wp-json\/wp\/v2\/product_tag?post=4165"}],"curies":[{"name":"wp","href":"https:\/\/api.w.org\/{rel}","templated":true}]}}