{"id":4160,"date":"2024-02-28T11:15:10","date_gmt":"2024-02-28T10:15:10","guid":{"rendered":"https:\/\/koningdrone.nl\/kon\/product\/bluetti-eb3a-pv120-solar-generator-kit\/"},"modified":"2025-05-20T14:31:43","modified_gmt":"2025-05-20T12:31:43","slug":"bluetti-eb3a-pv120-solar-generator-kit","status":"publish","type":"product","link":"https:\/\/koningdrone.be\/de\/produkt\/bluetti-eb3a-pv120-solar-generator-kit\/","title":{"rendered":"BLUETTI EB3A + PV120 Solargenerator-Bausatz"},"content":{"rendered":"<p><strong>Beschreibung des Produkts<\/strong><\/p>\n<p>Der BLUETTI EB3A ist ein tragbarer Stromgenerator, der f\u00fcr einen umweltfreundlichen Lebensstil entwickelt wurde. Dieser Generator ist leicht und energieeffizient und tr\u00e4gt zur Reduzierung der CO2-Emissionen bei.<\/p>\n<p><strong>Wesentliche Merkmale:<\/strong><\/p>\n<p>- Kompakt und leicht, aber leistungsstark genug f\u00fcr verschiedene Aufgaben mit einer Leistung von 600 W AC (1.200 W Spitze) und einer Kapazit\u00e4t von 268 Wh.<\/p>\n<p><\/p>\n<p>- Schnellladezeit des 80% in 40 Minuten.<\/p>\n<p><\/p>\n<p>- 6 M\u00f6glichkeiten zum Aufladen, einschlie\u00dflich \u00fcber Solarzellen, Auto oder Steckdose.<\/p>\n<p><\/p>\n<p>- Sichere Nutzung dank LiFePO4-Akku und BMS f\u00fcr Batteriemanagement und -schutz.<\/p>\n<p><\/p>\n<p>- 8 Steckdosen und verschiedene Ladeanschl\u00fcsse, darunter kabelloses Laden und Typ-C.<\/p>\n<p><\/p>\n<p>- Einfache Verwaltung \u00fcber die BLUETTI-App.<\/p>\n<p><\/p>\n<p>Das BLUETTI EB3A ist eine bequeme und zuverl\u00e4ssige Stromquelle f\u00fcr Reisen, Camping oder den Hausgebrauch. Es bietet verschiedene Ladeoptionen und zahlreiche Anschl\u00fcsse f\u00fcr unterschiedliche Bed\u00fcrfnisse.<\/p>\n<p><\/p>","protected":false},"excerpt":{"rendered":"<ul>\n<li>Energieeffizientes Design<\/li>\n<li>Geringes Gewicht und weniger CO2-Emissionen<\/li>\n<li>80% l\u00e4dt in 40 Minuten<\/li>\n<li>Kompakt mit 600W AC-Wechselrichter<\/li>\n<li>6 Schnellladeverfahren<\/li>\n<li>Sichere netzunabh\u00e4ngige Stromversorgung<\/li>\n<li>8 Steckdosen &amp; LiFePO4-Akku<\/li>\n<li>BLUETTI APP-Konnektivit\u00e4t<\/li>\n<\/ul>","protected":false},"featured_media":4159,"template":"","meta":{"_acf_changed":false},"product_brand":[],"product_cat":[97,829,415,198],"product_tag":[],"class_list":{"0":"post-4160","1":"product","2":"type-product","3":"status-publish","4":"has-post-thumbnail","6":"product_cat-alle-producten","7":"product_cat-bluetti","8":"product_cat-energy","9":"product_cat-zonnepanelen","10":"pa_brand-bluetti","11":"pa_productfamily-zonnepaneel","12":"pa_producttype-zonnepaneel","13":"pa_series-bluetti","15":"first","16":"instock","17":"taxable","18":"shipping-taxable","19":"product-type-simple"},"acf":[],"yoast_head":"<!-- This site is optimized with the Yoast SEO Premium plugin v27.2 (Yoast SEO v27.2) - https:\/\/yoast.com\/product\/yoast-seo-premium-wordpress\/ -->\n<title>BLUETTI EB3A + PV120 Solar Generator Kit - koningdrone.be<\/title>\n<meta name=\"robots\" content=\"index, follow, max-snippet:-1, max-image-preview:large, max-video-preview:-1\" \/>\n<link rel=\"canonical\" href=\"https:\/\/koningdrone.be\/de\/produkt\/bluetti-eb3a-pv120-solar-generator-kit\/\" \/>\n<meta property=\"og:locale\" content=\"de_DE\" \/>\n<meta property=\"og:type\" content=\"article\" \/>\n<meta property=\"og:title\" content=\"BLUETTI EB3A + PV120 Solar Generator Kit\" \/>\n<meta property=\"og:description\" content=\"Energy-efficient design   Lightweight &amp; reduces CO2 emissions   80% charge in 40 minutes   Compact with 600W AC inverter   6 quick charging methods   Safe off-grid power   8 outlets &amp; LiFePO4 battery   BLUETTI APP connectivity\" \/>\n<meta property=\"og:url\" content=\"https:\/\/koningdrone.be\/de\/produkt\/bluetti-eb3a-pv120-solar-generator-kit\/\" \/>\n<meta property=\"og:site_name\" content=\"koningdrone.be\" \/>\n<meta property=\"article:modified_time\" content=\"2025-05-20T12:31:43+00:00\" \/>\n<meta property=\"og:image\" content=\"https:\/\/koningdrone.be\/wp-content\/uploads\/sites\/13\/2025\/04\/EB3A_PV120_750x.jpg\" \/>\n\t<meta property=\"og:image:width\" content=\"750\" \/>\n\t<meta property=\"og:image:height\" content=\"750\" \/>\n\t<meta property=\"og:image:type\" content=\"image\/jpeg\" \/>\n<meta name=\"twitter:card\" content=\"summary_large_image\" \/>\n<meta name=\"twitter:label1\" content=\"Gesch\u00e4tzte Lesezeit\" \/>\n\t<meta name=\"twitter:data1\" content=\"1\u00a0Minute\" \/>\n<script type=\"application\/ld+json\" class=\"yoast-schema-graph\">{\"@context\":\"https:\/\/schema.org\",\"@graph\":[{\"@type\":\"WebPage\",\"@id\":\"https:\/\/koningdrone.be\/product\/bluetti-eb3a-pv120-solar-generator-kit\/\",\"url\":\"https:\/\/koningdrone.be\/product\/bluetti-eb3a-pv120-solar-generator-kit\/\",\"name\":\"BLUETTI EB3A + PV120 Solar Generator Kit - koningdrone.be\",\"isPartOf\":{\"@id\":\"https:\/\/koningdrone.be\/#website\"},\"primaryImageOfPage\":{\"@id\":\"https:\/\/koningdrone.be\/product\/bluetti-eb3a-pv120-solar-generator-kit\/#primaryimage\"},\"image\":{\"@id\":\"https:\/\/koningdrone.be\/product\/bluetti-eb3a-pv120-solar-generator-kit\/#primaryimage\"},\"thumbnailUrl\":\"https:\/\/koningdrone.be\/wp-content\/uploads\/sites\/13\/2025\/04\/EB3A_PV120_750x.jpg\",\"datePublished\":\"2024-02-28T10:15:10+00:00\",\"dateModified\":\"2025-05-20T12:31:43+00:00\",\"breadcrumb\":{\"@id\":\"https:\/\/koningdrone.be\/product\/bluetti-eb3a-pv120-solar-generator-kit\/#breadcrumb\"},\"inLanguage\":\"de\",\"potentialAction\":[{\"@type\":\"ReadAction\",\"target\":[\"https:\/\/koningdrone.be\/product\/bluetti-eb3a-pv120-solar-generator-kit\/\"]}]},{\"@type\":\"ImageObject\",\"inLanguage\":\"de\",\"@id\":\"https:\/\/koningdrone.be\/product\/bluetti-eb3a-pv120-solar-generator-kit\/#primaryimage\",\"url\":\"https:\/\/koningdrone.be\/wp-content\/uploads\/sites\/13\/2025\/04\/EB3A_PV120_750x.jpg\",\"contentUrl\":\"https:\/\/koningdrone.be\/wp-content\/uploads\/sites\/13\/2025\/04\/EB3A_PV120_750x.jpg\",\"width\":750,\"height\":750},{\"@type\":\"BreadcrumbList\",\"@id\":\"https:\/\/koningdrone.be\/product\/bluetti-eb3a-pv120-solar-generator-kit\/#breadcrumb\",\"itemListElement\":[{\"@type\":\"ListItem\",\"position\":1,\"name\":\"Home\",\"item\":\"https:\/\/koningdrone.be\/\"},{\"@type\":\"ListItem\",\"position\":2,\"name\":\"AVSS Parachute Recovery System for DJI Matrice 300\/350\",\"item\":\"https:\/\/koningdrone.be\/product\/avss-parachute-recovery-system-for-dji-matrice-300-350\/\"},{\"@type\":\"ListItem\",\"position\":3,\"name\":\"Alle producten\",\"item\":\"https:\/\/koningdrone.be\/categorie\/alle-producten\/\"},{\"@type\":\"ListItem\",\"position\":4,\"name\":\"BLUETTI EB3A + PV120 Solar Generator Kit\"}]},{\"@type\":\"WebSite\",\"@id\":\"https:\/\/koningdrone.be\/#website\",\"url\":\"https:\/\/koningdrone.be\/\",\"name\":\"Koningdrone.be - Uw online specialist in drones, gimbals, camera's en power stations.\",\"description\":\"De webshop in drones en gimbals\",\"publisher\":{\"@id\":\"https:\/\/koningdrone.be\/#organization\"},\"potentialAction\":[{\"@type\":\"SearchAction\",\"target\":{\"@type\":\"EntryPoint\",\"urlTemplate\":\"https:\/\/koningdrone.be\/?s={search_term_string}\"},\"query-input\":{\"@type\":\"PropertyValueSpecification\",\"valueRequired\":true,\"valueName\":\"search_term_string\"}}],\"inLanguage\":\"de\"},{\"@type\":\"Organization\",\"@id\":\"https:\/\/koningdrone.be\/#organization\",\"name\":\"Koningdrone.be\",\"url\":\"https:\/\/koningdrone.be\/\",\"logo\":{\"@type\":\"ImageObject\",\"inLanguage\":\"de\",\"@id\":\"https:\/\/koningdrone.be\/#\/schema\/logo\/image\/\",\"url\":\"https:\/\/koningdrone.be\/wp-content\/uploads\/sites\/13\/2025\/04\/koningdrone-copyright-logo.svg\",\"contentUrl\":\"https:\/\/koningdrone.be\/wp-content\/uploads\/sites\/13\/2025\/04\/koningdrone-copyright-logo.svg\",\"width\":227,\"height\":38,\"caption\":\"Koningdrone.be\"},\"image\":{\"@id\":\"https:\/\/koningdrone.be\/#\/schema\/logo\/image\/\"}}]}<\/script>\n<!-- \/ Yoast SEO Premium plugin. -->","yoast_head_json":{"title":"BLUETTI EB3A + PV120 Solar Generator Kit - koningdrone.be","robots":{"index":"index","follow":"follow","max-snippet":"max-snippet:-1","max-image-preview":"max-image-preview:large","max-video-preview":"max-video-preview:-1"},"canonical":"https:\/\/koningdrone.be\/de\/produkt\/bluetti-eb3a-pv120-solar-generator-kit\/","og_locale":"de_DE","og_type":"article","og_title":"BLUETTI EB3A + PV120 Solar Generator Kit","og_description":"Energy-efficient design   Lightweight &amp; reduces CO2 emissions   80% charge in 40 minutes   Compact with 600W AC inverter   6 quick charging methods   Safe off-grid power   8 outlets &amp; LiFePO4 battery   BLUETTI APP connectivity","og_url":"https:\/\/koningdrone.be\/de\/produkt\/bluetti-eb3a-pv120-solar-generator-kit\/","og_site_name":"koningdrone.be","article_modified_time":"2025-05-20T12:31:43+00:00","og_image":[{"width":750,"height":750,"url":"https:\/\/koningdrone.be\/wp-content\/uploads\/sites\/13\/2025\/04\/EB3A_PV120_750x.jpg","type":"image\/jpeg"}],"twitter_card":"summary_large_image","twitter_misc":{"Gesch\u00e4tzte Lesezeit":"1\u00a0Minute"},"schema":{"@context":"https:\/\/schema.org","@graph":[{"@type":"WebPage","@id":"https:\/\/koningdrone.be\/product\/bluetti-eb3a-pv120-solar-generator-kit\/","url":"https:\/\/koningdrone.be\/product\/bluetti-eb3a-pv120-solar-generator-kit\/","name":"BLUETTI EB3A + PV120 Solar Generator Kit - koningdrone.be","isPartOf":{"@id":"https:\/\/koningdrone.be\/#website"},"primaryImageOfPage":{"@id":"https:\/\/koningdrone.be\/product\/bluetti-eb3a-pv120-solar-generator-kit\/#primaryimage"},"image":{"@id":"https:\/\/koningdrone.be\/product\/bluetti-eb3a-pv120-solar-generator-kit\/#primaryimage"},"thumbnailUrl":"https:\/\/koningdrone.be\/wp-content\/uploads\/sites\/13\/2025\/04\/EB3A_PV120_750x.jpg","datePublished":"2024-02-28T10:15:10+00:00","dateModified":"2025-05-20T12:31:43+00:00","breadcrumb":{"@id":"https:\/\/koningdrone.be\/product\/bluetti-eb3a-pv120-solar-generator-kit\/#breadcrumb"},"inLanguage":"de","potentialAction":[{"@type":"ReadAction","target":["https:\/\/koningdrone.be\/product\/bluetti-eb3a-pv120-solar-generator-kit\/"]}]},{"@type":"ImageObject","inLanguage":"de","@id":"https:\/\/koningdrone.be\/product\/bluetti-eb3a-pv120-solar-generator-kit\/#primaryimage","url":"https:\/\/koningdrone.be\/wp-content\/uploads\/sites\/13\/2025\/04\/EB3A_PV120_750x.jpg","contentUrl":"https:\/\/koningdrone.be\/wp-content\/uploads\/sites\/13\/2025\/04\/EB3A_PV120_750x.jpg","width":750,"height":750},{"@type":"BreadcrumbList","@id":"https:\/\/koningdrone.be\/product\/bluetti-eb3a-pv120-solar-generator-kit\/#breadcrumb","itemListElement":[{"@type":"ListItem","position":1,"name":"Home","item":"https:\/\/koningdrone.be\/"},{"@type":"ListItem","position":2,"name":"AVSS Parachute Recovery System for DJI Matrice 300\/350","item":"https:\/\/koningdrone.be\/product\/avss-parachute-recovery-system-for-dji-matrice-300-350\/"},{"@type":"ListItem","position":3,"name":"Alle producten","item":"https:\/\/koningdrone.be\/categorie\/alle-producten\/"},{"@type":"ListItem","position":4,"name":"BLUETTI EB3A + PV120 Solar Generator Kit"}]},{"@type":"WebSite","@id":"https:\/\/koningdrone.be\/#website","url":"https:\/\/koningdrone.be\/","name":"Koningdrone.be - Ihr Online-Spezialist f\u00fcr Drohnen, Gimbals, Kameras und Kraftwerke.","description":"Der Webshop f\u00fcr Drohnen und Gimbals","publisher":{"@id":"https:\/\/koningdrone.be\/#organization"},"potentialAction":[{"@type":"SearchAction","target":{"@type":"EntryPoint","urlTemplate":"https:\/\/koningdrone.be\/?s={search_term_string}"},"query-input":{"@type":"PropertyValueSpecification","valueRequired":true,"valueName":"search_term_string"}}],"inLanguage":"de"},{"@type":"Organization","@id":"https:\/\/koningdrone.be\/#organization","name":"Kingdrone.de","url":"https:\/\/koningdrone.be\/","logo":{"@type":"ImageObject","inLanguage":"de","@id":"https:\/\/koningdrone.be\/#\/schema\/logo\/image\/","url":"https:\/\/koningdrone.be\/wp-content\/uploads\/sites\/13\/2025\/04\/koningdrone-copyright-logo.svg","contentUrl":"https:\/\/koningdrone.be\/wp-content\/uploads\/sites\/13\/2025\/04\/koningdrone-copyright-logo.svg","width":227,"height":38,"caption":"Koningdrone.be"},"image":{"@id":"https:\/\/koningdrone.be\/#\/schema\/logo\/image\/"}}]}},"df_price":"","df_sale_price":"","df_regular_price":"","df_image_link":"https:\/\/koningdrone.be\/wp-content\/uploads\/sites\/13\/2025\/04\/EB3A_PV120_750x-300x300.jpg","_links":{"self":[{"href":"https:\/\/koningdrone.be\/de\/wp-json\/wp\/v2\/product\/4160","targetHints":{"allow":["GET"]}}],"collection":[{"href":"https:\/\/koningdrone.be\/de\/wp-json\/wp\/v2\/product"}],"about":[{"href":"https:\/\/koningdrone.be\/de\/wp-json\/wp\/v2\/types\/product"}],"wp:featuredmedia":[{"embeddable":true,"href":"https:\/\/koningdrone.be\/de\/wp-json\/wp\/v2\/media\/4159"}],"wp:attachment":[{"href":"https:\/\/koningdrone.be\/de\/wp-json\/wp\/v2\/media?parent=4160"}],"wp:term":[{"taxonomy":"product_brand","embeddable":true,"href":"https:\/\/koningdrone.be\/de\/wp-json\/wp\/v2\/product_brand?post=4160"},{"taxonomy":"product_cat","embeddable":true,"href":"https:\/\/koningdrone.be\/de\/wp-json\/wp\/v2\/product_cat?post=4160"},{"taxonomy":"product_tag","embeddable":true,"href":"https:\/\/koningdrone.be\/de\/wp-json\/wp\/v2\/product_tag?post=4160"}],"curies":[{"name":"wp","href":"https:\/\/api.w.org\/{rel}","templated":true}]}}