{"id":4158,"date":"2024-02-28T11:15:10","date_gmt":"2024-02-28T10:15:10","guid":{"rendered":"https:\/\/koningdrone.nl\/kon\/product\/bluetti-eb3a-portable-power-station-600w-268wh\/"},"modified":"2025-05-20T14:31:33","modified_gmt":"2025-05-20T12:31:33","slug":"bluetti-eb3a-portable-power-station-600w-268wh","status":"publish","type":"product","link":"https:\/\/koningdrone.be\/de\/produkt\/bluetti-eb3a-portable-power-station-600w-268wh\/","title":{"rendered":"BLUETTI EB3A Tragbares Kraftwerk | 600W 268Wh"},"content":{"rendered":"<p><strong>Produktbeschreibung: Tragbare Energie f\u00fcr einen nachhaltigen Lebensstil<\/strong><\/p>\n<p>Der BLUETTI EB3A ist energieeffizienter als herk\u00f6mmliche Stromerzeuger. Er ist leicht und tr\u00e4gt so zur Verringerung der Kohlenstoffemissionen in die Umwelt bei.<\/p>\n<p><strong>Klein aber fein<\/strong><\/p>\n<p>Der BLUETTI EB3A ist kompakt und dennoch leistungsstark genug, um alle wichtigen Ger\u00e4te zu versorgen, wo immer Sie sind.<\/p>\n<p><strong>80% Aufladen in 40 Minuten<\/strong><\/p>\n<p>Dank der Schnellladetechnologie des BLUETTI EB3A k\u00f6nnen Sie diese tragbare Stromquelle f\u00fcr 80% in nur 40 Minuten aufladen, so dass Sie schnell wieder einsatzbereit sind.<\/p>\n<p><strong>6 Wege zum Aufladen<\/strong><\/p>\n<p>Das BLUETTI EB3A bietet mehrere M\u00f6glichkeiten zum Aufladen, darunter Solarenergie, eine Steckdose, ein Autoladeger\u00e4t und mehr, so dass Sie jederzeit und \u00fcberall Zugang zu Strom haben.<\/p>\n<p><strong>Sicherheit steckt im Detail<\/strong><\/p>\n<p>Mit eingebauten Sicherheitsfunktionen wie \u00dcberspannungsschutz, \u00dcberlastungsschutz und Kurzschlussschutz sorgt das BLUETTI EB3A daf\u00fcr, dass sowohl Sie als auch Ihre Ger\u00e4te w\u00e4hrend des Gebrauchs sicher sind.<\/p>\n<p><strong>8 Steckdosen f\u00fcr jeden Bedarf<\/strong><\/p>\n<p>Egal, ob Sie Elektronik, K\u00fcchenger\u00e4te oder Beleuchtung anschlie\u00dfen m\u00f6chten, die BLUETTI EB3A bietet mit ihren 8 Steckdosen gen\u00fcgend M\u00f6glichkeiten, um all Ihren Strombedarf zu decken.<\/p>\n<p><strong>Bleiben Sie in Verbindung mit der BLUETTI-APP<\/strong><\/p>\n<p>Mit der BLUETTI-APP k\u00f6nnen Sie den Status Ihres EB3A \u00fcberpr\u00fcfen, den Stromverbrauch verwalten und sich sogar benachrichtigen lassen, wenn es Zeit ist, das Ger\u00e4t aufzuladen. So bleiben Sie immer in Verbindung und vorbereitet.<\/p>\n<p><\/p>","protected":false},"excerpt":{"rendered":"<ul>\n<li>Energieeffiziente tragbare Stromversorgung<\/li>\n<li>Leichte Konstruktion<\/li>\n<li>80% l\u00e4dt in 40 Minuten<\/li>\n<li>6 Wege zum Aufladen<\/li>\n<li>Detaillierte Sicherheitsmerkmale<\/li>\n<li>8 Steckdosen verf\u00fcgbar<\/li>\n<li>BLUETTI APP-Konnektivit\u00e4t<\/li>\n<\/ul>","protected":false},"featured_media":4157,"template":"","meta":{"_acf_changed":false},"product_brand":[],"product_cat":[454,97,829,830,415],"product_tag":[],"class_list":{"0":"post-4158","1":"product","2":"type-product","3":"status-publish","4":"has-post-thumbnail","6":"product_cat-alle-powerstations","7":"product_cat-alle-producten","8":"product_cat-bluetti","9":"product_cat-bluetti-powerstations","10":"product_cat-energy","11":"pa_brand-bluetti","12":"pa_productfamily-power-station","13":"pa_producttype-power-station","15":"first","16":"instock","17":"taxable","18":"shipping-taxable","19":"product-type-simple"},"acf":[],"yoast_head":"<!-- This site is optimized with the Yoast SEO Premium plugin v27.2 (Yoast SEO v27.2) - https:\/\/yoast.com\/product\/yoast-seo-premium-wordpress\/ -->\n<title>BLUETTI EB3A Portable Power Station | 600W 268Wh - koningdrone.be<\/title>\n<meta name=\"robots\" content=\"index, follow, max-snippet:-1, max-image-preview:large, max-video-preview:-1\" \/>\n<link rel=\"canonical\" href=\"https:\/\/koningdrone.be\/de\/produkt\/bluetti-eb3a-portable-power-station-600w-268wh\/\" \/>\n<meta property=\"og:locale\" content=\"de_DE\" \/>\n<meta property=\"og:type\" content=\"article\" \/>\n<meta property=\"og:title\" content=\"BLUETTI EB3A Portable Power Station | 600W 268Wh\" \/>\n<meta property=\"og:description\" content=\"Energy-efficient portable power   Lightweight design   80% charge in 40 minutes   6 ways to recharge   Detailed safety features   8 outlets available   BLUETTI APP connectivity\" \/>\n<meta property=\"og:url\" content=\"https:\/\/koningdrone.be\/de\/produkt\/bluetti-eb3a-portable-power-station-600w-268wh\/\" \/>\n<meta property=\"og:site_name\" content=\"koningdrone.be\" \/>\n<meta property=\"article:modified_time\" content=\"2025-05-20T12:31:33+00:00\" \/>\n<meta property=\"og:image\" content=\"https:\/\/koningdrone.be\/wp-content\/uploads\/sites\/13\/2025\/04\/EB3A-Front_750x.png\" \/>\n\t<meta property=\"og:image:width\" content=\"750\" \/>\n\t<meta property=\"og:image:height\" content=\"750\" \/>\n\t<meta property=\"og:image:type\" content=\"image\/png\" \/>\n<meta name=\"twitter:card\" content=\"summary_large_image\" \/>\n<meta name=\"twitter:label1\" content=\"Gesch\u00e4tzte Lesezeit\" \/>\n\t<meta name=\"twitter:data1\" content=\"1\u00a0Minute\" \/>\n<script type=\"application\/ld+json\" class=\"yoast-schema-graph\">{\"@context\":\"https:\/\/schema.org\",\"@graph\":[{\"@type\":\"WebPage\",\"@id\":\"https:\/\/koningdrone.be\/product\/bluetti-eb3a-portable-power-station-600w-268wh\/\",\"url\":\"https:\/\/koningdrone.be\/product\/bluetti-eb3a-portable-power-station-600w-268wh\/\",\"name\":\"BLUETTI EB3A Portable Power Station | 600W 268Wh - koningdrone.be\",\"isPartOf\":{\"@id\":\"https:\/\/koningdrone.be\/#website\"},\"primaryImageOfPage\":{\"@id\":\"https:\/\/koningdrone.be\/product\/bluetti-eb3a-portable-power-station-600w-268wh\/#primaryimage\"},\"image\":{\"@id\":\"https:\/\/koningdrone.be\/product\/bluetti-eb3a-portable-power-station-600w-268wh\/#primaryimage\"},\"thumbnailUrl\":\"https:\/\/koningdrone.be\/wp-content\/uploads\/sites\/13\/2025\/04\/EB3A-Front_750x.png\",\"datePublished\":\"2024-02-28T10:15:10+00:00\",\"dateModified\":\"2025-05-20T12:31:33+00:00\",\"breadcrumb\":{\"@id\":\"https:\/\/koningdrone.be\/product\/bluetti-eb3a-portable-power-station-600w-268wh\/#breadcrumb\"},\"inLanguage\":\"de\",\"potentialAction\":[{\"@type\":\"ReadAction\",\"target\":[\"https:\/\/koningdrone.be\/product\/bluetti-eb3a-portable-power-station-600w-268wh\/\"]}]},{\"@type\":\"ImageObject\",\"inLanguage\":\"de\",\"@id\":\"https:\/\/koningdrone.be\/product\/bluetti-eb3a-portable-power-station-600w-268wh\/#primaryimage\",\"url\":\"https:\/\/koningdrone.be\/wp-content\/uploads\/sites\/13\/2025\/04\/EB3A-Front_750x.png\",\"contentUrl\":\"https:\/\/koningdrone.be\/wp-content\/uploads\/sites\/13\/2025\/04\/EB3A-Front_750x.png\",\"width\":750,\"height\":750},{\"@type\":\"BreadcrumbList\",\"@id\":\"https:\/\/koningdrone.be\/product\/bluetti-eb3a-portable-power-station-600w-268wh\/#breadcrumb\",\"itemListElement\":[{\"@type\":\"ListItem\",\"position\":1,\"name\":\"Home\",\"item\":\"https:\/\/koningdrone.be\/\"},{\"@type\":\"ListItem\",\"position\":2,\"name\":\"AVSS Parachute Recovery System for DJI Matrice 300\/350\",\"item\":\"https:\/\/koningdrone.be\/product\/avss-parachute-recovery-system-for-dji-matrice-300-350\/\"},{\"@type\":\"ListItem\",\"position\":3,\"name\":\"Alle powerstations\",\"item\":\"https:\/\/koningdrone.be\/categorie\/alle-powerstations\/\"},{\"@type\":\"ListItem\",\"position\":4,\"name\":\"BLUETTI EB3A Portable Power Station | 600W 268Wh\"}]},{\"@type\":\"WebSite\",\"@id\":\"https:\/\/koningdrone.be\/#website\",\"url\":\"https:\/\/koningdrone.be\/\",\"name\":\"Koningdrone.be - Uw online specialist in drones, gimbals, camera's en power stations.\",\"description\":\"De webshop in drones en gimbals\",\"publisher\":{\"@id\":\"https:\/\/koningdrone.be\/#organization\"},\"potentialAction\":[{\"@type\":\"SearchAction\",\"target\":{\"@type\":\"EntryPoint\",\"urlTemplate\":\"https:\/\/koningdrone.be\/?s={search_term_string}\"},\"query-input\":{\"@type\":\"PropertyValueSpecification\",\"valueRequired\":true,\"valueName\":\"search_term_string\"}}],\"inLanguage\":\"de\"},{\"@type\":\"Organization\",\"@id\":\"https:\/\/koningdrone.be\/#organization\",\"name\":\"Koningdrone.be\",\"url\":\"https:\/\/koningdrone.be\/\",\"logo\":{\"@type\":\"ImageObject\",\"inLanguage\":\"de\",\"@id\":\"https:\/\/koningdrone.be\/#\/schema\/logo\/image\/\",\"url\":\"https:\/\/koningdrone.be\/wp-content\/uploads\/sites\/13\/2025\/04\/koningdrone-copyright-logo.svg\",\"contentUrl\":\"https:\/\/koningdrone.be\/wp-content\/uploads\/sites\/13\/2025\/04\/koningdrone-copyright-logo.svg\",\"width\":227,\"height\":38,\"caption\":\"Koningdrone.be\"},\"image\":{\"@id\":\"https:\/\/koningdrone.be\/#\/schema\/logo\/image\/\"}}]}<\/script>\n<!-- \/ Yoast SEO Premium plugin. -->","yoast_head_json":{"title":"BLUETTI EB3A Portable Power Station | 600W 268Wh - koningdrone.be","robots":{"index":"index","follow":"follow","max-snippet":"max-snippet:-1","max-image-preview":"max-image-preview:large","max-video-preview":"max-video-preview:-1"},"canonical":"https:\/\/koningdrone.be\/de\/produkt\/bluetti-eb3a-portable-power-station-600w-268wh\/","og_locale":"de_DE","og_type":"article","og_title":"BLUETTI EB3A Portable Power Station | 600W 268Wh","og_description":"Energy-efficient portable power   Lightweight design   80% charge in 40 minutes   6 ways to recharge   Detailed safety features   8 outlets available   BLUETTI APP connectivity","og_url":"https:\/\/koningdrone.be\/de\/produkt\/bluetti-eb3a-portable-power-station-600w-268wh\/","og_site_name":"koningdrone.be","article_modified_time":"2025-05-20T12:31:33+00:00","og_image":[{"width":750,"height":750,"url":"https:\/\/koningdrone.be\/wp-content\/uploads\/sites\/13\/2025\/04\/EB3A-Front_750x.png","type":"image\/png"}],"twitter_card":"summary_large_image","twitter_misc":{"Gesch\u00e4tzte Lesezeit":"1\u00a0Minute"},"schema":{"@context":"https:\/\/schema.org","@graph":[{"@type":"WebPage","@id":"https:\/\/koningdrone.be\/product\/bluetti-eb3a-portable-power-station-600w-268wh\/","url":"https:\/\/koningdrone.be\/product\/bluetti-eb3a-portable-power-station-600w-268wh\/","name":"BLUETTI EB3A Portable Power Station | 600W 268Wh - koningdrone.be","isPartOf":{"@id":"https:\/\/koningdrone.be\/#website"},"primaryImageOfPage":{"@id":"https:\/\/koningdrone.be\/product\/bluetti-eb3a-portable-power-station-600w-268wh\/#primaryimage"},"image":{"@id":"https:\/\/koningdrone.be\/product\/bluetti-eb3a-portable-power-station-600w-268wh\/#primaryimage"},"thumbnailUrl":"https:\/\/koningdrone.be\/wp-content\/uploads\/sites\/13\/2025\/04\/EB3A-Front_750x.png","datePublished":"2024-02-28T10:15:10+00:00","dateModified":"2025-05-20T12:31:33+00:00","breadcrumb":{"@id":"https:\/\/koningdrone.be\/product\/bluetti-eb3a-portable-power-station-600w-268wh\/#breadcrumb"},"inLanguage":"de","potentialAction":[{"@type":"ReadAction","target":["https:\/\/koningdrone.be\/product\/bluetti-eb3a-portable-power-station-600w-268wh\/"]}]},{"@type":"ImageObject","inLanguage":"de","@id":"https:\/\/koningdrone.be\/product\/bluetti-eb3a-portable-power-station-600w-268wh\/#primaryimage","url":"https:\/\/koningdrone.be\/wp-content\/uploads\/sites\/13\/2025\/04\/EB3A-Front_750x.png","contentUrl":"https:\/\/koningdrone.be\/wp-content\/uploads\/sites\/13\/2025\/04\/EB3A-Front_750x.png","width":750,"height":750},{"@type":"BreadcrumbList","@id":"https:\/\/koningdrone.be\/product\/bluetti-eb3a-portable-power-station-600w-268wh\/#breadcrumb","itemListElement":[{"@type":"ListItem","position":1,"name":"Home","item":"https:\/\/koningdrone.be\/"},{"@type":"ListItem","position":2,"name":"AVSS Parachute Recovery System for DJI Matrice 300\/350","item":"https:\/\/koningdrone.be\/product\/avss-parachute-recovery-system-for-dji-matrice-300-350\/"},{"@type":"ListItem","position":3,"name":"Alle powerstations","item":"https:\/\/koningdrone.be\/categorie\/alle-powerstations\/"},{"@type":"ListItem","position":4,"name":"BLUETTI EB3A Portable Power Station | 600W 268Wh"}]},{"@type":"WebSite","@id":"https:\/\/koningdrone.be\/#website","url":"https:\/\/koningdrone.be\/","name":"Koningdrone.be - Ihr Online-Spezialist f\u00fcr Drohnen, Gimbals, Kameras und Kraftwerke.","description":"Der Webshop f\u00fcr Drohnen und Gimbals","publisher":{"@id":"https:\/\/koningdrone.be\/#organization"},"potentialAction":[{"@type":"SearchAction","target":{"@type":"EntryPoint","urlTemplate":"https:\/\/koningdrone.be\/?s={search_term_string}"},"query-input":{"@type":"PropertyValueSpecification","valueRequired":true,"valueName":"search_term_string"}}],"inLanguage":"de"},{"@type":"Organization","@id":"https:\/\/koningdrone.be\/#organization","name":"Kingdrone.de","url":"https:\/\/koningdrone.be\/","logo":{"@type":"ImageObject","inLanguage":"de","@id":"https:\/\/koningdrone.be\/#\/schema\/logo\/image\/","url":"https:\/\/koningdrone.be\/wp-content\/uploads\/sites\/13\/2025\/04\/koningdrone-copyright-logo.svg","contentUrl":"https:\/\/koningdrone.be\/wp-content\/uploads\/sites\/13\/2025\/04\/koningdrone-copyright-logo.svg","width":227,"height":38,"caption":"Koningdrone.be"},"image":{"@id":"https:\/\/koningdrone.be\/#\/schema\/logo\/image\/"}}]}},"df_price":"","df_sale_price":"","df_regular_price":"","df_image_link":"https:\/\/koningdrone.be\/wp-content\/uploads\/sites\/13\/2025\/04\/EB3A-Front_750x-300x300.png","_links":{"self":[{"href":"https:\/\/koningdrone.be\/de\/wp-json\/wp\/v2\/product\/4158","targetHints":{"allow":["GET"]}}],"collection":[{"href":"https:\/\/koningdrone.be\/de\/wp-json\/wp\/v2\/product"}],"about":[{"href":"https:\/\/koningdrone.be\/de\/wp-json\/wp\/v2\/types\/product"}],"wp:featuredmedia":[{"embeddable":true,"href":"https:\/\/koningdrone.be\/de\/wp-json\/wp\/v2\/media\/4157"}],"wp:attachment":[{"href":"https:\/\/koningdrone.be\/de\/wp-json\/wp\/v2\/media?parent=4158"}],"wp:term":[{"taxonomy":"product_brand","embeddable":true,"href":"https:\/\/koningdrone.be\/de\/wp-json\/wp\/v2\/product_brand?post=4158"},{"taxonomy":"product_cat","embeddable":true,"href":"https:\/\/koningdrone.be\/de\/wp-json\/wp\/v2\/product_cat?post=4158"},{"taxonomy":"product_tag","embeddable":true,"href":"https:\/\/koningdrone.be\/de\/wp-json\/wp\/v2\/product_tag?post=4158"}],"curies":[{"name":"wp","href":"https:\/\/api.w.org\/{rel}","templated":true}]}}