{"id":4134,"date":"2024-03-13T15:29:50","date_gmt":"2024-03-13T14:29:50","guid":{"rendered":"https:\/\/koningdrone.nl\/kon\/product\/dji-dl-pz-17-28-mm-t3-0-asph-lens\/"},"modified":"2026-04-29T04:00:52","modified_gmt":"2026-04-29T02:00:52","slug":"dji-dl-pz-17-28-mm-t3-0-asph-lens","status":"publish","type":"product","link":"https:\/\/koningdrone.be\/de\/produkt\/dji-dl-pz-17-28-mm-t3-0-asph-lens\/","title":{"rendered":"DJI DL PZ 17-28 mm T3.0 ASPH Objektiv"},"content":{"rendered":"<p><strong>Kalibrierungsfreier Betrieb<\/strong><\/p>\n<p>Das DJI DL PZ 17-28mm T3.0 ASPH Objektiv muss nicht kalibriert werden und bietet eine pr\u00e4zise Fokussierung und einen Zoombereich von ultraweitem 17mm bis weitem 28mm ohne zus\u00e4tzliche Einstellungen. Diese Funktion erm\u00f6glicht es Videofilmern, verschiedene Szenen sofort in professioneller Qualit\u00e4t aufzunehmen.<\/p>\n<p><strong>Au\u00dfergew\u00f6hnliche Bildqualit\u00e4t<\/strong><\/p>\n<p>Dieses Objektiv wurde f\u00fcr die strengen Anforderungen von 8K-Sensoren entwickelt und bietet eine extrem hohe Aufl\u00f6sung \u00fcber den gesamten Bildausschnitt. Von weiten Landschaften bis hin zu komplizierten Nahaufnahmen k\u00f6nnen Benutzer scharfe, hochwertige Bilder erwarten, die die Anforderungen professioneller Videografie m\u00fchelos erf\u00fcllen.<\/p>\n<p><strong>M\u00f6glichkeiten der Nahaufnahme<\/strong><\/p>\n<p>Mit einer minimalen Objektdistanz von nur 0,19 Metern (ca. 7,5 Zoll) bietet das Objektiv selbst bei extremen Weitwinkeln eine hervorragende Leistung bei Nahaufnahmen. Dank dieser F\u00e4higkeit k\u00f6nnen Videofilmer m\u00fchelos kreative und detaillierte Kompositionen aufnehmen.<\/p>\n<p><strong>Leichtes und dennoch robustes Design<\/strong><\/p>\n<p>Das aus einer Aluminium-Magnesium-Legierung gefertigte Objektiv bietet ein ideales Gleichgewicht zwischen Leichtigkeit (nur 520 g) und Haltbarkeit. Diese Kombination von Eigenschaften sorgt daf\u00fcr, dass es sowohl leicht zu transportieren als auch robust genug f\u00fcr den professionellen Einsatz ist.<\/p>\n<p><strong>Integrierter Servo-Zoom-Motor<\/strong><\/p>\n<p>Durch den eingebauten Servo-Zoom-Motor unterscheidet sich dieses Objektiv von anderen, die einen externen Motor zum Zoomen ben\u00f6tigen. Diese Funktion erm\u00f6glicht ein sanfteres und effizienteres Zoomen und tr\u00e4gt zum kompakten und leichten Profil des Objektivs bei.<\/p>\n<p><strong>Stabiles Zoomen, kein Rebalancing erforderlich<\/strong><\/p>\n<p>Dank einer Konstruktion, bei der sich der Objektivtubus w\u00e4hrend des Zoomens nur minimal (innerhalb von 5 mm) bewegt, ist in Verbindung mit kompatibler Stabilisierungsausr\u00fcstung wie dem Ronin 4D keine Neuausrichtung erforderlich. Diese Funktion ist entscheidend f\u00fcr dynamische Aufnahmeszenarien und erm\u00f6glicht nahtlose und ununterbrochene Aufnahmen.<\/p>\n<p><strong>Zusammenfassung<\/strong><\/p>\n<p>Das DJI DL PZ 17-28mm T3.0 ASPH Objektiv ist eine hervorragende Option f\u00fcr Filmemacher, die Wert auf vielseitige Brennweiten, au\u00dfergew\u00f6hnliche Bildqualit\u00e4t und einfache Handhabung in einem robusten, aber leicht tragbaren Design legen. Seine Eigenschaften erf\u00fcllen eine breite Palette professioneller Videografie-Anforderungen.<\/p>\n<p>&nbsp;<\/p>","protected":false},"excerpt":{"rendered":"<ul>\n<li>Kalibrierungsfreies Fokussierungserlebnis<\/li>\n<li>Deckt Brennweiten von 17-28 mm ab<\/li>\n<li>Ultrahohe Aufl\u00f6sung f\u00fcr 8K-Sensoren<\/li>\n<li>Minimaler Objektabstand 0,19 m<\/li>\n<li>Geh\u00e4use aus 520 g Aluminium-Magnesium-Legierung<\/li>\n<li>Eingebauter Servo-Zoom-Motor<\/li>\n<li>Zoomen ohne Neuabgleich auf Ronin 4D<\/li>\n<\/ul>","protected":false},"featured_media":4131,"template":"","meta":{"_acf_changed":false},"product_brand":[],"product_cat":[298,97,316,299],"product_tag":[],"class_list":{"0":"post-4134","1":"product","2":"type-product","3":"status-publish","4":"has-post-thumbnail","6":"product_cat-alle-industriele-camera","7":"product_cat-alle-producten","8":"product_cat-dji-zenmuse","9":"product_cat-gimbals-en-cameras","10":"product_shipping_class-acsystemsall","11":"pa_brand-dji","12":"pa_productfamily-camera-lens","13":"pa_producttype-camera-lens","15":"first","16":"instock","17":"taxable","18":"shipping-taxable","19":"purchasable","20":"product-type-simple"},"acf":[],"yoast_head":"<!-- This site is optimized with the Yoast SEO Premium plugin v27.2 (Yoast SEO v27.2) - https:\/\/yoast.com\/product\/yoast-seo-premium-wordpress\/ -->\n<title>DJI DL PZ 17-28 mm T3.0 ASPH Lens - koningdrone.be<\/title>\n<meta name=\"robots\" content=\"index, follow, max-snippet:-1, max-image-preview:large, max-video-preview:-1\" \/>\n<link rel=\"canonical\" href=\"https:\/\/koningdrone.be\/de\/produkt\/dji-dl-pz-17-28-mm-t3-0-asph-lens\/\" \/>\n<meta property=\"og:locale\" content=\"de_DE\" \/>\n<meta property=\"og:type\" content=\"article\" \/>\n<meta property=\"og:title\" content=\"DJI DL PZ 17-28 mm T3.0 ASPH Lens\" \/>\n<meta property=\"og:description\" content=\"Kalibratievrije scherpstelervaring  Omvat brandpuntsafstanden van 17-28 mm  Ultrahoge resolutie voor 8K-sensoren  Minimale objectafstand 0,19 m  Lichaam van 520 g aluminium magnesiumlegering  Ingebouwde servozoommotor  Zoom zonder opnieuw in evenwicht te brengen op Ronin 4D\" \/>\n<meta property=\"og:url\" content=\"https:\/\/koningdrone.be\/de\/produkt\/dji-dl-pz-17-28-mm-t3-0-asph-lens\/\" \/>\n<meta property=\"og:site_name\" content=\"koningdrone.be\" \/>\n<meta property=\"article:modified_time\" content=\"2026-04-29T02:00:52+00:00\" \/>\n<meta property=\"og:image\" content=\"https:\/\/koningdrone.be\/wp-content\/uploads\/sites\/13\/2025\/04\/b43bb4baabf7f8766c1adf4955920019@large.jpg\" \/>\n\t<meta property=\"og:image:width\" content=\"1200\" \/>\n\t<meta property=\"og:image:height\" content=\"800\" \/>\n\t<meta property=\"og:image:type\" content=\"image\/jpeg\" \/>\n<meta name=\"twitter:card\" content=\"summary_large_image\" \/>\n<meta name=\"twitter:label1\" content=\"Gesch\u00e4tzte Lesezeit\" \/>\n\t<meta name=\"twitter:data1\" content=\"2\u00a0Minuten\" \/>\n<script type=\"application\/ld+json\" class=\"yoast-schema-graph\">{\"@context\":\"https:\/\/schema.org\",\"@graph\":[{\"@type\":\"WebPage\",\"@id\":\"https:\/\/koningdrone.be\/product\/dji-dl-pz-17-28-mm-t3-0-asph-lens\/\",\"url\":\"https:\/\/koningdrone.be\/product\/dji-dl-pz-17-28-mm-t3-0-asph-lens\/\",\"name\":\"DJI DL PZ 17-28 mm T3.0 ASPH Lens - koningdrone.be\",\"isPartOf\":{\"@id\":\"https:\/\/koningdrone.be\/#website\"},\"primaryImageOfPage\":{\"@id\":\"https:\/\/koningdrone.be\/product\/dji-dl-pz-17-28-mm-t3-0-asph-lens\/#primaryimage\"},\"image\":{\"@id\":\"https:\/\/koningdrone.be\/product\/dji-dl-pz-17-28-mm-t3-0-asph-lens\/#primaryimage\"},\"thumbnailUrl\":\"https:\/\/koningdrone.be\/wp-content\/uploads\/sites\/13\/2025\/04\/b43bb4baabf7f8766c1adf4955920019@large.jpg\",\"datePublished\":\"2024-03-13T14:29:50+00:00\",\"dateModified\":\"2026-04-29T02:00:52+00:00\",\"breadcrumb\":{\"@id\":\"https:\/\/koningdrone.be\/product\/dji-dl-pz-17-28-mm-t3-0-asph-lens\/#breadcrumb\"},\"inLanguage\":\"de\",\"potentialAction\":[{\"@type\":\"ReadAction\",\"target\":[\"https:\/\/koningdrone.be\/product\/dji-dl-pz-17-28-mm-t3-0-asph-lens\/\"]}]},{\"@type\":\"ImageObject\",\"inLanguage\":\"de\",\"@id\":\"https:\/\/koningdrone.be\/product\/dji-dl-pz-17-28-mm-t3-0-asph-lens\/#primaryimage\",\"url\":\"https:\/\/koningdrone.be\/wp-content\/uploads\/sites\/13\/2025\/04\/b43bb4baabf7f8766c1adf4955920019@large.jpg\",\"contentUrl\":\"https:\/\/koningdrone.be\/wp-content\/uploads\/sites\/13\/2025\/04\/b43bb4baabf7f8766c1adf4955920019@large.jpg\",\"width\":1200,\"height\":800},{\"@type\":\"BreadcrumbList\",\"@id\":\"https:\/\/koningdrone.be\/product\/dji-dl-pz-17-28-mm-t3-0-asph-lens\/#breadcrumb\",\"itemListElement\":[{\"@type\":\"ListItem\",\"position\":1,\"name\":\"Home\",\"item\":\"https:\/\/koningdrone.be\/\"},{\"@type\":\"ListItem\",\"position\":2,\"name\":\"AVSS Parachute Recovery System for DJI Matrice 300\/350\",\"item\":\"https:\/\/koningdrone.be\/product\/avss-parachute-recovery-system-for-dji-matrice-300-350\/\"},{\"@type\":\"ListItem\",\"position\":3,\"name\":\"Alle industriele camera\",\"item\":\"https:\/\/koningdrone.be\/categorie\/alle-industriele-camera\/\"},{\"@type\":\"ListItem\",\"position\":4,\"name\":\"DJI DL PZ 17-28 mm T3.0 ASPH Lens\"}]},{\"@type\":\"WebSite\",\"@id\":\"https:\/\/koningdrone.be\/#website\",\"url\":\"https:\/\/koningdrone.be\/\",\"name\":\"Koningdrone.be - Uw online specialist in drones, gimbals, camera's en power stations.\",\"description\":\"De webshop in drones en gimbals\",\"publisher\":{\"@id\":\"https:\/\/koningdrone.be\/#organization\"},\"potentialAction\":[{\"@type\":\"SearchAction\",\"target\":{\"@type\":\"EntryPoint\",\"urlTemplate\":\"https:\/\/koningdrone.be\/?s={search_term_string}\"},\"query-input\":{\"@type\":\"PropertyValueSpecification\",\"valueRequired\":true,\"valueName\":\"search_term_string\"}}],\"inLanguage\":\"de\"},{\"@type\":\"Organization\",\"@id\":\"https:\/\/koningdrone.be\/#organization\",\"name\":\"Koningdrone.be\",\"url\":\"https:\/\/koningdrone.be\/\",\"logo\":{\"@type\":\"ImageObject\",\"inLanguage\":\"de\",\"@id\":\"https:\/\/koningdrone.be\/#\/schema\/logo\/image\/\",\"url\":\"https:\/\/koningdrone.be\/wp-content\/uploads\/sites\/13\/2025\/04\/koningdrone-copyright-logo.svg\",\"contentUrl\":\"https:\/\/koningdrone.be\/wp-content\/uploads\/sites\/13\/2025\/04\/koningdrone-copyright-logo.svg\",\"width\":227,\"height\":38,\"caption\":\"Koningdrone.be\"},\"image\":{\"@id\":\"https:\/\/koningdrone.be\/#\/schema\/logo\/image\/\"}}]}<\/script>\n<!-- \/ Yoast SEO Premium plugin. -->","yoast_head_json":{"title":"DJI DL PZ 17-28 mm T3.0 ASPH Lens - koningdrone.be","robots":{"index":"index","follow":"follow","max-snippet":"max-snippet:-1","max-image-preview":"max-image-preview:large","max-video-preview":"max-video-preview:-1"},"canonical":"https:\/\/koningdrone.be\/de\/produkt\/dji-dl-pz-17-28-mm-t3-0-asph-lens\/","og_locale":"de_DE","og_type":"article","og_title":"DJI DL PZ 17-28 mm T3.0 ASPH Lens","og_description":"Kalibratievrije scherpstelervaring  Omvat brandpuntsafstanden van 17-28 mm  Ultrahoge resolutie voor 8K-sensoren  Minimale objectafstand 0,19 m  Lichaam van 520 g aluminium magnesiumlegering  Ingebouwde servozoommotor  Zoom zonder opnieuw in evenwicht te brengen op Ronin 4D","og_url":"https:\/\/koningdrone.be\/de\/produkt\/dji-dl-pz-17-28-mm-t3-0-asph-lens\/","og_site_name":"koningdrone.be","article_modified_time":"2026-04-29T02:00:52+00:00","og_image":[{"width":1200,"height":800,"url":"https:\/\/koningdrone.be\/wp-content\/uploads\/sites\/13\/2025\/04\/b43bb4baabf7f8766c1adf4955920019@large.jpg","type":"image\/jpeg"}],"twitter_card":"summary_large_image","twitter_misc":{"Gesch\u00e4tzte Lesezeit":"2\u00a0Minuten"},"schema":{"@context":"https:\/\/schema.org","@graph":[{"@type":"WebPage","@id":"https:\/\/koningdrone.be\/product\/dji-dl-pz-17-28-mm-t3-0-asph-lens\/","url":"https:\/\/koningdrone.be\/product\/dji-dl-pz-17-28-mm-t3-0-asph-lens\/","name":"DJI DL PZ 17-28 mm T3.0 ASPH Lens - koningdrone.be","isPartOf":{"@id":"https:\/\/koningdrone.be\/#website"},"primaryImageOfPage":{"@id":"https:\/\/koningdrone.be\/product\/dji-dl-pz-17-28-mm-t3-0-asph-lens\/#primaryimage"},"image":{"@id":"https:\/\/koningdrone.be\/product\/dji-dl-pz-17-28-mm-t3-0-asph-lens\/#primaryimage"},"thumbnailUrl":"https:\/\/koningdrone.be\/wp-content\/uploads\/sites\/13\/2025\/04\/b43bb4baabf7f8766c1adf4955920019@large.jpg","datePublished":"2024-03-13T14:29:50+00:00","dateModified":"2026-04-29T02:00:52+00:00","breadcrumb":{"@id":"https:\/\/koningdrone.be\/product\/dji-dl-pz-17-28-mm-t3-0-asph-lens\/#breadcrumb"},"inLanguage":"de","potentialAction":[{"@type":"ReadAction","target":["https:\/\/koningdrone.be\/product\/dji-dl-pz-17-28-mm-t3-0-asph-lens\/"]}]},{"@type":"ImageObject","inLanguage":"de","@id":"https:\/\/koningdrone.be\/product\/dji-dl-pz-17-28-mm-t3-0-asph-lens\/#primaryimage","url":"https:\/\/koningdrone.be\/wp-content\/uploads\/sites\/13\/2025\/04\/b43bb4baabf7f8766c1adf4955920019@large.jpg","contentUrl":"https:\/\/koningdrone.be\/wp-content\/uploads\/sites\/13\/2025\/04\/b43bb4baabf7f8766c1adf4955920019@large.jpg","width":1200,"height":800},{"@type":"BreadcrumbList","@id":"https:\/\/koningdrone.be\/product\/dji-dl-pz-17-28-mm-t3-0-asph-lens\/#breadcrumb","itemListElement":[{"@type":"ListItem","position":1,"name":"Home","item":"https:\/\/koningdrone.be\/"},{"@type":"ListItem","position":2,"name":"AVSS Parachute Recovery System for DJI Matrice 300\/350","item":"https:\/\/koningdrone.be\/product\/avss-parachute-recovery-system-for-dji-matrice-300-350\/"},{"@type":"ListItem","position":3,"name":"Alle industriele camera","item":"https:\/\/koningdrone.be\/categorie\/alle-industriele-camera\/"},{"@type":"ListItem","position":4,"name":"DJI DL PZ 17-28 mm T3.0 ASPH Lens"}]},{"@type":"WebSite","@id":"https:\/\/koningdrone.be\/#website","url":"https:\/\/koningdrone.be\/","name":"Koningdrone.be - Ihr Online-Spezialist f\u00fcr Drohnen, Gimbals, Kameras und Kraftwerke.","description":"Der Webshop f\u00fcr Drohnen und Gimbals","publisher":{"@id":"https:\/\/koningdrone.be\/#organization"},"potentialAction":[{"@type":"SearchAction","target":{"@type":"EntryPoint","urlTemplate":"https:\/\/koningdrone.be\/?s={search_term_string}"},"query-input":{"@type":"PropertyValueSpecification","valueRequired":true,"valueName":"search_term_string"}}],"inLanguage":"de"},{"@type":"Organization","@id":"https:\/\/koningdrone.be\/#organization","name":"Kingdrone.de","url":"https:\/\/koningdrone.be\/","logo":{"@type":"ImageObject","inLanguage":"de","@id":"https:\/\/koningdrone.be\/#\/schema\/logo\/image\/","url":"https:\/\/koningdrone.be\/wp-content\/uploads\/sites\/13\/2025\/04\/koningdrone-copyright-logo.svg","contentUrl":"https:\/\/koningdrone.be\/wp-content\/uploads\/sites\/13\/2025\/04\/koningdrone-copyright-logo.svg","width":227,"height":38,"caption":"Koningdrone.be"},"image":{"@id":"https:\/\/koningdrone.be\/#\/schema\/logo\/image\/"}}]}},"df_price":1574,"df_sale_price":"","df_regular_price":1574,"df_image_link":"https:\/\/koningdrone.be\/wp-content\/uploads\/sites\/13\/2025\/04\/b43bb4baabf7f8766c1adf4955920019@large-300x200.jpg","_links":{"self":[{"href":"https:\/\/koningdrone.be\/de\/wp-json\/wp\/v2\/product\/4134","targetHints":{"allow":["GET"]}}],"collection":[{"href":"https:\/\/koningdrone.be\/de\/wp-json\/wp\/v2\/product"}],"about":[{"href":"https:\/\/koningdrone.be\/de\/wp-json\/wp\/v2\/types\/product"}],"wp:featuredmedia":[{"embeddable":true,"href":"https:\/\/koningdrone.be\/de\/wp-json\/wp\/v2\/media\/4131"}],"wp:attachment":[{"href":"https:\/\/koningdrone.be\/de\/wp-json\/wp\/v2\/media?parent=4134"}],"wp:term":[{"taxonomy":"product_brand","embeddable":true,"href":"https:\/\/koningdrone.be\/de\/wp-json\/wp\/v2\/product_brand?post=4134"},{"taxonomy":"product_cat","embeddable":true,"href":"https:\/\/koningdrone.be\/de\/wp-json\/wp\/v2\/product_cat?post=4134"},{"taxonomy":"product_tag","embeddable":true,"href":"https:\/\/koningdrone.be\/de\/wp-json\/wp\/v2\/product_tag?post=4134"}],"curies":[{"name":"wp","href":"https:\/\/api.w.org\/{rel}","templated":true}]}}