{"id":4105,"date":"2024-03-13T15:31:39","date_gmt":"2024-03-13T15:31:39","guid":{"rendered":"https:\/\/koningdrone.nl\/kon\/product\/dji-mic-mobile-phone-adapter-lightning\/"},"modified":"2025-04-29T12:04:12","modified_gmt":"2025-04-29T12:04:12","slug":"dji-mic-mobile-phone-adapter-lightning","status":"publish","type":"product","link":"https:\/\/koningdrone.be\/de\/produkt\/dji-mic-mobile-phone-adapter-lightning\/","title":{"rendered":"DJI Mic Mobiltelefon-Adapter (Lightning)"},"content":{"rendered":"<p><strong>Nahtlose iOS-Integration<\/strong><\/p>\n<p> Das Produkt wurde sorgf\u00e4ltig entwickelt, um eine nahtlose Verbindung zwischen dem DJI Mic und iOS-Ger\u00e4ten herzustellen. Dies erm\u00f6glicht die problemlose Integration von hochwertigem Audio in jedes iOS-Projekt oder jeden Workflow. Ganz gleich, ob Sie an Videoinhalten, Podcasts oder einem anderen audiovisuellen Projekt arbeiten, dieses Produkt stellt sicher, dass hervorragende Audioqualit\u00e4t nur eine Verbindung entfernt ist.<\/p>\n<p><strong>Konzipiert f\u00fcr alle Kompetenzniveaus<\/strong><\/p>\n<p> Unabh\u00e4ngig von Ihrer Erfahrung mit Audioaufnahmen ist dieses Produkt darauf ausgelegt, Ihre Projekte mit der un\u00fcbertroffenen Audioqualit\u00e4t des DJI Mic zu verbessern. Es bietet Anf\u00e4ngern einen einfachen Weg zu Audioaufnahmen auf professionellem Niveau, w\u00e4hrend erfahrene Experten den Komfort erhalten, den sie ben\u00f6tigen, um hochwertige Audioaufnahmen effizient in ihre fortgeschrittenen Projekte zu integrieren. Dieses Produkt ist ein vielseitiges Werkzeug, das hervorragende Audioqualit\u00e4t f\u00fcr jeden zug\u00e4nglich und bequem macht.<\/p>\n<p><\/p>","protected":false},"excerpt":{"rendered":"<ul>\n<li>Erm\u00f6glicht die Verbindung von DJI Mic mit iOS-Ger\u00e4ten<\/li>\n<\/ul>","protected":false},"featured_media":4104,"template":"","meta":{"_acf_changed":false},"product_brand":[],"product_cat":[268,97,191,632],"product_tag":[],"class_list":{"0":"post-4105","1":"product","2":"type-product","3":"status-publish","4":"has-post-thumbnail","6":"product_cat-alle-accessoires","7":"product_cat-alle-producten","8":"product_cat-dji-mic","9":"product_cat-dji-mic-1","10":"pa_brand-dji","11":"pa_productfamily-smartphone-accessoire","12":"pa_producttype-smartphone-accessoire","13":"pa_series-mic","15":"first","16":"instock","17":"taxable","18":"shipping-taxable","19":"product-type-simple"},"acf":[],"yoast_head":"<!-- This site is optimized with the Yoast SEO Premium plugin v27.2 (Yoast SEO v27.2) - https:\/\/yoast.com\/product\/yoast-seo-premium-wordpress\/ -->\n<title>DJI Mic Mobile Phone Adapter (Lightning) - koningdrone.be<\/title>\n<meta name=\"robots\" content=\"index, follow, max-snippet:-1, max-image-preview:large, max-video-preview:-1\" \/>\n<link rel=\"canonical\" href=\"https:\/\/koningdrone.be\/de\/produkt\/dji-mic-mobile-phone-adapter-lightning\/\" \/>\n<meta property=\"og:locale\" content=\"de_DE\" \/>\n<meta property=\"og:type\" content=\"article\" \/>\n<meta property=\"og:title\" content=\"DJI Mic Mobile Phone Adapter (Lightning)\" \/>\n<meta property=\"og:description\" content=\"Maakt verbinding van DJI Mic met iOS-apparaten mogelijk\" \/>\n<meta property=\"og:url\" content=\"https:\/\/koningdrone.be\/de\/produkt\/dji-mic-mobile-phone-adapter-lightning\/\" \/>\n<meta property=\"og:site_name\" content=\"koningdrone.be\" \/>\n<meta property=\"article:modified_time\" content=\"2025-04-29T12:04:12+00:00\" \/>\n<meta property=\"og:image\" content=\"https:\/\/koningdrone.be\/wp-content\/uploads\/sites\/13\/2025\/04\/cf92d40d4b74ae896f7708c48f6decf7@large.jpg\" \/>\n\t<meta property=\"og:image:width\" content=\"1200\" \/>\n\t<meta property=\"og:image:height\" content=\"800\" \/>\n\t<meta property=\"og:image:type\" content=\"image\/jpeg\" \/>\n<meta name=\"twitter:card\" content=\"summary_large_image\" \/>\n<meta name=\"twitter:label1\" content=\"Gesch\u00e4tzte Lesezeit\" \/>\n\t<meta name=\"twitter:data1\" content=\"1\u00a0Minute\" \/>\n<script type=\"application\/ld+json\" class=\"yoast-schema-graph\">{\"@context\":\"https:\/\/schema.org\",\"@graph\":[{\"@type\":\"WebPage\",\"@id\":\"https:\/\/koningdrone.be\/product\/dji-mic-mobile-phone-adapter-lightning\/\",\"url\":\"https:\/\/koningdrone.be\/product\/dji-mic-mobile-phone-adapter-lightning\/\",\"name\":\"DJI Mic Mobile Phone Adapter (Lightning) - koningdrone.be\",\"isPartOf\":{\"@id\":\"https:\/\/koningdrone.be\/#website\"},\"primaryImageOfPage\":{\"@id\":\"https:\/\/koningdrone.be\/product\/dji-mic-mobile-phone-adapter-lightning\/#primaryimage\"},\"image\":{\"@id\":\"https:\/\/koningdrone.be\/product\/dji-mic-mobile-phone-adapter-lightning\/#primaryimage\"},\"thumbnailUrl\":\"https:\/\/koningdrone.be\/wp-content\/uploads\/sites\/13\/2025\/04\/cf92d40d4b74ae896f7708c48f6decf7@large.jpg\",\"datePublished\":\"2024-03-13T15:31:39+00:00\",\"dateModified\":\"2025-04-29T12:04:12+00:00\",\"breadcrumb\":{\"@id\":\"https:\/\/koningdrone.be\/product\/dji-mic-mobile-phone-adapter-lightning\/#breadcrumb\"},\"inLanguage\":\"de\",\"potentialAction\":[{\"@type\":\"ReadAction\",\"target\":[\"https:\/\/koningdrone.be\/product\/dji-mic-mobile-phone-adapter-lightning\/\"]}]},{\"@type\":\"ImageObject\",\"inLanguage\":\"de\",\"@id\":\"https:\/\/koningdrone.be\/product\/dji-mic-mobile-phone-adapter-lightning\/#primaryimage\",\"url\":\"https:\/\/koningdrone.be\/wp-content\/uploads\/sites\/13\/2025\/04\/cf92d40d4b74ae896f7708c48f6decf7@large.jpg\",\"contentUrl\":\"https:\/\/koningdrone.be\/wp-content\/uploads\/sites\/13\/2025\/04\/cf92d40d4b74ae896f7708c48f6decf7@large.jpg\",\"width\":1200,\"height\":800},{\"@type\":\"BreadcrumbList\",\"@id\":\"https:\/\/koningdrone.be\/product\/dji-mic-mobile-phone-adapter-lightning\/#breadcrumb\",\"itemListElement\":[{\"@type\":\"ListItem\",\"position\":1,\"name\":\"Home\",\"item\":\"https:\/\/koningdrone.be\/\"},{\"@type\":\"ListItem\",\"position\":2,\"name\":\"AVSS Parachute Recovery System for DJI Matrice 300\/350\",\"item\":\"https:\/\/koningdrone.be\/product\/avss-parachute-recovery-system-for-dji-matrice-300-350\/\"},{\"@type\":\"ListItem\",\"position\":3,\"name\":\"Alle accessoires\",\"item\":\"https:\/\/koningdrone.be\/categorie\/alle-accessoires\/\"},{\"@type\":\"ListItem\",\"position\":4,\"name\":\"DJI Mic Mobile Phone Adapter (Lightning)\"}]},{\"@type\":\"WebSite\",\"@id\":\"https:\/\/koningdrone.be\/#website\",\"url\":\"https:\/\/koningdrone.be\/\",\"name\":\"Koningdrone.be - Uw online specialist in drones, gimbals, camera's en power stations.\",\"description\":\"De webshop in drones en gimbals\",\"publisher\":{\"@id\":\"https:\/\/koningdrone.be\/#organization\"},\"potentialAction\":[{\"@type\":\"SearchAction\",\"target\":{\"@type\":\"EntryPoint\",\"urlTemplate\":\"https:\/\/koningdrone.be\/?s={search_term_string}\"},\"query-input\":{\"@type\":\"PropertyValueSpecification\",\"valueRequired\":true,\"valueName\":\"search_term_string\"}}],\"inLanguage\":\"de\"},{\"@type\":\"Organization\",\"@id\":\"https:\/\/koningdrone.be\/#organization\",\"name\":\"Koningdrone.be\",\"url\":\"https:\/\/koningdrone.be\/\",\"logo\":{\"@type\":\"ImageObject\",\"inLanguage\":\"de\",\"@id\":\"https:\/\/koningdrone.be\/#\/schema\/logo\/image\/\",\"url\":\"https:\/\/koningdrone.be\/wp-content\/uploads\/sites\/13\/2025\/04\/koningdrone-copyright-logo.svg\",\"contentUrl\":\"https:\/\/koningdrone.be\/wp-content\/uploads\/sites\/13\/2025\/04\/koningdrone-copyright-logo.svg\",\"width\":227,\"height\":38,\"caption\":\"Koningdrone.be\"},\"image\":{\"@id\":\"https:\/\/koningdrone.be\/#\/schema\/logo\/image\/\"}}]}<\/script>\n<!-- \/ Yoast SEO Premium plugin. -->","yoast_head_json":{"title":"DJI Mic Mobile Phone Adapter (Lightning) - koningdrone.be","robots":{"index":"index","follow":"follow","max-snippet":"max-snippet:-1","max-image-preview":"max-image-preview:large","max-video-preview":"max-video-preview:-1"},"canonical":"https:\/\/koningdrone.be\/de\/produkt\/dji-mic-mobile-phone-adapter-lightning\/","og_locale":"de_DE","og_type":"article","og_title":"DJI Mic Mobile Phone Adapter (Lightning)","og_description":"Maakt verbinding van DJI Mic met iOS-apparaten mogelijk","og_url":"https:\/\/koningdrone.be\/de\/produkt\/dji-mic-mobile-phone-adapter-lightning\/","og_site_name":"koningdrone.be","article_modified_time":"2025-04-29T12:04:12+00:00","og_image":[{"width":1200,"height":800,"url":"https:\/\/koningdrone.be\/wp-content\/uploads\/sites\/13\/2025\/04\/cf92d40d4b74ae896f7708c48f6decf7@large.jpg","type":"image\/jpeg"}],"twitter_card":"summary_large_image","twitter_misc":{"Gesch\u00e4tzte Lesezeit":"1\u00a0Minute"},"schema":{"@context":"https:\/\/schema.org","@graph":[{"@type":"WebPage","@id":"https:\/\/koningdrone.be\/product\/dji-mic-mobile-phone-adapter-lightning\/","url":"https:\/\/koningdrone.be\/product\/dji-mic-mobile-phone-adapter-lightning\/","name":"DJI Mic Mobile Phone Adapter (Lightning) - koningdrone.be","isPartOf":{"@id":"https:\/\/koningdrone.be\/#website"},"primaryImageOfPage":{"@id":"https:\/\/koningdrone.be\/product\/dji-mic-mobile-phone-adapter-lightning\/#primaryimage"},"image":{"@id":"https:\/\/koningdrone.be\/product\/dji-mic-mobile-phone-adapter-lightning\/#primaryimage"},"thumbnailUrl":"https:\/\/koningdrone.be\/wp-content\/uploads\/sites\/13\/2025\/04\/cf92d40d4b74ae896f7708c48f6decf7@large.jpg","datePublished":"2024-03-13T15:31:39+00:00","dateModified":"2025-04-29T12:04:12+00:00","breadcrumb":{"@id":"https:\/\/koningdrone.be\/product\/dji-mic-mobile-phone-adapter-lightning\/#breadcrumb"},"inLanguage":"de","potentialAction":[{"@type":"ReadAction","target":["https:\/\/koningdrone.be\/product\/dji-mic-mobile-phone-adapter-lightning\/"]}]},{"@type":"ImageObject","inLanguage":"de","@id":"https:\/\/koningdrone.be\/product\/dji-mic-mobile-phone-adapter-lightning\/#primaryimage","url":"https:\/\/koningdrone.be\/wp-content\/uploads\/sites\/13\/2025\/04\/cf92d40d4b74ae896f7708c48f6decf7@large.jpg","contentUrl":"https:\/\/koningdrone.be\/wp-content\/uploads\/sites\/13\/2025\/04\/cf92d40d4b74ae896f7708c48f6decf7@large.jpg","width":1200,"height":800},{"@type":"BreadcrumbList","@id":"https:\/\/koningdrone.be\/product\/dji-mic-mobile-phone-adapter-lightning\/#breadcrumb","itemListElement":[{"@type":"ListItem","position":1,"name":"Home","item":"https:\/\/koningdrone.be\/"},{"@type":"ListItem","position":2,"name":"AVSS Parachute Recovery System for DJI Matrice 300\/350","item":"https:\/\/koningdrone.be\/product\/avss-parachute-recovery-system-for-dji-matrice-300-350\/"},{"@type":"ListItem","position":3,"name":"Alle accessoires","item":"https:\/\/koningdrone.be\/categorie\/alle-accessoires\/"},{"@type":"ListItem","position":4,"name":"DJI Mic Mobile Phone Adapter (Lightning)"}]},{"@type":"WebSite","@id":"https:\/\/koningdrone.be\/#website","url":"https:\/\/koningdrone.be\/","name":"Koningdrone.be - Ihr Online-Spezialist f\u00fcr Drohnen, Gimbals, Kameras und Kraftwerke.","description":"Der Webshop f\u00fcr Drohnen und Gimbals","publisher":{"@id":"https:\/\/koningdrone.be\/#organization"},"potentialAction":[{"@type":"SearchAction","target":{"@type":"EntryPoint","urlTemplate":"https:\/\/koningdrone.be\/?s={search_term_string}"},"query-input":{"@type":"PropertyValueSpecification","valueRequired":true,"valueName":"search_term_string"}}],"inLanguage":"de"},{"@type":"Organization","@id":"https:\/\/koningdrone.be\/#organization","name":"Kingdrone.de","url":"https:\/\/koningdrone.be\/","logo":{"@type":"ImageObject","inLanguage":"de","@id":"https:\/\/koningdrone.be\/#\/schema\/logo\/image\/","url":"https:\/\/koningdrone.be\/wp-content\/uploads\/sites\/13\/2025\/04\/koningdrone-copyright-logo.svg","contentUrl":"https:\/\/koningdrone.be\/wp-content\/uploads\/sites\/13\/2025\/04\/koningdrone-copyright-logo.svg","width":227,"height":38,"caption":"Koningdrone.be"},"image":{"@id":"https:\/\/koningdrone.be\/#\/schema\/logo\/image\/"}}]}},"df_price":"","df_sale_price":"","df_regular_price":"","df_image_link":"https:\/\/koningdrone.be\/wp-content\/uploads\/sites\/13\/2025\/04\/cf92d40d4b74ae896f7708c48f6decf7@large-300x200.jpg","_links":{"self":[{"href":"https:\/\/koningdrone.be\/de\/wp-json\/wp\/v2\/product\/4105","targetHints":{"allow":["GET"]}}],"collection":[{"href":"https:\/\/koningdrone.be\/de\/wp-json\/wp\/v2\/product"}],"about":[{"href":"https:\/\/koningdrone.be\/de\/wp-json\/wp\/v2\/types\/product"}],"wp:featuredmedia":[{"embeddable":true,"href":"https:\/\/koningdrone.be\/de\/wp-json\/wp\/v2\/media\/4104"}],"wp:attachment":[{"href":"https:\/\/koningdrone.be\/de\/wp-json\/wp\/v2\/media?parent=4105"}],"wp:term":[{"taxonomy":"product_brand","embeddable":true,"href":"https:\/\/koningdrone.be\/de\/wp-json\/wp\/v2\/product_brand?post=4105"},{"taxonomy":"product_cat","embeddable":true,"href":"https:\/\/koningdrone.be\/de\/wp-json\/wp\/v2\/product_cat?post=4105"},{"taxonomy":"product_tag","embeddable":true,"href":"https:\/\/koningdrone.be\/de\/wp-json\/wp\/v2\/product_tag?post=4105"}],"curies":[{"name":"wp","href":"https:\/\/api.w.org\/{rel}","templated":true}]}}