{"id":4099,"date":"2024-03-13T15:34:29","date_gmt":"2024-03-13T14:34:29","guid":{"rendered":"https:\/\/koningdrone.nl\/kon\/product\/dji-prossd-mount\/"},"modified":"2026-04-29T15:40:51","modified_gmt":"2026-04-29T13:40:51","slug":"dji-prossd-mount","status":"publish","type":"product","link":"https:\/\/koningdrone.be\/de\/produkt\/dji-prossd-mount\/","title":{"rendered":"DJI PROSSD Halterung"},"content":{"rendered":"<p> Das DJI PROSSD 1TB ist eine fortschrittliche Speicherl\u00f6sung, die speziell f\u00fcr hochaufl\u00f6sende Videoaufnahmen entwickelt wurde. Dieses Speicherlaufwerk mit hoher Kapazit\u00e4t wurde f\u00fcr die Zusammenarbeit mit dem PROSSD Mount-Zubeh\u00f6r entwickelt und bietet eine unvergleichliche Leistung, wenn es an den DJI Ronin 4D-Kamerastabilisator angeschlossen wird. Es setzt einen neuen Standard in der Videoproduktion und erf\u00fcllt die Bed\u00fcrfnisse von Anf\u00e4ngern und erfahrenen Profis gleicherma\u00dfen.<\/p>\n<p><strong>Hohe Speicherkapazit\u00e4t f\u00fcr hochaufl\u00f6sende Aufnahmen<\/strong><\/p>\n<p> Mit einer Speicherkapazit\u00e4t von bis zu 1 TB erm\u00f6glicht der DJI PROSSD den Nutzern, gro\u00dfe Mengen an Videomaterial in atemberaubender 8K-Aufl\u00f6sung aufzunehmen, ohne sich um unzureichenden Speicherplatz sorgen zu m\u00fcssen. Diese F\u00e4higkeit ist besonders vorteilhaft f\u00fcr Filmemacher und Produzenten von Inhalten, die die M\u00f6glichkeit ben\u00f6tigen, lange Sessions oder mehrere Aufnahmen in der h\u00f6chstm\u00f6glichen Qualit\u00e4t aufzunehmen.<\/p>\n<p><strong>Nahtlose Integration mit PROSSD-Montage<\/strong><\/p>\n<p> Die nahtlose Integration zwischen dem DJI PROSSD 1TB und dem PROSSD Mount-Zubeh\u00f6r sorgt f\u00fcr einen problemlosen Installationsprozess, so dass die Benutzer das Speicherlaufwerk schnell an den DJI Ronin 4D-Kamerastabilisator anschlie\u00dfen k\u00f6nnen. Dieses effiziente Design erleichtert einen ununterbrochenen Arbeitsablauf, so dass sich Kreative auf ihre k\u00fcnstlerische Vision konzentrieren k\u00f6nnen, anstatt sich mit l\u00e4stigen technischen Details zu besch\u00e4ftigen.<\/p>\n<p><strong>Ideal f\u00fcr Anf\u00e4nger und Experten<\/strong><\/p>\n<p> Ganz gleich, ob Sie gerade erst mit der hochaufl\u00f6senden Videoaufzeichnung beginnen oder ein erfahrener Experte auf der Suche nach h\u00f6chster Qualit\u00e4t f\u00fcr Ihre professionellen Projekte sind, die DJI PROSSD 1TB bietet eine vielseitige L\u00f6sung. Seine Benutzerfreundlichkeit und \u00fcberragende Leistung machen ihn zur idealen Wahl f\u00fcr jeden, der die Grenzen des M\u00f6glichen in der Videoproduktion erweitern m\u00f6chte.<\/p>\n<p><\/p>","protected":false},"excerpt":{"rendered":"<ul>\n<li>Kompatibel mit PROSSD-Halterung<\/li>\n<li> 1TB Kapazit\u00e4t<\/li>\n<li> Installierbar auf DJI Ronin 4D<\/li>\n<li> Unterst\u00fctzt 8K-Videoaufnahmen<\/li>\n<\/ul>","protected":false},"featured_media":4096,"template":"","meta":{"_acf_changed":false},"product_brand":[],"product_cat":[97,265,532],"product_tag":[],"class_list":{"0":"post-4099","1":"product","2":"type-product","3":"status-publish","4":"has-post-thumbnail","6":"product_cat-alle-producten","7":"product_cat-dji-ronin","8":"product_cat-dji-ronin-4d","9":"product_shipping_class-outofstock","10":"pa_brand-dji","11":"pa_productfamily-mount","12":"pa_producttype-mount","14":"first","15":"outofstock","16":"taxable","17":"shipping-taxable","18":"purchasable","19":"product-type-simple"},"acf":[],"yoast_head":"<!-- This site is optimized with the Yoast SEO Premium plugin v27.2 (Yoast SEO v27.2) - https:\/\/yoast.com\/product\/yoast-seo-premium-wordpress\/ -->\n<title>DJI PROSSD Mount - koningdrone.be<\/title>\n<meta name=\"robots\" content=\"index, follow, max-snippet:-1, max-image-preview:large, max-video-preview:-1\" \/>\n<link rel=\"canonical\" href=\"https:\/\/koningdrone.be\/de\/produkt\/dji-prossd-mount\/\" \/>\n<meta property=\"og:locale\" content=\"de_DE\" \/>\n<meta property=\"og:type\" content=\"article\" \/>\n<meta property=\"og:title\" content=\"DJI PROSSD Mount\" \/>\n<meta property=\"og:description\" content=\"Compatibel met PROSSD-houder 1TB capaciteit Installeerbaar op DJI Ronin 4D Ondersteunt 8K-video-opname\" \/>\n<meta property=\"og:url\" content=\"https:\/\/koningdrone.be\/de\/produkt\/dji-prossd-mount\/\" \/>\n<meta property=\"og:site_name\" content=\"koningdrone.be\" \/>\n<meta property=\"article:modified_time\" content=\"2026-04-29T13:40:51+00:00\" \/>\n<meta property=\"og:image\" content=\"https:\/\/koningdrone.be\/wp-content\/uploads\/sites\/13\/2025\/04\/4ebc8981569d567eb3b3422be2c03109@large.jpg\" \/>\n\t<meta property=\"og:image:width\" content=\"1200\" \/>\n\t<meta property=\"og:image:height\" content=\"800\" \/>\n\t<meta property=\"og:image:type\" content=\"image\/jpeg\" \/>\n<meta name=\"twitter:card\" content=\"summary_large_image\" \/>\n<meta name=\"twitter:label1\" content=\"Gesch\u00e4tzte Lesezeit\" \/>\n\t<meta name=\"twitter:data1\" content=\"1\u00a0Minute\" \/>\n<script type=\"application\/ld+json\" class=\"yoast-schema-graph\">{\"@context\":\"https:\/\/schema.org\",\"@graph\":[{\"@type\":\"WebPage\",\"@id\":\"https:\/\/koningdrone.be\/product\/dji-prossd-mount\/\",\"url\":\"https:\/\/koningdrone.be\/product\/dji-prossd-mount\/\",\"name\":\"DJI PROSSD Mount - koningdrone.be\",\"isPartOf\":{\"@id\":\"https:\/\/koningdrone.be\/#website\"},\"primaryImageOfPage\":{\"@id\":\"https:\/\/koningdrone.be\/product\/dji-prossd-mount\/#primaryimage\"},\"image\":{\"@id\":\"https:\/\/koningdrone.be\/product\/dji-prossd-mount\/#primaryimage\"},\"thumbnailUrl\":\"https:\/\/koningdrone.be\/wp-content\/uploads\/sites\/13\/2025\/04\/4ebc8981569d567eb3b3422be2c03109@large.jpg\",\"datePublished\":\"2024-03-13T14:34:29+00:00\",\"dateModified\":\"2026-04-29T13:40:51+00:00\",\"breadcrumb\":{\"@id\":\"https:\/\/koningdrone.be\/product\/dji-prossd-mount\/#breadcrumb\"},\"inLanguage\":\"de\",\"potentialAction\":[{\"@type\":\"ReadAction\",\"target\":[\"https:\/\/koningdrone.be\/product\/dji-prossd-mount\/\"]}]},{\"@type\":\"ImageObject\",\"inLanguage\":\"de\",\"@id\":\"https:\/\/koningdrone.be\/product\/dji-prossd-mount\/#primaryimage\",\"url\":\"https:\/\/koningdrone.be\/wp-content\/uploads\/sites\/13\/2025\/04\/4ebc8981569d567eb3b3422be2c03109@large.jpg\",\"contentUrl\":\"https:\/\/koningdrone.be\/wp-content\/uploads\/sites\/13\/2025\/04\/4ebc8981569d567eb3b3422be2c03109@large.jpg\",\"width\":1200,\"height\":800},{\"@type\":\"BreadcrumbList\",\"@id\":\"https:\/\/koningdrone.be\/product\/dji-prossd-mount\/#breadcrumb\",\"itemListElement\":[{\"@type\":\"ListItem\",\"position\":1,\"name\":\"Home\",\"item\":\"https:\/\/koningdrone.be\/\"},{\"@type\":\"ListItem\",\"position\":2,\"name\":\"AVSS Parachute Recovery System for DJI Matrice 300\/350\",\"item\":\"https:\/\/koningdrone.be\/product\/avss-parachute-recovery-system-for-dji-matrice-300-350\/\"},{\"@type\":\"ListItem\",\"position\":3,\"name\":\"Alle producten\",\"item\":\"https:\/\/koningdrone.be\/categorie\/alle-producten\/\"},{\"@type\":\"ListItem\",\"position\":4,\"name\":\"DJI PROSSD Mount\"}]},{\"@type\":\"WebSite\",\"@id\":\"https:\/\/koningdrone.be\/#website\",\"url\":\"https:\/\/koningdrone.be\/\",\"name\":\"Koningdrone.be - Uw online specialist in drones, gimbals, camera's en power stations.\",\"description\":\"De webshop in drones en gimbals\",\"publisher\":{\"@id\":\"https:\/\/koningdrone.be\/#organization\"},\"potentialAction\":[{\"@type\":\"SearchAction\",\"target\":{\"@type\":\"EntryPoint\",\"urlTemplate\":\"https:\/\/koningdrone.be\/?s={search_term_string}\"},\"query-input\":{\"@type\":\"PropertyValueSpecification\",\"valueRequired\":true,\"valueName\":\"search_term_string\"}}],\"inLanguage\":\"de\"},{\"@type\":\"Organization\",\"@id\":\"https:\/\/koningdrone.be\/#organization\",\"name\":\"Koningdrone.be\",\"url\":\"https:\/\/koningdrone.be\/\",\"logo\":{\"@type\":\"ImageObject\",\"inLanguage\":\"de\",\"@id\":\"https:\/\/koningdrone.be\/#\/schema\/logo\/image\/\",\"url\":\"https:\/\/koningdrone.be\/wp-content\/uploads\/sites\/13\/2025\/04\/koningdrone-copyright-logo.svg\",\"contentUrl\":\"https:\/\/koningdrone.be\/wp-content\/uploads\/sites\/13\/2025\/04\/koningdrone-copyright-logo.svg\",\"width\":227,\"height\":38,\"caption\":\"Koningdrone.be\"},\"image\":{\"@id\":\"https:\/\/koningdrone.be\/#\/schema\/logo\/image\/\"}}]}<\/script>\n<!-- \/ Yoast SEO Premium plugin. -->","yoast_head_json":{"title":"DJI PROSSD Mount - koningdrone.be","robots":{"index":"index","follow":"follow","max-snippet":"max-snippet:-1","max-image-preview":"max-image-preview:large","max-video-preview":"max-video-preview:-1"},"canonical":"https:\/\/koningdrone.be\/de\/produkt\/dji-prossd-mount\/","og_locale":"de_DE","og_type":"article","og_title":"DJI PROSSD Mount","og_description":"Compatibel met PROSSD-houder 1TB capaciteit Installeerbaar op DJI Ronin 4D Ondersteunt 8K-video-opname","og_url":"https:\/\/koningdrone.be\/de\/produkt\/dji-prossd-mount\/","og_site_name":"koningdrone.be","article_modified_time":"2026-04-29T13:40:51+00:00","og_image":[{"width":1200,"height":800,"url":"https:\/\/koningdrone.be\/wp-content\/uploads\/sites\/13\/2025\/04\/4ebc8981569d567eb3b3422be2c03109@large.jpg","type":"image\/jpeg"}],"twitter_card":"summary_large_image","twitter_misc":{"Gesch\u00e4tzte Lesezeit":"1\u00a0Minute"},"schema":{"@context":"https:\/\/schema.org","@graph":[{"@type":"WebPage","@id":"https:\/\/koningdrone.be\/product\/dji-prossd-mount\/","url":"https:\/\/koningdrone.be\/product\/dji-prossd-mount\/","name":"DJI PROSSD Mount - koningdrone.be","isPartOf":{"@id":"https:\/\/koningdrone.be\/#website"},"primaryImageOfPage":{"@id":"https:\/\/koningdrone.be\/product\/dji-prossd-mount\/#primaryimage"},"image":{"@id":"https:\/\/koningdrone.be\/product\/dji-prossd-mount\/#primaryimage"},"thumbnailUrl":"https:\/\/koningdrone.be\/wp-content\/uploads\/sites\/13\/2025\/04\/4ebc8981569d567eb3b3422be2c03109@large.jpg","datePublished":"2024-03-13T14:34:29+00:00","dateModified":"2026-04-29T13:40:51+00:00","breadcrumb":{"@id":"https:\/\/koningdrone.be\/product\/dji-prossd-mount\/#breadcrumb"},"inLanguage":"de","potentialAction":[{"@type":"ReadAction","target":["https:\/\/koningdrone.be\/product\/dji-prossd-mount\/"]}]},{"@type":"ImageObject","inLanguage":"de","@id":"https:\/\/koningdrone.be\/product\/dji-prossd-mount\/#primaryimage","url":"https:\/\/koningdrone.be\/wp-content\/uploads\/sites\/13\/2025\/04\/4ebc8981569d567eb3b3422be2c03109@large.jpg","contentUrl":"https:\/\/koningdrone.be\/wp-content\/uploads\/sites\/13\/2025\/04\/4ebc8981569d567eb3b3422be2c03109@large.jpg","width":1200,"height":800},{"@type":"BreadcrumbList","@id":"https:\/\/koningdrone.be\/product\/dji-prossd-mount\/#breadcrumb","itemListElement":[{"@type":"ListItem","position":1,"name":"Home","item":"https:\/\/koningdrone.be\/"},{"@type":"ListItem","position":2,"name":"AVSS Parachute Recovery System for DJI Matrice 300\/350","item":"https:\/\/koningdrone.be\/product\/avss-parachute-recovery-system-for-dji-matrice-300-350\/"},{"@type":"ListItem","position":3,"name":"Alle producten","item":"https:\/\/koningdrone.be\/categorie\/alle-producten\/"},{"@type":"ListItem","position":4,"name":"DJI PROSSD Mount"}]},{"@type":"WebSite","@id":"https:\/\/koningdrone.be\/#website","url":"https:\/\/koningdrone.be\/","name":"Koningdrone.be - Ihr Online-Spezialist f\u00fcr Drohnen, Gimbals, Kameras und Kraftwerke.","description":"Der Webshop f\u00fcr Drohnen und Gimbals","publisher":{"@id":"https:\/\/koningdrone.be\/#organization"},"potentialAction":[{"@type":"SearchAction","target":{"@type":"EntryPoint","urlTemplate":"https:\/\/koningdrone.be\/?s={search_term_string}"},"query-input":{"@type":"PropertyValueSpecification","valueRequired":true,"valueName":"search_term_string"}}],"inLanguage":"de"},{"@type":"Organization","@id":"https:\/\/koningdrone.be\/#organization","name":"Kingdrone.de","url":"https:\/\/koningdrone.be\/","logo":{"@type":"ImageObject","inLanguage":"de","@id":"https:\/\/koningdrone.be\/#\/schema\/logo\/image\/","url":"https:\/\/koningdrone.be\/wp-content\/uploads\/sites\/13\/2025\/04\/koningdrone-copyright-logo.svg","contentUrl":"https:\/\/koningdrone.be\/wp-content\/uploads\/sites\/13\/2025\/04\/koningdrone-copyright-logo.svg","width":227,"height":38,"caption":"Koningdrone.be"},"image":{"@id":"https:\/\/koningdrone.be\/#\/schema\/logo\/image\/"}}]}},"df_price":169,"df_sale_price":"","df_regular_price":169,"df_image_link":"https:\/\/koningdrone.be\/wp-content\/uploads\/sites\/13\/2025\/04\/4ebc8981569d567eb3b3422be2c03109@large-300x200.jpg","_links":{"self":[{"href":"https:\/\/koningdrone.be\/de\/wp-json\/wp\/v2\/product\/4099","targetHints":{"allow":["GET"]}}],"collection":[{"href":"https:\/\/koningdrone.be\/de\/wp-json\/wp\/v2\/product"}],"about":[{"href":"https:\/\/koningdrone.be\/de\/wp-json\/wp\/v2\/types\/product"}],"wp:featuredmedia":[{"embeddable":true,"href":"https:\/\/koningdrone.be\/de\/wp-json\/wp\/v2\/media\/4096"}],"wp:attachment":[{"href":"https:\/\/koningdrone.be\/de\/wp-json\/wp\/v2\/media?parent=4099"}],"wp:term":[{"taxonomy":"product_brand","embeddable":true,"href":"https:\/\/koningdrone.be\/de\/wp-json\/wp\/v2\/product_brand?post=4099"},{"taxonomy":"product_cat","embeddable":true,"href":"https:\/\/koningdrone.be\/de\/wp-json\/wp\/v2\/product_cat?post=4099"},{"taxonomy":"product_tag","embeddable":true,"href":"https:\/\/koningdrone.be\/de\/wp-json\/wp\/v2\/product_tag?post=4099"}],"curies":[{"name":"wp","href":"https:\/\/api.w.org\/{rel}","templated":true}]}}