{"id":4095,"date":"2024-03-13T15:34:29","date_gmt":"2024-03-13T14:34:29","guid":{"rendered":"https:\/\/koningdrone.nl\/kon\/product\/dji-prossd-1tb\/"},"modified":"2026-05-01T14:50:05","modified_gmt":"2026-05-01T12:50:05","slug":"dji-prossd-1tb","status":"publish","type":"product","link":"https:\/\/koningdrone.be\/de\/produkt\/dji-prossd-1tb\/","title":{"rendered":"DJI PROSSD 1TB"},"content":{"rendered":"<p><strong>Schnelle Daten\u00fcbertragung<\/strong><\/p>\n<p> Dieses Produkt ist f\u00fcr die schnelle Aufnahme und Speicherung von Videoinhalten mit einer maximalen Lesegeschwindigkeit von 900 Megabyte pro Sekunde (MBps) ausgelegt. Das bedeutet, dass es hochwertige Videos unterschiedlicher Art und Gr\u00f6\u00dfe schnell speichern und \u00fcbertragen kann.<\/p>\n<p><strong>Nahtlose Konnektivit\u00e4t<\/strong><\/p>\n<p> F\u00fcr zus\u00e4tzlichen Komfort ist sie mit einem USB-C-auf-USB-C-Kabel ausgestattet, sodass Sie Ihre Videos direkt an einen Computer anschlie\u00dfen und darauf zugreifen k\u00f6nnen, ohne dass ein zus\u00e4tzlicher Kartenleser erforderlich ist.<\/p>\n<p><strong>Vielseitiger Einsatz<\/strong><\/p>\n<p> Egal, ob Sie ein Anf\u00e4nger sind, der pers\u00f6nliche Erinnerungen speichern m\u00f6chte, oder ein Experte, der professionelles Filmmaterial verwaltet, dieses Produkt bietet eine nahtlose und effiziente L\u00f6sung f\u00fcr die Verwaltung Ihrer Videodateien.<\/p>\n<p><\/p>","protected":false},"excerpt":{"rendered":"<ul>\n<li>Maximale Lesegeschwindigkeit von 900 MBps<\/li>\n<li> Unterst\u00fctzt die Aufnahme und Speicherung verschiedener Videospezifikationen<\/li>\n<li> Direkter Computeranschluss mit USB-C-auf-USB-C-Kabel<\/li>\n<li> Kein Kartenleser erforderlich<\/li>\n<\/ul>","protected":false},"featured_media":4093,"template":"","meta":{"_acf_changed":false},"product_brand":[],"product_cat":[814,97,586],"product_tag":[],"class_list":{"0":"post-4095","1":"product","2":"type-product","3":"status-publish","4":"has-post-thumbnail","6":"product_cat-alle-opslag","7":"product_cat-alle-producten","8":"product_cat-dji","9":"product_shipping_class-outofstock","10":"pa_brand-dji","11":"pa_productfamily-ssd","12":"pa_producttype-ssd","14":"first","15":"outofstock","16":"taxable","17":"shipping-taxable","18":"purchasable","19":"product-type-simple"},"acf":[],"yoast_head":"<!-- This site is optimized with the Yoast SEO Premium plugin v27.2 (Yoast SEO v27.2) - https:\/\/yoast.com\/product\/yoast-seo-premium-wordpress\/ -->\n<title>DJI PROSSD 1TB - koningdrone.be<\/title>\n<meta name=\"robots\" content=\"index, follow, max-snippet:-1, max-image-preview:large, max-video-preview:-1\" \/>\n<link rel=\"canonical\" href=\"https:\/\/koningdrone.be\/de\/produkt\/dji-prossd-1tb\/\" \/>\n<meta property=\"og:locale\" content=\"de_DE\" \/>\n<meta property=\"og:type\" content=\"article\" \/>\n<meta property=\"og:title\" content=\"DJI PROSSD 1TB\" \/>\n<meta property=\"og:description\" content=\"Maximale leessnelheid van 900MBps Ondersteunt het opnemen en opslaan van verschillende videospecificaties Directe computerverbinding met USB-C naar USB-C-kabel Geen kaartlezer nodig\" \/>\n<meta property=\"og:url\" content=\"https:\/\/koningdrone.be\/de\/produkt\/dji-prossd-1tb\/\" \/>\n<meta property=\"og:site_name\" content=\"koningdrone.be\" \/>\n<meta property=\"article:modified_time\" content=\"2026-05-01T12:50:05+00:00\" \/>\n<meta property=\"og:image\" content=\"https:\/\/koningdrone.be\/wp-content\/uploads\/sites\/13\/2025\/04\/7cf11474c7eac2995b056b17489984a0@large.jpg\" \/>\n\t<meta property=\"og:image:width\" content=\"1200\" \/>\n\t<meta property=\"og:image:height\" content=\"800\" \/>\n\t<meta property=\"og:image:type\" content=\"image\/jpeg\" \/>\n<meta name=\"twitter:card\" content=\"summary_large_image\" \/>\n<meta name=\"twitter:label1\" content=\"Gesch\u00e4tzte Lesezeit\" \/>\n\t<meta name=\"twitter:data1\" content=\"1\u00a0Minute\" \/>\n<script type=\"application\/ld+json\" class=\"yoast-schema-graph\">{\"@context\":\"https:\/\/schema.org\",\"@graph\":[{\"@type\":\"WebPage\",\"@id\":\"https:\/\/koningdrone.be\/product\/dji-prossd-1tb\/\",\"url\":\"https:\/\/koningdrone.be\/product\/dji-prossd-1tb\/\",\"name\":\"DJI PROSSD 1TB - koningdrone.be\",\"isPartOf\":{\"@id\":\"https:\/\/koningdrone.be\/#website\"},\"primaryImageOfPage\":{\"@id\":\"https:\/\/koningdrone.be\/product\/dji-prossd-1tb\/#primaryimage\"},\"image\":{\"@id\":\"https:\/\/koningdrone.be\/product\/dji-prossd-1tb\/#primaryimage\"},\"thumbnailUrl\":\"https:\/\/koningdrone.be\/wp-content\/uploads\/sites\/13\/2025\/04\/7cf11474c7eac2995b056b17489984a0@large.jpg\",\"datePublished\":\"2024-03-13T14:34:29+00:00\",\"dateModified\":\"2026-05-01T12:50:05+00:00\",\"breadcrumb\":{\"@id\":\"https:\/\/koningdrone.be\/product\/dji-prossd-1tb\/#breadcrumb\"},\"inLanguage\":\"de\",\"potentialAction\":[{\"@type\":\"ReadAction\",\"target\":[\"https:\/\/koningdrone.be\/product\/dji-prossd-1tb\/\"]}]},{\"@type\":\"ImageObject\",\"inLanguage\":\"de\",\"@id\":\"https:\/\/koningdrone.be\/product\/dji-prossd-1tb\/#primaryimage\",\"url\":\"https:\/\/koningdrone.be\/wp-content\/uploads\/sites\/13\/2025\/04\/7cf11474c7eac2995b056b17489984a0@large.jpg\",\"contentUrl\":\"https:\/\/koningdrone.be\/wp-content\/uploads\/sites\/13\/2025\/04\/7cf11474c7eac2995b056b17489984a0@large.jpg\",\"width\":1200,\"height\":800},{\"@type\":\"BreadcrumbList\",\"@id\":\"https:\/\/koningdrone.be\/product\/dji-prossd-1tb\/#breadcrumb\",\"itemListElement\":[{\"@type\":\"ListItem\",\"position\":1,\"name\":\"Home\",\"item\":\"https:\/\/koningdrone.be\/\"},{\"@type\":\"ListItem\",\"position\":2,\"name\":\"AVSS Parachute Recovery System for DJI Matrice 300\/350\",\"item\":\"https:\/\/koningdrone.be\/product\/avss-parachute-recovery-system-for-dji-matrice-300-350\/\"},{\"@type\":\"ListItem\",\"position\":3,\"name\":\"Alle opslag\",\"item\":\"https:\/\/koningdrone.be\/categorie\/alle-opslag\/\"},{\"@type\":\"ListItem\",\"position\":4,\"name\":\"DJI PROSSD 1TB\"}]},{\"@type\":\"WebSite\",\"@id\":\"https:\/\/koningdrone.be\/#website\",\"url\":\"https:\/\/koningdrone.be\/\",\"name\":\"Koningdrone.be - Uw online specialist in drones, gimbals, camera's en power stations.\",\"description\":\"De webshop in drones en gimbals\",\"publisher\":{\"@id\":\"https:\/\/koningdrone.be\/#organization\"},\"potentialAction\":[{\"@type\":\"SearchAction\",\"target\":{\"@type\":\"EntryPoint\",\"urlTemplate\":\"https:\/\/koningdrone.be\/?s={search_term_string}\"},\"query-input\":{\"@type\":\"PropertyValueSpecification\",\"valueRequired\":true,\"valueName\":\"search_term_string\"}}],\"inLanguage\":\"de\"},{\"@type\":\"Organization\",\"@id\":\"https:\/\/koningdrone.be\/#organization\",\"name\":\"Koningdrone.be\",\"url\":\"https:\/\/koningdrone.be\/\",\"logo\":{\"@type\":\"ImageObject\",\"inLanguage\":\"de\",\"@id\":\"https:\/\/koningdrone.be\/#\/schema\/logo\/image\/\",\"url\":\"https:\/\/koningdrone.be\/wp-content\/uploads\/sites\/13\/2025\/04\/koningdrone-copyright-logo.svg\",\"contentUrl\":\"https:\/\/koningdrone.be\/wp-content\/uploads\/sites\/13\/2025\/04\/koningdrone-copyright-logo.svg\",\"width\":227,\"height\":38,\"caption\":\"Koningdrone.be\"},\"image\":{\"@id\":\"https:\/\/koningdrone.be\/#\/schema\/logo\/image\/\"}}]}<\/script>\n<!-- \/ Yoast SEO Premium plugin. -->","yoast_head_json":{"title":"DJI PROSSD 1TB - koningdrone.be","robots":{"index":"index","follow":"follow","max-snippet":"max-snippet:-1","max-image-preview":"max-image-preview:large","max-video-preview":"max-video-preview:-1"},"canonical":"https:\/\/koningdrone.be\/de\/produkt\/dji-prossd-1tb\/","og_locale":"de_DE","og_type":"article","og_title":"DJI PROSSD 1TB","og_description":"Maximale leessnelheid van 900MBps Ondersteunt het opnemen en opslaan van verschillende videospecificaties Directe computerverbinding met USB-C naar USB-C-kabel Geen kaartlezer nodig","og_url":"https:\/\/koningdrone.be\/de\/produkt\/dji-prossd-1tb\/","og_site_name":"koningdrone.be","article_modified_time":"2026-05-01T12:50:05+00:00","og_image":[{"width":1200,"height":800,"url":"https:\/\/koningdrone.be\/wp-content\/uploads\/sites\/13\/2025\/04\/7cf11474c7eac2995b056b17489984a0@large.jpg","type":"image\/jpeg"}],"twitter_card":"summary_large_image","twitter_misc":{"Gesch\u00e4tzte Lesezeit":"1\u00a0Minute"},"schema":{"@context":"https:\/\/schema.org","@graph":[{"@type":"WebPage","@id":"https:\/\/koningdrone.be\/product\/dji-prossd-1tb\/","url":"https:\/\/koningdrone.be\/product\/dji-prossd-1tb\/","name":"DJI PROSSD 1TB - koningdrone.be","isPartOf":{"@id":"https:\/\/koningdrone.be\/#website"},"primaryImageOfPage":{"@id":"https:\/\/koningdrone.be\/product\/dji-prossd-1tb\/#primaryimage"},"image":{"@id":"https:\/\/koningdrone.be\/product\/dji-prossd-1tb\/#primaryimage"},"thumbnailUrl":"https:\/\/koningdrone.be\/wp-content\/uploads\/sites\/13\/2025\/04\/7cf11474c7eac2995b056b17489984a0@large.jpg","datePublished":"2024-03-13T14:34:29+00:00","dateModified":"2026-05-01T12:50:05+00:00","breadcrumb":{"@id":"https:\/\/koningdrone.be\/product\/dji-prossd-1tb\/#breadcrumb"},"inLanguage":"de","potentialAction":[{"@type":"ReadAction","target":["https:\/\/koningdrone.be\/product\/dji-prossd-1tb\/"]}]},{"@type":"ImageObject","inLanguage":"de","@id":"https:\/\/koningdrone.be\/product\/dji-prossd-1tb\/#primaryimage","url":"https:\/\/koningdrone.be\/wp-content\/uploads\/sites\/13\/2025\/04\/7cf11474c7eac2995b056b17489984a0@large.jpg","contentUrl":"https:\/\/koningdrone.be\/wp-content\/uploads\/sites\/13\/2025\/04\/7cf11474c7eac2995b056b17489984a0@large.jpg","width":1200,"height":800},{"@type":"BreadcrumbList","@id":"https:\/\/koningdrone.be\/product\/dji-prossd-1tb\/#breadcrumb","itemListElement":[{"@type":"ListItem","position":1,"name":"Home","item":"https:\/\/koningdrone.be\/"},{"@type":"ListItem","position":2,"name":"AVSS Parachute Recovery System for DJI Matrice 300\/350","item":"https:\/\/koningdrone.be\/product\/avss-parachute-recovery-system-for-dji-matrice-300-350\/"},{"@type":"ListItem","position":3,"name":"Alle opslag","item":"https:\/\/koningdrone.be\/categorie\/alle-opslag\/"},{"@type":"ListItem","position":4,"name":"DJI PROSSD 1TB"}]},{"@type":"WebSite","@id":"https:\/\/koningdrone.be\/#website","url":"https:\/\/koningdrone.be\/","name":"Koningdrone.be - Ihr Online-Spezialist f\u00fcr Drohnen, Gimbals, Kameras und Kraftwerke.","description":"Der Webshop f\u00fcr Drohnen und Gimbals","publisher":{"@id":"https:\/\/koningdrone.be\/#organization"},"potentialAction":[{"@type":"SearchAction","target":{"@type":"EntryPoint","urlTemplate":"https:\/\/koningdrone.be\/?s={search_term_string}"},"query-input":{"@type":"PropertyValueSpecification","valueRequired":true,"valueName":"search_term_string"}}],"inLanguage":"de"},{"@type":"Organization","@id":"https:\/\/koningdrone.be\/#organization","name":"Kingdrone.de","url":"https:\/\/koningdrone.be\/","logo":{"@type":"ImageObject","inLanguage":"de","@id":"https:\/\/koningdrone.be\/#\/schema\/logo\/image\/","url":"https:\/\/koningdrone.be\/wp-content\/uploads\/sites\/13\/2025\/04\/koningdrone-copyright-logo.svg","contentUrl":"https:\/\/koningdrone.be\/wp-content\/uploads\/sites\/13\/2025\/04\/koningdrone-copyright-logo.svg","width":227,"height":38,"caption":"Koningdrone.be"},"image":{"@id":"https:\/\/koningdrone.be\/#\/schema\/logo\/image\/"}}]}},"df_price":749,"df_sale_price":"","df_regular_price":749,"df_image_link":"https:\/\/koningdrone.be\/wp-content\/uploads\/sites\/13\/2025\/04\/7cf11474c7eac2995b056b17489984a0@large-300x200.jpg","_links":{"self":[{"href":"https:\/\/koningdrone.be\/de\/wp-json\/wp\/v2\/product\/4095","targetHints":{"allow":["GET"]}}],"collection":[{"href":"https:\/\/koningdrone.be\/de\/wp-json\/wp\/v2\/product"}],"about":[{"href":"https:\/\/koningdrone.be\/de\/wp-json\/wp\/v2\/types\/product"}],"wp:featuredmedia":[{"embeddable":true,"href":"https:\/\/koningdrone.be\/de\/wp-json\/wp\/v2\/media\/4093"}],"wp:attachment":[{"href":"https:\/\/koningdrone.be\/de\/wp-json\/wp\/v2\/media?parent=4095"}],"wp:term":[{"taxonomy":"product_brand","embeddable":true,"href":"https:\/\/koningdrone.be\/de\/wp-json\/wp\/v2\/product_brand?post=4095"},{"taxonomy":"product_cat","embeddable":true,"href":"https:\/\/koningdrone.be\/de\/wp-json\/wp\/v2\/product_cat?post=4095"},{"taxonomy":"product_tag","embeddable":true,"href":"https:\/\/koningdrone.be\/de\/wp-json\/wp\/v2\/product_tag?post=4095"}],"curies":[{"name":"wp","href":"https:\/\/api.w.org\/{rel}","templated":true}]}}