{"id":4092,"date":"2024-03-13T15:34:29","date_gmt":"2024-03-13T15:34:29","guid":{"rendered":"https:\/\/koningdrone.nl\/kon\/product\/dji-pro-backpack\/"},"modified":"2025-04-29T12:04:02","modified_gmt":"2025-04-29T12:04:02","slug":"dji-pro-backpack","status":"publish","type":"product","link":"https:\/\/koningdrone.be\/de\/produkt\/dji-pro-backpack\/","title":{"rendered":"DJI Pro Rucksack"},"content":{"rendered":"<p><strong>Gro\u00dfz\u00fcgige Kapazit\u00e4t<\/strong><\/p>\n<p> Dieses Produkt verf\u00fcgt \u00fcber ein gro\u00dfz\u00fcgiges Fassungsverm\u00f6gen, so dass Sie mehr Dinge einpacken k\u00f6nnen und dank der flexiblen Aufbewahrungsm\u00f6glichkeiten die Organisation beibehalten.<\/p>\n<p><strong>Sicheres und zug\u00e4ngliches Design<\/strong><\/p>\n<p> Der aufrollbare Deckel und das magnetische Design sorgen daf\u00fcr, dass Ihre Sachen sicher und leicht zug\u00e4nglich sind.<\/p>\n<p><strong>Praktische Seitentaschen<\/strong><\/p>\n<p> Zus\u00e4tzlichen Komfort bieten die Seitentaschen, die sich perfekt f\u00fcr Gegenst\u00e4nde eignen, die Sie schnell erreichen m\u00fcssen.<\/p>\n<p><strong>Komfort und Stabilit\u00e4t<\/strong><\/p>\n<p> Der breite Schultergurt sorgt f\u00fcr Komfort und Stabilit\u00e4t auf Reisen.<\/p>\n<p><strong>Kompatibilit\u00e4t mit Koffern<\/strong><\/p>\n<p> Und wer mit einem Koffer reist, kann dieses Produkt ganz einfach an jedem Handgep\u00e4ckst\u00fcck mit einer Gr\u00f6\u00dfe von 20 Zoll oder weniger befestigen, was das Reisen noch angenehmer und reibungsloser macht.<\/p>\n<p><\/p>","protected":false},"excerpt":{"rendered":"<ul>\n<li>Gro\u00dfe Kapazit\u00e4t, flexible Lagerung<\/li>\n<li> Roll-Top, magnetisches Design f\u00fcr sicheren Zugang<\/li>\n<li> Seitentaschen f\u00fcr leichten Zugang<\/li>\n<li> Breiter Schultergurt f\u00fcr mehr Komfort<\/li>\n<li> Kann an einem Koffer von 20 Zoll oder kleiner befestigt werden<\/li>\n<\/ul>","protected":false},"featured_media":4090,"template":"","meta":{"_acf_changed":false},"product_brand":[],"product_cat":[97,201,738],"product_tag":[],"class_list":{"0":"post-4092","1":"product","2":"type-product","3":"status-publish","4":"has-post-thumbnail","6":"product_cat-alle-producten","7":"product_cat-alle-tassen-en-koffers","8":"product_cat-dji-accessoires","9":"pa_brand-dji","10":"pa_productfamily-tas","11":"pa_producttype-tas","13":"first","14":"instock","15":"taxable","16":"shipping-taxable","17":"product-type-simple"},"acf":[],"yoast_head":"<!-- This site is optimized with the Yoast SEO Premium plugin v27.2 (Yoast SEO v27.2) - https:\/\/yoast.com\/product\/yoast-seo-premium-wordpress\/ -->\n<title>DJI Pro Backpack - koningdrone.be<\/title>\n<meta name=\"robots\" content=\"index, follow, max-snippet:-1, max-image-preview:large, max-video-preview:-1\" \/>\n<link rel=\"canonical\" href=\"https:\/\/koningdrone.be\/de\/produkt\/dji-pro-backpack\/\" \/>\n<meta property=\"og:locale\" content=\"de_DE\" \/>\n<meta property=\"og:type\" content=\"article\" \/>\n<meta property=\"og:title\" content=\"DJI Pro Backpack\" \/>\n<meta property=\"og:description\" content=\"Grote capaciteit, flexibele opslag Roll-Top, magnetisch ontwerp voor veilige toegang Zijzakken voor gemakkelijke toegang Brede schouderband voor comfort Kan worden bevestigd aan een koffer van 20 inch of kleiner\" \/>\n<meta property=\"og:url\" content=\"https:\/\/koningdrone.be\/de\/produkt\/dji-pro-backpack\/\" \/>\n<meta property=\"og:site_name\" content=\"koningdrone.be\" \/>\n<meta property=\"article:modified_time\" content=\"2025-04-29T12:04:02+00:00\" \/>\n<meta property=\"og:image\" content=\"https:\/\/koningdrone.be\/wp-content\/uploads\/sites\/13\/2025\/04\/64d6f01a5db5c9a089616346391c08f2@large.jpg\" \/>\n\t<meta property=\"og:image:width\" content=\"1200\" \/>\n\t<meta property=\"og:image:height\" content=\"800\" \/>\n\t<meta property=\"og:image:type\" content=\"image\/jpeg\" \/>\n<meta name=\"twitter:card\" content=\"summary_large_image\" \/>\n<meta name=\"twitter:label1\" content=\"Gesch\u00e4tzte Lesezeit\" \/>\n\t<meta name=\"twitter:data1\" content=\"1\u00a0Minute\" \/>\n<script type=\"application\/ld+json\" class=\"yoast-schema-graph\">{\"@context\":\"https:\/\/schema.org\",\"@graph\":[{\"@type\":\"WebPage\",\"@id\":\"https:\/\/koningdrone.be\/product\/dji-pro-backpack\/\",\"url\":\"https:\/\/koningdrone.be\/product\/dji-pro-backpack\/\",\"name\":\"DJI Pro Backpack - koningdrone.be\",\"isPartOf\":{\"@id\":\"https:\/\/koningdrone.be\/#website\"},\"primaryImageOfPage\":{\"@id\":\"https:\/\/koningdrone.be\/product\/dji-pro-backpack\/#primaryimage\"},\"image\":{\"@id\":\"https:\/\/koningdrone.be\/product\/dji-pro-backpack\/#primaryimage\"},\"thumbnailUrl\":\"https:\/\/koningdrone.be\/wp-content\/uploads\/sites\/13\/2025\/04\/64d6f01a5db5c9a089616346391c08f2@large.jpg\",\"datePublished\":\"2024-03-13T15:34:29+00:00\",\"dateModified\":\"2025-04-29T12:04:02+00:00\",\"breadcrumb\":{\"@id\":\"https:\/\/koningdrone.be\/product\/dji-pro-backpack\/#breadcrumb\"},\"inLanguage\":\"de\",\"potentialAction\":[{\"@type\":\"ReadAction\",\"target\":[\"https:\/\/koningdrone.be\/product\/dji-pro-backpack\/\"]}]},{\"@type\":\"ImageObject\",\"inLanguage\":\"de\",\"@id\":\"https:\/\/koningdrone.be\/product\/dji-pro-backpack\/#primaryimage\",\"url\":\"https:\/\/koningdrone.be\/wp-content\/uploads\/sites\/13\/2025\/04\/64d6f01a5db5c9a089616346391c08f2@large.jpg\",\"contentUrl\":\"https:\/\/koningdrone.be\/wp-content\/uploads\/sites\/13\/2025\/04\/64d6f01a5db5c9a089616346391c08f2@large.jpg\",\"width\":1200,\"height\":800},{\"@type\":\"BreadcrumbList\",\"@id\":\"https:\/\/koningdrone.be\/product\/dji-pro-backpack\/#breadcrumb\",\"itemListElement\":[{\"@type\":\"ListItem\",\"position\":1,\"name\":\"Home\",\"item\":\"https:\/\/koningdrone.be\/\"},{\"@type\":\"ListItem\",\"position\":2,\"name\":\"AVSS Parachute Recovery System for DJI Matrice 300\/350\",\"item\":\"https:\/\/koningdrone.be\/product\/avss-parachute-recovery-system-for-dji-matrice-300-350\/\"},{\"@type\":\"ListItem\",\"position\":3,\"name\":\"Alle producten\",\"item\":\"https:\/\/koningdrone.be\/categorie\/alle-producten\/\"},{\"@type\":\"ListItem\",\"position\":4,\"name\":\"DJI Pro Backpack\"}]},{\"@type\":\"WebSite\",\"@id\":\"https:\/\/koningdrone.be\/#website\",\"url\":\"https:\/\/koningdrone.be\/\",\"name\":\"Koningdrone.be - Uw online specialist in drones, gimbals, camera's en power stations.\",\"description\":\"De webshop in drones en gimbals\",\"publisher\":{\"@id\":\"https:\/\/koningdrone.be\/#organization\"},\"potentialAction\":[{\"@type\":\"SearchAction\",\"target\":{\"@type\":\"EntryPoint\",\"urlTemplate\":\"https:\/\/koningdrone.be\/?s={search_term_string}\"},\"query-input\":{\"@type\":\"PropertyValueSpecification\",\"valueRequired\":true,\"valueName\":\"search_term_string\"}}],\"inLanguage\":\"de\"},{\"@type\":\"Organization\",\"@id\":\"https:\/\/koningdrone.be\/#organization\",\"name\":\"Koningdrone.be\",\"url\":\"https:\/\/koningdrone.be\/\",\"logo\":{\"@type\":\"ImageObject\",\"inLanguage\":\"de\",\"@id\":\"https:\/\/koningdrone.be\/#\/schema\/logo\/image\/\",\"url\":\"https:\/\/koningdrone.be\/wp-content\/uploads\/sites\/13\/2025\/04\/koningdrone-copyright-logo.svg\",\"contentUrl\":\"https:\/\/koningdrone.be\/wp-content\/uploads\/sites\/13\/2025\/04\/koningdrone-copyright-logo.svg\",\"width\":227,\"height\":38,\"caption\":\"Koningdrone.be\"},\"image\":{\"@id\":\"https:\/\/koningdrone.be\/#\/schema\/logo\/image\/\"}}]}<\/script>\n<!-- \/ Yoast SEO Premium plugin. -->","yoast_head_json":{"title":"DJI Pro Backpack - koningdrone.be","robots":{"index":"index","follow":"follow","max-snippet":"max-snippet:-1","max-image-preview":"max-image-preview:large","max-video-preview":"max-video-preview:-1"},"canonical":"https:\/\/koningdrone.be\/de\/produkt\/dji-pro-backpack\/","og_locale":"de_DE","og_type":"article","og_title":"DJI Pro Backpack","og_description":"Grote capaciteit, flexibele opslag Roll-Top, magnetisch ontwerp voor veilige toegang Zijzakken voor gemakkelijke toegang Brede schouderband voor comfort Kan worden bevestigd aan een koffer van 20 inch of kleiner","og_url":"https:\/\/koningdrone.be\/de\/produkt\/dji-pro-backpack\/","og_site_name":"koningdrone.be","article_modified_time":"2025-04-29T12:04:02+00:00","og_image":[{"width":1200,"height":800,"url":"https:\/\/koningdrone.be\/wp-content\/uploads\/sites\/13\/2025\/04\/64d6f01a5db5c9a089616346391c08f2@large.jpg","type":"image\/jpeg"}],"twitter_card":"summary_large_image","twitter_misc":{"Gesch\u00e4tzte Lesezeit":"1\u00a0Minute"},"schema":{"@context":"https:\/\/schema.org","@graph":[{"@type":"WebPage","@id":"https:\/\/koningdrone.be\/product\/dji-pro-backpack\/","url":"https:\/\/koningdrone.be\/product\/dji-pro-backpack\/","name":"DJI Pro Backpack - koningdrone.be","isPartOf":{"@id":"https:\/\/koningdrone.be\/#website"},"primaryImageOfPage":{"@id":"https:\/\/koningdrone.be\/product\/dji-pro-backpack\/#primaryimage"},"image":{"@id":"https:\/\/koningdrone.be\/product\/dji-pro-backpack\/#primaryimage"},"thumbnailUrl":"https:\/\/koningdrone.be\/wp-content\/uploads\/sites\/13\/2025\/04\/64d6f01a5db5c9a089616346391c08f2@large.jpg","datePublished":"2024-03-13T15:34:29+00:00","dateModified":"2025-04-29T12:04:02+00:00","breadcrumb":{"@id":"https:\/\/koningdrone.be\/product\/dji-pro-backpack\/#breadcrumb"},"inLanguage":"de","potentialAction":[{"@type":"ReadAction","target":["https:\/\/koningdrone.be\/product\/dji-pro-backpack\/"]}]},{"@type":"ImageObject","inLanguage":"de","@id":"https:\/\/koningdrone.be\/product\/dji-pro-backpack\/#primaryimage","url":"https:\/\/koningdrone.be\/wp-content\/uploads\/sites\/13\/2025\/04\/64d6f01a5db5c9a089616346391c08f2@large.jpg","contentUrl":"https:\/\/koningdrone.be\/wp-content\/uploads\/sites\/13\/2025\/04\/64d6f01a5db5c9a089616346391c08f2@large.jpg","width":1200,"height":800},{"@type":"BreadcrumbList","@id":"https:\/\/koningdrone.be\/product\/dji-pro-backpack\/#breadcrumb","itemListElement":[{"@type":"ListItem","position":1,"name":"Home","item":"https:\/\/koningdrone.be\/"},{"@type":"ListItem","position":2,"name":"AVSS Parachute Recovery System for DJI Matrice 300\/350","item":"https:\/\/koningdrone.be\/product\/avss-parachute-recovery-system-for-dji-matrice-300-350\/"},{"@type":"ListItem","position":3,"name":"Alle producten","item":"https:\/\/koningdrone.be\/categorie\/alle-producten\/"},{"@type":"ListItem","position":4,"name":"DJI Pro Backpack"}]},{"@type":"WebSite","@id":"https:\/\/koningdrone.be\/#website","url":"https:\/\/koningdrone.be\/","name":"Koningdrone.be - Ihr Online-Spezialist f\u00fcr Drohnen, Gimbals, Kameras und Kraftwerke.","description":"Der Webshop f\u00fcr Drohnen und Gimbals","publisher":{"@id":"https:\/\/koningdrone.be\/#organization"},"potentialAction":[{"@type":"SearchAction","target":{"@type":"EntryPoint","urlTemplate":"https:\/\/koningdrone.be\/?s={search_term_string}"},"query-input":{"@type":"PropertyValueSpecification","valueRequired":true,"valueName":"search_term_string"}}],"inLanguage":"de"},{"@type":"Organization","@id":"https:\/\/koningdrone.be\/#organization","name":"Kingdrone.de","url":"https:\/\/koningdrone.be\/","logo":{"@type":"ImageObject","inLanguage":"de","@id":"https:\/\/koningdrone.be\/#\/schema\/logo\/image\/","url":"https:\/\/koningdrone.be\/wp-content\/uploads\/sites\/13\/2025\/04\/koningdrone-copyright-logo.svg","contentUrl":"https:\/\/koningdrone.be\/wp-content\/uploads\/sites\/13\/2025\/04\/koningdrone-copyright-logo.svg","width":227,"height":38,"caption":"Koningdrone.be"},"image":{"@id":"https:\/\/koningdrone.be\/#\/schema\/logo\/image\/"}}]}},"df_price":"","df_sale_price":"","df_regular_price":"","df_image_link":"https:\/\/koningdrone.be\/wp-content\/uploads\/sites\/13\/2025\/04\/64d6f01a5db5c9a089616346391c08f2@large-300x200.jpg","_links":{"self":[{"href":"https:\/\/koningdrone.be\/de\/wp-json\/wp\/v2\/product\/4092","targetHints":{"allow":["GET"]}}],"collection":[{"href":"https:\/\/koningdrone.be\/de\/wp-json\/wp\/v2\/product"}],"about":[{"href":"https:\/\/koningdrone.be\/de\/wp-json\/wp\/v2\/types\/product"}],"wp:featuredmedia":[{"embeddable":true,"href":"https:\/\/koningdrone.be\/de\/wp-json\/wp\/v2\/media\/4090"}],"wp:attachment":[{"href":"https:\/\/koningdrone.be\/de\/wp-json\/wp\/v2\/media?parent=4092"}],"wp:term":[{"taxonomy":"product_brand","embeddable":true,"href":"https:\/\/koningdrone.be\/de\/wp-json\/wp\/v2\/product_brand?post=4092"},{"taxonomy":"product_cat","embeddable":true,"href":"https:\/\/koningdrone.be\/de\/wp-json\/wp\/v2\/product_cat?post=4092"},{"taxonomy":"product_tag","embeddable":true,"href":"https:\/\/koningdrone.be\/de\/wp-json\/wp\/v2\/product_tag?post=4092"}],"curies":[{"name":"wp","href":"https:\/\/api.w.org\/{rel}","templated":true}]}}