{"id":4073,"date":"2024-03-13T15:35:57","date_gmt":"2024-03-13T15:35:57","guid":{"rendered":"https:\/\/koningdrone.nl\/kon\/product\/dji-ronin-2-dual-tb50-battery-mount-power-out-to-ronin-4d-body-dc-in-power-cable-2-m\/"},"modified":"2025-04-29T12:03:34","modified_gmt":"2025-04-29T12:03:34","slug":"dji-ronin-2-dual-tb50-battery-mount-power-out-to-ronin-4d-body-dc-in-power-cable-2-m","status":"publish","type":"product","link":"https:\/\/koningdrone.be\/de\/produkt\/dji-ronin-2-dual-tb50-battery-mount-power-out-to-ronin-4d-body-dc-in-power-cable-2-m\/","title":{"rendered":"DJI Ronin 2 Dual TB50 Akkuhalterung POWER-OUT zu Ronin 4D Body DC-IN Stromkabel (2 m)"},"content":{"rendered":"<p> Dieses Spezialkabel wurde entwickelt, um sicherzustellen, dass Ihr Ronin 4D-Kamerastabilisator Spitzenleistungen erbringt, indem er mit einem Ronin 2 Dual TB50-Akkuhalter verbunden wird. Es l\u00e4sst sich nahtlos in Ihre vorhandene Ausr\u00fcstung integrieren, um die Betriebszeiten zu verl\u00e4ngern und Ihre Aufnahmem\u00f6glichkeiten zu verbessern.<\/p>\n<p><strong>Kompatibilit\u00e4t<\/strong><\/p>\n<p> Dieses Kabel hat die perfekte Gr\u00f6\u00dfe f\u00fcr den Ronin 4D und ist auch mit dem Ronin 2 Dual TB50 Batteriehalter kompatibel. Diese Kompatibilit\u00e4t gew\u00e4hrleistet eine zuverl\u00e4ssige und effiziente Stromquelle f\u00fcr die Z-Achse, um ihre Funktionalit\u00e4t zu erhalten und einen reibungslosen und effizienten Betrieb zu gew\u00e4hrleisten.<\/p>\n<p><strong>Verbesserte Leistung<\/strong><\/p>\n<p> Durch die Verwendung dieses Kabels werden die Benutzer eine Verbesserung des Z-Achsen-Betriebs ihres Ronin 4D feststellen. Das Kabel liefert die n\u00f6tige Ausgangsspannung f\u00fcr eine optimale Leistung und sorgt nicht nur f\u00fcr reibungslose Aufnahmen, sondern auch daf\u00fcr, dass diese \u00fcber l\u00e4ngere Zeitr\u00e4ume hinweg nicht unterbrochen werden, was mehr kreative Freiheit und Produktivit\u00e4t erm\u00f6glicht.<\/p>\n<p><strong>Einfache Integration<\/strong><\/p>\n<p> Bei der Entwicklung dieses Stromkabels wurde besonderer Wert auf Benutzerfreundlichkeit gelegt. Es l\u00e4sst sich problemlos in Ihre bestehende Ausr\u00fcstung integrieren, ohne dass umfangreiche \u00c4nderungen erforderlich sind. Das Plug-and-Play-Design sorgt daf\u00fcr, dass Sie im Handumdrehen wieder mit dem Fotografieren beginnen k\u00f6nnen und sich auf die perfekte Aufnahme konzentrieren k\u00f6nnen, anstatt komplizierte Ger\u00e4teeinstellungen vorzunehmen.<\/p>\n<p><\/p>","protected":false},"excerpt":{"rendered":"<ul>\n<li>Erm\u00f6glicht Ronin 4D-Flow \u00fcber Ronin 2 TB50 Batteriehalter<\/li>\n<li> Ausreichende Ausgangsspannung f\u00fcr die Funktion der Z-Achse<\/li>\n<\/ul>","protected":false},"featured_media":4072,"template":"","meta":{"_acf_changed":false},"product_brand":[],"product_cat":[244,97,411,532],"product_tag":[],"class_list":{"0":"post-4073","1":"product","2":"type-product","3":"status-publish","4":"has-post-thumbnail","6":"product_cat-alle-kabels","7":"product_cat-alle-producten","8":"product_cat-dji-ronin-2","9":"product_cat-dji-ronin-4d","10":"pa_brand-dji","11":"pa_productfamily-cable","12":"pa_producttype-cable","14":"first","15":"instock","16":"taxable","17":"shipping-taxable","18":"product-type-simple"},"acf":[],"yoast_head":"<!-- This site is optimized with the Yoast SEO Premium plugin v27.2 (Yoast SEO v27.2) - https:\/\/yoast.com\/product\/yoast-seo-premium-wordpress\/ -->\n<title>DJI Ronin 2 Dual TB50 Battery Mount POWER-OUT to Ronin 4D Body DC-IN Power Cable (2 m) - koningdrone.be<\/title>\n<meta name=\"robots\" content=\"index, follow, max-snippet:-1, max-image-preview:large, max-video-preview:-1\" \/>\n<link rel=\"canonical\" href=\"https:\/\/koningdrone.be\/de\/produkt\/dji-ronin-2-dual-tb50-battery-mount-power-out-to-ronin-4d-body-dc-in-power-cable-2-m\/\" \/>\n<meta property=\"og:locale\" content=\"de_DE\" \/>\n<meta property=\"og:type\" content=\"article\" \/>\n<meta property=\"og:title\" content=\"DJI Ronin 2 Dual TB50 Battery Mount POWER-OUT to Ronin 4D Body DC-IN Power Cable (2 m)\" \/>\n<meta property=\"og:description\" content=\"Maakt Ronin 4D-stroom mogelijk via Ronin 2 TB50 batterijhouder Voldoende uitgangsspanning voor Z-asfunctionaliteit\" \/>\n<meta property=\"og:url\" content=\"https:\/\/koningdrone.be\/de\/produkt\/dji-ronin-2-dual-tb50-battery-mount-power-out-to-ronin-4d-body-dc-in-power-cable-2-m\/\" \/>\n<meta property=\"og:site_name\" content=\"koningdrone.be\" \/>\n<meta property=\"article:modified_time\" content=\"2025-04-29T12:03:34+00:00\" \/>\n<meta property=\"og:image\" content=\"https:\/\/koningdrone.be\/wp-content\/uploads\/sites\/13\/2025\/04\/934f74cdf7bc9548da0e865fe110747e@large.jpg\" \/>\n\t<meta property=\"og:image:width\" content=\"1200\" \/>\n\t<meta property=\"og:image:height\" content=\"800\" \/>\n\t<meta property=\"og:image:type\" content=\"image\/jpeg\" \/>\n<meta name=\"twitter:card\" content=\"summary_large_image\" \/>\n<meta name=\"twitter:label1\" content=\"Gesch\u00e4tzte Lesezeit\" \/>\n\t<meta name=\"twitter:data1\" content=\"1\u00a0Minute\" \/>\n<script type=\"application\/ld+json\" class=\"yoast-schema-graph\">{\"@context\":\"https:\/\/schema.org\",\"@graph\":[{\"@type\":\"WebPage\",\"@id\":\"https:\/\/koningdrone.be\/product\/dji-ronin-2-dual-tb50-battery-mount-power-out-to-ronin-4d-body-dc-in-power-cable-2-m\/\",\"url\":\"https:\/\/koningdrone.be\/product\/dji-ronin-2-dual-tb50-battery-mount-power-out-to-ronin-4d-body-dc-in-power-cable-2-m\/\",\"name\":\"DJI Ronin 2 Dual TB50 Battery Mount POWER-OUT to Ronin 4D Body DC-IN Power Cable (2 m) - koningdrone.be\",\"isPartOf\":{\"@id\":\"https:\/\/koningdrone.be\/#website\"},\"primaryImageOfPage\":{\"@id\":\"https:\/\/koningdrone.be\/product\/dji-ronin-2-dual-tb50-battery-mount-power-out-to-ronin-4d-body-dc-in-power-cable-2-m\/#primaryimage\"},\"image\":{\"@id\":\"https:\/\/koningdrone.be\/product\/dji-ronin-2-dual-tb50-battery-mount-power-out-to-ronin-4d-body-dc-in-power-cable-2-m\/#primaryimage\"},\"thumbnailUrl\":\"https:\/\/koningdrone.be\/wp-content\/uploads\/sites\/13\/2025\/04\/934f74cdf7bc9548da0e865fe110747e@large.jpg\",\"datePublished\":\"2024-03-13T15:35:57+00:00\",\"dateModified\":\"2025-04-29T12:03:34+00:00\",\"breadcrumb\":{\"@id\":\"https:\/\/koningdrone.be\/product\/dji-ronin-2-dual-tb50-battery-mount-power-out-to-ronin-4d-body-dc-in-power-cable-2-m\/#breadcrumb\"},\"inLanguage\":\"de\",\"potentialAction\":[{\"@type\":\"ReadAction\",\"target\":[\"https:\/\/koningdrone.be\/product\/dji-ronin-2-dual-tb50-battery-mount-power-out-to-ronin-4d-body-dc-in-power-cable-2-m\/\"]}]},{\"@type\":\"ImageObject\",\"inLanguage\":\"de\",\"@id\":\"https:\/\/koningdrone.be\/product\/dji-ronin-2-dual-tb50-battery-mount-power-out-to-ronin-4d-body-dc-in-power-cable-2-m\/#primaryimage\",\"url\":\"https:\/\/koningdrone.be\/wp-content\/uploads\/sites\/13\/2025\/04\/934f74cdf7bc9548da0e865fe110747e@large.jpg\",\"contentUrl\":\"https:\/\/koningdrone.be\/wp-content\/uploads\/sites\/13\/2025\/04\/934f74cdf7bc9548da0e865fe110747e@large.jpg\",\"width\":1200,\"height\":800},{\"@type\":\"BreadcrumbList\",\"@id\":\"https:\/\/koningdrone.be\/product\/dji-ronin-2-dual-tb50-battery-mount-power-out-to-ronin-4d-body-dc-in-power-cable-2-m\/#breadcrumb\",\"itemListElement\":[{\"@type\":\"ListItem\",\"position\":1,\"name\":\"Home\",\"item\":\"https:\/\/koningdrone.be\/\"},{\"@type\":\"ListItem\",\"position\":2,\"name\":\"AVSS Parachute Recovery System for DJI Matrice 300\/350\",\"item\":\"https:\/\/koningdrone.be\/product\/avss-parachute-recovery-system-for-dji-matrice-300-350\/\"},{\"@type\":\"ListItem\",\"position\":3,\"name\":\"Alle kabels\",\"item\":\"https:\/\/koningdrone.be\/categorie\/alle-kabels\/\"},{\"@type\":\"ListItem\",\"position\":4,\"name\":\"DJI Ronin 2 Dual TB50 Battery Mount POWER-OUT to Ronin 4D Body DC-IN Power Cable (2 m)\"}]},{\"@type\":\"WebSite\",\"@id\":\"https:\/\/koningdrone.be\/#website\",\"url\":\"https:\/\/koningdrone.be\/\",\"name\":\"Koningdrone.be - Uw online specialist in drones, gimbals, camera's en power stations.\",\"description\":\"De webshop in drones en gimbals\",\"publisher\":{\"@id\":\"https:\/\/koningdrone.be\/#organization\"},\"potentialAction\":[{\"@type\":\"SearchAction\",\"target\":{\"@type\":\"EntryPoint\",\"urlTemplate\":\"https:\/\/koningdrone.be\/?s={search_term_string}\"},\"query-input\":{\"@type\":\"PropertyValueSpecification\",\"valueRequired\":true,\"valueName\":\"search_term_string\"}}],\"inLanguage\":\"de\"},{\"@type\":\"Organization\",\"@id\":\"https:\/\/koningdrone.be\/#organization\",\"name\":\"Koningdrone.be\",\"url\":\"https:\/\/koningdrone.be\/\",\"logo\":{\"@type\":\"ImageObject\",\"inLanguage\":\"de\",\"@id\":\"https:\/\/koningdrone.be\/#\/schema\/logo\/image\/\",\"url\":\"https:\/\/koningdrone.be\/wp-content\/uploads\/sites\/13\/2025\/04\/koningdrone-copyright-logo.svg\",\"contentUrl\":\"https:\/\/koningdrone.be\/wp-content\/uploads\/sites\/13\/2025\/04\/koningdrone-copyright-logo.svg\",\"width\":227,\"height\":38,\"caption\":\"Koningdrone.be\"},\"image\":{\"@id\":\"https:\/\/koningdrone.be\/#\/schema\/logo\/image\/\"}}]}<\/script>\n<!-- \/ Yoast SEO Premium plugin. -->","yoast_head_json":{"title":"DJI Ronin 2 Dual TB50 Battery Mount POWER-OUT to Ronin 4D Body DC-IN Power Cable (2 m) - koningdrone.be","robots":{"index":"index","follow":"follow","max-snippet":"max-snippet:-1","max-image-preview":"max-image-preview:large","max-video-preview":"max-video-preview:-1"},"canonical":"https:\/\/koningdrone.be\/de\/produkt\/dji-ronin-2-dual-tb50-battery-mount-power-out-to-ronin-4d-body-dc-in-power-cable-2-m\/","og_locale":"de_DE","og_type":"article","og_title":"DJI Ronin 2 Dual TB50 Battery Mount POWER-OUT to Ronin 4D Body DC-IN Power Cable (2 m)","og_description":"Maakt Ronin 4D-stroom mogelijk via Ronin 2 TB50 batterijhouder Voldoende uitgangsspanning voor Z-asfunctionaliteit","og_url":"https:\/\/koningdrone.be\/de\/produkt\/dji-ronin-2-dual-tb50-battery-mount-power-out-to-ronin-4d-body-dc-in-power-cable-2-m\/","og_site_name":"koningdrone.be","article_modified_time":"2025-04-29T12:03:34+00:00","og_image":[{"width":1200,"height":800,"url":"https:\/\/koningdrone.be\/wp-content\/uploads\/sites\/13\/2025\/04\/934f74cdf7bc9548da0e865fe110747e@large.jpg","type":"image\/jpeg"}],"twitter_card":"summary_large_image","twitter_misc":{"Gesch\u00e4tzte Lesezeit":"1\u00a0Minute"},"schema":{"@context":"https:\/\/schema.org","@graph":[{"@type":"WebPage","@id":"https:\/\/koningdrone.be\/product\/dji-ronin-2-dual-tb50-battery-mount-power-out-to-ronin-4d-body-dc-in-power-cable-2-m\/","url":"https:\/\/koningdrone.be\/product\/dji-ronin-2-dual-tb50-battery-mount-power-out-to-ronin-4d-body-dc-in-power-cable-2-m\/","name":"DJI Ronin 2 Dual TB50 Battery Mount POWER-OUT to Ronin 4D Body DC-IN Power Cable (2 m) - koningdrone.be","isPartOf":{"@id":"https:\/\/koningdrone.be\/#website"},"primaryImageOfPage":{"@id":"https:\/\/koningdrone.be\/product\/dji-ronin-2-dual-tb50-battery-mount-power-out-to-ronin-4d-body-dc-in-power-cable-2-m\/#primaryimage"},"image":{"@id":"https:\/\/koningdrone.be\/product\/dji-ronin-2-dual-tb50-battery-mount-power-out-to-ronin-4d-body-dc-in-power-cable-2-m\/#primaryimage"},"thumbnailUrl":"https:\/\/koningdrone.be\/wp-content\/uploads\/sites\/13\/2025\/04\/934f74cdf7bc9548da0e865fe110747e@large.jpg","datePublished":"2024-03-13T15:35:57+00:00","dateModified":"2025-04-29T12:03:34+00:00","breadcrumb":{"@id":"https:\/\/koningdrone.be\/product\/dji-ronin-2-dual-tb50-battery-mount-power-out-to-ronin-4d-body-dc-in-power-cable-2-m\/#breadcrumb"},"inLanguage":"de","potentialAction":[{"@type":"ReadAction","target":["https:\/\/koningdrone.be\/product\/dji-ronin-2-dual-tb50-battery-mount-power-out-to-ronin-4d-body-dc-in-power-cable-2-m\/"]}]},{"@type":"ImageObject","inLanguage":"de","@id":"https:\/\/koningdrone.be\/product\/dji-ronin-2-dual-tb50-battery-mount-power-out-to-ronin-4d-body-dc-in-power-cable-2-m\/#primaryimage","url":"https:\/\/koningdrone.be\/wp-content\/uploads\/sites\/13\/2025\/04\/934f74cdf7bc9548da0e865fe110747e@large.jpg","contentUrl":"https:\/\/koningdrone.be\/wp-content\/uploads\/sites\/13\/2025\/04\/934f74cdf7bc9548da0e865fe110747e@large.jpg","width":1200,"height":800},{"@type":"BreadcrumbList","@id":"https:\/\/koningdrone.be\/product\/dji-ronin-2-dual-tb50-battery-mount-power-out-to-ronin-4d-body-dc-in-power-cable-2-m\/#breadcrumb","itemListElement":[{"@type":"ListItem","position":1,"name":"Home","item":"https:\/\/koningdrone.be\/"},{"@type":"ListItem","position":2,"name":"AVSS Parachute Recovery System for DJI Matrice 300\/350","item":"https:\/\/koningdrone.be\/product\/avss-parachute-recovery-system-for-dji-matrice-300-350\/"},{"@type":"ListItem","position":3,"name":"Alle kabels","item":"https:\/\/koningdrone.be\/categorie\/alle-kabels\/"},{"@type":"ListItem","position":4,"name":"DJI Ronin 2 Dual TB50 Battery Mount POWER-OUT to Ronin 4D Body DC-IN Power Cable (2 m)"}]},{"@type":"WebSite","@id":"https:\/\/koningdrone.be\/#website","url":"https:\/\/koningdrone.be\/","name":"Koningdrone.be - Ihr Online-Spezialist f\u00fcr Drohnen, Gimbals, Kameras und Kraftwerke.","description":"Der Webshop f\u00fcr Drohnen und Gimbals","publisher":{"@id":"https:\/\/koningdrone.be\/#organization"},"potentialAction":[{"@type":"SearchAction","target":{"@type":"EntryPoint","urlTemplate":"https:\/\/koningdrone.be\/?s={search_term_string}"},"query-input":{"@type":"PropertyValueSpecification","valueRequired":true,"valueName":"search_term_string"}}],"inLanguage":"de"},{"@type":"Organization","@id":"https:\/\/koningdrone.be\/#organization","name":"Kingdrone.de","url":"https:\/\/koningdrone.be\/","logo":{"@type":"ImageObject","inLanguage":"de","@id":"https:\/\/koningdrone.be\/#\/schema\/logo\/image\/","url":"https:\/\/koningdrone.be\/wp-content\/uploads\/sites\/13\/2025\/04\/koningdrone-copyright-logo.svg","contentUrl":"https:\/\/koningdrone.be\/wp-content\/uploads\/sites\/13\/2025\/04\/koningdrone-copyright-logo.svg","width":227,"height":38,"caption":"Koningdrone.be"},"image":{"@id":"https:\/\/koningdrone.be\/#\/schema\/logo\/image\/"}}]}},"df_price":"","df_sale_price":"","df_regular_price":"","df_image_link":"https:\/\/koningdrone.be\/wp-content\/uploads\/sites\/13\/2025\/04\/934f74cdf7bc9548da0e865fe110747e@large-300x200.jpg","_links":{"self":[{"href":"https:\/\/koningdrone.be\/de\/wp-json\/wp\/v2\/product\/4073","targetHints":{"allow":["GET"]}}],"collection":[{"href":"https:\/\/koningdrone.be\/de\/wp-json\/wp\/v2\/product"}],"about":[{"href":"https:\/\/koningdrone.be\/de\/wp-json\/wp\/v2\/types\/product"}],"wp:featuredmedia":[{"embeddable":true,"href":"https:\/\/koningdrone.be\/de\/wp-json\/wp\/v2\/media\/4072"}],"wp:attachment":[{"href":"https:\/\/koningdrone.be\/de\/wp-json\/wp\/v2\/media?parent=4073"}],"wp:term":[{"taxonomy":"product_brand","embeddable":true,"href":"https:\/\/koningdrone.be\/de\/wp-json\/wp\/v2\/product_brand?post=4073"},{"taxonomy":"product_cat","embeddable":true,"href":"https:\/\/koningdrone.be\/de\/wp-json\/wp\/v2\/product_cat?post=4073"},{"taxonomy":"product_tag","embeddable":true,"href":"https:\/\/koningdrone.be\/de\/wp-json\/wp\/v2\/product_tag?post=4073"}],"curies":[{"name":"wp","href":"https:\/\/api.w.org\/{rel}","templated":true}]}}