{"id":4071,"date":"2024-03-13T15:35:57","date_gmt":"2024-03-13T14:35:57","guid":{"rendered":"https:\/\/koningdrone.nl\/kon\/product\/dji-r-external-gps-module-adapter-cable\/"},"modified":"2026-04-29T07:30:10","modified_gmt":"2026-04-29T05:30:10","slug":"dji-r-external-gps-module-adapter-cable","status":"publish","type":"product","link":"https:\/\/koningdrone.be\/de\/produkt\/dji-r-external-gps-module-adapter-cable\/","title":{"rendered":"DJI R Externes GPS-Modul Adapterkabel"},"content":{"rendered":"<p>Verbessern Sie Ihr Filmerlebnis mit dem DJI R Adapterkabel f\u00fcr externe GPS-Module. Dieses Kabel wurde speziell entwickelt, um eine Verbindung zwischen dem externen GPS-Modul des Ronin-S und den fortschrittlichen DJI RS 2 oder DJI RS 3 Pro Gimbals herzustellen und ist ein entscheidender Vorteil f\u00fcr Videofilmer, die nach h\u00f6chster Pr\u00e4zision bei ihrer Arbeit streben. Durch die Integration des externen GPS-Moduls werden Sie eine deutliche Verbesserung der Stabilisierung feststellen, insbesondere bei der Aufnahme von Szenen mit schnellen Bewegungen. Der Adapter sorgt daf\u00fcr, dass Ihre Kamera auch bei schnellen Beschleunigungen waagerecht bleibt, und liefert so makellose und professionelle Bilder. Bitte beachten Sie, dass das Adapterkabel nicht im Lieferumfang des externen GPS-Moduls Ronin-S enthalten ist.<\/p>","protected":false},"excerpt":{"rendered":"<ul>\n<li>Verbindet das externe GPS-Modul Ronin-S mit dem DJI RS 2\/RS 3 Pro<\/li>\n<li> Verbessert die Stabilisierung bei schneller Beschleunigung<\/li>\n<li> H\u00e4lt die Kamera w\u00e4hrend der Bewegung waagerecht<\/li>\n<li> Nur Adapterkabel; GPS-Modul nicht enthalten<\/li>\n<\/ul>","protected":false},"featured_media":4068,"template":"","meta":{"_acf_changed":false},"product_brand":[],"product_cat":[268,244,97,265,809,721],"product_tag":[],"class_list":{"0":"post-4071","1":"product","2":"type-product","3":"status-publish","4":"has-post-thumbnail","6":"product_cat-alle-accessoires","7":"product_cat-alle-kabels","8":"product_cat-alle-producten","9":"product_cat-dji-ronin","10":"product_cat-dji-ronin-rs-2","11":"product_cat-dji-rs3","12":"product_shipping_class-outofstock","13":"pa_brand-dji","14":"pa_productfamily-adapter","15":"pa_producttype-adapter","17":"first","18":"outofstock","19":"taxable","20":"shipping-taxable","21":"product-type-simple"},"acf":[],"yoast_head":"<!-- This site is optimized with the Yoast SEO Premium plugin v27.2 (Yoast SEO v27.2) - https:\/\/yoast.com\/product\/yoast-seo-premium-wordpress\/ -->\n<title>DJI R External GPS Module Adapter Cable - koningdrone.be<\/title>\n<meta name=\"robots\" content=\"index, follow, max-snippet:-1, max-image-preview:large, max-video-preview:-1\" \/>\n<link rel=\"canonical\" href=\"https:\/\/koningdrone.be\/de\/produkt\/dji-r-external-gps-module-adapter-cable\/\" \/>\n<meta property=\"og:locale\" content=\"de_DE\" \/>\n<meta property=\"og:type\" content=\"article\" \/>\n<meta property=\"og:title\" content=\"DJI R External GPS Module Adapter Cable\" \/>\n<meta property=\"og:description\" content=\"Verbindt Ronin-S externe GPS-module met DJI RS 2\/RS 3 Pro Verbetert de stabilisatie tijdens snelle acceleratie Houdt de camera waterpas tijdens beweging Alleen adapterkabel; GPS-module niet inbegrepen\" \/>\n<meta property=\"og:url\" content=\"https:\/\/koningdrone.be\/de\/produkt\/dji-r-external-gps-module-adapter-cable\/\" \/>\n<meta property=\"og:site_name\" content=\"koningdrone.be\" \/>\n<meta property=\"article:modified_time\" content=\"2026-04-29T05:30:10+00:00\" \/>\n<meta property=\"og:image\" content=\"https:\/\/koningdrone.be\/wp-content\/uploads\/sites\/13\/2025\/04\/43d76d46e482762e1b2e55f44cc2eef1@large.jpg\" \/>\n\t<meta property=\"og:image:width\" content=\"1200\" \/>\n\t<meta property=\"og:image:height\" content=\"800\" \/>\n\t<meta property=\"og:image:type\" content=\"image\/jpeg\" \/>\n<meta name=\"twitter:card\" content=\"summary_large_image\" \/>\n<meta name=\"twitter:label1\" content=\"Gesch\u00e4tzte Lesezeit\" \/>\n\t<meta name=\"twitter:data1\" content=\"1\u00a0Minute\" \/>\n<script type=\"application\/ld+json\" class=\"yoast-schema-graph\">{\"@context\":\"https:\/\/schema.org\",\"@graph\":[{\"@type\":\"WebPage\",\"@id\":\"https:\/\/koningdrone.be\/product\/dji-r-external-gps-module-adapter-cable\/\",\"url\":\"https:\/\/koningdrone.be\/product\/dji-r-external-gps-module-adapter-cable\/\",\"name\":\"DJI R External GPS Module Adapter Cable - koningdrone.be\",\"isPartOf\":{\"@id\":\"https:\/\/koningdrone.be\/#website\"},\"primaryImageOfPage\":{\"@id\":\"https:\/\/koningdrone.be\/product\/dji-r-external-gps-module-adapter-cable\/#primaryimage\"},\"image\":{\"@id\":\"https:\/\/koningdrone.be\/product\/dji-r-external-gps-module-adapter-cable\/#primaryimage\"},\"thumbnailUrl\":\"https:\/\/koningdrone.be\/wp-content\/uploads\/sites\/13\/2025\/04\/43d76d46e482762e1b2e55f44cc2eef1@large.jpg\",\"datePublished\":\"2024-03-13T14:35:57+00:00\",\"dateModified\":\"2026-04-29T05:30:10+00:00\",\"breadcrumb\":{\"@id\":\"https:\/\/koningdrone.be\/product\/dji-r-external-gps-module-adapter-cable\/#breadcrumb\"},\"inLanguage\":\"de\",\"potentialAction\":[{\"@type\":\"ReadAction\",\"target\":[\"https:\/\/koningdrone.be\/product\/dji-r-external-gps-module-adapter-cable\/\"]}]},{\"@type\":\"ImageObject\",\"inLanguage\":\"de\",\"@id\":\"https:\/\/koningdrone.be\/product\/dji-r-external-gps-module-adapter-cable\/#primaryimage\",\"url\":\"https:\/\/koningdrone.be\/wp-content\/uploads\/sites\/13\/2025\/04\/43d76d46e482762e1b2e55f44cc2eef1@large.jpg\",\"contentUrl\":\"https:\/\/koningdrone.be\/wp-content\/uploads\/sites\/13\/2025\/04\/43d76d46e482762e1b2e55f44cc2eef1@large.jpg\",\"width\":1200,\"height\":800},{\"@type\":\"BreadcrumbList\",\"@id\":\"https:\/\/koningdrone.be\/product\/dji-r-external-gps-module-adapter-cable\/#breadcrumb\",\"itemListElement\":[{\"@type\":\"ListItem\",\"position\":1,\"name\":\"Home\",\"item\":\"https:\/\/koningdrone.be\/\"},{\"@type\":\"ListItem\",\"position\":2,\"name\":\"AVSS Parachute Recovery System for DJI Matrice 300\/350\",\"item\":\"https:\/\/koningdrone.be\/product\/avss-parachute-recovery-system-for-dji-matrice-300-350\/\"},{\"@type\":\"ListItem\",\"position\":3,\"name\":\"Alle accessoires\",\"item\":\"https:\/\/koningdrone.be\/categorie\/alle-accessoires\/\"},{\"@type\":\"ListItem\",\"position\":4,\"name\":\"DJI R External GPS Module Adapter Cable\"}]},{\"@type\":\"WebSite\",\"@id\":\"https:\/\/koningdrone.be\/#website\",\"url\":\"https:\/\/koningdrone.be\/\",\"name\":\"Koningdrone.be - Uw online specialist in drones, gimbals, camera's en power stations.\",\"description\":\"De webshop in drones en gimbals\",\"publisher\":{\"@id\":\"https:\/\/koningdrone.be\/#organization\"},\"potentialAction\":[{\"@type\":\"SearchAction\",\"target\":{\"@type\":\"EntryPoint\",\"urlTemplate\":\"https:\/\/koningdrone.be\/?s={search_term_string}\"},\"query-input\":{\"@type\":\"PropertyValueSpecification\",\"valueRequired\":true,\"valueName\":\"search_term_string\"}}],\"inLanguage\":\"de\"},{\"@type\":\"Organization\",\"@id\":\"https:\/\/koningdrone.be\/#organization\",\"name\":\"Koningdrone.be\",\"url\":\"https:\/\/koningdrone.be\/\",\"logo\":{\"@type\":\"ImageObject\",\"inLanguage\":\"de\",\"@id\":\"https:\/\/koningdrone.be\/#\/schema\/logo\/image\/\",\"url\":\"https:\/\/koningdrone.be\/wp-content\/uploads\/sites\/13\/2025\/04\/koningdrone-copyright-logo.svg\",\"contentUrl\":\"https:\/\/koningdrone.be\/wp-content\/uploads\/sites\/13\/2025\/04\/koningdrone-copyright-logo.svg\",\"width\":227,\"height\":38,\"caption\":\"Koningdrone.be\"},\"image\":{\"@id\":\"https:\/\/koningdrone.be\/#\/schema\/logo\/image\/\"}}]}<\/script>\n<!-- \/ Yoast SEO Premium plugin. -->","yoast_head_json":{"title":"DJI R External GPS Module Adapter Cable - koningdrone.be","robots":{"index":"index","follow":"follow","max-snippet":"max-snippet:-1","max-image-preview":"max-image-preview:large","max-video-preview":"max-video-preview:-1"},"canonical":"https:\/\/koningdrone.be\/de\/produkt\/dji-r-external-gps-module-adapter-cable\/","og_locale":"de_DE","og_type":"article","og_title":"DJI R External GPS Module Adapter Cable","og_description":"Verbindt Ronin-S externe GPS-module met DJI RS 2\/RS 3 Pro Verbetert de stabilisatie tijdens snelle acceleratie Houdt de camera waterpas tijdens beweging Alleen adapterkabel; GPS-module niet inbegrepen","og_url":"https:\/\/koningdrone.be\/de\/produkt\/dji-r-external-gps-module-adapter-cable\/","og_site_name":"koningdrone.be","article_modified_time":"2026-04-29T05:30:10+00:00","og_image":[{"width":1200,"height":800,"url":"https:\/\/koningdrone.be\/wp-content\/uploads\/sites\/13\/2025\/04\/43d76d46e482762e1b2e55f44cc2eef1@large.jpg","type":"image\/jpeg"}],"twitter_card":"summary_large_image","twitter_misc":{"Gesch\u00e4tzte Lesezeit":"1\u00a0Minute"},"schema":{"@context":"https:\/\/schema.org","@graph":[{"@type":"WebPage","@id":"https:\/\/koningdrone.be\/product\/dji-r-external-gps-module-adapter-cable\/","url":"https:\/\/koningdrone.be\/product\/dji-r-external-gps-module-adapter-cable\/","name":"DJI R External GPS Module Adapter Cable - koningdrone.be","isPartOf":{"@id":"https:\/\/koningdrone.be\/#website"},"primaryImageOfPage":{"@id":"https:\/\/koningdrone.be\/product\/dji-r-external-gps-module-adapter-cable\/#primaryimage"},"image":{"@id":"https:\/\/koningdrone.be\/product\/dji-r-external-gps-module-adapter-cable\/#primaryimage"},"thumbnailUrl":"https:\/\/koningdrone.be\/wp-content\/uploads\/sites\/13\/2025\/04\/43d76d46e482762e1b2e55f44cc2eef1@large.jpg","datePublished":"2024-03-13T14:35:57+00:00","dateModified":"2026-04-29T05:30:10+00:00","breadcrumb":{"@id":"https:\/\/koningdrone.be\/product\/dji-r-external-gps-module-adapter-cable\/#breadcrumb"},"inLanguage":"de","potentialAction":[{"@type":"ReadAction","target":["https:\/\/koningdrone.be\/product\/dji-r-external-gps-module-adapter-cable\/"]}]},{"@type":"ImageObject","inLanguage":"de","@id":"https:\/\/koningdrone.be\/product\/dji-r-external-gps-module-adapter-cable\/#primaryimage","url":"https:\/\/koningdrone.be\/wp-content\/uploads\/sites\/13\/2025\/04\/43d76d46e482762e1b2e55f44cc2eef1@large.jpg","contentUrl":"https:\/\/koningdrone.be\/wp-content\/uploads\/sites\/13\/2025\/04\/43d76d46e482762e1b2e55f44cc2eef1@large.jpg","width":1200,"height":800},{"@type":"BreadcrumbList","@id":"https:\/\/koningdrone.be\/product\/dji-r-external-gps-module-adapter-cable\/#breadcrumb","itemListElement":[{"@type":"ListItem","position":1,"name":"Home","item":"https:\/\/koningdrone.be\/"},{"@type":"ListItem","position":2,"name":"AVSS Parachute Recovery System for DJI Matrice 300\/350","item":"https:\/\/koningdrone.be\/product\/avss-parachute-recovery-system-for-dji-matrice-300-350\/"},{"@type":"ListItem","position":3,"name":"Alle accessoires","item":"https:\/\/koningdrone.be\/categorie\/alle-accessoires\/"},{"@type":"ListItem","position":4,"name":"DJI R External GPS Module Adapter Cable"}]},{"@type":"WebSite","@id":"https:\/\/koningdrone.be\/#website","url":"https:\/\/koningdrone.be\/","name":"Koningdrone.be - Ihr Online-Spezialist f\u00fcr Drohnen, Gimbals, Kameras und Kraftwerke.","description":"Der Webshop f\u00fcr Drohnen und Gimbals","publisher":{"@id":"https:\/\/koningdrone.be\/#organization"},"potentialAction":[{"@type":"SearchAction","target":{"@type":"EntryPoint","urlTemplate":"https:\/\/koningdrone.be\/?s={search_term_string}"},"query-input":{"@type":"PropertyValueSpecification","valueRequired":true,"valueName":"search_term_string"}}],"inLanguage":"de"},{"@type":"Organization","@id":"https:\/\/koningdrone.be\/#organization","name":"Kingdrone.de","url":"https:\/\/koningdrone.be\/","logo":{"@type":"ImageObject","inLanguage":"de","@id":"https:\/\/koningdrone.be\/#\/schema\/logo\/image\/","url":"https:\/\/koningdrone.be\/wp-content\/uploads\/sites\/13\/2025\/04\/koningdrone-copyright-logo.svg","contentUrl":"https:\/\/koningdrone.be\/wp-content\/uploads\/sites\/13\/2025\/04\/koningdrone-copyright-logo.svg","width":227,"height":38,"caption":"Koningdrone.be"},"image":{"@id":"https:\/\/koningdrone.be\/#\/schema\/logo\/image\/"}}]}},"df_price":"","df_sale_price":"","df_regular_price":"","df_image_link":"https:\/\/koningdrone.be\/wp-content\/uploads\/sites\/13\/2025\/04\/43d76d46e482762e1b2e55f44cc2eef1@large-300x200.jpg","_links":{"self":[{"href":"https:\/\/koningdrone.be\/de\/wp-json\/wp\/v2\/product\/4071","targetHints":{"allow":["GET"]}}],"collection":[{"href":"https:\/\/koningdrone.be\/de\/wp-json\/wp\/v2\/product"}],"about":[{"href":"https:\/\/koningdrone.be\/de\/wp-json\/wp\/v2\/types\/product"}],"wp:featuredmedia":[{"embeddable":true,"href":"https:\/\/koningdrone.be\/de\/wp-json\/wp\/v2\/media\/4068"}],"wp:attachment":[{"href":"https:\/\/koningdrone.be\/de\/wp-json\/wp\/v2\/media?parent=4071"}],"wp:term":[{"taxonomy":"product_brand","embeddable":true,"href":"https:\/\/koningdrone.be\/de\/wp-json\/wp\/v2\/product_brand?post=4071"},{"taxonomy":"product_cat","embeddable":true,"href":"https:\/\/koningdrone.be\/de\/wp-json\/wp\/v2\/product_cat?post=4071"},{"taxonomy":"product_tag","embeddable":true,"href":"https:\/\/koningdrone.be\/de\/wp-json\/wp\/v2\/product_tag?post=4071"}],"curies":[{"name":"wp","href":"https:\/\/api.w.org\/{rel}","templated":true}]}}