{"id":4054,"date":"2024-03-13T15:36:48","date_gmt":"2024-03-13T15:36:48","guid":{"rendered":"https:\/\/koningdrone.nl\/kon\/product\/dji-rs-l-shaped-multi-camera-control-cable-usb-c-30-cm\/"},"modified":"2025-04-29T12:02:59","modified_gmt":"2025-04-29T12:02:59","slug":"dji-rs-l-shaped-multi-camera-control-cable-usb-c-30-cm","status":"publish","type":"product","link":"https:\/\/koningdrone.be\/de\/produkt\/dji-rs-l-shaped-multi-camera-control-cable-usb-c-30-cm\/","title":{"rendered":"DJI RS L-f\u00f6rmiges Multi-Kamera-Steuerkabel (USB-C, 30 cm)"},"content":{"rendered":"<p><strong>Optimierung von Leistung und Sicherheit<\/strong><\/p>\n<p> Um eine optimale Leistung und Sicherheit bei der Verwendung des DJI RS 3 Mini im Hochformat zu gew\u00e4hrleisten, ist es entscheidend, die Kamera mit dem L-f\u00f6rmigen Ende anzuschlie\u00dfen. Diese Methode verhindert m\u00f6gliche Interferenzen oder Sch\u00e4den zwischen dem Multi-Kamera-Steuerkabel und der Gimbal-Aufh\u00e4ngung, w\u00e4hrend diese sich dreht.<\/p>\n<p><\/p>","protected":false},"excerpt":{"rendered":"<ul>\n<li>Optimiert f\u00fcr die Verwendung im Hochformat<\/li>\n<li> Das L-f\u00f6rmige Ende sorgt f\u00fcr eine sichere Verbindung<\/li>\n<li> Verhindert St\u00f6rungen durch Steuerkabel und Kardanringe<\/li>\n<li> Entwickelt zum Schutz vor Sch\u00e4den<\/li>\n<li> Kompatibel mit DJI RS3 Mini<\/li>\n<\/ul>","protected":false},"featured_media":4051,"template":"","meta":{"_acf_changed":false},"product_brand":[],"product_cat":[410,244,97,265,721],"product_tag":[],"class_list":{"0":"post-4054","1":"product","2":"type-product","3":"status-publish","4":"has-post-thumbnail","6":"product_cat-alle-handheld-gimbals","7":"product_cat-alle-kabels","8":"product_cat-alle-producten","9":"product_cat-dji-ronin","10":"product_cat-dji-rs3","11":"pa_brand-dji","12":"pa_productfamily-connection-cable","13":"pa_producttype-connection-cable","14":"pa_series-rs","16":"first","17":"instock","18":"taxable","19":"shipping-taxable","20":"product-type-simple"},"acf":[],"yoast_head":"<!-- This site is optimized with the Yoast SEO Premium plugin v27.2 (Yoast SEO v27.2) - https:\/\/yoast.com\/product\/yoast-seo-premium-wordpress\/ -->\n<title>DJI RS L-Shaped Multi-Camera Control Cable (USB-C, 30 cm) - koningdrone.be<\/title>\n<meta name=\"robots\" content=\"index, follow, max-snippet:-1, max-image-preview:large, max-video-preview:-1\" \/>\n<link rel=\"canonical\" href=\"https:\/\/koningdrone.be\/de\/produkt\/dji-rs-l-shaped-multi-camera-control-cable-usb-c-30-cm\/\" \/>\n<meta property=\"og:locale\" content=\"de_DE\" \/>\n<meta property=\"og:type\" content=\"article\" \/>\n<meta property=\"og:title\" content=\"DJI RS L-Shaped Multi-Camera Control Cable (USB-C, 30 cm)\" \/>\n<meta property=\"og:description\" content=\"Geoptimaliseerd voor gebruik in portretmodus Het L-vormige uiteinde zorgt voor een veilige verbinding Voorkomt interferentie van besturingskabels en cardanische ophangingen Ontworpen om te beschermen tegen schade Compatibel met DJI RS3 Mini\" \/>\n<meta property=\"og:url\" content=\"https:\/\/koningdrone.be\/de\/produkt\/dji-rs-l-shaped-multi-camera-control-cable-usb-c-30-cm\/\" \/>\n<meta property=\"og:site_name\" content=\"koningdrone.be\" \/>\n<meta property=\"article:modified_time\" content=\"2025-04-29T12:02:59+00:00\" \/>\n<meta property=\"og:image\" content=\"https:\/\/koningdrone.be\/wp-content\/uploads\/sites\/13\/2025\/04\/8a0eeb99152e5c8fb397bf3c9c194855@large.jpg\" \/>\n\t<meta property=\"og:image:width\" content=\"1200\" \/>\n\t<meta property=\"og:image:height\" content=\"800\" \/>\n\t<meta property=\"og:image:type\" content=\"image\/jpeg\" \/>\n<meta name=\"twitter:card\" content=\"summary_large_image\" \/>\n<script type=\"application\/ld+json\" class=\"yoast-schema-graph\">{\"@context\":\"https:\/\/schema.org\",\"@graph\":[{\"@type\":\"WebPage\",\"@id\":\"https:\/\/koningdrone.be\/product\/dji-rs-l-shaped-multi-camera-control-cable-usb-c-30-cm\/\",\"url\":\"https:\/\/koningdrone.be\/product\/dji-rs-l-shaped-multi-camera-control-cable-usb-c-30-cm\/\",\"name\":\"DJI RS L-Shaped Multi-Camera Control Cable (USB-C, 30 cm) - koningdrone.be\",\"isPartOf\":{\"@id\":\"https:\/\/koningdrone.be\/#website\"},\"primaryImageOfPage\":{\"@id\":\"https:\/\/koningdrone.be\/product\/dji-rs-l-shaped-multi-camera-control-cable-usb-c-30-cm\/#primaryimage\"},\"image\":{\"@id\":\"https:\/\/koningdrone.be\/product\/dji-rs-l-shaped-multi-camera-control-cable-usb-c-30-cm\/#primaryimage\"},\"thumbnailUrl\":\"https:\/\/koningdrone.be\/wp-content\/uploads\/sites\/13\/2025\/04\/8a0eeb99152e5c8fb397bf3c9c194855@large.jpg\",\"datePublished\":\"2024-03-13T15:36:48+00:00\",\"dateModified\":\"2025-04-29T12:02:59+00:00\",\"breadcrumb\":{\"@id\":\"https:\/\/koningdrone.be\/product\/dji-rs-l-shaped-multi-camera-control-cable-usb-c-30-cm\/#breadcrumb\"},\"inLanguage\":\"de\",\"potentialAction\":[{\"@type\":\"ReadAction\",\"target\":[\"https:\/\/koningdrone.be\/product\/dji-rs-l-shaped-multi-camera-control-cable-usb-c-30-cm\/\"]}]},{\"@type\":\"ImageObject\",\"inLanguage\":\"de\",\"@id\":\"https:\/\/koningdrone.be\/product\/dji-rs-l-shaped-multi-camera-control-cable-usb-c-30-cm\/#primaryimage\",\"url\":\"https:\/\/koningdrone.be\/wp-content\/uploads\/sites\/13\/2025\/04\/8a0eeb99152e5c8fb397bf3c9c194855@large.jpg\",\"contentUrl\":\"https:\/\/koningdrone.be\/wp-content\/uploads\/sites\/13\/2025\/04\/8a0eeb99152e5c8fb397bf3c9c194855@large.jpg\",\"width\":1200,\"height\":800},{\"@type\":\"BreadcrumbList\",\"@id\":\"https:\/\/koningdrone.be\/product\/dji-rs-l-shaped-multi-camera-control-cable-usb-c-30-cm\/#breadcrumb\",\"itemListElement\":[{\"@type\":\"ListItem\",\"position\":1,\"name\":\"Home\",\"item\":\"https:\/\/koningdrone.be\/\"},{\"@type\":\"ListItem\",\"position\":2,\"name\":\"AVSS Parachute Recovery System for DJI Matrice 300\/350\",\"item\":\"https:\/\/koningdrone.be\/product\/avss-parachute-recovery-system-for-dji-matrice-300-350\/\"},{\"@type\":\"ListItem\",\"position\":3,\"name\":\"Alle handheld gimbals\",\"item\":\"https:\/\/koningdrone.be\/categorie\/alle-handheld-gimbals\/\"},{\"@type\":\"ListItem\",\"position\":4,\"name\":\"DJI RS L-Shaped Multi-Camera Control Cable (USB-C, 30 cm)\"}]},{\"@type\":\"WebSite\",\"@id\":\"https:\/\/koningdrone.be\/#website\",\"url\":\"https:\/\/koningdrone.be\/\",\"name\":\"Koningdrone.be - Uw online specialist in drones, gimbals, camera's en power stations.\",\"description\":\"De webshop in drones en gimbals\",\"publisher\":{\"@id\":\"https:\/\/koningdrone.be\/#organization\"},\"potentialAction\":[{\"@type\":\"SearchAction\",\"target\":{\"@type\":\"EntryPoint\",\"urlTemplate\":\"https:\/\/koningdrone.be\/?s={search_term_string}\"},\"query-input\":{\"@type\":\"PropertyValueSpecification\",\"valueRequired\":true,\"valueName\":\"search_term_string\"}}],\"inLanguage\":\"de\"},{\"@type\":\"Organization\",\"@id\":\"https:\/\/koningdrone.be\/#organization\",\"name\":\"Koningdrone.be\",\"url\":\"https:\/\/koningdrone.be\/\",\"logo\":{\"@type\":\"ImageObject\",\"inLanguage\":\"de\",\"@id\":\"https:\/\/koningdrone.be\/#\/schema\/logo\/image\/\",\"url\":\"https:\/\/koningdrone.be\/wp-content\/uploads\/sites\/13\/2025\/04\/koningdrone-copyright-logo.svg\",\"contentUrl\":\"https:\/\/koningdrone.be\/wp-content\/uploads\/sites\/13\/2025\/04\/koningdrone-copyright-logo.svg\",\"width\":227,\"height\":38,\"caption\":\"Koningdrone.be\"},\"image\":{\"@id\":\"https:\/\/koningdrone.be\/#\/schema\/logo\/image\/\"}}]}<\/script>\n<!-- \/ Yoast SEO Premium plugin. -->","yoast_head_json":{"title":"DJI RS L-Shaped Multi-Camera Control Cable (USB-C, 30 cm) - koningdrone.be","robots":{"index":"index","follow":"follow","max-snippet":"max-snippet:-1","max-image-preview":"max-image-preview:large","max-video-preview":"max-video-preview:-1"},"canonical":"https:\/\/koningdrone.be\/de\/produkt\/dji-rs-l-shaped-multi-camera-control-cable-usb-c-30-cm\/","og_locale":"de_DE","og_type":"article","og_title":"DJI RS L-Shaped Multi-Camera Control Cable (USB-C, 30 cm)","og_description":"Geoptimaliseerd voor gebruik in portretmodus Het L-vormige uiteinde zorgt voor een veilige verbinding Voorkomt interferentie van besturingskabels en cardanische ophangingen Ontworpen om te beschermen tegen schade Compatibel met DJI RS3 Mini","og_url":"https:\/\/koningdrone.be\/de\/produkt\/dji-rs-l-shaped-multi-camera-control-cable-usb-c-30-cm\/","og_site_name":"koningdrone.be","article_modified_time":"2025-04-29T12:02:59+00:00","og_image":[{"width":1200,"height":800,"url":"https:\/\/koningdrone.be\/wp-content\/uploads\/sites\/13\/2025\/04\/8a0eeb99152e5c8fb397bf3c9c194855@large.jpg","type":"image\/jpeg"}],"twitter_card":"summary_large_image","schema":{"@context":"https:\/\/schema.org","@graph":[{"@type":"WebPage","@id":"https:\/\/koningdrone.be\/product\/dji-rs-l-shaped-multi-camera-control-cable-usb-c-30-cm\/","url":"https:\/\/koningdrone.be\/product\/dji-rs-l-shaped-multi-camera-control-cable-usb-c-30-cm\/","name":"DJI RS L-Shaped Multi-Camera Control Cable (USB-C, 30 cm) - koningdrone.be","isPartOf":{"@id":"https:\/\/koningdrone.be\/#website"},"primaryImageOfPage":{"@id":"https:\/\/koningdrone.be\/product\/dji-rs-l-shaped-multi-camera-control-cable-usb-c-30-cm\/#primaryimage"},"image":{"@id":"https:\/\/koningdrone.be\/product\/dji-rs-l-shaped-multi-camera-control-cable-usb-c-30-cm\/#primaryimage"},"thumbnailUrl":"https:\/\/koningdrone.be\/wp-content\/uploads\/sites\/13\/2025\/04\/8a0eeb99152e5c8fb397bf3c9c194855@large.jpg","datePublished":"2024-03-13T15:36:48+00:00","dateModified":"2025-04-29T12:02:59+00:00","breadcrumb":{"@id":"https:\/\/koningdrone.be\/product\/dji-rs-l-shaped-multi-camera-control-cable-usb-c-30-cm\/#breadcrumb"},"inLanguage":"de","potentialAction":[{"@type":"ReadAction","target":["https:\/\/koningdrone.be\/product\/dji-rs-l-shaped-multi-camera-control-cable-usb-c-30-cm\/"]}]},{"@type":"ImageObject","inLanguage":"de","@id":"https:\/\/koningdrone.be\/product\/dji-rs-l-shaped-multi-camera-control-cable-usb-c-30-cm\/#primaryimage","url":"https:\/\/koningdrone.be\/wp-content\/uploads\/sites\/13\/2025\/04\/8a0eeb99152e5c8fb397bf3c9c194855@large.jpg","contentUrl":"https:\/\/koningdrone.be\/wp-content\/uploads\/sites\/13\/2025\/04\/8a0eeb99152e5c8fb397bf3c9c194855@large.jpg","width":1200,"height":800},{"@type":"BreadcrumbList","@id":"https:\/\/koningdrone.be\/product\/dji-rs-l-shaped-multi-camera-control-cable-usb-c-30-cm\/#breadcrumb","itemListElement":[{"@type":"ListItem","position":1,"name":"Home","item":"https:\/\/koningdrone.be\/"},{"@type":"ListItem","position":2,"name":"AVSS Parachute Recovery System for DJI Matrice 300\/350","item":"https:\/\/koningdrone.be\/product\/avss-parachute-recovery-system-for-dji-matrice-300-350\/"},{"@type":"ListItem","position":3,"name":"Alle handheld gimbals","item":"https:\/\/koningdrone.be\/categorie\/alle-handheld-gimbals\/"},{"@type":"ListItem","position":4,"name":"DJI RS L-Shaped Multi-Camera Control Cable (USB-C, 30 cm)"}]},{"@type":"WebSite","@id":"https:\/\/koningdrone.be\/#website","url":"https:\/\/koningdrone.be\/","name":"Koningdrone.be - Ihr Online-Spezialist f\u00fcr Drohnen, Gimbals, Kameras und Kraftwerke.","description":"Der Webshop f\u00fcr Drohnen und Gimbals","publisher":{"@id":"https:\/\/koningdrone.be\/#organization"},"potentialAction":[{"@type":"SearchAction","target":{"@type":"EntryPoint","urlTemplate":"https:\/\/koningdrone.be\/?s={search_term_string}"},"query-input":{"@type":"PropertyValueSpecification","valueRequired":true,"valueName":"search_term_string"}}],"inLanguage":"de"},{"@type":"Organization","@id":"https:\/\/koningdrone.be\/#organization","name":"Kingdrone.de","url":"https:\/\/koningdrone.be\/","logo":{"@type":"ImageObject","inLanguage":"de","@id":"https:\/\/koningdrone.be\/#\/schema\/logo\/image\/","url":"https:\/\/koningdrone.be\/wp-content\/uploads\/sites\/13\/2025\/04\/koningdrone-copyright-logo.svg","contentUrl":"https:\/\/koningdrone.be\/wp-content\/uploads\/sites\/13\/2025\/04\/koningdrone-copyright-logo.svg","width":227,"height":38,"caption":"Koningdrone.be"},"image":{"@id":"https:\/\/koningdrone.be\/#\/schema\/logo\/image\/"}}]}},"df_price":"","df_sale_price":"","df_regular_price":"","df_image_link":"https:\/\/koningdrone.be\/wp-content\/uploads\/sites\/13\/2025\/04\/8a0eeb99152e5c8fb397bf3c9c194855@large-300x200.jpg","_links":{"self":[{"href":"https:\/\/koningdrone.be\/de\/wp-json\/wp\/v2\/product\/4054","targetHints":{"allow":["GET"]}}],"collection":[{"href":"https:\/\/koningdrone.be\/de\/wp-json\/wp\/v2\/product"}],"about":[{"href":"https:\/\/koningdrone.be\/de\/wp-json\/wp\/v2\/types\/product"}],"wp:featuredmedia":[{"embeddable":true,"href":"https:\/\/koningdrone.be\/de\/wp-json\/wp\/v2\/media\/4051"}],"wp:attachment":[{"href":"https:\/\/koningdrone.be\/de\/wp-json\/wp\/v2\/media?parent=4054"}],"wp:term":[{"taxonomy":"product_brand","embeddable":true,"href":"https:\/\/koningdrone.be\/de\/wp-json\/wp\/v2\/product_brand?post=4054"},{"taxonomy":"product_cat","embeddable":true,"href":"https:\/\/koningdrone.be\/de\/wp-json\/wp\/v2\/product_cat?post=4054"},{"taxonomy":"product_tag","embeddable":true,"href":"https:\/\/koningdrone.be\/de\/wp-json\/wp\/v2\/product_tag?post=4054"}],"curies":[{"name":"wp","href":"https:\/\/api.w.org\/{rel}","templated":true}]}}