{"id":4032,"date":"2024-03-13T15:37:46","date_gmt":"2024-03-13T15:37:46","guid":{"rendered":"https:\/\/koningdrone.nl\/kon\/product\/d-ring-camera-mounting-screw-1-4-20\/"},"modified":"2025-04-29T12:02:41","modified_gmt":"2025-04-29T12:02:41","slug":"d-ring-camera-mounting-screw-1-4-20","status":"publish","type":"product","link":"https:\/\/koningdrone.be\/de\/produkt\/d-ring-camera-mounting-screw-1-4-20\/","title":{"rendered":"D-Ring Kamerabefestigungsschraube 1\/4\u2033-20"},"content":{"rendered":"<p><strong>Einfache Kameramontage<\/strong><\/p>\n<p> Die obere Schnellwechselplatte wurde sorgf\u00e4ltig entwickelt, um eine nahtlose Befestigung an der Unterseite der Kamera zu erm\u00f6glichen und die Art und Weise zu revolutionieren, wie Benutzer - vom Anf\u00e4nger bis zum erfahrenen Profi - ihre Ausr\u00fcstung einrichten. Diese innovative Funktion erm\u00f6glicht eine problemlose und zuverl\u00e4ssige Befestigung der Kamera an einem Stativ oder an verschiedenen Halterungssystemen und ist damit ein unverzichtbares Hilfsmittel zur Verbesserung der Fotografie.<\/p>\n<p><\/p>","protected":false},"excerpt":{"rendered":"<ul>\n<li>Die obere Schnellwechselplatte kann flexibel an der Unterseite der Kamera befestigt werden.<\/li>\n<\/ul>","protected":false},"featured_media":4031,"template":"","meta":{"_acf_changed":false},"product_brand":[],"product_cat":[268,315,97],"product_tag":[],"class_list":{"0":"post-4032","1":"product","2":"type-product","3":"status-publish","4":"has-post-thumbnail","6":"product_cat-alle-accessoires","7":"product_cat-alle-gimbals-en-cameras","8":"product_cat-alle-producten","9":"pa_brand-dji","10":"pa_productfamily-schroeven","11":"pa_producttype-schroeven","13":"first","14":"instock","15":"taxable","16":"shipping-taxable","17":"product-type-simple"},"acf":[],"yoast_head":"<!-- This site is optimized with the Yoast SEO Premium plugin v27.2 (Yoast SEO v27.2) - https:\/\/yoast.com\/product\/yoast-seo-premium-wordpress\/ -->\n<title>D-Ring Camera Mounting Screw 1\/4&quot;-20 - koningdrone.be<\/title>\n<meta name=\"robots\" content=\"index, follow, max-snippet:-1, max-image-preview:large, max-video-preview:-1\" \/>\n<link rel=\"canonical\" href=\"https:\/\/koningdrone.be\/de\/produkt\/d-ring-camera-mounting-screw-1-4-20\/\" \/>\n<meta property=\"og:locale\" content=\"de_DE\" \/>\n<meta property=\"og:type\" content=\"article\" \/>\n<meta property=\"og:title\" content=\"D-Ring Camera Mounting Screw 1\/4&quot;-20\" \/>\n<meta property=\"og:description\" content=\"De bovenste snelkoppelingsplaat kan flexibel aan de onderkant van de camera worden bevestigd.\" \/>\n<meta property=\"og:url\" content=\"https:\/\/koningdrone.be\/de\/produkt\/d-ring-camera-mounting-screw-1-4-20\/\" \/>\n<meta property=\"og:site_name\" content=\"koningdrone.be\" \/>\n<meta property=\"article:modified_time\" content=\"2025-04-29T12:02:41+00:00\" \/>\n<meta property=\"og:image\" content=\"https:\/\/koningdrone.be\/wp-content\/uploads\/sites\/13\/2025\/04\/cbe9f9966704032a215de1c58624c796@large.jpg\" \/>\n\t<meta property=\"og:image:width\" content=\"1200\" \/>\n\t<meta property=\"og:image:height\" content=\"800\" \/>\n\t<meta property=\"og:image:type\" content=\"image\/jpeg\" \/>\n<meta name=\"twitter:card\" content=\"summary_large_image\" \/>\n<script type=\"application\/ld+json\" class=\"yoast-schema-graph\">{\"@context\":\"https:\/\/schema.org\",\"@graph\":[{\"@type\":\"WebPage\",\"@id\":\"https:\/\/koningdrone.be\/product\/d-ring-camera-mounting-screw-1-4-20\/\",\"url\":\"https:\/\/koningdrone.be\/product\/d-ring-camera-mounting-screw-1-4-20\/\",\"name\":\"D-Ring Camera Mounting Screw 1\/4\\\"-20 - koningdrone.be\",\"isPartOf\":{\"@id\":\"https:\/\/koningdrone.be\/#website\"},\"primaryImageOfPage\":{\"@id\":\"https:\/\/koningdrone.be\/product\/d-ring-camera-mounting-screw-1-4-20\/#primaryimage\"},\"image\":{\"@id\":\"https:\/\/koningdrone.be\/product\/d-ring-camera-mounting-screw-1-4-20\/#primaryimage\"},\"thumbnailUrl\":\"https:\/\/koningdrone.be\/wp-content\/uploads\/sites\/13\/2025\/04\/cbe9f9966704032a215de1c58624c796@large.jpg\",\"datePublished\":\"2024-03-13T15:37:46+00:00\",\"dateModified\":\"2025-04-29T12:02:41+00:00\",\"breadcrumb\":{\"@id\":\"https:\/\/koningdrone.be\/product\/d-ring-camera-mounting-screw-1-4-20\/#breadcrumb\"},\"inLanguage\":\"de\",\"potentialAction\":[{\"@type\":\"ReadAction\",\"target\":[\"https:\/\/koningdrone.be\/product\/d-ring-camera-mounting-screw-1-4-20\/\"]}]},{\"@type\":\"ImageObject\",\"inLanguage\":\"de\",\"@id\":\"https:\/\/koningdrone.be\/product\/d-ring-camera-mounting-screw-1-4-20\/#primaryimage\",\"url\":\"https:\/\/koningdrone.be\/wp-content\/uploads\/sites\/13\/2025\/04\/cbe9f9966704032a215de1c58624c796@large.jpg\",\"contentUrl\":\"https:\/\/koningdrone.be\/wp-content\/uploads\/sites\/13\/2025\/04\/cbe9f9966704032a215de1c58624c796@large.jpg\",\"width\":1200,\"height\":800},{\"@type\":\"BreadcrumbList\",\"@id\":\"https:\/\/koningdrone.be\/product\/d-ring-camera-mounting-screw-1-4-20\/#breadcrumb\",\"itemListElement\":[{\"@type\":\"ListItem\",\"position\":1,\"name\":\"Home\",\"item\":\"https:\/\/koningdrone.be\/\"},{\"@type\":\"ListItem\",\"position\":2,\"name\":\"AVSS Parachute Recovery System for DJI Matrice 300\/350\",\"item\":\"https:\/\/koningdrone.be\/product\/avss-parachute-recovery-system-for-dji-matrice-300-350\/\"},{\"@type\":\"ListItem\",\"position\":3,\"name\":\"Alle accessoires\",\"item\":\"https:\/\/koningdrone.be\/categorie\/alle-accessoires\/\"},{\"@type\":\"ListItem\",\"position\":4,\"name\":\"D-Ring Camera Mounting Screw 1\/4&#8243;-20\"}]},{\"@type\":\"WebSite\",\"@id\":\"https:\/\/koningdrone.be\/#website\",\"url\":\"https:\/\/koningdrone.be\/\",\"name\":\"Koningdrone.be - Uw online specialist in drones, gimbals, camera's en power stations.\",\"description\":\"De webshop in drones en gimbals\",\"publisher\":{\"@id\":\"https:\/\/koningdrone.be\/#organization\"},\"potentialAction\":[{\"@type\":\"SearchAction\",\"target\":{\"@type\":\"EntryPoint\",\"urlTemplate\":\"https:\/\/koningdrone.be\/?s={search_term_string}\"},\"query-input\":{\"@type\":\"PropertyValueSpecification\",\"valueRequired\":true,\"valueName\":\"search_term_string\"}}],\"inLanguage\":\"de\"},{\"@type\":\"Organization\",\"@id\":\"https:\/\/koningdrone.be\/#organization\",\"name\":\"Koningdrone.be\",\"url\":\"https:\/\/koningdrone.be\/\",\"logo\":{\"@type\":\"ImageObject\",\"inLanguage\":\"de\",\"@id\":\"https:\/\/koningdrone.be\/#\/schema\/logo\/image\/\",\"url\":\"https:\/\/koningdrone.be\/wp-content\/uploads\/sites\/13\/2025\/04\/koningdrone-copyright-logo.svg\",\"contentUrl\":\"https:\/\/koningdrone.be\/wp-content\/uploads\/sites\/13\/2025\/04\/koningdrone-copyright-logo.svg\",\"width\":227,\"height\":38,\"caption\":\"Koningdrone.be\"},\"image\":{\"@id\":\"https:\/\/koningdrone.be\/#\/schema\/logo\/image\/\"}}]}<\/script>\n<!-- \/ Yoast SEO Premium plugin. -->","yoast_head_json":{"title":"D-Ring Camera Mounting Screw 1\/4\"-20 - koningdrone.be","robots":{"index":"index","follow":"follow","max-snippet":"max-snippet:-1","max-image-preview":"max-image-preview:large","max-video-preview":"max-video-preview:-1"},"canonical":"https:\/\/koningdrone.be\/de\/produkt\/d-ring-camera-mounting-screw-1-4-20\/","og_locale":"de_DE","og_type":"article","og_title":"D-Ring Camera Mounting Screw 1\/4\"-20","og_description":"De bovenste snelkoppelingsplaat kan flexibel aan de onderkant van de camera worden bevestigd.","og_url":"https:\/\/koningdrone.be\/de\/produkt\/d-ring-camera-mounting-screw-1-4-20\/","og_site_name":"koningdrone.be","article_modified_time":"2025-04-29T12:02:41+00:00","og_image":[{"width":1200,"height":800,"url":"https:\/\/koningdrone.be\/wp-content\/uploads\/sites\/13\/2025\/04\/cbe9f9966704032a215de1c58624c796@large.jpg","type":"image\/jpeg"}],"twitter_card":"summary_large_image","schema":{"@context":"https:\/\/schema.org","@graph":[{"@type":"WebPage","@id":"https:\/\/koningdrone.be\/product\/d-ring-camera-mounting-screw-1-4-20\/","url":"https:\/\/koningdrone.be\/product\/d-ring-camera-mounting-screw-1-4-20\/","name":"D-Ring Camera Mounting Screw 1\/4\"-20 - koningdrone.be","isPartOf":{"@id":"https:\/\/koningdrone.be\/#website"},"primaryImageOfPage":{"@id":"https:\/\/koningdrone.be\/product\/d-ring-camera-mounting-screw-1-4-20\/#primaryimage"},"image":{"@id":"https:\/\/koningdrone.be\/product\/d-ring-camera-mounting-screw-1-4-20\/#primaryimage"},"thumbnailUrl":"https:\/\/koningdrone.be\/wp-content\/uploads\/sites\/13\/2025\/04\/cbe9f9966704032a215de1c58624c796@large.jpg","datePublished":"2024-03-13T15:37:46+00:00","dateModified":"2025-04-29T12:02:41+00:00","breadcrumb":{"@id":"https:\/\/koningdrone.be\/product\/d-ring-camera-mounting-screw-1-4-20\/#breadcrumb"},"inLanguage":"de","potentialAction":[{"@type":"ReadAction","target":["https:\/\/koningdrone.be\/product\/d-ring-camera-mounting-screw-1-4-20\/"]}]},{"@type":"ImageObject","inLanguage":"de","@id":"https:\/\/koningdrone.be\/product\/d-ring-camera-mounting-screw-1-4-20\/#primaryimage","url":"https:\/\/koningdrone.be\/wp-content\/uploads\/sites\/13\/2025\/04\/cbe9f9966704032a215de1c58624c796@large.jpg","contentUrl":"https:\/\/koningdrone.be\/wp-content\/uploads\/sites\/13\/2025\/04\/cbe9f9966704032a215de1c58624c796@large.jpg","width":1200,"height":800},{"@type":"BreadcrumbList","@id":"https:\/\/koningdrone.be\/product\/d-ring-camera-mounting-screw-1-4-20\/#breadcrumb","itemListElement":[{"@type":"ListItem","position":1,"name":"Home","item":"https:\/\/koningdrone.be\/"},{"@type":"ListItem","position":2,"name":"AVSS Parachute Recovery System for DJI Matrice 300\/350","item":"https:\/\/koningdrone.be\/product\/avss-parachute-recovery-system-for-dji-matrice-300-350\/"},{"@type":"ListItem","position":3,"name":"Alle accessoires","item":"https:\/\/koningdrone.be\/categorie\/alle-accessoires\/"},{"@type":"ListItem","position":4,"name":"D-Ring Camera Mounting Screw 1\/4&#8243;-20"}]},{"@type":"WebSite","@id":"https:\/\/koningdrone.be\/#website","url":"https:\/\/koningdrone.be\/","name":"Koningdrone.be - Ihr Online-Spezialist f\u00fcr Drohnen, Gimbals, Kameras und Kraftwerke.","description":"Der Webshop f\u00fcr Drohnen und Gimbals","publisher":{"@id":"https:\/\/koningdrone.be\/#organization"},"potentialAction":[{"@type":"SearchAction","target":{"@type":"EntryPoint","urlTemplate":"https:\/\/koningdrone.be\/?s={search_term_string}"},"query-input":{"@type":"PropertyValueSpecification","valueRequired":true,"valueName":"search_term_string"}}],"inLanguage":"de"},{"@type":"Organization","@id":"https:\/\/koningdrone.be\/#organization","name":"Kingdrone.de","url":"https:\/\/koningdrone.be\/","logo":{"@type":"ImageObject","inLanguage":"de","@id":"https:\/\/koningdrone.be\/#\/schema\/logo\/image\/","url":"https:\/\/koningdrone.be\/wp-content\/uploads\/sites\/13\/2025\/04\/koningdrone-copyright-logo.svg","contentUrl":"https:\/\/koningdrone.be\/wp-content\/uploads\/sites\/13\/2025\/04\/koningdrone-copyright-logo.svg","width":227,"height":38,"caption":"Koningdrone.be"},"image":{"@id":"https:\/\/koningdrone.be\/#\/schema\/logo\/image\/"}}]}},"df_price":"","df_sale_price":"","df_regular_price":"","df_image_link":"https:\/\/koningdrone.be\/wp-content\/uploads\/sites\/13\/2025\/04\/cbe9f9966704032a215de1c58624c796@large-300x200.jpg","_links":{"self":[{"href":"https:\/\/koningdrone.be\/de\/wp-json\/wp\/v2\/product\/4032","targetHints":{"allow":["GET"]}}],"collection":[{"href":"https:\/\/koningdrone.be\/de\/wp-json\/wp\/v2\/product"}],"about":[{"href":"https:\/\/koningdrone.be\/de\/wp-json\/wp\/v2\/types\/product"}],"wp:featuredmedia":[{"embeddable":true,"href":"https:\/\/koningdrone.be\/de\/wp-json\/wp\/v2\/media\/4031"}],"wp:attachment":[{"href":"https:\/\/koningdrone.be\/de\/wp-json\/wp\/v2\/media?parent=4032"}],"wp:term":[{"taxonomy":"product_brand","embeddable":true,"href":"https:\/\/koningdrone.be\/de\/wp-json\/wp\/v2\/product_brand?post=4032"},{"taxonomy":"product_cat","embeddable":true,"href":"https:\/\/koningdrone.be\/de\/wp-json\/wp\/v2\/product_cat?post=4032"},{"taxonomy":"product_tag","embeddable":true,"href":"https:\/\/koningdrone.be\/de\/wp-json\/wp\/v2\/product_tag?post=4032"}],"curies":[{"name":"wp","href":"https:\/\/api.w.org\/{rel}","templated":true}]}}