{"id":3994,"date":"2024-03-13T15:39:07","date_gmt":"2024-03-13T14:39:07","guid":{"rendered":"https:\/\/koningdrone.nl\/kon\/product\/inspire-2-gimbal-protection-kit\/"},"modified":"2026-04-29T13:00:42","modified_gmt":"2026-04-29T11:00:42","slug":"inspire-2-gimbal-protection-kit","status":"publish","type":"product","link":"https:\/\/koningdrone.be\/de\/produkt\/inspire-2-gimbal-protection-kit\/","title":{"rendered":"Inspire 2 Kardanschutz-Kit"},"content":{"rendered":"<p><strong>Verbesserte Sicherheit bei Luftbildaufnahmen<\/strong><\/p>\n<p> Das Inspire 2 Gimbal Protection Kit ist ein wichtiges Zubeh\u00f6r, um die Sicherheit Ihrer Drohne bei Luftaufnahmen zu verbessern. Durch die pr\u00e4zise Befestigung der D\u00e4mpfungsplatte des Flugger\u00e4ts spielt es eine entscheidende Rolle bei der Aufrechterhaltung der Stabilit\u00e4t der Kamera Ihrer Drohne. Diese zus\u00e4tzliche Schutzschicht stellt sicher, dass Sie sich auf die Aufnahme atemberaubender Luftaufnahmen konzentrieren k\u00f6nnen, ohne sich um die Integrit\u00e4t Ihrer Ausr\u00fcstung sorgen zu m\u00fcssen.<\/p>\n<p><strong>Schutz f\u00fcr Ihre Ausr\u00fcstung<\/strong><\/p>\n<p> Durch den Einbau dieses Kits wird nicht nur der Gimbal gesch\u00fctzt, sondern auch die Kamera. Dies ist vor allem w\u00e4hrend des Fluges wichtig, wenn die Kamera durch pl\u00f6tzliche Bewegungen oder Kollisionen am meisten gef\u00e4hrdet ist. Das Gimbal Protection Kit wirkt wie ein Schutzschild, das Ersch\u00fctterungen, die Ihre Ausr\u00fcstung besch\u00e4digen k\u00f6nnen, absorbiert und abmildert und so deren Langlebigkeit und Zuverl\u00e4ssigkeit gew\u00e4hrleistet.<\/p>\n<p><strong>Unverzichtbar f\u00fcr alle Qualifikationsstufen<\/strong><\/p>\n<p> Unabh\u00e4ngig von Ihrer Erfahrung in der Drohnenfotografie ist das Inspire 2 Gimbal Protection Kit eine unverzichtbare Erg\u00e4nzung f\u00fcr Ihre Drohneneinrichtung. Es wurde entwickelt, um einen reibungsloseren und sichereren Betrieb zu erm\u00f6glichen und die Qualit\u00e4t Ihrer Luftaufnahmen zu verbessern. Dieses Kit ist ein Beweis daf\u00fcr, wie wichtig es ist, in Schutzausr\u00fcstung zu investieren, um die Qualit\u00e4t und Integrit\u00e4t Ihrer Aufnahmen und Ausr\u00fcstung zu erhalten.<\/p>\n<p><\/p>","protected":false},"excerpt":{"rendered":"<ul>\n<li>Sichert die D\u00e4mpfungsplatte des Flugzeugs<\/li>\n<li> Verbessert die Flugsicherheit im Einsatz<\/li>\n<li> Gew\u00e4hrleistet die sichere Verwendung von Gimbal und Kamera<\/li>\n<\/ul>","protected":false},"featured_media":3987,"template":"","meta":{"_acf_changed":false},"product_brand":[],"product_cat":[315,97,641,788],"product_tag":[],"class_list":{"0":"post-3994","1":"product","2":"type-product","3":"status-publish","4":"has-post-thumbnail","6":"product_cat-alle-gimbals-en-cameras","7":"product_cat-alle-producten","8":"product_cat-dji-inspire","9":"product_cat-dji-inspire-2","10":"product_shipping_class-outofstock","11":"pa_brand-dji","12":"pa_productfamily-gimbalbescherming","13":"pa_producttype-gimbalbescherming","15":"first","16":"outofstock","17":"taxable","18":"shipping-taxable","19":"product-type-simple"},"acf":[],"yoast_head":"<!-- This site is optimized with the Yoast SEO Premium plugin v27.2 (Yoast SEO v27.2) - https:\/\/yoast.com\/product\/yoast-seo-premium-wordpress\/ -->\n<title>Inspire 2 Gimbal Protection Kit - koningdrone.be<\/title>\n<meta name=\"robots\" content=\"index, follow, max-snippet:-1, max-image-preview:large, max-video-preview:-1\" \/>\n<link rel=\"canonical\" href=\"https:\/\/koningdrone.be\/de\/produkt\/inspire-2-gimbal-protection-kit\/\" \/>\n<meta property=\"og:locale\" content=\"de_DE\" \/>\n<meta property=\"og:type\" content=\"article\" \/>\n<meta property=\"og:title\" content=\"Inspire 2 Gimbal Protection Kit\" \/>\n<meta property=\"og:description\" content=\"Beveiligt de dempingsplaat van het vliegtuig Verbetert de vliegbetrouwbaarheid wanneer de camera in gebruik is Garandeert veilig gebruik van gimbal en camera\" \/>\n<meta property=\"og:url\" content=\"https:\/\/koningdrone.be\/de\/produkt\/inspire-2-gimbal-protection-kit\/\" \/>\n<meta property=\"og:site_name\" content=\"koningdrone.be\" \/>\n<meta property=\"article:modified_time\" content=\"2026-04-29T11:00:42+00:00\" \/>\n<meta property=\"og:image\" content=\"https:\/\/koningdrone.be\/wp-content\/uploads\/sites\/13\/2025\/04\/large_33fa624e-5206-493a-826e-b59d69f4c073.jpg\" \/>\n\t<meta property=\"og:image:width\" content=\"1200\" \/>\n\t<meta property=\"og:image:height\" content=\"800\" \/>\n\t<meta property=\"og:image:type\" content=\"image\/jpeg\" \/>\n<meta name=\"twitter:card\" content=\"summary_large_image\" \/>\n<meta name=\"twitter:label1\" content=\"Gesch\u00e4tzte Lesezeit\" \/>\n\t<meta name=\"twitter:data1\" content=\"1\u00a0Minute\" \/>\n<script type=\"application\/ld+json\" class=\"yoast-schema-graph\">{\"@context\":\"https:\/\/schema.org\",\"@graph\":[{\"@type\":\"WebPage\",\"@id\":\"https:\/\/koningdrone.be\/product\/inspire-2-gimbal-protection-kit\/\",\"url\":\"https:\/\/koningdrone.be\/product\/inspire-2-gimbal-protection-kit\/\",\"name\":\"Inspire 2 Gimbal Protection Kit - koningdrone.be\",\"isPartOf\":{\"@id\":\"https:\/\/koningdrone.be\/#website\"},\"primaryImageOfPage\":{\"@id\":\"https:\/\/koningdrone.be\/product\/inspire-2-gimbal-protection-kit\/#primaryimage\"},\"image\":{\"@id\":\"https:\/\/koningdrone.be\/product\/inspire-2-gimbal-protection-kit\/#primaryimage\"},\"thumbnailUrl\":\"https:\/\/koningdrone.be\/wp-content\/uploads\/sites\/13\/2025\/04\/large_33fa624e-5206-493a-826e-b59d69f4c073.jpg\",\"datePublished\":\"2024-03-13T14:39:07+00:00\",\"dateModified\":\"2026-04-29T11:00:42+00:00\",\"breadcrumb\":{\"@id\":\"https:\/\/koningdrone.be\/product\/inspire-2-gimbal-protection-kit\/#breadcrumb\"},\"inLanguage\":\"de\",\"potentialAction\":[{\"@type\":\"ReadAction\",\"target\":[\"https:\/\/koningdrone.be\/product\/inspire-2-gimbal-protection-kit\/\"]}]},{\"@type\":\"ImageObject\",\"inLanguage\":\"de\",\"@id\":\"https:\/\/koningdrone.be\/product\/inspire-2-gimbal-protection-kit\/#primaryimage\",\"url\":\"https:\/\/koningdrone.be\/wp-content\/uploads\/sites\/13\/2025\/04\/large_33fa624e-5206-493a-826e-b59d69f4c073.jpg\",\"contentUrl\":\"https:\/\/koningdrone.be\/wp-content\/uploads\/sites\/13\/2025\/04\/large_33fa624e-5206-493a-826e-b59d69f4c073.jpg\",\"width\":1200,\"height\":800},{\"@type\":\"BreadcrumbList\",\"@id\":\"https:\/\/koningdrone.be\/product\/inspire-2-gimbal-protection-kit\/#breadcrumb\",\"itemListElement\":[{\"@type\":\"ListItem\",\"position\":1,\"name\":\"Home\",\"item\":\"https:\/\/koningdrone.be\/\"},{\"@type\":\"ListItem\",\"position\":2,\"name\":\"AVSS Parachute Recovery System for DJI Matrice 300\/350\",\"item\":\"https:\/\/koningdrone.be\/product\/avss-parachute-recovery-system-for-dji-matrice-300-350\/\"},{\"@type\":\"ListItem\",\"position\":3,\"name\":\"Alle gimbals en cameras\",\"item\":\"https:\/\/koningdrone.be\/categorie\/alle-gimbals-en-cameras\/\"},{\"@type\":\"ListItem\",\"position\":4,\"name\":\"Inspire 2 Gimbal Protection Kit\"}]},{\"@type\":\"WebSite\",\"@id\":\"https:\/\/koningdrone.be\/#website\",\"url\":\"https:\/\/koningdrone.be\/\",\"name\":\"Koningdrone.be - Uw online specialist in drones, gimbals, camera's en power stations.\",\"description\":\"De webshop in drones en gimbals\",\"publisher\":{\"@id\":\"https:\/\/koningdrone.be\/#organization\"},\"potentialAction\":[{\"@type\":\"SearchAction\",\"target\":{\"@type\":\"EntryPoint\",\"urlTemplate\":\"https:\/\/koningdrone.be\/?s={search_term_string}\"},\"query-input\":{\"@type\":\"PropertyValueSpecification\",\"valueRequired\":true,\"valueName\":\"search_term_string\"}}],\"inLanguage\":\"de\"},{\"@type\":\"Organization\",\"@id\":\"https:\/\/koningdrone.be\/#organization\",\"name\":\"Koningdrone.be\",\"url\":\"https:\/\/koningdrone.be\/\",\"logo\":{\"@type\":\"ImageObject\",\"inLanguage\":\"de\",\"@id\":\"https:\/\/koningdrone.be\/#\/schema\/logo\/image\/\",\"url\":\"https:\/\/koningdrone.be\/wp-content\/uploads\/sites\/13\/2025\/04\/koningdrone-copyright-logo.svg\",\"contentUrl\":\"https:\/\/koningdrone.be\/wp-content\/uploads\/sites\/13\/2025\/04\/koningdrone-copyright-logo.svg\",\"width\":227,\"height\":38,\"caption\":\"Koningdrone.be\"},\"image\":{\"@id\":\"https:\/\/koningdrone.be\/#\/schema\/logo\/image\/\"}}]}<\/script>\n<!-- \/ Yoast SEO Premium plugin. -->","yoast_head_json":{"title":"Inspire 2 Gimbal Protection Kit - koningdrone.be","robots":{"index":"index","follow":"follow","max-snippet":"max-snippet:-1","max-image-preview":"max-image-preview:large","max-video-preview":"max-video-preview:-1"},"canonical":"https:\/\/koningdrone.be\/de\/produkt\/inspire-2-gimbal-protection-kit\/","og_locale":"de_DE","og_type":"article","og_title":"Inspire 2 Gimbal Protection Kit","og_description":"Beveiligt de dempingsplaat van het vliegtuig Verbetert de vliegbetrouwbaarheid wanneer de camera in gebruik is Garandeert veilig gebruik van gimbal en camera","og_url":"https:\/\/koningdrone.be\/de\/produkt\/inspire-2-gimbal-protection-kit\/","og_site_name":"koningdrone.be","article_modified_time":"2026-04-29T11:00:42+00:00","og_image":[{"width":1200,"height":800,"url":"https:\/\/koningdrone.be\/wp-content\/uploads\/sites\/13\/2025\/04\/large_33fa624e-5206-493a-826e-b59d69f4c073.jpg","type":"image\/jpeg"}],"twitter_card":"summary_large_image","twitter_misc":{"Gesch\u00e4tzte Lesezeit":"1\u00a0Minute"},"schema":{"@context":"https:\/\/schema.org","@graph":[{"@type":"WebPage","@id":"https:\/\/koningdrone.be\/product\/inspire-2-gimbal-protection-kit\/","url":"https:\/\/koningdrone.be\/product\/inspire-2-gimbal-protection-kit\/","name":"Inspire 2 Gimbal Protection Kit - koningdrone.be","isPartOf":{"@id":"https:\/\/koningdrone.be\/#website"},"primaryImageOfPage":{"@id":"https:\/\/koningdrone.be\/product\/inspire-2-gimbal-protection-kit\/#primaryimage"},"image":{"@id":"https:\/\/koningdrone.be\/product\/inspire-2-gimbal-protection-kit\/#primaryimage"},"thumbnailUrl":"https:\/\/koningdrone.be\/wp-content\/uploads\/sites\/13\/2025\/04\/large_33fa624e-5206-493a-826e-b59d69f4c073.jpg","datePublished":"2024-03-13T14:39:07+00:00","dateModified":"2026-04-29T11:00:42+00:00","breadcrumb":{"@id":"https:\/\/koningdrone.be\/product\/inspire-2-gimbal-protection-kit\/#breadcrumb"},"inLanguage":"de","potentialAction":[{"@type":"ReadAction","target":["https:\/\/koningdrone.be\/product\/inspire-2-gimbal-protection-kit\/"]}]},{"@type":"ImageObject","inLanguage":"de","@id":"https:\/\/koningdrone.be\/product\/inspire-2-gimbal-protection-kit\/#primaryimage","url":"https:\/\/koningdrone.be\/wp-content\/uploads\/sites\/13\/2025\/04\/large_33fa624e-5206-493a-826e-b59d69f4c073.jpg","contentUrl":"https:\/\/koningdrone.be\/wp-content\/uploads\/sites\/13\/2025\/04\/large_33fa624e-5206-493a-826e-b59d69f4c073.jpg","width":1200,"height":800},{"@type":"BreadcrumbList","@id":"https:\/\/koningdrone.be\/product\/inspire-2-gimbal-protection-kit\/#breadcrumb","itemListElement":[{"@type":"ListItem","position":1,"name":"Home","item":"https:\/\/koningdrone.be\/"},{"@type":"ListItem","position":2,"name":"AVSS Parachute Recovery System for DJI Matrice 300\/350","item":"https:\/\/koningdrone.be\/product\/avss-parachute-recovery-system-for-dji-matrice-300-350\/"},{"@type":"ListItem","position":3,"name":"Alle gimbals en cameras","item":"https:\/\/koningdrone.be\/categorie\/alle-gimbals-en-cameras\/"},{"@type":"ListItem","position":4,"name":"Inspire 2 Gimbal Protection Kit"}]},{"@type":"WebSite","@id":"https:\/\/koningdrone.be\/#website","url":"https:\/\/koningdrone.be\/","name":"Koningdrone.be - Ihr Online-Spezialist f\u00fcr Drohnen, Gimbals, Kameras und Kraftwerke.","description":"Der Webshop f\u00fcr Drohnen und Gimbals","publisher":{"@id":"https:\/\/koningdrone.be\/#organization"},"potentialAction":[{"@type":"SearchAction","target":{"@type":"EntryPoint","urlTemplate":"https:\/\/koningdrone.be\/?s={search_term_string}"},"query-input":{"@type":"PropertyValueSpecification","valueRequired":true,"valueName":"search_term_string"}}],"inLanguage":"de"},{"@type":"Organization","@id":"https:\/\/koningdrone.be\/#organization","name":"Kingdrone.de","url":"https:\/\/koningdrone.be\/","logo":{"@type":"ImageObject","inLanguage":"de","@id":"https:\/\/koningdrone.be\/#\/schema\/logo\/image\/","url":"https:\/\/koningdrone.be\/wp-content\/uploads\/sites\/13\/2025\/04\/koningdrone-copyright-logo.svg","contentUrl":"https:\/\/koningdrone.be\/wp-content\/uploads\/sites\/13\/2025\/04\/koningdrone-copyright-logo.svg","width":227,"height":38,"caption":"Koningdrone.be"},"image":{"@id":"https:\/\/koningdrone.be\/#\/schema\/logo\/image\/"}}]}},"df_price":"","df_sale_price":"","df_regular_price":"","df_image_link":"https:\/\/koningdrone.be\/wp-content\/uploads\/sites\/13\/2025\/04\/large_33fa624e-5206-493a-826e-b59d69f4c073-300x200.jpg","_links":{"self":[{"href":"https:\/\/koningdrone.be\/de\/wp-json\/wp\/v2\/product\/3994","targetHints":{"allow":["GET"]}}],"collection":[{"href":"https:\/\/koningdrone.be\/de\/wp-json\/wp\/v2\/product"}],"about":[{"href":"https:\/\/koningdrone.be\/de\/wp-json\/wp\/v2\/types\/product"}],"wp:featuredmedia":[{"embeddable":true,"href":"https:\/\/koningdrone.be\/de\/wp-json\/wp\/v2\/media\/3987"}],"wp:attachment":[{"href":"https:\/\/koningdrone.be\/de\/wp-json\/wp\/v2\/media?parent=3994"}],"wp:term":[{"taxonomy":"product_brand","embeddable":true,"href":"https:\/\/koningdrone.be\/de\/wp-json\/wp\/v2\/product_brand?post=3994"},{"taxonomy":"product_cat","embeddable":true,"href":"https:\/\/koningdrone.be\/de\/wp-json\/wp\/v2\/product_cat?post=3994"},{"taxonomy":"product_tag","embeddable":true,"href":"https:\/\/koningdrone.be\/de\/wp-json\/wp\/v2\/product_tag?post=3994"}],"curies":[{"name":"wp","href":"https:\/\/api.w.org\/{rel}","templated":true}]}}