{"id":3915,"date":"2024-03-13T15:42:58","date_gmt":"2024-03-13T15:42:58","guid":{"rendered":"https:\/\/koningdrone.nl\/kon\/product\/dji-goggles-2-motion-combo\/"},"modified":"2025-04-29T11:59:49","modified_gmt":"2025-04-29T11:59:49","slug":"dji-goggles-2-motion-combo","status":"publish","type":"product","link":"https:\/\/koningdrone.be\/de\/produkt\/dji-goggles-2-motion-combo\/","title":{"rendered":"DJI Goggles 2 Motion Combo"},"content":{"rendered":"<p><strong>Einf\u00fchrung in die DJI-Brille 2<\/strong><\/p>\n<p> Die DJI Goggles 2 sind innovativ gestaltet, um Ihre Drohnenflug- und Videoerfahrungen zu verbessern. Dank ihrer leichten und komfortablen Konstruktion ist sie f\u00fcr eine langfristige Nutzung ausgelegt, sodass Sie Ihre Aktivit\u00e4ten ohne Beschwerden genie\u00dfen k\u00f6nnen.<\/p>\n<p><strong>Hochaufl\u00f6sende Micro-OLED-Bildschirme<\/strong><\/p>\n<p> Mit zwei hochaufl\u00f6senden Bildschirmen mit Micro-OLED-Technologie bietet die DJI Goggles 2 eine Aufl\u00f6sung von 1080p f\u00fcr jedes Auge. Sie k\u00f6nnen Bilder bis zu 100 Mal pro Sekunde (100 Hz)* aktualisieren, wodurch lebendige Farben und nuancierte Schatten f\u00fcr ein lebensechtes Seherlebnis entstehen.<\/p>\n<p><strong>M\u00f6glichkeit der Einstellung der Sicht<\/strong><\/p>\n<p> Einer der Hauptvorteile der DJI Goggles 2 ist die integrierte Gesichtsanpassung, die einen Bereich von -8,0 D bis +2,0 D abdeckt. Diese Flexibilit\u00e4t stellt sicher, dass die meisten Menschen die Goggles ohne Korrektionsbrille verwenden k\u00f6nnen, was das Erlebnis nahtlos einschlie\u00dft.<\/p>\n<p><strong>Fortschrittliche O3+ Video\u00fcbertragungstechnologie<\/strong><\/p>\n<p> Die Integration der O3+ Video\u00fcbertragungstechnologie von DJI reduziert die Latenzzeit zwischen dem Kamerafeed der Drohne und dem, was Sie durch die Brille sehen, drastisch. Dieser Fortschritt verbessert nicht nur das immersive Flugerlebnis, sondern erm\u00f6glicht es den Piloten auch, die gew\u00fcnschten Aufnahmen mit Pr\u00e4zision zu machen.<\/p>\n<p><strong>Wi-Fi Drahtloses Streaming<\/strong><\/p>\n<p> Die DJI Goggles 2 unterst\u00fctzt drahtloses Wi-Fi-Streaming und erweitert damit ihren Nutzen \u00fcber das Fliegen von Drohnen hinaus. \u00dcber das DLNA-Protokoll k\u00f6nnen Benutzer eine Verbindung zu einer Vielzahl von Video-Streaming-Diensten herstellen und so auf ein breites Spektrum an Unterhaltungsinhalten zugreifen.<\/p>\n<p><strong>Immersives Audio-Erlebnis<\/strong><\/p>\n<p> Zur Erg\u00e4nzung der visuellen Exzellenz verf\u00fcgt die Brille \u00fcber einen integrierten Leistungsverst\u00e4rker und einen 3,5-mm-Audioanschluss. Hier k\u00f6nnen Kopfh\u00f6rer oder Lautsprecher angeschlossen werden, so dass der Ton perfekt mit dem Bild synchronisiert wird und ein intensives audiovisuelles Erlebnis entsteht.<\/p>\n<p><strong>Kommentar<\/strong><\/p>\n<p> *Die tats\u00e4chliche Bildwiederholfrequenz kann zwischen 100 Hz und 60 Hz schwanken und wird entsprechend der Bildfrequenz des an die Brille gesendeten Videos angepasst, um das Seherlebnis zu optimieren.<\/p>\n<p><\/p>","protected":false},"excerpt":{"rendered":"<ul>\n<li>Leichtes, tragbares Design f\u00fcr bequemes Tragen<\/li>\n<li> Mit zwei 1080p Micro-OLED-Bildschirmen<\/li>\n<li> Bildwiederholfrequenz von bis zu 100 Hz f\u00fcr fl\u00fcssige Bilder<\/li>\n<li> Verbessertes 10-Bit-Display f\u00fcr naturgetreue Farben<\/li>\n<li> Unterst\u00fctzt Dioptrieneinstellung von -8,0 D bis +2,0 D<\/li>\n<li> DJI O3+ Video\u00fcbertragung mit ultraniedriger Latenzzeit<\/li>\n<li> Erm\u00f6glicht beeindruckende Flugerlebnisse und Luftbildaufnahmen<\/li>\n<li> Drahtloses Wi-Fi-Streaming \u00fcber das DLNA-Protokoll<\/li>\n<li> Inklusive Leistungsverst\u00e4rker und 3,5-mm-Audioanschluss f\u00fcr immersiven Klang<\/li>\n<li> Die Bildwiederholfrequenz wird je nach Videobildfrequenz zwischen 100 Hz und 60 Hz eingestellt<\/li>\n<\/ul>","protected":false},"featured_media":3912,"template":"","meta":{"_acf_changed":false},"product_brand":[],"product_cat":[731,97,733],"product_tag":[],"class_list":{"0":"post-3915","1":"product","2":"type-product","3":"status-publish","4":"has-post-thumbnail","6":"product_cat-alle-goggles","7":"product_cat-alle-producten","8":"product_cat-dji-goggles","9":"pa_brand-dji","10":"pa_productfamily-goggles","11":"pa_producttype-goggles","13":"first","14":"instock","15":"taxable","16":"shipping-taxable","17":"product-type-simple"},"acf":[],"yoast_head":"<!-- This site is optimized with the Yoast SEO Premium plugin v27.2 (Yoast SEO v27.2) - https:\/\/yoast.com\/product\/yoast-seo-premium-wordpress\/ -->\n<title>DJI Goggles 2 Motion Combo - koningdrone.be<\/title>\n<meta name=\"robots\" content=\"index, follow, max-snippet:-1, max-image-preview:large, max-video-preview:-1\" \/>\n<link rel=\"canonical\" href=\"https:\/\/koningdrone.be\/de\/produkt\/dji-goggles-2-motion-combo\/\" \/>\n<meta property=\"og:locale\" content=\"de_DE\" \/>\n<meta property=\"og:type\" content=\"article\" \/>\n<meta property=\"og:title\" content=\"DJI Goggles 2 Motion Combo\" \/>\n<meta property=\"og:description\" content=\"Lichtgewicht, draagbaar ontwerp voor comfortabel dragen Beschikt over twee 1080p Micro-OLED-schermen Vernieuwingssnelheid tot 100 Hz voor vloeiende beelden Verbeterde 10-bits weergave biedt levensechte kleuren Ondersteunt dioptrie-aanpassing van -8,0 D tot +2,0 D DJI O3+ videotransmissie met ultralage latentie Maakt meeslepende vlieg- en luchtfotografie-ervaringen mogelijk Draadloze Wi-Fi-streaming via DLNA-protocol Inclusief eindversterker en 3,5 mm audiopoort voor meeslepende audio De vernieuwingsfrequentie past zich aan tussen 100 Hz en 60 Hz op basis van de videoframesnelheid\" \/>\n<meta property=\"og:url\" content=\"https:\/\/koningdrone.be\/de\/produkt\/dji-goggles-2-motion-combo\/\" \/>\n<meta property=\"og:site_name\" content=\"koningdrone.be\" \/>\n<meta property=\"article:modified_time\" content=\"2025-04-29T11:59:49+00:00\" \/>\n<meta property=\"og:image\" content=\"https:\/\/koningdrone.be\/wp-content\/uploads\/sites\/13\/2025\/04\/13d1aed9561a1a416b35af701b2bdb84@large.jpg\" \/>\n\t<meta property=\"og:image:width\" content=\"1200\" \/>\n\t<meta property=\"og:image:height\" content=\"800\" \/>\n\t<meta property=\"og:image:type\" content=\"image\/jpeg\" \/>\n<meta name=\"twitter:card\" content=\"summary_large_image\" \/>\n<meta name=\"twitter:label1\" content=\"Gesch\u00e4tzte Lesezeit\" \/>\n\t<meta name=\"twitter:data1\" content=\"2\u00a0Minuten\" \/>\n<script type=\"application\/ld+json\" class=\"yoast-schema-graph\">{\"@context\":\"https:\/\/schema.org\",\"@graph\":[{\"@type\":\"WebPage\",\"@id\":\"https:\/\/koningdrone.be\/en\/product\/dji-goggles-2-motion-combo\/\",\"url\":\"https:\/\/koningdrone.be\/en\/product\/dji-goggles-2-motion-combo\/\",\"name\":\"DJI Goggles 2 Motion Combo - koningdrone.be\",\"isPartOf\":{\"@id\":\"https:\/\/koningdrone.be\/#website\"},\"primaryImageOfPage\":{\"@id\":\"https:\/\/koningdrone.be\/en\/product\/dji-goggles-2-motion-combo\/#primaryimage\"},\"image\":{\"@id\":\"https:\/\/koningdrone.be\/en\/product\/dji-goggles-2-motion-combo\/#primaryimage\"},\"thumbnailUrl\":\"https:\/\/koningdrone.be\/wp-content\/uploads\/sites\/13\/2025\/04\/13d1aed9561a1a416b35af701b2bdb84@large.jpg\",\"datePublished\":\"2024-03-13T15:42:58+00:00\",\"dateModified\":\"2025-04-29T11:59:49+00:00\",\"breadcrumb\":{\"@id\":\"https:\/\/koningdrone.be\/en\/product\/dji-goggles-2-motion-combo\/#breadcrumb\"},\"inLanguage\":\"de\",\"potentialAction\":[{\"@type\":\"ReadAction\",\"target\":[\"https:\/\/koningdrone.be\/en\/product\/dji-goggles-2-motion-combo\/\"]}]},{\"@type\":\"ImageObject\",\"inLanguage\":\"de\",\"@id\":\"https:\/\/koningdrone.be\/en\/product\/dji-goggles-2-motion-combo\/#primaryimage\",\"url\":\"https:\/\/koningdrone.be\/wp-content\/uploads\/sites\/13\/2025\/04\/13d1aed9561a1a416b35af701b2bdb84@large.jpg\",\"contentUrl\":\"https:\/\/koningdrone.be\/wp-content\/uploads\/sites\/13\/2025\/04\/13d1aed9561a1a416b35af701b2bdb84@large.jpg\",\"width\":1200,\"height\":800},{\"@type\":\"BreadcrumbList\",\"@id\":\"https:\/\/koningdrone.be\/en\/product\/dji-goggles-2-motion-combo\/#breadcrumb\",\"itemListElement\":[{\"@type\":\"ListItem\",\"position\":1,\"name\":\"Home\",\"item\":\"https:\/\/koningdrone.be\/\"},{\"@type\":\"ListItem\",\"position\":2,\"name\":\"AVSS Parachute Recovery System for DJI Matrice 300\/350\",\"item\":\"https:\/\/koningdrone.be\/product\/avss-parachute-recovery-system-for-dji-matrice-300-350\/\"},{\"@type\":\"ListItem\",\"position\":3,\"name\":\"Alle goggles\",\"item\":\"https:\/\/koningdrone.be\/categorie\/alle-goggles\/\"},{\"@type\":\"ListItem\",\"position\":4,\"name\":\"DJI Goggles 2 Motion Combo\"}]},{\"@type\":\"WebSite\",\"@id\":\"https:\/\/koningdrone.be\/#website\",\"url\":\"https:\/\/koningdrone.be\/\",\"name\":\"Koningdrone.be - Uw online specialist in drones, gimbals, camera's en power stations.\",\"description\":\"De webshop in drones en gimbals\",\"publisher\":{\"@id\":\"https:\/\/koningdrone.be\/#organization\"},\"potentialAction\":[{\"@type\":\"SearchAction\",\"target\":{\"@type\":\"EntryPoint\",\"urlTemplate\":\"https:\/\/koningdrone.be\/?s={search_term_string}\"},\"query-input\":{\"@type\":\"PropertyValueSpecification\",\"valueRequired\":true,\"valueName\":\"search_term_string\"}}],\"inLanguage\":\"de\"},{\"@type\":\"Organization\",\"@id\":\"https:\/\/koningdrone.be\/#organization\",\"name\":\"Koningdrone.be\",\"url\":\"https:\/\/koningdrone.be\/\",\"logo\":{\"@type\":\"ImageObject\",\"inLanguage\":\"de\",\"@id\":\"https:\/\/koningdrone.be\/#\/schema\/logo\/image\/\",\"url\":\"https:\/\/koningdrone.be\/wp-content\/uploads\/sites\/13\/2025\/04\/koningdrone-copyright-logo.svg\",\"contentUrl\":\"https:\/\/koningdrone.be\/wp-content\/uploads\/sites\/13\/2025\/04\/koningdrone-copyright-logo.svg\",\"width\":227,\"height\":38,\"caption\":\"Koningdrone.be\"},\"image\":{\"@id\":\"https:\/\/koningdrone.be\/#\/schema\/logo\/image\/\"}}]}<\/script>\n<!-- \/ Yoast SEO Premium plugin. -->","yoast_head_json":{"title":"DJI Goggles 2 Motion Combo - koningdrone.be","robots":{"index":"index","follow":"follow","max-snippet":"max-snippet:-1","max-image-preview":"max-image-preview:large","max-video-preview":"max-video-preview:-1"},"canonical":"https:\/\/koningdrone.be\/de\/produkt\/dji-goggles-2-motion-combo\/","og_locale":"de_DE","og_type":"article","og_title":"DJI Goggles 2 Motion Combo","og_description":"Lichtgewicht, draagbaar ontwerp voor comfortabel dragen Beschikt over twee 1080p Micro-OLED-schermen Vernieuwingssnelheid tot 100 Hz voor vloeiende beelden Verbeterde 10-bits weergave biedt levensechte kleuren Ondersteunt dioptrie-aanpassing van -8,0 D tot +2,0 D DJI O3+ videotransmissie met ultralage latentie Maakt meeslepende vlieg- en luchtfotografie-ervaringen mogelijk Draadloze Wi-Fi-streaming via DLNA-protocol Inclusief eindversterker en 3,5 mm audiopoort voor meeslepende audio De vernieuwingsfrequentie past zich aan tussen 100 Hz en 60 Hz op basis van de videoframesnelheid","og_url":"https:\/\/koningdrone.be\/de\/produkt\/dji-goggles-2-motion-combo\/","og_site_name":"koningdrone.be","article_modified_time":"2025-04-29T11:59:49+00:00","og_image":[{"width":1200,"height":800,"url":"https:\/\/koningdrone.be\/wp-content\/uploads\/sites\/13\/2025\/04\/13d1aed9561a1a416b35af701b2bdb84@large.jpg","type":"image\/jpeg"}],"twitter_card":"summary_large_image","twitter_misc":{"Gesch\u00e4tzte Lesezeit":"2\u00a0Minuten"},"schema":{"@context":"https:\/\/schema.org","@graph":[{"@type":"WebPage","@id":"https:\/\/koningdrone.be\/en\/product\/dji-goggles-2-motion-combo\/","url":"https:\/\/koningdrone.be\/en\/product\/dji-goggles-2-motion-combo\/","name":"DJI Goggles 2 Motion Combo - koningdrone.be","isPartOf":{"@id":"https:\/\/koningdrone.be\/#website"},"primaryImageOfPage":{"@id":"https:\/\/koningdrone.be\/en\/product\/dji-goggles-2-motion-combo\/#primaryimage"},"image":{"@id":"https:\/\/koningdrone.be\/en\/product\/dji-goggles-2-motion-combo\/#primaryimage"},"thumbnailUrl":"https:\/\/koningdrone.be\/wp-content\/uploads\/sites\/13\/2025\/04\/13d1aed9561a1a416b35af701b2bdb84@large.jpg","datePublished":"2024-03-13T15:42:58+00:00","dateModified":"2025-04-29T11:59:49+00:00","breadcrumb":{"@id":"https:\/\/koningdrone.be\/en\/product\/dji-goggles-2-motion-combo\/#breadcrumb"},"inLanguage":"de","potentialAction":[{"@type":"ReadAction","target":["https:\/\/koningdrone.be\/en\/product\/dji-goggles-2-motion-combo\/"]}]},{"@type":"ImageObject","inLanguage":"de","@id":"https:\/\/koningdrone.be\/en\/product\/dji-goggles-2-motion-combo\/#primaryimage","url":"https:\/\/koningdrone.be\/wp-content\/uploads\/sites\/13\/2025\/04\/13d1aed9561a1a416b35af701b2bdb84@large.jpg","contentUrl":"https:\/\/koningdrone.be\/wp-content\/uploads\/sites\/13\/2025\/04\/13d1aed9561a1a416b35af701b2bdb84@large.jpg","width":1200,"height":800},{"@type":"BreadcrumbList","@id":"https:\/\/koningdrone.be\/en\/product\/dji-goggles-2-motion-combo\/#breadcrumb","itemListElement":[{"@type":"ListItem","position":1,"name":"Home","item":"https:\/\/koningdrone.be\/"},{"@type":"ListItem","position":2,"name":"AVSS Parachute Recovery System for DJI Matrice 300\/350","item":"https:\/\/koningdrone.be\/product\/avss-parachute-recovery-system-for-dji-matrice-300-350\/"},{"@type":"ListItem","position":3,"name":"Alle goggles","item":"https:\/\/koningdrone.be\/categorie\/alle-goggles\/"},{"@type":"ListItem","position":4,"name":"DJI Goggles 2 Motion Combo"}]},{"@type":"WebSite","@id":"https:\/\/koningdrone.be\/#website","url":"https:\/\/koningdrone.be\/","name":"Koningdrone.be - Ihr Online-Spezialist f\u00fcr Drohnen, Gimbals, Kameras und Kraftwerke.","description":"Der Webshop f\u00fcr Drohnen und Gimbals","publisher":{"@id":"https:\/\/koningdrone.be\/#organization"},"potentialAction":[{"@type":"SearchAction","target":{"@type":"EntryPoint","urlTemplate":"https:\/\/koningdrone.be\/?s={search_term_string}"},"query-input":{"@type":"PropertyValueSpecification","valueRequired":true,"valueName":"search_term_string"}}],"inLanguage":"de"},{"@type":"Organization","@id":"https:\/\/koningdrone.be\/#organization","name":"Kingdrone.de","url":"https:\/\/koningdrone.be\/","logo":{"@type":"ImageObject","inLanguage":"de","@id":"https:\/\/koningdrone.be\/#\/schema\/logo\/image\/","url":"https:\/\/koningdrone.be\/wp-content\/uploads\/sites\/13\/2025\/04\/koningdrone-copyright-logo.svg","contentUrl":"https:\/\/koningdrone.be\/wp-content\/uploads\/sites\/13\/2025\/04\/koningdrone-copyright-logo.svg","width":227,"height":38,"caption":"Koningdrone.be"},"image":{"@id":"https:\/\/koningdrone.be\/#\/schema\/logo\/image\/"}}]}},"df_price":"","df_sale_price":"","df_regular_price":"","df_image_link":"https:\/\/koningdrone.be\/wp-content\/uploads\/sites\/13\/2025\/04\/13d1aed9561a1a416b35af701b2bdb84@large-300x200.jpg","_links":{"self":[{"href":"https:\/\/koningdrone.be\/de\/wp-json\/wp\/v2\/product\/3915","targetHints":{"allow":["GET"]}}],"collection":[{"href":"https:\/\/koningdrone.be\/de\/wp-json\/wp\/v2\/product"}],"about":[{"href":"https:\/\/koningdrone.be\/de\/wp-json\/wp\/v2\/types\/product"}],"wp:featuredmedia":[{"embeddable":true,"href":"https:\/\/koningdrone.be\/de\/wp-json\/wp\/v2\/media\/3912"}],"wp:attachment":[{"href":"https:\/\/koningdrone.be\/de\/wp-json\/wp\/v2\/media?parent=3915"}],"wp:term":[{"taxonomy":"product_brand","embeddable":true,"href":"https:\/\/koningdrone.be\/de\/wp-json\/wp\/v2\/product_brand?post=3915"},{"taxonomy":"product_cat","embeddable":true,"href":"https:\/\/koningdrone.be\/de\/wp-json\/wp\/v2\/product_cat?post=3915"},{"taxonomy":"product_tag","embeddable":true,"href":"https:\/\/koningdrone.be\/de\/wp-json\/wp\/v2\/product_tag?post=3915"}],"curies":[{"name":"wp","href":"https:\/\/api.w.org\/{rel}","templated":true}]}}