{"id":3890,"date":"2024-03-14T11:24:20","date_gmt":"2024-03-14T10:24:20","guid":{"rendered":"https:\/\/koningdrone.nl\/kon\/product\/osmo-pocket-extension-rod\/"},"modified":"2026-04-29T15:30:37","modified_gmt":"2026-04-29T13:30:37","slug":"osmo-pocket-extension-rod","status":"publish","type":"product","link":"https:\/\/koningdrone.be\/de\/produkt\/osmo-pocket-extension-rod\/","title":{"rendered":"Osmo Taschenverl\u00e4ngerungsstange"},"content":{"rendered":"<p> Die Osmo Taschenverl\u00e4ngerungsstange ist ein vielseitiges Zubeh\u00f6r, das Ihre Aufnahmem\u00f6glichkeiten erweitert. Mit der F\u00e4higkeit, bis zu 500 mm auszufahren, erm\u00f6glicht dieses Zubeh\u00f6rteil Aufnahmen aus verschiedenen Winkeln und macht Ihre Videos dynamischer und interessanter.<\/p>\n<p><strong>Optionen f\u00fcr die Fernbedienung<\/strong><\/p>\n<p> Wer seine Kamera \u00fcber die Verl\u00e4ngerungsstange fernsteuern m\u00f6chte, kann sein Smartphone an der mitgelieferten Telefonhalterung befestigen. Um die Fernsteuerung zu erm\u00f6glichen, m\u00fcssen Sie ein Funkmodul oder einen Do-it-All-Griff (f\u00fcr den DJI Pocket 2) separat erwerben. Mit diesen Tools k\u00f6nnen Sie Ihren Osmo Pocket oder DJI Pocket 2 steuern, ohne die Kamera physisch ber\u00fchren zu m\u00fcssen, was Ihnen noch mehr Flexibilit\u00e4t beim Fotografieren bietet.<\/p>\n<p><strong>Halterungen<\/strong><\/p>\n<p> Dar\u00fcber hinaus ist die Verl\u00e4ngerungsstange mit verschiedenen Montagehalterungen ausgestattet. Diese sind so konzipiert, dass sie Ihre Filmm\u00f6glichkeiten erweitern, indem sie es Ihnen erm\u00f6glichen, die Kamera in verschiedenen Positionen zu montieren oder zus\u00e4tzliche Ausr\u00fcstung zu integrieren.<\/p>\n<p><strong>Kontrollfunktionen<\/strong><\/p>\n<p> Der Griff der Stange ist mit einem Steuerkn\u00fcppel und sechs Tasten ausgestattet. Mit diesen Funktionen k\u00f6nnen Sie den Gimbal pr\u00e4zise steuern, Objekte reibungslos verfolgen, zwischen Gimbal-Modi wechseln und die Kamera bei Bedarf schnell neu zentrieren. Im Wesentlichen sind diese Bedienelemente dazu gedacht, Ihre Aufnahmeerfahrung zu verbessern, indem sie es einfacher machen, professionell aussehende Aufnahmen zu machen.<\/p>\n<p><strong>Stativhalterung<\/strong><\/p>\n<p> An der Unterseite der Verl\u00e4ngerungsstange befindet sich eine standardm\u00e4\u00dfige 1\/4-Zoll-Stativhalterung. Damit k\u00f6nnen Sie die Stange mit einem Stativ oder anderem Zubeh\u00f6r verbinden, was f\u00fcr noch mehr Stabilit\u00e4t und Aufnahmem\u00f6glichkeiten sorgt.<\/p>\n<p><strong>Schlussfolgerung<\/strong><\/p>\n<p> Zusammenfassend l\u00e4sst sich sagen, dass der Osmo Taschenverl\u00e4ngerungsstab ein Werkzeug ist, das Ihre Filmaufnahmen auf die n\u00e4chste Stufe hebt. Egal, ob Sie ein Anf\u00e4nger oder ein Experte sind, dieses Zubeh\u00f6r bietet mehr Flexibilit\u00e4t, Kontrolle und kreative M\u00f6glichkeiten f\u00fcr Ihre Videoprojekte.<\/p>\n<p><\/p>","protected":false},"excerpt":{"rendered":"<ul>\n<li>Maximale L\u00e4nge von 500 mm f\u00fcr vielseitige Aufnahmewinkel.<\/li>\n<li> Kompatibel mit drahtlosem Modul f\u00fcr die Fernsteuerung.<\/li>\n<li> Kann mit dem Do-it-All Griff f\u00fcr DJI Pocket 2 Steuerungen verwendet werden.<\/li>\n<li> Enth\u00e4lt mehrere Halterungen f\u00fcr verschiedene Aufnahmeoptionen.<\/li>\n<li> Steuerkn\u00fcppel und sechs Tasten f\u00fcr pr\u00e4zise Kardansteuerung.<\/li>\n<li> Unterst\u00fctzt die Objektverfolgung und den Wechsel des Kardanmodus.<\/li>\n<li> Verf\u00fcgt \u00fcber eine standardm\u00e4\u00dfige 1\/4-Zoll-Stativhalterung f\u00fcr zus\u00e4tzliches Zubeh\u00f6r.<\/li>\n<\/ul>","protected":false},"featured_media":3884,"template":"","meta":{"_acf_changed":false},"product_brand":[],"product_cat":[268,410,97,297,778],"product_tag":[],"class_list":{"0":"post-3890","1":"product","2":"type-product","3":"status-publish","4":"has-post-thumbnail","6":"product_cat-alle-accessoires","7":"product_cat-alle-handheld-gimbals","8":"product_cat-alle-producten","9":"product_cat-dji-osmo","10":"product_cat-dji-osmo-pocket","11":"product_shipping_class-outofstock","12":"pa_brand-dji","13":"pa_productfamily-expansion-set","14":"pa_producttype-expansion-set","15":"pa_series-osmo-pocket","17":"first","18":"outofstock","19":"taxable","20":"shipping-taxable","21":"purchasable","22":"product-type-simple"},"acf":[],"yoast_head":"<!-- This site is optimized with the Yoast SEO Premium plugin v27.2 (Yoast SEO v27.2) - https:\/\/yoast.com\/product\/yoast-seo-premium-wordpress\/ -->\n<title>Osmo Pocket Extension Rod - koningdrone.be<\/title>\n<meta name=\"robots\" content=\"index, follow, max-snippet:-1, max-image-preview:large, max-video-preview:-1\" \/>\n<link rel=\"canonical\" href=\"https:\/\/koningdrone.be\/de\/produkt\/osmo-pocket-extension-rod\/\" \/>\n<meta property=\"og:locale\" content=\"de_DE\" \/>\n<meta property=\"og:type\" content=\"article\" \/>\n<meta property=\"og:title\" content=\"Osmo Pocket Extension Rod\" \/>\n<meta property=\"og:description\" content=\"Maximale lengte van 500 mm voor veelzijdige opnamehoeken. Compatibel met draadloze module voor afstandsbediening. Kan worden gebruikt met de Do-it-All-handgreep voor DJI Pocket 2-besturing. Inclusief meerdere montagebeugels voor gevarieerde opnamemogelijkheden. Bedieningsstick en zes knoppen voor nauwkeurige gimbalbediening. Ondersteunt objecttracking en wijzigingen in de gimbalmodus. Beschikt over een standaard 1\/4-inch statiefbevestiging voor extra accessoires.\" \/>\n<meta property=\"og:url\" content=\"https:\/\/koningdrone.be\/de\/produkt\/osmo-pocket-extension-rod\/\" \/>\n<meta property=\"og:site_name\" content=\"koningdrone.be\" \/>\n<meta property=\"article:modified_time\" content=\"2026-04-29T13:30:37+00:00\" \/>\n<meta property=\"og:image\" content=\"https:\/\/koningdrone.be\/wp-content\/uploads\/sites\/13\/2025\/04\/ab2e5adc164a0b06c277f17318b42763@ultra.png\" \/>\n\t<meta property=\"og:image:width\" content=\"1280\" \/>\n\t<meta property=\"og:image:height\" content=\"1280\" \/>\n\t<meta property=\"og:image:type\" content=\"image\/png\" \/>\n<meta name=\"twitter:card\" content=\"summary_large_image\" \/>\n<meta name=\"twitter:label1\" content=\"Gesch\u00e4tzte Lesezeit\" \/>\n\t<meta name=\"twitter:data1\" content=\"1\u00a0Minute\" \/>\n<script type=\"application\/ld+json\" class=\"yoast-schema-graph\">{\"@context\":\"https:\/\/schema.org\",\"@graph\":[{\"@type\":\"WebPage\",\"@id\":\"https:\/\/koningdrone.be\/product\/osmo-pocket-extension-rod\/\",\"url\":\"https:\/\/koningdrone.be\/product\/osmo-pocket-extension-rod\/\",\"name\":\"Osmo Pocket Extension Rod - koningdrone.be\",\"isPartOf\":{\"@id\":\"https:\/\/koningdrone.be\/#website\"},\"primaryImageOfPage\":{\"@id\":\"https:\/\/koningdrone.be\/product\/osmo-pocket-extension-rod\/#primaryimage\"},\"image\":{\"@id\":\"https:\/\/koningdrone.be\/product\/osmo-pocket-extension-rod\/#primaryimage\"},\"thumbnailUrl\":\"https:\/\/koningdrone.be\/wp-content\/uploads\/sites\/13\/2025\/04\/ab2e5adc164a0b06c277f17318b42763@ultra.png\",\"datePublished\":\"2024-03-14T10:24:20+00:00\",\"dateModified\":\"2026-04-29T13:30:37+00:00\",\"breadcrumb\":{\"@id\":\"https:\/\/koningdrone.be\/product\/osmo-pocket-extension-rod\/#breadcrumb\"},\"inLanguage\":\"de\",\"potentialAction\":[{\"@type\":\"ReadAction\",\"target\":[\"https:\/\/koningdrone.be\/product\/osmo-pocket-extension-rod\/\"]}]},{\"@type\":\"ImageObject\",\"inLanguage\":\"de\",\"@id\":\"https:\/\/koningdrone.be\/product\/osmo-pocket-extension-rod\/#primaryimage\",\"url\":\"https:\/\/koningdrone.be\/wp-content\/uploads\/sites\/13\/2025\/04\/ab2e5adc164a0b06c277f17318b42763@ultra.png\",\"contentUrl\":\"https:\/\/koningdrone.be\/wp-content\/uploads\/sites\/13\/2025\/04\/ab2e5adc164a0b06c277f17318b42763@ultra.png\",\"width\":1280,\"height\":1280},{\"@type\":\"BreadcrumbList\",\"@id\":\"https:\/\/koningdrone.be\/product\/osmo-pocket-extension-rod\/#breadcrumb\",\"itemListElement\":[{\"@type\":\"ListItem\",\"position\":1,\"name\":\"Home\",\"item\":\"https:\/\/koningdrone.be\/\"},{\"@type\":\"ListItem\",\"position\":2,\"name\":\"AVSS Parachute Recovery System for DJI Matrice 300\/350\",\"item\":\"https:\/\/koningdrone.be\/product\/avss-parachute-recovery-system-for-dji-matrice-300-350\/\"},{\"@type\":\"ListItem\",\"position\":3,\"name\":\"Alle accessoires\",\"item\":\"https:\/\/koningdrone.be\/categorie\/alle-accessoires\/\"},{\"@type\":\"ListItem\",\"position\":4,\"name\":\"Osmo Pocket Extension Rod\"}]},{\"@type\":\"WebSite\",\"@id\":\"https:\/\/koningdrone.be\/#website\",\"url\":\"https:\/\/koningdrone.be\/\",\"name\":\"Koningdrone.be - Uw online specialist in drones, gimbals, camera's en power stations.\",\"description\":\"De webshop in drones en gimbals\",\"publisher\":{\"@id\":\"https:\/\/koningdrone.be\/#organization\"},\"potentialAction\":[{\"@type\":\"SearchAction\",\"target\":{\"@type\":\"EntryPoint\",\"urlTemplate\":\"https:\/\/koningdrone.be\/?s={search_term_string}\"},\"query-input\":{\"@type\":\"PropertyValueSpecification\",\"valueRequired\":true,\"valueName\":\"search_term_string\"}}],\"inLanguage\":\"de\"},{\"@type\":\"Organization\",\"@id\":\"https:\/\/koningdrone.be\/#organization\",\"name\":\"Koningdrone.be\",\"url\":\"https:\/\/koningdrone.be\/\",\"logo\":{\"@type\":\"ImageObject\",\"inLanguage\":\"de\",\"@id\":\"https:\/\/koningdrone.be\/#\/schema\/logo\/image\/\",\"url\":\"https:\/\/koningdrone.be\/wp-content\/uploads\/sites\/13\/2025\/04\/koningdrone-copyright-logo.svg\",\"contentUrl\":\"https:\/\/koningdrone.be\/wp-content\/uploads\/sites\/13\/2025\/04\/koningdrone-copyright-logo.svg\",\"width\":227,\"height\":38,\"caption\":\"Koningdrone.be\"},\"image\":{\"@id\":\"https:\/\/koningdrone.be\/#\/schema\/logo\/image\/\"}}]}<\/script>\n<!-- \/ Yoast SEO Premium plugin. -->","yoast_head_json":{"title":"Osmo Pocket Extension Rod - koningdrone.be","robots":{"index":"index","follow":"follow","max-snippet":"max-snippet:-1","max-image-preview":"max-image-preview:large","max-video-preview":"max-video-preview:-1"},"canonical":"https:\/\/koningdrone.be\/de\/produkt\/osmo-pocket-extension-rod\/","og_locale":"de_DE","og_type":"article","og_title":"Osmo Pocket Extension Rod","og_description":"Maximale lengte van 500 mm voor veelzijdige opnamehoeken. Compatibel met draadloze module voor afstandsbediening. Kan worden gebruikt met de Do-it-All-handgreep voor DJI Pocket 2-besturing. Inclusief meerdere montagebeugels voor gevarieerde opnamemogelijkheden. Bedieningsstick en zes knoppen voor nauwkeurige gimbalbediening. Ondersteunt objecttracking en wijzigingen in de gimbalmodus. Beschikt over een standaard 1\/4-inch statiefbevestiging voor extra accessoires.","og_url":"https:\/\/koningdrone.be\/de\/produkt\/osmo-pocket-extension-rod\/","og_site_name":"koningdrone.be","article_modified_time":"2026-04-29T13:30:37+00:00","og_image":[{"width":1280,"height":1280,"url":"https:\/\/koningdrone.be\/wp-content\/uploads\/sites\/13\/2025\/04\/ab2e5adc164a0b06c277f17318b42763@ultra.png","type":"image\/png"}],"twitter_card":"summary_large_image","twitter_misc":{"Gesch\u00e4tzte Lesezeit":"1\u00a0Minute"},"schema":{"@context":"https:\/\/schema.org","@graph":[{"@type":"WebPage","@id":"https:\/\/koningdrone.be\/product\/osmo-pocket-extension-rod\/","url":"https:\/\/koningdrone.be\/product\/osmo-pocket-extension-rod\/","name":"Osmo Pocket Extension Rod - koningdrone.be","isPartOf":{"@id":"https:\/\/koningdrone.be\/#website"},"primaryImageOfPage":{"@id":"https:\/\/koningdrone.be\/product\/osmo-pocket-extension-rod\/#primaryimage"},"image":{"@id":"https:\/\/koningdrone.be\/product\/osmo-pocket-extension-rod\/#primaryimage"},"thumbnailUrl":"https:\/\/koningdrone.be\/wp-content\/uploads\/sites\/13\/2025\/04\/ab2e5adc164a0b06c277f17318b42763@ultra.png","datePublished":"2024-03-14T10:24:20+00:00","dateModified":"2026-04-29T13:30:37+00:00","breadcrumb":{"@id":"https:\/\/koningdrone.be\/product\/osmo-pocket-extension-rod\/#breadcrumb"},"inLanguage":"de","potentialAction":[{"@type":"ReadAction","target":["https:\/\/koningdrone.be\/product\/osmo-pocket-extension-rod\/"]}]},{"@type":"ImageObject","inLanguage":"de","@id":"https:\/\/koningdrone.be\/product\/osmo-pocket-extension-rod\/#primaryimage","url":"https:\/\/koningdrone.be\/wp-content\/uploads\/sites\/13\/2025\/04\/ab2e5adc164a0b06c277f17318b42763@ultra.png","contentUrl":"https:\/\/koningdrone.be\/wp-content\/uploads\/sites\/13\/2025\/04\/ab2e5adc164a0b06c277f17318b42763@ultra.png","width":1280,"height":1280},{"@type":"BreadcrumbList","@id":"https:\/\/koningdrone.be\/product\/osmo-pocket-extension-rod\/#breadcrumb","itemListElement":[{"@type":"ListItem","position":1,"name":"Home","item":"https:\/\/koningdrone.be\/"},{"@type":"ListItem","position":2,"name":"AVSS Parachute Recovery System for DJI Matrice 300\/350","item":"https:\/\/koningdrone.be\/product\/avss-parachute-recovery-system-for-dji-matrice-300-350\/"},{"@type":"ListItem","position":3,"name":"Alle accessoires","item":"https:\/\/koningdrone.be\/categorie\/alle-accessoires\/"},{"@type":"ListItem","position":4,"name":"Osmo Pocket Extension Rod"}]},{"@type":"WebSite","@id":"https:\/\/koningdrone.be\/#website","url":"https:\/\/koningdrone.be\/","name":"Koningdrone.be - Ihr Online-Spezialist f\u00fcr Drohnen, Gimbals, Kameras und Kraftwerke.","description":"Der Webshop f\u00fcr Drohnen und Gimbals","publisher":{"@id":"https:\/\/koningdrone.be\/#organization"},"potentialAction":[{"@type":"SearchAction","target":{"@type":"EntryPoint","urlTemplate":"https:\/\/koningdrone.be\/?s={search_term_string}"},"query-input":{"@type":"PropertyValueSpecification","valueRequired":true,"valueName":"search_term_string"}}],"inLanguage":"de"},{"@type":"Organization","@id":"https:\/\/koningdrone.be\/#organization","name":"Kingdrone.de","url":"https:\/\/koningdrone.be\/","logo":{"@type":"ImageObject","inLanguage":"de","@id":"https:\/\/koningdrone.be\/#\/schema\/logo\/image\/","url":"https:\/\/koningdrone.be\/wp-content\/uploads\/sites\/13\/2025\/04\/koningdrone-copyright-logo.svg","contentUrl":"https:\/\/koningdrone.be\/wp-content\/uploads\/sites\/13\/2025\/04\/koningdrone-copyright-logo.svg","width":227,"height":38,"caption":"Koningdrone.be"},"image":{"@id":"https:\/\/koningdrone.be\/#\/schema\/logo\/image\/"}}]}},"df_price":75,"df_sale_price":"","df_regular_price":75,"df_image_link":"https:\/\/koningdrone.be\/wp-content\/uploads\/sites\/13\/2025\/04\/ab2e5adc164a0b06c277f17318b42763@ultra-300x300.png","_links":{"self":[{"href":"https:\/\/koningdrone.be\/de\/wp-json\/wp\/v2\/product\/3890","targetHints":{"allow":["GET"]}}],"collection":[{"href":"https:\/\/koningdrone.be\/de\/wp-json\/wp\/v2\/product"}],"about":[{"href":"https:\/\/koningdrone.be\/de\/wp-json\/wp\/v2\/types\/product"}],"wp:featuredmedia":[{"embeddable":true,"href":"https:\/\/koningdrone.be\/de\/wp-json\/wp\/v2\/media\/3884"}],"wp:attachment":[{"href":"https:\/\/koningdrone.be\/de\/wp-json\/wp\/v2\/media?parent=3890"}],"wp:term":[{"taxonomy":"product_brand","embeddable":true,"href":"https:\/\/koningdrone.be\/de\/wp-json\/wp\/v2\/product_brand?post=3890"},{"taxonomy":"product_cat","embeddable":true,"href":"https:\/\/koningdrone.be\/de\/wp-json\/wp\/v2\/product_cat?post=3890"},{"taxonomy":"product_tag","embeddable":true,"href":"https:\/\/koningdrone.be\/de\/wp-json\/wp\/v2\/product_tag?post=3890"}],"curies":[{"name":"wp","href":"https:\/\/api.w.org\/{rel}","templated":true}]}}