{"id":3869,"date":"2024-03-14T11:26:00","date_gmt":"2024-03-14T10:26:00","guid":{"rendered":"https:\/\/koningdrone.nl\/kon\/product\/osmo-action-road-cycling-accessory-kit\/"},"modified":"2026-04-29T15:50:49","modified_gmt":"2026-04-29T13:50:49","slug":"osmo-action-road-cycling-accessory-kit","status":"publish","type":"product","link":"https:\/\/koningdrone.be\/de\/produkt\/osmo-action-road-cycling-accessory-kit\/","title":{"rendered":"Osmo Action Rennrad-Zubeh\u00f6rset"},"content":{"rendered":"<p><strong>Umfassende Befestigungsl\u00f6sung f\u00fcr Radfahrer<\/strong><\/p>\n<p> Dieses Produktpaket bietet eine vielseitige und umfassende L\u00f6sung, um Ihre Kamera beim Radfahren in verschiedenen Positionen zu befestigen. Halten Sie jeden Winkel Ihres Abenteuers fest, sei es die Stra\u00dfe vor Ihnen, die Landschaft oder Ihre Begleiter, die hinter Ihnen herfahren. Dieses Paket wurde sowohl f\u00fcr Anf\u00e4nger als auch f\u00fcr Experten in der Action-Videografie entwickelt und stellt sicher, dass Sie nichts von Ihrer Reise verpassen.<\/p>\n<p><strong>Hauptbestandteile des Pakets<\/strong><\/p>\n<p> Das Paket enth\u00e4lt eine Halterung f\u00fcr die Sitzschiene des Fahrrads zum Filmen hinter dem Rad, eine Mini-Lenkerhalterung f\u00fcr die Aufnahme der Fahrt, eine 360\u00b0-Handschlaufe f\u00fcr einfache Vlogging- und dynamische Aufnahmen, eine Quick-Release-Adapterhalterung mit Feststellschraube f\u00fcr schnelle und sichere Positionswechsel der Kamera sowie einen Inbusschl\u00fcssel zum Festziehen und Einstellen. Jede Komponente wurde entwickelt, um Ihr Filmerlebnis zu verbessern und gleichzeitig Stabilit\u00e4t und Flexibilit\u00e4t w\u00e4hrend Ihrer Fahrten zu gew\u00e4hrleisten.<\/p>\n<p><strong>M\u00fchelose Kamerapositionierung und Sicherheit<\/strong><\/p>\n<p> Ein Highlight dieses Pakets ist die Quick-Release-Adapterhalterung, mit der sich die Kamera besonders einfach zwischen verschiedenen Befestigungspunkten wechseln l\u00e4sst, ohne die Sicherheit zu beeintr\u00e4chtigen. Egal, ob Sie die Fahrt mit der Lenkerhalterung oder die Kameradschaft mit der Sitzschienenhalterung festhalten m\u00f6chten, diese Funktion erm\u00f6glicht schnelle und sichere Anpassungen. Der mitgelieferte Inbusschl\u00fcssel sorgt zudem daf\u00fcr, dass alle Komponenten w\u00e4hrend der Fahrt sicher an ihrem Platz bleiben.<\/p>\n<p><strong>Ideal f\u00fcr alle Radfahrbegeisterten<\/strong><\/p>\n<p> Ganz gleich, ob Sie ein Anf\u00e4nger sind, der seine Radsportabenteuer dokumentieren m\u00f6chte, oder ein Experte in Sachen Action-Videografie - dieses Schnittkit ist auf Ihre Bed\u00fcrfnisse zugeschnitten. Seine Vielseitigkeit und Benutzerfreundlichkeit machen es zu einer idealen Wahl, um jeden Aspekt Ihres Radsport-Erlebnisses festzuhalten und qualitativ hochwertiges Filmmaterial von Ihren Abenteuern zu gew\u00e4hrleisten. Verbessern Sie Ihre Videografie mit dieser umfassenden Montagel\u00f6sung.<\/p>\n<p><\/p>","protected":false},"excerpt":{"rendered":"<ul>\n<li>Inklusive Montage auf Schiene f\u00fcr Fahrradsattel<\/li>\n<li> Inklusive Mini-Lenkerhalterung<\/li>\n<li> Inklusive 360\u00b0 Handgelenkband<\/li>\n<li> Inklusive Schnellwechsel-Adapterhalterung<\/li>\n<li> Inklusive Sicherungsschraube und Inbusschl\u00fcssel<\/li>\n<li> M\u00fchelose \u00c4nderung der Kameraposition<\/li>\n<li> Erfasst den Blick nach vorn mit Mini-Lenkerhalterung<\/li>\n<li> Erfasst Begleitpersonen, die mit der Fahrradsitzschienenhalterung hinterherfahren<\/li>\n<li> Einfaches Vlogging mit 360\u00b0-Armband<\/li>\n<\/ul>","protected":false},"featured_media":3867,"template":"","meta":{"_acf_changed":false},"product_brand":[],"product_cat":[756,410,97,297,757],"product_tag":[],"class_list":{"0":"post-3869","1":"product","2":"type-product","3":"status-publish","4":"has-post-thumbnail","6":"product_cat-accessoires","7":"product_cat-alle-handheld-gimbals","8":"product_cat-alle-producten","9":"product_cat-dji-osmo","10":"product_cat-dji-osmo-action","11":"product_shipping_class-outofstock","12":"pa_brand-dji","13":"pa_productfamily-action-cam-accessoires","14":"pa_producttype-action-cam-accessoires","15":"pa_series-osmo-action","17":"first","18":"outofstock","19":"taxable","20":"shipping-taxable","21":"purchasable","22":"product-type-simple"},"acf":[],"yoast_head":"<!-- This site is optimized with the Yoast SEO Premium plugin v27.2 (Yoast SEO v27.2) - https:\/\/yoast.com\/product\/yoast-seo-premium-wordpress\/ -->\n<title>Osmo Action Road Cycling Accessory Kit - koningdrone.be<\/title>\n<meta name=\"robots\" content=\"index, follow, max-snippet:-1, max-image-preview:large, max-video-preview:-1\" \/>\n<link rel=\"canonical\" href=\"https:\/\/koningdrone.be\/de\/produkt\/osmo-action-road-cycling-accessory-kit\/\" \/>\n<meta property=\"og:locale\" content=\"de_DE\" \/>\n<meta property=\"og:type\" content=\"article\" \/>\n<meta property=\"og:title\" content=\"Osmo Action Road Cycling Accessory Kit\" \/>\n<meta property=\"og:description\" content=\"Inclusief montage op rail voor fietszadel Inclusief mini-stuurhouder Inclusief 360\u00b0 polsband Inclusief Quick-Release-adapterhouder Inclusief borgschroef en inbussleutel Moeiteloos wisselen van camerapositie Legt zicht vooruit vast met de mini-stuurhouder Legt de achterop rijdende metgezellen vast met de Bike Seat Rail Mount Gemakkelijk vloggen met 360\u00b0 polsband\" \/>\n<meta property=\"og:url\" content=\"https:\/\/koningdrone.be\/de\/produkt\/osmo-action-road-cycling-accessory-kit\/\" \/>\n<meta property=\"og:site_name\" content=\"koningdrone.be\" \/>\n<meta property=\"article:modified_time\" content=\"2026-04-29T13:50:49+00:00\" \/>\n<meta property=\"og:image\" content=\"https:\/\/koningdrone.be\/wp-content\/uploads\/sites\/13\/2025\/04\/93c3fc463c88fe2909c2981edca52b17@large.jpg\" \/>\n\t<meta property=\"og:image:width\" content=\"1200\" \/>\n\t<meta property=\"og:image:height\" content=\"800\" \/>\n\t<meta property=\"og:image:type\" content=\"image\/jpeg\" \/>\n<meta name=\"twitter:card\" content=\"summary_large_image\" \/>\n<meta name=\"twitter:label1\" content=\"Gesch\u00e4tzte Lesezeit\" \/>\n\t<meta name=\"twitter:data1\" content=\"1\u00a0Minute\" \/>\n<script type=\"application\/ld+json\" class=\"yoast-schema-graph\">{\"@context\":\"https:\/\/schema.org\",\"@graph\":[{\"@type\":\"WebPage\",\"@id\":\"https:\/\/koningdrone.be\/product\/osmo-action-road-cycling-accessory-kit\/\",\"url\":\"https:\/\/koningdrone.be\/product\/osmo-action-road-cycling-accessory-kit\/\",\"name\":\"Osmo Action Road Cycling Accessory Kit - koningdrone.be\",\"isPartOf\":{\"@id\":\"https:\/\/koningdrone.be\/#website\"},\"primaryImageOfPage\":{\"@id\":\"https:\/\/koningdrone.be\/product\/osmo-action-road-cycling-accessory-kit\/#primaryimage\"},\"image\":{\"@id\":\"https:\/\/koningdrone.be\/product\/osmo-action-road-cycling-accessory-kit\/#primaryimage\"},\"thumbnailUrl\":\"https:\/\/koningdrone.be\/wp-content\/uploads\/sites\/13\/2025\/04\/93c3fc463c88fe2909c2981edca52b17@large.jpg\",\"datePublished\":\"2024-03-14T10:26:00+00:00\",\"dateModified\":\"2026-04-29T13:50:49+00:00\",\"breadcrumb\":{\"@id\":\"https:\/\/koningdrone.be\/product\/osmo-action-road-cycling-accessory-kit\/#breadcrumb\"},\"inLanguage\":\"de\",\"potentialAction\":[{\"@type\":\"ReadAction\",\"target\":[\"https:\/\/koningdrone.be\/product\/osmo-action-road-cycling-accessory-kit\/\"]}]},{\"@type\":\"ImageObject\",\"inLanguage\":\"de\",\"@id\":\"https:\/\/koningdrone.be\/product\/osmo-action-road-cycling-accessory-kit\/#primaryimage\",\"url\":\"https:\/\/koningdrone.be\/wp-content\/uploads\/sites\/13\/2025\/04\/93c3fc463c88fe2909c2981edca52b17@large.jpg\",\"contentUrl\":\"https:\/\/koningdrone.be\/wp-content\/uploads\/sites\/13\/2025\/04\/93c3fc463c88fe2909c2981edca52b17@large.jpg\",\"width\":1200,\"height\":800},{\"@type\":\"BreadcrumbList\",\"@id\":\"https:\/\/koningdrone.be\/product\/osmo-action-road-cycling-accessory-kit\/#breadcrumb\",\"itemListElement\":[{\"@type\":\"ListItem\",\"position\":1,\"name\":\"Home\",\"item\":\"https:\/\/koningdrone.be\/\"},{\"@type\":\"ListItem\",\"position\":2,\"name\":\"AVSS Parachute Recovery System for DJI Matrice 300\/350\",\"item\":\"https:\/\/koningdrone.be\/product\/avss-parachute-recovery-system-for-dji-matrice-300-350\/\"},{\"@type\":\"ListItem\",\"position\":3,\"name\":\"Accessoires\",\"item\":\"https:\/\/koningdrone.be\/categorie\/accessoires\/\"},{\"@type\":\"ListItem\",\"position\":4,\"name\":\"Osmo Action Road Cycling Accessory Kit\"}]},{\"@type\":\"WebSite\",\"@id\":\"https:\/\/koningdrone.be\/#website\",\"url\":\"https:\/\/koningdrone.be\/\",\"name\":\"Koningdrone.be - Uw online specialist in drones, gimbals, camera's en power stations.\",\"description\":\"De webshop in drones en gimbals\",\"publisher\":{\"@id\":\"https:\/\/koningdrone.be\/#organization\"},\"potentialAction\":[{\"@type\":\"SearchAction\",\"target\":{\"@type\":\"EntryPoint\",\"urlTemplate\":\"https:\/\/koningdrone.be\/?s={search_term_string}\"},\"query-input\":{\"@type\":\"PropertyValueSpecification\",\"valueRequired\":true,\"valueName\":\"search_term_string\"}}],\"inLanguage\":\"de\"},{\"@type\":\"Organization\",\"@id\":\"https:\/\/koningdrone.be\/#organization\",\"name\":\"Koningdrone.be\",\"url\":\"https:\/\/koningdrone.be\/\",\"logo\":{\"@type\":\"ImageObject\",\"inLanguage\":\"de\",\"@id\":\"https:\/\/koningdrone.be\/#\/schema\/logo\/image\/\",\"url\":\"https:\/\/koningdrone.be\/wp-content\/uploads\/sites\/13\/2025\/04\/koningdrone-copyright-logo.svg\",\"contentUrl\":\"https:\/\/koningdrone.be\/wp-content\/uploads\/sites\/13\/2025\/04\/koningdrone-copyright-logo.svg\",\"width\":227,\"height\":38,\"caption\":\"Koningdrone.be\"},\"image\":{\"@id\":\"https:\/\/koningdrone.be\/#\/schema\/logo\/image\/\"}}]}<\/script>\n<!-- \/ Yoast SEO Premium plugin. -->","yoast_head_json":{"title":"Osmo Action Road Cycling Accessory Kit - koningdrone.be","robots":{"index":"index","follow":"follow","max-snippet":"max-snippet:-1","max-image-preview":"max-image-preview:large","max-video-preview":"max-video-preview:-1"},"canonical":"https:\/\/koningdrone.be\/de\/produkt\/osmo-action-road-cycling-accessory-kit\/","og_locale":"de_DE","og_type":"article","og_title":"Osmo Action Road Cycling Accessory Kit","og_description":"Inclusief montage op rail voor fietszadel Inclusief mini-stuurhouder Inclusief 360\u00b0 polsband Inclusief Quick-Release-adapterhouder Inclusief borgschroef en inbussleutel Moeiteloos wisselen van camerapositie Legt zicht vooruit vast met de mini-stuurhouder Legt de achterop rijdende metgezellen vast met de Bike Seat Rail Mount Gemakkelijk vloggen met 360\u00b0 polsband","og_url":"https:\/\/koningdrone.be\/de\/produkt\/osmo-action-road-cycling-accessory-kit\/","og_site_name":"koningdrone.be","article_modified_time":"2026-04-29T13:50:49+00:00","og_image":[{"width":1200,"height":800,"url":"https:\/\/koningdrone.be\/wp-content\/uploads\/sites\/13\/2025\/04\/93c3fc463c88fe2909c2981edca52b17@large.jpg","type":"image\/jpeg"}],"twitter_card":"summary_large_image","twitter_misc":{"Gesch\u00e4tzte Lesezeit":"1\u00a0Minute"},"schema":{"@context":"https:\/\/schema.org","@graph":[{"@type":"WebPage","@id":"https:\/\/koningdrone.be\/product\/osmo-action-road-cycling-accessory-kit\/","url":"https:\/\/koningdrone.be\/product\/osmo-action-road-cycling-accessory-kit\/","name":"Osmo Action Road Cycling Accessory Kit - koningdrone.be","isPartOf":{"@id":"https:\/\/koningdrone.be\/#website"},"primaryImageOfPage":{"@id":"https:\/\/koningdrone.be\/product\/osmo-action-road-cycling-accessory-kit\/#primaryimage"},"image":{"@id":"https:\/\/koningdrone.be\/product\/osmo-action-road-cycling-accessory-kit\/#primaryimage"},"thumbnailUrl":"https:\/\/koningdrone.be\/wp-content\/uploads\/sites\/13\/2025\/04\/93c3fc463c88fe2909c2981edca52b17@large.jpg","datePublished":"2024-03-14T10:26:00+00:00","dateModified":"2026-04-29T13:50:49+00:00","breadcrumb":{"@id":"https:\/\/koningdrone.be\/product\/osmo-action-road-cycling-accessory-kit\/#breadcrumb"},"inLanguage":"de","potentialAction":[{"@type":"ReadAction","target":["https:\/\/koningdrone.be\/product\/osmo-action-road-cycling-accessory-kit\/"]}]},{"@type":"ImageObject","inLanguage":"de","@id":"https:\/\/koningdrone.be\/product\/osmo-action-road-cycling-accessory-kit\/#primaryimage","url":"https:\/\/koningdrone.be\/wp-content\/uploads\/sites\/13\/2025\/04\/93c3fc463c88fe2909c2981edca52b17@large.jpg","contentUrl":"https:\/\/koningdrone.be\/wp-content\/uploads\/sites\/13\/2025\/04\/93c3fc463c88fe2909c2981edca52b17@large.jpg","width":1200,"height":800},{"@type":"BreadcrumbList","@id":"https:\/\/koningdrone.be\/product\/osmo-action-road-cycling-accessory-kit\/#breadcrumb","itemListElement":[{"@type":"ListItem","position":1,"name":"Home","item":"https:\/\/koningdrone.be\/"},{"@type":"ListItem","position":2,"name":"AVSS Parachute Recovery System for DJI Matrice 300\/350","item":"https:\/\/koningdrone.be\/product\/avss-parachute-recovery-system-for-dji-matrice-300-350\/"},{"@type":"ListItem","position":3,"name":"Accessoires","item":"https:\/\/koningdrone.be\/categorie\/accessoires\/"},{"@type":"ListItem","position":4,"name":"Osmo Action Road Cycling Accessory Kit"}]},{"@type":"WebSite","@id":"https:\/\/koningdrone.be\/#website","url":"https:\/\/koningdrone.be\/","name":"Koningdrone.be - Ihr Online-Spezialist f\u00fcr Drohnen, Gimbals, Kameras und Kraftwerke.","description":"Der Webshop f\u00fcr Drohnen und Gimbals","publisher":{"@id":"https:\/\/koningdrone.be\/#organization"},"potentialAction":[{"@type":"SearchAction","target":{"@type":"EntryPoint","urlTemplate":"https:\/\/koningdrone.be\/?s={search_term_string}"},"query-input":{"@type":"PropertyValueSpecification","valueRequired":true,"valueName":"search_term_string"}}],"inLanguage":"de"},{"@type":"Organization","@id":"https:\/\/koningdrone.be\/#organization","name":"Kingdrone.de","url":"https:\/\/koningdrone.be\/","logo":{"@type":"ImageObject","inLanguage":"de","@id":"https:\/\/koningdrone.be\/#\/schema\/logo\/image\/","url":"https:\/\/koningdrone.be\/wp-content\/uploads\/sites\/13\/2025\/04\/koningdrone-copyright-logo.svg","contentUrl":"https:\/\/koningdrone.be\/wp-content\/uploads\/sites\/13\/2025\/04\/koningdrone-copyright-logo.svg","width":227,"height":38,"caption":"Koningdrone.be"},"image":{"@id":"https:\/\/koningdrone.be\/#\/schema\/logo\/image\/"}}]}},"df_price":79,"df_sale_price":"","df_regular_price":79,"df_image_link":"https:\/\/koningdrone.be\/wp-content\/uploads\/sites\/13\/2025\/04\/93c3fc463c88fe2909c2981edca52b17@large-300x200.jpg","_links":{"self":[{"href":"https:\/\/koningdrone.be\/de\/wp-json\/wp\/v2\/product\/3869","targetHints":{"allow":["GET"]}}],"collection":[{"href":"https:\/\/koningdrone.be\/de\/wp-json\/wp\/v2\/product"}],"about":[{"href":"https:\/\/koningdrone.be\/de\/wp-json\/wp\/v2\/types\/product"}],"wp:featuredmedia":[{"embeddable":true,"href":"https:\/\/koningdrone.be\/de\/wp-json\/wp\/v2\/media\/3867"}],"wp:attachment":[{"href":"https:\/\/koningdrone.be\/de\/wp-json\/wp\/v2\/media?parent=3869"}],"wp:term":[{"taxonomy":"product_brand","embeddable":true,"href":"https:\/\/koningdrone.be\/de\/wp-json\/wp\/v2\/product_brand?post=3869"},{"taxonomy":"product_cat","embeddable":true,"href":"https:\/\/koningdrone.be\/de\/wp-json\/wp\/v2\/product_cat?post=3869"},{"taxonomy":"product_tag","embeddable":true,"href":"https:\/\/koningdrone.be\/de\/wp-json\/wp\/v2\/product_tag?post=3869"}],"curies":[{"name":"wp","href":"https:\/\/api.w.org\/{rel}","templated":true}]}}